{"id":2053,"date":"2024-10-25T09:52:02","date_gmt":"2024-10-25T09:52:02","guid":{"rendered":"https:\/\/calfrenzy.com\/?page_id=2053"},"modified":"2025-11-14T13:08:24","modified_gmt":"2025-11-14T13:08:24","slug":"ueber","status":"publish","type":"page","link":"https:\/\/calfrenzy.com\/de\/ueber\/","title":{"rendered":"\u00dcber"},"content":{"rendered":"\n<div class=\"wp-block-cf-about-banner wrapper_about_banner\"><div class=\"about_banner\">\n<div class=\"about_banner__content\">\n<h1 class=\"wp-block-heading\" id=\"h-about-calfrenzy\">\u00dcber <mark style=\"background-color:rgba(0, 0, 0, 0)\" class=\"has-inline-color has-base-green-right-color\">Calfrenzy<\/mark><\/h1>\n\n\n\n<p>Calfrenzy ist das Online-Terminplanungstool, das Ihnen alles bietet, was Sie brauchen \u2013 ohne den Premium-Preis. Egal, ob Sie alleine planen oder ein Team managen, wir machen die Terminplanung einfach, effizient und erschwinglich. <\/p>\n\n\n\n<p><strong>Mit Calfrenzy<\/strong> m\u00fcssen Sie sich nicht mehr zwischen leistungsstarken Funktionen und einem fairen Preis entscheiden \u2013 Sie bekommen beides.<\/p>\n<\/div>\n\n\n\n<div class=\"about_banner__image\">\n<figure class=\"wp-block-image size-large\"><img decoding=\"async\" src=\"https:\/\/calfrenzy.com\/wp-content\/uploads\/2025\/04\/about_banner_german-1024x719.png\" alt=\"&#xDC;ber Calfrenzy\" class=\"wp-image-1711\"\/><\/figure>\n<\/div>\n<\/div><\/div>\n\n<div class=\"wp-block-cf-about-block wrapper_about_block\"><div class=\"about_block left\">\n<div class=\"about_block__content\">\n<p>Entwickelt von einem Team mit \u00fcber <strong>25 Jahren<\/strong> Erfahrung in der Softwareentwicklung, ist Calfrenzy das Ergebnis unserer Leidenschaft, Tools zu schaffen, die das Leben der Menschen einfacher machen.<\/p>\n\n\n\n<p>Wir haben zahlreiche erfolgreiche Produkte auf den Markt gebracht und wissen, wie man L\u00f6sungen entwickelt, die<strong> intuitiv, zuverl\u00e4ssig<\/strong> und mit Blick auf den Benutzer <strong>konzipiert<\/strong> sind.<\/p>\n<\/div>\n\n\n\n<div class=\"about_block__image\">\n<figure class=\"wp-block-image size-full\"><img decoding=\"async\" width=\"1268\" height=\"844\" src=\"https:\/\/calfrenzy.com\/wp-content\/uploads\/2024\/11\/about_block.png\" alt=\"&#xDC;ber Calfrenzy\" class=\"wp-image-1712\" srcset=\"https:\/\/calfrenzy.com\/wp-content\/uploads\/2024\/11\/about_block.png 1268w, https:\/\/calfrenzy.com\/wp-content\/uploads\/2024\/11\/about_block-300x200.png 300w, https:\/\/calfrenzy.com\/wp-content\/uploads\/2024\/11\/about_block-1024x682.png 1024w, https:\/\/calfrenzy.com\/wp-content\/uploads\/2024\/11\/about_block-768x511.png 768w\" sizes=\"(max-width: 1268px) 100vw, 1268px\" \/><\/figure>\n<\/div>\n<\/div><\/div>\n\n<div class=\"wp-block-cf-why-different wrapper_why_different\"><div class=\"why_different\">\n<h2 class=\"wp-block-heading has-text-align-center\" id=\"h-what-makes-calfrenzy-different\">Was Macht Calfrenzy Anders?<\/h2>\n\n\n\n<div class=\"why_different__list\">\n<div class=\"why_different__list-item\">\n<figure class=\"wp-block-image size-full\"><img decoding=\"async\" width=\"180\" height=\"180\" src=\"https:\/\/calfrenzy.com\/wp-content\/uploads\/2025\/02\/Fair-Pricing.png\" alt=\"Faires Preismodell\" class=\"wp-image-5654\" srcset=\"https:\/\/calfrenzy.com\/wp-content\/uploads\/2025\/02\/Fair-Pricing.png 180w, https:\/\/calfrenzy.com\/wp-content\/uploads\/2025\/02\/Fair-Pricing-150x150.png 150w\" sizes=\"(max-width: 180px) 100vw, 180px\" \/><\/figure>\n\n\n\n<h3 class=\"wp-block-heading\" id=\"h-fair-pricing\">Faires Preismodell<\/h3>\n\n\n\n<p>Bei Calfrenzy legen wir Wert darauf, <strong>herausragenden Mehrwert<\/strong> zu bieten. Sie erhalten Zugang zu einem vollst\u00e4ndigen Set an Premium-Terminplanungstools zu einem<strong> fairen und transparenten Preis<\/strong>, damit Sie sich auf Ihre Meetings konzentrieren k\u00f6nnen \u2013 und nicht auf Ihr Budget.<\/p>\n<\/div>\n\n\n\n<div class=\"why_different__list-item\">\n<figure class=\"wp-block-image size-full\"><img decoding=\"async\" width=\"180\" height=\"180\" src=\"https:\/\/calfrenzy.com\/wp-content\/uploads\/2025\/02\/Intuitive-User-Interface.png\" alt=\"Intuitive Benutzeroberfl&#xE4;che\" class=\"wp-image-5655\" srcset=\"https:\/\/calfrenzy.com\/wp-content\/uploads\/2025\/02\/Intuitive-User-Interface.png 180w, https:\/\/calfrenzy.com\/wp-content\/uploads\/2025\/02\/Intuitive-User-Interface-150x150.png 150w\" sizes=\"(max-width: 180px) 100vw, 180px\" \/><\/figure>\n\n\n\n<h3 class=\"wp-block-heading\" id=\"h-intuitive-user-interface\">Intuitive Benutzeroberfl\u00e4che<\/h3>\n\n\n\n<p>Terminplanung sollte einfach sein, nicht kompliziert. Das Design von Calfrenzy ist klar, \u00fcbersichtlich und auf Effizienz ausgelegt, damit Sie sich auf Ihre Meetings konzentrieren k\u00f6nnen \u2013 und nicht auf die Technik dahinter. <\/p>\n<\/div>\n\n\n\n<div class=\"why_different__list-item\">\n<figure class=\"wp-block-image size-full\"><img decoding=\"async\" width=\"180\" height=\"180\" src=\"https:\/\/calfrenzy.com\/wp-content\/uploads\/2025\/02\/Premium-Features.png\" alt=\"Premium-Funktionen\" class=\"wp-image-5656\" srcset=\"https:\/\/calfrenzy.com\/wp-content\/uploads\/2025\/02\/Premium-Features.png 180w, https:\/\/calfrenzy.com\/wp-content\/uploads\/2025\/02\/Premium-Features-150x150.png 150w\" sizes=\"(max-width: 180px) 100vw, 180px\" \/><\/figure>\n\n\n\n<h3 class=\"wp-block-heading\" id=\"h-premium-features\">Premium-Funktionen<\/h3>\n\n\n\n<p>Calfrenzy bietet eine vollst\u00e4ndige Palette an <strong>fortschrittlichen Terminplanungsfunktionen<\/strong>, von der <strong>Gruppenplanung<\/strong> und <strong>Integration mehrerer Kalender<\/strong> bis hin zu individuellen Erinnerungen und mehr. Alles, was Sie f\u00fcr effizientes Arbeiten ben\u00f6tigen, ist direkt integriert. <\/p>\n<\/div>\n<\/div>\n<\/div><\/div>\n\n<div class=\"wp-block-cf-features-block wrapper_features_block\"><div class=\"features_block right\">\n<div class=\"features_block__content\">\n<h2 class=\"wp-block-heading\" id=\"h-our-mission\">Unsere Mission<\/h2>\n\n\n\n<p>Calfrenzy wurde mit einer klaren Mission entwickelt: <strong>Premium-Terminplanungstools<\/strong> mit <strong>fairem und transparenten Preisen<\/strong> anzubieten. Wir sind \u00fcberzeugt, dass jeder Profi und jedes Team eine<strong> leistungsstarke Terminl\u00f6sung<\/strong> verdient, die sowohl <strong>erschwinglich<\/strong> als auch <strong>intuitiv<\/strong> ist. <\/p>\n\n\n\n<p>Unser Ziel ist es, die Terminplanung <strong>einfacher, effizienter<\/strong> und f\u00fcr alle <strong>zug\u00e4nglich<\/strong> zu machen.<\/p>\n<\/div>\n\n\n\n<div class=\"features_block__image\">\n<figure class=\"wp-block-image size-full\"><img decoding=\"async\" src=\"https:\/\/calfrenzy.com\/wp-content\/uploads\/2025\/04\/Our-Mission-German.png\" alt=\"Unsere Mission\" class=\"wp-image-1716\"\/><\/figure>\n<\/div>\n<\/div><\/div>\n\n<div class=\"wp-block-cf-features-block wrapper_features_block\"><div class=\"features_block left\">\n<div class=\"features_block__content\">\n<h2 class=\"wp-block-heading\" id=\"h-superhuman-customer-service\">\u00dcbermenschlicher Kundenservice<\/h2>\n\n\n\n<p>Wir bieten nicht nur gro\u00dfartigen Kundenservice \u2013 wir bieten <strong>\u00fcbermenschlichen<\/strong> Support. Egal, ob Sie Ihr erstes Meeting einrichten oder Teampl\u00e4ne verwalten, unser Team ist immer bereit, Ihnen zu helfen. <\/p>\n\n\n\n<p>Wir bei Calfrenzy sind stolz darauf, immer <strong>proaktiv, schnell<\/strong> und <strong>freundlich<\/strong> zu handeln, damit Sie sich auf Ihren Tag konzentrieren k\u00f6nnen und wissen, dass wir Ihnen den R\u00fccken freihalten.<\/p>\n<\/div>\n\n\n\n<div class=\"features_block__image\">\n<figure class=\"wp-block-image size-full\"><img decoding=\"async\" src=\"https:\/\/calfrenzy.com\/wp-content\/uploads\/2025\/04\/Superhuman-Customer-Service-German.png\" alt=\"&#xDC;bermenschlicher Kundenservice\" class=\"wp-image-1160\"\/><\/figure>\n<\/div>\n<\/div><\/div>\n\n<div class=\"wp-block-cf-faq wrapper_faq use_bg\" style=\"background-color:#f0f4ff\" itemscope itemtype=\"https:\/\/schema.org\/FAQPage\"><div class=\"faq\">\n<h2 class=\"wp-block-heading has-text-align-center\" id=\"h-frequently-asked-questions\">H\u00e4ufige Fragen<\/h2>\n\n\n\n<div class=\"wp-block-cf-faq-item faq_item\" itemscope itemprop=\"mainEntity\" itemtype=\"https:\/\/schema.org\/Question\">\n<div class=\"wp-block-cf-faq-item-question faq_item__title\" onclick=\"$(this).siblings('.faq_item__content').slideToggle().parent().toggleClass('open')\"><div itemprop=\"name\">\n<h3 class=\"wp-block-heading\" id=\"h-what-is-calfrenzy-scheduling-tool\">Was ist das Terminplanungstool Calfrenzy?<\/h3>\n<\/div><\/div>\n\n\n\n<div class=\"wp-block-cf-faq-item-answer faq_item__content\" itemscope itemprop=\"acceptedAnswer\" itemtype=\"https:\/\/schema.org\/Answer\"><div itemprop=\"text\">\n<p>Calfrenzy ist eine Online-Plattform f\u00fcr Terminplanung, die Freiberatern, Beratern und Teams hilft, Buchungen, Kundengespr\u00e4che und Freigaben zu vereinfachen. Sie k\u00f6nnen Verf\u00fcgbarkeiten teilen, gebrandete Buchungsseiten erstellen, automatische Erinnerungen versenden und sogar Zahlungen annehmen \u2013 ganz ohne endloses Hin- und Herschreiben per E-Mail. <\/p>\n<\/div><\/div>\n<\/div>\n\n\n\n<div class=\"wp-block-cf-faq-item faq_item\" itemscope itemprop=\"mainEntity\" itemtype=\"https:\/\/schema.org\/Question\">\n<div class=\"wp-block-cf-faq-item-question faq_item__title\" onclick=\"$(this).siblings('.faq_item__content').slideToggle().parent().toggleClass('open')\"><div itemprop=\"name\">\n<h3 class=\"wp-block-heading\" id=\"h-do-i-need-to-enter-a-credit-card-to-try-calfrenzy\">Muss ich eine Kreditkarte angeben, um Calfrenzy auszuprobieren?<\/h3>\n<\/div><\/div>\n\n\n\n<div class=\"wp-block-cf-faq-item-answer faq_item__content\" itemscope itemprop=\"acceptedAnswer\" itemtype=\"https:\/\/schema.org\/Answer\"><div itemprop=\"text\">\n<p>Nein \u2013 Sie k\u00f6nnen Calfrenzy kostenlos ausprobieren, ganz ohne Kreditkarte. Ein Upgrade ist nur erforderlich, wenn Sie Premium-Funktionen ben\u00f6tigen. <\/p>\n<\/div><\/div>\n<\/div>\n\n\n\n<div class=\"wp-block-cf-faq-item faq_item\" itemscope itemprop=\"mainEntity\" itemtype=\"https:\/\/schema.org\/Question\">\n<div class=\"wp-block-cf-faq-item-question faq_item__title\" onclick=\"$(this).siblings('.faq_item__content').slideToggle().parent().toggleClass('open')\"><div itemprop=\"name\">\n<h3 class=\"wp-block-heading\" id=\"h-how-does-calfrenzy-handle-scheduling-across-different-time-zones\">Wie geht Calfrenzy mit Terminplanung \u00fcber verschiedene Zeitzonen hinweg um?<\/h3>\n<\/div><\/div>\n\n\n\n<div class=\"wp-block-cf-faq-item-answer faq_item__content\" itemscope itemprop=\"acceptedAnswer\" itemtype=\"https:\/\/schema.org\/Answer\"><div itemprop=\"text\">\n<p>Calfrenzy erkennt automatisch die Zeitzone Ihres Eingeladenen, passt die verf\u00fcgbaren Zeiten entsprechend an und zeigt sie auf Ihrer Buchungsseite an. So werden Meetings korrekt geplant \u2013 ohne manuelles Hin und Her. <\/p>\n<\/div><\/div>\n<\/div>\n\n\n\n<div class=\"wp-block-cf-faq-item faq_item\" itemscope itemprop=\"mainEntity\" itemtype=\"https:\/\/schema.org\/Question\">\n<div class=\"wp-block-cf-faq-item-question faq_item__title\" onclick=\"$(this).siblings('.faq_item__content').slideToggle().parent().toggleClass('open')\"><div itemprop=\"name\">\n<h3 class=\"wp-block-heading\" id=\"h-can-i-customize-my-booking-page-branding-logo-color-questions\">Kann ich meine Buchungsseite anpassen (Branding, Logo, Farben, Fragen)?<\/h3>\n<\/div><\/div>\n\n\n\n<div class=\"wp-block-cf-faq-item-answer faq_item__content\" itemscope itemprop=\"acceptedAnswer\" itemtype=\"https:\/\/schema.org\/Answer\"><div itemprop=\"text\">\n<p>Ja \u2013 Calfrenzy gibt Ihnen die volle Kontrolle, um Ihre Marke widerzuspiegeln. Sie k\u00f6nnen Ihr Logo hinzuf\u00fcgen, Farben w\u00e4hlen, individuelle Beschreibungen verfassen und Intake-Formulare oder Fragen einf\u00fcgen, um Details vor jedem Meeting zu sammeln. <\/p>\n<\/div><\/div>\n<\/div>\n<\/div><\/div>\n\n<div class=\"wp-block-cf-yellow-cta wrapper_yellow_cta\"><div class=\"yellow_cta\"><div class=\"yellow_cta__content\">\n<h2 class=\"wp-block-heading has-text-align-center\" id=\"h-sign-up-is-easy-90-seconds\">Anmelden dauert nur <strong>90 Sekunden<\/strong><\/h2>\n\n\n\n<p class=\"has-text-align-center\">Bereit f\u00fcr eine stressfreie Terminplanung?<br\/>Sie k\u00f6nnen sich <strong>registrieren, Ihren Kalender verbinden und mit der Planung beginnen<\/strong> \u2013 und das in nur <strong>90 Sekunden<\/strong>.<br\/>So einfach ist das.<\/p>\n\n\n\n<div class=\"wp-block-button\"><a class=\"wp-block-button__link wp-element-button\" href=\"https:\/\/schedule.calfrenzy.com\/auth\/sign-up\">Jetzt kostenlos loslegen<\/a><\/div>\n<\/div><\/div><\/div>\n","protected":false},"excerpt":{"rendered":"","protected":false},"author":1,"featured_media":10205,"parent":0,"menu_order":0,"comment_status":"closed","ping_status":"closed","template":"","meta":{"inline_featured_image":false,"footnotes":""},"class_list":["post-2053","page","type-page","status-publish","has-post-thumbnail","hentry"],"yoast_head":"<!-- This site is optimized with the Yoast SEO Premium plugin v26.8 (Yoast SEO v26.8) - https:\/\/yoast.com\/product\/yoast-seo-premium-wordpress\/ -->\n<title>\u00dcber Calfrenzy - Terminplanungssoftware<\/title>\n<meta name=\"description\" content=\"Calfrenzy ist eine kostenlose Terminplanungssoftware mit intuitivem Design und fairem Preismodell, die Teamplanung einfach und erschwinglich macht.\" \/>\n<meta name=\"robots\" content=\"index, follow, max-snippet:-1, max-image-preview:large, max-video-preview:-1\" \/>\n<link rel=\"canonical\" href=\"https:\/\/calfrenzy.com\/de\/ueber\/\" \/>\n<meta property=\"og:locale\" content=\"de_DE\" \/>\n<meta property=\"og:type\" content=\"article\" \/>\n<meta property=\"og:title\" content=\"\u00dcber\" \/>\n<meta property=\"og:description\" content=\"Calfrenzy ist eine kostenlose Terminplanungssoftware mit intuitivem Design und fairem Preismodell, die Teamplanung einfach und erschwinglich macht.\" \/>\n<meta property=\"og:url\" content=\"https:\/\/calfrenzy.com\/de\/ueber\/\" \/>\n<meta property=\"og:site_name\" content=\"calfrenzy\" \/>\n<meta property=\"article:publisher\" content=\"https:\/\/www.facebook.com\/calfrenzy\" \/>\n<meta property=\"article:modified_time\" content=\"2025-11-14T13:08:24+00:00\" \/>\n<meta property=\"og:image\" content=\"https:\/\/calfrenzy.com\/wp-content\/uploads\/2025\/11\/About-German.png\" \/>\n\t<meta property=\"og:image:width\" content=\"2400\" \/>\n\t<meta property=\"og:image:height\" content=\"1260\" \/>\n\t<meta property=\"og:image:type\" content=\"image\/png\" \/>\n<meta name=\"twitter:card\" content=\"summary_large_image\" \/>\n<meta name=\"twitter:site\" content=\"@calfrenzy53224\" \/>\n<meta name=\"twitter:label1\" content=\"Gesch\u00e4tzte Lesezeit\" \/>\n\t<meta name=\"twitter:data1\" content=\"3 Minuten\" \/>\n<script type=\"application\/ld+json\" class=\"yoast-schema-graph\">{\"@context\":\"https:\/\/schema.org\",\"@graph\":[{\"@type\":\"WebPage\",\"@id\":\"https:\/\/calfrenzy.com\/de\/ueber\/\",\"url\":\"https:\/\/calfrenzy.com\/de\/ueber\/\",\"name\":\"\u00dcber Calfrenzy - Terminplanungssoftware\",\"isPartOf\":{\"@id\":\"https:\/\/calfrenzy.com\/de\/#website\"},\"primaryImageOfPage\":{\"@id\":\"https:\/\/calfrenzy.com\/de\/ueber\/#primaryimage\"},\"image\":{\"@id\":\"https:\/\/calfrenzy.com\/de\/ueber\/#primaryimage\"},\"thumbnailUrl\":\"https:\/\/calfrenzy.com\/wp-content\/uploads\/2025\/11\/About-German.png\",\"datePublished\":\"2024-10-25T09:52:02+00:00\",\"dateModified\":\"2025-11-14T13:08:24+00:00\",\"description\":\"Calfrenzy ist eine kostenlose Terminplanungssoftware mit intuitivem Design und fairem Preismodell, die Teamplanung einfach und erschwinglich macht.\",\"breadcrumb\":{\"@id\":\"https:\/\/calfrenzy.com\/de\/ueber\/#breadcrumb\"},\"inLanguage\":\"de\",\"potentialAction\":[{\"@type\":\"ReadAction\",\"target\":[\"https:\/\/calfrenzy.com\/de\/ueber\/\"]}]},{\"@type\":\"ImageObject\",\"inLanguage\":\"de\",\"@id\":\"https:\/\/calfrenzy.com\/de\/ueber\/#primaryimage\",\"url\":\"https:\/\/calfrenzy.com\/wp-content\/uploads\/2025\/11\/About-German.png\",\"contentUrl\":\"https:\/\/calfrenzy.com\/wp-content\/uploads\/2025\/11\/About-German.png\",\"width\":2400,\"height\":1260},{\"@type\":\"BreadcrumbList\",\"@id\":\"https:\/\/calfrenzy.com\/de\/ueber\/#breadcrumb\",\"itemListElement\":[{\"@type\":\"ListItem\",\"position\":1,\"name\":\"Home\",\"item\":\"https:\/\/calfrenzy.com\/de\/\"},{\"@type\":\"ListItem\",\"position\":2,\"name\":\"\u00dcber\"}]},{\"@type\":\"WebSite\",\"@id\":\"https:\/\/calfrenzy.com\/de\/#website\",\"url\":\"https:\/\/calfrenzy.com\/de\/\",\"name\":\"Calfrenzy\",\"description\":\"Easy Scheduling Across Time Zones and Organizations\",\"publisher\":{\"@id\":\"https:\/\/calfrenzy.com\/de\/#organization\"},\"alternateName\":\"calfrenzy\",\"potentialAction\":[{\"@type\":\"SearchAction\",\"target\":{\"@type\":\"EntryPoint\",\"urlTemplate\":\"https:\/\/calfrenzy.com\/de\/?s={search_term_string}\"},\"query-input\":{\"@type\":\"PropertyValueSpecification\",\"valueRequired\":true,\"valueName\":\"search_term_string\"}}],\"inLanguage\":\"de\"},{\"@type\":\"Organization\",\"@id\":\"https:\/\/calfrenzy.com\/de\/#organization\",\"name\":\"Calfrenzy\",\"alternateName\":\"calfrenzy\",\"url\":\"https:\/\/calfrenzy.com\/de\/\",\"logo\":{\"@type\":\"ImageObject\",\"inLanguage\":\"de\",\"@id\":\"https:\/\/calfrenzy.com\/de\/#\/schema\/logo\/image\/\",\"url\":\"https:\/\/calfrenzy.com\/wp-content\/uploads\/2024\/06\/float_6_1.svg\",\"contentUrl\":\"https:\/\/calfrenzy.com\/wp-content\/uploads\/2024\/06\/float_6_1.svg\",\"width\":47,\"height\":50,\"caption\":\"Calfrenzy\"},\"image\":{\"@id\":\"https:\/\/calfrenzy.com\/de\/#\/schema\/logo\/image\/\"},\"sameAs\":[\"https:\/\/www.facebook.com\/calfrenzy\",\"https:\/\/x.com\/calfrenzy53224\",\"https:\/\/www.youtube.com\/@Calfrenzy\",\"https:\/\/www.linkedin.com\/company\/calfrenzy\",\"https:\/\/www.capterra.com\/p\/10020993\/CalFrenzy\/\",\"https:\/\/chromewebstore.google.com\/detail\/calfrenzy-free-online-app\/igmlifilbgnlaijamohaakgoacoeoidk?hl=en\",\"https:\/\/workspace.google.com\/marketplace\/app\/calfrenzy\/369573383535\",\"https:\/\/www.trustpilot.com\/review\/calfrenzy.com\",\"https:\/\/www.g2.com\/products\/calfrenzy\/reviews\"]}]}<\/script>\n<!-- \/ Yoast SEO Premium plugin. -->","yoast_head_json":{"title":"\u00dcber Calfrenzy - Terminplanungssoftware","description":"Calfrenzy ist eine kostenlose Terminplanungssoftware mit intuitivem Design und fairem Preismodell, die Teamplanung einfach und erschwinglich macht.","robots":{"index":"index","follow":"follow","max-snippet":"max-snippet:-1","max-image-preview":"max-image-preview:large","max-video-preview":"max-video-preview:-1"},"canonical":"https:\/\/calfrenzy.com\/de\/ueber\/","og_locale":"de_DE","og_type":"article","og_title":"\u00dcber","og_description":"Calfrenzy ist eine kostenlose Terminplanungssoftware mit intuitivem Design und fairem Preismodell, die Teamplanung einfach und erschwinglich macht.","og_url":"https:\/\/calfrenzy.com\/de\/ueber\/","og_site_name":"calfrenzy","article_publisher":"https:\/\/www.facebook.com\/calfrenzy","article_modified_time":"2025-11-14T13:08:24+00:00","og_image":[{"width":2400,"height":1260,"url":"https:\/\/calfrenzy.com\/wp-content\/uploads\/2025\/11\/About-German.png","type":"image\/png"}],"twitter_card":"summary_large_image","twitter_site":"@calfrenzy53224","twitter_misc":{"Gesch\u00e4tzte Lesezeit":"3 Minuten"},"schema":{"@context":"https:\/\/schema.org","@graph":[{"@type":"WebPage","@id":"https:\/\/calfrenzy.com\/de\/ueber\/","url":"https:\/\/calfrenzy.com\/de\/ueber\/","name":"\u00dcber Calfrenzy - Terminplanungssoftware","isPartOf":{"@id":"https:\/\/calfrenzy.com\/de\/#website"},"primaryImageOfPage":{"@id":"https:\/\/calfrenzy.com\/de\/ueber\/#primaryimage"},"image":{"@id":"https:\/\/calfrenzy.com\/de\/ueber\/#primaryimage"},"thumbnailUrl":"https:\/\/calfrenzy.com\/wp-content\/uploads\/2025\/11\/About-German.png","datePublished":"2024-10-25T09:52:02+00:00","dateModified":"2025-11-14T13:08:24+00:00","description":"Calfrenzy ist eine kostenlose Terminplanungssoftware mit intuitivem Design und fairem Preismodell, die Teamplanung einfach und erschwinglich macht.","breadcrumb":{"@id":"https:\/\/calfrenzy.com\/de\/ueber\/#breadcrumb"},"inLanguage":"de","potentialAction":[{"@type":"ReadAction","target":["https:\/\/calfrenzy.com\/de\/ueber\/"]}]},{"@type":"ImageObject","inLanguage":"de","@id":"https:\/\/calfrenzy.com\/de\/ueber\/#primaryimage","url":"https:\/\/calfrenzy.com\/wp-content\/uploads\/2025\/11\/About-German.png","contentUrl":"https:\/\/calfrenzy.com\/wp-content\/uploads\/2025\/11\/About-German.png","width":2400,"height":1260},{"@type":"BreadcrumbList","@id":"https:\/\/calfrenzy.com\/de\/ueber\/#breadcrumb","itemListElement":[{"@type":"ListItem","position":1,"name":"Home","item":"https:\/\/calfrenzy.com\/de\/"},{"@type":"ListItem","position":2,"name":"\u00dcber"}]},{"@type":"WebSite","@id":"https:\/\/calfrenzy.com\/de\/#website","url":"https:\/\/calfrenzy.com\/de\/","name":"Calfrenzy","description":"Easy Scheduling Across Time Zones and Organizations","publisher":{"@id":"https:\/\/calfrenzy.com\/de\/#organization"},"alternateName":"calfrenzy","potentialAction":[{"@type":"SearchAction","target":{"@type":"EntryPoint","urlTemplate":"https:\/\/calfrenzy.com\/de\/?s={search_term_string}"},"query-input":{"@type":"PropertyValueSpecification","valueRequired":true,"valueName":"search_term_string"}}],"inLanguage":"de"},{"@type":"Organization","@id":"https:\/\/calfrenzy.com\/de\/#organization","name":"Calfrenzy","alternateName":"calfrenzy","url":"https:\/\/calfrenzy.com\/de\/","logo":{"@type":"ImageObject","inLanguage":"de","@id":"https:\/\/calfrenzy.com\/de\/#\/schema\/logo\/image\/","url":"https:\/\/calfrenzy.com\/wp-content\/uploads\/2024\/06\/float_6_1.svg","contentUrl":"https:\/\/calfrenzy.com\/wp-content\/uploads\/2024\/06\/float_6_1.svg","width":47,"height":50,"caption":"Calfrenzy"},"image":{"@id":"https:\/\/calfrenzy.com\/de\/#\/schema\/logo\/image\/"},"sameAs":["https:\/\/www.facebook.com\/calfrenzy","https:\/\/x.com\/calfrenzy53224","https:\/\/www.youtube.com\/@Calfrenzy","https:\/\/www.linkedin.com\/company\/calfrenzy","https:\/\/www.capterra.com\/p\/10020993\/CalFrenzy\/","https:\/\/chromewebstore.google.com\/detail\/calfrenzy-free-online-app\/igmlifilbgnlaijamohaakgoacoeoidk?hl=en","https:\/\/workspace.google.com\/marketplace\/app\/calfrenzy\/369573383535","https:\/\/www.trustpilot.com\/review\/calfrenzy.com","https:\/\/www.g2.com\/products\/calfrenzy\/reviews"]}]}},"_links":{"self":[{"href":"https:\/\/calfrenzy.com\/de\/wp-json\/wp\/v2\/pages\/2053","targetHints":{"allow":["GET"]}}],"collection":[{"href":"https:\/\/calfrenzy.com\/de\/wp-json\/wp\/v2\/pages"}],"about":[{"href":"https:\/\/calfrenzy.com\/de\/wp-json\/wp\/v2\/types\/page"}],"author":[{"embeddable":true,"href":"https:\/\/calfrenzy.com\/de\/wp-json\/wp\/v2\/users\/1"}],"replies":[{"embeddable":true,"href":"https:\/\/calfrenzy.com\/de\/wp-json\/wp\/v2\/comments?post=2053"}],"version-history":[{"count":9,"href":"https:\/\/calfrenzy.com\/de\/wp-json\/wp\/v2\/pages\/2053\/revisions"}],"predecessor-version":[{"id":10432,"href":"https:\/\/calfrenzy.com\/de\/wp-json\/wp\/v2\/pages\/2053\/revisions\/10432"}],"wp:featuredmedia":[{"embeddable":true,"href":"https:\/\/calfrenzy.com\/de\/wp-json\/wp\/v2\/media\/10205"}],"wp:attachment":[{"href":"https:\/\/calfrenzy.com\/de\/wp-json\/wp\/v2\/media?parent=2053"}],"curies":[{"name":"wp","href":"https:\/\/api.w.org\/{rel}","templated":true}]}}