{"id":2057,"date":"2023-11-28T14:33:09","date_gmt":"2023-11-28T14:33:09","guid":{"rendered":"https:\/\/calfrenzy.com\/?page_id=2057"},"modified":"2025-01-27T10:58:50","modified_gmt":"2025-01-27T10:58:50","slug":"vertrieb-kontaktieren","status":"publish","type":"page","link":"https:\/\/calfrenzy.com\/de\/vertrieb-kontaktieren\/","title":{"rendered":"Vertrieb Kontaktieren"},"content":{"rendered":"\n<div class=\"contact_sales\">\n<div class=\"contact_sales__content\">\n<h1 class=\"wp-block-heading\">Kontaktieren Sie Unser <mark style=\"background-color:rgba(0, 0, 0, 0)\" class=\"has-inline-color has-primary-yellow-color\">Vertriebsteam<\/mark><\/h1>\n\n\n\n<h5 class=\"wp-block-heading\"><strong>Erfahren Sie, warum Calfrenzy die am schnellsten wachsende Terminplanungs-App des Jahres 2023 ist!<\/strong><\/h5>\n\n\n\n<ul class=\"wp-block-list\">\n<li><strong>Sofortige Zeitzonenumrechnung<\/strong>: Calfrenzy nimmt Ihnen den Aufwand bei der Koordination internationaler Meetings ab. Dank automatischer Anpassungen an verschiedene Zeitzonen war es noch nie so einfach, sich mit Kollegen weltweit abzustimmen. <\/li>\n\n\n\n<li><strong>Organisations\u00fcbergreifende Planung<\/strong>: Vereinfachen Sie die Termin- und Veranstaltungsplanung \u00fcber verschiedene Organisationen hinweg. Calfrenzy sorgt f\u00fcr eine reibungslose und effiziente Koordination und macht selbst komplexe Planungen kinderleicht. <\/li>\n\n\n\n<li><strong>Schnelle Einrichtung, Sofortige Ergebnisse<\/strong>: Calfrenzy ist so konzipiert, dass Benutzer mit minimalem Aufwand schnell starten k\u00f6nnen und sofort Ergebnisse sehen.<\/li>\n<\/ul>\n<\/div>\n\n\n\n<div class=\"contact_sales__form\">\n<div class=\"wpcf7 no-js\" id=\"wpcf7-f2173-o1\" lang=\"de-DE\" dir=\"ltr\" data-wpcf7-id=\"2173\">\n<div class=\"screen-reader-response\"><p role=\"status\" aria-live=\"polite\" aria-atomic=\"true\"><\/p> <ul><\/ul><\/div>\n<form action=\"\/de\/wp-json\/wp\/v2\/pages\/2057#wpcf7-f2173-o1\" method=\"post\" class=\"wpcf7-form init 255c7aad8747 cmatic-conn cmatic-aud-1 cmatic-mapd0-0 cmatic-v0973 cmatic-sent-0 cmatic-total-0\" aria-label=\"Kontaktformular\" novalidate=\"novalidate\" data-status=\"init\">\n<fieldset class=\"hidden-fields-container\"><input type=\"hidden\" name=\"_wpcf7\" value=\"2173\" \/><input type=\"hidden\" name=\"_wpcf7_version\" value=\"6.1.4\" \/><input type=\"hidden\" name=\"_wpcf7_locale\" value=\"de_DE\" \/><input type=\"hidden\" name=\"_wpcf7_unit_tag\" value=\"wpcf7-f2173-o1\" \/><input type=\"hidden\" name=\"_wpcf7_container_post\" value=\"0\" \/><input type=\"hidden\" name=\"_wpcf7_posted_data_hash\" value=\"\" \/><input type=\"hidden\" name=\"_wpcf7_recaptcha_response\" value=\"\" \/>\n<\/fieldset>\n<div class=\"cf7\">\n   <p class=\"cf7__heading has-x-large-font-size\"><strong>Erz\u00e4hlen Sie uns von sich und schalten Sie noch heute Ihren personalisierten Chat frei!<\/strong><\/p>\n   <div class=\"cf7__form\">\n      <div class=\"cf7__form-item\">\n          <label>Vorname*<\/label>\n<span class=\"wpcf7-form-control-wrap\" data-name=\"first-name\"><input size=\"40\" maxlength=\"400\" class=\"wpcf7-form-control wpcf7-text wpcf7-validates-as-required\" aria-required=\"true\" aria-invalid=\"false\" placeholder=\"Geben Sie Ihren Vornamen ein\" value=\"\" type=\"text\" name=\"first-name\" \/><\/span>\n      <\/div>\n      <div class=\"cf7__form-item\">\n          <label>Nachname*<\/label>\n<span class=\"wpcf7-form-control-wrap\" data-name=\"last-name\"><input size=\"40\" maxlength=\"400\" class=\"wpcf7-form-control wpcf7-text wpcf7-validates-as-required\" aria-required=\"true\" aria-invalid=\"false\" placeholder=\"Geben Sie Ihren Nachnamen ein\" value=\"\" type=\"text\" name=\"last-name\" \/><\/span>\n      <\/div>\n      <div class=\"cf7__form-item\">\n          <label>Gesch\u00e4ftliche E-Mail*<\/label>\n<span class=\"wpcf7-form-control-wrap\" data-name=\"e-mail\"><input size=\"40\" maxlength=\"400\" class=\"wpcf7-form-control wpcf7-text wpcf7-validates-as-required\" aria-required=\"true\" aria-invalid=\"false\" placeholder=\"email@example.com\" value=\"\" type=\"text\" name=\"e-mail\" \/><\/span>\n      <\/div>\n      <div class=\"cf7__form-item\">\n          <label>Kommentar<\/label>\n<span class=\"wpcf7-form-control-wrap\" data-name=\"comment\"><textarea cols=\"40\" rows=\"10\" maxlength=\"2000\" class=\"wpcf7-form-control wpcf7-textarea\" aria-invalid=\"false\" placeholder=\"Ihr Kommentar\" name=\"comment\"><\/textarea><\/span>\n      <\/div>\n   <\/div>\n   <p class=\"cf7__note has-medium-font-size\">Durch das Klicken auf \u201cAbsenden\u201d best\u00e4tigen Sie, dass Sie der Verarbeitung Ihrer pers\u00f6nlichen Daten gem\u00e4\u00df unserer <a href=\"\/privacy-policy\/\">Datenschutzerkl\u00e4rung<\/a> zustimmen.<\/p>\n<button class=\"wpcf7-submit\" type=\"submit\">Absenden <i><\/i><\/button>\n<\/div>\n<div class=\"cf7-success\">\n<h3 class=\"wp-block-heading\">Vielen Dank, dass Sie sich an das Vertriebsteam von Calfrenzy gewendet haben!<\/h3>\n<p class=\"has-large-font-size\">Einer unserer Vertriebsmitarbeiter wird sich in K\u00fcrze mit Ihnen in Verbindung setzen, um Ihnen eine personalisierte Demonstration zu geben und Ihre Fragen zu beantworten.<\/p>\n<p class=\"has-large-font-size\"><strong>Willkommen in der Zukunft der stressfreien Terminplanung mit Calfrenzy!<\/strong><\/p>\n<\/div><p style=\"display: none !important;\" class=\"akismet-fields-container\" data-prefix=\"_wpcf7_ak_\"><label>&#916;<textarea name=\"_wpcf7_ak_hp_textarea\" cols=\"45\" rows=\"8\" maxlength=\"100\"><\/textarea><\/label><input type=\"hidden\" id=\"ak_js_1\" name=\"_wpcf7_ak_js\" value=\"101\"\/><script>document.getElementById( \"ak_js_1\" ).setAttribute( \"value\", ( new Date() ).getTime() );<\/script><\/p><div class=\"wpcf7-response-output\" aria-hidden=\"true\"><\/div>\n<\/form>\n<\/div>\n<\/div>\n<\/div>\n","protected":false},"excerpt":{"rendered":"","protected":false},"author":1,"featured_media":0,"parent":0,"menu_order":0,"comment_status":"closed","ping_status":"closed","template":"new_home.php","meta":{"inline_featured_image":false,"footnotes":""},"class_list":["post-2057","page","type-page","status-publish","hentry"],"yoast_head":"<!-- This site is optimized with the Yoast SEO Premium plugin v26.8 (Yoast SEO v26.8) - https:\/\/yoast.com\/product\/yoast-seo-premium-wordpress\/ -->\n<title>Kontaktieren Sie Unser Vertriebsteam | Calfrenzy<\/title>\n<meta name=\"description\" content=\"Kontaktieren Sie Calfrenzy, die f\u00fchrende Terminplanungs-App. M\u00fcheloses Zeitzonen-Synchronisieren, einfache organisations\u00fcbergreifende Planung und eine schnelle, effektive Einrichtung.\" \/>\n<meta name=\"robots\" content=\"index, follow, max-snippet:-1, max-image-preview:large, max-video-preview:-1\" \/>\n<link rel=\"canonical\" href=\"https:\/\/calfrenzy.com\/de\/vertrieb-kontaktieren\/\" \/>\n<meta property=\"og:locale\" content=\"de_DE\" \/>\n<meta property=\"og:type\" content=\"article\" \/>\n<meta property=\"og:title\" content=\"Vertrieb Kontaktieren\" \/>\n<meta property=\"og:description\" content=\"Kontaktieren Sie Calfrenzy, die f\u00fchrende Terminplanungs-App. M\u00fcheloses Zeitzonen-Synchronisieren, einfache organisations\u00fcbergreifende Planung und eine schnelle, effektive Einrichtung.\" \/>\n<meta property=\"og:url\" content=\"https:\/\/calfrenzy.com\/de\/vertrieb-kontaktieren\/\" \/>\n<meta property=\"og:site_name\" content=\"calfrenzy\" \/>\n<meta property=\"article:publisher\" content=\"https:\/\/www.facebook.com\/calfrenzy\" \/>\n<meta property=\"article:modified_time\" content=\"2025-01-27T10:58:50+00:00\" \/>\n<meta property=\"og:image\" content=\"https:\/\/calfrenzy.com\/wp-content\/uploads\/2024\/06\/ease_3.png\" \/>\n\t<meta property=\"og:image:width\" content=\"1620\" \/>\n\t<meta property=\"og:image:height\" content=\"632\" \/>\n\t<meta property=\"og:image:type\" content=\"image\/png\" \/>\n<meta name=\"twitter:card\" content=\"summary_large_image\" \/>\n<meta name=\"twitter:site\" content=\"@calfrenzy53224\" \/>\n<script type=\"application\/ld+json\" class=\"yoast-schema-graph\">{\"@context\":\"https:\/\/schema.org\",\"@graph\":[{\"@type\":\"WebPage\",\"@id\":\"https:\/\/calfrenzy.com\/de\/vertrieb-kontaktieren\/\",\"url\":\"https:\/\/calfrenzy.com\/de\/vertrieb-kontaktieren\/\",\"name\":\"Kontaktieren Sie Unser Vertriebsteam | Calfrenzy\",\"isPartOf\":{\"@id\":\"https:\/\/calfrenzy.com\/de\/#website\"},\"datePublished\":\"2023-11-28T14:33:09+00:00\",\"dateModified\":\"2025-01-27T10:58:50+00:00\",\"description\":\"Kontaktieren Sie Calfrenzy, die f\u00fchrende Terminplanungs-App. M\u00fcheloses Zeitzonen-Synchronisieren, einfache organisations\u00fcbergreifende Planung und eine schnelle, effektive Einrichtung.\",\"breadcrumb\":{\"@id\":\"https:\/\/calfrenzy.com\/de\/vertrieb-kontaktieren\/#breadcrumb\"},\"inLanguage\":\"de\",\"potentialAction\":[{\"@type\":\"ReadAction\",\"target\":[\"https:\/\/calfrenzy.com\/de\/vertrieb-kontaktieren\/\"]}]},{\"@type\":\"BreadcrumbList\",\"@id\":\"https:\/\/calfrenzy.com\/de\/vertrieb-kontaktieren\/#breadcrumb\",\"itemListElement\":[{\"@type\":\"ListItem\",\"position\":1,\"name\":\"Home\",\"item\":\"https:\/\/calfrenzy.com\/de\/\"},{\"@type\":\"ListItem\",\"position\":2,\"name\":\"Vertrieb Kontaktieren\"}]},{\"@type\":\"WebSite\",\"@id\":\"https:\/\/calfrenzy.com\/de\/#website\",\"url\":\"https:\/\/calfrenzy.com\/de\/\",\"name\":\"Calfrenzy\",\"description\":\"Easy Scheduling Across Time Zones and Organizations\",\"publisher\":{\"@id\":\"https:\/\/calfrenzy.com\/de\/#organization\"},\"alternateName\":\"calfrenzy\",\"potentialAction\":[{\"@type\":\"SearchAction\",\"target\":{\"@type\":\"EntryPoint\",\"urlTemplate\":\"https:\/\/calfrenzy.com\/de\/?s={search_term_string}\"},\"query-input\":{\"@type\":\"PropertyValueSpecification\",\"valueRequired\":true,\"valueName\":\"search_term_string\"}}],\"inLanguage\":\"de\"},{\"@type\":\"Organization\",\"@id\":\"https:\/\/calfrenzy.com\/de\/#organization\",\"name\":\"Calfrenzy\",\"alternateName\":\"calfrenzy\",\"url\":\"https:\/\/calfrenzy.com\/de\/\",\"logo\":{\"@type\":\"ImageObject\",\"inLanguage\":\"de\",\"@id\":\"https:\/\/calfrenzy.com\/de\/#\/schema\/logo\/image\/\",\"url\":\"https:\/\/calfrenzy.com\/wp-content\/uploads\/2024\/06\/float_6_1.svg\",\"contentUrl\":\"https:\/\/calfrenzy.com\/wp-content\/uploads\/2024\/06\/float_6_1.svg\",\"width\":47,\"height\":50,\"caption\":\"Calfrenzy\"},\"image\":{\"@id\":\"https:\/\/calfrenzy.com\/de\/#\/schema\/logo\/image\/\"},\"sameAs\":[\"https:\/\/www.facebook.com\/calfrenzy\",\"https:\/\/x.com\/calfrenzy53224\",\"https:\/\/www.youtube.com\/@Calfrenzy\",\"https:\/\/www.linkedin.com\/company\/calfrenzy\",\"https:\/\/www.capterra.com\/p\/10020993\/CalFrenzy\/\",\"https:\/\/chromewebstore.google.com\/detail\/calfrenzy-free-online-app\/igmlifilbgnlaijamohaakgoacoeoidk?hl=en\",\"https:\/\/workspace.google.com\/marketplace\/app\/calfrenzy\/369573383535\",\"https:\/\/www.trustpilot.com\/review\/calfrenzy.com\",\"https:\/\/www.g2.com\/products\/calfrenzy\/reviews\"]}]}<\/script>\n<!-- \/ Yoast SEO Premium plugin. -->","yoast_head_json":{"title":"Kontaktieren Sie Unser Vertriebsteam | Calfrenzy","description":"Kontaktieren Sie Calfrenzy, die f\u00fchrende Terminplanungs-App. M\u00fcheloses Zeitzonen-Synchronisieren, einfache organisations\u00fcbergreifende Planung und eine schnelle, effektive Einrichtung.","robots":{"index":"index","follow":"follow","max-snippet":"max-snippet:-1","max-image-preview":"max-image-preview:large","max-video-preview":"max-video-preview:-1"},"canonical":"https:\/\/calfrenzy.com\/de\/vertrieb-kontaktieren\/","og_locale":"de_DE","og_type":"article","og_title":"Vertrieb Kontaktieren","og_description":"Kontaktieren Sie Calfrenzy, die f\u00fchrende Terminplanungs-App. M\u00fcheloses Zeitzonen-Synchronisieren, einfache organisations\u00fcbergreifende Planung und eine schnelle, effektive Einrichtung.","og_url":"https:\/\/calfrenzy.com\/de\/vertrieb-kontaktieren\/","og_site_name":"calfrenzy","article_publisher":"https:\/\/www.facebook.com\/calfrenzy","article_modified_time":"2025-01-27T10:58:50+00:00","og_image":[{"width":1620,"height":632,"url":"https:\/\/calfrenzy.com\/wp-content\/uploads\/2024\/06\/ease_3.png","type":"image\/png"}],"twitter_card":"summary_large_image","twitter_site":"@calfrenzy53224","schema":{"@context":"https:\/\/schema.org","@graph":[{"@type":"WebPage","@id":"https:\/\/calfrenzy.com\/de\/vertrieb-kontaktieren\/","url":"https:\/\/calfrenzy.com\/de\/vertrieb-kontaktieren\/","name":"Kontaktieren Sie Unser Vertriebsteam | Calfrenzy","isPartOf":{"@id":"https:\/\/calfrenzy.com\/de\/#website"},"datePublished":"2023-11-28T14:33:09+00:00","dateModified":"2025-01-27T10:58:50+00:00","description":"Kontaktieren Sie Calfrenzy, die f\u00fchrende Terminplanungs-App. M\u00fcheloses Zeitzonen-Synchronisieren, einfache organisations\u00fcbergreifende Planung und eine schnelle, effektive Einrichtung.","breadcrumb":{"@id":"https:\/\/calfrenzy.com\/de\/vertrieb-kontaktieren\/#breadcrumb"},"inLanguage":"de","potentialAction":[{"@type":"ReadAction","target":["https:\/\/calfrenzy.com\/de\/vertrieb-kontaktieren\/"]}]},{"@type":"BreadcrumbList","@id":"https:\/\/calfrenzy.com\/de\/vertrieb-kontaktieren\/#breadcrumb","itemListElement":[{"@type":"ListItem","position":1,"name":"Home","item":"https:\/\/calfrenzy.com\/de\/"},{"@type":"ListItem","position":2,"name":"Vertrieb Kontaktieren"}]},{"@type":"WebSite","@id":"https:\/\/calfrenzy.com\/de\/#website","url":"https:\/\/calfrenzy.com\/de\/","name":"Calfrenzy","description":"Easy Scheduling Across Time Zones and Organizations","publisher":{"@id":"https:\/\/calfrenzy.com\/de\/#organization"},"alternateName":"calfrenzy","potentialAction":[{"@type":"SearchAction","target":{"@type":"EntryPoint","urlTemplate":"https:\/\/calfrenzy.com\/de\/?s={search_term_string}"},"query-input":{"@type":"PropertyValueSpecification","valueRequired":true,"valueName":"search_term_string"}}],"inLanguage":"de"},{"@type":"Organization","@id":"https:\/\/calfrenzy.com\/de\/#organization","name":"Calfrenzy","alternateName":"calfrenzy","url":"https:\/\/calfrenzy.com\/de\/","logo":{"@type":"ImageObject","inLanguage":"de","@id":"https:\/\/calfrenzy.com\/de\/#\/schema\/logo\/image\/","url":"https:\/\/calfrenzy.com\/wp-content\/uploads\/2024\/06\/float_6_1.svg","contentUrl":"https:\/\/calfrenzy.com\/wp-content\/uploads\/2024\/06\/float_6_1.svg","width":47,"height":50,"caption":"Calfrenzy"},"image":{"@id":"https:\/\/calfrenzy.com\/de\/#\/schema\/logo\/image\/"},"sameAs":["https:\/\/www.facebook.com\/calfrenzy","https:\/\/x.com\/calfrenzy53224","https:\/\/www.youtube.com\/@Calfrenzy","https:\/\/www.linkedin.com\/company\/calfrenzy","https:\/\/www.capterra.com\/p\/10020993\/CalFrenzy\/","https:\/\/chromewebstore.google.com\/detail\/calfrenzy-free-online-app\/igmlifilbgnlaijamohaakgoacoeoidk?hl=en","https:\/\/workspace.google.com\/marketplace\/app\/calfrenzy\/369573383535","https:\/\/www.trustpilot.com\/review\/calfrenzy.com","https:\/\/www.g2.com\/products\/calfrenzy\/reviews"]}]}},"_links":{"self":[{"href":"https:\/\/calfrenzy.com\/de\/wp-json\/wp\/v2\/pages\/2057","targetHints":{"allow":["GET"]}}],"collection":[{"href":"https:\/\/calfrenzy.com\/de\/wp-json\/wp\/v2\/pages"}],"about":[{"href":"https:\/\/calfrenzy.com\/de\/wp-json\/wp\/v2\/types\/page"}],"author":[{"embeddable":true,"href":"https:\/\/calfrenzy.com\/de\/wp-json\/wp\/v2\/users\/1"}],"replies":[{"embeddable":true,"href":"https:\/\/calfrenzy.com\/de\/wp-json\/wp\/v2\/comments?post=2057"}],"version-history":[{"count":1,"href":"https:\/\/calfrenzy.com\/de\/wp-json\/wp\/v2\/pages\/2057\/revisions"}],"predecessor-version":[{"id":2058,"href":"https:\/\/calfrenzy.com\/de\/wp-json\/wp\/v2\/pages\/2057\/revisions\/2058"}],"wp:attachment":[{"href":"https:\/\/calfrenzy.com\/de\/wp-json\/wp\/v2\/media?parent=2057"}],"curies":[{"name":"wp","href":"https:\/\/api.w.org\/{rel}","templated":true}]}}