{"id":2073,"date":"2025-01-07T10:48:56","date_gmt":"2025-01-07T10:48:56","guid":{"rendered":"https:\/\/calfrenzy.com\/?page_id=2073"},"modified":"2025-10-03T14:44:33","modified_gmt":"2025-10-03T14:44:33","slug":"produktplan","status":"publish","type":"page","link":"https:\/\/calfrenzy.com\/de\/produktplan\/","title":{"rendered":"Produktplan"},"content":{"rendered":"\n<div class=\"wp-block-cf-blue-banner wrapper_blue_banner\"><div class=\"blue_banner\">\n<h1 class=\"wp-block-heading\" id=\"h-roadmap-calfrenzy\">Produktplan Calfrenzy<\/h1>\n\n\n\n<div class=\"wp-block-button\"><a class=\"wp-block-button__link wp-element-button\" href=\"https:\/\/calfrenzy.com\/de\/funktionsvorschlaege\/\">Einen Antrag f\u00fcr eine neue Funktion einreichen<\/a><\/div>\n<\/div><\/div>\n\n<div class=\"wp-block-cf-roadmap wrapper_roadmap\"><div class=\"roadmap\">\n<div class=\"wp-block-cf-roadmap-column roadmap__column\">\n<div class=\"wp-block-cf-roadmap-header-item roadmap_item_header\">\n<p>Geplant<\/p>\n<\/div>\n\n\n\n<div class=\"wp-block-cf-roadmap-item roadmap_item\">\n<p>Round-Robin-Planung<\/p>\n\n\n\n<div class=\"wp-block-cf-roadmap-item-tooltip roadmap_item__tooltip\">\n<p><\/p>\n<\/div>\n<\/div>\n\n\n\n<div class=\"wp-block-cf-roadmap-item roadmap_item\">\n<p>Webhook-Unterst\u00fctzung<\/p>\n\n\n\n<div class=\"wp-block-cf-roadmap-item-tooltip roadmap_item__tooltip\">\n<p><\/p>\n<\/div>\n<\/div>\n\n\n\n<div class=\"wp-block-cf-roadmap-item roadmap_item\">\n<p>Zapier-Integration<\/p>\n\n\n\n<div class=\"wp-block-cf-roadmap-item-tooltip roadmap_item__tooltip\">\n<p><\/p>\n<\/div>\n<\/div>\n\n\n\n<div class=\"wp-block-cf-roadmap-item roadmap_item\">\n<p>Wiederkehrende Events (1-zu-1, Group-to-1, Gruppenplanung und 1-zu-viele)<\/p>\n\n\n\n<div class=\"wp-block-cf-roadmap-item-tooltip roadmap_item__tooltip\">\n<p><\/p>\n<\/div>\n<\/div>\n\n\n\n<div class=\"wp-block-cf-roadmap-item roadmap_item\">\n<p>Simultanbuchungsfunktion mit Zahlungsoptionen<\/p>\n\n\n\n<div class=\"wp-block-cf-roadmap-item-tooltip roadmap_item__tooltip\">\n<p><\/p>\n<\/div>\n<\/div>\n\n\n\n<div class=\"wp-block-cf-roadmap-item roadmap_item\">\n<p>Text- und WhatsApp-Event-Erinnerungen<\/p>\n\n\n\n<div class=\"wp-block-cf-roadmap-item-tooltip roadmap_item__tooltip\">\n<p><\/p>\n<\/div>\n<\/div>\n\n\n\n<div class=\"wp-block-cf-roadmap-item roadmap_item\">\n<p>Kopieren Sie die Verf\u00fcgbarkeit mit benutzerdefinierten Tagen und Ablaufbenachrichtigungen<\/p>\n\n\n\n<div class=\"wp-block-cf-roadmap-item-tooltip roadmap_item__tooltip\">\n<p><\/p>\n<\/div>\n<\/div>\n<\/div>\n\n\n\n<div class=\"wp-block-cf-roadmap-column roadmap__column\">\n<div class=\"wp-block-cf-roadmap-header-item roadmap_item_header\">\n<p>In Bearbeitung<\/p>\n<\/div>\n\n\n\n<div class=\"wp-block-cf-roadmap-item roadmap_item\">\n<p>Einmalige Meetings<\/p>\n\n\n\n<div class=\"wp-block-cf-roadmap-item-tooltip roadmap_item__tooltip\">\n<p><\/p>\n<\/div>\n<\/div>\n\n\n\n<div class=\"wp-block-cf-roadmap-item roadmap_item\">\n<p>PayPal zum Empfang von Kundenzahlungen<\/p>\n\n\n\n<div class=\"wp-block-cf-roadmap-item-tooltip roadmap_item__tooltip\">\n<p><\/p>\n<\/div>\n<\/div>\n\n\n\n<div class=\"wp-block-cf-roadmap-item roadmap_item\">\n<p>Kunden zahlen Sitzungen im Voraus und buchen sie \u00fcber die Zeit hinweg<\/p>\n\n\n\n<div class=\"wp-block-cf-roadmap-item-tooltip roadmap_item__tooltip\">\n<p><\/p>\n<\/div>\n<\/div>\n\n\n\n<div class=\"wp-block-cf-roadmap-item roadmap_item\">\n<p>Kunden buchen und bezahlen mehrere Sitzungen im Voraus<\/p>\n\n\n\n<div class=\"wp-block-cf-roadmap-item-tooltip roadmap_item__tooltip\">\n<p><\/p>\n<\/div>\n<\/div>\n\n\n\n<div class=\"wp-block-cf-roadmap-item roadmap_item\">\n<p>Kunden konfigurieren ihre eigenen wiederkehrenden Pakete<\/p>\n\n\n\n<div class=\"wp-block-cf-roadmap-item-tooltip roadmap_item__tooltip\">\n<p><\/p>\n<\/div>\n<\/div>\n\n\n\n<div class=\"wp-block-cf-roadmap-item roadmap_item\">\n<p>Lassen Sie Ihre Verf\u00fcgbarkeit f\u00fcr Kunden <em>voll ausgelastet wirken<\/em><\/p>\n\n\n\n<div class=\"wp-block-cf-roadmap-item-tooltip roadmap_item__tooltip\">\n<p><\/p>\n<\/div>\n<\/div>\n<\/div>\n\n\n\n<div class=\"wp-block-cf-roadmap-column roadmap__column\">\n<div class=\"wp-block-cf-roadmap-header-item roadmap_item_header\">\n<p>Abgeschlossen<\/p>\n<\/div>\n\n\n\n<div class=\"wp-block-cf-roadmap-item roadmap_item\">\n<p>Erm\u00f6glichen Sie Buchenden, mehrere Meetings in einer Sitzung zu buchen<\/p>\n\n\n\n<div class=\"wp-block-cf-roadmap-item-tooltip roadmap_item__tooltip\">\n<p><\/p>\n<\/div>\n<\/div>\n\n\n\n<div class=\"wp-block-cf-roadmap-item roadmap_item\">\n<p>Verbesserte \u00f6ffentliche Buchungsseiten<\/p>\n\n\n\n<div class=\"wp-block-cf-roadmap-item-tooltip roadmap_item__tooltip\">\n<p><\/p>\n<\/div>\n<\/div>\n\n\n\n<div class=\"wp-block-cf-roadmap-item roadmap_item\">\n<p>Mehrsprachige Unterst\u00fctzung<\/p>\n\n\n\n<div class=\"wp-block-cf-roadmap-item-tooltip roadmap_item__tooltip\">\n<p><\/p>\n<\/div>\n<\/div>\n\n\n\n<div class=\"wp-block-cf-roadmap-item roadmap_item\">\n<p>Benachrichtigungsindikatoren f\u00fcr organisations\u00fcbergreifende Aktivit\u00e4ten<\/p>\n\n\n\n<div class=\"wp-block-cf-roadmap-item-tooltip roadmap_item__tooltip\">\n<p><\/p>\n<\/div>\n<\/div>\n\n\n\n<div class=\"wp-block-cf-roadmap-item roadmap_item\">\n<p>Verbesserte Einbettung der Buchungsseite<\/p>\n\n\n\n<div class=\"wp-block-cf-roadmap-item-tooltip roadmap_item__tooltip\">\n<p><\/p>\n<\/div>\n<\/div>\n\n\n\n<div class=\"wp-block-cf-roadmap-item roadmap_item\">\n<p>iCloud-Kalender-Integration<\/p>\n\n\n\n<div class=\"wp-block-cf-roadmap-item-tooltip roadmap_item__tooltip\">\n<p><\/p>\n<\/div>\n<\/div>\n\n\n\n<div class=\"wp-block-cf-roadmap-item roadmap_item\">\n<p>Standard-1-zu-1-Buchungsseite beim Einrichten des Kontos erstellen<\/p>\n\n\n\n<div class=\"wp-block-cf-roadmap-item-tooltip roadmap_item__tooltip\">\n<p><\/p>\n<\/div>\n<\/div>\n\n\n\n<div class=\"wp-block-cf-roadmap-item roadmap_item\">\n<p>Calfrenzy-Branding entfernen<\/p>\n\n\n\n<div class=\"wp-block-cf-roadmap-item-tooltip roadmap_item__tooltip\">\n<p><\/p>\n<\/div>\n<\/div>\n\n\n\n<div class=\"wp-block-cf-roadmap-item roadmap_item\">\n<p>Automatische Erstellung einer Group-to-1-Buchungsseite bei der Erstellung einer Gruppe<\/p>\n\n\n\n<div class=\"wp-block-cf-roadmap-item-tooltip roadmap_item__tooltip\">\n<p><\/p>\n<\/div>\n<\/div>\n\n\n\n<div class=\"wp-block-cf-roadmap-item roadmap_item\">\n<p>Benutzerdefinierte Fragen zum Buchungsformular hinzuf\u00fcgen<\/p>\n\n\n\n<div class=\"wp-block-cf-roadmap-item-tooltip roadmap_item__tooltip\">\n<p><\/p>\n<\/div>\n<\/div>\n\n\n\n<div class=\"wp-block-cf-roadmap-item roadmap_item\">\n<p>Zahlungserfassung aktivieren<\/p>\n\n\n\n<div class=\"wp-block-cf-roadmap-item-tooltip roadmap_item__tooltip\">\n<p><\/p>\n<\/div>\n<\/div>\n\n\n\n<div class=\"wp-block-cf-roadmap-item roadmap_item\">\n<p>Individuelle Meeting-Dauer festlegen<\/p>\n\n\n\n<div class=\"wp-block-cf-roadmap-item-tooltip roadmap_item__tooltip\">\n<p><\/p>\n<\/div>\n<\/div>\n\n\n\n<div class=\"wp-block-cf-roadmap-item roadmap_item\">\n<p>Benutzerdefinierte E-Mail-Erinnerungen<\/p>\n\n\n\n<div class=\"wp-block-cf-roadmap-item-tooltip roadmap_item__tooltip\">\n<p><\/p>\n<\/div>\n<\/div>\n\n\n\n<div class=\"wp-block-cf-roadmap-item roadmap_item\">\n<p>Benutzerdefinierte E-Mail-Benachrichtigungen<\/p>\n\n\n\n<div class=\"wp-block-cf-roadmap-item-tooltip roadmap_item__tooltip\">\n<p><\/p>\n<\/div>\n<\/div>\n\n\n\n<div class=\"wp-block-cf-roadmap-item roadmap_item\">\n<p>Vorl\u00e4ufige Buchungen<\/p>\n\n\n\n<div class=\"wp-block-cf-roadmap-item-tooltip roadmap_item__tooltip\">\n<p><\/p>\n<\/div>\n<\/div>\n\n\n\n<div class=\"wp-block-cf-roadmap-item roadmap_item\">\n<p>Premium-Anpassung der Buchungsseite<\/p>\n\n\n\n<div class=\"wp-block-cf-roadmap-item-tooltip roadmap_item__tooltip\">\n<p><\/p>\n<\/div>\n<\/div>\n\n\n\n<div class=\"wp-block-cf-roadmap-item roadmap_item\">\n<p>Option, die Buchungsseite zu deaktivieren<\/p>\n\n\n\n<div class=\"wp-block-cf-roadmap-item-tooltip roadmap_item__tooltip\">\n<p><\/p>\n<\/div>\n<\/div>\n\n\n\n<div class=\"wp-block-cf-roadmap-item roadmap_item\">\n<p>Vollbild-Vorschau der Buchungsseite<\/p>\n\n\n\n<div class=\"wp-block-cf-roadmap-item-tooltip roadmap_item__tooltip\">\n<p><\/p>\n<\/div>\n<\/div>\n\n\n\n<div class=\"wp-block-cf-roadmap-item roadmap_item\">\n<p>Calfrenzy Chrome-Erweiterung<\/p>\n\n\n\n<div class=\"wp-block-cf-roadmap-item-tooltip roadmap_item__tooltip\">\n<p><\/p>\n<\/div>\n<\/div>\n\n\n\n<div class=\"wp-block-cf-roadmap-item roadmap_item\">\n<p>Benutzerdefinierte Weiterleitung nach der Buchung<\/p>\n\n\n\n<div class=\"wp-block-cf-roadmap-item-tooltip roadmap_item__tooltip\">\n<p><\/p>\n<\/div>\n<\/div>\n\n\n\n<div class=\"wp-block-cf-roadmap-item roadmap_item\">\n<p>T\u00e4gliche Buchungslimits<\/p>\n\n\n\n<div class=\"wp-block-cf-roadmap-item-tooltip roadmap_item__tooltip\">\n<p><\/p>\n<\/div>\n<\/div>\n\n\n\n<div class=\"wp-block-cf-roadmap-item roadmap_item\">\n<p>Option zum Hinzuf\u00fcgen von Pufferzeit<\/p>\n\n\n\n<div class=\"wp-block-cf-roadmap-item-tooltip roadmap_item__tooltip\">\n<p><\/p>\n<\/div>\n<\/div>\n\n\n\n<div class=\"wp-block-cf-roadmap-item roadmap_item\">\n<p>Passwortschutz f\u00fcr die Buchungsseite<\/p>\n\n\n\n<div class=\"wp-block-cf-roadmap-item-tooltip roadmap_item__tooltip\">\n<p><\/p>\n<\/div>\n<\/div>\n\n\n\n<div class=\"wp-block-cf-roadmap-item roadmap_item\">\n<p>Text der Widerrufsbelehrung<\/p>\n\n\n\n<div class=\"wp-block-cf-roadmap-item-tooltip roadmap_item__tooltip\">\n<p><\/p>\n<\/div>\n<\/div>\n\n\n\n<div class=\"wp-block-cf-roadmap-item roadmap_item\">\n<p>Einfache Optionen zum Stornieren oder Umbuchen<\/p>\n\n\n\n<div class=\"wp-block-cf-roadmap-item-tooltip roadmap_item__tooltip\">\n<p><\/p>\n<\/div>\n<\/div>\n\n\n\n<div class=\"wp-block-cf-roadmap-item roadmap_item\">\n<p>Standarddauer-Auswahl beim Erstellen\/Bearbeiten von Buchungsseiten<\/p>\n\n\n\n<div class=\"wp-block-cf-roadmap-item-tooltip roadmap_item__tooltip\">\n<p><\/p>\n<\/div>\n<\/div>\n\n\n\n<div class=\"wp-block-cf-roadmap-item roadmap_item\">\n<p>Funktionen zur Organisationsverwaltung<\/p>\n\n\n\n<div class=\"wp-block-cf-roadmap-item-tooltip roadmap_item__tooltip\">\n<p><\/p>\n<\/div>\n<\/div>\n\n\n\n<div class=\"wp-block-cf-roadmap-item roadmap_item\">\n<p>Standard-Kalender- und Terminplaneinstellungen f\u00fcr die Gruppenerstellung<\/p>\n\n\n\n<div class=\"wp-block-cf-roadmap-item-tooltip roadmap_item__tooltip\">\n<p><\/p>\n<\/div>\n<\/div>\n\n\n\n<div class=\"wp-block-cf-roadmap-item roadmap_item\">\n<p>Teilen Sie Ihre Buchungsseite kanal\u00fcbergreifend<\/p>\n\n\n\n<div class=\"wp-block-cf-roadmap-item-tooltip roadmap_item__tooltip\">\n<p><\/p>\n<\/div>\n<\/div>\n\n\n\n<div class=\"wp-block-cf-roadmap-item roadmap_item\">\n<p>Betten Sie Buchungsseiten in andere Websites ein<\/p>\n\n\n\n<div class=\"wp-block-cf-roadmap-item-tooltip roadmap_item__tooltip\">\n<p><\/p>\n<\/div>\n<\/div>\n\n\n\n<div class=\"wp-block-cf-roadmap-item roadmap_item\">\n<p>Sofortige Event-Details \u2013 direkt in der Seitenleiste<\/p>\n\n\n\n<div class=\"wp-block-cf-roadmap-item-tooltip roadmap_item__tooltip\">\n<p><\/p>\n<\/div>\n<\/div>\n\n\n\n<div class=\"wp-block-cf-roadmap-item roadmap_item\">\n<p>Co-Host-Veranstaltungen \u00fcber den nativen Kalender verwalten<\/p>\n\n\n\n<div class=\"wp-block-cf-roadmap-item-tooltip roadmap_item__tooltip\">\n<p><\/p>\n<\/div>\n<\/div>\n\n\n\n<div class=\"wp-block-cf-roadmap-item roadmap_item\">\n<p>Eigent\u00fcmerinformationen auf der Buchungsseite plattform\u00fcbergreifend anzeigen<\/p>\n\n\n\n<div class=\"wp-block-cf-roadmap-item-tooltip roadmap_item__tooltip\">\n<p><\/p>\n<\/div>\n<\/div>\n\n\n\n<div class=\"wp-block-cf-roadmap-item roadmap_item\">\n<p>Flexible Gruppenbuchungsseiten<\/p>\n\n\n\n<div class=\"wp-block-cf-roadmap-item-tooltip roadmap_item__tooltip\">\n<p><\/p>\n<\/div>\n<\/div>\n\n\n\n<div class=\"wp-block-cf-roadmap-item roadmap_item\">\n<p>Neue pers\u00f6nliche Filter<\/p>\n\n\n\n<div class=\"wp-block-cf-roadmap-item-tooltip roadmap_item__tooltip\">\n<p><\/p>\n<\/div>\n<\/div>\n\n\n\n<div class=\"wp-block-cf-roadmap-item roadmap_item\">\n<p>Gruppenbasierte Host-Verwaltung<\/p>\n\n\n\n<div class=\"wp-block-cf-roadmap-item-tooltip roadmap_item__tooltip\">\n<p><\/p>\n<\/div>\n<\/div>\n\n\n\n<div class=\"wp-block-cf-roadmap-item roadmap_item\">\n<p>Verwaltung externer Host-Einladungen<\/p>\n\n\n\n<div class=\"wp-block-cf-roadmap-item-tooltip roadmap_item__tooltip\">\n<p><\/p>\n<\/div>\n<\/div>\n\n\n\n<div class=\"wp-block-cf-roadmap-item roadmap_item\">\n<p>Terminplanung und Anzeige im Veranstaltungskontext<\/p>\n\n\n\n<div class=\"wp-block-cf-roadmap-item-tooltip roadmap_item__tooltip\">\n<p><\/p>\n<\/div>\n<\/div>\n<\/div>\n<\/div><\/div>\n\n<p><\/p>\n","protected":false},"excerpt":{"rendered":"","protected":false},"author":1,"featured_media":10219,"parent":0,"menu_order":0,"comment_status":"closed","ping_status":"closed","template":"","meta":{"inline_featured_image":false,"footnotes":""},"class_list":["post-2073","page","type-page","status-publish","has-post-thumbnail","hentry"],"yoast_head":"<!-- This site is optimized with the Yoast SEO Premium plugin v26.8 (Yoast SEO v26.8) - https:\/\/yoast.com\/product\/yoast-seo-premium-wordpress\/ -->\n<title>Calfrenzy Produktplan - Kommende Funktionen &amp; Updates<\/title>\n<meta name=\"description\" content=\"Entdecken Sie die Calfrenzy-Roadmap, um kommende Funktionen, Verbesserungen und Innovationen zu sehen. Bleiben Sie auf dem Laufenden und gestalten Sie die Zukunft der Terminplanung mit.\" \/>\n<meta name=\"robots\" content=\"index, follow, max-snippet:-1, max-image-preview:large, max-video-preview:-1\" \/>\n<link rel=\"canonical\" href=\"https:\/\/calfrenzy.com\/de\/produktplan\/\" \/>\n<meta property=\"og:locale\" content=\"de_DE\" \/>\n<meta property=\"og:type\" content=\"article\" \/>\n<meta property=\"og:title\" content=\"Produktplan\" \/>\n<meta property=\"og:description\" content=\"Entdecken Sie die Calfrenzy-Roadmap, um kommende Funktionen, Verbesserungen und Innovationen zu sehen. Bleiben Sie auf dem Laufenden und gestalten Sie die Zukunft der Terminplanung mit.\" \/>\n<meta property=\"og:url\" content=\"https:\/\/calfrenzy.com\/de\/produktplan\/\" \/>\n<meta property=\"og:site_name\" content=\"calfrenzy\" \/>\n<meta property=\"article:publisher\" content=\"https:\/\/www.facebook.com\/calfrenzy\" \/>\n<meta property=\"article:modified_time\" content=\"2025-10-03T14:44:33+00:00\" \/>\n<meta property=\"og:image\" content=\"https:\/\/calfrenzy.com\/wp-content\/uploads\/2024\/06\/ease_3.png\" \/>\n\t<meta property=\"og:image:width\" content=\"1620\" \/>\n\t<meta property=\"og:image:height\" content=\"632\" \/>\n\t<meta property=\"og:image:type\" content=\"image\/png\" \/>\n<meta name=\"twitter:card\" content=\"summary_large_image\" \/>\n<meta name=\"twitter:site\" content=\"@calfrenzy53224\" \/>\n<meta name=\"twitter:label1\" content=\"Gesch\u00e4tzte Lesezeit\" \/>\n\t<meta name=\"twitter:data1\" content=\"1\u00a0Minute\" \/>\n<script type=\"application\/ld+json\" class=\"yoast-schema-graph\">{\"@context\":\"https:\/\/schema.org\",\"@graph\":[{\"@type\":\"WebPage\",\"@id\":\"https:\/\/calfrenzy.com\/de\/produktplan\/\",\"url\":\"https:\/\/calfrenzy.com\/de\/produktplan\/\",\"name\":\"Calfrenzy Produktplan - Kommende Funktionen & Updates\",\"isPartOf\":{\"@id\":\"https:\/\/calfrenzy.com\/de\/#website\"},\"primaryImageOfPage\":{\"@id\":\"https:\/\/calfrenzy.com\/de\/produktplan\/#primaryimage\"},\"image\":{\"@id\":\"https:\/\/calfrenzy.com\/de\/produktplan\/#primaryimage\"},\"thumbnailUrl\":\"https:\/\/calfrenzy.com\/wp-content\/uploads\/2025\/11\/Roadmap-German.png\",\"datePublished\":\"2025-01-07T10:48:56+00:00\",\"dateModified\":\"2025-10-03T14:44:33+00:00\",\"description\":\"Entdecken Sie die Calfrenzy-Roadmap, um kommende Funktionen, Verbesserungen und Innovationen zu sehen. Bleiben Sie auf dem Laufenden und gestalten Sie die Zukunft der Terminplanung mit.\",\"breadcrumb\":{\"@id\":\"https:\/\/calfrenzy.com\/de\/produktplan\/#breadcrumb\"},\"inLanguage\":\"de\",\"potentialAction\":[{\"@type\":\"ReadAction\",\"target\":[\"https:\/\/calfrenzy.com\/de\/produktplan\/\"]}]},{\"@type\":\"ImageObject\",\"inLanguage\":\"de\",\"@id\":\"https:\/\/calfrenzy.com\/de\/produktplan\/#primaryimage\",\"url\":\"https:\/\/calfrenzy.com\/wp-content\/uploads\/2025\/11\/Roadmap-German.png\",\"contentUrl\":\"https:\/\/calfrenzy.com\/wp-content\/uploads\/2025\/11\/Roadmap-German.png\",\"width\":2400,\"height\":1260},{\"@type\":\"BreadcrumbList\",\"@id\":\"https:\/\/calfrenzy.com\/de\/produktplan\/#breadcrumb\",\"itemListElement\":[{\"@type\":\"ListItem\",\"position\":1,\"name\":\"Home\",\"item\":\"https:\/\/calfrenzy.com\/de\/\"},{\"@type\":\"ListItem\",\"position\":2,\"name\":\"Produktplan\"}]},{\"@type\":\"WebSite\",\"@id\":\"https:\/\/calfrenzy.com\/de\/#website\",\"url\":\"https:\/\/calfrenzy.com\/de\/\",\"name\":\"Calfrenzy\",\"description\":\"Easy Scheduling Across Time Zones and Organizations\",\"publisher\":{\"@id\":\"https:\/\/calfrenzy.com\/de\/#organization\"},\"alternateName\":\"calfrenzy\",\"potentialAction\":[{\"@type\":\"SearchAction\",\"target\":{\"@type\":\"EntryPoint\",\"urlTemplate\":\"https:\/\/calfrenzy.com\/de\/?s={search_term_string}\"},\"query-input\":{\"@type\":\"PropertyValueSpecification\",\"valueRequired\":true,\"valueName\":\"search_term_string\"}}],\"inLanguage\":\"de\"},{\"@type\":\"Organization\",\"@id\":\"https:\/\/calfrenzy.com\/de\/#organization\",\"name\":\"Calfrenzy\",\"alternateName\":\"calfrenzy\",\"url\":\"https:\/\/calfrenzy.com\/de\/\",\"logo\":{\"@type\":\"ImageObject\",\"inLanguage\":\"de\",\"@id\":\"https:\/\/calfrenzy.com\/de\/#\/schema\/logo\/image\/\",\"url\":\"https:\/\/calfrenzy.com\/wp-content\/uploads\/2024\/06\/float_6_1.svg\",\"contentUrl\":\"https:\/\/calfrenzy.com\/wp-content\/uploads\/2024\/06\/float_6_1.svg\",\"width\":47,\"height\":50,\"caption\":\"Calfrenzy\"},\"image\":{\"@id\":\"https:\/\/calfrenzy.com\/de\/#\/schema\/logo\/image\/\"},\"sameAs\":[\"https:\/\/www.facebook.com\/calfrenzy\",\"https:\/\/x.com\/calfrenzy53224\",\"https:\/\/www.youtube.com\/@Calfrenzy\",\"https:\/\/www.linkedin.com\/company\/calfrenzy\",\"https:\/\/www.capterra.com\/p\/10020993\/CalFrenzy\/\",\"https:\/\/chromewebstore.google.com\/detail\/calfrenzy-free-online-app\/igmlifilbgnlaijamohaakgoacoeoidk?hl=en\",\"https:\/\/workspace.google.com\/marketplace\/app\/calfrenzy\/369573383535\",\"https:\/\/www.trustpilot.com\/review\/calfrenzy.com\",\"https:\/\/www.g2.com\/products\/calfrenzy\/reviews\"]}]}<\/script>\n<!-- \/ Yoast SEO Premium plugin. -->","yoast_head_json":{"title":"Calfrenzy Produktplan - Kommende Funktionen & Updates","description":"Entdecken Sie die Calfrenzy-Roadmap, um kommende Funktionen, Verbesserungen und Innovationen zu sehen. Bleiben Sie auf dem Laufenden und gestalten Sie die Zukunft der Terminplanung mit.","robots":{"index":"index","follow":"follow","max-snippet":"max-snippet:-1","max-image-preview":"max-image-preview:large","max-video-preview":"max-video-preview:-1"},"canonical":"https:\/\/calfrenzy.com\/de\/produktplan\/","og_locale":"de_DE","og_type":"article","og_title":"Produktplan","og_description":"Entdecken Sie die Calfrenzy-Roadmap, um kommende Funktionen, Verbesserungen und Innovationen zu sehen. Bleiben Sie auf dem Laufenden und gestalten Sie die Zukunft der Terminplanung mit.","og_url":"https:\/\/calfrenzy.com\/de\/produktplan\/","og_site_name":"calfrenzy","article_publisher":"https:\/\/www.facebook.com\/calfrenzy","article_modified_time":"2025-10-03T14:44:33+00:00","og_image":[{"width":1620,"height":632,"url":"https:\/\/calfrenzy.com\/wp-content\/uploads\/2024\/06\/ease_3.png","type":"image\/png"}],"twitter_card":"summary_large_image","twitter_site":"@calfrenzy53224","twitter_misc":{"Gesch\u00e4tzte Lesezeit":"1\u00a0Minute"},"schema":{"@context":"https:\/\/schema.org","@graph":[{"@type":"WebPage","@id":"https:\/\/calfrenzy.com\/de\/produktplan\/","url":"https:\/\/calfrenzy.com\/de\/produktplan\/","name":"Calfrenzy Produktplan - Kommende Funktionen & Updates","isPartOf":{"@id":"https:\/\/calfrenzy.com\/de\/#website"},"primaryImageOfPage":{"@id":"https:\/\/calfrenzy.com\/de\/produktplan\/#primaryimage"},"image":{"@id":"https:\/\/calfrenzy.com\/de\/produktplan\/#primaryimage"},"thumbnailUrl":"https:\/\/calfrenzy.com\/wp-content\/uploads\/2025\/11\/Roadmap-German.png","datePublished":"2025-01-07T10:48:56+00:00","dateModified":"2025-10-03T14:44:33+00:00","description":"Entdecken Sie die Calfrenzy-Roadmap, um kommende Funktionen, Verbesserungen und Innovationen zu sehen. Bleiben Sie auf dem Laufenden und gestalten Sie die Zukunft der Terminplanung mit.","breadcrumb":{"@id":"https:\/\/calfrenzy.com\/de\/produktplan\/#breadcrumb"},"inLanguage":"de","potentialAction":[{"@type":"ReadAction","target":["https:\/\/calfrenzy.com\/de\/produktplan\/"]}]},{"@type":"ImageObject","inLanguage":"de","@id":"https:\/\/calfrenzy.com\/de\/produktplan\/#primaryimage","url":"https:\/\/calfrenzy.com\/wp-content\/uploads\/2025\/11\/Roadmap-German.png","contentUrl":"https:\/\/calfrenzy.com\/wp-content\/uploads\/2025\/11\/Roadmap-German.png","width":2400,"height":1260},{"@type":"BreadcrumbList","@id":"https:\/\/calfrenzy.com\/de\/produktplan\/#breadcrumb","itemListElement":[{"@type":"ListItem","position":1,"name":"Home","item":"https:\/\/calfrenzy.com\/de\/"},{"@type":"ListItem","position":2,"name":"Produktplan"}]},{"@type":"WebSite","@id":"https:\/\/calfrenzy.com\/de\/#website","url":"https:\/\/calfrenzy.com\/de\/","name":"Calfrenzy","description":"Easy Scheduling Across Time Zones and Organizations","publisher":{"@id":"https:\/\/calfrenzy.com\/de\/#organization"},"alternateName":"calfrenzy","potentialAction":[{"@type":"SearchAction","target":{"@type":"EntryPoint","urlTemplate":"https:\/\/calfrenzy.com\/de\/?s={search_term_string}"},"query-input":{"@type":"PropertyValueSpecification","valueRequired":true,"valueName":"search_term_string"}}],"inLanguage":"de"},{"@type":"Organization","@id":"https:\/\/calfrenzy.com\/de\/#organization","name":"Calfrenzy","alternateName":"calfrenzy","url":"https:\/\/calfrenzy.com\/de\/","logo":{"@type":"ImageObject","inLanguage":"de","@id":"https:\/\/calfrenzy.com\/de\/#\/schema\/logo\/image\/","url":"https:\/\/calfrenzy.com\/wp-content\/uploads\/2024\/06\/float_6_1.svg","contentUrl":"https:\/\/calfrenzy.com\/wp-content\/uploads\/2024\/06\/float_6_1.svg","width":47,"height":50,"caption":"Calfrenzy"},"image":{"@id":"https:\/\/calfrenzy.com\/de\/#\/schema\/logo\/image\/"},"sameAs":["https:\/\/www.facebook.com\/calfrenzy","https:\/\/x.com\/calfrenzy53224","https:\/\/www.youtube.com\/@Calfrenzy","https:\/\/www.linkedin.com\/company\/calfrenzy","https:\/\/www.capterra.com\/p\/10020993\/CalFrenzy\/","https:\/\/chromewebstore.google.com\/detail\/calfrenzy-free-online-app\/igmlifilbgnlaijamohaakgoacoeoidk?hl=en","https:\/\/workspace.google.com\/marketplace\/app\/calfrenzy\/369573383535","https:\/\/www.trustpilot.com\/review\/calfrenzy.com","https:\/\/www.g2.com\/products\/calfrenzy\/reviews"]}]}},"_links":{"self":[{"href":"https:\/\/calfrenzy.com\/de\/wp-json\/wp\/v2\/pages\/2073","targetHints":{"allow":["GET"]}}],"collection":[{"href":"https:\/\/calfrenzy.com\/de\/wp-json\/wp\/v2\/pages"}],"about":[{"href":"https:\/\/calfrenzy.com\/de\/wp-json\/wp\/v2\/types\/page"}],"author":[{"embeddable":true,"href":"https:\/\/calfrenzy.com\/de\/wp-json\/wp\/v2\/users\/1"}],"replies":[{"embeddable":true,"href":"https:\/\/calfrenzy.com\/de\/wp-json\/wp\/v2\/comments?post=2073"}],"version-history":[{"count":14,"href":"https:\/\/calfrenzy.com\/de\/wp-json\/wp\/v2\/pages\/2073\/revisions"}],"predecessor-version":[{"id":9107,"href":"https:\/\/calfrenzy.com\/de\/wp-json\/wp\/v2\/pages\/2073\/revisions\/9107"}],"wp:featuredmedia":[{"embeddable":true,"href":"https:\/\/calfrenzy.com\/de\/wp-json\/wp\/v2\/media\/10219"}],"wp:attachment":[{"href":"https:\/\/calfrenzy.com\/de\/wp-json\/wp\/v2\/media?parent=2073"}],"curies":[{"name":"wp","href":"https:\/\/api.w.org\/{rel}","templated":true}]}}