{"id":2075,"date":"2024-06-20T11:07:12","date_gmt":"2024-06-20T11:07:12","guid":{"rendered":"https:\/\/calfrenzy.com\/?page_id=2075"},"modified":"2025-02-21T09:35:12","modified_gmt":"2025-02-21T09:35:12","slug":"loesungen","status":"publish","type":"page","link":"https:\/\/calfrenzy.com\/de\/loesungen\/","title":{"rendered":"L\u00f6sungen"},"content":{"rendered":"\n<div class=\"wp-block-cf-solutions-banner wrapper_solutions_banner\"><div class=\"solutions_banner\">\n<div class=\"solutions_banner__content\">\n<h1 class=\"wp-block-heading\"><mark style=\"background-color:rgba(0, 0, 0, 0)\" class=\"has-inline-color has-base-green-right-color\">Online<\/mark>\u2013<mark style=\"background-color:rgba(0, 0, 0, 0)\" class=\"has-inline-color has-primary-yellow-color\">Terminplanungssoftware,<\/mark> die f\u00fcr viele Branchen <mark style=\"background-color:rgba(0, 0, 0, 0)\" class=\"has-inline-color has-base-green-left-color\">funktioniert<\/mark><\/h1>\n\n\n\n<p>Calfrenzy ist eine vielseitige, benutzerfreundliche Plattform, die den Bed\u00fcrfnissen von Unternehmen in verschiedenen Branchen gerecht wird. Egal, ob Sie Termine im Bereich Recruiting, Bildung oder professionelle Dienstleistungen verwalten \u2013 es vereinfacht den gesamten Prozess. <\/p>\n\n\n\n<div class=\"wp-block-button\"><a class=\"wp-block-button__link wp-element-button\" href=\"https:\/\/schedule.calfrenzy.com\/auth\/sign-up\">Jetzt kostenlos loslegen<\/a><\/div>\n<\/div>\n\n\n\n<div class=\"solutions_banner__image\">\n<figure class=\"wp-block-image\"><img decoding=\"async\" src=\"\/wp-content\/uploads\/2024\/12\/solutions_banner.jpg\" alt=\"Online-Terminplanungssoftware, Die F&#xFC;r Viele Branchen Funktioniert\"\/><\/figure>\n\n\n\n<div class=\"wp-block-group solutions_banner__image-float_left is-layout-flow wp-block-group-is-layout-flow\">\n<figure class=\"wp-block-image\"><img decoding=\"async\" src=\"\/wp-content\/themes\/calfrenzy\/assets\/images\/solution_float_1.png\" alt=\"Projektteam-Koordination\"\/><\/figure>\n\n\n\n<p class=\"solutions_banner__image-float_left--title\">Projektteam-Koordination<\/p>\n\n\n\n<p class=\"solutions_banner__image-float_left--text\">Gruppenplanung, 1 Std.<\/p>\n<\/div>\n\n\n\n<div class=\"wp-block-group solutions_banner__image-float_right is-layout-flow wp-block-group-is-layout-flow\">\n<figure class=\"wp-block-image\"><img decoding=\"async\" src=\"\/wp-content\/themes\/calfrenzy\/assets\/images\/solution_float_2.png\" alt=\"Systemaktualisierungsbesprechung\"\/><\/figure>\n\n\n\n<p class=\"solutions_banner__image-float_right--title\">Systemaktualisierungsbesprechung<\/p>\n\n\n\n<p class=\"solutions_banner__image-float_right--text\">Gruppen-zu-1-Buchung, 1 Std.<\/p>\n<\/div>\n<\/div>\n<\/div><\/div>\n\n<div class=\"wp-block-cf-solutions-list wrapper_solutions_list\"><div class=\"solutions_list\">\n<h2 class=\"wp-block-heading\" id=\"h-who-can-use-calfrenzy\">Wer Kann Calfrenzy Nutzen?<\/h2>\n\n\n\n<a href=\"https:\/\/calfrenzy.com\/de\/loesungen\/fuer-recruiter\/\" data-target=\"\" class=\"solutions_list_item\">\n<h3 class=\"wp-block-heading\" id=\"h-recruiters\">Recruiter<\/h3>\n\n\n\n<figure class=\"wp-block-image size-full\"><img decoding=\"async\" width=\"300\" height=\"300\" src=\"https:\/\/calfrenzy.com\/wp-content\/uploads\/2025\/02\/recruiters.png\" alt=\"Recruiter\" class=\"wp-image-5638\" srcset=\"https:\/\/calfrenzy.com\/wp-content\/uploads\/2025\/02\/recruiters.png 300w, https:\/\/calfrenzy.com\/wp-content\/uploads\/2025\/02\/recruiters-150x150.png 150w\" sizes=\"(max-width: 300px) 100vw, 300px\" \/><\/figure>\n\n\n\n<p>Koordinieren Sie effizient Kandidateninterviews und interne Meetings.<\/p>\n<\/a>\n\n\n\n<a href=\"https:\/\/calfrenzy.com\/de\/loesungen\/fuer-den-vertrieb\/\" data-target=\"\" class=\"solutions_list_item\">\n<h3 class=\"wp-block-heading\" id=\"h-sales-representatives\">Vertriebsmitarbeiter<\/h3>\n\n\n\n<figure class=\"wp-block-image size-full\"><img decoding=\"async\" width=\"300\" height=\"300\" src=\"https:\/\/calfrenzy.com\/wp-content\/uploads\/2025\/02\/sales-representatives.png\" alt=\"Vertriebsmitarbeiter\" class=\"wp-image-5639\" srcset=\"https:\/\/calfrenzy.com\/wp-content\/uploads\/2025\/02\/sales-representatives.png 300w, https:\/\/calfrenzy.com\/wp-content\/uploads\/2025\/02\/sales-representatives-150x150.png 150w\" sizes=\"(max-width: 300px) 100vw, 300px\" \/><\/figure>\n\n\n\n<p>Verwalten Sie Kundenmeetings und Nachverfolgungen \u00fcber verschiedene Zeitzonen hinweg.<\/p>\n<\/a>\n\n\n\n<a href=\"https:\/\/calfrenzy.com\/de\/loesungen\/fuer-das-marketing\/\" data-target=\"\" class=\"solutions_list_item\">\n<h3 class=\"wp-block-heading\" id=\"h-marketing-managers\">Marketing-Manager<\/h3>\n\n\n\n<figure class=\"wp-block-image size-full\"><img decoding=\"async\" width=\"300\" height=\"300\" src=\"https:\/\/calfrenzy.com\/wp-content\/uploads\/2025\/02\/marketing-managers.png\" alt=\"Marketing-Manager\" class=\"wp-image-5640\" srcset=\"https:\/\/calfrenzy.com\/wp-content\/uploads\/2025\/02\/marketing-managers.png 300w, https:\/\/calfrenzy.com\/wp-content\/uploads\/2025\/02\/marketing-managers-150x150.png 150w\" sizes=\"(max-width: 300px) 100vw, 300px\" \/><\/figure>\n\n\n\n<p>Planen Sie Kundenpr\u00e4sentationen und Team-Brainstorming-Sitzungen.<\/p>\n<\/a>\n\n\n\n<a href=\"https:\/\/calfrenzy.com\/de\/loesungen\/fuer-kundenserviceteams\/\" data-target=\"\" class=\"solutions_list_item\">\n<h3 class=\"wp-block-heading\" id=\"h-customer-success-managers\">Kundenerfolgsmanager<\/h3>\n\n\n\n<figure class=\"wp-block-image size-full\"><img decoding=\"async\" width=\"300\" height=\"300\" src=\"https:\/\/calfrenzy.com\/wp-content\/uploads\/2025\/02\/customer-success-managers.png\" alt=\"Kundenerfolgsmanager\" class=\"wp-image-5641\" srcset=\"https:\/\/calfrenzy.com\/wp-content\/uploads\/2025\/02\/customer-success-managers.png 300w, https:\/\/calfrenzy.com\/wp-content\/uploads\/2025\/02\/customer-success-managers-150x150.png 150w\" sizes=\"(max-width: 300px) 100vw, 300px\" \/><\/figure>\n\n\n\n<p>Finden Sie die richtige Balance zwischen individuellem Kundensupport und Teamkoordination.<\/p>\n<\/a>\n\n\n\n<a href=\"https:\/\/calfrenzy.com\/de\/loesungen\/fuer-projektmanager\/\" data-target=\"\" class=\"solutions_list_item\">\n<h3 class=\"wp-block-heading\" id=\"h-project-managers\">Projektmanager<\/h3>\n\n\n\n<figure class=\"wp-block-image size-full\"><img decoding=\"async\" width=\"300\" height=\"300\" src=\"https:\/\/calfrenzy.com\/wp-content\/uploads\/2025\/02\/project-managers.png\" alt=\"Projektmanager\" class=\"wp-image-5643\" srcset=\"https:\/\/calfrenzy.com\/wp-content\/uploads\/2025\/02\/project-managers.png 300w, https:\/\/calfrenzy.com\/wp-content\/uploads\/2025\/02\/project-managers-150x150.png 150w\" sizes=\"(max-width: 300px) 100vw, 300px\" \/><\/figure>\n\n\n\n<p>Organisieren Sie Projektmeetings mit diversen Teams und Stakeholdern.<\/p>\n<\/a>\n\n\n\n<a href=\"https:\/\/calfrenzy.com\/de\/loesungen\/fuer-it-projektmanager\/\" data-target=\"\" class=\"solutions_list_item\">\n<h3 class=\"wp-block-heading\" id=\"h-it-managers\">IT-Manager<\/h3>\n\n\n\n<figure class=\"wp-block-image size-full\"><img decoding=\"async\" width=\"300\" height=\"300\" src=\"https:\/\/calfrenzy.com\/wp-content\/uploads\/2025\/02\/IT-Managers.png\" alt=\"IT-Manager\" class=\"wp-image-5644\" srcset=\"https:\/\/calfrenzy.com\/wp-content\/uploads\/2025\/02\/IT-Managers.png 300w, https:\/\/calfrenzy.com\/wp-content\/uploads\/2025\/02\/IT-Managers-150x150.png 150w\" sizes=\"(max-width: 300px) 100vw, 300px\" \/><\/figure>\n\n\n\n<p>Planen Sie Tech-Support-Sitzungen und Team-Meetings.<\/p>\n<\/a>\n\n\n\n<a href=\"https:\/\/calfrenzy.com\/de\/loesungen\/fuer-lehrkraefte\/\" data-target=\"\" class=\"solutions_list_item\">\n<h3 class=\"wp-block-heading\" id=\"h-educators\">Lehrkr\u00e4fte<\/h3>\n\n\n\n<figure class=\"wp-block-image size-full\"><img decoding=\"async\" width=\"300\" height=\"300\" src=\"https:\/\/calfrenzy.com\/wp-content\/uploads\/2025\/02\/Educators.png\" alt=\"Lehrkr&#xE4;fte\" class=\"wp-image-5645\" srcset=\"https:\/\/calfrenzy.com\/wp-content\/uploads\/2025\/02\/Educators.png 300w, https:\/\/calfrenzy.com\/wp-content\/uploads\/2025\/02\/Educators-150x150.png 150w\" sizes=\"(max-width: 300px) 100vw, 300px\" \/><\/figure>\n\n\n\n<p>Vereinfachen Sie die Terminplanung f\u00fcr Eltern-Lehrer-Konferenzen und Mitarbeitersitzungen.<\/p>\n<\/a>\n\n\n\n<a href=\"https:\/\/calfrenzy.com\/de\/loesungen\/fuer-anwaelte\/\" data-target=\"\" class=\"solutions_list_item\">\n<h3 class=\"wp-block-heading\" id=\"h-lawyers\">Anw\u00e4lte<\/h3>\n\n\n\n<figure class=\"wp-block-image size-full\"><img decoding=\"async\" width=\"300\" height=\"300\" src=\"https:\/\/calfrenzy.com\/wp-content\/uploads\/2025\/02\/Lawyers.png\" alt=\"Anw&#xE4;lte\" class=\"wp-image-5646\" srcset=\"https:\/\/calfrenzy.com\/wp-content\/uploads\/2025\/02\/Lawyers.png 300w, https:\/\/calfrenzy.com\/wp-content\/uploads\/2025\/02\/Lawyers-150x150.png 150w\" sizes=\"(max-width: 300px) 100vw, 300px\" \/><\/figure>\n\n\n\n<p>Finden Sie die richtige Balance zwischen Mandantenberatung und Koordination des Anwaltsteams.<\/p>\n<\/a>\n\n\n\n<a href=\"https:\/\/calfrenzy.com\/de\/loesungen\/fuer-assistenten-der-fuehrungskraefte\/\" data-target=\"\" class=\"solutions_list_item\">\n<h3 class=\"wp-block-heading\" id=\"h-executive-assistants\">Assistenten der F\u00fchrungskr\u00e4fte<\/h3>\n\n\n\n<figure class=\"wp-block-image size-full\"><img decoding=\"async\" width=\"300\" height=\"300\" src=\"https:\/\/calfrenzy.com\/wp-content\/uploads\/2025\/02\/Executive-Assistants.png\" alt=\"Assistenten der F&#xFC;hrungskr&#xE4;fte\" class=\"wp-image-5647\" srcset=\"https:\/\/calfrenzy.com\/wp-content\/uploads\/2025\/02\/Executive-Assistants.png 300w, https:\/\/calfrenzy.com\/wp-content\/uploads\/2025\/02\/Executive-Assistants-150x150.png 150w\" sizes=\"(max-width: 300px) 100vw, 300px\" \/><\/figure>\n\n\n\n<p>Verwalten Sie die Zeitpl\u00e4ne der F\u00fchrungskr\u00e4fte effizient.<\/p>\n<\/a>\n<\/div><\/div>\n\n<div class=\"wp-block-cf-yellow-cta wrapper_yellow_cta\"><div class=\"yellow_cta\"><div class=\"yellow_cta__content\">\n<h2 class=\"wp-block-heading has-text-align-center\" id=\"h-ready-to-start-scheduling\">Bereit, Mit Der Terminplanung Zu Starten?<\/h2>\n\n\n\n<p class=\"has-text-align-center\">Melden Sie sich noch heute f\u00fcr eine kostenlose Testphase an und erleben Sie, wie Sie Ihre Terminplanung vereinfachen, die Effizienz steigern und Ihren Arbeitsablauf in jeder Branche optimieren k\u00f6nnen. Starten Sie jetzt und sp\u00fcren Sie den Unterschied! <\/p>\n\n\n\n<div class=\"wp-block-button\"><a class=\"wp-block-button__link has-text-align-left wp-element-button\" href=\"https:\/\/schedule.calfrenzy.com\/auth\/sign-up\">Jetzt kostenlos loslegen<\/a><\/div>\n<\/div><\/div><\/div>\n","protected":false},"excerpt":{"rendered":"","protected":false},"author":1,"featured_media":0,"parent":0,"menu_order":0,"comment_status":"closed","ping_status":"closed","template":"","meta":{"inline_featured_image":false,"footnotes":""},"class_list":["post-2075","page","type-page","status-publish","hentry"],"yoast_head":"<!-- This site is optimized with the Yoast SEO Premium plugin v26.8 (Yoast SEO v26.8) - https:\/\/yoast.com\/product\/yoast-seo-premium-wordpress\/ -->\n<title>Branche L\u00f6sungen - Calfrenzy<\/title>\n<meta name=\"description\" content=\"Calfrenzy ist ein Tool zur Terminplanung mit Premium-Funktionen. Es vereinfacht die Online-Terminplanung f\u00fcr Fachleute in zahlreichen Branchen.\" \/>\n<meta name=\"robots\" content=\"index, follow, max-snippet:-1, max-image-preview:large, max-video-preview:-1\" \/>\n<link rel=\"canonical\" href=\"https:\/\/calfrenzy.com\/de\/loesungen\/\" \/>\n<meta property=\"og:locale\" content=\"de_DE\" \/>\n<meta property=\"og:type\" content=\"article\" \/>\n<meta property=\"og:title\" content=\"L\u00f6sungen\" \/>\n<meta property=\"og:description\" content=\"Calfrenzy ist ein Tool zur Terminplanung mit Premium-Funktionen. Es vereinfacht die Online-Terminplanung f\u00fcr Fachleute in zahlreichen Branchen.\" \/>\n<meta property=\"og:url\" content=\"https:\/\/calfrenzy.com\/de\/loesungen\/\" \/>\n<meta property=\"og:site_name\" content=\"calfrenzy\" \/>\n<meta property=\"article:publisher\" content=\"https:\/\/www.facebook.com\/calfrenzy\" \/>\n<meta property=\"article:modified_time\" content=\"2025-02-21T09:35:12+00:00\" \/>\n<meta property=\"og:image\" content=\"https:\/\/calfrenzy.com\/wp-content\/uploads\/2025\/02\/recruiters.png\" \/>\n<meta name=\"twitter:card\" content=\"summary_large_image\" \/>\n<meta name=\"twitter:site\" content=\"@calfrenzy53224\" \/>\n<meta name=\"twitter:label1\" content=\"Gesch\u00e4tzte Lesezeit\" \/>\n\t<meta name=\"twitter:data1\" content=\"1\u00a0Minute\" \/>\n<script type=\"application\/ld+json\" class=\"yoast-schema-graph\">{\"@context\":\"https:\/\/schema.org\",\"@graph\":[{\"@type\":\"WebPage\",\"@id\":\"https:\/\/calfrenzy.com\/de\/loesungen\/\",\"url\":\"https:\/\/calfrenzy.com\/de\/loesungen\/\",\"name\":\"Branche L\u00f6sungen - Calfrenzy\",\"isPartOf\":{\"@id\":\"https:\/\/calfrenzy.com\/de\/#website\"},\"primaryImageOfPage\":{\"@id\":\"https:\/\/calfrenzy.com\/de\/loesungen\/#primaryimage\"},\"image\":{\"@id\":\"https:\/\/calfrenzy.com\/de\/loesungen\/#primaryimage\"},\"thumbnailUrl\":\"https:\/\/calfrenzy.com\/wp-content\/uploads\/2025\/02\/recruiters.png\",\"datePublished\":\"2024-06-20T11:07:12+00:00\",\"dateModified\":\"2025-02-21T09:35:12+00:00\",\"description\":\"Calfrenzy ist ein Tool zur Terminplanung mit Premium-Funktionen. Es vereinfacht die Online-Terminplanung f\u00fcr Fachleute in zahlreichen Branchen.\",\"breadcrumb\":{\"@id\":\"https:\/\/calfrenzy.com\/de\/loesungen\/#breadcrumb\"},\"inLanguage\":\"de\",\"potentialAction\":[{\"@type\":\"ReadAction\",\"target\":[\"https:\/\/calfrenzy.com\/de\/loesungen\/\"]}]},{\"@type\":\"ImageObject\",\"inLanguage\":\"de\",\"@id\":\"https:\/\/calfrenzy.com\/de\/loesungen\/#primaryimage\",\"url\":\"https:\/\/calfrenzy.com\/wp-content\/uploads\/2025\/02\/recruiters.png\",\"contentUrl\":\"https:\/\/calfrenzy.com\/wp-content\/uploads\/2025\/02\/recruiters.png\"},{\"@type\":\"BreadcrumbList\",\"@id\":\"https:\/\/calfrenzy.com\/de\/loesungen\/#breadcrumb\",\"itemListElement\":[{\"@type\":\"ListItem\",\"position\":1,\"name\":\"Home\",\"item\":\"https:\/\/calfrenzy.com\/de\/\"},{\"@type\":\"ListItem\",\"position\":2,\"name\":\"L\u00f6sungen\"}]},{\"@type\":\"WebSite\",\"@id\":\"https:\/\/calfrenzy.com\/de\/#website\",\"url\":\"https:\/\/calfrenzy.com\/de\/\",\"name\":\"Calfrenzy\",\"description\":\"Easy Scheduling Across Time Zones and Organizations\",\"publisher\":{\"@id\":\"https:\/\/calfrenzy.com\/de\/#organization\"},\"alternateName\":\"calfrenzy\",\"potentialAction\":[{\"@type\":\"SearchAction\",\"target\":{\"@type\":\"EntryPoint\",\"urlTemplate\":\"https:\/\/calfrenzy.com\/de\/?s={search_term_string}\"},\"query-input\":{\"@type\":\"PropertyValueSpecification\",\"valueRequired\":true,\"valueName\":\"search_term_string\"}}],\"inLanguage\":\"de\"},{\"@type\":\"Organization\",\"@id\":\"https:\/\/calfrenzy.com\/de\/#organization\",\"name\":\"Calfrenzy\",\"alternateName\":\"calfrenzy\",\"url\":\"https:\/\/calfrenzy.com\/de\/\",\"logo\":{\"@type\":\"ImageObject\",\"inLanguage\":\"de\",\"@id\":\"https:\/\/calfrenzy.com\/de\/#\/schema\/logo\/image\/\",\"url\":\"https:\/\/calfrenzy.com\/wp-content\/uploads\/2024\/06\/float_6_1.svg\",\"contentUrl\":\"https:\/\/calfrenzy.com\/wp-content\/uploads\/2024\/06\/float_6_1.svg\",\"width\":47,\"height\":50,\"caption\":\"Calfrenzy\"},\"image\":{\"@id\":\"https:\/\/calfrenzy.com\/de\/#\/schema\/logo\/image\/\"},\"sameAs\":[\"https:\/\/www.facebook.com\/calfrenzy\",\"https:\/\/x.com\/calfrenzy53224\",\"https:\/\/www.youtube.com\/@Calfrenzy\",\"https:\/\/www.linkedin.com\/company\/calfrenzy\",\"https:\/\/www.capterra.com\/p\/10020993\/CalFrenzy\/\",\"https:\/\/chromewebstore.google.com\/detail\/calfrenzy-free-online-app\/igmlifilbgnlaijamohaakgoacoeoidk?hl=en\",\"https:\/\/workspace.google.com\/marketplace\/app\/calfrenzy\/369573383535\",\"https:\/\/www.trustpilot.com\/review\/calfrenzy.com\",\"https:\/\/www.g2.com\/products\/calfrenzy\/reviews\"]}]}<\/script>\n<!-- \/ Yoast SEO Premium plugin. -->","yoast_head_json":{"title":"Branche L\u00f6sungen - Calfrenzy","description":"Calfrenzy ist ein Tool zur Terminplanung mit Premium-Funktionen. Es vereinfacht die Online-Terminplanung f\u00fcr Fachleute in zahlreichen Branchen.","robots":{"index":"index","follow":"follow","max-snippet":"max-snippet:-1","max-image-preview":"max-image-preview:large","max-video-preview":"max-video-preview:-1"},"canonical":"https:\/\/calfrenzy.com\/de\/loesungen\/","og_locale":"de_DE","og_type":"article","og_title":"L\u00f6sungen","og_description":"Calfrenzy ist ein Tool zur Terminplanung mit Premium-Funktionen. Es vereinfacht die Online-Terminplanung f\u00fcr Fachleute in zahlreichen Branchen.","og_url":"https:\/\/calfrenzy.com\/de\/loesungen\/","og_site_name":"calfrenzy","article_publisher":"https:\/\/www.facebook.com\/calfrenzy","article_modified_time":"2025-02-21T09:35:12+00:00","og_image":[{"url":"https:\/\/calfrenzy.com\/wp-content\/uploads\/2025\/02\/recruiters.png","type":"","width":"","height":""}],"twitter_card":"summary_large_image","twitter_site":"@calfrenzy53224","twitter_misc":{"Gesch\u00e4tzte Lesezeit":"1\u00a0Minute"},"schema":{"@context":"https:\/\/schema.org","@graph":[{"@type":"WebPage","@id":"https:\/\/calfrenzy.com\/de\/loesungen\/","url":"https:\/\/calfrenzy.com\/de\/loesungen\/","name":"Branche L\u00f6sungen - Calfrenzy","isPartOf":{"@id":"https:\/\/calfrenzy.com\/de\/#website"},"primaryImageOfPage":{"@id":"https:\/\/calfrenzy.com\/de\/loesungen\/#primaryimage"},"image":{"@id":"https:\/\/calfrenzy.com\/de\/loesungen\/#primaryimage"},"thumbnailUrl":"https:\/\/calfrenzy.com\/wp-content\/uploads\/2025\/02\/recruiters.png","datePublished":"2024-06-20T11:07:12+00:00","dateModified":"2025-02-21T09:35:12+00:00","description":"Calfrenzy ist ein Tool zur Terminplanung mit Premium-Funktionen. Es vereinfacht die Online-Terminplanung f\u00fcr Fachleute in zahlreichen Branchen.","breadcrumb":{"@id":"https:\/\/calfrenzy.com\/de\/loesungen\/#breadcrumb"},"inLanguage":"de","potentialAction":[{"@type":"ReadAction","target":["https:\/\/calfrenzy.com\/de\/loesungen\/"]}]},{"@type":"ImageObject","inLanguage":"de","@id":"https:\/\/calfrenzy.com\/de\/loesungen\/#primaryimage","url":"https:\/\/calfrenzy.com\/wp-content\/uploads\/2025\/02\/recruiters.png","contentUrl":"https:\/\/calfrenzy.com\/wp-content\/uploads\/2025\/02\/recruiters.png"},{"@type":"BreadcrumbList","@id":"https:\/\/calfrenzy.com\/de\/loesungen\/#breadcrumb","itemListElement":[{"@type":"ListItem","position":1,"name":"Home","item":"https:\/\/calfrenzy.com\/de\/"},{"@type":"ListItem","position":2,"name":"L\u00f6sungen"}]},{"@type":"WebSite","@id":"https:\/\/calfrenzy.com\/de\/#website","url":"https:\/\/calfrenzy.com\/de\/","name":"Calfrenzy","description":"Easy Scheduling Across Time Zones and Organizations","publisher":{"@id":"https:\/\/calfrenzy.com\/de\/#organization"},"alternateName":"calfrenzy","potentialAction":[{"@type":"SearchAction","target":{"@type":"EntryPoint","urlTemplate":"https:\/\/calfrenzy.com\/de\/?s={search_term_string}"},"query-input":{"@type":"PropertyValueSpecification","valueRequired":true,"valueName":"search_term_string"}}],"inLanguage":"de"},{"@type":"Organization","@id":"https:\/\/calfrenzy.com\/de\/#organization","name":"Calfrenzy","alternateName":"calfrenzy","url":"https:\/\/calfrenzy.com\/de\/","logo":{"@type":"ImageObject","inLanguage":"de","@id":"https:\/\/calfrenzy.com\/de\/#\/schema\/logo\/image\/","url":"https:\/\/calfrenzy.com\/wp-content\/uploads\/2024\/06\/float_6_1.svg","contentUrl":"https:\/\/calfrenzy.com\/wp-content\/uploads\/2024\/06\/float_6_1.svg","width":47,"height":50,"caption":"Calfrenzy"},"image":{"@id":"https:\/\/calfrenzy.com\/de\/#\/schema\/logo\/image\/"},"sameAs":["https:\/\/www.facebook.com\/calfrenzy","https:\/\/x.com\/calfrenzy53224","https:\/\/www.youtube.com\/@Calfrenzy","https:\/\/www.linkedin.com\/company\/calfrenzy","https:\/\/www.capterra.com\/p\/10020993\/CalFrenzy\/","https:\/\/chromewebstore.google.com\/detail\/calfrenzy-free-online-app\/igmlifilbgnlaijamohaakgoacoeoidk?hl=en","https:\/\/workspace.google.com\/marketplace\/app\/calfrenzy\/369573383535","https:\/\/www.trustpilot.com\/review\/calfrenzy.com","https:\/\/www.g2.com\/products\/calfrenzy\/reviews"]}]}},"_links":{"self":[{"href":"https:\/\/calfrenzy.com\/de\/wp-json\/wp\/v2\/pages\/2075","targetHints":{"allow":["GET"]}}],"collection":[{"href":"https:\/\/calfrenzy.com\/de\/wp-json\/wp\/v2\/pages"}],"about":[{"href":"https:\/\/calfrenzy.com\/de\/wp-json\/wp\/v2\/types\/page"}],"author":[{"embeddable":true,"href":"https:\/\/calfrenzy.com\/de\/wp-json\/wp\/v2\/users\/1"}],"replies":[{"embeddable":true,"href":"https:\/\/calfrenzy.com\/de\/wp-json\/wp\/v2\/comments?post=2075"}],"version-history":[{"count":16,"href":"https:\/\/calfrenzy.com\/de\/wp-json\/wp\/v2\/pages\/2075\/revisions"}],"predecessor-version":[{"id":5818,"href":"https:\/\/calfrenzy.com\/de\/wp-json\/wp\/v2\/pages\/2075\/revisions\/5818"}],"wp:attachment":[{"href":"https:\/\/calfrenzy.com\/de\/wp-json\/wp\/v2\/media?parent=2075"}],"curies":[{"name":"wp","href":"https:\/\/api.w.org\/{rel}","templated":true}]}}