{"id":7608,"date":"2025-06-26T12:03:17","date_gmt":"2025-06-26T12:03:17","guid":{"rendered":"https:\/\/calfrenzy.com\/?page_id=7608"},"modified":"2025-11-18T16:14:55","modified_gmt":"2025-11-18T16:14:55","slug":"meeting-zeitzonenplaner","status":"publish","type":"page","link":"https:\/\/calfrenzy.com\/de\/funktionen\/meeting-zeitzonenplaner\/","title":{"rendered":"Meeting-Zeitzonenplaner"},"content":{"rendered":"\n<div class=\"wp-block-cf-features-banner wrapper_features_banner\"><div class=\"features_banner\">\n<div class=\"features_banner__content\">\n<h1 class=\"wp-block-heading\" id=\"h-plan-meetings-across-time-zones-without-confusion\">Meetings \u00fcber <mark style=\"background-color:rgba(0, 0, 0, 0)\" class=\"has-inline-color has-base-green-right-color\">Zeitzonen<\/mark> hinweg <mark style=\"background-color:rgba(0, 0, 0, 0)\" class=\"has-inline-color has-primary-yellow-color\">planen<\/mark> \u2013 ganz ohne <mark style=\"background-color:rgba(0, 0, 0, 0)\" class=\"has-inline-color has-base-green-left-color\">Verwirrung<\/mark><\/h1>\n\n\n\n<p>Calfrenzy erkennt und konvertiert Zeitzonen automatisch \u2013 damit du und deine Kund:innen immer zur richtigen Zeit verbunden seid. Globale Terminplanung war noch nie so einfach. <\/p>\n\n\n\n<div class=\"wp-block-button\"><a class=\"wp-block-button__link wp-element-button\" href=\"https:\/\/schedule.calfrenzy.com\/auth\/sign-up\">Jetzt starten \u2013 keine Kreditkarte erforderlich<\/a><\/div>\n<\/div>\n\n\n\n<div class=\"features_banner__image\">\n<figure class=\"wp-block-image size-full zone_planner\"><img decoding=\"async\" src=\"https:\/\/calfrenzy.com\/wp-content\/uploads\/2025\/08\/Meeting-Time-Zone-Planner-German.png\" alt=\"Meetings &#xFC;ber Zeitzonen hinweg planen &#x2013; ganz ohne Verwirrung\" class=\"wp-image-7393\"\/><\/figure>\n<\/div>\n<\/div><\/div>\n\n<div class=\"wp-block-cf-bg-container-block wrapper_bg_container_block\"><div class=\"bg_container_block\">\n<div style=\"min-width:min(calc(421\/1440 * 100vw) , 421px)\" class=\"wp-block-cf-bg-container-block-inner bg_container_block__column\">\n<h2 class=\"wp-block-heading\" id=\"h-why-time-zone-planning-matters\">Warum Zeitzonenplanung wichtig ist<\/h2>\n<\/div>\n\n\n\n<div class=\"wp-block-cf-bg-container-block-inner bg_container_block__column\">\n<p>Terminplanung \u00fcber Zeitzonen hinweg sollte keine Kopfrechnung oder ewigen E-Mail-Verkehr erfordern. Calfrenzy erkennt automatisch die Zeitzone jeder Person \u2013 von der Erstellung der Buchungsseite bis zur Terminbest\u00e4tigung. Dein Kalender bleibt in deiner Zeitzone. Die Kund:innen sehen alles in ihrer. Keine Verwirrung, keine Verschiebungen.    <\/p>\n<\/div>\n<\/div><\/div>\n\n<div class=\"wp-block-cf-tools wrapper_tools no_bg\"><div class=\"tools\">\n<h2 class=\"wp-block-heading has-text-align-center\" id=\"h-built-in-time-zone-intelligence\">Intelligente Zeitzonen\u00aderkennung \u2013 direkt eingebaut<\/h2>\n\n\n\n<div class=\"wp-block-cf-tools-items tools__items tools__items--two\">\n<div class=\"wp-block-cf-tools-item tool_item\">\n<figure class=\"wp-block-image size-full\"><img decoding=\"async\" width=\"120\" height=\"120\" src=\"https:\/\/calfrenzy.com\/wp-content\/uploads\/2025\/06\/Automatic-Time-Zone-Detection.png\" alt=\"Automatische Zeitzonenerkennung\" class=\"wp-image-7389\"\/><\/figure>\n\n\n\n<h3 class=\"wp-block-heading\" id=\"h-automatic-time-zone-detection\">Automatische Zeitzonenerkennung<\/h3>\n\n\n\n<ul class=\"wp-block-list\">\n<li>Erkennt deine Zeitzone anhand deines Ger\u00e4ts oder Profils<\/li>\n\n\n\n<li>Keine manuelle Eingabe n\u00f6tig<\/li>\n\n\n\n<li>Termine werden auf allen Buchungsseiten in der lokalen Zeit angezeigt<\/li>\n<\/ul>\n<\/div>\n\n\n\n<div class=\"wp-block-cf-tools-item tool_item\">\n<figure class=\"wp-block-image size-full\"><img decoding=\"async\" width=\"120\" height=\"120\" src=\"https:\/\/calfrenzy.com\/wp-content\/uploads\/2025\/06\/Time-Zone-Lock-for-Hosts.png\" alt=\"Zeitzonen-Fixierung f&#xFC;r Gastgeber:innen\" class=\"wp-image-7390\"\/><\/figure>\n\n\n\n<h3 class=\"wp-block-heading\" id=\"h-time-zone-lock-for-hosts\">Zeitzonen-Fixierung f\u00fcr Gastgeber:innen<\/h3>\n\n\n\n<ul class=\"wp-block-list\">\n<li>Plane konsequent in deiner bevorzugten Zeitzone<\/li>\n\n\n\n<li>Ideal f\u00fcr Reisen oder internationale Projekte<\/li>\n\n\n\n<li>Besonders n\u00fctzlich f\u00fcr globale Coaches oder Freelancer<\/li>\n<\/ul>\n<\/div>\n\n\n\n<div class=\"wp-block-cf-tools-item tool_item\">\n<figure class=\"wp-block-image size-full\"><img decoding=\"async\" width=\"120\" height=\"120\" src=\"https:\/\/calfrenzy.com\/wp-content\/uploads\/2025\/06\/Localized-Booking-Times.png\" alt=\"Lokalisierte Buchungszeiten\" class=\"wp-image-7391\"\/><\/figure>\n\n\n\n<h3 class=\"wp-block-heading\" id=\"h-localized-booking-times\">Lokalisierte Buchungszeiten<\/h3>\n\n\n\n<ul class=\"wp-block-list\">\n<li>Kund:innen sehen die verf\u00fcgbaren Zeiten in ihrer eigenen Zeitzone<\/li>\n\n\n\n<li>Auch die Best\u00e4tigungsseite zeigt die korrekte Zeit an<\/li>\n\n\n\n<li>Reduziert Fehler, Missverst\u00e4ndnisse und Fehlbuchungen<\/li>\n<\/ul>\n<\/div>\n\n\n\n<div class=\"wp-block-cf-tools-item tool_item\">\n<figure class=\"wp-block-image size-full\"><img decoding=\"async\" width=\"120\" height=\"120\" src=\"https:\/\/calfrenzy.com\/wp-content\/uploads\/2025\/06\/No-Apps-or-Accounts-Needed.png\" alt=\"Keine App oder Konto erforderlich\" class=\"wp-image-7392\"\/><\/figure>\n\n\n\n<h3 class=\"wp-block-heading\" id=\"h-no-apps-or-accounts-needed\">Keine App oder Konto erforderlich<\/h3>\n\n\n\n<ul class=\"wp-block-list\">\n<li>Kund:innen m\u00fcssen sich nicht einloggen oder etwas herunterladen<\/li>\n\n\n\n<li>Ein Klick gen\u00fcgt \u2013 Buchung erfolgt automatisch in der richtigen Zeitzone<\/li>\n\n\n\n<li>Ein reibungsloser Ablauf sorgt f\u00fcr Vertrauen und Professionalit\u00e4t<\/li>\n<\/ul>\n<\/div>\n<\/div>\n<\/div><\/div>\n\n<div class=\"wp-block-cf-feature-yellow-cta wrapper_feature_yellow_cta\"><div class=\"feature_yellow_cta\"><div class=\"feature_yellow_cta__content\">\n<h2 class=\"wp-block-heading\">Perfekt f\u00fcr globale Teams &amp; Remote-Arbeit<\/h2>\n\n\n\n<ul class=\"wp-block-list\">\n<li><strong>Freelancer und Agenturen<\/strong>, die mit internationalen Kund:innen arbeiten<\/li>\n\n\n\n<li><strong>Coaches und Berater:innen<\/strong>, mit Zielgruppen auf mehreren Kontinenten<\/li>\n\n\n\n<li><strong>Virtuelle Assistent:innen und Operations-Profis<\/strong>, die verteilte Teams managen<\/li>\n\n\n\n<li><strong>Interview-Planer:innen<\/strong> oder Onboarding-Flows f\u00fcr Kandidat:innen weltweit<\/li>\n<\/ul>\n<\/div><div class=\"feature_yellow_cta__image\"><img decoding=\"async\" src=\"\/wp-content\/themes\/calfrenzy\/assets\/images\/feature_yellow_cta_image.png\" alt=\"Girl with laptop\"\/><\/div><\/div><\/div>\n\n<div class=\"wp-block-cf-faq wrapper_faq\" itemscope itemtype=\"https:\/\/schema.org\/FAQPage\"><div class=\"faq\">\n<h2 class=\"wp-block-heading has-text-align-center\" id=\"h-frequently-asked-questions\">H\u00e4ufige Fragen<\/h2>\n\n\n\n<div class=\"wp-block-cf-faq-item faq_item\" itemscope itemprop=\"mainEntity\" itemtype=\"https:\/\/schema.org\/Question\">\n<div class=\"wp-block-cf-faq-item-question faq_item__title\" onclick=\"$(this).siblings('.faq_item__content').slideToggle().parent().toggleClass('open')\"><div itemprop=\"name\">\n<h3 class=\"wp-block-heading\" id=\"h-how-does-calfrenzy-detect-my-client-s-time-zone\">Wie erkennt Calfrenzy die Zeitzone meiner Kund:innen?<\/h3>\n<\/div><\/div>\n\n\n\n<div class=\"wp-block-cf-faq-item-answer faq_item__content\" itemscope itemprop=\"acceptedAnswer\" itemtype=\"https:\/\/schema.org\/Answer\"><div itemprop=\"text\">\n<p>Wir verwenden ger\u00e4tespezifische Zeitzonendaten, um die Buchungsseite automatisch zu lokalisieren \u2013 ganz ohne Eingabe durch die Kund:innen. <\/p>\n<\/div><\/div>\n<\/div>\n\n\n\n<div class=\"wp-block-cf-faq-item faq_item\" itemscope itemprop=\"mainEntity\" itemtype=\"https:\/\/schema.org\/Question\">\n<div class=\"wp-block-cf-faq-item-question faq_item__title\" onclick=\"$(this).siblings('.faq_item__content').slideToggle().parent().toggleClass('open')\"><div itemprop=\"name\">\n<h3 class=\"wp-block-heading\" id=\"h-what-happens-if-i-travel-to-another-time-zone\">Was passiert, wenn ich in eine andere Zeitzone reise?<\/h3>\n<\/div><\/div>\n\n\n\n<div class=\"wp-block-cf-faq-item-answer faq_item__content\" itemscope itemprop=\"acceptedAnswer\" itemtype=\"https:\/\/schema.org\/Answer\"><div itemprop=\"text\">\n<p>Deine Standard-Zeitzone bleibt aktiv, bis du sie im Profil \u00e4nderst \u2013 deine Verf\u00fcgbarkeit bleibt also konsistent.<\/p>\n<\/div><\/div>\n<\/div>\n\n\n\n<div class=\"wp-block-cf-faq-item faq_item\" itemscope itemprop=\"mainEntity\" itemtype=\"https:\/\/schema.org\/Question\">\n<div class=\"wp-block-cf-faq-item-question faq_item__title\" onclick=\"$(this).siblings('.faq_item__content').slideToggle().parent().toggleClass('open')\"><div itemprop=\"name\">\n<h3 class=\"wp-block-heading\" id=\"h-can-i-lock-all-bookings-to-my-home-time-zone\">Kann ich alle Buchungen an meine Heimat-Zeitzone binden?<\/h3>\n<\/div><\/div>\n\n\n\n<div class=\"wp-block-cf-faq-item-answer faq_item__content\" itemscope itemprop=\"acceptedAnswer\" itemtype=\"https:\/\/schema.org\/Answer\"><div itemprop=\"text\">\n<p>Ja. Du kannst deine bevorzugte Zeitzone in deinem Profil oder im Terminvorlage festlegen und sperren \u2013 f\u00fcr maximale Kontrolle. <\/p>\n<\/div><\/div>\n<\/div>\n\n\n\n<div class=\"wp-block-cf-faq-item faq_item\" itemscope itemprop=\"mainEntity\" itemtype=\"https:\/\/schema.org\/Question\">\n<div class=\"wp-block-cf-faq-item-question faq_item__title\" onclick=\"$(this).siblings('.faq_item__content').slideToggle().parent().toggleClass('open')\"><div itemprop=\"name\">\n<h3 class=\"wp-block-heading\" id=\"h-will-clients-see-the-time-in-their-local-zone\">Sehen Kund:innen die Zeit in ihrer lokalen Zeitzone?<\/h3>\n<\/div><\/div>\n\n\n\n<div class=\"wp-block-cf-faq-item-answer faq_item__content\" itemscope itemprop=\"acceptedAnswer\" itemtype=\"https:\/\/schema.org\/Answer\"><div itemprop=\"text\">\n<p>Absolut. Die Verf\u00fcgbarkeit wird immer in der jeweiligen lokalen Zeit angezeigt \u2013 auch bei der Best\u00e4tigung vor der Buchung. <\/p>\n<\/div><\/div>\n<\/div>\n\n\n\n<div class=\"wp-block-cf-faq-item faq_item\" itemscope itemprop=\"mainEntity\" itemtype=\"https:\/\/schema.org\/Question\">\n<div class=\"wp-block-cf-faq-item-question faq_item__title\" onclick=\"$(this).siblings('.faq_item__content').slideToggle().parent().toggleClass('open')\"><div itemprop=\"name\">\n<h3 class=\"wp-block-heading\" id=\"h-is-any-app-or-account-required-to-use-this-feature\">M\u00fcssen Kund:innen eine App installieren oder ein Konto erstellen?<\/h3>\n<\/div><\/div>\n\n\n\n<div class=\"wp-block-cf-faq-item-answer faq_item__content\" itemscope itemprop=\"acceptedAnswer\" itemtype=\"https:\/\/schema.org\/Answer\"><div itemprop=\"text\">\n<p>Nein. Die Zeitzonenplanung bei Calfrenzy l\u00e4uft automatisch \u2013 ein Klick gen\u00fcgt. <\/p>\n<\/div><\/div>\n<\/div>\n<\/div><\/div>\n\n<div class=\"wp-block-cf-yellow-cta wrapper_yellow_cta\"><div class=\"yellow_cta\"><div class=\"yellow_cta__content\">\n<h2 class=\"wp-block-heading\" id=\"h-plan-meetings-with-zero-time-zone-stress\">Meetings planen \u2013 ganz ohne Zeitzonen-Stress<\/h2>\n\n\n\n<p class=\"has-text-align-center\">Calfrenzy \u00fcbernimmt die gesamte Zeitzonen-Logik f\u00fcr dich. So bleibst du professionell, reduzierst No-Shows und machst Buchungen f\u00fcr alle einfacher \u2013 \u00fcberall. <\/p>\n\n\n\n<div class=\"wp-block-button\"><a class=\"wp-block-button__link wp-element-button\" href=\"https:\/\/schedule.calfrenzy.com\/auth\/sign-up\">Zeitzonen-Planer jetzt kostenlos testen<\/a><\/div>\n<\/div><\/div><\/div>\n","protected":false},"excerpt":{"rendered":"","protected":false},"author":1,"featured_media":10346,"parent":2051,"menu_order":0,"comment_status":"closed","ping_status":"closed","template":"","meta":{"inline_featured_image":false,"footnotes":""},"class_list":["post-7608","page","type-page","status-publish","has-post-thumbnail","hentry"],"yoast_head":"<!-- This site is optimized with the Yoast SEO Premium plugin v26.8 (Yoast SEO v26.8) - https:\/\/yoast.com\/product\/yoast-seo-premium-wordpress\/ -->\n<title>Zeitzonen-Meetingplaner \u2013 Meetings \u00fcber Zeitzonen hinweg buchen<\/title>\n<meta name=\"description\" content=\"Plane Meetings \u00fcber Zeitzonen hinweg \u2013 ganz ohne Verwirrung. Calfrenzy erkennt automatisch die lokale Zeit und zeigt die Verf\u00fcgbarkeit f\u00fcr jede:n Kund:in korrekt an.\" \/>\n<meta name=\"robots\" content=\"index, follow, max-snippet:-1, max-image-preview:large, max-video-preview:-1\" \/>\n<link rel=\"canonical\" href=\"https:\/\/calfrenzy.com\/de\/funktionen\/meeting-zeitzonenplaner\/\" \/>\n<meta property=\"og:locale\" content=\"de_DE\" \/>\n<meta property=\"og:type\" content=\"article\" \/>\n<meta property=\"og:title\" content=\"Meeting-Zeitzonenplaner\" \/>\n<meta property=\"og:description\" content=\"Plane Meetings \u00fcber Zeitzonen hinweg \u2013 ganz ohne Verwirrung. Calfrenzy erkennt automatisch die lokale Zeit und zeigt die Verf\u00fcgbarkeit f\u00fcr jede:n Kund:in korrekt an.\" \/>\n<meta property=\"og:url\" content=\"https:\/\/calfrenzy.com\/de\/funktionen\/meeting-zeitzonenplaner\/\" \/>\n<meta property=\"og:site_name\" content=\"calfrenzy\" \/>\n<meta property=\"article:publisher\" content=\"https:\/\/www.facebook.com\/calfrenzy\" \/>\n<meta property=\"article:modified_time\" content=\"2025-11-18T16:14:55+00:00\" \/>\n<meta property=\"og:image\" content=\"https:\/\/calfrenzy.com\/wp-content\/uploads\/2025\/11\/Time-Zone-German.png\" \/>\n\t<meta property=\"og:image:width\" content=\"1200\" \/>\n\t<meta property=\"og:image:height\" content=\"630\" \/>\n\t<meta property=\"og:image:type\" content=\"image\/png\" \/>\n<meta name=\"twitter:card\" content=\"summary_large_image\" \/>\n<meta name=\"twitter:site\" content=\"@calfrenzy53224\" \/>\n<meta name=\"twitter:label1\" content=\"Gesch\u00e4tzte Lesezeit\" \/>\n\t<meta name=\"twitter:data1\" content=\"2 Minuten\" \/>\n<script type=\"application\/ld+json\" class=\"yoast-schema-graph\">{\"@context\":\"https:\/\/schema.org\",\"@graph\":[{\"@type\":\"WebPage\",\"@id\":\"https:\/\/calfrenzy.com\/de\/funktionen\/meeting-zeitzonenplaner\/\",\"url\":\"https:\/\/calfrenzy.com\/de\/funktionen\/meeting-zeitzonenplaner\/\",\"name\":\"Zeitzonen-Meetingplaner \u2013 Meetings \u00fcber Zeitzonen hinweg buchen\",\"isPartOf\":{\"@id\":\"https:\/\/calfrenzy.com\/de\/#website\"},\"primaryImageOfPage\":{\"@id\":\"https:\/\/calfrenzy.com\/de\/funktionen\/meeting-zeitzonenplaner\/#primaryimage\"},\"image\":{\"@id\":\"https:\/\/calfrenzy.com\/de\/funktionen\/meeting-zeitzonenplaner\/#primaryimage\"},\"thumbnailUrl\":\"https:\/\/calfrenzy.com\/wp-content\/uploads\/2025\/11\/Time-Zone-German.png\",\"datePublished\":\"2025-06-26T12:03:17+00:00\",\"dateModified\":\"2025-11-18T16:14:55+00:00\",\"description\":\"Plane Meetings \u00fcber Zeitzonen hinweg \u2013 ganz ohne Verwirrung. Calfrenzy erkennt automatisch die lokale Zeit und zeigt die Verf\u00fcgbarkeit f\u00fcr jede:n Kund:in korrekt an.\",\"breadcrumb\":{\"@id\":\"https:\/\/calfrenzy.com\/de\/funktionen\/meeting-zeitzonenplaner\/#breadcrumb\"},\"inLanguage\":\"de\",\"potentialAction\":[{\"@type\":\"ReadAction\",\"target\":[\"https:\/\/calfrenzy.com\/de\/funktionen\/meeting-zeitzonenplaner\/\"]}]},{\"@type\":\"ImageObject\",\"inLanguage\":\"de\",\"@id\":\"https:\/\/calfrenzy.com\/de\/funktionen\/meeting-zeitzonenplaner\/#primaryimage\",\"url\":\"https:\/\/calfrenzy.com\/wp-content\/uploads\/2025\/11\/Time-Zone-German.png\",\"contentUrl\":\"https:\/\/calfrenzy.com\/wp-content\/uploads\/2025\/11\/Time-Zone-German.png\",\"width\":1200,\"height\":630},{\"@type\":\"BreadcrumbList\",\"@id\":\"https:\/\/calfrenzy.com\/de\/funktionen\/meeting-zeitzonenplaner\/#breadcrumb\",\"itemListElement\":[{\"@type\":\"ListItem\",\"position\":1,\"name\":\"Home\",\"item\":\"https:\/\/calfrenzy.com\/de\/\"},{\"@type\":\"ListItem\",\"position\":2,\"name\":\"Funktionen\",\"item\":\"https:\/\/calfrenzy.com\/de\/funktionen\/\"},{\"@type\":\"ListItem\",\"position\":3,\"name\":\"Meeting-Zeitzonenplaner\"}]},{\"@type\":\"WebSite\",\"@id\":\"https:\/\/calfrenzy.com\/de\/#website\",\"url\":\"https:\/\/calfrenzy.com\/de\/\",\"name\":\"Calfrenzy\",\"description\":\"Easy Scheduling Across Time Zones and Organizations\",\"publisher\":{\"@id\":\"https:\/\/calfrenzy.com\/de\/#organization\"},\"alternateName\":\"calfrenzy\",\"potentialAction\":[{\"@type\":\"SearchAction\",\"target\":{\"@type\":\"EntryPoint\",\"urlTemplate\":\"https:\/\/calfrenzy.com\/de\/?s={search_term_string}\"},\"query-input\":{\"@type\":\"PropertyValueSpecification\",\"valueRequired\":true,\"valueName\":\"search_term_string\"}}],\"inLanguage\":\"de\"},{\"@type\":\"Organization\",\"@id\":\"https:\/\/calfrenzy.com\/de\/#organization\",\"name\":\"Calfrenzy\",\"alternateName\":\"calfrenzy\",\"url\":\"https:\/\/calfrenzy.com\/de\/\",\"logo\":{\"@type\":\"ImageObject\",\"inLanguage\":\"de\",\"@id\":\"https:\/\/calfrenzy.com\/de\/#\/schema\/logo\/image\/\",\"url\":\"https:\/\/calfrenzy.com\/wp-content\/uploads\/2024\/06\/float_6_1.svg\",\"contentUrl\":\"https:\/\/calfrenzy.com\/wp-content\/uploads\/2024\/06\/float_6_1.svg\",\"width\":47,\"height\":50,\"caption\":\"Calfrenzy\"},\"image\":{\"@id\":\"https:\/\/calfrenzy.com\/de\/#\/schema\/logo\/image\/\"},\"sameAs\":[\"https:\/\/www.facebook.com\/calfrenzy\",\"https:\/\/x.com\/calfrenzy53224\",\"https:\/\/www.youtube.com\/@Calfrenzy\",\"https:\/\/www.linkedin.com\/company\/calfrenzy\",\"https:\/\/www.capterra.com\/p\/10020993\/CalFrenzy\/\",\"https:\/\/chromewebstore.google.com\/detail\/calfrenzy-free-online-app\/igmlifilbgnlaijamohaakgoacoeoidk?hl=en\",\"https:\/\/workspace.google.com\/marketplace\/app\/calfrenzy\/369573383535\",\"https:\/\/www.trustpilot.com\/review\/calfrenzy.com\",\"https:\/\/www.g2.com\/products\/calfrenzy\/reviews\"]}]}<\/script>\n<!-- \/ Yoast SEO Premium plugin. -->","yoast_head_json":{"title":"Zeitzonen-Meetingplaner \u2013 Meetings \u00fcber Zeitzonen hinweg buchen","description":"Plane Meetings \u00fcber Zeitzonen hinweg \u2013 ganz ohne Verwirrung. Calfrenzy erkennt automatisch die lokale Zeit und zeigt die Verf\u00fcgbarkeit f\u00fcr jede:n Kund:in korrekt an.","robots":{"index":"index","follow":"follow","max-snippet":"max-snippet:-1","max-image-preview":"max-image-preview:large","max-video-preview":"max-video-preview:-1"},"canonical":"https:\/\/calfrenzy.com\/de\/funktionen\/meeting-zeitzonenplaner\/","og_locale":"de_DE","og_type":"article","og_title":"Meeting-Zeitzonenplaner","og_description":"Plane Meetings \u00fcber Zeitzonen hinweg \u2013 ganz ohne Verwirrung. Calfrenzy erkennt automatisch die lokale Zeit und zeigt die Verf\u00fcgbarkeit f\u00fcr jede:n Kund:in korrekt an.","og_url":"https:\/\/calfrenzy.com\/de\/funktionen\/meeting-zeitzonenplaner\/","og_site_name":"calfrenzy","article_publisher":"https:\/\/www.facebook.com\/calfrenzy","article_modified_time":"2025-11-18T16:14:55+00:00","og_image":[{"width":1200,"height":630,"url":"https:\/\/calfrenzy.com\/wp-content\/uploads\/2025\/11\/Time-Zone-German.png","type":"image\/png"}],"twitter_card":"summary_large_image","twitter_site":"@calfrenzy53224","twitter_misc":{"Gesch\u00e4tzte Lesezeit":"2 Minuten"},"schema":{"@context":"https:\/\/schema.org","@graph":[{"@type":"WebPage","@id":"https:\/\/calfrenzy.com\/de\/funktionen\/meeting-zeitzonenplaner\/","url":"https:\/\/calfrenzy.com\/de\/funktionen\/meeting-zeitzonenplaner\/","name":"Zeitzonen-Meetingplaner \u2013 Meetings \u00fcber Zeitzonen hinweg buchen","isPartOf":{"@id":"https:\/\/calfrenzy.com\/de\/#website"},"primaryImageOfPage":{"@id":"https:\/\/calfrenzy.com\/de\/funktionen\/meeting-zeitzonenplaner\/#primaryimage"},"image":{"@id":"https:\/\/calfrenzy.com\/de\/funktionen\/meeting-zeitzonenplaner\/#primaryimage"},"thumbnailUrl":"https:\/\/calfrenzy.com\/wp-content\/uploads\/2025\/11\/Time-Zone-German.png","datePublished":"2025-06-26T12:03:17+00:00","dateModified":"2025-11-18T16:14:55+00:00","description":"Plane Meetings \u00fcber Zeitzonen hinweg \u2013 ganz ohne Verwirrung. Calfrenzy erkennt automatisch die lokale Zeit und zeigt die Verf\u00fcgbarkeit f\u00fcr jede:n Kund:in korrekt an.","breadcrumb":{"@id":"https:\/\/calfrenzy.com\/de\/funktionen\/meeting-zeitzonenplaner\/#breadcrumb"},"inLanguage":"de","potentialAction":[{"@type":"ReadAction","target":["https:\/\/calfrenzy.com\/de\/funktionen\/meeting-zeitzonenplaner\/"]}]},{"@type":"ImageObject","inLanguage":"de","@id":"https:\/\/calfrenzy.com\/de\/funktionen\/meeting-zeitzonenplaner\/#primaryimage","url":"https:\/\/calfrenzy.com\/wp-content\/uploads\/2025\/11\/Time-Zone-German.png","contentUrl":"https:\/\/calfrenzy.com\/wp-content\/uploads\/2025\/11\/Time-Zone-German.png","width":1200,"height":630},{"@type":"BreadcrumbList","@id":"https:\/\/calfrenzy.com\/de\/funktionen\/meeting-zeitzonenplaner\/#breadcrumb","itemListElement":[{"@type":"ListItem","position":1,"name":"Home","item":"https:\/\/calfrenzy.com\/de\/"},{"@type":"ListItem","position":2,"name":"Funktionen","item":"https:\/\/calfrenzy.com\/de\/funktionen\/"},{"@type":"ListItem","position":3,"name":"Meeting-Zeitzonenplaner"}]},{"@type":"WebSite","@id":"https:\/\/calfrenzy.com\/de\/#website","url":"https:\/\/calfrenzy.com\/de\/","name":"Calfrenzy","description":"Easy Scheduling Across Time Zones and Organizations","publisher":{"@id":"https:\/\/calfrenzy.com\/de\/#organization"},"alternateName":"calfrenzy","potentialAction":[{"@type":"SearchAction","target":{"@type":"EntryPoint","urlTemplate":"https:\/\/calfrenzy.com\/de\/?s={search_term_string}"},"query-input":{"@type":"PropertyValueSpecification","valueRequired":true,"valueName":"search_term_string"}}],"inLanguage":"de"},{"@type":"Organization","@id":"https:\/\/calfrenzy.com\/de\/#organization","name":"Calfrenzy","alternateName":"calfrenzy","url":"https:\/\/calfrenzy.com\/de\/","logo":{"@type":"ImageObject","inLanguage":"de","@id":"https:\/\/calfrenzy.com\/de\/#\/schema\/logo\/image\/","url":"https:\/\/calfrenzy.com\/wp-content\/uploads\/2024\/06\/float_6_1.svg","contentUrl":"https:\/\/calfrenzy.com\/wp-content\/uploads\/2024\/06\/float_6_1.svg","width":47,"height":50,"caption":"Calfrenzy"},"image":{"@id":"https:\/\/calfrenzy.com\/de\/#\/schema\/logo\/image\/"},"sameAs":["https:\/\/www.facebook.com\/calfrenzy","https:\/\/x.com\/calfrenzy53224","https:\/\/www.youtube.com\/@Calfrenzy","https:\/\/www.linkedin.com\/company\/calfrenzy","https:\/\/www.capterra.com\/p\/10020993\/CalFrenzy\/","https:\/\/chromewebstore.google.com\/detail\/calfrenzy-free-online-app\/igmlifilbgnlaijamohaakgoacoeoidk?hl=en","https:\/\/workspace.google.com\/marketplace\/app\/calfrenzy\/369573383535","https:\/\/www.trustpilot.com\/review\/calfrenzy.com","https:\/\/www.g2.com\/products\/calfrenzy\/reviews"]}]}},"_links":{"self":[{"href":"https:\/\/calfrenzy.com\/de\/wp-json\/wp\/v2\/pages\/7608","targetHints":{"allow":["GET"]}}],"collection":[{"href":"https:\/\/calfrenzy.com\/de\/wp-json\/wp\/v2\/pages"}],"about":[{"href":"https:\/\/calfrenzy.com\/de\/wp-json\/wp\/v2\/types\/page"}],"author":[{"embeddable":true,"href":"https:\/\/calfrenzy.com\/de\/wp-json\/wp\/v2\/users\/1"}],"replies":[{"embeddable":true,"href":"https:\/\/calfrenzy.com\/de\/wp-json\/wp\/v2\/comments?post=7608"}],"version-history":[{"count":5,"href":"https:\/\/calfrenzy.com\/de\/wp-json\/wp\/v2\/pages\/7608\/revisions"}],"predecessor-version":[{"id":10605,"href":"https:\/\/calfrenzy.com\/de\/wp-json\/wp\/v2\/pages\/7608\/revisions\/10605"}],"up":[{"embeddable":true,"href":"https:\/\/calfrenzy.com\/de\/wp-json\/wp\/v2\/pages\/2051"}],"wp:featuredmedia":[{"embeddable":true,"href":"https:\/\/calfrenzy.com\/de\/wp-json\/wp\/v2\/media\/10346"}],"wp:attachment":[{"href":"https:\/\/calfrenzy.com\/de\/wp-json\/wp\/v2\/media?parent=7608"}],"curies":[{"name":"wp","href":"https:\/\/api.w.org\/{rel}","templated":true}]}}