{"id":7700,"date":"2025-06-26T11:33:41","date_gmt":"2025-06-26T11:33:41","guid":{"rendered":"https:\/\/calfrenzy.com\/?page_id=7700"},"modified":"2025-11-28T12:24:23","modified_gmt":"2025-11-28T12:24:23","slug":"zahlungen-annehmen","status":"publish","type":"page","link":"https:\/\/calfrenzy.com\/de\/funktionen\/zahlungen-annehmen\/","title":{"rendered":"Zahlungen annehmen"},"content":{"rendered":"\n<div class=\"wp-block-cf-features-banner wrapper_features_banner\"><div class=\"features_banner\">\n<div class=\"features_banner__content\">\n<h1 class=\"wp-block-heading\" id=\"h-get-paid-when-clients-book-online\">Lass dich <mark style=\"background-color:rgba(0, 0, 0, 0)\" class=\"has-inline-color has-base-green-right-color\">bezahlen<\/mark>, wenn Kund:innen <mark style=\"background-color:rgba(0, 0, 0, 0)\" class=\"has-inline-color has-primary-yellow-color\">online<\/mark> <mark style=\"background-color:rgba(0, 0, 0, 0)\" class=\"has-inline-color has-base-green-left-color\">buchen<\/mark><\/h1>\n\n\n\n<p>Verwandle Buchungen in Umsatz mit Zahlungsintegration. Mit Calfrenzy kannst du ganz einfach deine Zeit, Services oder Sessions abrechnen \u2013 ohne Nachfass-E-Mails und ohne zus\u00e4tzliche Tools. <\/p>\n\n\n\n<div class=\"wp-block-button\"><a class=\"wp-block-button__link wp-element-button\" href=\"https:\/\/schedule.calfrenzy.com\/auth\/sign-up\">Jetzt Zahlungen akzeptieren<\/a><\/div>\n<\/div>\n\n\n\n<div class=\"features_banner__image\">\n<figure class=\"wp-block-image size-full take_payments\"><img decoding=\"async\" src=\"https:\/\/calfrenzy.com\/wp-content\/uploads\/2025\/08\/take_payments_banner-2-German.png\" alt=\"Lass dich bezahlen, wenn Kund:innen online buchen &#x2013; Calfrenzy unterst&#xFC;tzt Google Pay, Apple Pay und sichere Kartenzahlungen.\" class=\"wp-image-7602\"\/><\/figure>\n<\/div>\n<\/div><\/div>\n\n<div class=\"wp-block-cf-video wrapper_video_block\"><div class=\"video_block\">\n<h2 class=\"wp-block-heading has-text-align-center\" id=\"h-see-it-in-action\">In Aktion sehen<\/h2>\n\n\n\n<p class=\"has-text-align-center\">Sieh dir an, wie Calfrenzy den Zahlungsprozess vereinfacht. In diesem kurzen Video erf\u00e4hrst du, wie nahtlos die Bezahlung in den Buchungsablauf integriert ist \u2013 f\u00fcr maximale Klarheit bei deinen Kund:innen und volle Sicherheit f\u00fcr dich. <\/p>\n\n\n\n<figure class=\"wp-block-embed is-type-video is-provider-youtube wp-block-embed-youtube\"><div class=\"wp-block-embed__wrapper\">\n<iframe title=\"How to Get Paid for Your Bookings with Calfrenzy | Payments Tutorial\" width=\"500\" height=\"281\" src=\"https:\/\/www.youtube.com\/embed\/70nFYRx6c-A?feature=oembed\" frameborder=\"0\" allow=\"accelerometer; autoplay; clipboard-write; encrypted-media; gyroscope; picture-in-picture; web-share\" referrerpolicy=\"strict-origin-when-cross-origin\" allowfullscreen><\/iframe>\n<\/div><\/figure>\n<\/div><\/div>\n\n<div class=\"wp-block-cf-green-section-block wrapper_green_section_block\"><div class=\"green_section_block\">\n<h2 class=\"wp-block-heading has-text-align-center\">Warum \u00fcber Calfrenzy bezahlt werden?<\/h2>\n\n\n\n<p class=\"has-text-align-center\">Mit flexiblen Preismodellen und sicherem Stripe-Checkout hilft dir Calfrenzy, im Voraus bezahlt zu werden \u2013 damit du dich nicht mehr mit offenen Rechnungen herumschlagen musst und dich ganz auf deine Arbeit konzentrieren kannst.<\/p>\n\n\n\n<ul class=\"wp-block-list\">\n<li>Kredit-\/Debitkarten, Apple Pay, Google Pay akzeptieren<\/li>\n\n\n\n<li>Unterst\u00fctzung aller g\u00e4ngigen W\u00e4hrungen<\/li>\n\n\n\n<li>Zahlungen pro Termin, Stunde oder Teilnehmer:in aktivieren<\/li>\n\n\n\n<li>Klare Preisangabe vor der Buchung<\/li>\n<\/ul>\n<\/div><\/div>\n\n<div class=\"wp-block-cf-perfect-workflow wrapper_perfect_workflow no_bg\"><div class=\"perfect_workflow\">\n<h2 class=\"wp-block-heading has-text-align-center\" id=\"h-payment-built-into-your-booking-page\">Zahlung direkt auf deiner Buchungsseite<\/h2>\n\n\n\n<div class=\"wp-block-cf-perfect-workflow-items perfect_workflow__items perfect_workflow__items--three\">\n<div class=\"wp-block-cf-perfect-workflow-item perfect_workflow_item\">\n<figure class=\"wp-block-image alignleft size-full\"><img decoding=\"async\" width=\"96\" height=\"96\" src=\"https:\/\/calfrenzy.com\/wp-content\/uploads\/2025\/06\/Enable-Per-Page-Payments.png\" alt=\"Zahlung pro Seite aktivieren\" class=\"wp-image-7578\"\/><\/figure>\n\n\n\n<h3 class=\"wp-block-heading\" id=\"h-enable-per-page-payments\">Zahlung pro Seite aktivieren<\/h3>\n\n\n\n<ul class=\"wp-block-list\">\n<li>Lege fest, welche Termine kostenpflichtig sind<\/li>\n\n\n\n<li>Zeige Preise direkt auf deiner \u00f6ffentlichen Buchungsseite an<\/li>\n<\/ul>\n<\/div>\n\n\n\n<div class=\"wp-block-cf-perfect-workflow-item perfect_workflow_item\">\n<figure class=\"wp-block-image alignleft size-full\"><img decoding=\"async\" width=\"96\" height=\"96\" src=\"https:\/\/calfrenzy.com\/wp-content\/uploads\/2025\/06\/Choose-Pricing-Model.png\" alt=\"Preismodell w&#xE4;hlen\" class=\"wp-image-7577\"\/><\/figure>\n\n\n\n<h3 class=\"wp-block-heading\" id=\"h-choose-a-pricing-model\">Preismodell w\u00e4hlen<\/h3>\n\n\n\n<ul class=\"wp-block-list\">\n<li>Festpreis, Stundensatz oder Preis pro Teilnehmer:in<\/li>\n\n\n\n<li>Betr\u00e4ge werden automatisch in Echtzeit berechnet<\/li>\n<\/ul>\n<\/div>\n\n\n\n<div class=\"wp-block-cf-perfect-workflow-item perfect_workflow_item\">\n<figure class=\"wp-block-image alignleft size-full is-resized\"><img decoding=\"async\" width=\"96\" height=\"96\" src=\"https:\/\/calfrenzy.com\/wp-content\/uploads\/2025\/06\/Global-Currency-Support.png\" alt=\"Weltweite W&#xE4;hrungsunterst&#xFC;tzung\" class=\"wp-image-7579\" style=\"width:32px;height:auto\"\/><\/figure>\n\n\n\n<h3 class=\"wp-block-heading\" id=\"h-global-currency-support\">Weltweite W\u00e4hrungsunterst\u00fctzung<\/h3>\n\n\n\n<ul class=\"wp-block-list\">\n<li>Rechne in der lokalen W\u00e4hrung deiner Kund:innen ab<\/li>\n\n\n\n<li>Stripe sorgt f\u00fcr Einhaltung lokaler Vorschriften<\/li>\n<\/ul>\n<\/div>\n<\/div>\n<\/div><\/div>\n\n<div class=\"wp-block-cf-example-pricing wrapper_example_pricing\"><div class=\"example_pricing\">\n<div class=\"wp-block-cf-example-pricing-content example_pricing__content\">\n<h2 class=\"wp-block-heading\">Transparente Preise f\u00fcr deine Kund:innen<\/h2>\n\n\n\n<p>Sobald ein:e Kund:in einen Termin ausw\u00e4hlt, wird der Gesamtpreis klar angezeigt \u2013 keine \u00dcberraschungen.<\/p>\n<\/div>\n\n\n\n<div class=\"wp-block-cf-example-pricing-table example_pricing__table\">\n<h3 class=\"wp-block-heading\">Beispiele<\/h3>\n\n\n\n<figure class=\"wp-block-table\"><table class=\"has-fixed-layout\"><thead><tr><th scope=\"col\">Festpreis:<\/th><th scope=\"col\">Stundensatz:<\/th><th scope=\"col\">Pro Teilnehmer:in:<\/th><\/tr><\/thead><tbody><tr><td>50\u202f$ pauschal<\/td><td>75\u202f$\/Std. \u00d7 1,5 Std. = 112,50\u202f$<\/td><td>20\u202f$ \u00d7 3 G\u00e4ste = 60\u202f$<\/td><\/tr><\/tbody><\/table><\/figure>\n<\/div>\n<\/div><\/div>\n\n<div class=\"wp-block-cf-feature-yellow-cta wrapper_feature_yellow_cta\"><div class=\"feature_yellow_cta\">\n<div class=\"wp-block-cf-feature-yellow-cta-content feature_yellow_cta__content\">\n<h2 class=\"wp-block-heading\" id=\"h-perfect-for-professionals-who-charge-for-time\">Perfekt f\u00fcr Profis, die ihre Zeit abrechnen<\/h2>\n\n\n\n<ul class=\"wp-block-list\">\n<li><strong>Coaches und Berater:innen<\/strong>, die bezahlte Sessions anbieten<\/li>\n\n\n\n<li><strong>Freelancer<\/strong>, die Stundenpakete verkaufen<\/li>\n\n\n\n<li><strong>Eventplaner:innen<\/strong>, die Gruppensitzpl\u00e4tze anbieten<\/li>\n\n\n\n<li><strong>Teams<\/strong>, die Onboardings oder Erstgespr\u00e4che berechnen<\/li>\n<\/ul>\n<\/div>\n\n\n\n<div class=\"wp-block-cf-feature-yellow-cta-image feature_yellow_cta__image\">\n<figure class=\"wp-block-image size-large\"><img decoding=\"async\" src=\"https:\/\/calfrenzy.com\/wp-content\/uploads\/2025\/09\/featured_image_cta_phone-German.png\" alt=\"Smartphone mit Buchungsbest&#xE4;tigung und Calfrenzy-Logo &#x2013; zeigt mobilfreundliche Terminplanung.\" class=\"wp-image-7599\"\/><\/figure>\n<\/div>\n<\/div><\/div>\n\n<div class=\"wp-block-cf-faq wrapper_faq\" itemscope itemtype=\"https:\/\/schema.org\/FAQPage\"><div class=\"faq\">\n<h2 class=\"wp-block-heading has-text-align-center\" id=\"h-frequently-asked-questions\">H\u00e4ufige Fragen<\/h2>\n\n\n\n<div class=\"wp-block-cf-faq-item faq_item\" itemscope itemprop=\"mainEntity\" itemtype=\"https:\/\/schema.org\/Question\">\n<div class=\"wp-block-cf-faq-item-question faq_item__title\" onclick=\"$(this).siblings('.faq_item__content').slideToggle().parent().toggleClass('open')\"><div itemprop=\"name\">\n<h3 class=\"wp-block-heading\" id=\"h-can-i-require-payment-when-a-client-books\">Kann ich eine Zahlung verlangen, wenn ein:e Kund:in bucht?<\/h3>\n<\/div><\/div>\n\n\n\n<div class=\"wp-block-cf-faq-item-answer faq_item__content\" itemscope itemprop=\"acceptedAnswer\" itemtype=\"https:\/\/schema.org\/Answer\"><div itemprop=\"text\">\n<p>Ja. Du kannst auf jeder Buchungsseite eine Zahlungspflicht festlegen \u2013 die Buchung wird erst nach Bezahlung best\u00e4tigt. <\/p>\n<\/div><\/div>\n<\/div>\n\n\n\n<div class=\"wp-block-cf-faq-item faq_item\" itemscope itemprop=\"mainEntity\" itemtype=\"https:\/\/schema.org\/Question\">\n<div class=\"wp-block-cf-faq-item-question faq_item__title\" onclick=\"$(this).siblings('.faq_item__content').slideToggle().parent().toggleClass('open')\"><div itemprop=\"name\">\n<h3 class=\"wp-block-heading\" id=\"h-what-payment-methods-can-clients-use\">Welche Zahlungsmethoden k\u00f6nnen Kund:innen nutzen?<\/h3>\n<\/div><\/div>\n\n\n\n<div class=\"wp-block-cf-faq-item-answer faq_item__content\" itemscope itemprop=\"acceptedAnswer\" itemtype=\"https:\/\/schema.org\/Answer\"><div itemprop=\"text\">\n<p>Stripe unterst\u00fctzt Kredit-\/Debitkarten, Apple Pay und Google Pay \u2013 abh\u00e4ngig von deinem Standort und den Einstellungen.<\/p>\n<\/div><\/div>\n<\/div>\n\n\n\n<div class=\"wp-block-cf-faq-item faq_item\" itemscope itemprop=\"mainEntity\" itemtype=\"https:\/\/schema.org\/Question\">\n<div class=\"wp-block-cf-faq-item-question faq_item__title\" onclick=\"$(this).siblings('.faq_item__content').slideToggle().parent().toggleClass('open')\"><div itemprop=\"name\">\n<h3 class=\"wp-block-heading\" id=\"h-can-i-accept-partial-payments-or-deposits\">Kann ich Teilzahlungen oder Anzahlungen akzeptieren?<\/h3>\n<\/div><\/div>\n\n\n\n<div class=\"wp-block-cf-faq-item-answer faq_item__content\" itemscope itemprop=\"acceptedAnswer\" itemtype=\"https:\/\/schema.org\/Answer\"><div itemprop=\"text\">\n<p>Du kannst Anzahlungen simulieren, indem du k\u00fcrzere oder verg\u00fcnstigte Zeitfenster anbietest \u2013 ideal f\u00fcr bezahlte Testtermine oder unverbindliche Erstgespr\u00e4che.<\/p>\n<\/div><\/div>\n<\/div>\n\n\n\n<div class=\"wp-block-cf-faq-item faq_item\" itemscope itemprop=\"mainEntity\" itemtype=\"https:\/\/schema.org\/Question\">\n<div class=\"wp-block-cf-faq-item-question faq_item__title\" onclick=\"$(this).siblings('.faq_item__content').slideToggle().parent().toggleClass('open')\"><div itemprop=\"name\">\n<h3 class=\"wp-block-heading\" id=\"h-are-payments-secure\">Sind Zahlungen sicher?<\/h3>\n<\/div><\/div>\n\n\n\n<div class=\"wp-block-cf-faq-item-answer faq_item__content\" itemscope itemprop=\"acceptedAnswer\" itemtype=\"https:\/\/schema.org\/Answer\"><div itemprop=\"text\">\n<p>Ja. Calfrenzy nutzt das PCI-konforme System von Stripe mit vollst\u00e4ndiger Verschl\u00fcsselung und Betrugsschutz. <\/p>\n<\/div><\/div>\n<\/div>\n\n\n\n<div class=\"wp-block-cf-faq-item faq_item\" itemscope itemprop=\"mainEntity\" itemtype=\"https:\/\/schema.org\/Question\">\n<div class=\"wp-block-cf-faq-item-question faq_item__title\" onclick=\"$(this).siblings('.faq_item__content').slideToggle().parent().toggleClass('open')\"><div itemprop=\"name\">\n<h3 class=\"wp-block-heading\" id=\"h-who-can-manage-payment-settings\">Wer kann Zahlungseinstellungen verwalten?<\/h3>\n<\/div><\/div>\n\n\n\n<div class=\"wp-block-cf-faq-item-answer faq_item__content\" itemscope itemprop=\"acceptedAnswer\" itemtype=\"https:\/\/schema.org\/Answer\"><div itemprop=\"text\">\n<p>Nur Organisationsinhaber:innen und Admins haben Zugriff auf die Zahlungs- und Stripe-Einstellungen.<\/p>\n<\/div><\/div>\n<\/div>\n<\/div><\/div>\n\n<div class=\"wp-block-cf-yellow-cta wrapper_yellow_cta\"><div class=\"yellow_cta\"><div class=\"yellow_cta__content\">\n<h2 class=\"wp-block-heading\" id=\"h-get-paid-automatically-with-calfrenzy\">Automatisch bezahlt werden \u2013 mit Calfrenzy<\/h2>\n\n\n\n<p class=\"has-text-align-center\">Keine Zahlungslinks oder Nachfass-E-Mails mehr. <br\/>Beginne damit, Zahlungen zu akzeptieren, sobald Kund:innen buchen \u2013 mit Calfrenzy.<\/p>\n\n\n\n<div class=\"wp-block-button\"><a class=\"wp-block-button__link wp-element-button\" href=\"https:\/\/schedule.calfrenzy.com\/auth\/sign-up\">Jetzt kostenlos starten \u2013 Zahlungen sofort akzeptieren<\/a><\/div>\n<\/div><\/div><\/div>\n","protected":false},"excerpt":{"rendered":"","protected":false},"author":1,"featured_media":10358,"parent":2051,"menu_order":0,"comment_status":"closed","ping_status":"closed","template":"","meta":{"inline_featured_image":false,"footnotes":""},"class_list":["post-7700","page","type-page","status-publish","has-post-thumbnail","hentry"],"yoast_head":"<!-- This site is optimized with the Yoast SEO Premium plugin v27.3 (Yoast SEO v27.3) - https:\/\/yoast.com\/product\/yoast-seo-premium-wordpress\/ -->\n<title>Zahlungsintegration f\u00fcr Online-Buchungen | Calfrenzy<\/title>\n<meta name=\"description\" content=\"Verbinde Zahlungsintegrationen ganz einfach mit Calfrenzy. Erfasse Zahlungen, sobald Kund:innen buchen \u2013 keine zus\u00e4tzlichen Tools erforderlich.\" \/>\n<meta name=\"robots\" content=\"index, follow, max-snippet:-1, max-image-preview:large, max-video-preview:-1\" \/>\n<link rel=\"canonical\" href=\"https:\/\/calfrenzy.com\/de\/funktionen\/zahlungen-annehmen\/\" \/>\n<meta property=\"og:locale\" content=\"de_DE\" \/>\n<meta property=\"og:type\" content=\"article\" \/>\n<meta property=\"og:title\" content=\"Zahlungen annehmen\" \/>\n<meta property=\"og:description\" content=\"Verbinde Zahlungsintegrationen ganz einfach mit Calfrenzy. Erfasse Zahlungen, sobald Kund:innen buchen \u2013 keine zus\u00e4tzlichen Tools erforderlich.\" \/>\n<meta property=\"og:url\" content=\"https:\/\/calfrenzy.com\/de\/funktionen\/zahlungen-annehmen\/\" \/>\n<meta property=\"og:site_name\" content=\"calfrenzy\" \/>\n<meta property=\"article:publisher\" content=\"https:\/\/www.facebook.com\/calfrenzy\" \/>\n<meta property=\"article:modified_time\" content=\"2025-11-28T12:24:23+00:00\" \/>\n<meta property=\"og:image\" content=\"https:\/\/calfrenzy.com\/wp-content\/uploads\/2025\/11\/Take-Payments-German.png\" \/>\n\t<meta property=\"og:image:width\" content=\"1200\" \/>\n\t<meta property=\"og:image:height\" content=\"630\" \/>\n\t<meta property=\"og:image:type\" content=\"image\/png\" \/>\n<meta name=\"twitter:card\" content=\"summary_large_image\" \/>\n<meta name=\"twitter:site\" content=\"@calfrenzy53224\" \/>\n<meta name=\"twitter:label1\" content=\"Gesch\u00e4tzte Lesezeit\" \/>\n\t<meta name=\"twitter:data1\" content=\"2 Minuten\" \/>\n<script type=\"application\/ld+json\" class=\"yoast-schema-graph\">{\"@context\":\"https:\\\/\\\/schema.org\",\"@graph\":[{\"@type\":\"WebPage\",\"@id\":\"https:\\\/\\\/calfrenzy.com\\\/de\\\/funktionen\\\/zahlungen-annehmen\\\/\",\"url\":\"https:\\\/\\\/calfrenzy.com\\\/de\\\/funktionen\\\/zahlungen-annehmen\\\/\",\"name\":\"Zahlungsintegration f\u00fcr Online-Buchungen | Calfrenzy\",\"isPartOf\":{\"@id\":\"https:\\\/\\\/calfrenzy.com\\\/de\\\/#website\"},\"primaryImageOfPage\":{\"@id\":\"https:\\\/\\\/calfrenzy.com\\\/de\\\/funktionen\\\/zahlungen-annehmen\\\/#primaryimage\"},\"image\":{\"@id\":\"https:\\\/\\\/calfrenzy.com\\\/de\\\/funktionen\\\/zahlungen-annehmen\\\/#primaryimage\"},\"thumbnailUrl\":\"https:\\\/\\\/calfrenzy.com\\\/wp-content\\\/uploads\\\/2025\\\/11\\\/Take-Payments-German.png\",\"datePublished\":\"2025-06-26T11:33:41+00:00\",\"dateModified\":\"2025-11-28T12:24:23+00:00\",\"description\":\"Verbinde Zahlungsintegrationen ganz einfach mit Calfrenzy. Erfasse Zahlungen, sobald Kund:innen buchen \u2013 keine zus\u00e4tzlichen Tools erforderlich.\",\"breadcrumb\":{\"@id\":\"https:\\\/\\\/calfrenzy.com\\\/de\\\/funktionen\\\/zahlungen-annehmen\\\/#breadcrumb\"},\"inLanguage\":\"de\",\"potentialAction\":[{\"@type\":\"ReadAction\",\"target\":[\"https:\\\/\\\/calfrenzy.com\\\/de\\\/funktionen\\\/zahlungen-annehmen\\\/\"]}]},{\"@type\":\"ImageObject\",\"inLanguage\":\"de\",\"@id\":\"https:\\\/\\\/calfrenzy.com\\\/de\\\/funktionen\\\/zahlungen-annehmen\\\/#primaryimage\",\"url\":\"https:\\\/\\\/calfrenzy.com\\\/wp-content\\\/uploads\\\/2025\\\/11\\\/Take-Payments-German.png\",\"contentUrl\":\"https:\\\/\\\/calfrenzy.com\\\/wp-content\\\/uploads\\\/2025\\\/11\\\/Take-Payments-German.png\",\"width\":1200,\"height\":630},{\"@type\":\"BreadcrumbList\",\"@id\":\"https:\\\/\\\/calfrenzy.com\\\/de\\\/funktionen\\\/zahlungen-annehmen\\\/#breadcrumb\",\"itemListElement\":[{\"@type\":\"ListItem\",\"position\":1,\"name\":\"Home\",\"item\":\"https:\\\/\\\/calfrenzy.com\\\/de\\\/\"},{\"@type\":\"ListItem\",\"position\":2,\"name\":\"Funktionen\",\"item\":\"https:\\\/\\\/calfrenzy.com\\\/de\\\/funktionen\\\/\"},{\"@type\":\"ListItem\",\"position\":3,\"name\":\"Zahlungen annehmen\"}]},{\"@type\":\"WebSite\",\"@id\":\"https:\\\/\\\/calfrenzy.com\\\/de\\\/#website\",\"url\":\"https:\\\/\\\/calfrenzy.com\\\/de\\\/\",\"name\":\"Calfrenzy\",\"description\":\"Easy Scheduling Across Time Zones and Organizations\",\"publisher\":{\"@id\":\"https:\\\/\\\/calfrenzy.com\\\/de\\\/#organization\"},\"alternateName\":\"calfrenzy\",\"potentialAction\":[{\"@type\":\"SearchAction\",\"target\":{\"@type\":\"EntryPoint\",\"urlTemplate\":\"https:\\\/\\\/calfrenzy.com\\\/de\\\/?s={search_term_string}\"},\"query-input\":{\"@type\":\"PropertyValueSpecification\",\"valueRequired\":true,\"valueName\":\"search_term_string\"}}],\"inLanguage\":\"de\"},{\"@type\":\"Organization\",\"@id\":\"https:\\\/\\\/calfrenzy.com\\\/de\\\/#organization\",\"name\":\"Calfrenzy\",\"alternateName\":\"calfrenzy\",\"url\":\"https:\\\/\\\/calfrenzy.com\\\/de\\\/\",\"logo\":{\"@type\":\"ImageObject\",\"inLanguage\":\"de\",\"@id\":\"https:\\\/\\\/calfrenzy.com\\\/de\\\/#\\\/schema\\\/logo\\\/image\\\/\",\"url\":\"https:\\\/\\\/calfrenzy.com\\\/wp-content\\\/uploads\\\/2024\\\/06\\\/float_6_1.svg\",\"contentUrl\":\"https:\\\/\\\/calfrenzy.com\\\/wp-content\\\/uploads\\\/2024\\\/06\\\/float_6_1.svg\",\"width\":47,\"height\":50,\"caption\":\"Calfrenzy\"},\"image\":{\"@id\":\"https:\\\/\\\/calfrenzy.com\\\/de\\\/#\\\/schema\\\/logo\\\/image\\\/\"},\"sameAs\":[\"https:\\\/\\\/www.facebook.com\\\/calfrenzy\",\"https:\\\/\\\/x.com\\\/calfrenzy53224\",\"https:\\\/\\\/www.youtube.com\\\/@Calfrenzy\",\"https:\\\/\\\/www.linkedin.com\\\/company\\\/calfrenzy\",\"https:\\\/\\\/www.capterra.com\\\/p\\\/10020993\\\/CalFrenzy\\\/\",\"https:\\\/\\\/chromewebstore.google.com\\\/detail\\\/calfrenzy-free-online-app\\\/igmlifilbgnlaijamohaakgoacoeoidk?hl=en\",\"https:\\\/\\\/workspace.google.com\\\/marketplace\\\/app\\\/calfrenzy\\\/369573383535\",\"https:\\\/\\\/www.trustpilot.com\\\/review\\\/calfrenzy.com\",\"https:\\\/\\\/www.g2.com\\\/products\\\/calfrenzy\\\/reviews\"]}]}<\/script>\n<!-- \/ Yoast SEO Premium plugin. -->","yoast_head_json":{"title":"Zahlungsintegration f\u00fcr Online-Buchungen | Calfrenzy","description":"Verbinde Zahlungsintegrationen ganz einfach mit Calfrenzy. Erfasse Zahlungen, sobald Kund:innen buchen \u2013 keine zus\u00e4tzlichen Tools erforderlich.","robots":{"index":"index","follow":"follow","max-snippet":"max-snippet:-1","max-image-preview":"max-image-preview:large","max-video-preview":"max-video-preview:-1"},"canonical":"https:\/\/calfrenzy.com\/de\/funktionen\/zahlungen-annehmen\/","og_locale":"de_DE","og_type":"article","og_title":"Zahlungen annehmen","og_description":"Verbinde Zahlungsintegrationen ganz einfach mit Calfrenzy. Erfasse Zahlungen, sobald Kund:innen buchen \u2013 keine zus\u00e4tzlichen Tools erforderlich.","og_url":"https:\/\/calfrenzy.com\/de\/funktionen\/zahlungen-annehmen\/","og_site_name":"calfrenzy","article_publisher":"https:\/\/www.facebook.com\/calfrenzy","article_modified_time":"2025-11-28T12:24:23+00:00","og_image":[{"width":1200,"height":630,"url":"https:\/\/calfrenzy.com\/wp-content\/uploads\/2025\/11\/Take-Payments-German.png","type":"image\/png"}],"twitter_card":"summary_large_image","twitter_site":"@calfrenzy53224","twitter_misc":{"Gesch\u00e4tzte Lesezeit":"2 Minuten"},"schema":{"@context":"https:\/\/schema.org","@graph":[{"@type":"WebPage","@id":"https:\/\/calfrenzy.com\/de\/funktionen\/zahlungen-annehmen\/","url":"https:\/\/calfrenzy.com\/de\/funktionen\/zahlungen-annehmen\/","name":"Zahlungsintegration f\u00fcr Online-Buchungen | Calfrenzy","isPartOf":{"@id":"https:\/\/calfrenzy.com\/de\/#website"},"primaryImageOfPage":{"@id":"https:\/\/calfrenzy.com\/de\/funktionen\/zahlungen-annehmen\/#primaryimage"},"image":{"@id":"https:\/\/calfrenzy.com\/de\/funktionen\/zahlungen-annehmen\/#primaryimage"},"thumbnailUrl":"https:\/\/calfrenzy.com\/wp-content\/uploads\/2025\/11\/Take-Payments-German.png","datePublished":"2025-06-26T11:33:41+00:00","dateModified":"2025-11-28T12:24:23+00:00","description":"Verbinde Zahlungsintegrationen ganz einfach mit Calfrenzy. Erfasse Zahlungen, sobald Kund:innen buchen \u2013 keine zus\u00e4tzlichen Tools erforderlich.","breadcrumb":{"@id":"https:\/\/calfrenzy.com\/de\/funktionen\/zahlungen-annehmen\/#breadcrumb"},"inLanguage":"de","potentialAction":[{"@type":"ReadAction","target":["https:\/\/calfrenzy.com\/de\/funktionen\/zahlungen-annehmen\/"]}]},{"@type":"ImageObject","inLanguage":"de","@id":"https:\/\/calfrenzy.com\/de\/funktionen\/zahlungen-annehmen\/#primaryimage","url":"https:\/\/calfrenzy.com\/wp-content\/uploads\/2025\/11\/Take-Payments-German.png","contentUrl":"https:\/\/calfrenzy.com\/wp-content\/uploads\/2025\/11\/Take-Payments-German.png","width":1200,"height":630},{"@type":"BreadcrumbList","@id":"https:\/\/calfrenzy.com\/de\/funktionen\/zahlungen-annehmen\/#breadcrumb","itemListElement":[{"@type":"ListItem","position":1,"name":"Home","item":"https:\/\/calfrenzy.com\/de\/"},{"@type":"ListItem","position":2,"name":"Funktionen","item":"https:\/\/calfrenzy.com\/de\/funktionen\/"},{"@type":"ListItem","position":3,"name":"Zahlungen annehmen"}]},{"@type":"WebSite","@id":"https:\/\/calfrenzy.com\/de\/#website","url":"https:\/\/calfrenzy.com\/de\/","name":"Calfrenzy","description":"Easy Scheduling Across Time Zones and Organizations","publisher":{"@id":"https:\/\/calfrenzy.com\/de\/#organization"},"alternateName":"calfrenzy","potentialAction":[{"@type":"SearchAction","target":{"@type":"EntryPoint","urlTemplate":"https:\/\/calfrenzy.com\/de\/?s={search_term_string}"},"query-input":{"@type":"PropertyValueSpecification","valueRequired":true,"valueName":"search_term_string"}}],"inLanguage":"de"},{"@type":"Organization","@id":"https:\/\/calfrenzy.com\/de\/#organization","name":"Calfrenzy","alternateName":"calfrenzy","url":"https:\/\/calfrenzy.com\/de\/","logo":{"@type":"ImageObject","inLanguage":"de","@id":"https:\/\/calfrenzy.com\/de\/#\/schema\/logo\/image\/","url":"https:\/\/calfrenzy.com\/wp-content\/uploads\/2024\/06\/float_6_1.svg","contentUrl":"https:\/\/calfrenzy.com\/wp-content\/uploads\/2024\/06\/float_6_1.svg","width":47,"height":50,"caption":"Calfrenzy"},"image":{"@id":"https:\/\/calfrenzy.com\/de\/#\/schema\/logo\/image\/"},"sameAs":["https:\/\/www.facebook.com\/calfrenzy","https:\/\/x.com\/calfrenzy53224","https:\/\/www.youtube.com\/@Calfrenzy","https:\/\/www.linkedin.com\/company\/calfrenzy","https:\/\/www.capterra.com\/p\/10020993\/CalFrenzy\/","https:\/\/chromewebstore.google.com\/detail\/calfrenzy-free-online-app\/igmlifilbgnlaijamohaakgoacoeoidk?hl=en","https:\/\/workspace.google.com\/marketplace\/app\/calfrenzy\/369573383535","https:\/\/www.trustpilot.com\/review\/calfrenzy.com","https:\/\/www.g2.com\/products\/calfrenzy\/reviews"]}]}},"_links":{"self":[{"href":"https:\/\/calfrenzy.com\/de\/wp-json\/wp\/v2\/pages\/7700","targetHints":{"allow":["GET"]}}],"collection":[{"href":"https:\/\/calfrenzy.com\/de\/wp-json\/wp\/v2\/pages"}],"about":[{"href":"https:\/\/calfrenzy.com\/de\/wp-json\/wp\/v2\/types\/page"}],"author":[{"embeddable":true,"href":"https:\/\/calfrenzy.com\/de\/wp-json\/wp\/v2\/users\/1"}],"replies":[{"embeddable":true,"href":"https:\/\/calfrenzy.com\/de\/wp-json\/wp\/v2\/comments?post=7700"}],"version-history":[{"count":4,"href":"https:\/\/calfrenzy.com\/de\/wp-json\/wp\/v2\/pages\/7700\/revisions"}],"predecessor-version":[{"id":10974,"href":"https:\/\/calfrenzy.com\/de\/wp-json\/wp\/v2\/pages\/7700\/revisions\/10974"}],"up":[{"embeddable":true,"href":"https:\/\/calfrenzy.com\/de\/wp-json\/wp\/v2\/pages\/2051"}],"wp:featuredmedia":[{"embeddable":true,"href":"https:\/\/calfrenzy.com\/de\/wp-json\/wp\/v2\/media\/10358"}],"wp:attachment":[{"href":"https:\/\/calfrenzy.com\/de\/wp-json\/wp\/v2\/media?parent=7700"}],"curies":[{"name":"wp","href":"https:\/\/api.w.org\/{rel}","templated":true}]}}