{"id":8526,"date":"2025-08-13T08:59:44","date_gmt":"2025-08-13T08:59:44","guid":{"rendered":"https:\/\/calfrenzy.com\/?page_id=8526"},"modified":"2025-11-28T12:11:00","modified_gmt":"2025-11-28T12:11:00","slug":"qr-code-terminbuchung","status":"publish","type":"page","link":"https:\/\/calfrenzy.com\/de\/funktionen\/qr-code-terminbuchung\/","title":{"rendered":"QR-Code-Terminbuchung"},"content":{"rendered":"\n<div class=\"wp-block-cf-features-banner wrapper_features_banner scheduling-software\"><div class=\"features_banner\">\n<div class=\"features_banner__content\">\n<h1 class=\"wp-block-heading\" id=\"h-let-clients-book-instantly-with-a-qr-code\"><mark style=\"background-color:rgba(0, 0, 0, 0)\" class=\"has-inline-color has-base-green-right-color\">Let<\/mark> Kund:innen <mark style=\"background-color:rgba(0, 0, 0, 0)\" class=\"has-inline-color has-primary-yellow-color\">Instantly<\/mark> mit einem QR-<mark style=\"background-color:rgba(0, 0, 0, 0)\" class=\"has-inline-color has-base-green-left-color\">Code<\/mark> buchen<\/h1>\n\n\n\n<p>Verwandeln Sie jedes Flyer, Schild oder Display in ein Buchungsportal. Calfrenzy generiert einen QR-Code f\u00fcr Ihre Buchungsseite, sodass Kund:innen in Sekunden scannen und buchen k\u00f6nnen. <\/p>\n\n\n\n<div class=\"wp-block-button\"><a class=\"wp-block-button__link wp-element-button\" href=\"https:\/\/schedule.calfrenzy.com\/auth\/sign-up\">Ihren kostenlosen QR-Code erstellen<\/a><\/div>\n<\/div>\n\n\n\n<div class=\"features_banner__image\">\n<figure class=\"wp-block-image size-large\"><img decoding=\"async\" width=\"1024\" height=\"936\" src=\"https:\/\/calfrenzy.com\/wp-content\/uploads\/2025\/08\/Generate-Your-QR-Code-Free-1024x936.png\" alt=\"\" class=\"wp-image-8113\" srcset=\"https:\/\/calfrenzy.com\/wp-content\/uploads\/2025\/08\/Generate-Your-QR-Code-Free-1024x936.png 1024w, https:\/\/calfrenzy.com\/wp-content\/uploads\/2025\/08\/Generate-Your-QR-Code-Free-300x274.png 300w, https:\/\/calfrenzy.com\/wp-content\/uploads\/2025\/08\/Generate-Your-QR-Code-Free-768x702.png 768w, https:\/\/calfrenzy.com\/wp-content\/uploads\/2025\/08\/Generate-Your-QR-Code-Free.png 1076w\" sizes=\"(max-width: 1024px) 100vw, 1024px\" \/><\/figure>\n<\/div>\n<\/div><\/div>\n\n<div class=\"wp-block-cf-video wrapper_video_block\"><div class=\"video_block\">\n<h2 class=\"wp-block-heading has-text-align-center\" id=\"h-see-it-in-action\">In Aktion sehen<\/h2>\n\n\n\n<p class=\"has-text-align-center\">Sehen Sie, wie einfach es ist, einen QR-Code zu erstellen, auszudrucken und reale Interaktionen in Buchungen zu verwandeln. <br\/>Perfekt f\u00fcr Events, Beschilderungen, Visitenkarten und vieles mehr.<\/p>\n\n\n\n<figure class=\"wp-block-embed is-type-video is-provider-youtube wp-block-embed-youtube\"><div class=\"wp-block-embed__wrapper\">\n<iframe title=\"Instantly Book Appointments with a Scan | Calfrenzy QR Code Tutorial\" width=\"500\" height=\"281\" src=\"https:\/\/www.youtube.com\/embed\/BI_cyWf4jH4?feature=oembed\" frameborder=\"0\" allow=\"accelerometer; autoplay; clipboard-write; encrypted-media; gyroscope; picture-in-picture; web-share\" referrerpolicy=\"strict-origin-when-cross-origin\" allowfullscreen><\/iframe>\n<\/div><\/figure>\n<\/div><\/div>\n\n<div class=\"wp-block-cf-bg-container-block wrapper_bg_container_block\"><div class=\"bg_container_block\" style=\"background-color:#b5f7d1;background-image:url(https:\/\/calfrenzy.com\/wp-content\/uploads\/2025\/08\/bg_content_block.png)\">\n<div style=\"min-width:min(calc(564\/1440 * 100vw) , 564px)\" class=\"wp-block-cf-bg-container-block-inner bg_container_block__column\">\n<h2 class=\"wp-block-heading\" id=\"h-what-is-qr-code-appointment-booking\">Was ist QR-Code-Terminbuchung?<\/h2>\n<\/div>\n\n\n\n<div style=\"min-width:min(calc(496\/1440 * 100vw) , 496px)\" class=\"wp-block-cf-bg-container-block-inner bg_container_block__column\">\n<p>Mit QR-Code-Terminbuchung k\u00f6nnen Kund:innen Ihre Buchungsseite einfach durch Scannen eines Codes mit dem Smartphone aufrufen. Es ist nicht n\u00f6tig, Links zu kopieren oder zus\u00e4tzliche Apps zu \u00f6ffnen \u2013 einfach scannen und buchen. Ideal f\u00fcr Vor-Ort-Profis, Messen, Flyer oder physische Beschilderungen, die passives Interesse in geplante Meetings verwandeln.  <\/p>\n<\/div>\n<\/div><\/div>\n\n<div class=\"wp-block-cf-tools wrapper_tools no_bg\"><div class=\"tools\">\n<h2 class=\"wp-block-heading has-text-align-center\" id=\"h-share-your-qr-code-anywhere\">Teilen Sie Ihren QR-Code \u00fcberall<\/h2>\n\n\n\n<div class=\"wp-block-cf-tools-items tools__items tools__items--two\">\n<div class=\"wp-block-cf-tools-item tool_item\">\n<figure class=\"wp-block-image size-full\"><img decoding=\"async\" width=\"120\" height=\"120\" src=\"https:\/\/calfrenzy.com\/wp-content\/uploads\/2025\/08\/in-your-physical-space.png\" alt=\"In Ihren R&#xE4;umlichkeiten\" class=\"wp-image-8116\"\/><\/figure>\n\n\n\n<h3 class=\"wp-block-heading\" id=\"h-in-your-physical-space\">In Ihren R\u00e4umlichkeiten<\/h3>\n\n\n\n<ul class=\"wp-block-list\">\n<li>Anzeige im B\u00fcro, Empfang oder Schaufenster<\/li>\n\n\n\n<li>Nutzung bei Messen, Events oder Workshops<\/li>\n<\/ul>\n<\/div>\n\n\n\n<div class=\"wp-block-cf-tools-item tool_item\">\n<figure class=\"wp-block-image size-full\"><img decoding=\"async\" width=\"120\" height=\"120\" src=\"https:\/\/calfrenzy.com\/wp-content\/uploads\/2025\/08\/online-channels.png\" alt=\"Online-Kan&#xE4;le\" class=\"wp-image-8117\"\/><\/figure>\n\n\n\n<h3 class=\"wp-block-heading\" id=\"h-online-channels\">Online-Kan\u00e4le<\/h3>\n\n\n\n<ul class=\"wp-block-list\">\n<li>In E-Mail-Fu\u00dfzeilen, Social-Bios oder virtuellen Hintergr\u00fcnden einf\u00fcgen<\/li>\n\n\n\n<li>Herunterladen und in Ihrem digitalen Marketing wiederverwenden<\/li>\n<\/ul>\n<\/div>\n\n\n\n<div class=\"wp-block-cf-tools-item tool_item\">\n<figure class=\"wp-block-image size-full\"><img decoding=\"async\" width=\"120\" height=\"120\" src=\"https:\/\/calfrenzy.com\/wp-content\/uploads\/2025\/08\/on-the-go.png\" alt=\"Unterwegs\" class=\"wp-image-8118\"\/><\/figure>\n\n\n\n<h3 class=\"wp-block-heading\" id=\"h-on-the-go\">Unterwegs<\/h3>\n\n\n\n<ul class=\"wp-block-list\">\n<li>Auf Visitenkarten, Brosch\u00fcren oder Schilder drucken<\/li>\n\n\n\n<li>Menschen scannen lassen beim Netzwerken oder Reisen<\/li>\n<\/ul>\n<\/div>\n\n\n\n<div class=\"wp-block-cf-tools-item tool_item\">\n<figure class=\"wp-block-image size-full\"><img decoding=\"async\" width=\"120\" height=\"120\" src=\"https:\/\/calfrenzy.com\/wp-content\/uploads\/2025\/08\/Quick-Setup-No-Tech-Needed.png\" alt=\"Schnelles Setup &#x2013; keine Technik n&#xF6;tig\" class=\"wp-image-8119\"\/><\/figure>\n\n\n\n<h3 class=\"wp-block-heading\" id=\"h-quick-setup-no-tech-needed\">Schnelles Setup \u2013 keine Technik n\u00f6tig<\/h3>\n\n\n\n<ul class=\"wp-block-list\">\n<li>Generieren Sie Ihren QR-Code mit einem Klick von jeder Buchungsseite<\/li>\n\n\n\n<li>Laden Sie ihn jederzeit herunter und nutzen Sie ihn wieder \u2013 keine Design-Tools erforderlich<\/li>\n<\/ul>\n<\/div>\n<\/div>\n<\/div><\/div>\n\n<div class=\"wp-block-cf-perfect-workflow wrapper_perfect_workflow\" style=\"background-color:#fff7d9\"><div class=\"perfect_workflow\">\n<h2 class=\"wp-block-heading has-text-align-center\" id=\"h-perfect-for-any-workflow\">Perfekt f\u00fcr jeden Workflow<\/h2>\n\n\n\n<div class=\"wp-block-cf-perfect-workflow-items perfect_workflow__items perfect_workflow__items--four\">\n<div class=\"wp-block-cf-perfect-workflow-item perfect_workflow_item\">\n<figure class=\"wp-block-image size-full\"><img decoding=\"async\" width=\"96\" height=\"96\" src=\"https:\/\/calfrenzy.com\/wp-content\/uploads\/2025\/06\/Coaches-Consultants.png\" alt=\"Icon f&#xFC;r Planungstools f&#xFC;r Coaches und Berater:innen.\" class=\"wp-image-7399\"\/><\/figure>\n\n\n\n<h3 class=\"wp-block-heading has-text-align-center\" id=\"h-consultants-amp-coaches\">Berater:innen &amp; Coaches<\/h3>\n\n\n\n<p class=\"has-text-align-center\">bei Live-Events<\/p>\n<\/div>\n\n\n\n<div class=\"wp-block-cf-perfect-workflow-item perfect_workflow_item\">\n<figure class=\"wp-block-image size-full\"><img decoding=\"async\" width=\"96\" height=\"96\" src=\"https:\/\/calfrenzy.com\/wp-content\/uploads\/2025\/08\/Stylists-Service-Pros.png\" alt=\"Stylist:innen &amp;amp; Dienstleistungsprofis\" class=\"wp-image-8121\"\/><\/figure>\n\n\n\n<h3 class=\"wp-block-heading has-text-align-center\" id=\"h-stylists-amp-service-pros\">Stylist:innen &amp; Dienstleistungsprofis<\/h3>\n\n\n\n<p class=\"has-text-align-center\">in Studios oder Salons<\/p>\n<\/div>\n\n\n\n<div class=\"wp-block-cf-perfect-workflow-item perfect_workflow_item\">\n<figure class=\"wp-block-image size-full\"><img decoding=\"async\" width=\"96\" height=\"96\" src=\"https:\/\/calfrenzy.com\/wp-content\/uploads\/2025\/08\/Photographers-Artists.png\" alt=\"Fotograf:innen &amp;amp; K&#xFC;nstler:innen\" class=\"wp-image-8122\"\/><\/figure>\n\n\n\n<h3 class=\"wp-block-heading has-text-align-center\" id=\"h-photographers-amp-artists\">Fotograf:innen &amp; K\u00fcnstler:innen<\/h3>\n\n\n\n<p class=\"has-text-align-center\">bei Ausstellungen oder Messest\u00e4nden<\/p>\n<\/div>\n\n\n\n<div class=\"wp-block-cf-perfect-workflow-item perfect_workflow_item\">\n<figure class=\"wp-block-image size-full\"><img decoding=\"async\" width=\"99\" height=\"96\" src=\"https:\/\/calfrenzy.com\/wp-content\/uploads\/2025\/08\/Freelancers-VAs.png\" alt=\"Freelancer &amp;amp; VAs\" class=\"wp-image-8123\"\/><\/figure>\n\n\n\n<h3 class=\"wp-block-heading has-text-align-center\" id=\"h-freelancers-amp-vas\">Freelancer &amp; VAs<\/h3>\n\n\n\n<p class=\"has-text-align-center\">unterwegs beim Netzwerken<\/p>\n<\/div>\n<\/div>\n<\/div><\/div>\n\n<div class=\"wp-block-cf-faq wrapper_faq\" itemscope itemtype=\"https:\/\/schema.org\/FAQPage\"><div class=\"faq\">\n<h2 class=\"wp-block-heading has-text-align-center\" id=\"h-frequently-asked-questions\">H\u00e4ufige Fragen<\/h2>\n\n\n\n<div class=\"wp-block-cf-faq-item faq_item\" itemscope itemprop=\"mainEntity\" itemtype=\"https:\/\/schema.org\/Question\">\n<div class=\"wp-block-cf-faq-item-question faq_item__title\" onclick=\"$(this).siblings('.faq_item__content').slideToggle().parent().toggleClass('open')\"><div itemprop=\"name\">\n<h3 class=\"wp-block-heading\" id=\"h-how-do-i-generate-a-qr-code-for-my-booking-page\">Wie generiere ich einen QR-Code f\u00fcr meine Buchungsseite?<\/h3>\n<\/div><\/div>\n\n\n\n<div class=\"wp-block-cf-faq-item-answer faq_item__content\" itemscope itemprop=\"acceptedAnswer\" itemtype=\"https:\/\/schema.org\/Answer\"><div itemprop=\"text\">\n<p>Klicken Sie einfach im Calfrenzy-Dashboard auf die Schaltfl\u00e4che \u201eTeilen\u201c und w\u00e4hlen Sie die Option QR-Code. Der Code wird automatisch erstellt und steht zum Download bereit. <\/p>\n<\/div><\/div>\n<\/div>\n\n\n\n<div class=\"wp-block-cf-faq-item faq_item\" itemscope itemprop=\"mainEntity\" itemtype=\"https:\/\/schema.org\/Question\">\n<div class=\"wp-block-cf-faq-item-question faq_item__title\" onclick=\"$(this).siblings('.faq_item__content').slideToggle().parent().toggleClass('open')\"><div itemprop=\"name\">\n<h3 class=\"wp-block-heading\" id=\"h-can-i-print-the-qr-code-for-my-business-cards-or-signage\">Kann ich den QR-Code f\u00fcr meine Visitenkarten oder Beschilderungen drucken?<\/h3>\n<\/div><\/div>\n\n\n\n<div class=\"wp-block-cf-faq-item-answer faq_item__content\" itemscope itemprop=\"acceptedAnswer\" itemtype=\"https:\/\/schema.org\/Answer\"><div itemprop=\"text\">\n<p>Ja! Der QR-Code ist als Standard-Bilddatei herunterladbar, die Sie f\u00fcr Druckmaterialien, Poster oder digitale Displays verwenden k\u00f6nnen. <\/p>\n<\/div><\/div>\n<\/div>\n\n\n\n<div class=\"wp-block-cf-faq-item faq_item\" itemscope itemprop=\"mainEntity\" itemtype=\"https:\/\/schema.org\/Question\">\n<div class=\"wp-block-cf-faq-item-question faq_item__title\" onclick=\"$(this).siblings('.faq_item__content').slideToggle().parent().toggleClass('open')\"><div itemprop=\"name\">\n<h3 class=\"wp-block-heading\" id=\"h-do-clients-need-an-app-to-scan-the-code\">Brauchen Kund:innen eine App, um den Code zu scannen?<\/h3>\n<\/div><\/div>\n\n\n\n<div class=\"wp-block-cf-faq-item-answer faq_item__content\" itemscope itemprop=\"acceptedAnswer\" itemtype=\"https:\/\/schema.org\/Answer\"><div itemprop=\"text\">\n<p>Nein. Der QR-Code funktioniert mit jeder integrierten Smartphone-Kamera oder QR-Code-Scan-App \u2013 keine spezielle Einrichtung erforderlich. <\/p>\n<\/div><\/div>\n<\/div>\n\n\n\n<div class=\"wp-block-cf-faq-item faq_item\" itemscope itemprop=\"mainEntity\" itemtype=\"https:\/\/schema.org\/Question\">\n<div class=\"wp-block-cf-faq-item-question faq_item__title\" onclick=\"$(this).siblings('.faq_item__content').slideToggle().parent().toggleClass('open')\"><div itemprop=\"name\">\n<h3 class=\"wp-block-heading\" id=\"h-does-each-booking-page-have-its-own-qr-code\">Hat jede Buchungsseite ihren eigenen QR-Code?<\/h3>\n<\/div><\/div>\n\n\n\n<div class=\"wp-block-cf-faq-item-answer faq_item__content\" itemscope itemprop=\"acceptedAnswer\" itemtype=\"https:\/\/schema.org\/Answer\"><div itemprop=\"text\">\n<p>Ja. Sie k\u00f6nnen f\u00fcr jede Buchungsseite, die Sie in Calfrenzy erstellen, einen eindeutigen QR-Code generieren. <\/p>\n<\/div><\/div>\n<\/div>\n\n\n\n<div class=\"wp-block-cf-faq-item faq_item\" itemscope itemprop=\"mainEntity\" itemtype=\"https:\/\/schema.org\/Question\">\n<div class=\"wp-block-cf-faq-item-question faq_item__title\" onclick=\"$(this).siblings('.faq_item__content').slideToggle().parent().toggleClass('open')\"><div itemprop=\"name\">\n<h3 class=\"wp-block-heading\" id=\"h-can-i-track-who-scanned-my-qr-code\">Kann ich nachverfolgen, wer meinen QR-Code gescannt hat?<\/h3>\n<\/div><\/div>\n\n\n\n<div class=\"wp-block-cf-faq-item-answer faq_item__content\" itemscope itemprop=\"acceptedAnswer\" itemtype=\"https:\/\/schema.org\/Answer\"><div itemprop=\"text\">\n<p>Calfrenzy verfolgt Scans nicht direkt. Sie k\u00f6nnen jedoch Seitentitel-Tags nutzen, um den Traffic in Ihrem Buchungs-Dashboard nachzuvollziehen.<\/p>\n<\/div><\/div>\n<\/div>\n<\/div><\/div>\n\n<div class=\"wp-block-cf-yellow-cta wrapper_yellow_cta\"><div class=\"yellow_cta\"><div class=\"yellow_cta__content\">\n<h2 class=\"wp-block-heading has-text-align-center\" id=\"h-your-next-booking-could-be-one-scan-away\">Ihre n\u00e4chste Buchung k\u00f6nnte nur einen Scan entfernt sein<\/h2>\n\n\n\n<p class=\"has-text-align-center\">Generieren Sie in Sekunden einen individuellen QR-Code f\u00fcr Ihre Calfrenzy-Buchungsseite \u2013 und verpassen Sie nie wieder eine Chance zur Buchung.<\/p>\n\n\n\n<div class=\"wp-block-button\"><a class=\"wp-block-button__link wp-element-button\" href=\"https:\/\/schedule.calfrenzy.com\/auth\/sign-up\">Jetzt QR-Code erstellen<\/a><\/div>\n<\/div><\/div><\/div>\n","protected":false},"excerpt":{"rendered":"","protected":false},"author":1,"featured_media":10376,"parent":2051,"menu_order":0,"comment_status":"closed","ping_status":"closed","template":"","meta":{"inline_featured_image":false,"footnotes":""},"class_list":["post-8526","page","type-page","status-publish","has-post-thumbnail","hentry"],"yoast_head":"<!-- This site is optimized with the Yoast SEO Premium plugin v26.8 (Yoast SEO v26.8) - https:\/\/yoast.com\/product\/yoast-seo-premium-wordpress\/ -->\n<title>QR-Code f\u00fcr Terminbuchung | Calfrenzy<\/title>\n<meta name=\"description\" content=\"Lassen Sie Kund:innen per Scan buchen. Calfrenzy erstellt QR-Codes f\u00fcr Ihre Buchungsseite \u2013 perfekt f\u00fcr Visitenkarten, Beschilderungen und Events.\" \/>\n<meta name=\"robots\" content=\"index, follow, max-snippet:-1, max-image-preview:large, max-video-preview:-1\" \/>\n<link rel=\"canonical\" href=\"https:\/\/calfrenzy.com\/de\/funktionen\/qr-code-terminbuchung\/\" \/>\n<meta property=\"og:locale\" content=\"de_DE\" \/>\n<meta property=\"og:type\" content=\"article\" \/>\n<meta property=\"og:title\" content=\"QR-Code-Terminbuchung\" \/>\n<meta property=\"og:description\" content=\"Lassen Sie Kund:innen per Scan buchen. Calfrenzy erstellt QR-Codes f\u00fcr Ihre Buchungsseite \u2013 perfekt f\u00fcr Visitenkarten, Beschilderungen und Events.\" \/>\n<meta property=\"og:url\" content=\"https:\/\/calfrenzy.com\/de\/funktionen\/qr-code-terminbuchung\/\" \/>\n<meta property=\"og:site_name\" content=\"calfrenzy\" \/>\n<meta property=\"article:publisher\" content=\"https:\/\/www.facebook.com\/calfrenzy\" \/>\n<meta property=\"article:modified_time\" content=\"2025-11-28T12:11:00+00:00\" \/>\n<meta property=\"og:image\" content=\"https:\/\/calfrenzy.com\/wp-content\/uploads\/2025\/11\/QR-Code-German.png\" \/>\n\t<meta property=\"og:image:width\" content=\"1200\" \/>\n\t<meta property=\"og:image:height\" content=\"630\" \/>\n\t<meta property=\"og:image:type\" content=\"image\/png\" \/>\n<meta name=\"twitter:card\" content=\"summary_large_image\" \/>\n<meta name=\"twitter:site\" content=\"@calfrenzy53224\" \/>\n<meta name=\"twitter:label1\" content=\"Gesch\u00e4tzte Lesezeit\" \/>\n\t<meta name=\"twitter:data1\" content=\"2 Minuten\" \/>\n<script type=\"application\/ld+json\" class=\"yoast-schema-graph\">{\"@context\":\"https:\/\/schema.org\",\"@graph\":[{\"@type\":\"WebPage\",\"@id\":\"https:\/\/calfrenzy.com\/de\/funktionen\/qr-code-terminbuchung\/\",\"url\":\"https:\/\/calfrenzy.com\/de\/funktionen\/qr-code-terminbuchung\/\",\"name\":\"QR-Code f\u00fcr Terminbuchung | Calfrenzy\",\"isPartOf\":{\"@id\":\"https:\/\/calfrenzy.com\/de\/#website\"},\"primaryImageOfPage\":{\"@id\":\"https:\/\/calfrenzy.com\/de\/funktionen\/qr-code-terminbuchung\/#primaryimage\"},\"image\":{\"@id\":\"https:\/\/calfrenzy.com\/de\/funktionen\/qr-code-terminbuchung\/#primaryimage\"},\"thumbnailUrl\":\"https:\/\/calfrenzy.com\/wp-content\/uploads\/2025\/11\/QR-Code-German.png\",\"datePublished\":\"2025-08-13T08:59:44+00:00\",\"dateModified\":\"2025-11-28T12:11:00+00:00\",\"description\":\"Lassen Sie Kund:innen per Scan buchen. Calfrenzy erstellt QR-Codes f\u00fcr Ihre Buchungsseite \u2013 perfekt f\u00fcr Visitenkarten, Beschilderungen und Events.\",\"breadcrumb\":{\"@id\":\"https:\/\/calfrenzy.com\/de\/funktionen\/qr-code-terminbuchung\/#breadcrumb\"},\"inLanguage\":\"de\",\"potentialAction\":[{\"@type\":\"ReadAction\",\"target\":[\"https:\/\/calfrenzy.com\/de\/funktionen\/qr-code-terminbuchung\/\"]}]},{\"@type\":\"ImageObject\",\"inLanguage\":\"de\",\"@id\":\"https:\/\/calfrenzy.com\/de\/funktionen\/qr-code-terminbuchung\/#primaryimage\",\"url\":\"https:\/\/calfrenzy.com\/wp-content\/uploads\/2025\/11\/QR-Code-German.png\",\"contentUrl\":\"https:\/\/calfrenzy.com\/wp-content\/uploads\/2025\/11\/QR-Code-German.png\",\"width\":1200,\"height\":630},{\"@type\":\"BreadcrumbList\",\"@id\":\"https:\/\/calfrenzy.com\/de\/funktionen\/qr-code-terminbuchung\/#breadcrumb\",\"itemListElement\":[{\"@type\":\"ListItem\",\"position\":1,\"name\":\"Home\",\"item\":\"https:\/\/calfrenzy.com\/de\/\"},{\"@type\":\"ListItem\",\"position\":2,\"name\":\"Funktionen\",\"item\":\"https:\/\/calfrenzy.com\/de\/funktionen\/\"},{\"@type\":\"ListItem\",\"position\":3,\"name\":\"QR-Code-Terminbuchung\"}]},{\"@type\":\"WebSite\",\"@id\":\"https:\/\/calfrenzy.com\/de\/#website\",\"url\":\"https:\/\/calfrenzy.com\/de\/\",\"name\":\"Calfrenzy\",\"description\":\"Easy Scheduling Across Time Zones and Organizations\",\"publisher\":{\"@id\":\"https:\/\/calfrenzy.com\/de\/#organization\"},\"alternateName\":\"calfrenzy\",\"potentialAction\":[{\"@type\":\"SearchAction\",\"target\":{\"@type\":\"EntryPoint\",\"urlTemplate\":\"https:\/\/calfrenzy.com\/de\/?s={search_term_string}\"},\"query-input\":{\"@type\":\"PropertyValueSpecification\",\"valueRequired\":true,\"valueName\":\"search_term_string\"}}],\"inLanguage\":\"de\"},{\"@type\":\"Organization\",\"@id\":\"https:\/\/calfrenzy.com\/de\/#organization\",\"name\":\"Calfrenzy\",\"alternateName\":\"calfrenzy\",\"url\":\"https:\/\/calfrenzy.com\/de\/\",\"logo\":{\"@type\":\"ImageObject\",\"inLanguage\":\"de\",\"@id\":\"https:\/\/calfrenzy.com\/de\/#\/schema\/logo\/image\/\",\"url\":\"https:\/\/calfrenzy.com\/wp-content\/uploads\/2024\/06\/float_6_1.svg\",\"contentUrl\":\"https:\/\/calfrenzy.com\/wp-content\/uploads\/2024\/06\/float_6_1.svg\",\"width\":47,\"height\":50,\"caption\":\"Calfrenzy\"},\"image\":{\"@id\":\"https:\/\/calfrenzy.com\/de\/#\/schema\/logo\/image\/\"},\"sameAs\":[\"https:\/\/www.facebook.com\/calfrenzy\",\"https:\/\/x.com\/calfrenzy53224\",\"https:\/\/www.youtube.com\/@Calfrenzy\",\"https:\/\/www.linkedin.com\/company\/calfrenzy\",\"https:\/\/www.capterra.com\/p\/10020993\/CalFrenzy\/\",\"https:\/\/chromewebstore.google.com\/detail\/calfrenzy-free-online-app\/igmlifilbgnlaijamohaakgoacoeoidk?hl=en\",\"https:\/\/workspace.google.com\/marketplace\/app\/calfrenzy\/369573383535\",\"https:\/\/www.trustpilot.com\/review\/calfrenzy.com\",\"https:\/\/www.g2.com\/products\/calfrenzy\/reviews\"]}]}<\/script>\n<!-- \/ Yoast SEO Premium plugin. -->","yoast_head_json":{"title":"QR-Code f\u00fcr Terminbuchung | Calfrenzy","description":"Lassen Sie Kund:innen per Scan buchen. Calfrenzy erstellt QR-Codes f\u00fcr Ihre Buchungsseite \u2013 perfekt f\u00fcr Visitenkarten, Beschilderungen und Events.","robots":{"index":"index","follow":"follow","max-snippet":"max-snippet:-1","max-image-preview":"max-image-preview:large","max-video-preview":"max-video-preview:-1"},"canonical":"https:\/\/calfrenzy.com\/de\/funktionen\/qr-code-terminbuchung\/","og_locale":"de_DE","og_type":"article","og_title":"QR-Code-Terminbuchung","og_description":"Lassen Sie Kund:innen per Scan buchen. Calfrenzy erstellt QR-Codes f\u00fcr Ihre Buchungsseite \u2013 perfekt f\u00fcr Visitenkarten, Beschilderungen und Events.","og_url":"https:\/\/calfrenzy.com\/de\/funktionen\/qr-code-terminbuchung\/","og_site_name":"calfrenzy","article_publisher":"https:\/\/www.facebook.com\/calfrenzy","article_modified_time":"2025-11-28T12:11:00+00:00","og_image":[{"width":1200,"height":630,"url":"https:\/\/calfrenzy.com\/wp-content\/uploads\/2025\/11\/QR-Code-German.png","type":"image\/png"}],"twitter_card":"summary_large_image","twitter_site":"@calfrenzy53224","twitter_misc":{"Gesch\u00e4tzte Lesezeit":"2 Minuten"},"schema":{"@context":"https:\/\/schema.org","@graph":[{"@type":"WebPage","@id":"https:\/\/calfrenzy.com\/de\/funktionen\/qr-code-terminbuchung\/","url":"https:\/\/calfrenzy.com\/de\/funktionen\/qr-code-terminbuchung\/","name":"QR-Code f\u00fcr Terminbuchung | Calfrenzy","isPartOf":{"@id":"https:\/\/calfrenzy.com\/de\/#website"},"primaryImageOfPage":{"@id":"https:\/\/calfrenzy.com\/de\/funktionen\/qr-code-terminbuchung\/#primaryimage"},"image":{"@id":"https:\/\/calfrenzy.com\/de\/funktionen\/qr-code-terminbuchung\/#primaryimage"},"thumbnailUrl":"https:\/\/calfrenzy.com\/wp-content\/uploads\/2025\/11\/QR-Code-German.png","datePublished":"2025-08-13T08:59:44+00:00","dateModified":"2025-11-28T12:11:00+00:00","description":"Lassen Sie Kund:innen per Scan buchen. Calfrenzy erstellt QR-Codes f\u00fcr Ihre Buchungsseite \u2013 perfekt f\u00fcr Visitenkarten, Beschilderungen und Events.","breadcrumb":{"@id":"https:\/\/calfrenzy.com\/de\/funktionen\/qr-code-terminbuchung\/#breadcrumb"},"inLanguage":"de","potentialAction":[{"@type":"ReadAction","target":["https:\/\/calfrenzy.com\/de\/funktionen\/qr-code-terminbuchung\/"]}]},{"@type":"ImageObject","inLanguage":"de","@id":"https:\/\/calfrenzy.com\/de\/funktionen\/qr-code-terminbuchung\/#primaryimage","url":"https:\/\/calfrenzy.com\/wp-content\/uploads\/2025\/11\/QR-Code-German.png","contentUrl":"https:\/\/calfrenzy.com\/wp-content\/uploads\/2025\/11\/QR-Code-German.png","width":1200,"height":630},{"@type":"BreadcrumbList","@id":"https:\/\/calfrenzy.com\/de\/funktionen\/qr-code-terminbuchung\/#breadcrumb","itemListElement":[{"@type":"ListItem","position":1,"name":"Home","item":"https:\/\/calfrenzy.com\/de\/"},{"@type":"ListItem","position":2,"name":"Funktionen","item":"https:\/\/calfrenzy.com\/de\/funktionen\/"},{"@type":"ListItem","position":3,"name":"QR-Code-Terminbuchung"}]},{"@type":"WebSite","@id":"https:\/\/calfrenzy.com\/de\/#website","url":"https:\/\/calfrenzy.com\/de\/","name":"Calfrenzy","description":"Easy Scheduling Across Time Zones and Organizations","publisher":{"@id":"https:\/\/calfrenzy.com\/de\/#organization"},"alternateName":"calfrenzy","potentialAction":[{"@type":"SearchAction","target":{"@type":"EntryPoint","urlTemplate":"https:\/\/calfrenzy.com\/de\/?s={search_term_string}"},"query-input":{"@type":"PropertyValueSpecification","valueRequired":true,"valueName":"search_term_string"}}],"inLanguage":"de"},{"@type":"Organization","@id":"https:\/\/calfrenzy.com\/de\/#organization","name":"Calfrenzy","alternateName":"calfrenzy","url":"https:\/\/calfrenzy.com\/de\/","logo":{"@type":"ImageObject","inLanguage":"de","@id":"https:\/\/calfrenzy.com\/de\/#\/schema\/logo\/image\/","url":"https:\/\/calfrenzy.com\/wp-content\/uploads\/2024\/06\/float_6_1.svg","contentUrl":"https:\/\/calfrenzy.com\/wp-content\/uploads\/2024\/06\/float_6_1.svg","width":47,"height":50,"caption":"Calfrenzy"},"image":{"@id":"https:\/\/calfrenzy.com\/de\/#\/schema\/logo\/image\/"},"sameAs":["https:\/\/www.facebook.com\/calfrenzy","https:\/\/x.com\/calfrenzy53224","https:\/\/www.youtube.com\/@Calfrenzy","https:\/\/www.linkedin.com\/company\/calfrenzy","https:\/\/www.capterra.com\/p\/10020993\/CalFrenzy\/","https:\/\/chromewebstore.google.com\/detail\/calfrenzy-free-online-app\/igmlifilbgnlaijamohaakgoacoeoidk?hl=en","https:\/\/workspace.google.com\/marketplace\/app\/calfrenzy\/369573383535","https:\/\/www.trustpilot.com\/review\/calfrenzy.com","https:\/\/www.g2.com\/products\/calfrenzy\/reviews"]}]}},"_links":{"self":[{"href":"https:\/\/calfrenzy.com\/de\/wp-json\/wp\/v2\/pages\/8526","targetHints":{"allow":["GET"]}}],"collection":[{"href":"https:\/\/calfrenzy.com\/de\/wp-json\/wp\/v2\/pages"}],"about":[{"href":"https:\/\/calfrenzy.com\/de\/wp-json\/wp\/v2\/types\/page"}],"author":[{"embeddable":true,"href":"https:\/\/calfrenzy.com\/de\/wp-json\/wp\/v2\/users\/1"}],"replies":[{"embeddable":true,"href":"https:\/\/calfrenzy.com\/de\/wp-json\/wp\/v2\/comments?post=8526"}],"version-history":[{"count":2,"href":"https:\/\/calfrenzy.com\/de\/wp-json\/wp\/v2\/pages\/8526\/revisions"}],"predecessor-version":[{"id":10956,"href":"https:\/\/calfrenzy.com\/de\/wp-json\/wp\/v2\/pages\/8526\/revisions\/10956"}],"up":[{"embeddable":true,"href":"https:\/\/calfrenzy.com\/de\/wp-json\/wp\/v2\/pages\/2051"}],"wp:featuredmedia":[{"embeddable":true,"href":"https:\/\/calfrenzy.com\/de\/wp-json\/wp\/v2\/media\/10376"}],"wp:attachment":[{"href":"https:\/\/calfrenzy.com\/de\/wp-json\/wp\/v2\/media?parent=8526"}],"curies":[{"name":"wp","href":"https:\/\/api.w.org\/{rel}","templated":true}]}}