{"id":3057,"date":"2024-10-25T09:52:02","date_gmt":"2024-10-25T09:52:02","guid":{"rendered":"https:\/\/calfrenzy.com\/?page_id=3057"},"modified":"2025-11-14T13:24:39","modified_gmt":"2025-11-14T13:24:39","slug":"acerca-de","status":"publish","type":"page","link":"https:\/\/calfrenzy.com\/es\/acerca-de\/","title":{"rendered":"Acerca de"},"content":{"rendered":"\n<div class=\"wp-block-cf-about-banner wrapper_about_banner\"><div class=\"about_banner\">\n<div class=\"about_banner__content\">\n<h1 class=\"wp-block-heading\" id=\"h-about-calfrenzy\">Sobre <mark style=\"background-color:rgba(0, 0, 0, 0)\" class=\"has-inline-color has-base-green-right-color\">Calfrenzy<\/mark><\/h1>\n\n\n\n<p>Calfrenzy es la herramienta de programaci\u00f3n en l\u00ednea que te ofrece todo lo que necesitas, sin costos excesivos. Ya sea que programes citas individualmente o gestiones un equipo, hacemos que la programaci\u00f3n sea simple, eficiente y econ\u00f3mica. <\/p>\n\n\n\n<p><strong>Con Calfrenzy,<\/strong> obtienes funciones avanzadas a un precio justo, sin compromisos.<\/p>\n<\/div>\n\n\n\n<div class=\"about_banner__image\">\n<figure class=\"wp-block-image size-large\"><img decoding=\"async\" src=\"https:\/\/calfrenzy.com\/wp-content\/uploads\/2025\/04\/about_banner_spanish-1024x719.png\" alt=\"Acerca de Calfrenzy\" class=\"wp-image-1711\"\/><\/figure>\n<\/div>\n<\/div><\/div>\n\n<div class=\"wp-block-cf-about-block wrapper_about_block\"><div class=\"about_block left\">\n<div class=\"about_block__content\">\n<p>Desarrollado por un equipo con m\u00e1s de <strong>25 a\u00f1os<\/strong> de experiencia en desarrollo de software, Calfrenzy es el resultado de nuestra pasi\u00f3n por crear herramientas que facilitan la vida de las personas.<\/p>\n\n\n\n<p>Hemos lanzado numerosos productos exitosos y sabemos c\u00f3mo construir soluciones que son <strong>intuitivas, confiables<\/strong> y <strong>dise\u00f1adas<\/strong> pensando en el usuario.<\/p>\n<\/div>\n\n\n\n<div class=\"about_block__image\">\n<figure class=\"wp-block-image size-full\"><img decoding=\"async\" width=\"1268\" height=\"844\" src=\"https:\/\/calfrenzy.com\/wp-content\/uploads\/2024\/11\/about_block.png\" alt=\"Acerca de Calfrenzy\" class=\"wp-image-1712\" srcset=\"https:\/\/calfrenzy.com\/wp-content\/uploads\/2024\/11\/about_block.png 1268w, https:\/\/calfrenzy.com\/wp-content\/uploads\/2024\/11\/about_block-300x200.png 300w, https:\/\/calfrenzy.com\/wp-content\/uploads\/2024\/11\/about_block-1024x682.png 1024w, https:\/\/calfrenzy.com\/wp-content\/uploads\/2024\/11\/about_block-768x511.png 768w\" sizes=\"(max-width: 1268px) 100vw, 1268px\" \/><\/figure>\n<\/div>\n<\/div><\/div>\n\n<div class=\"wp-block-cf-why-different wrapper_why_different\"><div class=\"why_different\">\n<h2 class=\"wp-block-heading has-text-align-center\" id=\"h-what-makes-calfrenzy-different\">\u00bfQu\u00e9 hace \u00fanico a Calfrenzy?<\/h2>\n\n\n\n<div class=\"why_different__list\">\n<div class=\"why_different__list-item\">\n<figure class=\"wp-block-image size-full\"><img decoding=\"async\" width=\"180\" height=\"180\" src=\"https:\/\/calfrenzy.com\/wp-content\/uploads\/2025\/02\/Fair-Pricing.png\" alt=\"Precios Justos\" class=\"wp-image-5654\" srcset=\"https:\/\/calfrenzy.com\/wp-content\/uploads\/2025\/02\/Fair-Pricing.png 180w, https:\/\/calfrenzy.com\/wp-content\/uploads\/2025\/02\/Fair-Pricing-150x150.png 150w\" sizes=\"(max-width: 180px) 100vw, 180px\" \/><\/figure>\n\n\n\n<h3 class=\"wp-block-heading\" id=\"h-fair-pricing\">Precios Justos<\/h3>\n\n\n\n<p>En Calfrenzy, creemos en ofrecer un <strong>valor excepcional<\/strong>. Disfruta de un conjunto completo de herramientas avanzadas <strong>sin tarifas ocultas<\/strong>, permiti\u00e9ndote concentrarte en tus reuniones en lugar de en los costos.<\/p>\n<\/div>\n\n\n\n<div class=\"why_different__list-item\">\n<figure class=\"wp-block-image size-full\"><img decoding=\"async\" width=\"180\" height=\"180\" src=\"https:\/\/calfrenzy.com\/wp-content\/uploads\/2025\/02\/Intuitive-User-Interface.png\" alt=\"Interfaz Intuitiva\" class=\"wp-image-5655\" srcset=\"https:\/\/calfrenzy.com\/wp-content\/uploads\/2025\/02\/Intuitive-User-Interface.png 180w, https:\/\/calfrenzy.com\/wp-content\/uploads\/2025\/02\/Intuitive-User-Interface-150x150.png 150w\" sizes=\"(max-width: 180px) 100vw, 180px\" \/><\/figure>\n\n\n\n<h3 class=\"wp-block-heading\" id=\"h-intuitive-user-interface\">Interfaz Intuitiva<\/h3>\n\n\n\n<p>La programaci\u00f3n de reuniones debe ser sencilla e intuitiva. El dise\u00f1o de Calfrenzy es limpio, simple y construido para la eficiencia, para que puedas concentrarte en tus reuniones \u2014 no en la tecnolog\u00eda detr\u00e1s de ellas. <\/p>\n<\/div>\n\n\n\n<div class=\"why_different__list-item\">\n<figure class=\"wp-block-image size-full\"><img decoding=\"async\" width=\"180\" height=\"180\" src=\"https:\/\/calfrenzy.com\/wp-content\/uploads\/2025\/02\/Premium-Features.png\" alt=\"Funciones Premium\" class=\"wp-image-5656\" srcset=\"https:\/\/calfrenzy.com\/wp-content\/uploads\/2025\/02\/Premium-Features.png 180w, https:\/\/calfrenzy.com\/wp-content\/uploads\/2025\/02\/Premium-Features-150x150.png 150w\" sizes=\"(max-width: 180px) 100vw, 180px\" \/><\/figure>\n\n\n\n<h3 class=\"wp-block-heading\" id=\"h-premium-features\">Funciones Premium<\/h3>\n\n\n\n<p>Calfrenzy ofrece un conjunto completo de <strong>funciones avanzadas de programaci\u00f3n<\/strong>, desde <strong>programaci\u00f3n grupal <\/strong>y <strong>m\u00faltiples integraciones de calendario<\/strong> hasta recordatorios personalizados y m\u00e1s. Todo lo que necesitas para mantener tu eficiencia est\u00e1 incorporado. <\/p>\n<\/div>\n<\/div>\n<\/div><\/div>\n\n<div class=\"wp-block-cf-features-block wrapper_features_block\"><div class=\"features_block right\">\n<div class=\"features_block__content\">\n<h2 class=\"wp-block-heading\" id=\"h-our-mission\">Nuestra Misi\u00f3n<\/h2>\n\n\n\n<p>Calfrenzy fue creada con una misi\u00f3n clara: proporcionar <strong>herramientas premium de programaci\u00f3n<\/strong> con <strong>precios justos y transparentes<\/strong>. Creemos que cada profesional y equipo merece <strong>una soluci\u00f3n de programaci\u00f3n potente<\/strong> que sea tanto <strong>econ\u00f3mica<\/strong> como <strong>intuitiva<\/strong>. <\/p>\n\n\n\n<p>Nuestro objetivo es <strong>hacer la programaci\u00f3n m\u00e1s f\u00e1cil, m\u00e1s eficiente<\/strong> y <strong>accesible<\/strong> para todos.<\/p>\n<\/div>\n\n\n\n<div class=\"features_block__image\">\n<figure class=\"wp-block-image size-full\"><img decoding=\"async\" src=\"https:\/\/calfrenzy.com\/wp-content\/uploads\/2025\/04\/Our-Mission-Spanish.png\" alt=\"Nuestra Misi&#xF3;n\" class=\"wp-image-1716\"\/><\/figure>\n<\/div>\n<\/div><\/div>\n\n<div class=\"wp-block-cf-features-block wrapper_features_block\"><div class=\"features_block left\">\n<div class=\"features_block__content\">\n<h2 class=\"wp-block-heading\" id=\"h-superhuman-customer-service\">Servicio al Cliente Sobrehumano<\/h2>\n\n\n\n<p>No solo ofrecemos un gran servicio al cliente \u2014 ofrecemos soporte <strong>sobrehumano<\/strong>. Desde tu primera reuni\u00f3n hasta la gesti\u00f3n de equipos, estamos aqu\u00ed para ayudarte. <\/p>\n\n\n\n<p>En Calfrenzy, nos enorgullecemos de ser <strong>proactivos, r\u00e1pidos<\/strong> y <strong>amigables<\/strong>, para que puedas concentrarte en tu d\u00eda, sabiendo que te respaldamos.<\/p>\n<\/div>\n\n\n\n<div class=\"features_block__image\">\n<figure class=\"wp-block-image size-full\"><img decoding=\"async\" src=\"https:\/\/calfrenzy.com\/wp-content\/uploads\/2025\/04\/Superhuman-Customer-Service-Spanish.png\" alt=\"Servicio al Cliente Sobrehumano\" class=\"wp-image-1160\"\/><\/figure>\n<\/div>\n<\/div><\/div>\n\n<div class=\"wp-block-cf-faq wrapper_faq use_bg\" style=\"background-color:#f0f4ff\" itemscope itemtype=\"https:\/\/schema.org\/FAQPage\"><div class=\"faq\">\n<h2 class=\"wp-block-heading has-text-align-center\" id=\"h-frequently-asked-questions\">Preguntas Frecuentes<\/h2>\n\n\n\n<div class=\"wp-block-cf-faq-item faq_item\" itemscope itemprop=\"mainEntity\" itemtype=\"https:\/\/schema.org\/Question\">\n<div class=\"wp-block-cf-faq-item-question faq_item__title\" onclick=\"$(this).siblings('.faq_item__content').slideToggle().parent().toggleClass('open')\"><div itemprop=\"name\">\n<h3 class=\"wp-block-heading\" id=\"h-what-is-calfrenzy-scheduling-tool\">\u00bfQu\u00e9 es Calfrenzy?<\/h3>\n<\/div><\/div>\n\n\n\n<div class=\"wp-block-cf-faq-item-answer faq_item__content\" itemscope itemprop=\"acceptedAnswer\" itemtype=\"https:\/\/schema.org\/Answer\"><div itemprop=\"text\">\n<p>Calfrenzy es una plataforma online de programaci\u00f3n que ayuda a freelancers, consultores y equipos a simplificar sus reservas, llamadas con clientes y procesos de aprobaci\u00f3n. Con Calfrenzy puedes compartir tu disponibilidad, crear p\u00e1ginas de reserva personalizadas con tu marca, enviar recordatorios autom\u00e1ticos e incluso aceptar pagos, todo sin interminables correos de ida y vuelta. <\/p>\n<\/div><\/div>\n<\/div>\n\n\n\n<div class=\"wp-block-cf-faq-item faq_item\" itemscope itemprop=\"mainEntity\" itemtype=\"https:\/\/schema.org\/Question\">\n<div class=\"wp-block-cf-faq-item-question faq_item__title\" onclick=\"$(this).siblings('.faq_item__content').slideToggle().parent().toggleClass('open')\"><div itemprop=\"name\">\n<h3 class=\"wp-block-heading\" id=\"h-do-i-need-to-enter-a-credit-card-to-try-calfrenzy\">\u00bfNecesito una tarjeta de cr\u00e9dito para probar Calfrenzy?<\/h3>\n<\/div><\/div>\n\n\n\n<div class=\"wp-block-cf-faq-item-answer faq_item__content\" itemscope itemprop=\"acceptedAnswer\" itemtype=\"https:\/\/schema.org\/Answer\"><div itemprop=\"text\">\n<p>No. Puedes empezar a usar Calfrenzy de forma gratuita, sin tarjeta de cr\u00e9dito. Solo tendr\u00e1s que actualizar tu plan cuando quieras acceder a funciones premium. <\/p>\n<\/div><\/div>\n<\/div>\n\n\n\n<div class=\"wp-block-cf-faq-item faq_item\" itemscope itemprop=\"mainEntity\" itemtype=\"https:\/\/schema.org\/Question\">\n<div class=\"wp-block-cf-faq-item-question faq_item__title\" onclick=\"$(this).siblings('.faq_item__content').slideToggle().parent().toggleClass('open')\"><div itemprop=\"name\">\n<h3 class=\"wp-block-heading\" id=\"h-how-does-calfrenzy-handle-scheduling-across-different-time-zones\">\u00bfC\u00f3mo gestiona Calfrenzy las distintas zonas horarias?<\/h3>\n<\/div><\/div>\n\n\n\n<div class=\"wp-block-cf-faq-item-answer faq_item__content\" itemscope itemprop=\"acceptedAnswer\" itemtype=\"https:\/\/schema.org\/Answer\"><div itemprop=\"text\">\n<p>Calfrenzy detecta autom\u00e1ticamente la zona horaria de tus invitados, ajusta los horarios disponibles en consecuencia y los muestra en tu p\u00e1gina de reservas. As\u00ed te aseguras de que las reuniones se agenden correctamente, sin errores ni confusiones por diferencias horarias. <\/p>\n<\/div><\/div>\n<\/div>\n\n\n\n<div class=\"wp-block-cf-faq-item faq_item\" itemscope itemprop=\"mainEntity\" itemtype=\"https:\/\/schema.org\/Question\">\n<div class=\"wp-block-cf-faq-item-question faq_item__title\" onclick=\"$(this).siblings('.faq_item__content').slideToggle().parent().toggleClass('open')\"><div itemprop=\"name\">\n<h3 class=\"wp-block-heading\" id=\"h-can-i-customize-my-booking-page-branding-logo-color-questions\">\u00bfPuedo personalizar mi p\u00e1gina de reservas (marca, logo, colores, preguntas)?<\/h3>\n<\/div><\/div>\n\n\n\n<div class=\"wp-block-cf-faq-item-answer faq_item__content\" itemscope itemprop=\"acceptedAnswer\" itemtype=\"https:\/\/schema.org\/Answer\"><div itemprop=\"text\">\n<p>S\u00ed. Calfrenzy te ofrece control total para adaptarla a tu marca. Puedes a\u00f1adir tu logo, elegir colores, redactar descripciones personalizadas e incluir formularios o preguntas para recopilar la informaci\u00f3n necesaria antes de cada reuni\u00f3n. <\/p>\n<\/div><\/div>\n<\/div>\n<\/div><\/div>\n\n<div class=\"wp-block-cf-yellow-cta wrapper_yellow_cta\"><div class=\"yellow_cta\"><div class=\"yellow_cta__content\">\n<h2 class=\"wp-block-heading has-text-align-center\" id=\"h-sign-up-is-easy-90-seconds\">El Registro es F\u00e1cil <strong>90 Segundos<\/strong><\/h2>\n\n\n\n<p class=\"has-text-align-center\">\u00bfListo para agendar sin complicaciones?<br\/>Puedes <strong>registrarte, conectar tu calendario y comenzar a programar<\/strong> en solo <strong>90 segundos<\/strong>. <br\/>As\u00ed de simple.<\/p>\n\n\n\n<div class=\"wp-block-button\"><a class=\"wp-block-button__link wp-element-button\" href=\"https:\/\/schedule.calfrenzy.com\/auth\/sign-up\">Comienza Gratis<\/a><\/div>\n<\/div><\/div><\/div>\n","protected":false},"excerpt":{"rendered":"","protected":false},"author":1,"featured_media":10208,"parent":0,"menu_order":0,"comment_status":"closed","ping_status":"closed","template":"","meta":{"inline_featured_image":false,"footnotes":""},"class_list":["post-3057","page","type-page","status-publish","has-post-thumbnail","hentry"],"yoast_head":"<!-- This site is optimized with the Yoast SEO Premium plugin v27.3 (Yoast SEO v27.3) - https:\/\/yoast.com\/product\/yoast-seo-premium-wordpress\/ -->\n<title>Acerca de Calfrenzy - Software de Programaci\u00f3n de Citas<\/title>\n<meta name=\"description\" content=\"Calfrenzy es un software de programaci\u00f3n de citas gratuito con un dise\u00f1o intuitivo y precios justos, haciendo que la programaci\u00f3n en equipo sea simple y accesible.\" \/>\n<meta name=\"robots\" content=\"index, follow, max-snippet:-1, max-image-preview:large, max-video-preview:-1\" \/>\n<link rel=\"canonical\" href=\"https:\/\/calfrenzy.com\/es\/acerca-de\/\" \/>\n<meta property=\"og:locale\" content=\"es_ES\" \/>\n<meta property=\"og:type\" content=\"article\" \/>\n<meta property=\"og:title\" content=\"Acerca de\" \/>\n<meta property=\"og:description\" content=\"Calfrenzy es un software de programaci\u00f3n de citas gratuito con un dise\u00f1o intuitivo y precios justos, haciendo que la programaci\u00f3n en equipo sea simple y accesible.\" \/>\n<meta property=\"og:url\" content=\"https:\/\/calfrenzy.com\/es\/acerca-de\/\" \/>\n<meta property=\"og:site_name\" content=\"calfrenzy\" \/>\n<meta property=\"article:publisher\" content=\"https:\/\/www.facebook.com\/calfrenzy\" \/>\n<meta property=\"article:modified_time\" content=\"2025-11-14T13:24:39+00:00\" \/>\n<meta property=\"og:image\" content=\"https:\/\/calfrenzy.com\/wp-content\/uploads\/2025\/11\/About-Spanish.png\" \/>\n\t<meta property=\"og:image:width\" content=\"2400\" \/>\n\t<meta property=\"og:image:height\" content=\"1260\" \/>\n\t<meta property=\"og:image:type\" content=\"image\/png\" \/>\n<meta name=\"twitter:card\" content=\"summary_large_image\" \/>\n<meta name=\"twitter:site\" content=\"@calfrenzy53224\" \/>\n<meta name=\"twitter:label1\" content=\"Tiempo de lectura\" \/>\n\t<meta name=\"twitter:data1\" content=\"3 minutos\" \/>\n<script type=\"application\/ld+json\" class=\"yoast-schema-graph\">{\"@context\":\"https:\\\/\\\/schema.org\",\"@graph\":[{\"@type\":\"WebPage\",\"@id\":\"https:\\\/\\\/calfrenzy.com\\\/es\\\/acerca-de\\\/\",\"url\":\"https:\\\/\\\/calfrenzy.com\\\/es\\\/acerca-de\\\/\",\"name\":\"Acerca de Calfrenzy - Software de Programaci\u00f3n de Citas\",\"isPartOf\":{\"@id\":\"https:\\\/\\\/calfrenzy.com\\\/es\\\/#website\"},\"primaryImageOfPage\":{\"@id\":\"https:\\\/\\\/calfrenzy.com\\\/es\\\/acerca-de\\\/#primaryimage\"},\"image\":{\"@id\":\"https:\\\/\\\/calfrenzy.com\\\/es\\\/acerca-de\\\/#primaryimage\"},\"thumbnailUrl\":\"https:\\\/\\\/calfrenzy.com\\\/wp-content\\\/uploads\\\/2025\\\/11\\\/About-Spanish.png\",\"datePublished\":\"2024-10-25T09:52:02+00:00\",\"dateModified\":\"2025-11-14T13:24:39+00:00\",\"description\":\"Calfrenzy es un software de programaci\u00f3n de citas gratuito con un dise\u00f1o intuitivo y precios justos, haciendo que la programaci\u00f3n en equipo sea simple y accesible.\",\"breadcrumb\":{\"@id\":\"https:\\\/\\\/calfrenzy.com\\\/es\\\/acerca-de\\\/#breadcrumb\"},\"inLanguage\":\"es\",\"potentialAction\":[{\"@type\":\"ReadAction\",\"target\":[\"https:\\\/\\\/calfrenzy.com\\\/es\\\/acerca-de\\\/\"]}]},{\"@type\":\"ImageObject\",\"inLanguage\":\"es\",\"@id\":\"https:\\\/\\\/calfrenzy.com\\\/es\\\/acerca-de\\\/#primaryimage\",\"url\":\"https:\\\/\\\/calfrenzy.com\\\/wp-content\\\/uploads\\\/2025\\\/11\\\/About-Spanish.png\",\"contentUrl\":\"https:\\\/\\\/calfrenzy.com\\\/wp-content\\\/uploads\\\/2025\\\/11\\\/About-Spanish.png\",\"width\":2400,\"height\":1260},{\"@type\":\"BreadcrumbList\",\"@id\":\"https:\\\/\\\/calfrenzy.com\\\/es\\\/acerca-de\\\/#breadcrumb\",\"itemListElement\":[{\"@type\":\"ListItem\",\"position\":1,\"name\":\"Home\",\"item\":\"https:\\\/\\\/calfrenzy.com\\\/es\\\/\"},{\"@type\":\"ListItem\",\"position\":2,\"name\":\"Acerca de\"}]},{\"@type\":\"WebSite\",\"@id\":\"https:\\\/\\\/calfrenzy.com\\\/es\\\/#website\",\"url\":\"https:\\\/\\\/calfrenzy.com\\\/es\\\/\",\"name\":\"Calfrenzy\",\"description\":\"Easy Scheduling Across Time Zones and Organizations\",\"publisher\":{\"@id\":\"https:\\\/\\\/calfrenzy.com\\\/es\\\/#organization\"},\"alternateName\":\"calfrenzy\",\"potentialAction\":[{\"@type\":\"SearchAction\",\"target\":{\"@type\":\"EntryPoint\",\"urlTemplate\":\"https:\\\/\\\/calfrenzy.com\\\/es\\\/?s={search_term_string}\"},\"query-input\":{\"@type\":\"PropertyValueSpecification\",\"valueRequired\":true,\"valueName\":\"search_term_string\"}}],\"inLanguage\":\"es\"},{\"@type\":\"Organization\",\"@id\":\"https:\\\/\\\/calfrenzy.com\\\/es\\\/#organization\",\"name\":\"Calfrenzy\",\"alternateName\":\"calfrenzy\",\"url\":\"https:\\\/\\\/calfrenzy.com\\\/es\\\/\",\"logo\":{\"@type\":\"ImageObject\",\"inLanguage\":\"es\",\"@id\":\"https:\\\/\\\/calfrenzy.com\\\/es\\\/#\\\/schema\\\/logo\\\/image\\\/\",\"url\":\"https:\\\/\\\/calfrenzy.com\\\/wp-content\\\/uploads\\\/2024\\\/06\\\/float_6_1.svg\",\"contentUrl\":\"https:\\\/\\\/calfrenzy.com\\\/wp-content\\\/uploads\\\/2024\\\/06\\\/float_6_1.svg\",\"width\":47,\"height\":50,\"caption\":\"Calfrenzy\"},\"image\":{\"@id\":\"https:\\\/\\\/calfrenzy.com\\\/es\\\/#\\\/schema\\\/logo\\\/image\\\/\"},\"sameAs\":[\"https:\\\/\\\/www.facebook.com\\\/calfrenzy\",\"https:\\\/\\\/x.com\\\/calfrenzy53224\",\"https:\\\/\\\/www.youtube.com\\\/@Calfrenzy\",\"https:\\\/\\\/www.linkedin.com\\\/company\\\/calfrenzy\",\"https:\\\/\\\/www.capterra.com\\\/p\\\/10020993\\\/CalFrenzy\\\/\",\"https:\\\/\\\/chromewebstore.google.com\\\/detail\\\/calfrenzy-free-online-app\\\/igmlifilbgnlaijamohaakgoacoeoidk?hl=en\",\"https:\\\/\\\/workspace.google.com\\\/marketplace\\\/app\\\/calfrenzy\\\/369573383535\",\"https:\\\/\\\/www.trustpilot.com\\\/review\\\/calfrenzy.com\",\"https:\\\/\\\/www.g2.com\\\/products\\\/calfrenzy\\\/reviews\"]}]}<\/script>\n<!-- \/ Yoast SEO Premium plugin. -->","yoast_head_json":{"title":"Acerca de Calfrenzy - Software de Programaci\u00f3n de Citas","description":"Calfrenzy es un software de programaci\u00f3n de citas gratuito con un dise\u00f1o intuitivo y precios justos, haciendo que la programaci\u00f3n en equipo sea simple y accesible.","robots":{"index":"index","follow":"follow","max-snippet":"max-snippet:-1","max-image-preview":"max-image-preview:large","max-video-preview":"max-video-preview:-1"},"canonical":"https:\/\/calfrenzy.com\/es\/acerca-de\/","og_locale":"es_ES","og_type":"article","og_title":"Acerca de","og_description":"Calfrenzy es un software de programaci\u00f3n de citas gratuito con un dise\u00f1o intuitivo y precios justos, haciendo que la programaci\u00f3n en equipo sea simple y accesible.","og_url":"https:\/\/calfrenzy.com\/es\/acerca-de\/","og_site_name":"calfrenzy","article_publisher":"https:\/\/www.facebook.com\/calfrenzy","article_modified_time":"2025-11-14T13:24:39+00:00","og_image":[{"width":2400,"height":1260,"url":"https:\/\/calfrenzy.com\/wp-content\/uploads\/2025\/11\/About-Spanish.png","type":"image\/png"}],"twitter_card":"summary_large_image","twitter_site":"@calfrenzy53224","twitter_misc":{"Tiempo de lectura":"3 minutos"},"schema":{"@context":"https:\/\/schema.org","@graph":[{"@type":"WebPage","@id":"https:\/\/calfrenzy.com\/es\/acerca-de\/","url":"https:\/\/calfrenzy.com\/es\/acerca-de\/","name":"Acerca de Calfrenzy - Software de Programaci\u00f3n de Citas","isPartOf":{"@id":"https:\/\/calfrenzy.com\/es\/#website"},"primaryImageOfPage":{"@id":"https:\/\/calfrenzy.com\/es\/acerca-de\/#primaryimage"},"image":{"@id":"https:\/\/calfrenzy.com\/es\/acerca-de\/#primaryimage"},"thumbnailUrl":"https:\/\/calfrenzy.com\/wp-content\/uploads\/2025\/11\/About-Spanish.png","datePublished":"2024-10-25T09:52:02+00:00","dateModified":"2025-11-14T13:24:39+00:00","description":"Calfrenzy es un software de programaci\u00f3n de citas gratuito con un dise\u00f1o intuitivo y precios justos, haciendo que la programaci\u00f3n en equipo sea simple y accesible.","breadcrumb":{"@id":"https:\/\/calfrenzy.com\/es\/acerca-de\/#breadcrumb"},"inLanguage":"es","potentialAction":[{"@type":"ReadAction","target":["https:\/\/calfrenzy.com\/es\/acerca-de\/"]}]},{"@type":"ImageObject","inLanguage":"es","@id":"https:\/\/calfrenzy.com\/es\/acerca-de\/#primaryimage","url":"https:\/\/calfrenzy.com\/wp-content\/uploads\/2025\/11\/About-Spanish.png","contentUrl":"https:\/\/calfrenzy.com\/wp-content\/uploads\/2025\/11\/About-Spanish.png","width":2400,"height":1260},{"@type":"BreadcrumbList","@id":"https:\/\/calfrenzy.com\/es\/acerca-de\/#breadcrumb","itemListElement":[{"@type":"ListItem","position":1,"name":"Home","item":"https:\/\/calfrenzy.com\/es\/"},{"@type":"ListItem","position":2,"name":"Acerca de"}]},{"@type":"WebSite","@id":"https:\/\/calfrenzy.com\/es\/#website","url":"https:\/\/calfrenzy.com\/es\/","name":"Calfrenzy","description":"Easy Scheduling Across Time Zones and Organizations","publisher":{"@id":"https:\/\/calfrenzy.com\/es\/#organization"},"alternateName":"calfrenzy","potentialAction":[{"@type":"SearchAction","target":{"@type":"EntryPoint","urlTemplate":"https:\/\/calfrenzy.com\/es\/?s={search_term_string}"},"query-input":{"@type":"PropertyValueSpecification","valueRequired":true,"valueName":"search_term_string"}}],"inLanguage":"es"},{"@type":"Organization","@id":"https:\/\/calfrenzy.com\/es\/#organization","name":"Calfrenzy","alternateName":"calfrenzy","url":"https:\/\/calfrenzy.com\/es\/","logo":{"@type":"ImageObject","inLanguage":"es","@id":"https:\/\/calfrenzy.com\/es\/#\/schema\/logo\/image\/","url":"https:\/\/calfrenzy.com\/wp-content\/uploads\/2024\/06\/float_6_1.svg","contentUrl":"https:\/\/calfrenzy.com\/wp-content\/uploads\/2024\/06\/float_6_1.svg","width":47,"height":50,"caption":"Calfrenzy"},"image":{"@id":"https:\/\/calfrenzy.com\/es\/#\/schema\/logo\/image\/"},"sameAs":["https:\/\/www.facebook.com\/calfrenzy","https:\/\/x.com\/calfrenzy53224","https:\/\/www.youtube.com\/@Calfrenzy","https:\/\/www.linkedin.com\/company\/calfrenzy","https:\/\/www.capterra.com\/p\/10020993\/CalFrenzy\/","https:\/\/chromewebstore.google.com\/detail\/calfrenzy-free-online-app\/igmlifilbgnlaijamohaakgoacoeoidk?hl=en","https:\/\/workspace.google.com\/marketplace\/app\/calfrenzy\/369573383535","https:\/\/www.trustpilot.com\/review\/calfrenzy.com","https:\/\/www.g2.com\/products\/calfrenzy\/reviews"]}]}},"_links":{"self":[{"href":"https:\/\/calfrenzy.com\/es\/wp-json\/wp\/v2\/pages\/3057","targetHints":{"allow":["GET"]}}],"collection":[{"href":"https:\/\/calfrenzy.com\/es\/wp-json\/wp\/v2\/pages"}],"about":[{"href":"https:\/\/calfrenzy.com\/es\/wp-json\/wp\/v2\/types\/page"}],"author":[{"embeddable":true,"href":"https:\/\/calfrenzy.com\/es\/wp-json\/wp\/v2\/users\/1"}],"replies":[{"embeddable":true,"href":"https:\/\/calfrenzy.com\/es\/wp-json\/wp\/v2\/comments?post=3057"}],"version-history":[{"count":8,"href":"https:\/\/calfrenzy.com\/es\/wp-json\/wp\/v2\/pages\/3057\/revisions"}],"predecessor-version":[{"id":10438,"href":"https:\/\/calfrenzy.com\/es\/wp-json\/wp\/v2\/pages\/3057\/revisions\/10438"}],"wp:featuredmedia":[{"embeddable":true,"href":"https:\/\/calfrenzy.com\/es\/wp-json\/wp\/v2\/media\/10208"}],"wp:attachment":[{"href":"https:\/\/calfrenzy.com\/es\/wp-json\/wp\/v2\/media?parent=3057"}],"curies":[{"name":"wp","href":"https:\/\/api.w.org\/{rel}","templated":true}]}}