{"id":3152,"date":"2023-11-28T14:33:09","date_gmt":"2023-11-28T14:33:09","guid":{"rendered":"https:\/\/calfrenzy.com\/?page_id=3152"},"modified":"2025-02-21T08:25:37","modified_gmt":"2025-02-21T08:25:37","slug":"contacta-con-ventas","status":"publish","type":"page","link":"https:\/\/calfrenzy.com\/es\/contacta-con-ventas\/","title":{"rendered":"Contacta con Ventas"},"content":{"rendered":"\n<div class=\"contact_sales\">\n<div class=\"contact_sales__content\">\n<h1 class=\"wp-block-heading\">Contacta con Nuestro <mark style=\"background-color:rgba(0, 0, 0, 0)\" class=\"has-inline-color has-primary-yellow-color\">Equipo de Ventas<\/mark><\/h1>\n\n\n\n<h5 class=\"wp-block-heading\"><strong>\u00a1Descubre por qu\u00e9 Calfrenzy es la aplicaci\u00f3n de programaci\u00f3n con mayor crecimiento en 2023!<\/strong><\/h5>\n\n\n\n<ul class=\"wp-block-list\">\n<li><strong>Conversi\u00f3n Instant\u00e1nea de Zonas Horarias:<\/strong> Calfrenzy elimina las dificultades de coordinar reuniones internacionales. Con ajustes autom\u00e1ticos de zona horaria, sincronizarse con colegas de todo el mundo nunca ha sido tan f\u00e1cil. <\/li>\n\n\n\n<li><strong>Programaci\u00f3n Entre Organizaciones:<\/strong> Simplifica la gesti\u00f3n de reuniones y eventos entre distintas organizaciones. Con Calfrenzy, la coordinaci\u00f3n es fluida y eficiente, convirtiendo la programaci\u00f3n compleja en un proceso sencillo. <\/li>\n\n\n\n<li><strong>Configuraci\u00f3n R\u00e1pida, Resultados Inmediatos: <\/strong>Dise\u00f1ado para que los usuarios empiecen en minutos con una configuraci\u00f3n m\u00ednima, permitiendo ver resultados al instante.<\/li>\n<\/ul>\n<\/div>\n\n\n\n<div class=\"contact_sales__form\">\n<div class=\"wpcf7 no-js\" id=\"wpcf7-f2621-o1\" lang=\"es-ES\" dir=\"ltr\" data-wpcf7-id=\"2621\">\n<div class=\"screen-reader-response\"><p role=\"status\" aria-live=\"polite\" aria-atomic=\"true\"><\/p> <ul><\/ul><\/div>\n<form action=\"\/es\/wp-json\/wp\/v2\/pages\/3152#wpcf7-f2621-o1\" method=\"post\" class=\"wpcf7-form init 255c7aad8747 cmatic-conn cmatic-aud-1 cmatic-mapd0-0 cmatic-v0978 cmatic-sent-0 cmatic-total-0\" aria-label=\"Formulario de contacto\" novalidate=\"novalidate\" data-status=\"init\">\n<fieldset class=\"hidden-fields-container\"><input type=\"hidden\" name=\"_wpcf7\" value=\"2621\" \/><input type=\"hidden\" name=\"_wpcf7_version\" value=\"6.1.5\" \/><input type=\"hidden\" name=\"_wpcf7_locale\" value=\"es_ES\" \/><input type=\"hidden\" name=\"_wpcf7_unit_tag\" value=\"wpcf7-f2621-o1\" \/><input type=\"hidden\" name=\"_wpcf7_container_post\" value=\"0\" \/><input type=\"hidden\" name=\"_wpcf7_posted_data_hash\" value=\"\" \/><input type=\"hidden\" name=\"_wpcf7_recaptcha_response\" value=\"\" \/>\n<\/fieldset>\n<div class=\"cf7\">\n   <p class=\"cf7__heading has-x-large-font-size\"><strong>Cu\u00e9ntanos sobre ti y accede a tu chat personalizado hoy mismo.<\/strong><\/p>\n   <div class=\"cf7__form\">\n      <div class=\"cf7__form-item\">\n          <label>Nombre*<\/label>\n<span class=\"wpcf7-form-control-wrap\" data-name=\"first-name\"><input size=\"40\" maxlength=\"400\" class=\"wpcf7-form-control wpcf7-text wpcf7-validates-as-required\" aria-required=\"true\" aria-invalid=\"false\" placeholder=\"Ingresa tu nombre\" value=\"\" type=\"text\" name=\"first-name\" \/><\/span>\n      <\/div>\n      <div class=\"cf7__form-item\">\n          <label>Apellido<\/label>*\n<span class=\"wpcf7-form-control-wrap\" data-name=\"last-name\"><input size=\"40\" maxlength=\"400\" class=\"wpcf7-form-control wpcf7-text wpcf7-validates-as-required\" aria-required=\"true\" aria-invalid=\"false\" placeholder=\"Ingresa tu apellido\" value=\"\" type=\"text\" name=\"last-name\" \/><\/span>\n      <\/div>\n      <div class=\"cf7__form-item\">\n          <label>Correo Electr\u00f3nico Laboral*<\/label>\n<span class=\"wpcf7-form-control-wrap\" data-name=\"e-mail\"><input size=\"40\" maxlength=\"400\" class=\"wpcf7-form-control wpcf7-text wpcf7-validates-as-required\" aria-required=\"true\" aria-invalid=\"false\" placeholder=\"correo@ejemplo.com\" value=\"\" type=\"text\" name=\"e-mail\" \/><\/span>\n      <\/div>\n      <div class=\"cf7__form-item\">\n          <label>Comentario<\/label>\n<span class=\"wpcf7-form-control-wrap\" data-name=\"comment\"><textarea cols=\"40\" rows=\"10\" maxlength=\"2000\" class=\"wpcf7-form-control wpcf7-textarea\" aria-invalid=\"false\" placeholder=\"Tu comentario\" name=\"comment\"><\/textarea><\/span>\n      <\/div>\n   <\/div>\n   <p class=\"cf7__note has-medium-font-size\">Al hacer clic en enviar, confirmas que consientes el procesamiento de tu informaci\u00f3n personal de acuerdo con nuestra <a href=\"\/privacy-policy\/\">Pol\u00edtica de Privacidad<\/a>.<\/p>\n<button class=\"wpcf7-submit\" type=\"submit\">Enviar <i><\/i><\/button>\n<\/div>\n<div class=\"cf7-success\">\n<h3 class=\"wp-block-heading\">\u00a1Gracias por contactar al equipo de ventas de Calfrenzy!<\/h3>\n<p class=\"has-large-font-size\">Uno de nuestros representantes de ventas se pondr\u00e1 en contacto contigo en breve para ofrecerte una demostraci\u00f3n personalizada y responder cualquier pregunta que puedas tener.<\/p>\n<p class=\"has-large-font-size\"><strong>\u00a1Bienvenido al futuro de la programaci\u00f3n sin complicaciones con Calfrenzy!<\/strong><\/p>\n<\/div><p style=\"display: none !important;\" class=\"akismet-fields-container\" data-prefix=\"_wpcf7_ak_\"><label>&#916;<textarea name=\"_wpcf7_ak_hp_textarea\" cols=\"45\" rows=\"8\" maxlength=\"100\"><\/textarea><\/label><input type=\"hidden\" id=\"ak_js_1\" name=\"_wpcf7_ak_js\" value=\"43\"\/><script>document.getElementById( \"ak_js_1\" ).setAttribute( \"value\", ( new Date() ).getTime() );<\/script><\/p><div class=\"wpcf7-response-output\" aria-hidden=\"true\"><\/div>\n<\/form>\n<\/div>\n<\/div>\n<\/div>\n","protected":false},"excerpt":{"rendered":"","protected":false},"author":1,"featured_media":0,"parent":0,"menu_order":0,"comment_status":"closed","ping_status":"closed","template":"new_home.php","meta":{"inline_featured_image":false,"footnotes":""},"class_list":["post-3152","page","type-page","status-publish","hentry"],"yoast_head":"<!-- This site is optimized with the Yoast SEO Premium plugin v27.3 (Yoast SEO v27.3) - https:\/\/yoast.com\/product\/yoast-seo-premium-wordpress\/ -->\n<title>Contacta a Nuestro Equipo de Ventas | Calfrenzy<\/title>\n<meta name=\"description\" content=\"Contacta con Calfrenzy, la mejor aplicaci\u00f3n de programaci\u00f3n. Sincronizaci\u00f3n sin esfuerzo de zonas horarias, planificaci\u00f3n sencilla entre organizaciones y configuraci\u00f3n r\u00e1pida y efectiva.\" \/>\n<meta name=\"robots\" content=\"index, follow, max-snippet:-1, max-image-preview:large, max-video-preview:-1\" \/>\n<link rel=\"canonical\" href=\"https:\/\/calfrenzy.com\/es\/contacta-con-ventas\/\" \/>\n<meta property=\"og:locale\" content=\"es_ES\" \/>\n<meta property=\"og:type\" content=\"article\" \/>\n<meta property=\"og:title\" content=\"Contacta con Ventas\" \/>\n<meta property=\"og:description\" content=\"Contacta con Calfrenzy, la mejor aplicaci\u00f3n de programaci\u00f3n. Sincronizaci\u00f3n sin esfuerzo de zonas horarias, planificaci\u00f3n sencilla entre organizaciones y configuraci\u00f3n r\u00e1pida y efectiva.\" \/>\n<meta property=\"og:url\" content=\"https:\/\/calfrenzy.com\/es\/contacta-con-ventas\/\" \/>\n<meta property=\"og:site_name\" content=\"calfrenzy\" \/>\n<meta property=\"article:publisher\" content=\"https:\/\/www.facebook.com\/calfrenzy\" \/>\n<meta property=\"article:modified_time\" content=\"2025-02-21T08:25:37+00:00\" \/>\n<meta property=\"og:image\" content=\"https:\/\/calfrenzy.com\/wp-content\/uploads\/2024\/06\/ease_3.png\" \/>\n\t<meta property=\"og:image:width\" content=\"1620\" \/>\n\t<meta property=\"og:image:height\" content=\"632\" \/>\n\t<meta property=\"og:image:type\" content=\"image\/png\" \/>\n<meta name=\"twitter:card\" content=\"summary_large_image\" \/>\n<meta name=\"twitter:site\" content=\"@calfrenzy53224\" \/>\n<meta name=\"twitter:label1\" content=\"Tiempo de lectura\" \/>\n\t<meta name=\"twitter:data1\" content=\"1 minuto\" \/>\n<script type=\"application\/ld+json\" class=\"yoast-schema-graph\">{\"@context\":\"https:\\\/\\\/schema.org\",\"@graph\":[{\"@type\":\"WebPage\",\"@id\":\"https:\\\/\\\/calfrenzy.com\\\/es\\\/contacta-con-ventas\\\/\",\"url\":\"https:\\\/\\\/calfrenzy.com\\\/es\\\/contacta-con-ventas\\\/\",\"name\":\"Contacta a Nuestro Equipo de Ventas | Calfrenzy\",\"isPartOf\":{\"@id\":\"https:\\\/\\\/calfrenzy.com\\\/es\\\/#website\"},\"datePublished\":\"2023-11-28T14:33:09+00:00\",\"dateModified\":\"2025-02-21T08:25:37+00:00\",\"description\":\"Contacta con Calfrenzy, la mejor aplicaci\u00f3n de programaci\u00f3n. Sincronizaci\u00f3n sin esfuerzo de zonas horarias, planificaci\u00f3n sencilla entre organizaciones y configuraci\u00f3n r\u00e1pida y efectiva.\",\"breadcrumb\":{\"@id\":\"https:\\\/\\\/calfrenzy.com\\\/es\\\/contacta-con-ventas\\\/#breadcrumb\"},\"inLanguage\":\"es\",\"potentialAction\":[{\"@type\":\"ReadAction\",\"target\":[\"https:\\\/\\\/calfrenzy.com\\\/es\\\/contacta-con-ventas\\\/\"]}]},{\"@type\":\"BreadcrumbList\",\"@id\":\"https:\\\/\\\/calfrenzy.com\\\/es\\\/contacta-con-ventas\\\/#breadcrumb\",\"itemListElement\":[{\"@type\":\"ListItem\",\"position\":1,\"name\":\"Home\",\"item\":\"https:\\\/\\\/calfrenzy.com\\\/es\\\/\"},{\"@type\":\"ListItem\",\"position\":2,\"name\":\"Contacta con Ventas\"}]},{\"@type\":\"WebSite\",\"@id\":\"https:\\\/\\\/calfrenzy.com\\\/es\\\/#website\",\"url\":\"https:\\\/\\\/calfrenzy.com\\\/es\\\/\",\"name\":\"Calfrenzy\",\"description\":\"Easy Scheduling Across Time Zones and Organizations\",\"publisher\":{\"@id\":\"https:\\\/\\\/calfrenzy.com\\\/es\\\/#organization\"},\"alternateName\":\"calfrenzy\",\"potentialAction\":[{\"@type\":\"SearchAction\",\"target\":{\"@type\":\"EntryPoint\",\"urlTemplate\":\"https:\\\/\\\/calfrenzy.com\\\/es\\\/?s={search_term_string}\"},\"query-input\":{\"@type\":\"PropertyValueSpecification\",\"valueRequired\":true,\"valueName\":\"search_term_string\"}}],\"inLanguage\":\"es\"},{\"@type\":\"Organization\",\"@id\":\"https:\\\/\\\/calfrenzy.com\\\/es\\\/#organization\",\"name\":\"Calfrenzy\",\"alternateName\":\"calfrenzy\",\"url\":\"https:\\\/\\\/calfrenzy.com\\\/es\\\/\",\"logo\":{\"@type\":\"ImageObject\",\"inLanguage\":\"es\",\"@id\":\"https:\\\/\\\/calfrenzy.com\\\/es\\\/#\\\/schema\\\/logo\\\/image\\\/\",\"url\":\"https:\\\/\\\/calfrenzy.com\\\/wp-content\\\/uploads\\\/2024\\\/06\\\/float_6_1.svg\",\"contentUrl\":\"https:\\\/\\\/calfrenzy.com\\\/wp-content\\\/uploads\\\/2024\\\/06\\\/float_6_1.svg\",\"width\":47,\"height\":50,\"caption\":\"Calfrenzy\"},\"image\":{\"@id\":\"https:\\\/\\\/calfrenzy.com\\\/es\\\/#\\\/schema\\\/logo\\\/image\\\/\"},\"sameAs\":[\"https:\\\/\\\/www.facebook.com\\\/calfrenzy\",\"https:\\\/\\\/x.com\\\/calfrenzy53224\",\"https:\\\/\\\/www.youtube.com\\\/@Calfrenzy\",\"https:\\\/\\\/www.linkedin.com\\\/company\\\/calfrenzy\",\"https:\\\/\\\/www.capterra.com\\\/p\\\/10020993\\\/CalFrenzy\\\/\",\"https:\\\/\\\/chromewebstore.google.com\\\/detail\\\/calfrenzy-free-online-app\\\/igmlifilbgnlaijamohaakgoacoeoidk?hl=en\",\"https:\\\/\\\/workspace.google.com\\\/marketplace\\\/app\\\/calfrenzy\\\/369573383535\",\"https:\\\/\\\/www.trustpilot.com\\\/review\\\/calfrenzy.com\",\"https:\\\/\\\/www.g2.com\\\/products\\\/calfrenzy\\\/reviews\"]}]}<\/script>\n<!-- \/ Yoast SEO Premium plugin. -->","yoast_head_json":{"title":"Contacta a Nuestro Equipo de Ventas | Calfrenzy","description":"Contacta con Calfrenzy, la mejor aplicaci\u00f3n de programaci\u00f3n. Sincronizaci\u00f3n sin esfuerzo de zonas horarias, planificaci\u00f3n sencilla entre organizaciones y configuraci\u00f3n r\u00e1pida y efectiva.","robots":{"index":"index","follow":"follow","max-snippet":"max-snippet:-1","max-image-preview":"max-image-preview:large","max-video-preview":"max-video-preview:-1"},"canonical":"https:\/\/calfrenzy.com\/es\/contacta-con-ventas\/","og_locale":"es_ES","og_type":"article","og_title":"Contacta con Ventas","og_description":"Contacta con Calfrenzy, la mejor aplicaci\u00f3n de programaci\u00f3n. Sincronizaci\u00f3n sin esfuerzo de zonas horarias, planificaci\u00f3n sencilla entre organizaciones y configuraci\u00f3n r\u00e1pida y efectiva.","og_url":"https:\/\/calfrenzy.com\/es\/contacta-con-ventas\/","og_site_name":"calfrenzy","article_publisher":"https:\/\/www.facebook.com\/calfrenzy","article_modified_time":"2025-02-21T08:25:37+00:00","og_image":[{"width":1620,"height":632,"url":"https:\/\/calfrenzy.com\/wp-content\/uploads\/2024\/06\/ease_3.png","type":"image\/png"}],"twitter_card":"summary_large_image","twitter_site":"@calfrenzy53224","twitter_misc":{"Tiempo de lectura":"1 minuto"},"schema":{"@context":"https:\/\/schema.org","@graph":[{"@type":"WebPage","@id":"https:\/\/calfrenzy.com\/es\/contacta-con-ventas\/","url":"https:\/\/calfrenzy.com\/es\/contacta-con-ventas\/","name":"Contacta a Nuestro Equipo de Ventas | Calfrenzy","isPartOf":{"@id":"https:\/\/calfrenzy.com\/es\/#website"},"datePublished":"2023-11-28T14:33:09+00:00","dateModified":"2025-02-21T08:25:37+00:00","description":"Contacta con Calfrenzy, la mejor aplicaci\u00f3n de programaci\u00f3n. Sincronizaci\u00f3n sin esfuerzo de zonas horarias, planificaci\u00f3n sencilla entre organizaciones y configuraci\u00f3n r\u00e1pida y efectiva.","breadcrumb":{"@id":"https:\/\/calfrenzy.com\/es\/contacta-con-ventas\/#breadcrumb"},"inLanguage":"es","potentialAction":[{"@type":"ReadAction","target":["https:\/\/calfrenzy.com\/es\/contacta-con-ventas\/"]}]},{"@type":"BreadcrumbList","@id":"https:\/\/calfrenzy.com\/es\/contacta-con-ventas\/#breadcrumb","itemListElement":[{"@type":"ListItem","position":1,"name":"Home","item":"https:\/\/calfrenzy.com\/es\/"},{"@type":"ListItem","position":2,"name":"Contacta con Ventas"}]},{"@type":"WebSite","@id":"https:\/\/calfrenzy.com\/es\/#website","url":"https:\/\/calfrenzy.com\/es\/","name":"Calfrenzy","description":"Easy Scheduling Across Time Zones and Organizations","publisher":{"@id":"https:\/\/calfrenzy.com\/es\/#organization"},"alternateName":"calfrenzy","potentialAction":[{"@type":"SearchAction","target":{"@type":"EntryPoint","urlTemplate":"https:\/\/calfrenzy.com\/es\/?s={search_term_string}"},"query-input":{"@type":"PropertyValueSpecification","valueRequired":true,"valueName":"search_term_string"}}],"inLanguage":"es"},{"@type":"Organization","@id":"https:\/\/calfrenzy.com\/es\/#organization","name":"Calfrenzy","alternateName":"calfrenzy","url":"https:\/\/calfrenzy.com\/es\/","logo":{"@type":"ImageObject","inLanguage":"es","@id":"https:\/\/calfrenzy.com\/es\/#\/schema\/logo\/image\/","url":"https:\/\/calfrenzy.com\/wp-content\/uploads\/2024\/06\/float_6_1.svg","contentUrl":"https:\/\/calfrenzy.com\/wp-content\/uploads\/2024\/06\/float_6_1.svg","width":47,"height":50,"caption":"Calfrenzy"},"image":{"@id":"https:\/\/calfrenzy.com\/es\/#\/schema\/logo\/image\/"},"sameAs":["https:\/\/www.facebook.com\/calfrenzy","https:\/\/x.com\/calfrenzy53224","https:\/\/www.youtube.com\/@Calfrenzy","https:\/\/www.linkedin.com\/company\/calfrenzy","https:\/\/www.capterra.com\/p\/10020993\/CalFrenzy\/","https:\/\/chromewebstore.google.com\/detail\/calfrenzy-free-online-app\/igmlifilbgnlaijamohaakgoacoeoidk?hl=en","https:\/\/workspace.google.com\/marketplace\/app\/calfrenzy\/369573383535","https:\/\/www.trustpilot.com\/review\/calfrenzy.com","https:\/\/www.g2.com\/products\/calfrenzy\/reviews"]}]}},"_links":{"self":[{"href":"https:\/\/calfrenzy.com\/es\/wp-json\/wp\/v2\/pages\/3152","targetHints":{"allow":["GET"]}}],"collection":[{"href":"https:\/\/calfrenzy.com\/es\/wp-json\/wp\/v2\/pages"}],"about":[{"href":"https:\/\/calfrenzy.com\/es\/wp-json\/wp\/v2\/types\/page"}],"author":[{"embeddable":true,"href":"https:\/\/calfrenzy.com\/es\/wp-json\/wp\/v2\/users\/1"}],"replies":[{"embeddable":true,"href":"https:\/\/calfrenzy.com\/es\/wp-json\/wp\/v2\/comments?post=3152"}],"version-history":[{"count":11,"href":"https:\/\/calfrenzy.com\/es\/wp-json\/wp\/v2\/pages\/3152\/revisions"}],"predecessor-version":[{"id":5767,"href":"https:\/\/calfrenzy.com\/es\/wp-json\/wp\/v2\/pages\/3152\/revisions\/5767"}],"wp:attachment":[{"href":"https:\/\/calfrenzy.com\/es\/wp-json\/wp\/v2\/media?parent=3152"}],"curies":[{"name":"wp","href":"https:\/\/api.w.org\/{rel}","templated":true}]}}