{"id":3237,"date":"2025-01-07T10:48:56","date_gmt":"2025-01-07T10:48:56","guid":{"rendered":"https:\/\/calfrenzy.com\/?page_id=3237"},"modified":"2025-10-03T14:44:32","modified_gmt":"2025-10-03T14:44:32","slug":"hoja-de-ruta","status":"publish","type":"page","link":"https:\/\/calfrenzy.com\/es\/hoja-de-ruta\/","title":{"rendered":"Hoja de Ruta"},"content":{"rendered":"\n<div class=\"wp-block-cf-blue-banner wrapper_blue_banner\"><div class=\"blue_banner\">\n<h1 class=\"wp-block-heading\" id=\"h-roadmap-calfrenzy\">Roadmap de Calfrenzy<\/h1>\n\n\n\n<div class=\"wp-block-button\"><a class=\"wp-block-button__link wp-element-button\" href=\"https:\/\/calfrenzy.com\/es\/sugerencias-de-funcionalidades\/\">Solicita una nueva funci\u00f3n<\/a><\/div>\n<\/div><\/div>\n\n<div class=\"wp-block-cf-roadmap wrapper_roadmap\"><div class=\"roadmap\">\n<div class=\"wp-block-cf-roadmap-column roadmap__column\">\n<div class=\"wp-block-cf-roadmap-header-item roadmap_item_header\">\n<p>Planificado<\/p>\n<\/div>\n\n\n\n<div class=\"wp-block-cf-roadmap-item roadmap_item\">\n<p>Programaci\u00f3n rotativa<\/p>\n\n\n\n<div class=\"wp-block-cf-roadmap-item-tooltip roadmap_item__tooltip\">\n<p><\/p>\n<\/div>\n<\/div>\n\n\n\n<div class=\"wp-block-cf-roadmap-item roadmap_item\">\n<p>Compatibilidad con webhooks<\/p>\n\n\n\n<div class=\"wp-block-cf-roadmap-item-tooltip roadmap_item__tooltip\">\n<p><\/p>\n<\/div>\n<\/div>\n\n\n\n<div class=\"wp-block-cf-roadmap-item roadmap_item\">\n<p>Integraci\u00f3n con Zapier<\/p>\n\n\n\n<div class=\"wp-block-cf-roadmap-item-tooltip roadmap_item__tooltip\">\n<p><\/p>\n<\/div>\n<\/div>\n\n\n\n<div class=\"wp-block-cf-roadmap-item roadmap_item\">\n<p>Eventos recurrentes (1 a 1, grupo a 1, grupales y 1 a muchos)<\/p>\n\n\n\n<div class=\"wp-block-cf-roadmap-item-tooltip roadmap_item__tooltip\">\n<p><\/p>\n<\/div>\n<\/div>\n\n\n\n<div class=\"wp-block-cf-roadmap-item roadmap_item\">\n<p>Reservas simult\u00e1neas con opci\u00f3n de pago<\/p>\n\n\n\n<div class=\"wp-block-cf-roadmap-item-tooltip roadmap_item__tooltip\">\n<p><\/p>\n<\/div>\n<\/div>\n\n\n\n<div class=\"wp-block-cf-roadmap-item roadmap_item\">\n<p>Recordatorios de eventos por SMS y WhatsApp<\/p>\n\n\n\n<div class=\"wp-block-cf-roadmap-item-tooltip roadmap_item__tooltip\">\n<p><\/p>\n<\/div>\n<\/div>\n\n\n\n<div class=\"wp-block-cf-roadmap-item roadmap_item\">\n<p>Copiar Disponibilidad con D\u00edas Personalizados y Notificaciones de Vencimiento<\/p>\n\n\n\n<div class=\"wp-block-cf-roadmap-item-tooltip roadmap_item__tooltip\">\n<p><\/p>\n<\/div>\n<\/div>\n<\/div>\n\n\n\n<div class=\"wp-block-cf-roadmap-column roadmap__column\">\n<div class=\"wp-block-cf-roadmap-header-item roadmap_item_header\">\n<p>En Desarrollo<\/p>\n<\/div>\n\n\n\n<div class=\"wp-block-cf-roadmap-item roadmap_item\">\n<p>Reuniones \u00fanicas<\/p>\n\n\n\n<div class=\"wp-block-cf-roadmap-item-tooltip roadmap_item__tooltip\">\n<p><\/p>\n<\/div>\n<\/div>\n\n\n\n<div class=\"wp-block-cf-roadmap-item roadmap_item\">\n<p>Paypal para recibir pagos de clientes<\/p>\n\n\n\n<div class=\"wp-block-cf-roadmap-item-tooltip roadmap_item__tooltip\">\n<p><\/p>\n<\/div>\n<\/div>\n\n\n\n<div class=\"wp-block-cf-roadmap-item roadmap_item\">\n<p>Los clientes pagan por adelantado las sesiones y las reservan a lo largo del tiempo<\/p>\n\n\n\n<div class=\"wp-block-cf-roadmap-item-tooltip roadmap_item__tooltip\">\n<p><\/p>\n<\/div>\n<\/div>\n\n\n\n<div class=\"wp-block-cf-roadmap-item roadmap_item\">\n<p>Los clientes reservan y pagan varias sesiones por adelantado<\/p>\n\n\n\n<div class=\"wp-block-cf-roadmap-item-tooltip roadmap_item__tooltip\">\n<p><\/p>\n<\/div>\n<\/div>\n\n\n\n<div class=\"wp-block-cf-roadmap-item roadmap_item\">\n<p>Los clientes configuran sus propios paquetes recurrentes<\/p>\n\n\n\n<div class=\"wp-block-cf-roadmap-item-tooltip roadmap_item__tooltip\">\n<p><\/p>\n<\/div>\n<\/div>\n\n\n\n<div class=\"wp-block-cf-roadmap-item roadmap_item\">\n<p>Haz que tu disponibilidad se vea <em>ocupada<\/em> para los clientes<\/p>\n\n\n\n<div class=\"wp-block-cf-roadmap-item-tooltip roadmap_item__tooltip\">\n<p><\/p>\n<\/div>\n<\/div>\n<\/div>\n\n\n\n<div class=\"wp-block-cf-roadmap-column roadmap__column\">\n<div class=\"wp-block-cf-roadmap-header-item roadmap_item_header\">\n<p>Finalizado<\/p>\n<\/div>\n\n\n\n<div class=\"wp-block-cf-roadmap-item roadmap_item\">\n<p>Opci\u00f3n para reservar varias reuniones en una sola sesi\u00f3n<\/p>\n\n\n\n<div class=\"wp-block-cf-roadmap-item-tooltip roadmap_item__tooltip\">\n<p><\/p>\n<\/div>\n<\/div>\n\n\n\n<div class=\"wp-block-cf-roadmap-item roadmap_item\">\n<p>P\u00e1ginas p\u00fablicas de reservas mejoradas<\/p>\n\n\n\n<div class=\"wp-block-cf-roadmap-item-tooltip roadmap_item__tooltip\">\n<p><\/p>\n<\/div>\n<\/div>\n\n\n\n<div class=\"wp-block-cf-roadmap-item roadmap_item\">\n<p>Compatibilidad con m\u00faltiples idiomas<\/p>\n\n\n\n<div class=\"wp-block-cf-roadmap-item-tooltip roadmap_item__tooltip\">\n<p><\/p>\n<\/div>\n<\/div>\n\n\n\n<div class=\"wp-block-cf-roadmap-item roadmap_item\">\n<p>Indicadores de notificaci\u00f3n para actividades entre organizaciones<\/p>\n\n\n\n<div class=\"wp-block-cf-roadmap-item-tooltip roadmap_item__tooltip\">\n<p><\/p>\n<\/div>\n<\/div>\n\n\n\n<div class=\"wp-block-cf-roadmap-item roadmap_item\">\n<p>Integraci\u00f3n de p\u00e1gina de reservas mejorada<\/p>\n\n\n\n<div class=\"wp-block-cf-roadmap-item-tooltip roadmap_item__tooltip\">\n<p><\/p>\n<\/div>\n<\/div>\n\n\n\n<div class=\"wp-block-cf-roadmap-item roadmap_item\">\n<p>Integraci\u00f3n con el Calendario de iCloud<\/p>\n\n\n\n<div class=\"wp-block-cf-roadmap-item-tooltip roadmap_item__tooltip\">\n<p><\/p>\n<\/div>\n<\/div>\n\n\n\n<div class=\"wp-block-cf-roadmap-item roadmap_item\">\n<p>Creaci\u00f3n autom\u00e1tica de una p\u00e1gina de reserva 1 a 1 al configurar la cuenta<\/p>\n\n\n\n<div class=\"wp-block-cf-roadmap-item-tooltip roadmap_item__tooltip\">\n<p><\/p>\n<\/div>\n<\/div>\n\n\n\n<div class=\"wp-block-cf-roadmap-item roadmap_item\">\n<p>Eliminar la marca de Calfrenzy<\/p>\n\n\n\n<div class=\"wp-block-cf-roadmap-item-tooltip roadmap_item__tooltip\">\n<p><\/p>\n<\/div>\n<\/div>\n\n\n\n<div class=\"wp-block-cf-roadmap-item roadmap_item\">\n<p>Generaci\u00f3n autom\u00e1tica de una p\u00e1gina de reserva grupo a 1 al crear un grupo<\/p>\n\n\n\n<div class=\"wp-block-cf-roadmap-item-tooltip roadmap_item__tooltip\">\n<p><\/p>\n<\/div>\n<\/div>\n\n\n\n<div class=\"wp-block-cf-roadmap-item roadmap_item\">\n<p>Agregar Preguntas Personalizadas al Formulario de Reservas<\/p>\n\n\n\n<div class=\"wp-block-cf-roadmap-item-tooltip roadmap_item__tooltip\">\n<p><\/p>\n<\/div>\n<\/div>\n\n\n\n<div class=\"wp-block-cf-roadmap-item roadmap_item\">\n<p>Habilitar la Recopilaci\u00f3n de Pagos<\/p>\n\n\n\n<div class=\"wp-block-cf-roadmap-item-tooltip roadmap_item__tooltip\">\n<p><\/p>\n<\/div>\n<\/div>\n\n\n\n<div class=\"wp-block-cf-roadmap-item roadmap_item\">\n<p>Personalizaci\u00f3n de la duraci\u00f3n de reuniones<\/p>\n\n\n\n<div class=\"wp-block-cf-roadmap-item-tooltip roadmap_item__tooltip\">\n<p><\/p>\n<\/div>\n<\/div>\n\n\n\n<div class=\"wp-block-cf-roadmap-item roadmap_item\">\n<p>Recordatorios personalizados por email<\/p>\n\n\n\n<div class=\"wp-block-cf-roadmap-item-tooltip roadmap_item__tooltip\">\n<p><\/p>\n<\/div>\n<\/div>\n\n\n\n<div class=\"wp-block-cf-roadmap-item roadmap_item\">\n<p>Notificaciones personalizadas por email<\/p>\n\n\n\n<div class=\"wp-block-cf-roadmap-item-tooltip roadmap_item__tooltip\">\n<p><\/p>\n<\/div>\n<\/div>\n\n\n\n<div class=\"wp-block-cf-roadmap-item roadmap_item\">\n<p>Reservas Tentativas<\/p>\n\n\n\n<div class=\"wp-block-cf-roadmap-item-tooltip roadmap_item__tooltip\">\n<p><\/p>\n<\/div>\n<\/div>\n\n\n\n<div class=\"wp-block-cf-roadmap-item roadmap_item\">\n<p>Personalizaci\u00f3n Premium de la P\u00e1gina de Reservas<\/p>\n\n\n\n<div class=\"wp-block-cf-roadmap-item-tooltip roadmap_item__tooltip\">\n<p><\/p>\n<\/div>\n<\/div>\n\n\n\n<div class=\"wp-block-cf-roadmap-item roadmap_item\">\n<p>Opci\u00f3n para Desactivar la P\u00e1gina de Reservas<\/p>\n\n\n\n<div class=\"wp-block-cf-roadmap-item-tooltip roadmap_item__tooltip\">\n<p><\/p>\n<\/div>\n<\/div>\n\n\n\n<div class=\"wp-block-cf-roadmap-item roadmap_item\">\n<p>Vista previa en pantalla completa de la p\u00e1gina de reservas<\/p>\n\n\n\n<div class=\"wp-block-cf-roadmap-item-tooltip roadmap_item__tooltip\">\n<p><\/p>\n<\/div>\n<\/div>\n\n\n\n<div class=\"wp-block-cf-roadmap-item roadmap_item\">\n<p>Extensi\u00f3n de Calfrenzy para Chrome<\/p>\n\n\n\n<div class=\"wp-block-cf-roadmap-item-tooltip roadmap_item__tooltip\">\n<p><\/p>\n<\/div>\n<\/div>\n\n\n\n<div class=\"wp-block-cf-roadmap-item roadmap_item\">\n<p>Redirecci\u00f3n Personalizada Despu\u00e9s de la Reserva<\/p>\n\n\n\n<div class=\"wp-block-cf-roadmap-item-tooltip roadmap_item__tooltip\">\n<p><\/p>\n<\/div>\n<\/div>\n\n\n\n<div class=\"wp-block-cf-roadmap-item roadmap_item\">\n<p>Establecer l\u00edmites diarios en reservas<\/p>\n\n\n\n<div class=\"wp-block-cf-roadmap-item-tooltip roadmap_item__tooltip\">\n<p><\/p>\n<\/div>\n<\/div>\n\n\n\n<div class=\"wp-block-cf-roadmap-item roadmap_item\">\n<p>Agregar tiempo de margen entre reuniones<\/p>\n\n\n\n<div class=\"wp-block-cf-roadmap-item-tooltip roadmap_item__tooltip\">\n<p><\/p>\n<\/div>\n<\/div>\n\n\n\n<div class=\"wp-block-cf-roadmap-item roadmap_item\">\n<p>Protecci\u00f3n con contrase\u00f1a para la p\u00e1gina de reservas<\/p>\n\n\n\n<div class=\"wp-block-cf-roadmap-item-tooltip roadmap_item__tooltip\">\n<p><\/p>\n<\/div>\n<\/div>\n\n\n\n<div class=\"wp-block-cf-roadmap-item roadmap_item\">\n<p>Texto de la Pol\u00edtica de Cancelaci\u00f3n<\/p>\n\n\n\n<div class=\"wp-block-cf-roadmap-item-tooltip roadmap_item__tooltip\">\n<p><\/p>\n<\/div>\n<\/div>\n\n\n\n<div class=\"wp-block-cf-roadmap-item roadmap_item\">\n<p>Cancelar o reprogramar reservas f\u00e1cilmente<\/p>\n\n\n\n<div class=\"wp-block-cf-roadmap-item-tooltip roadmap_item__tooltip\">\n<p><\/p>\n<\/div>\n<\/div>\n\n\n\n<div class=\"wp-block-cf-roadmap-item roadmap_item\">\n<p>Selecci\u00f3n de Duraci\u00f3n Predeterminada en la P\u00e1gina de Creaci\u00f3n\/Edici\u00f3n de Reservas<\/p>\n\n\n\n<div class=\"wp-block-cf-roadmap-item-tooltip roadmap_item__tooltip\">\n<p><\/p>\n<\/div>\n<\/div>\n\n\n\n<div class=\"wp-block-cf-roadmap-item roadmap_item\">\n<p>Funciones de Gesti\u00f3n de Organizaciones<\/p>\n\n\n\n<div class=\"wp-block-cf-roadmap-item-tooltip roadmap_item__tooltip\">\n<p><\/p>\n<\/div>\n<\/div>\n\n\n\n<div class=\"wp-block-cf-roadmap-item roadmap_item\">\n<p>Configuraci\u00f3n predeterminada de calendario y horarios para grupos<\/p>\n\n\n\n<div class=\"wp-block-cf-roadmap-item-tooltip roadmap_item__tooltip\">\n<p><\/p>\n<\/div>\n<\/div>\n\n\n\n<div class=\"wp-block-cf-roadmap-item roadmap_item\">\n<p>Compartir la p\u00e1gina de reservas en m\u00faltiples canales<\/p>\n\n\n\n<div class=\"wp-block-cf-roadmap-item-tooltip roadmap_item__tooltip\">\n<p><\/p>\n<\/div>\n<\/div>\n\n\n\n<div class=\"wp-block-cf-roadmap-item roadmap_item\">\n<p>Integraci\u00f3n de p\u00e1ginas de reservas en sitios web<\/p>\n\n\n\n<div class=\"wp-block-cf-roadmap-item-tooltip roadmap_item__tooltip\">\n<p><\/p>\n<\/div>\n<\/div>\n\n\n\n<div class=\"wp-block-cf-roadmap-item roadmap_item\">\n<p>Detalles del evento al instante \u2014 directamente en la barra lateral<\/p>\n\n\n\n<div class=\"wp-block-cf-roadmap-item-tooltip roadmap_item__tooltip\">\n<p><\/p>\n<\/div>\n<\/div>\n\n\n\n<div class=\"wp-block-cf-roadmap-item roadmap_item\">\n<p>Gestionar eventos con coanfitriones mediante el calendario nativo<\/p>\n\n\n\n<div class=\"wp-block-cf-roadmap-item-tooltip roadmap_item__tooltip\">\n<p><\/p>\n<\/div>\n<\/div>\n\n\n\n<div class=\"wp-block-cf-roadmap-item roadmap_item\">\n<p>Informaci\u00f3n del propietario en la p\u00e1gina de reservas en todas las plataformas<\/p>\n\n\n\n<div class=\"wp-block-cf-roadmap-item-tooltip roadmap_item__tooltip\">\n<p><\/p>\n<\/div>\n<\/div>\n\n\n\n<div class=\"wp-block-cf-roadmap-item roadmap_item\">\n<p>P\u00e1ginas de reservas grupales flexibles<\/p>\n\n\n\n<div class=\"wp-block-cf-roadmap-item-tooltip roadmap_item__tooltip\">\n<p><\/p>\n<\/div>\n<\/div>\n\n\n\n<div class=\"wp-block-cf-roadmap-item roadmap_item\">\n<p>Nuevos filtros personales<\/p>\n\n\n\n<div class=\"wp-block-cf-roadmap-item-tooltip roadmap_item__tooltip\">\n<p><\/p>\n<\/div>\n<\/div>\n\n\n\n<div class=\"wp-block-cf-roadmap-item roadmap_item\">\n<p>Gesti\u00f3n de anfitriones basada en grupos<\/p>\n\n\n\n<div class=\"wp-block-cf-roadmap-item-tooltip roadmap_item__tooltip\">\n<p><\/p>\n<\/div>\n<\/div>\n\n\n\n<div class=\"wp-block-cf-roadmap-item roadmap_item\">\n<p>Gesti\u00f3n de invitaciones a anfitriones externos<\/p>\n\n\n\n<div class=\"wp-block-cf-roadmap-item-tooltip roadmap_item__tooltip\">\n<p><\/p>\n<\/div>\n<\/div>\n\n\n\n<div class=\"wp-block-cf-roadmap-item roadmap_item\">\n<p>Programaci\u00f3n de eventos y contexto de visualizaci\u00f3n<\/p>\n\n\n\n<div class=\"wp-block-cf-roadmap-item-tooltip roadmap_item__tooltip\">\n<p><\/p>\n<\/div>\n<\/div>\n<\/div>\n<\/div><\/div>\n\n<p><\/p>\n","protected":false},"excerpt":{"rendered":"","protected":false},"author":1,"featured_media":10222,"parent":0,"menu_order":0,"comment_status":"closed","ping_status":"closed","template":"","meta":{"inline_featured_image":false,"footnotes":""},"class_list":["post-3237","page","type-page","status-publish","has-post-thumbnail","hentry"],"yoast_head":"<!-- This site is optimized with the Yoast SEO Premium plugin v27.3 (Yoast SEO v27.3) - https:\/\/yoast.com\/product\/yoast-seo-premium-wordpress\/ -->\n<title>Calfrenzy Hoja de Ruta - Pr\u00f3ximas Funciones y Actualizaciones<\/title>\n<meta name=\"description\" content=\"Explora la hoja de ruta de Calfrenzy para conocer las pr\u00f3ximas funciones, mejoras e innovaciones. Mantente al d\u00eda y contribuye a dar forma al futuro de la programaci\u00f3n.\" \/>\n<meta name=\"robots\" content=\"index, follow, max-snippet:-1, max-image-preview:large, max-video-preview:-1\" \/>\n<link rel=\"canonical\" href=\"https:\/\/calfrenzy.com\/es\/hoja-de-ruta\/\" \/>\n<meta property=\"og:locale\" content=\"es_ES\" \/>\n<meta property=\"og:type\" content=\"article\" \/>\n<meta property=\"og:title\" content=\"Hoja de Ruta\" \/>\n<meta property=\"og:description\" content=\"Explora la hoja de ruta de Calfrenzy para conocer las pr\u00f3ximas funciones, mejoras e innovaciones. Mantente al d\u00eda y contribuye a dar forma al futuro de la programaci\u00f3n.\" \/>\n<meta property=\"og:url\" content=\"https:\/\/calfrenzy.com\/es\/hoja-de-ruta\/\" \/>\n<meta property=\"og:site_name\" content=\"calfrenzy\" \/>\n<meta property=\"article:publisher\" content=\"https:\/\/www.facebook.com\/calfrenzy\" \/>\n<meta property=\"article:modified_time\" content=\"2025-10-03T14:44:32+00:00\" \/>\n<meta property=\"og:image\" content=\"https:\/\/calfrenzy.com\/wp-content\/uploads\/2024\/06\/ease_3.png\" \/>\n\t<meta property=\"og:image:width\" content=\"1620\" \/>\n\t<meta property=\"og:image:height\" content=\"632\" \/>\n\t<meta property=\"og:image:type\" content=\"image\/png\" \/>\n<meta name=\"twitter:card\" content=\"summary_large_image\" \/>\n<meta name=\"twitter:site\" content=\"@calfrenzy53224\" \/>\n<meta name=\"twitter:label1\" content=\"Tiempo de lectura\" \/>\n\t<meta name=\"twitter:data1\" content=\"2 minutos\" \/>\n<script type=\"application\/ld+json\" class=\"yoast-schema-graph\">{\"@context\":\"https:\\\/\\\/schema.org\",\"@graph\":[{\"@type\":\"WebPage\",\"@id\":\"https:\\\/\\\/calfrenzy.com\\\/es\\\/hoja-de-ruta\\\/\",\"url\":\"https:\\\/\\\/calfrenzy.com\\\/es\\\/hoja-de-ruta\\\/\",\"name\":\"Calfrenzy Hoja de Ruta - Pr\u00f3ximas Funciones y Actualizaciones\",\"isPartOf\":{\"@id\":\"https:\\\/\\\/calfrenzy.com\\\/es\\\/#website\"},\"primaryImageOfPage\":{\"@id\":\"https:\\\/\\\/calfrenzy.com\\\/es\\\/hoja-de-ruta\\\/#primaryimage\"},\"image\":{\"@id\":\"https:\\\/\\\/calfrenzy.com\\\/es\\\/hoja-de-ruta\\\/#primaryimage\"},\"thumbnailUrl\":\"https:\\\/\\\/calfrenzy.com\\\/wp-content\\\/uploads\\\/2025\\\/11\\\/Roadmap-Spanish.png\",\"datePublished\":\"2025-01-07T10:48:56+00:00\",\"dateModified\":\"2025-10-03T14:44:32+00:00\",\"description\":\"Explora la hoja de ruta de Calfrenzy para conocer las pr\u00f3ximas funciones, mejoras e innovaciones. Mantente al d\u00eda y contribuye a dar forma al futuro de la programaci\u00f3n.\",\"breadcrumb\":{\"@id\":\"https:\\\/\\\/calfrenzy.com\\\/es\\\/hoja-de-ruta\\\/#breadcrumb\"},\"inLanguage\":\"es\",\"potentialAction\":[{\"@type\":\"ReadAction\",\"target\":[\"https:\\\/\\\/calfrenzy.com\\\/es\\\/hoja-de-ruta\\\/\"]}]},{\"@type\":\"ImageObject\",\"inLanguage\":\"es\",\"@id\":\"https:\\\/\\\/calfrenzy.com\\\/es\\\/hoja-de-ruta\\\/#primaryimage\",\"url\":\"https:\\\/\\\/calfrenzy.com\\\/wp-content\\\/uploads\\\/2025\\\/11\\\/Roadmap-Spanish.png\",\"contentUrl\":\"https:\\\/\\\/calfrenzy.com\\\/wp-content\\\/uploads\\\/2025\\\/11\\\/Roadmap-Spanish.png\",\"width\":2400,\"height\":1260},{\"@type\":\"BreadcrumbList\",\"@id\":\"https:\\\/\\\/calfrenzy.com\\\/es\\\/hoja-de-ruta\\\/#breadcrumb\",\"itemListElement\":[{\"@type\":\"ListItem\",\"position\":1,\"name\":\"Home\",\"item\":\"https:\\\/\\\/calfrenzy.com\\\/es\\\/\"},{\"@type\":\"ListItem\",\"position\":2,\"name\":\"Hoja de Ruta\"}]},{\"@type\":\"WebSite\",\"@id\":\"https:\\\/\\\/calfrenzy.com\\\/es\\\/#website\",\"url\":\"https:\\\/\\\/calfrenzy.com\\\/es\\\/\",\"name\":\"Calfrenzy\",\"description\":\"Easy Scheduling Across Time Zones and Organizations\",\"publisher\":{\"@id\":\"https:\\\/\\\/calfrenzy.com\\\/es\\\/#organization\"},\"alternateName\":\"calfrenzy\",\"potentialAction\":[{\"@type\":\"SearchAction\",\"target\":{\"@type\":\"EntryPoint\",\"urlTemplate\":\"https:\\\/\\\/calfrenzy.com\\\/es\\\/?s={search_term_string}\"},\"query-input\":{\"@type\":\"PropertyValueSpecification\",\"valueRequired\":true,\"valueName\":\"search_term_string\"}}],\"inLanguage\":\"es\"},{\"@type\":\"Organization\",\"@id\":\"https:\\\/\\\/calfrenzy.com\\\/es\\\/#organization\",\"name\":\"Calfrenzy\",\"alternateName\":\"calfrenzy\",\"url\":\"https:\\\/\\\/calfrenzy.com\\\/es\\\/\",\"logo\":{\"@type\":\"ImageObject\",\"inLanguage\":\"es\",\"@id\":\"https:\\\/\\\/calfrenzy.com\\\/es\\\/#\\\/schema\\\/logo\\\/image\\\/\",\"url\":\"https:\\\/\\\/calfrenzy.com\\\/wp-content\\\/uploads\\\/2024\\\/06\\\/float_6_1.svg\",\"contentUrl\":\"https:\\\/\\\/calfrenzy.com\\\/wp-content\\\/uploads\\\/2024\\\/06\\\/float_6_1.svg\",\"width\":47,\"height\":50,\"caption\":\"Calfrenzy\"},\"image\":{\"@id\":\"https:\\\/\\\/calfrenzy.com\\\/es\\\/#\\\/schema\\\/logo\\\/image\\\/\"},\"sameAs\":[\"https:\\\/\\\/www.facebook.com\\\/calfrenzy\",\"https:\\\/\\\/x.com\\\/calfrenzy53224\",\"https:\\\/\\\/www.youtube.com\\\/@Calfrenzy\",\"https:\\\/\\\/www.linkedin.com\\\/company\\\/calfrenzy\",\"https:\\\/\\\/www.capterra.com\\\/p\\\/10020993\\\/CalFrenzy\\\/\",\"https:\\\/\\\/chromewebstore.google.com\\\/detail\\\/calfrenzy-free-online-app\\\/igmlifilbgnlaijamohaakgoacoeoidk?hl=en\",\"https:\\\/\\\/workspace.google.com\\\/marketplace\\\/app\\\/calfrenzy\\\/369573383535\",\"https:\\\/\\\/www.trustpilot.com\\\/review\\\/calfrenzy.com\",\"https:\\\/\\\/www.g2.com\\\/products\\\/calfrenzy\\\/reviews\"]}]}<\/script>\n<!-- \/ Yoast SEO Premium plugin. -->","yoast_head_json":{"title":"Calfrenzy Hoja de Ruta - Pr\u00f3ximas Funciones y Actualizaciones","description":"Explora la hoja de ruta de Calfrenzy para conocer las pr\u00f3ximas funciones, mejoras e innovaciones. Mantente al d\u00eda y contribuye a dar forma al futuro de la programaci\u00f3n.","robots":{"index":"index","follow":"follow","max-snippet":"max-snippet:-1","max-image-preview":"max-image-preview:large","max-video-preview":"max-video-preview:-1"},"canonical":"https:\/\/calfrenzy.com\/es\/hoja-de-ruta\/","og_locale":"es_ES","og_type":"article","og_title":"Hoja de Ruta","og_description":"Explora la hoja de ruta de Calfrenzy para conocer las pr\u00f3ximas funciones, mejoras e innovaciones. Mantente al d\u00eda y contribuye a dar forma al futuro de la programaci\u00f3n.","og_url":"https:\/\/calfrenzy.com\/es\/hoja-de-ruta\/","og_site_name":"calfrenzy","article_publisher":"https:\/\/www.facebook.com\/calfrenzy","article_modified_time":"2025-10-03T14:44:32+00:00","og_image":[{"width":1620,"height":632,"url":"https:\/\/calfrenzy.com\/wp-content\/uploads\/2024\/06\/ease_3.png","type":"image\/png"}],"twitter_card":"summary_large_image","twitter_site":"@calfrenzy53224","twitter_misc":{"Tiempo de lectura":"2 minutos"},"schema":{"@context":"https:\/\/schema.org","@graph":[{"@type":"WebPage","@id":"https:\/\/calfrenzy.com\/es\/hoja-de-ruta\/","url":"https:\/\/calfrenzy.com\/es\/hoja-de-ruta\/","name":"Calfrenzy Hoja de Ruta - Pr\u00f3ximas Funciones y Actualizaciones","isPartOf":{"@id":"https:\/\/calfrenzy.com\/es\/#website"},"primaryImageOfPage":{"@id":"https:\/\/calfrenzy.com\/es\/hoja-de-ruta\/#primaryimage"},"image":{"@id":"https:\/\/calfrenzy.com\/es\/hoja-de-ruta\/#primaryimage"},"thumbnailUrl":"https:\/\/calfrenzy.com\/wp-content\/uploads\/2025\/11\/Roadmap-Spanish.png","datePublished":"2025-01-07T10:48:56+00:00","dateModified":"2025-10-03T14:44:32+00:00","description":"Explora la hoja de ruta de Calfrenzy para conocer las pr\u00f3ximas funciones, mejoras e innovaciones. Mantente al d\u00eda y contribuye a dar forma al futuro de la programaci\u00f3n.","breadcrumb":{"@id":"https:\/\/calfrenzy.com\/es\/hoja-de-ruta\/#breadcrumb"},"inLanguage":"es","potentialAction":[{"@type":"ReadAction","target":["https:\/\/calfrenzy.com\/es\/hoja-de-ruta\/"]}]},{"@type":"ImageObject","inLanguage":"es","@id":"https:\/\/calfrenzy.com\/es\/hoja-de-ruta\/#primaryimage","url":"https:\/\/calfrenzy.com\/wp-content\/uploads\/2025\/11\/Roadmap-Spanish.png","contentUrl":"https:\/\/calfrenzy.com\/wp-content\/uploads\/2025\/11\/Roadmap-Spanish.png","width":2400,"height":1260},{"@type":"BreadcrumbList","@id":"https:\/\/calfrenzy.com\/es\/hoja-de-ruta\/#breadcrumb","itemListElement":[{"@type":"ListItem","position":1,"name":"Home","item":"https:\/\/calfrenzy.com\/es\/"},{"@type":"ListItem","position":2,"name":"Hoja de Ruta"}]},{"@type":"WebSite","@id":"https:\/\/calfrenzy.com\/es\/#website","url":"https:\/\/calfrenzy.com\/es\/","name":"Calfrenzy","description":"Easy Scheduling Across Time Zones and Organizations","publisher":{"@id":"https:\/\/calfrenzy.com\/es\/#organization"},"alternateName":"calfrenzy","potentialAction":[{"@type":"SearchAction","target":{"@type":"EntryPoint","urlTemplate":"https:\/\/calfrenzy.com\/es\/?s={search_term_string}"},"query-input":{"@type":"PropertyValueSpecification","valueRequired":true,"valueName":"search_term_string"}}],"inLanguage":"es"},{"@type":"Organization","@id":"https:\/\/calfrenzy.com\/es\/#organization","name":"Calfrenzy","alternateName":"calfrenzy","url":"https:\/\/calfrenzy.com\/es\/","logo":{"@type":"ImageObject","inLanguage":"es","@id":"https:\/\/calfrenzy.com\/es\/#\/schema\/logo\/image\/","url":"https:\/\/calfrenzy.com\/wp-content\/uploads\/2024\/06\/float_6_1.svg","contentUrl":"https:\/\/calfrenzy.com\/wp-content\/uploads\/2024\/06\/float_6_1.svg","width":47,"height":50,"caption":"Calfrenzy"},"image":{"@id":"https:\/\/calfrenzy.com\/es\/#\/schema\/logo\/image\/"},"sameAs":["https:\/\/www.facebook.com\/calfrenzy","https:\/\/x.com\/calfrenzy53224","https:\/\/www.youtube.com\/@Calfrenzy","https:\/\/www.linkedin.com\/company\/calfrenzy","https:\/\/www.capterra.com\/p\/10020993\/CalFrenzy\/","https:\/\/chromewebstore.google.com\/detail\/calfrenzy-free-online-app\/igmlifilbgnlaijamohaakgoacoeoidk?hl=en","https:\/\/workspace.google.com\/marketplace\/app\/calfrenzy\/369573383535","https:\/\/www.trustpilot.com\/review\/calfrenzy.com","https:\/\/www.g2.com\/products\/calfrenzy\/reviews"]}]}},"_links":{"self":[{"href":"https:\/\/calfrenzy.com\/es\/wp-json\/wp\/v2\/pages\/3237","targetHints":{"allow":["GET"]}}],"collection":[{"href":"https:\/\/calfrenzy.com\/es\/wp-json\/wp\/v2\/pages"}],"about":[{"href":"https:\/\/calfrenzy.com\/es\/wp-json\/wp\/v2\/types\/page"}],"author":[{"embeddable":true,"href":"https:\/\/calfrenzy.com\/es\/wp-json\/wp\/v2\/users\/1"}],"replies":[{"embeddable":true,"href":"https:\/\/calfrenzy.com\/es\/wp-json\/wp\/v2\/comments?post=3237"}],"version-history":[{"count":13,"href":"https:\/\/calfrenzy.com\/es\/wp-json\/wp\/v2\/pages\/3237\/revisions"}],"predecessor-version":[{"id":9100,"href":"https:\/\/calfrenzy.com\/es\/wp-json\/wp\/v2\/pages\/3237\/revisions\/9100"}],"wp:featuredmedia":[{"embeddable":true,"href":"https:\/\/calfrenzy.com\/es\/wp-json\/wp\/v2\/media\/10222"}],"wp:attachment":[{"href":"https:\/\/calfrenzy.com\/es\/wp-json\/wp\/v2\/media?parent=3237"}],"curies":[{"name":"wp","href":"https:\/\/api.w.org\/{rel}","templated":true}]}}