{"id":3239,"date":"2024-06-20T11:07:12","date_gmt":"2024-06-20T11:07:12","guid":{"rendered":"https:\/\/calfrenzy.com\/?page_id=3239"},"modified":"2025-02-21T09:35:45","modified_gmt":"2025-02-21T09:35:45","slug":"soluciones","status":"publish","type":"page","link":"https:\/\/calfrenzy.com\/es\/soluciones\/","title":{"rendered":"Soluciones"},"content":{"rendered":"\n<div class=\"wp-block-cf-solutions-banner wrapper_solutions_banner\"><div class=\"solutions_banner\">\n<div class=\"solutions_banner__content\">\n<h1 class=\"wp-block-heading\"><mark style=\"background-color:rgba(0, 0, 0, 0)\" class=\"has-inline-color has-base-green-right-color\">Software<\/mark> de <mark style=\"background-color:rgba(0, 0, 0, 0)\" class=\"has-inline-color has-primary-yellow-color\">Programaci\u00f3n<\/mark> en L\u00ednea que Funciona para Muchas <mark style=\"background-color:rgba(0, 0, 0, 0)\" class=\"has-inline-color has-base-green-left-color\">Industrias<\/mark><\/h1>\n\n\n\n<p>Calfrenzy es una plataforma vers\u00e1til y f\u00e1cil de usar, dise\u00f1ada para adaptarse a las necesidades de empresas de distintos sectores. Facilita la gesti\u00f3n de citas en \u00e1reas como reclutamiento, educaci\u00f3n y servicios profesionales. <\/p>\n\n\n\n<div class=\"wp-block-button\"><a class=\"wp-block-button__link wp-element-button\" href=\"https:\/\/schedule.calfrenzy.com\/auth\/sign-up\">Comienza Gratis<\/a><\/div>\n<\/div>\n\n\n\n<div class=\"solutions_banner__image\">\n<figure class=\"wp-block-image\"><img decoding=\"async\" src=\"\/wp-content\/uploads\/2024\/12\/solutions_banner.jpg\" alt=\"Software de Programaci&#xF3;n en L&#xED;nea que Funciona para Muchas Industrias\"\/><\/figure>\n\n\n\n<div class=\"wp-block-group solutions_banner__image-float_left is-layout-flow wp-block-group-is-layout-flow\">\n<figure class=\"wp-block-image\"><img decoding=\"async\" src=\"\/wp-content\/themes\/calfrenzy\/assets\/images\/solution_float_1.png\" alt=\"Gesti&#xF3;n del Equipo de Proyecto\"\/><\/figure>\n\n\n\n<p class=\"solutions_banner__image-float_left--title\">Gesti\u00f3n del Equipo de Proyecto<\/p>\n\n\n\n<p class=\"solutions_banner__image-float_left--text\">Programaci\u00f3n grupal, 1h.<\/p>\n<\/div>\n\n\n\n<div class=\"wp-block-group solutions_banner__image-float_right is-layout-flow wp-block-group-is-layout-flow\">\n<figure class=\"wp-block-image\"><img decoding=\"async\" src=\"\/wp-content\/themes\/calfrenzy\/assets\/images\/solution_float_2.png\" alt=\"Revisi&#xF3;n de Actualizaci&#xF3;n del Sistema\"\/><\/figure>\n\n\n\n<p class=\"solutions_banner__image-float_right--title\">Revisi\u00f3n de Actualizaci\u00f3n del Sistema<\/p>\n\n\n\n<p class=\"solutions_banner__image-float_right--text\">Grupo a 1, 1h<\/p>\n<\/div>\n<\/div>\n<\/div><\/div>\n\n<div class=\"wp-block-cf-solutions-list wrapper_solutions_list\"><div class=\"solutions_list\">\n<h2 class=\"wp-block-heading\" id=\"h-who-can-use-calfrenzy\">\u00bfQui\u00e9nes pueden usar Calfrenzy?<\/h2>\n\n\n\n<a href=\"https:\/\/calfrenzy.com\/es\/soluciones\/reclutadores\/\" data-target=\"\" class=\"solutions_list_item\">\n<h3 class=\"wp-block-heading\" id=\"h-recruiters\">Reclutadores<\/h3>\n\n\n\n<figure class=\"wp-block-image size-full\"><img decoding=\"async\" width=\"300\" height=\"300\" src=\"https:\/\/calfrenzy.com\/wp-content\/uploads\/2025\/02\/recruiters.png\" alt=\"Reclutadores\" class=\"wp-image-5638\" srcset=\"https:\/\/calfrenzy.com\/wp-content\/uploads\/2025\/02\/recruiters.png 300w, https:\/\/calfrenzy.com\/wp-content\/uploads\/2025\/02\/recruiters-150x150.png 150w\" sizes=\"(max-width: 300px) 100vw, 300px\" \/><\/figure>\n\n\n\n<p>Organiza entrevistas con candidatos y reuniones internas de manera eficiente.<\/p>\n<\/a>\n\n\n\n<a href=\"https:\/\/calfrenzy.com\/es\/soluciones\/ventas\/\" data-target=\"\" class=\"solutions_list_item\">\n<h3 class=\"wp-block-heading\" id=\"h-sales-representatives\">Representantes de Ventas<\/h3>\n\n\n\n<figure class=\"wp-block-image size-full\"><img decoding=\"async\" width=\"300\" height=\"300\" src=\"https:\/\/calfrenzy.com\/wp-content\/uploads\/2025\/02\/sales-representatives.png\" alt=\"Representantes de Ventas\" class=\"wp-image-5639\" srcset=\"https:\/\/calfrenzy.com\/wp-content\/uploads\/2025\/02\/sales-representatives.png 300w, https:\/\/calfrenzy.com\/wp-content\/uploads\/2025\/02\/sales-representatives-150x150.png 150w\" sizes=\"(max-width: 300px) 100vw, 300px\" \/><\/figure>\n\n\n\n<p>Programa reuniones con clientes y realiza seguimientos sin importar la zona horaria.<\/p>\n<\/a>\n\n\n\n<a href=\"https:\/\/calfrenzy.com\/es\/soluciones\/marketing\/\" data-target=\"\" class=\"solutions_list_item\">\n<h3 class=\"wp-block-heading\" id=\"h-marketing-managers\">Gerentes de Marketing<\/h3>\n\n\n\n<figure class=\"wp-block-image size-full\"><img decoding=\"async\" width=\"300\" height=\"300\" src=\"https:\/\/calfrenzy.com\/wp-content\/uploads\/2025\/02\/marketing-managers.png\" alt=\"Gerentes de Marketing\" class=\"wp-image-5640\" srcset=\"https:\/\/calfrenzy.com\/wp-content\/uploads\/2025\/02\/marketing-managers.png 300w, https:\/\/calfrenzy.com\/wp-content\/uploads\/2025\/02\/marketing-managers-150x150.png 150w\" sizes=\"(max-width: 300px) 100vw, 300px\" \/><\/figure>\n\n\n\n<p>Organiza presentaciones para clientes y sesiones de brainstorming con el equipo.<\/p>\n<\/a>\n\n\n\n<a href=\"https:\/\/calfrenzy.com\/es\/soluciones\/equipos-de-atencion-al-cliente\/\" data-target=\"\" class=\"solutions_list_item\">\n<h3 class=\"wp-block-heading\" id=\"h-customer-success-managers\">Gerentes de \u00c9xito del Cliente<\/h3>\n\n\n\n<figure class=\"wp-block-image size-full\"><img decoding=\"async\" width=\"300\" height=\"300\" src=\"https:\/\/calfrenzy.com\/wp-content\/uploads\/2025\/02\/customer-success-managers.png\" alt=\"Gerentes de &#xC9;xito del Cliente\" class=\"wp-image-5641\" srcset=\"https:\/\/calfrenzy.com\/wp-content\/uploads\/2025\/02\/customer-success-managers.png 300w, https:\/\/calfrenzy.com\/wp-content\/uploads\/2025\/02\/customer-success-managers-150x150.png 150w\" sizes=\"(max-width: 300px) 100vw, 300px\" \/><\/figure>\n\n\n\n<p>Equilibra el soporte individual a clientes y la coordinaci\u00f3n del equipo.<\/p>\n<\/a>\n\n\n\n<a href=\"https:\/\/calfrenzy.com\/es\/soluciones\/gestores-de-proyectos\/\" data-target=\"\" class=\"solutions_list_item\">\n<h3 class=\"wp-block-heading\" id=\"h-project-managers\">Gestores de Proyectos<\/h3>\n\n\n\n<figure class=\"wp-block-image size-full\"><img decoding=\"async\" width=\"300\" height=\"300\" src=\"https:\/\/calfrenzy.com\/wp-content\/uploads\/2025\/02\/project-managers.png\" alt=\"Gestores de Proyectos\" class=\"wp-image-5643\" srcset=\"https:\/\/calfrenzy.com\/wp-content\/uploads\/2025\/02\/project-managers.png 300w, https:\/\/calfrenzy.com\/wp-content\/uploads\/2025\/02\/project-managers-150x150.png 150w\" sizes=\"(max-width: 300px) 100vw, 300px\" \/><\/figure>\n\n\n\n<p>Organiza reuniones de proyectos con equipos diversos y partes interesadas.<\/p>\n<\/a>\n\n\n\n<a href=\"https:\/\/calfrenzy.com\/es\/soluciones\/gestores-de-proyectos-de-ti\/\" data-target=\"\" class=\"solutions_list_item\">\n<h3 class=\"wp-block-heading\" id=\"h-it-managers\">Gerentes de TI<\/h3>\n\n\n\n<figure class=\"wp-block-image size-full\"><img decoding=\"async\" width=\"300\" height=\"300\" src=\"https:\/\/calfrenzy.com\/wp-content\/uploads\/2025\/02\/IT-Managers.png\" alt=\"Gerentes de TI\" class=\"wp-image-5644\" srcset=\"https:\/\/calfrenzy.com\/wp-content\/uploads\/2025\/02\/IT-Managers.png 300w, https:\/\/calfrenzy.com\/wp-content\/uploads\/2025\/02\/IT-Managers-150x150.png 150w\" sizes=\"(max-width: 300px) 100vw, 300px\" \/><\/figure>\n\n\n\n<p>Programa sesiones de soporte t\u00e9cnico y reuniones de equipo.<\/p>\n<\/a>\n\n\n\n<a href=\"https:\/\/calfrenzy.com\/es\/soluciones\/educadores\/\" data-target=\"\" class=\"solutions_list_item\">\n<h3 class=\"wp-block-heading\" id=\"h-educators\">Educadores<\/h3>\n\n\n\n<figure class=\"wp-block-image size-full\"><img decoding=\"async\" width=\"300\" height=\"300\" src=\"https:\/\/calfrenzy.com\/wp-content\/uploads\/2025\/02\/Educators.png\" alt=\"Educadores\" class=\"wp-image-5645\" srcset=\"https:\/\/calfrenzy.com\/wp-content\/uploads\/2025\/02\/Educators.png 300w, https:\/\/calfrenzy.com\/wp-content\/uploads\/2025\/02\/Educators-150x150.png 150w\" sizes=\"(max-width: 300px) 100vw, 300px\" \/><\/figure>\n\n\n\n<p>Simplifica la programaci\u00f3n de reuniones entre padres y docentes, as\u00ed como reuniones del personal.<\/p>\n<\/a>\n\n\n\n<a href=\"https:\/\/calfrenzy.com\/es\/soluciones\/abogados\/\" data-target=\"\" class=\"solutions_list_item\">\n<h3 class=\"wp-block-heading\" id=\"h-lawyers\">Abogados<\/h3>\n\n\n\n<figure class=\"wp-block-image size-full\"><img decoding=\"async\" width=\"300\" height=\"300\" src=\"https:\/\/calfrenzy.com\/wp-content\/uploads\/2025\/02\/Lawyers.png\" alt=\"Abogados\" class=\"wp-image-5646\" srcset=\"https:\/\/calfrenzy.com\/wp-content\/uploads\/2025\/02\/Lawyers.png 300w, https:\/\/calfrenzy.com\/wp-content\/uploads\/2025\/02\/Lawyers-150x150.png 150w\" sizes=\"(max-width: 300px) 100vw, 300px\" \/><\/figure>\n\n\n\n<p>Equilibra consultas con clientes y la coordinaci\u00f3n del equipo legal.<\/p>\n<\/a>\n\n\n\n<a href=\"https:\/\/calfrenzy.com\/es\/soluciones\/asistentes-ejecutivos\/\" data-target=\"\" class=\"solutions_list_item\">\n<h3 class=\"wp-block-heading\" id=\"h-executive-assistants\">Asistentes Ejecutivos<\/h3>\n\n\n\n<figure class=\"wp-block-image size-full\"><img decoding=\"async\" width=\"300\" height=\"300\" src=\"https:\/\/calfrenzy.com\/wp-content\/uploads\/2025\/02\/Executive-Assistants.png\" alt=\"Asistentes Ejecutivos\" class=\"wp-image-5647\" srcset=\"https:\/\/calfrenzy.com\/wp-content\/uploads\/2025\/02\/Executive-Assistants.png 300w, https:\/\/calfrenzy.com\/wp-content\/uploads\/2025\/02\/Executive-Assistants-150x150.png 150w\" sizes=\"(max-width: 300px) 100vw, 300px\" \/><\/figure>\n\n\n\n<p>Organiza los horarios de los ejecutivos de manera eficiente.<\/p>\n<\/a>\n<\/div><\/div>\n\n<div class=\"wp-block-cf-yellow-cta wrapper_yellow_cta\"><div class=\"yellow_cta\"><div class=\"yellow_cta__content\">\n<h2 class=\"wp-block-heading has-text-align-center\" id=\"h-ready-to-start-scheduling\">\u00bfListo para Empezar a Programar?<\/h2>\n\n\n\n<p class=\"has-text-align-center\">Reg\u00edstrate hoy para una prueba gratuita y descubre c\u00f3mo optimizar tu programaci\u00f3n, aumentar la eficiencia y simplificar tu flujo de trabajo en cualquier industria.<br\/>\u00a1Empieza hoy y siente la diferencia! <\/p>\n\n\n\n<div class=\"wp-block-button\"><a class=\"wp-block-button__link has-text-align-left wp-element-button\" href=\"https:\/\/schedule.calfrenzy.com\/auth\/sign-up\">Comienza Gratis<\/a><\/div>\n<\/div><\/div><\/div>\n","protected":false},"excerpt":{"rendered":"","protected":false},"author":1,"featured_media":0,"parent":0,"menu_order":0,"comment_status":"closed","ping_status":"closed","template":"","meta":{"inline_featured_image":false,"footnotes":""},"class_list":["post-3239","page","type-page","status-publish","hentry"],"yoast_head":"<!-- This site is optimized with the Yoast SEO Premium plugin v27.3 (Yoast SEO v27.3) - https:\/\/yoast.com\/product\/yoast-seo-premium-wordpress\/ -->\n<title>Industria Soluciones - Calfrenzy<\/title>\n<meta name=\"description\" content=\"Calfrenzy es una herramienta de programaci\u00f3n de reuniones con funciones premium. Simplifica la programaci\u00f3n en l\u00ednea para profesionales de diversas industrias.\" \/>\n<meta name=\"robots\" content=\"index, follow, max-snippet:-1, max-image-preview:large, max-video-preview:-1\" \/>\n<link rel=\"canonical\" href=\"https:\/\/calfrenzy.com\/es\/soluciones\/\" \/>\n<meta property=\"og:locale\" content=\"es_ES\" \/>\n<meta property=\"og:type\" content=\"article\" \/>\n<meta property=\"og:title\" content=\"Soluciones\" \/>\n<meta property=\"og:description\" content=\"Calfrenzy es una herramienta de programaci\u00f3n de reuniones con funciones premium. Simplifica la programaci\u00f3n en l\u00ednea para profesionales de diversas industrias.\" \/>\n<meta property=\"og:url\" content=\"https:\/\/calfrenzy.com\/es\/soluciones\/\" \/>\n<meta property=\"og:site_name\" content=\"calfrenzy\" \/>\n<meta property=\"article:publisher\" content=\"https:\/\/www.facebook.com\/calfrenzy\" \/>\n<meta property=\"article:modified_time\" content=\"2025-02-21T09:35:45+00:00\" \/>\n<meta property=\"og:image\" content=\"https:\/\/calfrenzy.com\/wp-content\/uploads\/2025\/02\/recruiters.png\" \/>\n<meta name=\"twitter:card\" content=\"summary_large_image\" \/>\n<meta name=\"twitter:site\" content=\"@calfrenzy53224\" \/>\n<meta name=\"twitter:label1\" content=\"Tiempo de lectura\" \/>\n\t<meta name=\"twitter:data1\" content=\"1 minuto\" \/>\n<script type=\"application\/ld+json\" class=\"yoast-schema-graph\">{\"@context\":\"https:\\\/\\\/schema.org\",\"@graph\":[{\"@type\":\"WebPage\",\"@id\":\"https:\\\/\\\/calfrenzy.com\\\/es\\\/soluciones\\\/\",\"url\":\"https:\\\/\\\/calfrenzy.com\\\/es\\\/soluciones\\\/\",\"name\":\"Industria Soluciones - Calfrenzy\",\"isPartOf\":{\"@id\":\"https:\\\/\\\/calfrenzy.com\\\/es\\\/#website\"},\"primaryImageOfPage\":{\"@id\":\"https:\\\/\\\/calfrenzy.com\\\/es\\\/soluciones\\\/#primaryimage\"},\"image\":{\"@id\":\"https:\\\/\\\/calfrenzy.com\\\/es\\\/soluciones\\\/#primaryimage\"},\"thumbnailUrl\":\"https:\\\/\\\/calfrenzy.com\\\/wp-content\\\/uploads\\\/2025\\\/02\\\/recruiters.png\",\"datePublished\":\"2024-06-20T11:07:12+00:00\",\"dateModified\":\"2025-02-21T09:35:45+00:00\",\"description\":\"Calfrenzy es una herramienta de programaci\u00f3n de reuniones con funciones premium. Simplifica la programaci\u00f3n en l\u00ednea para profesionales de diversas industrias.\",\"breadcrumb\":{\"@id\":\"https:\\\/\\\/calfrenzy.com\\\/es\\\/soluciones\\\/#breadcrumb\"},\"inLanguage\":\"es\",\"potentialAction\":[{\"@type\":\"ReadAction\",\"target\":[\"https:\\\/\\\/calfrenzy.com\\\/es\\\/soluciones\\\/\"]}]},{\"@type\":\"ImageObject\",\"inLanguage\":\"es\",\"@id\":\"https:\\\/\\\/calfrenzy.com\\\/es\\\/soluciones\\\/#primaryimage\",\"url\":\"https:\\\/\\\/calfrenzy.com\\\/wp-content\\\/uploads\\\/2025\\\/02\\\/recruiters.png\",\"contentUrl\":\"https:\\\/\\\/calfrenzy.com\\\/wp-content\\\/uploads\\\/2025\\\/02\\\/recruiters.png\"},{\"@type\":\"BreadcrumbList\",\"@id\":\"https:\\\/\\\/calfrenzy.com\\\/es\\\/soluciones\\\/#breadcrumb\",\"itemListElement\":[{\"@type\":\"ListItem\",\"position\":1,\"name\":\"Home\",\"item\":\"https:\\\/\\\/calfrenzy.com\\\/es\\\/\"},{\"@type\":\"ListItem\",\"position\":2,\"name\":\"Soluciones\"}]},{\"@type\":\"WebSite\",\"@id\":\"https:\\\/\\\/calfrenzy.com\\\/es\\\/#website\",\"url\":\"https:\\\/\\\/calfrenzy.com\\\/es\\\/\",\"name\":\"Calfrenzy\",\"description\":\"Easy Scheduling Across Time Zones and Organizations\",\"publisher\":{\"@id\":\"https:\\\/\\\/calfrenzy.com\\\/es\\\/#organization\"},\"alternateName\":\"calfrenzy\",\"potentialAction\":[{\"@type\":\"SearchAction\",\"target\":{\"@type\":\"EntryPoint\",\"urlTemplate\":\"https:\\\/\\\/calfrenzy.com\\\/es\\\/?s={search_term_string}\"},\"query-input\":{\"@type\":\"PropertyValueSpecification\",\"valueRequired\":true,\"valueName\":\"search_term_string\"}}],\"inLanguage\":\"es\"},{\"@type\":\"Organization\",\"@id\":\"https:\\\/\\\/calfrenzy.com\\\/es\\\/#organization\",\"name\":\"Calfrenzy\",\"alternateName\":\"calfrenzy\",\"url\":\"https:\\\/\\\/calfrenzy.com\\\/es\\\/\",\"logo\":{\"@type\":\"ImageObject\",\"inLanguage\":\"es\",\"@id\":\"https:\\\/\\\/calfrenzy.com\\\/es\\\/#\\\/schema\\\/logo\\\/image\\\/\",\"url\":\"https:\\\/\\\/calfrenzy.com\\\/wp-content\\\/uploads\\\/2024\\\/06\\\/float_6_1.svg\",\"contentUrl\":\"https:\\\/\\\/calfrenzy.com\\\/wp-content\\\/uploads\\\/2024\\\/06\\\/float_6_1.svg\",\"width\":47,\"height\":50,\"caption\":\"Calfrenzy\"},\"image\":{\"@id\":\"https:\\\/\\\/calfrenzy.com\\\/es\\\/#\\\/schema\\\/logo\\\/image\\\/\"},\"sameAs\":[\"https:\\\/\\\/www.facebook.com\\\/calfrenzy\",\"https:\\\/\\\/x.com\\\/calfrenzy53224\",\"https:\\\/\\\/www.youtube.com\\\/@Calfrenzy\",\"https:\\\/\\\/www.linkedin.com\\\/company\\\/calfrenzy\",\"https:\\\/\\\/www.capterra.com\\\/p\\\/10020993\\\/CalFrenzy\\\/\",\"https:\\\/\\\/chromewebstore.google.com\\\/detail\\\/calfrenzy-free-online-app\\\/igmlifilbgnlaijamohaakgoacoeoidk?hl=en\",\"https:\\\/\\\/workspace.google.com\\\/marketplace\\\/app\\\/calfrenzy\\\/369573383535\",\"https:\\\/\\\/www.trustpilot.com\\\/review\\\/calfrenzy.com\",\"https:\\\/\\\/www.g2.com\\\/products\\\/calfrenzy\\\/reviews\"]}]}<\/script>\n<!-- \/ Yoast SEO Premium plugin. -->","yoast_head_json":{"title":"Industria Soluciones - Calfrenzy","description":"Calfrenzy es una herramienta de programaci\u00f3n de reuniones con funciones premium. Simplifica la programaci\u00f3n en l\u00ednea para profesionales de diversas industrias.","robots":{"index":"index","follow":"follow","max-snippet":"max-snippet:-1","max-image-preview":"max-image-preview:large","max-video-preview":"max-video-preview:-1"},"canonical":"https:\/\/calfrenzy.com\/es\/soluciones\/","og_locale":"es_ES","og_type":"article","og_title":"Soluciones","og_description":"Calfrenzy es una herramienta de programaci\u00f3n de reuniones con funciones premium. Simplifica la programaci\u00f3n en l\u00ednea para profesionales de diversas industrias.","og_url":"https:\/\/calfrenzy.com\/es\/soluciones\/","og_site_name":"calfrenzy","article_publisher":"https:\/\/www.facebook.com\/calfrenzy","article_modified_time":"2025-02-21T09:35:45+00:00","og_image":[{"url":"https:\/\/calfrenzy.com\/wp-content\/uploads\/2025\/02\/recruiters.png","type":"","width":"","height":""}],"twitter_card":"summary_large_image","twitter_site":"@calfrenzy53224","twitter_misc":{"Tiempo de lectura":"1 minuto"},"schema":{"@context":"https:\/\/schema.org","@graph":[{"@type":"WebPage","@id":"https:\/\/calfrenzy.com\/es\/soluciones\/","url":"https:\/\/calfrenzy.com\/es\/soluciones\/","name":"Industria Soluciones - Calfrenzy","isPartOf":{"@id":"https:\/\/calfrenzy.com\/es\/#website"},"primaryImageOfPage":{"@id":"https:\/\/calfrenzy.com\/es\/soluciones\/#primaryimage"},"image":{"@id":"https:\/\/calfrenzy.com\/es\/soluciones\/#primaryimage"},"thumbnailUrl":"https:\/\/calfrenzy.com\/wp-content\/uploads\/2025\/02\/recruiters.png","datePublished":"2024-06-20T11:07:12+00:00","dateModified":"2025-02-21T09:35:45+00:00","description":"Calfrenzy es una herramienta de programaci\u00f3n de reuniones con funciones premium. Simplifica la programaci\u00f3n en l\u00ednea para profesionales de diversas industrias.","breadcrumb":{"@id":"https:\/\/calfrenzy.com\/es\/soluciones\/#breadcrumb"},"inLanguage":"es","potentialAction":[{"@type":"ReadAction","target":["https:\/\/calfrenzy.com\/es\/soluciones\/"]}]},{"@type":"ImageObject","inLanguage":"es","@id":"https:\/\/calfrenzy.com\/es\/soluciones\/#primaryimage","url":"https:\/\/calfrenzy.com\/wp-content\/uploads\/2025\/02\/recruiters.png","contentUrl":"https:\/\/calfrenzy.com\/wp-content\/uploads\/2025\/02\/recruiters.png"},{"@type":"BreadcrumbList","@id":"https:\/\/calfrenzy.com\/es\/soluciones\/#breadcrumb","itemListElement":[{"@type":"ListItem","position":1,"name":"Home","item":"https:\/\/calfrenzy.com\/es\/"},{"@type":"ListItem","position":2,"name":"Soluciones"}]},{"@type":"WebSite","@id":"https:\/\/calfrenzy.com\/es\/#website","url":"https:\/\/calfrenzy.com\/es\/","name":"Calfrenzy","description":"Easy Scheduling Across Time Zones and Organizations","publisher":{"@id":"https:\/\/calfrenzy.com\/es\/#organization"},"alternateName":"calfrenzy","potentialAction":[{"@type":"SearchAction","target":{"@type":"EntryPoint","urlTemplate":"https:\/\/calfrenzy.com\/es\/?s={search_term_string}"},"query-input":{"@type":"PropertyValueSpecification","valueRequired":true,"valueName":"search_term_string"}}],"inLanguage":"es"},{"@type":"Organization","@id":"https:\/\/calfrenzy.com\/es\/#organization","name":"Calfrenzy","alternateName":"calfrenzy","url":"https:\/\/calfrenzy.com\/es\/","logo":{"@type":"ImageObject","inLanguage":"es","@id":"https:\/\/calfrenzy.com\/es\/#\/schema\/logo\/image\/","url":"https:\/\/calfrenzy.com\/wp-content\/uploads\/2024\/06\/float_6_1.svg","contentUrl":"https:\/\/calfrenzy.com\/wp-content\/uploads\/2024\/06\/float_6_1.svg","width":47,"height":50,"caption":"Calfrenzy"},"image":{"@id":"https:\/\/calfrenzy.com\/es\/#\/schema\/logo\/image\/"},"sameAs":["https:\/\/www.facebook.com\/calfrenzy","https:\/\/x.com\/calfrenzy53224","https:\/\/www.youtube.com\/@Calfrenzy","https:\/\/www.linkedin.com\/company\/calfrenzy","https:\/\/www.capterra.com\/p\/10020993\/CalFrenzy\/","https:\/\/chromewebstore.google.com\/detail\/calfrenzy-free-online-app\/igmlifilbgnlaijamohaakgoacoeoidk?hl=en","https:\/\/workspace.google.com\/marketplace\/app\/calfrenzy\/369573383535","https:\/\/www.trustpilot.com\/review\/calfrenzy.com","https:\/\/www.g2.com\/products\/calfrenzy\/reviews"]}]}},"_links":{"self":[{"href":"https:\/\/calfrenzy.com\/es\/wp-json\/wp\/v2\/pages\/3239","targetHints":{"allow":["GET"]}}],"collection":[{"href":"https:\/\/calfrenzy.com\/es\/wp-json\/wp\/v2\/pages"}],"about":[{"href":"https:\/\/calfrenzy.com\/es\/wp-json\/wp\/v2\/types\/page"}],"author":[{"embeddable":true,"href":"https:\/\/calfrenzy.com\/es\/wp-json\/wp\/v2\/users\/1"}],"replies":[{"embeddable":true,"href":"https:\/\/calfrenzy.com\/es\/wp-json\/wp\/v2\/comments?post=3239"}],"version-history":[{"count":8,"href":"https:\/\/calfrenzy.com\/es\/wp-json\/wp\/v2\/pages\/3239\/revisions"}],"predecessor-version":[{"id":5822,"href":"https:\/\/calfrenzy.com\/es\/wp-json\/wp\/v2\/pages\/3239\/revisions\/5822"}],"wp:attachment":[{"href":"https:\/\/calfrenzy.com\/es\/wp-json\/wp\/v2\/media?parent=3239"}],"curies":[{"name":"wp","href":"https:\/\/api.w.org\/{rel}","templated":true}]}}