{"id":3243,"date":"2024-06-19T09:47:41","date_gmt":"2024-06-19T09:47:41","guid":{"rendered":"https:\/\/calfrenzy.com\/?page_id=3243"},"modified":"2025-02-21T08:25:55","modified_gmt":"2025-02-21T08:25:55","slug":"soporte","status":"publish","type":"page","link":"https:\/\/calfrenzy.com\/es\/soporte\/","title":{"rendered":"Soporte"},"content":{"rendered":"\n<div class=\"contact_sales\">\n<div class=\"contact_sales__content\">\n<h1 class=\"wp-block-heading\">Centro de Soporte de Calfrenzy<\/h1>\n\n\n\n<h5 class=\"wp-block-heading\"><strong>Tu Recurso Esencial para Soluciones de Programaci\u00f3n<\/strong><\/h5>\n\n\n\n<ul class=\"wp-block-list\">\n<li>\u00a1Bienvenido al Centro de Soporte de Calfrenzy! Aqu\u00ed encontrar\u00e1s toda la informaci\u00f3n y herramientas necesarias para sacar el m\u00e1ximo provecho de nuestra plataforma. Ya sea que est\u00e9s comenzando o explorando funciones avanzadas, estamos aqu\u00ed para asistirte.  <\/li>\n\n\n\n<li>A\u00fan estamos trabajando en nuestros art\u00edculos y tutoriales, pero pronto estar\u00e1n disponibles para brindarte informaci\u00f3n \u00fatil. Mientras tanto, si tienes alguna pregunta o necesitas ayuda, nuestro equipo de soporte est\u00e1 aqu\u00ed para asistirte. Mantente atento a las actualizaciones mientras construimos una biblioteca completa de recursos adaptados a tus necesidades de programaci\u00f3n.  <\/li>\n<\/ul>\n<\/div>\n\n\n\n<div class=\"contact_sales__form\">\n<div class=\"wpcf7 no-js\" id=\"wpcf7-f2623-o1\" lang=\"es-ES\" dir=\"ltr\" data-wpcf7-id=\"2623\">\n<div class=\"screen-reader-response\"><p role=\"status\" aria-live=\"polite\" aria-atomic=\"true\"><\/p> <ul><\/ul><\/div>\n<form action=\"\/es\/wp-json\/wp\/v2\/pages\/3243#wpcf7-f2623-o1\" method=\"post\" class=\"wpcf7-form init 255c7aad8747 cmatic-conn cmatic-aud-1 cmatic-mapd0-0 cmatic-v0978 cmatic-sent-0 cmatic-total-0\" aria-label=\"Formulario de contacto\" enctype=\"multipart\/form-data\" novalidate=\"novalidate\" data-status=\"init\">\n<fieldset class=\"hidden-fields-container\"><input type=\"hidden\" name=\"_wpcf7\" value=\"2623\" \/><input type=\"hidden\" name=\"_wpcf7_version\" value=\"6.1.5\" \/><input type=\"hidden\" name=\"_wpcf7_locale\" value=\"es_ES\" \/><input type=\"hidden\" name=\"_wpcf7_unit_tag\" value=\"wpcf7-f2623-o1\" \/><input type=\"hidden\" name=\"_wpcf7_container_post\" value=\"0\" \/><input type=\"hidden\" name=\"_wpcf7_posted_data_hash\" value=\"\" \/><input type=\"hidden\" name=\"_wpcf7_recaptcha_response\" value=\"\" \/>\n<\/fieldset>\n<div class=\"cf7\">\n   <p class=\"cf7__heading has-x-large-font-size\"><strong>Por favor, completa el formulario a continuaci\u00f3n y nos pondremos en contacto dentro de un d\u00eda h\u00e1bil.<\/strong><\/p>\n   <div class=\"cf7__form\">\n      <div class=\"cf7__form-item\">\n          <label>Tu Nombre*<\/label>\n<span class=\"wpcf7-form-control-wrap\" data-name=\"your-name\"><input size=\"40\" maxlength=\"400\" class=\"wpcf7-form-control wpcf7-text wpcf7-validates-as-required\" aria-required=\"true\" aria-invalid=\"false\" placeholder=\"Ingresa tu nombre\" value=\"\" type=\"text\" name=\"your-name\" \/><\/span>\n      <\/div>\n      <div class=\"cf7__form-item\">\n          <label>Correo Electr\u00f3nico*<\/label>\n<span class=\"wpcf7-form-control-wrap\" data-name=\"e-mail\"><input size=\"40\" maxlength=\"400\" class=\"wpcf7-form-control wpcf7-text wpcf7-validates-as-required\" aria-required=\"true\" aria-invalid=\"false\" placeholder=\"correo@ejemplo.com\" value=\"\" type=\"text\" name=\"e-mail\" \/><\/span>\n      <\/div>\n      <div class=\"cf7__form-item\">\n          <label>Tel\u00e9fono*<\/label>\n<span class=\"wpcf7-form-control-wrap\" data-name=\"phone\"><input size=\"40\" maxlength=\"400\" class=\"wpcf7-form-control wpcf7-tel wpcf7-text wpcf7-validates-as-tel\" aria-invalid=\"false\" placeholder=\"Tu tel\u00e9fono\" value=\"\" type=\"tel\" name=\"phone\" \/><\/span>\n      <\/div>\n      <div class=\"cf7__form-item\">\n          <label>Message<\/label>\n<span class=\"wpcf7-form-control-wrap\" data-name=\"message\"><textarea cols=\"40\" rows=\"10\" maxlength=\"2000\" class=\"wpcf7-form-control wpcf7-textarea\" aria-invalid=\"false\" placeholder=\"Tu mensaje\" name=\"message\"><\/textarea><\/span>\n      <\/div>\n      <div class=\"cf7__form-item\">\n          <label for=\"file_for_support\" id=\"label_file\">Archivo<\/label>\n          <span class=\"wpcf7-form-control-wrap\" data-name=\"file\"><input size=\"40\" class=\"wpcf7-form-control wpcf7-file\" id=\"file_for_support\" accept=\"audio\/*,video\/*,image\/*\" aria-invalid=\"false\" type=\"file\" name=\"file\" \/><\/span>\n<span id=\"checked_file_name\"><\/span>\n      <\/div>\n   <\/div>\n   <p class=\"cf7__note has-medium-font-size\">Al hacer clic en enviar, confirmas que consientes el procesamiento de tu informaci\u00f3n personal de acuerdo con nuestra <a href=\"\/privacy-policy\/\">Pol\u00edtica de Privacidad<\/a>.<\/p>\n<button class=\"wpcf7-submit\" type=\"submit\">Enviar <i><\/i><\/button>\n<\/div>\n<div class=\"cf7-success\">\n<h3 class=\"wp-block-heading\">\u00a1Gracias por tu env\u00edo!<\/h3>\n<p class=\"has-large-font-size\">Hemos recibido tu solicitud con \u00e9xito.<\/p>\n<p class=\"has-large-font-size\">Nuestro equipo de soporte est\u00e1 revisando tu solicitud y puedes esperar una respuesta dentro de las pr\u00f3ximas 24 horas.<\/p>\n<\/div><p style=\"display: none !important;\" class=\"akismet-fields-container\" data-prefix=\"_wpcf7_ak_\"><label>&#916;<textarea name=\"_wpcf7_ak_hp_textarea\" cols=\"45\" rows=\"8\" maxlength=\"100\"><\/textarea><\/label><input type=\"hidden\" id=\"ak_js_1\" name=\"_wpcf7_ak_js\" value=\"170\"\/><script>document.getElementById( \"ak_js_1\" ).setAttribute( \"value\", ( new Date() ).getTime() );<\/script><\/p><div class=\"wpcf7-response-output\" aria-hidden=\"true\"><\/div>\n<\/form>\n<\/div>\n<\/div>\n<\/div>\n","protected":false},"excerpt":{"rendered":"","protected":false},"author":1,"featured_media":0,"parent":0,"menu_order":0,"comment_status":"closed","ping_status":"closed","template":"new_home.php","meta":{"inline_featured_image":false,"footnotes":""},"class_list":["post-3243","page","type-page","status-publish","hentry"],"yoast_head":"<!-- This site is optimized with the Yoast SEO Premium plugin v27.3 (Yoast SEO v27.3) - https:\/\/yoast.com\/product\/yoast-seo-premium-wordpress\/ -->\n<title>Centro de Ayuda y Soporte de Calfrenzy<\/title>\n<meta name=\"description\" content=\"Obt\u00e9n todas las herramientas e informaci\u00f3n para aprovechar al m\u00e1ximo la plataforma de programaci\u00f3n de Calfrenzy. \u00bfTienes preguntas? Nuestro equipo de soporte est\u00e1 listo para ayudarte mientras ampliamos nuestra biblioteca de recursos.\" \/>\n<meta name=\"robots\" content=\"index, follow, max-snippet:-1, max-image-preview:large, max-video-preview:-1\" \/>\n<link rel=\"canonical\" href=\"https:\/\/calfrenzy.com\/es\/soporte\/\" \/>\n<meta property=\"og:locale\" content=\"es_ES\" \/>\n<meta property=\"og:type\" content=\"article\" \/>\n<meta property=\"og:title\" content=\"Soporte\" \/>\n<meta property=\"og:description\" content=\"Obt\u00e9n todas las herramientas e informaci\u00f3n para aprovechar al m\u00e1ximo la plataforma de programaci\u00f3n de Calfrenzy. \u00bfTienes preguntas? Nuestro equipo de soporte est\u00e1 listo para ayudarte mientras ampliamos nuestra biblioteca de recursos.\" \/>\n<meta property=\"og:url\" content=\"https:\/\/calfrenzy.com\/es\/soporte\/\" \/>\n<meta property=\"og:site_name\" content=\"calfrenzy\" \/>\n<meta property=\"article:publisher\" content=\"https:\/\/www.facebook.com\/calfrenzy\" \/>\n<meta property=\"article:modified_time\" content=\"2025-02-21T08:25:55+00:00\" \/>\n<meta property=\"og:image\" content=\"https:\/\/calfrenzy.com\/wp-content\/uploads\/2024\/06\/ease_3.png\" \/>\n\t<meta property=\"og:image:width\" content=\"1620\" \/>\n\t<meta property=\"og:image:height\" content=\"632\" \/>\n\t<meta property=\"og:image:type\" content=\"image\/png\" \/>\n<meta name=\"twitter:card\" content=\"summary_large_image\" \/>\n<meta name=\"twitter:site\" content=\"@calfrenzy53224\" \/>\n<meta name=\"twitter:label1\" content=\"Tiempo de lectura\" \/>\n\t<meta name=\"twitter:data1\" content=\"1 minuto\" \/>\n<script type=\"application\/ld+json\" class=\"yoast-schema-graph\">{\"@context\":\"https:\\\/\\\/schema.org\",\"@graph\":[{\"@type\":\"WebPage\",\"@id\":\"https:\\\/\\\/calfrenzy.com\\\/es\\\/soporte\\\/\",\"url\":\"https:\\\/\\\/calfrenzy.com\\\/es\\\/soporte\\\/\",\"name\":\"Centro de Ayuda y Soporte de Calfrenzy\",\"isPartOf\":{\"@id\":\"https:\\\/\\\/calfrenzy.com\\\/es\\\/#website\"},\"datePublished\":\"2024-06-19T09:47:41+00:00\",\"dateModified\":\"2025-02-21T08:25:55+00:00\",\"description\":\"Obt\u00e9n todas las herramientas e informaci\u00f3n para aprovechar al m\u00e1ximo la plataforma de programaci\u00f3n de Calfrenzy. \u00bfTienes preguntas? Nuestro equipo de soporte est\u00e1 listo para ayudarte mientras ampliamos nuestra biblioteca de recursos.\",\"breadcrumb\":{\"@id\":\"https:\\\/\\\/calfrenzy.com\\\/es\\\/soporte\\\/#breadcrumb\"},\"inLanguage\":\"es\",\"potentialAction\":[{\"@type\":\"ReadAction\",\"target\":[\"https:\\\/\\\/calfrenzy.com\\\/es\\\/soporte\\\/\"]}]},{\"@type\":\"BreadcrumbList\",\"@id\":\"https:\\\/\\\/calfrenzy.com\\\/es\\\/soporte\\\/#breadcrumb\",\"itemListElement\":[{\"@type\":\"ListItem\",\"position\":1,\"name\":\"Home\",\"item\":\"https:\\\/\\\/calfrenzy.com\\\/es\\\/\"},{\"@type\":\"ListItem\",\"position\":2,\"name\":\"Soporte\"}]},{\"@type\":\"WebSite\",\"@id\":\"https:\\\/\\\/calfrenzy.com\\\/es\\\/#website\",\"url\":\"https:\\\/\\\/calfrenzy.com\\\/es\\\/\",\"name\":\"Calfrenzy\",\"description\":\"Easy Scheduling Across Time Zones and Organizations\",\"publisher\":{\"@id\":\"https:\\\/\\\/calfrenzy.com\\\/es\\\/#organization\"},\"alternateName\":\"calfrenzy\",\"potentialAction\":[{\"@type\":\"SearchAction\",\"target\":{\"@type\":\"EntryPoint\",\"urlTemplate\":\"https:\\\/\\\/calfrenzy.com\\\/es\\\/?s={search_term_string}\"},\"query-input\":{\"@type\":\"PropertyValueSpecification\",\"valueRequired\":true,\"valueName\":\"search_term_string\"}}],\"inLanguage\":\"es\"},{\"@type\":\"Organization\",\"@id\":\"https:\\\/\\\/calfrenzy.com\\\/es\\\/#organization\",\"name\":\"Calfrenzy\",\"alternateName\":\"calfrenzy\",\"url\":\"https:\\\/\\\/calfrenzy.com\\\/es\\\/\",\"logo\":{\"@type\":\"ImageObject\",\"inLanguage\":\"es\",\"@id\":\"https:\\\/\\\/calfrenzy.com\\\/es\\\/#\\\/schema\\\/logo\\\/image\\\/\",\"url\":\"https:\\\/\\\/calfrenzy.com\\\/wp-content\\\/uploads\\\/2024\\\/06\\\/float_6_1.svg\",\"contentUrl\":\"https:\\\/\\\/calfrenzy.com\\\/wp-content\\\/uploads\\\/2024\\\/06\\\/float_6_1.svg\",\"width\":47,\"height\":50,\"caption\":\"Calfrenzy\"},\"image\":{\"@id\":\"https:\\\/\\\/calfrenzy.com\\\/es\\\/#\\\/schema\\\/logo\\\/image\\\/\"},\"sameAs\":[\"https:\\\/\\\/www.facebook.com\\\/calfrenzy\",\"https:\\\/\\\/x.com\\\/calfrenzy53224\",\"https:\\\/\\\/www.youtube.com\\\/@Calfrenzy\",\"https:\\\/\\\/www.linkedin.com\\\/company\\\/calfrenzy\",\"https:\\\/\\\/www.capterra.com\\\/p\\\/10020993\\\/CalFrenzy\\\/\",\"https:\\\/\\\/chromewebstore.google.com\\\/detail\\\/calfrenzy-free-online-app\\\/igmlifilbgnlaijamohaakgoacoeoidk?hl=en\",\"https:\\\/\\\/workspace.google.com\\\/marketplace\\\/app\\\/calfrenzy\\\/369573383535\",\"https:\\\/\\\/www.trustpilot.com\\\/review\\\/calfrenzy.com\",\"https:\\\/\\\/www.g2.com\\\/products\\\/calfrenzy\\\/reviews\"]}]}<\/script>\n<!-- \/ Yoast SEO Premium plugin. -->","yoast_head_json":{"title":"Centro de Ayuda y Soporte de Calfrenzy","description":"Obt\u00e9n todas las herramientas e informaci\u00f3n para aprovechar al m\u00e1ximo la plataforma de programaci\u00f3n de Calfrenzy. \u00bfTienes preguntas? Nuestro equipo de soporte est\u00e1 listo para ayudarte mientras ampliamos nuestra biblioteca de recursos.","robots":{"index":"index","follow":"follow","max-snippet":"max-snippet:-1","max-image-preview":"max-image-preview:large","max-video-preview":"max-video-preview:-1"},"canonical":"https:\/\/calfrenzy.com\/es\/soporte\/","og_locale":"es_ES","og_type":"article","og_title":"Soporte","og_description":"Obt\u00e9n todas las herramientas e informaci\u00f3n para aprovechar al m\u00e1ximo la plataforma de programaci\u00f3n de Calfrenzy. \u00bfTienes preguntas? Nuestro equipo de soporte est\u00e1 listo para ayudarte mientras ampliamos nuestra biblioteca de recursos.","og_url":"https:\/\/calfrenzy.com\/es\/soporte\/","og_site_name":"calfrenzy","article_publisher":"https:\/\/www.facebook.com\/calfrenzy","article_modified_time":"2025-02-21T08:25:55+00:00","og_image":[{"width":1620,"height":632,"url":"https:\/\/calfrenzy.com\/wp-content\/uploads\/2024\/06\/ease_3.png","type":"image\/png"}],"twitter_card":"summary_large_image","twitter_site":"@calfrenzy53224","twitter_misc":{"Tiempo de lectura":"1 minuto"},"schema":{"@context":"https:\/\/schema.org","@graph":[{"@type":"WebPage","@id":"https:\/\/calfrenzy.com\/es\/soporte\/","url":"https:\/\/calfrenzy.com\/es\/soporte\/","name":"Centro de Ayuda y Soporte de Calfrenzy","isPartOf":{"@id":"https:\/\/calfrenzy.com\/es\/#website"},"datePublished":"2024-06-19T09:47:41+00:00","dateModified":"2025-02-21T08:25:55+00:00","description":"Obt\u00e9n todas las herramientas e informaci\u00f3n para aprovechar al m\u00e1ximo la plataforma de programaci\u00f3n de Calfrenzy. \u00bfTienes preguntas? Nuestro equipo de soporte est\u00e1 listo para ayudarte mientras ampliamos nuestra biblioteca de recursos.","breadcrumb":{"@id":"https:\/\/calfrenzy.com\/es\/soporte\/#breadcrumb"},"inLanguage":"es","potentialAction":[{"@type":"ReadAction","target":["https:\/\/calfrenzy.com\/es\/soporte\/"]}]},{"@type":"BreadcrumbList","@id":"https:\/\/calfrenzy.com\/es\/soporte\/#breadcrumb","itemListElement":[{"@type":"ListItem","position":1,"name":"Home","item":"https:\/\/calfrenzy.com\/es\/"},{"@type":"ListItem","position":2,"name":"Soporte"}]},{"@type":"WebSite","@id":"https:\/\/calfrenzy.com\/es\/#website","url":"https:\/\/calfrenzy.com\/es\/","name":"Calfrenzy","description":"Easy Scheduling Across Time Zones and Organizations","publisher":{"@id":"https:\/\/calfrenzy.com\/es\/#organization"},"alternateName":"calfrenzy","potentialAction":[{"@type":"SearchAction","target":{"@type":"EntryPoint","urlTemplate":"https:\/\/calfrenzy.com\/es\/?s={search_term_string}"},"query-input":{"@type":"PropertyValueSpecification","valueRequired":true,"valueName":"search_term_string"}}],"inLanguage":"es"},{"@type":"Organization","@id":"https:\/\/calfrenzy.com\/es\/#organization","name":"Calfrenzy","alternateName":"calfrenzy","url":"https:\/\/calfrenzy.com\/es\/","logo":{"@type":"ImageObject","inLanguage":"es","@id":"https:\/\/calfrenzy.com\/es\/#\/schema\/logo\/image\/","url":"https:\/\/calfrenzy.com\/wp-content\/uploads\/2024\/06\/float_6_1.svg","contentUrl":"https:\/\/calfrenzy.com\/wp-content\/uploads\/2024\/06\/float_6_1.svg","width":47,"height":50,"caption":"Calfrenzy"},"image":{"@id":"https:\/\/calfrenzy.com\/es\/#\/schema\/logo\/image\/"},"sameAs":["https:\/\/www.facebook.com\/calfrenzy","https:\/\/x.com\/calfrenzy53224","https:\/\/www.youtube.com\/@Calfrenzy","https:\/\/www.linkedin.com\/company\/calfrenzy","https:\/\/www.capterra.com\/p\/10020993\/CalFrenzy\/","https:\/\/chromewebstore.google.com\/detail\/calfrenzy-free-online-app\/igmlifilbgnlaijamohaakgoacoeoidk?hl=en","https:\/\/workspace.google.com\/marketplace\/app\/calfrenzy\/369573383535","https:\/\/www.trustpilot.com\/review\/calfrenzy.com","https:\/\/www.g2.com\/products\/calfrenzy\/reviews"]}]}},"_links":{"self":[{"href":"https:\/\/calfrenzy.com\/es\/wp-json\/wp\/v2\/pages\/3243","targetHints":{"allow":["GET"]}}],"collection":[{"href":"https:\/\/calfrenzy.com\/es\/wp-json\/wp\/v2\/pages"}],"about":[{"href":"https:\/\/calfrenzy.com\/es\/wp-json\/wp\/v2\/types\/page"}],"author":[{"embeddable":true,"href":"https:\/\/calfrenzy.com\/es\/wp-json\/wp\/v2\/users\/1"}],"replies":[{"embeddable":true,"href":"https:\/\/calfrenzy.com\/es\/wp-json\/wp\/v2\/comments?post=3243"}],"version-history":[{"count":3,"href":"https:\/\/calfrenzy.com\/es\/wp-json\/wp\/v2\/pages\/3243\/revisions"}],"predecessor-version":[{"id":5686,"href":"https:\/\/calfrenzy.com\/es\/wp-json\/wp\/v2\/pages\/3243\/revisions\/5686"}],"wp:attachment":[{"href":"https:\/\/calfrenzy.com\/es\/wp-json\/wp\/v2\/media?parent=3243"}],"curies":[{"name":"wp","href":"https:\/\/api.w.org\/{rel}","templated":true}]}}