{"id":7448,"date":"2025-06-11T18:30:43","date_gmt":"2025-06-11T18:30:43","guid":{"rendered":"https:\/\/calfrenzy.com\/?page_id=7448"},"modified":"2025-11-07T20:08:20","modified_gmt":"2025-11-07T20:08:20","slug":"blog","status":"publish","type":"page","link":"https:\/\/calfrenzy.com\/es\/blog\/","title":{"rendered":"Blog"},"content":{"rendered":"\n<div class=\"wp-block-cf-yellow-banner wrapper_yellow_banner\"><div class=\"yellow_banner\">\n<h1 class=\"wp-block-heading has-text-align-center\" id=\"h-calfrenzy-blog\">Blog de Calfrenzy<\/h1>\n\n\n\n<p class=\"has-text-align-center\">Aqu\u00ed encontrar\u00e1s recursos para que tu programaci\u00f3n online sea m\u00e1s sencilla que nunca.<\/p>\n<\/div><\/div>\n    <div class=\"wrapper_blog_list\">\n        <div class=\"blog_list\">\n\n            <div class=\"blog_list__info\">\n                <div class=\"blog_list__info-tags\">\n                    <a class=\"\" href=\"https:\/\/calfrenzy.com\/es\/blog\/category\/productividad-y-gestion-del-tiempo\/\">Productividad y gesti\u00f3n del tiempo<\/a>                <\/div>\n                <div class=\"blog_list__info-search\">\n                    <form action=\"\/\" method=\"get\">\n    <input type=\"text\" name=\"s\" id=\"search\" value=\"\" placeholder=\"Buscar...\" \/>\n    <button type=\"submit\"><i class=\"icon icon-search\"><\/i><\/button>\n<\/form>                <\/div>\n            <\/div>\n\n            <div class=\"blog_list__items\">\n<div class=\"single_post_card\">\n    <div class=\"single_post_card__image\"><img decoding=\"async\" width=\"2400\" height=\"1350\" src=\"https:\/\/calfrenzy.com\/wp-content\/uploads\/2025\/08\/System-at-Workplace-Graph-Spanish.png\" class=\"attachment-post-thumbnail size-post-thumbnail wp-post-image\" alt=\"Visual guide titled &#039;5 Steps to Build a Support System at the Workplace&#039; featuring pastel modern design and tips for fostering collaboration and employee support.\" srcset=\"https:\/\/calfrenzy.com\/wp-content\/uploads\/2025\/08\/System-at-Workplace-Graph-Spanish.png 2400w, https:\/\/calfrenzy.com\/wp-content\/uploads\/2025\/08\/System-at-Workplace-Graph-Spanish-300x169.png 300w, https:\/\/calfrenzy.com\/wp-content\/uploads\/2025\/08\/System-at-Workplace-Graph-Spanish-1024x576.png 1024w, https:\/\/calfrenzy.com\/wp-content\/uploads\/2025\/08\/System-at-Workplace-Graph-Spanish-768x432.png 768w, https:\/\/calfrenzy.com\/wp-content\/uploads\/2025\/08\/System-at-Workplace-Graph-Spanish-1536x864.png 1536w, https:\/\/calfrenzy.com\/wp-content\/uploads\/2025\/08\/System-at-Workplace-Graph-Spanish-2048x1152.png 2048w\" sizes=\"(max-width: 2400px) 100vw, 2400px\" \/><\/div>\n    <div class=\"single_post_card__info\">\n        <div class=\"single_post_card__info-tag\">\n            <a href=\"https:\/\/calfrenzy.com\/es\/blog\/category\/productividad-y-gestion-del-tiempo\/\">Productividad y gesti\u00f3n del tiempo<\/a>        <\/div>\n        <div class=\"single_post_card__info-info\">\n            <div class=\"reading_time\">\n                <i class=\"icon icon-reading-time\"><\/i>\n                <span>11min.<\/span>\n            <\/div>\n            <div class=\"date\">\n                <i class=\"icon icon-date\"><\/i>\n                11 Jun, 2025            <\/div>\n        <\/div>\n    <\/div>\n    <h3 class=\"single_post_card__title\">C\u00f3mo crear un horario y mantenerlo<\/h3>\n    <div class=\"single_post_card__excerpt\">Aprende a dise\u00f1ar un horario realista que se adapte a tu vida. Usa estrategias inteligentes y una planificaci\u00f3n flexible para mantener el enfoque, reducir el estr\u00e9s y avanzar con constancia cada d\u00eda. <\/div>\n    <div class=\"single_post_card__author\">\n        <div class=\"single_post_card__author-avatar\"><img decoding=\"async\" src=\"\/wp-content\/themes\/calfrenzy\/assets\/images\/logos\/calfrenzy logo.png\" alt=\"Calfrenzy\"><\/div>\n        <div class=\"single_post_card__author-name\">\n            <span>Calfrenzy<\/span>\n            <span>author<\/span>\n        <\/div>\n    <\/div>\n    <a class=\"single_post_card__link\" href=\"https:\/\/calfrenzy.com\/es\/blog\/como-crear-un-horario-y-mantenerlo\/\">Leer m\u00e1s<\/a>\n<\/div><\/div>\n        <\/div>\n    <\/div>\n    ","protected":false},"excerpt":{"rendered":"","protected":false},"author":1,"featured_media":10215,"parent":0,"menu_order":0,"comment_status":"closed","ping_status":"closed","template":"","meta":{"inline_featured_image":false,"footnotes":""},"class_list":["post-7448","page","type-page","status-publish","has-post-thumbnail","hentry"],"yoast_head":"<!-- This site is optimized with the Yoast SEO Premium plugin v26.8 (Yoast SEO v26.8) - https:\/\/yoast.com\/product\/yoast-seo-premium-wordpress\/ -->\n<title>Consejos de programaci\u00f3n y novedades del producto | Blog de Calfrenzy<\/title>\n<meta name=\"description\" content=\"Descubre consejos de expertos, actualizaciones de funciones e historias de \u00e9xito en el blog de Calfrenzy. Aprende c\u00f3mo reclutadores, profesionales de marketing, ejecutivos y equipos de todos los sectores simplifican la programaci\u00f3n global\u2014con precios justos y un dise\u00f1o excepcional.\" \/>\n<meta name=\"robots\" content=\"index, follow, max-snippet:-1, max-image-preview:large, max-video-preview:-1\" \/>\n<link rel=\"canonical\" href=\"https:\/\/calfrenzy.com\/es\/blog\/\" \/>\n<meta property=\"og:locale\" content=\"es_ES\" \/>\n<meta property=\"og:type\" content=\"article\" \/>\n<meta property=\"og:title\" content=\"Blog\" \/>\n<meta property=\"og:description\" content=\"Descubre consejos de expertos, actualizaciones de funciones e historias de \u00e9xito en el blog de Calfrenzy. Aprende c\u00f3mo reclutadores, profesionales de marketing, ejecutivos y equipos de todos los sectores simplifican la programaci\u00f3n global\u2014con precios justos y un dise\u00f1o excepcional.\" \/>\n<meta property=\"og:url\" content=\"https:\/\/calfrenzy.com\/es\/blog\/\" \/>\n<meta property=\"og:site_name\" content=\"calfrenzy\" \/>\n<meta property=\"article:publisher\" content=\"https:\/\/www.facebook.com\/calfrenzy\" \/>\n<meta property=\"article:modified_time\" content=\"2025-11-07T20:08:20+00:00\" \/>\n<meta property=\"og:image\" content=\"https:\/\/calfrenzy.com\/wp-content\/uploads\/2025\/11\/Blog-English.png\" \/>\n\t<meta property=\"og:image:width\" content=\"2400\" \/>\n\t<meta property=\"og:image:height\" content=\"1260\" \/>\n\t<meta property=\"og:image:type\" content=\"image\/png\" \/>\n<meta name=\"twitter:card\" content=\"summary_large_image\" \/>\n<meta name=\"twitter:site\" content=\"@calfrenzy53224\" \/>\n<script type=\"application\/ld+json\" class=\"yoast-schema-graph\">{\"@context\":\"https:\/\/schema.org\",\"@graph\":[{\"@type\":\"WebPage\",\"@id\":\"https:\/\/calfrenzy.com\/es\/blog\/\",\"url\":\"https:\/\/calfrenzy.com\/es\/blog\/\",\"name\":\"Consejos de programaci\u00f3n y novedades del producto | Blog de Calfrenzy\",\"isPartOf\":{\"@id\":\"https:\/\/calfrenzy.com\/es\/#website\"},\"primaryImageOfPage\":{\"@id\":\"https:\/\/calfrenzy.com\/es\/blog\/#primaryimage\"},\"image\":{\"@id\":\"https:\/\/calfrenzy.com\/es\/blog\/#primaryimage\"},\"thumbnailUrl\":\"https:\/\/calfrenzy.com\/wp-content\/uploads\/2025\/11\/Blog-Spanish.png\",\"datePublished\":\"2025-06-11T18:30:43+00:00\",\"dateModified\":\"2025-11-07T20:08:20+00:00\",\"description\":\"Descubre consejos de expertos, actualizaciones de funciones e historias de \u00e9xito en el blog de Calfrenzy. Aprende c\u00f3mo reclutadores, profesionales de marketing, ejecutivos y equipos de todos los sectores simplifican la programaci\u00f3n global\u2014con precios justos y un dise\u00f1o excepcional.\",\"breadcrumb\":{\"@id\":\"https:\/\/calfrenzy.com\/es\/blog\/#breadcrumb\"},\"inLanguage\":\"es\",\"potentialAction\":[{\"@type\":\"ReadAction\",\"target\":[\"https:\/\/calfrenzy.com\/es\/blog\/\"]}]},{\"@type\":\"ImageObject\",\"inLanguage\":\"es\",\"@id\":\"https:\/\/calfrenzy.com\/es\/blog\/#primaryimage\",\"url\":\"https:\/\/calfrenzy.com\/wp-content\/uploads\/2025\/11\/Blog-Spanish.png\",\"contentUrl\":\"https:\/\/calfrenzy.com\/wp-content\/uploads\/2025\/11\/Blog-Spanish.png\",\"width\":2400,\"height\":1260},{\"@type\":\"BreadcrumbList\",\"@id\":\"https:\/\/calfrenzy.com\/es\/blog\/#breadcrumb\",\"itemListElement\":[{\"@type\":\"ListItem\",\"position\":1,\"name\":\"Home\",\"item\":\"https:\/\/calfrenzy.com\/es\/\"},{\"@type\":\"ListItem\",\"position\":2,\"name\":\"Blog\"}]},{\"@type\":\"WebSite\",\"@id\":\"https:\/\/calfrenzy.com\/es\/#website\",\"url\":\"https:\/\/calfrenzy.com\/es\/\",\"name\":\"Calfrenzy\",\"description\":\"Easy Scheduling Across Time Zones and Organizations\",\"publisher\":{\"@id\":\"https:\/\/calfrenzy.com\/es\/#organization\"},\"alternateName\":\"calfrenzy\",\"potentialAction\":[{\"@type\":\"SearchAction\",\"target\":{\"@type\":\"EntryPoint\",\"urlTemplate\":\"https:\/\/calfrenzy.com\/es\/?s={search_term_string}\"},\"query-input\":{\"@type\":\"PropertyValueSpecification\",\"valueRequired\":true,\"valueName\":\"search_term_string\"}}],\"inLanguage\":\"es\"},{\"@type\":\"Organization\",\"@id\":\"https:\/\/calfrenzy.com\/es\/#organization\",\"name\":\"Calfrenzy\",\"alternateName\":\"calfrenzy\",\"url\":\"https:\/\/calfrenzy.com\/es\/\",\"logo\":{\"@type\":\"ImageObject\",\"inLanguage\":\"es\",\"@id\":\"https:\/\/calfrenzy.com\/es\/#\/schema\/logo\/image\/\",\"url\":\"https:\/\/calfrenzy.com\/wp-content\/uploads\/2024\/06\/float_6_1.svg\",\"contentUrl\":\"https:\/\/calfrenzy.com\/wp-content\/uploads\/2024\/06\/float_6_1.svg\",\"width\":47,\"height\":50,\"caption\":\"Calfrenzy\"},\"image\":{\"@id\":\"https:\/\/calfrenzy.com\/es\/#\/schema\/logo\/image\/\"},\"sameAs\":[\"https:\/\/www.facebook.com\/calfrenzy\",\"https:\/\/x.com\/calfrenzy53224\",\"https:\/\/www.youtube.com\/@Calfrenzy\",\"https:\/\/www.linkedin.com\/company\/calfrenzy\",\"https:\/\/www.capterra.com\/p\/10020993\/CalFrenzy\/\",\"https:\/\/chromewebstore.google.com\/detail\/calfrenzy-free-online-app\/igmlifilbgnlaijamohaakgoacoeoidk?hl=en\",\"https:\/\/workspace.google.com\/marketplace\/app\/calfrenzy\/369573383535\",\"https:\/\/www.trustpilot.com\/review\/calfrenzy.com\",\"https:\/\/www.g2.com\/products\/calfrenzy\/reviews\"]}]}<\/script>\n<!-- \/ Yoast SEO Premium plugin. -->","yoast_head_json":{"title":"Consejos de programaci\u00f3n y novedades del producto | Blog de Calfrenzy","description":"Descubre consejos de expertos, actualizaciones de funciones e historias de \u00e9xito en el blog de Calfrenzy. Aprende c\u00f3mo reclutadores, profesionales de marketing, ejecutivos y equipos de todos los sectores simplifican la programaci\u00f3n global\u2014con precios justos y un dise\u00f1o excepcional.","robots":{"index":"index","follow":"follow","max-snippet":"max-snippet:-1","max-image-preview":"max-image-preview:large","max-video-preview":"max-video-preview:-1"},"canonical":"https:\/\/calfrenzy.com\/es\/blog\/","og_locale":"es_ES","og_type":"article","og_title":"Blog","og_description":"Descubre consejos de expertos, actualizaciones de funciones e historias de \u00e9xito en el blog de Calfrenzy. Aprende c\u00f3mo reclutadores, profesionales de marketing, ejecutivos y equipos de todos los sectores simplifican la programaci\u00f3n global\u2014con precios justos y un dise\u00f1o excepcional.","og_url":"https:\/\/calfrenzy.com\/es\/blog\/","og_site_name":"calfrenzy","article_publisher":"https:\/\/www.facebook.com\/calfrenzy","article_modified_time":"2025-11-07T20:08:20+00:00","og_image":[{"width":2400,"height":1260,"url":"https:\/\/calfrenzy.com\/wp-content\/uploads\/2025\/11\/Blog-English.png","type":"image\/png"}],"twitter_card":"summary_large_image","twitter_site":"@calfrenzy53224","schema":{"@context":"https:\/\/schema.org","@graph":[{"@type":"WebPage","@id":"https:\/\/calfrenzy.com\/es\/blog\/","url":"https:\/\/calfrenzy.com\/es\/blog\/","name":"Consejos de programaci\u00f3n y novedades del producto | Blog de Calfrenzy","isPartOf":{"@id":"https:\/\/calfrenzy.com\/es\/#website"},"primaryImageOfPage":{"@id":"https:\/\/calfrenzy.com\/es\/blog\/#primaryimage"},"image":{"@id":"https:\/\/calfrenzy.com\/es\/blog\/#primaryimage"},"thumbnailUrl":"https:\/\/calfrenzy.com\/wp-content\/uploads\/2025\/11\/Blog-Spanish.png","datePublished":"2025-06-11T18:30:43+00:00","dateModified":"2025-11-07T20:08:20+00:00","description":"Descubre consejos de expertos, actualizaciones de funciones e historias de \u00e9xito en el blog de Calfrenzy. Aprende c\u00f3mo reclutadores, profesionales de marketing, ejecutivos y equipos de todos los sectores simplifican la programaci\u00f3n global\u2014con precios justos y un dise\u00f1o excepcional.","breadcrumb":{"@id":"https:\/\/calfrenzy.com\/es\/blog\/#breadcrumb"},"inLanguage":"es","potentialAction":[{"@type":"ReadAction","target":["https:\/\/calfrenzy.com\/es\/blog\/"]}]},{"@type":"ImageObject","inLanguage":"es","@id":"https:\/\/calfrenzy.com\/es\/blog\/#primaryimage","url":"https:\/\/calfrenzy.com\/wp-content\/uploads\/2025\/11\/Blog-Spanish.png","contentUrl":"https:\/\/calfrenzy.com\/wp-content\/uploads\/2025\/11\/Blog-Spanish.png","width":2400,"height":1260},{"@type":"BreadcrumbList","@id":"https:\/\/calfrenzy.com\/es\/blog\/#breadcrumb","itemListElement":[{"@type":"ListItem","position":1,"name":"Home","item":"https:\/\/calfrenzy.com\/es\/"},{"@type":"ListItem","position":2,"name":"Blog"}]},{"@type":"WebSite","@id":"https:\/\/calfrenzy.com\/es\/#website","url":"https:\/\/calfrenzy.com\/es\/","name":"Calfrenzy","description":"Easy Scheduling Across Time Zones and Organizations","publisher":{"@id":"https:\/\/calfrenzy.com\/es\/#organization"},"alternateName":"calfrenzy","potentialAction":[{"@type":"SearchAction","target":{"@type":"EntryPoint","urlTemplate":"https:\/\/calfrenzy.com\/es\/?s={search_term_string}"},"query-input":{"@type":"PropertyValueSpecification","valueRequired":true,"valueName":"search_term_string"}}],"inLanguage":"es"},{"@type":"Organization","@id":"https:\/\/calfrenzy.com\/es\/#organization","name":"Calfrenzy","alternateName":"calfrenzy","url":"https:\/\/calfrenzy.com\/es\/","logo":{"@type":"ImageObject","inLanguage":"es","@id":"https:\/\/calfrenzy.com\/es\/#\/schema\/logo\/image\/","url":"https:\/\/calfrenzy.com\/wp-content\/uploads\/2024\/06\/float_6_1.svg","contentUrl":"https:\/\/calfrenzy.com\/wp-content\/uploads\/2024\/06\/float_6_1.svg","width":47,"height":50,"caption":"Calfrenzy"},"image":{"@id":"https:\/\/calfrenzy.com\/es\/#\/schema\/logo\/image\/"},"sameAs":["https:\/\/www.facebook.com\/calfrenzy","https:\/\/x.com\/calfrenzy53224","https:\/\/www.youtube.com\/@Calfrenzy","https:\/\/www.linkedin.com\/company\/calfrenzy","https:\/\/www.capterra.com\/p\/10020993\/CalFrenzy\/","https:\/\/chromewebstore.google.com\/detail\/calfrenzy-free-online-app\/igmlifilbgnlaijamohaakgoacoeoidk?hl=en","https:\/\/workspace.google.com\/marketplace\/app\/calfrenzy\/369573383535","https:\/\/www.trustpilot.com\/review\/calfrenzy.com","https:\/\/www.g2.com\/products\/calfrenzy\/reviews"]}]}},"_links":{"self":[{"href":"https:\/\/calfrenzy.com\/es\/wp-json\/wp\/v2\/pages\/7448","targetHints":{"allow":["GET"]}}],"collection":[{"href":"https:\/\/calfrenzy.com\/es\/wp-json\/wp\/v2\/pages"}],"about":[{"href":"https:\/\/calfrenzy.com\/es\/wp-json\/wp\/v2\/types\/page"}],"author":[{"embeddable":true,"href":"https:\/\/calfrenzy.com\/es\/wp-json\/wp\/v2\/users\/1"}],"replies":[{"embeddable":true,"href":"https:\/\/calfrenzy.com\/es\/wp-json\/wp\/v2\/comments?post=7448"}],"version-history":[{"count":1,"href":"https:\/\/calfrenzy.com\/es\/wp-json\/wp\/v2\/pages\/7448\/revisions"}],"predecessor-version":[{"id":7449,"href":"https:\/\/calfrenzy.com\/es\/wp-json\/wp\/v2\/pages\/7448\/revisions\/7449"}],"wp:featuredmedia":[{"embeddable":true,"href":"https:\/\/calfrenzy.com\/es\/wp-json\/wp\/v2\/media\/10215"}],"wp:attachment":[{"href":"https:\/\/calfrenzy.com\/es\/wp-json\/wp\/v2\/media?parent=7448"}],"curies":[{"name":"wp","href":"https:\/\/api.w.org\/{rel}","templated":true}]}}