{"id":7612,"date":"2025-06-26T12:03:17","date_gmt":"2025-06-26T12:03:17","guid":{"rendered":"https:\/\/calfrenzy.com\/?page_id=7612"},"modified":"2025-11-18T16:12:50","modified_gmt":"2025-11-18T16:12:50","slug":"planificador-de-zonas-horarias-para-reuniones","status":"publish","type":"page","link":"https:\/\/calfrenzy.com\/es\/funciones\/planificador-de-zonas-horarias-para-reuniones\/","title":{"rendered":"Planificador de zonas horarias para reuniones"},"content":{"rendered":"\n<div class=\"wp-block-cf-features-banner wrapper_features_banner\"><div class=\"features_banner\">\n<div class=\"features_banner__content\">\n<h1 class=\"wp-block-heading\" id=\"h-plan-meetings-across-time-zones-without-confusion\"><mark style=\"background-color:rgba(0, 0, 0, 0)\" class=\"has-inline-color has-base-green-right-color\">Planifica<\/mark> reuniones entre <mark style=\"background-color:rgba(0, 0, 0, 0)\" class=\"has-inline-color has-primary-yellow-color\">zonas<\/mark> horarias \u2014 sin <mark style=\"background-color:rgba(0, 0, 0, 0)\" class=\"has-inline-color has-base-green-left-color\">confusiones<\/mark><\/h1>\n\n\n\n<p>Detecta y convierte autom\u00e1ticamente las zonas horarias para que t\u00fa y tus clientes siempre se encuentren a la hora correcta. Calfrenzy hace que agendar a nivel global sea sencillo. <\/p>\n\n\n\n<div class=\"wp-block-button\"><a class=\"wp-block-button__link wp-element-button\" href=\"https:\/\/schedule.calfrenzy.com\/auth\/sign-up\">Empieza gratis \u2013 No necesitas tarjeta de cr\u00e9dito<\/a><\/div>\n<\/div>\n\n\n\n<div class=\"features_banner__image\">\n<figure class=\"wp-block-image size-full zone_planner\"><img decoding=\"async\" src=\"https:\/\/calfrenzy.com\/wp-content\/uploads\/2025\/08\/Meeting-Time-Zone-Planner-Spanish.png\" alt=\"Planifica reuniones entre zonas horarias &#x2014; sin confusiones\" class=\"wp-image-7393\"\/><\/figure>\n<\/div>\n<\/div><\/div>\n\n<div class=\"wp-block-cf-bg-container-block wrapper_bg_container_block\"><div class=\"bg_container_block\">\n<div style=\"min-width:min(calc(421\/1440 * 100vw) , 421px)\" class=\"wp-block-cf-bg-container-block-inner bg_container_block__column\">\n<h2 class=\"wp-block-heading\" id=\"h-why-time-zone-planning-matters\">Por qu\u00e9 importa la planificaci\u00f3n por zonas horarias<\/h2>\n<\/div>\n\n\n\n<div class=\"wp-block-cf-bg-container-block-inner bg_container_block__column\">\n<p>Agendar entre zonas horarias no deber\u00eda requerir c\u00e1lculos mentales ni cadenas infinitas de correos. Calfrenzy detecta autom\u00e1ticamente la zona horaria de cada usuario, desde que creas tu p\u00e1gina de reservas hasta que el cliente confirma su cita. Tu calendario se muestra en tu zona. El de ellos, en la suya. Sin confusiones, sin reprogramaciones.    <\/p>\n<\/div>\n<\/div><\/div>\n\n<div class=\"wp-block-cf-tools wrapper_tools no_bg\"><div class=\"tools\">\n<h2 class=\"wp-block-heading has-text-align-center\" id=\"h-built-in-time-zone-intelligence\">Inteligencia de zona horaria integrada<\/h2>\n\n\n\n<div class=\"wp-block-cf-tools-items tools__items tools__items--two\">\n<div class=\"wp-block-cf-tools-item tool_item\">\n<figure class=\"wp-block-image size-full\"><img decoding=\"async\" width=\"120\" height=\"120\" src=\"https:\/\/calfrenzy.com\/wp-content\/uploads\/2025\/06\/Automatic-Time-Zone-Detection.png\" alt=\"Detecci&#xF3;n autom&#xE1;tica de zona horaria\" class=\"wp-image-7389\"\/><\/figure>\n\n\n\n<h3 class=\"wp-block-heading\" id=\"h-automatic-time-zone-detection\">Detecci\u00f3n autom\u00e1tica de zona horaria<\/h3>\n\n\n\n<ul class=\"wp-block-list\">\n<li>Detecta tu zona desde el dispositivo o perfil<\/li>\n\n\n\n<li>No requiere configuraci\u00f3n manual<\/li>\n\n\n\n<li>Los eventos se muestran en hora local en todas las p\u00e1ginas de reserva<\/li>\n<\/ul>\n<\/div>\n\n\n\n<div class=\"wp-block-cf-tools-item tool_item\">\n<figure class=\"wp-block-image size-full\"><img decoding=\"async\" width=\"120\" height=\"120\" src=\"https:\/\/calfrenzy.com\/wp-content\/uploads\/2025\/06\/Time-Zone-Lock-for-Hosts.png\" alt=\"Fijaci&#xF3;n de zona horaria para anfitriones\" class=\"wp-image-7390\"\/><\/figure>\n\n\n\n<h3 class=\"wp-block-heading\" id=\"h-time-zone-lock-for-hosts\">Fijaci\u00f3n de zona horaria para anfitriones<\/h3>\n\n\n\n<ul class=\"wp-block-list\">\n<li>Mant\u00e9n tu agenda bloqueada en tu zona preferida<\/li>\n\n\n\n<li>Establece l\u00edmites, mant\u00e9n la coherencia incluso si viajas<\/li>\n\n\n\n<li>Especialmente \u00fatil para coaches globales o freelancers<\/li>\n<\/ul>\n<\/div>\n\n\n\n<div class=\"wp-block-cf-tools-item tool_item\">\n<figure class=\"wp-block-image size-full\"><img decoding=\"async\" width=\"120\" height=\"120\" src=\"https:\/\/calfrenzy.com\/wp-content\/uploads\/2025\/06\/Localized-Booking-Times.png\" alt=\"Horarios localizados para reservas\" class=\"wp-image-7391\"\/><\/figure>\n\n\n\n<h3 class=\"wp-block-heading\" id=\"h-localized-booking-times\">Horarios localizados para reservas<\/h3>\n\n\n\n<ul class=\"wp-block-list\">\n<li>Los clientes ven opciones en su hora local<\/li>\n\n\n\n<li>Las pantallas de confirmaci\u00f3n reflejan la zona correcta<\/li>\n\n\n\n<li>Reduce errores, reservas mal hechas y confusiones<\/li>\n<\/ul>\n<\/div>\n\n\n\n<div class=\"wp-block-cf-tools-item tool_item\">\n<figure class=\"wp-block-image size-full\"><img decoding=\"async\" width=\"120\" height=\"120\" src=\"https:\/\/calfrenzy.com\/wp-content\/uploads\/2025\/06\/No-Apps-or-Accounts-Needed.png\" alt=\"Sin apps ni cuentas necesarias\" class=\"wp-image-7392\"\/><\/figure>\n\n\n\n<h3 class=\"wp-block-heading\" id=\"h-no-apps-or-accounts-needed\">Sin apps ni cuentas necesarias<\/h3>\n\n\n\n<ul class=\"wp-block-list\">\n<li>Los clientes no necesitan registrarse ni descargar nada<\/li>\n\n\n\n<li>Solo hacen clic en el enlace y reservan en su zona horaria<\/li>\n\n\n\n<li>Una experiencia fluida que genera confianza y profesionalismo<\/li>\n<\/ul>\n<\/div>\n<\/div>\n<\/div><\/div>\n\n<div class=\"wp-block-cf-feature-yellow-cta wrapper_feature_yellow_cta\"><div class=\"feature_yellow_cta\"><div class=\"feature_yellow_cta__content\">\n<h2 class=\"wp-block-heading\">Perfecto para equipos globales y trabajo remoto<\/h2>\n\n\n\n<ul class=\"wp-block-list\">\n<li><strong>Freelancers y agencias<\/strong> que trabajan con clientes internacionales<\/li>\n\n\n\n<li><strong>Coaches y consultores<\/strong> con audiencias en distintos continentes<\/li>\n\n\n\n<li><strong>Asistentes virtuales y responsables de operaciones<\/strong> que gestionan equipos distribuidos<\/li>\n\n\n\n<li><strong>Coordinadores de entrevistas<\/strong> u onboarding de candidatos globales<\/li>\n<\/ul>\n<\/div><div class=\"feature_yellow_cta__image\"><img decoding=\"async\" src=\"\/wp-content\/themes\/calfrenzy\/assets\/images\/feature_yellow_cta_image.png\" alt=\"Girl with laptop\"\/><\/div><\/div><\/div>\n\n<div class=\"wp-block-cf-faq wrapper_faq\" itemscope itemtype=\"https:\/\/schema.org\/FAQPage\"><div class=\"faq\">\n<h2 class=\"wp-block-heading has-text-align-center\" id=\"h-frequently-asked-questions\">Preguntas Frecuentes<\/h2>\n\n\n\n<div class=\"wp-block-cf-faq-item faq_item\" itemscope itemprop=\"mainEntity\" itemtype=\"https:\/\/schema.org\/Question\">\n<div class=\"wp-block-cf-faq-item-question faq_item__title\" onclick=\"$(this).siblings('.faq_item__content').slideToggle().parent().toggleClass('open')\"><div itemprop=\"name\">\n<h3 class=\"wp-block-heading\" id=\"h-how-does-calfrenzy-detect-my-client-s-time-zone\">\u00bfC\u00f3mo detecta Calfrenzy la zona horaria de mi cliente?<\/h3>\n<\/div><\/div>\n\n\n\n<div class=\"wp-block-cf-faq-item-answer faq_item__content\" itemscope itemprop=\"acceptedAnswer\" itemtype=\"https:\/\/schema.org\/Answer\"><div itemprop=\"text\">\n<p>Utilizamos datos del dispositivo del cliente para localizar la p\u00e1gina de reservas autom\u00e1ticamente. No se necesita configuraci\u00f3n. <\/p>\n<\/div><\/div>\n<\/div>\n\n\n\n<div class=\"wp-block-cf-faq-item faq_item\" itemscope itemprop=\"mainEntity\" itemtype=\"https:\/\/schema.org\/Question\">\n<div class=\"wp-block-cf-faq-item-question faq_item__title\" onclick=\"$(this).siblings('.faq_item__content').slideToggle().parent().toggleClass('open')\"><div itemprop=\"name\">\n<h3 class=\"wp-block-heading\" id=\"h-what-happens-if-i-travel-to-another-time-zone\">\u00bfQu\u00e9 pasa si viajo a otra zona horaria?<\/h3>\n<\/div><\/div>\n\n\n\n<div class=\"wp-block-cf-faq-item-answer faq_item__content\" itemscope itemprop=\"acceptedAnswer\" itemtype=\"https:\/\/schema.org\/Answer\"><div itemprop=\"text\">\n<p>Tu zona predeterminada se mantiene bloqueada, a menos que la cambies manualmente en tu perfil \u2014 as\u00ed mantienes la coherencia en tu disponibilidad.<\/p>\n<\/div><\/div>\n<\/div>\n\n\n\n<div class=\"wp-block-cf-faq-item faq_item\" itemscope itemprop=\"mainEntity\" itemtype=\"https:\/\/schema.org\/Question\">\n<div class=\"wp-block-cf-faq-item-question faq_item__title\" onclick=\"$(this).siblings('.faq_item__content').slideToggle().parent().toggleClass('open')\"><div itemprop=\"name\">\n<h3 class=\"wp-block-heading\" id=\"h-can-i-lock-all-bookings-to-my-home-time-zone\">\u00bfPuedo fijar todas las reservas en mi zona de origen?<\/h3>\n<\/div><\/div>\n\n\n\n<div class=\"wp-block-cf-faq-item-answer faq_item__content\" itemscope itemprop=\"acceptedAnswer\" itemtype=\"https:\/\/schema.org\/Answer\"><div itemprop=\"text\">\n<p>S\u00ed. Puedes establecer y bloquear tu zona horaria preferida desde tu perfil o plantilla de horarios, asegurando el control sin importar d\u00f3nde est\u00e9s. <\/p>\n<\/div><\/div>\n<\/div>\n\n\n\n<div class=\"wp-block-cf-faq-item faq_item\" itemscope itemprop=\"mainEntity\" itemtype=\"https:\/\/schema.org\/Question\">\n<div class=\"wp-block-cf-faq-item-question faq_item__title\" onclick=\"$(this).siblings('.faq_item__content').slideToggle().parent().toggleClass('open')\"><div itemprop=\"name\">\n<h3 class=\"wp-block-heading\" id=\"h-will-clients-see-the-time-in-their-local-zone\">\u00bfLos clientes ver\u00e1n la hora en su zona local?<\/h3>\n<\/div><\/div>\n\n\n\n<div class=\"wp-block-cf-faq-item-answer faq_item__content\" itemscope itemprop=\"acceptedAnswer\" itemtype=\"https:\/\/schema.org\/Answer\"><div itemprop=\"text\">\n<p>Por supuesto. Siempre ver\u00e1n tu disponibilidad adaptada a su zona, confirmada nuevamente antes de reservar. <\/p>\n<\/div><\/div>\n<\/div>\n\n\n\n<div class=\"wp-block-cf-faq-item faq_item\" itemscope itemprop=\"mainEntity\" itemtype=\"https:\/\/schema.org\/Question\">\n<div class=\"wp-block-cf-faq-item-question faq_item__title\" onclick=\"$(this).siblings('.faq_item__content').slideToggle().parent().toggleClass('open')\"><div itemprop=\"name\">\n<h3 class=\"wp-block-heading\" id=\"h-is-any-app-or-account-required-to-use-this-feature\">\u00bfSe necesita alguna app o cuenta para usar esta funci\u00f3n?<\/h3>\n<\/div><\/div>\n\n\n\n<div class=\"wp-block-cf-faq-item-answer faq_item__content\" itemscope itemprop=\"acceptedAnswer\" itemtype=\"https:\/\/schema.org\/Answer\"><div itemprop=\"text\">\n<p>No. La planificaci\u00f3n de zonas horarias de Calfrenzy funciona autom\u00e1ticamente \u2014 tus clientes solo hacen clic y reservan. <\/p>\n<\/div><\/div>\n<\/div>\n<\/div><\/div>\n\n<div class=\"wp-block-cf-yellow-cta wrapper_yellow_cta\"><div class=\"yellow_cta\"><div class=\"yellow_cta__content\">\n<h2 class=\"wp-block-heading\" id=\"h-plan-meetings-with-zero-time-zone-stress\">Planifica reuniones sin estr\u00e9s por zonas horarias<\/h2>\n\n\n\n<p class=\"has-text-align-center\">Calfrenzy se encarga de toda la l\u00f3gica de horarios para que t\u00fa no tengas que hacerlo. Mant\u00e9n el profesionalismo, reduce las ausencias y facilita las reservas para todos, sin importar d\u00f3nde est\u00e9n. <\/p>\n\n\n\n<div class=\"wp-block-button\"><a class=\"wp-block-button__link wp-element-button\" href=\"https:\/\/schedule.calfrenzy.com\/auth\/sign-up\">Prueba gratis el planificador de zonas horarias<\/a><\/div>\n<\/div><\/div><\/div>\n","protected":false},"excerpt":{"rendered":"","protected":false},"author":1,"featured_media":10348,"parent":3160,"menu_order":0,"comment_status":"closed","ping_status":"closed","template":"","meta":{"inline_featured_image":false,"footnotes":""},"class_list":["post-7612","page","type-page","status-publish","has-post-thumbnail","hentry"],"yoast_head":"<!-- This site is optimized with the Yoast SEO Premium plugin v27.3 (Yoast SEO v27.3) - https:\/\/yoast.com\/product\/yoast-seo-premium-wordpress\/ -->\n<title>Planificador de reuniones por zonas horarias \u2013 Reserva entre zonas horarias<\/title>\n<meta name=\"description\" content=\"Planifica reuniones entre zonas horarias sin confusiones. Calfrenzy detecta autom\u00e1ticamente la hora local y muestra la disponibilidad precisa para cada cliente.\" \/>\n<meta name=\"robots\" content=\"index, follow, max-snippet:-1, max-image-preview:large, max-video-preview:-1\" \/>\n<link rel=\"canonical\" href=\"https:\/\/calfrenzy.com\/es\/funciones\/planificador-de-zonas-horarias-para-reuniones\/\" \/>\n<meta property=\"og:locale\" content=\"es_ES\" \/>\n<meta property=\"og:type\" content=\"article\" \/>\n<meta property=\"og:title\" content=\"Planificador de zonas horarias para reuniones\" \/>\n<meta property=\"og:description\" content=\"Planifica reuniones entre zonas horarias sin confusiones. Calfrenzy detecta autom\u00e1ticamente la hora local y muestra la disponibilidad precisa para cada cliente.\" \/>\n<meta property=\"og:url\" content=\"https:\/\/calfrenzy.com\/es\/funciones\/planificador-de-zonas-horarias-para-reuniones\/\" \/>\n<meta property=\"og:site_name\" content=\"calfrenzy\" \/>\n<meta property=\"article:publisher\" content=\"https:\/\/www.facebook.com\/calfrenzy\" \/>\n<meta property=\"article:modified_time\" content=\"2025-11-18T16:12:50+00:00\" \/>\n<meta property=\"og:image\" content=\"https:\/\/calfrenzy.com\/wp-content\/uploads\/2025\/11\/Time-Zone-Spanish.png\" \/>\n\t<meta property=\"og:image:width\" content=\"1200\" \/>\n\t<meta property=\"og:image:height\" content=\"630\" \/>\n\t<meta property=\"og:image:type\" content=\"image\/png\" \/>\n<meta name=\"twitter:card\" content=\"summary_large_image\" \/>\n<meta name=\"twitter:site\" content=\"@calfrenzy53224\" \/>\n<meta name=\"twitter:label1\" content=\"Tiempo de lectura\" \/>\n\t<meta name=\"twitter:data1\" content=\"2 minutos\" \/>\n<script type=\"application\/ld+json\" class=\"yoast-schema-graph\">{\"@context\":\"https:\\\/\\\/schema.org\",\"@graph\":[{\"@type\":\"WebPage\",\"@id\":\"https:\\\/\\\/calfrenzy.com\\\/es\\\/funciones\\\/planificador-de-zonas-horarias-para-reuniones\\\/\",\"url\":\"https:\\\/\\\/calfrenzy.com\\\/es\\\/funciones\\\/planificador-de-zonas-horarias-para-reuniones\\\/\",\"name\":\"Planificador de reuniones por zonas horarias \u2013 Reserva entre zonas horarias\",\"isPartOf\":{\"@id\":\"https:\\\/\\\/calfrenzy.com\\\/es\\\/#website\"},\"primaryImageOfPage\":{\"@id\":\"https:\\\/\\\/calfrenzy.com\\\/es\\\/funciones\\\/planificador-de-zonas-horarias-para-reuniones\\\/#primaryimage\"},\"image\":{\"@id\":\"https:\\\/\\\/calfrenzy.com\\\/es\\\/funciones\\\/planificador-de-zonas-horarias-para-reuniones\\\/#primaryimage\"},\"thumbnailUrl\":\"https:\\\/\\\/calfrenzy.com\\\/wp-content\\\/uploads\\\/2025\\\/11\\\/Time-Zone-Spanish.png\",\"datePublished\":\"2025-06-26T12:03:17+00:00\",\"dateModified\":\"2025-11-18T16:12:50+00:00\",\"description\":\"Planifica reuniones entre zonas horarias sin confusiones. Calfrenzy detecta autom\u00e1ticamente la hora local y muestra la disponibilidad precisa para cada cliente.\",\"breadcrumb\":{\"@id\":\"https:\\\/\\\/calfrenzy.com\\\/es\\\/funciones\\\/planificador-de-zonas-horarias-para-reuniones\\\/#breadcrumb\"},\"inLanguage\":\"es\",\"potentialAction\":[{\"@type\":\"ReadAction\",\"target\":[\"https:\\\/\\\/calfrenzy.com\\\/es\\\/funciones\\\/planificador-de-zonas-horarias-para-reuniones\\\/\"]}]},{\"@type\":\"ImageObject\",\"inLanguage\":\"es\",\"@id\":\"https:\\\/\\\/calfrenzy.com\\\/es\\\/funciones\\\/planificador-de-zonas-horarias-para-reuniones\\\/#primaryimage\",\"url\":\"https:\\\/\\\/calfrenzy.com\\\/wp-content\\\/uploads\\\/2025\\\/11\\\/Time-Zone-Spanish.png\",\"contentUrl\":\"https:\\\/\\\/calfrenzy.com\\\/wp-content\\\/uploads\\\/2025\\\/11\\\/Time-Zone-Spanish.png\",\"width\":1200,\"height\":630},{\"@type\":\"BreadcrumbList\",\"@id\":\"https:\\\/\\\/calfrenzy.com\\\/es\\\/funciones\\\/planificador-de-zonas-horarias-para-reuniones\\\/#breadcrumb\",\"itemListElement\":[{\"@type\":\"ListItem\",\"position\":1,\"name\":\"Home\",\"item\":\"https:\\\/\\\/calfrenzy.com\\\/es\\\/\"},{\"@type\":\"ListItem\",\"position\":2,\"name\":\"Funciones\",\"item\":\"https:\\\/\\\/calfrenzy.com\\\/es\\\/funciones\\\/\"},{\"@type\":\"ListItem\",\"position\":3,\"name\":\"Planificador de zonas horarias para reuniones\"}]},{\"@type\":\"WebSite\",\"@id\":\"https:\\\/\\\/calfrenzy.com\\\/es\\\/#website\",\"url\":\"https:\\\/\\\/calfrenzy.com\\\/es\\\/\",\"name\":\"Calfrenzy\",\"description\":\"Easy Scheduling Across Time Zones and Organizations\",\"publisher\":{\"@id\":\"https:\\\/\\\/calfrenzy.com\\\/es\\\/#organization\"},\"alternateName\":\"calfrenzy\",\"potentialAction\":[{\"@type\":\"SearchAction\",\"target\":{\"@type\":\"EntryPoint\",\"urlTemplate\":\"https:\\\/\\\/calfrenzy.com\\\/es\\\/?s={search_term_string}\"},\"query-input\":{\"@type\":\"PropertyValueSpecification\",\"valueRequired\":true,\"valueName\":\"search_term_string\"}}],\"inLanguage\":\"es\"},{\"@type\":\"Organization\",\"@id\":\"https:\\\/\\\/calfrenzy.com\\\/es\\\/#organization\",\"name\":\"Calfrenzy\",\"alternateName\":\"calfrenzy\",\"url\":\"https:\\\/\\\/calfrenzy.com\\\/es\\\/\",\"logo\":{\"@type\":\"ImageObject\",\"inLanguage\":\"es\",\"@id\":\"https:\\\/\\\/calfrenzy.com\\\/es\\\/#\\\/schema\\\/logo\\\/image\\\/\",\"url\":\"https:\\\/\\\/calfrenzy.com\\\/wp-content\\\/uploads\\\/2024\\\/06\\\/float_6_1.svg\",\"contentUrl\":\"https:\\\/\\\/calfrenzy.com\\\/wp-content\\\/uploads\\\/2024\\\/06\\\/float_6_1.svg\",\"width\":47,\"height\":50,\"caption\":\"Calfrenzy\"},\"image\":{\"@id\":\"https:\\\/\\\/calfrenzy.com\\\/es\\\/#\\\/schema\\\/logo\\\/image\\\/\"},\"sameAs\":[\"https:\\\/\\\/www.facebook.com\\\/calfrenzy\",\"https:\\\/\\\/x.com\\\/calfrenzy53224\",\"https:\\\/\\\/www.youtube.com\\\/@Calfrenzy\",\"https:\\\/\\\/www.linkedin.com\\\/company\\\/calfrenzy\",\"https:\\\/\\\/www.capterra.com\\\/p\\\/10020993\\\/CalFrenzy\\\/\",\"https:\\\/\\\/chromewebstore.google.com\\\/detail\\\/calfrenzy-free-online-app\\\/igmlifilbgnlaijamohaakgoacoeoidk?hl=en\",\"https:\\\/\\\/workspace.google.com\\\/marketplace\\\/app\\\/calfrenzy\\\/369573383535\",\"https:\\\/\\\/www.trustpilot.com\\\/review\\\/calfrenzy.com\",\"https:\\\/\\\/www.g2.com\\\/products\\\/calfrenzy\\\/reviews\"]}]}<\/script>\n<!-- \/ Yoast SEO Premium plugin. -->","yoast_head_json":{"title":"Planificador de reuniones por zonas horarias \u2013 Reserva entre zonas horarias","description":"Planifica reuniones entre zonas horarias sin confusiones. Calfrenzy detecta autom\u00e1ticamente la hora local y muestra la disponibilidad precisa para cada cliente.","robots":{"index":"index","follow":"follow","max-snippet":"max-snippet:-1","max-image-preview":"max-image-preview:large","max-video-preview":"max-video-preview:-1"},"canonical":"https:\/\/calfrenzy.com\/es\/funciones\/planificador-de-zonas-horarias-para-reuniones\/","og_locale":"es_ES","og_type":"article","og_title":"Planificador de zonas horarias para reuniones","og_description":"Planifica reuniones entre zonas horarias sin confusiones. Calfrenzy detecta autom\u00e1ticamente la hora local y muestra la disponibilidad precisa para cada cliente.","og_url":"https:\/\/calfrenzy.com\/es\/funciones\/planificador-de-zonas-horarias-para-reuniones\/","og_site_name":"calfrenzy","article_publisher":"https:\/\/www.facebook.com\/calfrenzy","article_modified_time":"2025-11-18T16:12:50+00:00","og_image":[{"width":1200,"height":630,"url":"https:\/\/calfrenzy.com\/wp-content\/uploads\/2025\/11\/Time-Zone-Spanish.png","type":"image\/png"}],"twitter_card":"summary_large_image","twitter_site":"@calfrenzy53224","twitter_misc":{"Tiempo de lectura":"2 minutos"},"schema":{"@context":"https:\/\/schema.org","@graph":[{"@type":"WebPage","@id":"https:\/\/calfrenzy.com\/es\/funciones\/planificador-de-zonas-horarias-para-reuniones\/","url":"https:\/\/calfrenzy.com\/es\/funciones\/planificador-de-zonas-horarias-para-reuniones\/","name":"Planificador de reuniones por zonas horarias \u2013 Reserva entre zonas horarias","isPartOf":{"@id":"https:\/\/calfrenzy.com\/es\/#website"},"primaryImageOfPage":{"@id":"https:\/\/calfrenzy.com\/es\/funciones\/planificador-de-zonas-horarias-para-reuniones\/#primaryimage"},"image":{"@id":"https:\/\/calfrenzy.com\/es\/funciones\/planificador-de-zonas-horarias-para-reuniones\/#primaryimage"},"thumbnailUrl":"https:\/\/calfrenzy.com\/wp-content\/uploads\/2025\/11\/Time-Zone-Spanish.png","datePublished":"2025-06-26T12:03:17+00:00","dateModified":"2025-11-18T16:12:50+00:00","description":"Planifica reuniones entre zonas horarias sin confusiones. Calfrenzy detecta autom\u00e1ticamente la hora local y muestra la disponibilidad precisa para cada cliente.","breadcrumb":{"@id":"https:\/\/calfrenzy.com\/es\/funciones\/planificador-de-zonas-horarias-para-reuniones\/#breadcrumb"},"inLanguage":"es","potentialAction":[{"@type":"ReadAction","target":["https:\/\/calfrenzy.com\/es\/funciones\/planificador-de-zonas-horarias-para-reuniones\/"]}]},{"@type":"ImageObject","inLanguage":"es","@id":"https:\/\/calfrenzy.com\/es\/funciones\/planificador-de-zonas-horarias-para-reuniones\/#primaryimage","url":"https:\/\/calfrenzy.com\/wp-content\/uploads\/2025\/11\/Time-Zone-Spanish.png","contentUrl":"https:\/\/calfrenzy.com\/wp-content\/uploads\/2025\/11\/Time-Zone-Spanish.png","width":1200,"height":630},{"@type":"BreadcrumbList","@id":"https:\/\/calfrenzy.com\/es\/funciones\/planificador-de-zonas-horarias-para-reuniones\/#breadcrumb","itemListElement":[{"@type":"ListItem","position":1,"name":"Home","item":"https:\/\/calfrenzy.com\/es\/"},{"@type":"ListItem","position":2,"name":"Funciones","item":"https:\/\/calfrenzy.com\/es\/funciones\/"},{"@type":"ListItem","position":3,"name":"Planificador de zonas horarias para reuniones"}]},{"@type":"WebSite","@id":"https:\/\/calfrenzy.com\/es\/#website","url":"https:\/\/calfrenzy.com\/es\/","name":"Calfrenzy","description":"Easy Scheduling Across Time Zones and Organizations","publisher":{"@id":"https:\/\/calfrenzy.com\/es\/#organization"},"alternateName":"calfrenzy","potentialAction":[{"@type":"SearchAction","target":{"@type":"EntryPoint","urlTemplate":"https:\/\/calfrenzy.com\/es\/?s={search_term_string}"},"query-input":{"@type":"PropertyValueSpecification","valueRequired":true,"valueName":"search_term_string"}}],"inLanguage":"es"},{"@type":"Organization","@id":"https:\/\/calfrenzy.com\/es\/#organization","name":"Calfrenzy","alternateName":"calfrenzy","url":"https:\/\/calfrenzy.com\/es\/","logo":{"@type":"ImageObject","inLanguage":"es","@id":"https:\/\/calfrenzy.com\/es\/#\/schema\/logo\/image\/","url":"https:\/\/calfrenzy.com\/wp-content\/uploads\/2024\/06\/float_6_1.svg","contentUrl":"https:\/\/calfrenzy.com\/wp-content\/uploads\/2024\/06\/float_6_1.svg","width":47,"height":50,"caption":"Calfrenzy"},"image":{"@id":"https:\/\/calfrenzy.com\/es\/#\/schema\/logo\/image\/"},"sameAs":["https:\/\/www.facebook.com\/calfrenzy","https:\/\/x.com\/calfrenzy53224","https:\/\/www.youtube.com\/@Calfrenzy","https:\/\/www.linkedin.com\/company\/calfrenzy","https:\/\/www.capterra.com\/p\/10020993\/CalFrenzy\/","https:\/\/chromewebstore.google.com\/detail\/calfrenzy-free-online-app\/igmlifilbgnlaijamohaakgoacoeoidk?hl=en","https:\/\/workspace.google.com\/marketplace\/app\/calfrenzy\/369573383535","https:\/\/www.trustpilot.com\/review\/calfrenzy.com","https:\/\/www.g2.com\/products\/calfrenzy\/reviews"]}]}},"_links":{"self":[{"href":"https:\/\/calfrenzy.com\/es\/wp-json\/wp\/v2\/pages\/7612","targetHints":{"allow":["GET"]}}],"collection":[{"href":"https:\/\/calfrenzy.com\/es\/wp-json\/wp\/v2\/pages"}],"about":[{"href":"https:\/\/calfrenzy.com\/es\/wp-json\/wp\/v2\/types\/page"}],"author":[{"embeddable":true,"href":"https:\/\/calfrenzy.com\/es\/wp-json\/wp\/v2\/users\/1"}],"replies":[{"embeddable":true,"href":"https:\/\/calfrenzy.com\/es\/wp-json\/wp\/v2\/comments?post=7612"}],"version-history":[{"count":5,"href":"https:\/\/calfrenzy.com\/es\/wp-json\/wp\/v2\/pages\/7612\/revisions"}],"predecessor-version":[{"id":10599,"href":"https:\/\/calfrenzy.com\/es\/wp-json\/wp\/v2\/pages\/7612\/revisions\/10599"}],"up":[{"embeddable":true,"href":"https:\/\/calfrenzy.com\/es\/wp-json\/wp\/v2\/pages\/3160"}],"wp:featuredmedia":[{"embeddable":true,"href":"https:\/\/calfrenzy.com\/es\/wp-json\/wp\/v2\/media\/10348"}],"wp:attachment":[{"href":"https:\/\/calfrenzy.com\/es\/wp-json\/wp\/v2\/media?parent=7612"}],"curies":[{"name":"wp","href":"https:\/\/api.w.org\/{rel}","templated":true}]}}