{"id":7706,"date":"2025-06-26T11:33:41","date_gmt":"2025-06-26T11:33:41","guid":{"rendered":"https:\/\/calfrenzy.com\/?page_id=7706"},"modified":"2025-11-28T12:19:11","modified_gmt":"2025-11-28T12:19:11","slug":"aceptar-pagos","status":"publish","type":"page","link":"https:\/\/calfrenzy.com\/es\/funciones\/aceptar-pagos\/","title":{"rendered":"Aceptar pagos"},"content":{"rendered":"\n<div class=\"wp-block-cf-features-banner wrapper_features_banner\"><div class=\"features_banner\">\n<div class=\"features_banner__content\">\n<h1 class=\"wp-block-heading\" id=\"h-get-paid-when-clients-book-online\">Recibe <mark style=\"background-color:rgba(0, 0, 0, 0)\" class=\"has-inline-color has-base-green-right-color\">pagos<\/mark> cuando los clientes <mark style=\"background-color:rgba(0, 0, 0, 0)\" class=\"has-inline-color has-primary-yellow-color\">reserven<\/mark> <mark style=\"background-color:rgba(0, 0, 0, 0)\" class=\"has-inline-color has-base-green-left-color\">online<\/mark><\/h1>\n\n\n\n<p>Convierte tus reservas en ingresos con la integraci\u00f3n de pagos. Calfrenzy te facilita cobrar por tu tiempo, servicios o sesiones \u2014 sin seguimientos ni herramientas adicionales. <\/p>\n\n\n\n<div class=\"wp-block-button\"><a class=\"wp-block-button__link wp-element-button\" href=\"https:\/\/schedule.calfrenzy.com\/auth\/sign-up\">Empieza a aceptar pagos<\/a><\/div>\n<\/div>\n\n\n\n<div class=\"features_banner__image\">\n<figure class=\"wp-block-image size-full take_payments\"><img decoding=\"async\" src=\"https:\/\/calfrenzy.com\/wp-content\/uploads\/2025\/08\/take_payments_banner-2-Spanish.png\" alt=\"Recibe pagos cuando los clientes reserven online &#x2014; Calfrenzy admite Google Pay, Apple Pay y pagos seguros con tarjeta.\" class=\"wp-image-7602\"\/><\/figure>\n<\/div>\n<\/div><\/div>\n\n<div class=\"wp-block-cf-video wrapper_video_block\"><div class=\"video_block\">\n<h2 class=\"wp-block-heading has-text-align-center\" id=\"h-see-it-in-action\">Desc\u00fabrelo en acci\u00f3n<\/h2>\n\n\n\n<p class=\"has-text-align-center\">Mira c\u00f3mo Calfrenzy simplifica el proceso de pago. En este breve video, ver\u00e1s c\u00f3mo se integra perfectamente el pago en el flujo de reservas \u2014 brindando claridad a tus clientes y tranquilidad a ti. <\/p>\n\n\n\n<figure class=\"wp-block-embed is-type-video is-provider-youtube wp-block-embed-youtube\"><div class=\"wp-block-embed__wrapper\">\n<iframe title=\"How to Get Paid for Your Bookings with Calfrenzy | Payments Tutorial\" width=\"500\" height=\"281\" src=\"https:\/\/www.youtube.com\/embed\/70nFYRx6c-A?feature=oembed\" frameborder=\"0\" allow=\"accelerometer; autoplay; clipboard-write; encrypted-media; gyroscope; picture-in-picture; web-share\" referrerpolicy=\"strict-origin-when-cross-origin\" allowfullscreen><\/iframe>\n<\/div><\/figure>\n<\/div><\/div>\n\n<div class=\"wp-block-cf-green-section-block wrapper_green_section_block\"><div class=\"green_section_block\">\n<h2 class=\"wp-block-heading has-text-align-center\">Por qu\u00e9 cobrar a trav\u00e9s de Calfrenzy<\/h2>\n\n\n\n<p class=\"has-text-align-center\">Con modelos de precios flexibles y pagos seguros a trav\u00e9s de Stripe, Calfrenzy te ayuda a cobrar por adelantado \u2014 para que dejes de perseguir facturas y te enfoques en tu trabajo.<\/p>\n\n\n\n<ul class=\"wp-block-list\">\n<li>Acepta tarjetas de cr\u00e9dito\/d\u00e9bito, Apple Pay y Google Pay<\/li>\n\n\n\n<li>Compatible con todas las principales monedas<\/li>\n\n\n\n<li>Activa pagos por evento, por hora o por asistente<\/li>\n\n\n\n<li>Muestra precios claros antes de que los clientes reserven<\/li>\n<\/ul>\n<\/div><\/div>\n\n<div class=\"wp-block-cf-perfect-workflow wrapper_perfect_workflow no_bg\"><div class=\"perfect_workflow\">\n<h2 class=\"wp-block-heading has-text-align-center\" id=\"h-payment-built-into-your-booking-page\">Pago integrado en tu p\u00e1gina de reservas<\/h2>\n\n\n\n<div class=\"wp-block-cf-perfect-workflow-items perfect_workflow__items perfect_workflow__items--three\">\n<div class=\"wp-block-cf-perfect-workflow-item perfect_workflow_item\">\n<figure class=\"wp-block-image alignleft size-full\"><img decoding=\"async\" width=\"96\" height=\"96\" src=\"https:\/\/calfrenzy.com\/wp-content\/uploads\/2025\/06\/Enable-Per-Page-Payments.png\" alt=\"Pagos por p&#xE1;gina\" class=\"wp-image-7578\"\/><\/figure>\n\n\n\n<h3 class=\"wp-block-heading\" id=\"h-enable-per-page-payments\">Pagos por p\u00e1gina<\/h3>\n\n\n\n<ul class=\"wp-block-list\">\n<li>Decide qu\u00e9 eventos requieren pago<\/li>\n\n\n\n<li>Muestra el precio en tu p\u00e1gina de reservas p\u00fablica<\/li>\n<\/ul>\n<\/div>\n\n\n\n<div class=\"wp-block-cf-perfect-workflow-item perfect_workflow_item\">\n<figure class=\"wp-block-image alignleft size-full\"><img decoding=\"async\" width=\"96\" height=\"96\" src=\"https:\/\/calfrenzy.com\/wp-content\/uploads\/2025\/06\/Choose-Pricing-Model.png\" alt=\"Elige un modelo de precios\" class=\"wp-image-7577\"\/><\/figure>\n\n\n\n<h3 class=\"wp-block-heading\" id=\"h-choose-a-pricing-model\">Elige un modelo de precios<\/h3>\n\n\n\n<ul class=\"wp-block-list\">\n<li>Tarifa fija, por hora o por asistente<\/li>\n\n\n\n<li>C\u00e1lculo autom\u00e1tico del total en tiempo real<\/li>\n<\/ul>\n<\/div>\n\n\n\n<div class=\"wp-block-cf-perfect-workflow-item perfect_workflow_item\">\n<figure class=\"wp-block-image alignleft size-full is-resized\"><img decoding=\"async\" width=\"96\" height=\"96\" src=\"https:\/\/calfrenzy.com\/wp-content\/uploads\/2025\/06\/Global-Currency-Support.png\" alt=\"Soporte global de divisas\" class=\"wp-image-7579\" style=\"width:32px;height:auto\"\/><\/figure>\n\n\n\n<h3 class=\"wp-block-heading\" id=\"h-global-currency-support\">Soporte global de divisas<\/h3>\n\n\n\n<ul class=\"wp-block-list\">\n<li>Cobra a los clientes en su moneda local<\/li>\n\n\n\n<li>Stripe garantiza el cumplimiento de las normativas locales<\/li>\n<\/ul>\n<\/div>\n<\/div>\n<\/div><\/div>\n\n<div class=\"wp-block-cf-example-pricing wrapper_example_pricing\"><div class=\"example_pricing\">\n<div class=\"wp-block-cf-example-pricing-content example_pricing__content\">\n<h2 class=\"wp-block-heading\">Precios transparentes para tus clientes<\/h2>\n\n\n\n<p>En cuanto el cliente elige un horario, ver\u00e1 claramente el precio total \u2014 sin sorpresas.<\/p>\n<\/div>\n\n\n\n<div class=\"wp-block-cf-example-pricing-table example_pricing__table\">\n<h3 class=\"wp-block-heading\">Ejemplos<\/h3>\n\n\n\n<figure class=\"wp-block-table\"><table class=\"has-fixed-layout\"><thead><tr><th scope=\"col\">Fijo:<\/th><th scope=\"col\">Por hora:<\/th><th scope=\"col\">Por asistente:<\/th><\/tr><\/thead><tbody><tr><td>$50 tarifa plana<\/td><td>$75\/h \u00d7 1.5 horas = $112.50<\/td><td>$20 \u00d7 3 invitados = $60<\/td><\/tr><\/tbody><\/table><\/figure>\n<\/div>\n<\/div><\/div>\n\n<div class=\"wp-block-cf-feature-yellow-cta wrapper_feature_yellow_cta\"><div class=\"feature_yellow_cta\">\n<div class=\"wp-block-cf-feature-yellow-cta-content feature_yellow_cta__content\">\n<h2 class=\"wp-block-heading\" id=\"h-perfect-for-professionals-who-charge-for-time\">Perfecto para profesionales que cobran por su tiempo<\/h2>\n\n\n\n<ul class=\"wp-block-list\">\n<li><strong>Coaches y consultores<\/strong> que ofrecen sesiones pagadas<\/li>\n\n\n\n<li><strong>Freelancers<\/strong> que venden paquetes por hora<\/li>\n\n\n\n<li><strong>Organizadores de eventos<\/strong> que venden plazas grupales<\/li>\n\n\n\n<li><strong>Equipos<\/strong> que cobran por llamadas de onboarding o sesiones exploratorias<\/li>\n<\/ul>\n<\/div>\n\n\n\n<div class=\"wp-block-cf-feature-yellow-cta-image feature_yellow_cta__image\">\n<figure class=\"wp-block-image size-large\"><img decoding=\"async\" src=\"https:\/\/calfrenzy.com\/wp-content\/uploads\/2025\/09\/featured_image_cta_phone-Spanish.png\" alt=\"Smartphone mostrando una pantalla de confirmaci&#xF3;n de reserva con el logotipo de Calfrenzy, destacando la compatibilidad con dispositivos m&#xF3;viles.\" class=\"wp-image-7599\"\/><\/figure>\n<\/div>\n<\/div><\/div>\n\n<div class=\"wp-block-cf-faq wrapper_faq\" itemscope itemtype=\"https:\/\/schema.org\/FAQPage\"><div class=\"faq\">\n<h2 class=\"wp-block-heading has-text-align-center\" id=\"h-frequently-asked-questions\">Preguntas Frecuentes<\/h2>\n\n\n\n<div class=\"wp-block-cf-faq-item faq_item\" itemscope itemprop=\"mainEntity\" itemtype=\"https:\/\/schema.org\/Question\">\n<div class=\"wp-block-cf-faq-item-question faq_item__title\" onclick=\"$(this).siblings('.faq_item__content').slideToggle().parent().toggleClass('open')\"><div itemprop=\"name\">\n<h3 class=\"wp-block-heading\" id=\"h-can-i-require-payment-when-a-client-books\">\u00bfPuedo exigir el pago cuando un cliente reserva?<\/h3>\n<\/div><\/div>\n\n\n\n<div class=\"wp-block-cf-faq-item-answer faq_item__content\" itemscope itemprop=\"acceptedAnswer\" itemtype=\"https:\/\/schema.org\/Answer\"><div itemprop=\"text\">\n<p>S\u00ed. A\u00f1ade requisitos de pago a cualquier p\u00e1gina de reservas \u2014 los clientes deben pagar antes de confirmar. <\/p>\n<\/div><\/div>\n<\/div>\n\n\n\n<div class=\"wp-block-cf-faq-item faq_item\" itemscope itemprop=\"mainEntity\" itemtype=\"https:\/\/schema.org\/Question\">\n<div class=\"wp-block-cf-faq-item-question faq_item__title\" onclick=\"$(this).siblings('.faq_item__content').slideToggle().parent().toggleClass('open')\"><div itemprop=\"name\">\n<h3 class=\"wp-block-heading\" id=\"h-what-payment-methods-can-clients-use\">\u00bfQu\u00e9 m\u00e9todos de pago pueden usar los clientes?<\/h3>\n<\/div><\/div>\n\n\n\n<div class=\"wp-block-cf-faq-item-answer faq_item__content\" itemscope itemprop=\"acceptedAnswer\" itemtype=\"https:\/\/schema.org\/Answer\"><div itemprop=\"text\">\n<p>Stripe admite tarjetas de cr\u00e9dito\/d\u00e9bito, Apple Pay y Google Pay, seg\u00fan tu ubicaci\u00f3n y configuraci\u00f3n.<\/p>\n<\/div><\/div>\n<\/div>\n\n\n\n<div class=\"wp-block-cf-faq-item faq_item\" itemscope itemprop=\"mainEntity\" itemtype=\"https:\/\/schema.org\/Question\">\n<div class=\"wp-block-cf-faq-item-question faq_item__title\" onclick=\"$(this).siblings('.faq_item__content').slideToggle().parent().toggleClass('open')\"><div itemprop=\"name\">\n<h3 class=\"wp-block-heading\" id=\"h-can-i-accept-partial-payments-or-deposits\">\u00bfPuedo aceptar pagos parciales o anticipos?<\/h3>\n<\/div><\/div>\n\n\n\n<div class=\"wp-block-cf-faq-item-answer faq_item__content\" itemscope itemprop=\"acceptedAnswer\" itemtype=\"https:\/\/schema.org\/Answer\"><div itemprop=\"text\">\n<p>Puedes simular anticipos ofreciendo franjas horarias m\u00e1s cortas o con descuento \u2014 ideal para sesiones de prueba o compromisos bajos.<\/p>\n<\/div><\/div>\n<\/div>\n\n\n\n<div class=\"wp-block-cf-faq-item faq_item\" itemscope itemprop=\"mainEntity\" itemtype=\"https:\/\/schema.org\/Question\">\n<div class=\"wp-block-cf-faq-item-question faq_item__title\" onclick=\"$(this).siblings('.faq_item__content').slideToggle().parent().toggleClass('open')\"><div itemprop=\"name\">\n<h3 class=\"wp-block-heading\" id=\"h-are-payments-secure\">\u00bfLos pagos son seguros?<\/h3>\n<\/div><\/div>\n\n\n\n<div class=\"wp-block-cf-faq-item-answer faq_item__content\" itemscope itemprop=\"acceptedAnswer\" itemtype=\"https:\/\/schema.org\/Answer\"><div itemprop=\"text\">\n<p>S\u00ed. Calfrenzy utiliza el sistema de Stripe con cumplimiento PCI, cifrado completo y protecci\u00f3n contra fraudes. <\/p>\n<\/div><\/div>\n<\/div>\n\n\n\n<div class=\"wp-block-cf-faq-item faq_item\" itemscope itemprop=\"mainEntity\" itemtype=\"https:\/\/schema.org\/Question\">\n<div class=\"wp-block-cf-faq-item-question faq_item__title\" onclick=\"$(this).siblings('.faq_item__content').slideToggle().parent().toggleClass('open')\"><div itemprop=\"name\">\n<h3 class=\"wp-block-heading\" id=\"h-who-can-manage-payment-settings\">\u00bfQui\u00e9n puede gestionar la configuraci\u00f3n de pagos?<\/h3>\n<\/div><\/div>\n\n\n\n<div class=\"wp-block-cf-faq-item-answer faq_item__content\" itemscope itemprop=\"acceptedAnswer\" itemtype=\"https:\/\/schema.org\/Answer\"><div itemprop=\"text\">\n<p>Solo los propietarios de la organizaci\u00f3n y los administradores pueden acceder a la configuraci\u00f3n de pagos y Stripe.<\/p>\n<\/div><\/div>\n<\/div>\n<\/div><\/div>\n\n<div class=\"wp-block-cf-yellow-cta wrapper_yellow_cta\"><div class=\"yellow_cta\"><div class=\"yellow_cta__content\">\n<h2 class=\"wp-block-heading\" id=\"h-get-paid-automatically-with-calfrenzy\">Recibe pagos autom\u00e1ticamente con Calfrenzy<\/h2>\n\n\n\n<p class=\"has-text-align-center\">Olv\u00eddate de los enlaces de pago o los correos de seguimiento. <br\/>Empieza a cobrar cuando los clientes reserven con Calfrenzy.<\/p>\n\n\n\n<div class=\"wp-block-button\"><a class=\"wp-block-button__link wp-element-button\" href=\"https:\/\/schedule.calfrenzy.com\/auth\/sign-up\">Empieza gratis \u2013 Acepta pagos al instante<\/a><\/div>\n<\/div><\/div><\/div>\n","protected":false},"excerpt":{"rendered":"","protected":false},"author":1,"featured_media":10361,"parent":3160,"menu_order":0,"comment_status":"closed","ping_status":"closed","template":"","meta":{"inline_featured_image":false,"footnotes":""},"class_list":["post-7706","page","type-page","status-publish","has-post-thumbnail","hentry"],"yoast_head":"<!-- This site is optimized with the Yoast SEO Premium plugin v27.3 (Yoast SEO v27.3) - https:\/\/yoast.com\/product\/yoast-seo-premium-wordpress\/ -->\n<title>Integraci\u00f3n de pagos para reservas online | Calfrenzy<\/title>\n<meta name=\"description\" content=\"Conecta f\u00e1cilmente integraciones de pago con Calfrenzy. Cobra a tus clientes en el momento de la reserva. Sin herramientas extra.\" \/>\n<meta name=\"robots\" content=\"index, follow, max-snippet:-1, max-image-preview:large, max-video-preview:-1\" \/>\n<link rel=\"canonical\" href=\"https:\/\/calfrenzy.com\/es\/funciones\/aceptar-pagos\/\" \/>\n<meta property=\"og:locale\" content=\"es_ES\" \/>\n<meta property=\"og:type\" content=\"article\" \/>\n<meta property=\"og:title\" content=\"Aceptar pagos\" \/>\n<meta property=\"og:description\" content=\"Conecta f\u00e1cilmente integraciones de pago con Calfrenzy. Cobra a tus clientes en el momento de la reserva. Sin herramientas extra.\" \/>\n<meta property=\"og:url\" content=\"https:\/\/calfrenzy.com\/es\/funciones\/aceptar-pagos\/\" \/>\n<meta property=\"og:site_name\" content=\"calfrenzy\" \/>\n<meta property=\"article:publisher\" content=\"https:\/\/www.facebook.com\/calfrenzy\" \/>\n<meta property=\"article:modified_time\" content=\"2025-11-28T12:19:11+00:00\" \/>\n<meta property=\"og:image\" content=\"https:\/\/calfrenzy.com\/wp-content\/uploads\/2025\/11\/Take-Payments-Spanish.png\" \/>\n\t<meta property=\"og:image:width\" content=\"1200\" \/>\n\t<meta property=\"og:image:height\" content=\"630\" \/>\n\t<meta property=\"og:image:type\" content=\"image\/png\" \/>\n<meta name=\"twitter:card\" content=\"summary_large_image\" \/>\n<meta name=\"twitter:site\" content=\"@calfrenzy53224\" \/>\n<meta name=\"twitter:label1\" content=\"Tiempo de lectura\" \/>\n\t<meta name=\"twitter:data1\" content=\"2 minutos\" \/>\n<script type=\"application\/ld+json\" class=\"yoast-schema-graph\">{\"@context\":\"https:\\\/\\\/schema.org\",\"@graph\":[{\"@type\":\"WebPage\",\"@id\":\"https:\\\/\\\/calfrenzy.com\\\/es\\\/funciones\\\/aceptar-pagos\\\/\",\"url\":\"https:\\\/\\\/calfrenzy.com\\\/es\\\/funciones\\\/aceptar-pagos\\\/\",\"name\":\"Integraci\u00f3n de pagos para reservas online | Calfrenzy\",\"isPartOf\":{\"@id\":\"https:\\\/\\\/calfrenzy.com\\\/es\\\/#website\"},\"primaryImageOfPage\":{\"@id\":\"https:\\\/\\\/calfrenzy.com\\\/es\\\/funciones\\\/aceptar-pagos\\\/#primaryimage\"},\"image\":{\"@id\":\"https:\\\/\\\/calfrenzy.com\\\/es\\\/funciones\\\/aceptar-pagos\\\/#primaryimage\"},\"thumbnailUrl\":\"https:\\\/\\\/calfrenzy.com\\\/wp-content\\\/uploads\\\/2025\\\/11\\\/Take-Payments-Spanish.png\",\"datePublished\":\"2025-06-26T11:33:41+00:00\",\"dateModified\":\"2025-11-28T12:19:11+00:00\",\"description\":\"Conecta f\u00e1cilmente integraciones de pago con Calfrenzy. Cobra a tus clientes en el momento de la reserva. Sin herramientas extra.\",\"breadcrumb\":{\"@id\":\"https:\\\/\\\/calfrenzy.com\\\/es\\\/funciones\\\/aceptar-pagos\\\/#breadcrumb\"},\"inLanguage\":\"es\",\"potentialAction\":[{\"@type\":\"ReadAction\",\"target\":[\"https:\\\/\\\/calfrenzy.com\\\/es\\\/funciones\\\/aceptar-pagos\\\/\"]}]},{\"@type\":\"ImageObject\",\"inLanguage\":\"es\",\"@id\":\"https:\\\/\\\/calfrenzy.com\\\/es\\\/funciones\\\/aceptar-pagos\\\/#primaryimage\",\"url\":\"https:\\\/\\\/calfrenzy.com\\\/wp-content\\\/uploads\\\/2025\\\/11\\\/Take-Payments-Spanish.png\",\"contentUrl\":\"https:\\\/\\\/calfrenzy.com\\\/wp-content\\\/uploads\\\/2025\\\/11\\\/Take-Payments-Spanish.png\",\"width\":1200,\"height\":630},{\"@type\":\"BreadcrumbList\",\"@id\":\"https:\\\/\\\/calfrenzy.com\\\/es\\\/funciones\\\/aceptar-pagos\\\/#breadcrumb\",\"itemListElement\":[{\"@type\":\"ListItem\",\"position\":1,\"name\":\"Home\",\"item\":\"https:\\\/\\\/calfrenzy.com\\\/es\\\/\"},{\"@type\":\"ListItem\",\"position\":2,\"name\":\"Funciones\",\"item\":\"https:\\\/\\\/calfrenzy.com\\\/es\\\/funciones\\\/\"},{\"@type\":\"ListItem\",\"position\":3,\"name\":\"Aceptar pagos\"}]},{\"@type\":\"WebSite\",\"@id\":\"https:\\\/\\\/calfrenzy.com\\\/es\\\/#website\",\"url\":\"https:\\\/\\\/calfrenzy.com\\\/es\\\/\",\"name\":\"Calfrenzy\",\"description\":\"Easy Scheduling Across Time Zones and Organizations\",\"publisher\":{\"@id\":\"https:\\\/\\\/calfrenzy.com\\\/es\\\/#organization\"},\"alternateName\":\"calfrenzy\",\"potentialAction\":[{\"@type\":\"SearchAction\",\"target\":{\"@type\":\"EntryPoint\",\"urlTemplate\":\"https:\\\/\\\/calfrenzy.com\\\/es\\\/?s={search_term_string}\"},\"query-input\":{\"@type\":\"PropertyValueSpecification\",\"valueRequired\":true,\"valueName\":\"search_term_string\"}}],\"inLanguage\":\"es\"},{\"@type\":\"Organization\",\"@id\":\"https:\\\/\\\/calfrenzy.com\\\/es\\\/#organization\",\"name\":\"Calfrenzy\",\"alternateName\":\"calfrenzy\",\"url\":\"https:\\\/\\\/calfrenzy.com\\\/es\\\/\",\"logo\":{\"@type\":\"ImageObject\",\"inLanguage\":\"es\",\"@id\":\"https:\\\/\\\/calfrenzy.com\\\/es\\\/#\\\/schema\\\/logo\\\/image\\\/\",\"url\":\"https:\\\/\\\/calfrenzy.com\\\/wp-content\\\/uploads\\\/2024\\\/06\\\/float_6_1.svg\",\"contentUrl\":\"https:\\\/\\\/calfrenzy.com\\\/wp-content\\\/uploads\\\/2024\\\/06\\\/float_6_1.svg\",\"width\":47,\"height\":50,\"caption\":\"Calfrenzy\"},\"image\":{\"@id\":\"https:\\\/\\\/calfrenzy.com\\\/es\\\/#\\\/schema\\\/logo\\\/image\\\/\"},\"sameAs\":[\"https:\\\/\\\/www.facebook.com\\\/calfrenzy\",\"https:\\\/\\\/x.com\\\/calfrenzy53224\",\"https:\\\/\\\/www.youtube.com\\\/@Calfrenzy\",\"https:\\\/\\\/www.linkedin.com\\\/company\\\/calfrenzy\",\"https:\\\/\\\/www.capterra.com\\\/p\\\/10020993\\\/CalFrenzy\\\/\",\"https:\\\/\\\/chromewebstore.google.com\\\/detail\\\/calfrenzy-free-online-app\\\/igmlifilbgnlaijamohaakgoacoeoidk?hl=en\",\"https:\\\/\\\/workspace.google.com\\\/marketplace\\\/app\\\/calfrenzy\\\/369573383535\",\"https:\\\/\\\/www.trustpilot.com\\\/review\\\/calfrenzy.com\",\"https:\\\/\\\/www.g2.com\\\/products\\\/calfrenzy\\\/reviews\"]}]}<\/script>\n<!-- \/ Yoast SEO Premium plugin. -->","yoast_head_json":{"title":"Integraci\u00f3n de pagos para reservas online | Calfrenzy","description":"Conecta f\u00e1cilmente integraciones de pago con Calfrenzy. Cobra a tus clientes en el momento de la reserva. Sin herramientas extra.","robots":{"index":"index","follow":"follow","max-snippet":"max-snippet:-1","max-image-preview":"max-image-preview:large","max-video-preview":"max-video-preview:-1"},"canonical":"https:\/\/calfrenzy.com\/es\/funciones\/aceptar-pagos\/","og_locale":"es_ES","og_type":"article","og_title":"Aceptar pagos","og_description":"Conecta f\u00e1cilmente integraciones de pago con Calfrenzy. Cobra a tus clientes en el momento de la reserva. Sin herramientas extra.","og_url":"https:\/\/calfrenzy.com\/es\/funciones\/aceptar-pagos\/","og_site_name":"calfrenzy","article_publisher":"https:\/\/www.facebook.com\/calfrenzy","article_modified_time":"2025-11-28T12:19:11+00:00","og_image":[{"width":1200,"height":630,"url":"https:\/\/calfrenzy.com\/wp-content\/uploads\/2025\/11\/Take-Payments-Spanish.png","type":"image\/png"}],"twitter_card":"summary_large_image","twitter_site":"@calfrenzy53224","twitter_misc":{"Tiempo de lectura":"2 minutos"},"schema":{"@context":"https:\/\/schema.org","@graph":[{"@type":"WebPage","@id":"https:\/\/calfrenzy.com\/es\/funciones\/aceptar-pagos\/","url":"https:\/\/calfrenzy.com\/es\/funciones\/aceptar-pagos\/","name":"Integraci\u00f3n de pagos para reservas online | Calfrenzy","isPartOf":{"@id":"https:\/\/calfrenzy.com\/es\/#website"},"primaryImageOfPage":{"@id":"https:\/\/calfrenzy.com\/es\/funciones\/aceptar-pagos\/#primaryimage"},"image":{"@id":"https:\/\/calfrenzy.com\/es\/funciones\/aceptar-pagos\/#primaryimage"},"thumbnailUrl":"https:\/\/calfrenzy.com\/wp-content\/uploads\/2025\/11\/Take-Payments-Spanish.png","datePublished":"2025-06-26T11:33:41+00:00","dateModified":"2025-11-28T12:19:11+00:00","description":"Conecta f\u00e1cilmente integraciones de pago con Calfrenzy. Cobra a tus clientes en el momento de la reserva. Sin herramientas extra.","breadcrumb":{"@id":"https:\/\/calfrenzy.com\/es\/funciones\/aceptar-pagos\/#breadcrumb"},"inLanguage":"es","potentialAction":[{"@type":"ReadAction","target":["https:\/\/calfrenzy.com\/es\/funciones\/aceptar-pagos\/"]}]},{"@type":"ImageObject","inLanguage":"es","@id":"https:\/\/calfrenzy.com\/es\/funciones\/aceptar-pagos\/#primaryimage","url":"https:\/\/calfrenzy.com\/wp-content\/uploads\/2025\/11\/Take-Payments-Spanish.png","contentUrl":"https:\/\/calfrenzy.com\/wp-content\/uploads\/2025\/11\/Take-Payments-Spanish.png","width":1200,"height":630},{"@type":"BreadcrumbList","@id":"https:\/\/calfrenzy.com\/es\/funciones\/aceptar-pagos\/#breadcrumb","itemListElement":[{"@type":"ListItem","position":1,"name":"Home","item":"https:\/\/calfrenzy.com\/es\/"},{"@type":"ListItem","position":2,"name":"Funciones","item":"https:\/\/calfrenzy.com\/es\/funciones\/"},{"@type":"ListItem","position":3,"name":"Aceptar pagos"}]},{"@type":"WebSite","@id":"https:\/\/calfrenzy.com\/es\/#website","url":"https:\/\/calfrenzy.com\/es\/","name":"Calfrenzy","description":"Easy Scheduling Across Time Zones and Organizations","publisher":{"@id":"https:\/\/calfrenzy.com\/es\/#organization"},"alternateName":"calfrenzy","potentialAction":[{"@type":"SearchAction","target":{"@type":"EntryPoint","urlTemplate":"https:\/\/calfrenzy.com\/es\/?s={search_term_string}"},"query-input":{"@type":"PropertyValueSpecification","valueRequired":true,"valueName":"search_term_string"}}],"inLanguage":"es"},{"@type":"Organization","@id":"https:\/\/calfrenzy.com\/es\/#organization","name":"Calfrenzy","alternateName":"calfrenzy","url":"https:\/\/calfrenzy.com\/es\/","logo":{"@type":"ImageObject","inLanguage":"es","@id":"https:\/\/calfrenzy.com\/es\/#\/schema\/logo\/image\/","url":"https:\/\/calfrenzy.com\/wp-content\/uploads\/2024\/06\/float_6_1.svg","contentUrl":"https:\/\/calfrenzy.com\/wp-content\/uploads\/2024\/06\/float_6_1.svg","width":47,"height":50,"caption":"Calfrenzy"},"image":{"@id":"https:\/\/calfrenzy.com\/es\/#\/schema\/logo\/image\/"},"sameAs":["https:\/\/www.facebook.com\/calfrenzy","https:\/\/x.com\/calfrenzy53224","https:\/\/www.youtube.com\/@Calfrenzy","https:\/\/www.linkedin.com\/company\/calfrenzy","https:\/\/www.capterra.com\/p\/10020993\/CalFrenzy\/","https:\/\/chromewebstore.google.com\/detail\/calfrenzy-free-online-app\/igmlifilbgnlaijamohaakgoacoeoidk?hl=en","https:\/\/workspace.google.com\/marketplace\/app\/calfrenzy\/369573383535","https:\/\/www.trustpilot.com\/review\/calfrenzy.com","https:\/\/www.g2.com\/products\/calfrenzy\/reviews"]}]}},"_links":{"self":[{"href":"https:\/\/calfrenzy.com\/es\/wp-json\/wp\/v2\/pages\/7706","targetHints":{"allow":["GET"]}}],"collection":[{"href":"https:\/\/calfrenzy.com\/es\/wp-json\/wp\/v2\/pages"}],"about":[{"href":"https:\/\/calfrenzy.com\/es\/wp-json\/wp\/v2\/types\/page"}],"author":[{"embeddable":true,"href":"https:\/\/calfrenzy.com\/es\/wp-json\/wp\/v2\/users\/1"}],"replies":[{"embeddable":true,"href":"https:\/\/calfrenzy.com\/es\/wp-json\/wp\/v2\/comments?post=7706"}],"version-history":[{"count":6,"href":"https:\/\/calfrenzy.com\/es\/wp-json\/wp\/v2\/pages\/7706\/revisions"}],"predecessor-version":[{"id":10968,"href":"https:\/\/calfrenzy.com\/es\/wp-json\/wp\/v2\/pages\/7706\/revisions\/10968"}],"up":[{"embeddable":true,"href":"https:\/\/calfrenzy.com\/es\/wp-json\/wp\/v2\/pages\/3160"}],"wp:featuredmedia":[{"embeddable":true,"href":"https:\/\/calfrenzy.com\/es\/wp-json\/wp\/v2\/media\/10361"}],"wp:attachment":[{"href":"https:\/\/calfrenzy.com\/es\/wp-json\/wp\/v2\/media?parent=7706"}],"curies":[{"name":"wp","href":"https:\/\/api.w.org\/{rel}","templated":true}]}}