{"id":8366,"date":"2025-08-13T09:40:43","date_gmt":"2025-08-13T09:40:43","guid":{"rendered":"https:\/\/calfrenzy.com\/?page_id=8366"},"modified":"2025-11-14T14:20:11","modified_gmt":"2025-11-14T14:20:11","slug":"extension-para-navegador","status":"publish","type":"page","link":"https:\/\/calfrenzy.com\/es\/funciones\/extension-para-navegador\/","title":{"rendered":"Extensi\u00f3n para Navegador"},"content":{"rendered":"\n<div class=\"wp-block-cf-features-banner wrapper_features_banner\"><div class=\"features_banner\">\n<div class=\"features_banner__content\">\n<h1 class=\"wp-block-heading\" id=\"h-schedule-faster-with-calfrenzy-browser-extension\"><mark style=\"background-color:rgba(0, 0, 0, 0)\" class=\"has-inline-color has-base-green-right-color\">Agenda<\/mark> m\u00e1s r\u00e1pido con la <mark style=\"background-color:rgba(0, 0, 0, 0)\" class=\"has-inline-color has-primary-yellow-color\">Extensi\u00f3n<\/mark> para <mark style=\"background-color:rgba(0, 0, 0, 0)\" class=\"has-inline-color has-base-green-left-color\">Navegador<\/mark> de Calfrenzy<\/h1>\n\n\n\n<p>A\u00f1ade la extensi\u00f3n del navegador de Calfrenzy para programar desde Chrome o Edge y reserva reuniones sin cambiar de pesta\u00f1a \u2014 directamente desde Gmail, LinkedIn u otras herramientas que ya usas. Inserta tu disponibilidad, copia enlaces y gestiona tus reservas \u2014 todo desde tu bandeja de entrada o calendario. <\/p>\n\n\n\n<div class=\"wp-block-button\"><a class=\"wp-block-button__link wp-element-button\" href=\"https:\/\/chromewebstore.google.com\/detail\/calfrenzy-free-online-app\/igmlifilbgnlaijamohaakgoacoeoidk\" target=\"_blank\" rel=\"noreferrer noopener\">Instalar extensi\u00f3n \u2013 Es gratis<\/a><\/div>\n<\/div>\n\n\n\n<div class=\"features_banner__image\">\n<figure class=\"wp-block-image size-large\"><img decoding=\"async\" src=\"https:\/\/calfrenzy.com\/wp-content\/uploads\/2025\/08\/Install-Extension-Spanish-1-1024x934.png\" alt=\"La extensi&#xF3;n de Calfrenzy inserta enlaces de reserva en la ventana de redacci&#xF3;n de Gmail\" class=\"wp-image-8149\"\/><\/figure>\n<\/div>\n<\/div><\/div>\n\n<div class=\"wp-block-cf-video wrapper_video_block\"><div class=\"video_block\">\n<h2 class=\"wp-block-heading has-text-align-center\" id=\"h-see-it-in-action\">Desc\u00fabrelo en acci\u00f3n<\/h2>\n\n\n\n<p class=\"has-text-align-center\">Mira c\u00f3mo la extensi\u00f3n de Calfrenzy te ayuda a agendar mientras trabajas \u2014 ya sea respondiendo un correo en Gmail o chateando en LinkedIn.<\/p>\n\n\n\n<figure class=\"wp-block-embed is-type-video is-provider-youtube wp-block-embed-youtube\"><div class=\"wp-block-embed__wrapper\">\n<iframe title=\"Calfrenzy Browser Extension Tutorial | Schedule Instantly from Gmail, LinkedIn &amp; More!\" width=\"500\" height=\"281\" src=\"https:\/\/www.youtube.com\/embed\/Tm-nKjxpuGQ?feature=oembed\" frameborder=\"0\" allow=\"accelerometer; autoplay; clipboard-write; encrypted-media; gyroscope; picture-in-picture; web-share\" referrerpolicy=\"strict-origin-when-cross-origin\" allowfullscreen><\/iframe>\n<\/div><\/figure>\n<\/div><\/div>\n\n<div class=\"wp-block-cf-tools wrapper_tools no_bg\"><div class=\"tools\">\n<h2 class=\"wp-block-heading has-text-align-center\" id=\"h-what-you-can-do-with-the-calfrenzy-extension\">Qu\u00e9 puedes hacer con la extensi\u00f3n de Calfrenzy<\/h2>\n\n\n\n<div class=\"wp-block-cf-tools-items tools__items tools__items--two\">\n<div class=\"wp-block-cf-tools-item tool_item\">\n<figure class=\"wp-block-image size-full\"><img decoding=\"async\" width=\"120\" height=\"120\" src=\"https:\/\/calfrenzy.com\/wp-content\/uploads\/2025\/06\/No-Apps-or-Accounts-Needed.png\" alt=\"Comparte tu disponibilidad en 2 clics\" class=\"wp-image-7392\"\/><\/figure>\n\n\n\n<h3 class=\"wp-block-heading\" id=\"h-share-availability-in-2-clicks\">Comparte tu disponibilidad en 2 clics<\/h3>\n\n\n\n<ul class=\"wp-block-list\">\n<li>Pega el enlace de reserva directamente en el correo<\/li>\n\n\n\n<li>Perfecto para Gmail, Outlook Web y otras herramientas basadas en navegador<\/li>\n<\/ul>\n<\/div>\n\n\n\n<div class=\"wp-block-cf-tools-item tool_item\">\n<figure class=\"wp-block-image size-full\"><img decoding=\"async\" width=\"120\" height=\"120\" src=\"https:\/\/calfrenzy.com\/wp-content\/uploads\/2025\/08\/online-channels.png\" alt=\"&#xDA;sala en todo Google Workspace\" class=\"wp-image-8117\"\/><\/figure>\n\n\n\n<h3 class=\"wp-block-heading\" id=\"h-use-it-across-google-workspace\">\u00dasala en todo Google Workspace<\/h3>\n\n\n\n<ul class=\"wp-block-list\">\n<li>Accede a Calfrenzy desde la barra de herramientas de redacci\u00f3n de Gmail para insertar enlaces o disponibilidad<\/li>\n\n\n\n<li>Funciona en escritorio<\/li>\n<\/ul>\n<\/div>\n\n\n\n<div class=\"wp-block-cf-tools-item tool_item\">\n<figure class=\"wp-block-image size-full\"><img decoding=\"async\" width=\"120\" height=\"120\" src=\"https:\/\/calfrenzy.com\/wp-content\/uploads\/2025\/08\/Insert-Booking-Links-Instantly.png\" alt=\"Inserta enlaces de reserva al instante\" class=\"wp-image-8151\"\/><\/figure>\n\n\n\n<h3 class=\"wp-block-heading\" id=\"h-insert-booking-links-instantly\">Inserta enlaces de reserva al instante<\/h3>\n\n\n\n<ul class=\"wp-block-list\">\n<li>A\u00f1ade el enlace a tu p\u00e1gina personal o de equipo con un solo clic<\/li>\n\n\n\n<li>Copia enlaces sin abrir el panel completo<\/li>\n<\/ul>\n<\/div>\n\n\n\n<div class=\"wp-block-cf-tools-item tool_item\">\n<figure class=\"wp-block-image size-full\"><img decoding=\"async\" width=\"120\" height=\"120\" src=\"https:\/\/calfrenzy.com\/wp-content\/uploads\/2025\/08\/Manage-Meetings-Without-Switching-Tabs.png\" alt=\"Gestiona reuniones sin cambiar de pesta&#xF1;a\" class=\"wp-image-8152\"\/><\/figure>\n\n\n\n<h3 class=\"wp-block-heading\" id=\"h-manage-meetings-without-switching-tabs\">Gestiona reuniones sin cambiar de pesta\u00f1a<\/h3>\n\n\n\n<ul class=\"wp-block-list\">\n<li>Consulta eventos pr\u00f3ximos desde la barra lateral del navegador<\/li>\n\n\n\n<li>Abre el panel de Calfrenzy directamente desde el bot\u00f3n de la extensi\u00f3n<\/li>\n<\/ul>\n<\/div>\n<\/div>\n<\/div><\/div>\n\n<div class=\"wp-block-cf-bg-container-block wrapper_bg_container_block\"><div class=\"bg_container_block\" style=\"background-color:#FEEA9A\">\n<div style=\"min-width:min(calc(564\/1440 * 100vw) , 564px)\" class=\"wp-block-cf-bg-container-block-inner bg_container_block__column\">\n<h2 class=\"wp-block-heading\" id=\"h-why-use-a-scheduling-extension\">\u00bfPor qu\u00e9 usar una extensi\u00f3n de programaci\u00f3n?<\/h2>\n<\/div>\n\n\n\n<div style=\"min-width:min(calc(496\/1440 * 100vw) , 496px)\" class=\"wp-block-cf-bg-container-block-inner bg_container_block__column\">\n<p>Deja de cambiar de pesta\u00f1a para gestionar tu calendario.<br\/><g id=\"gid_0\">La extensi\u00f3n de Calfrenzy<\/g> te ayuda a responder m\u00e1s r\u00e1pido, verte profesional y mantener el control \u2014 sin interrumpir tu flujo de trabajo. Ideal para profesionales orientados al cliente que necesitan actuar con rapidez.  <\/p>\n<\/div>\n<\/div><\/div>\n\n<div class=\"wp-block-cf-perfect-workflow wrapper_perfect_workflow no_bg\"><div class=\"perfect_workflow\">\n<h2 class=\"wp-block-heading has-text-align-center\" id=\"h-perfect-for-any-workflow\">Perfecto para cualquier flujo de trabajo<\/h2>\n\n\n\n<div class=\"wp-block-cf-perfect-workflow-items perfect_workflow__items perfect_workflow__items--four\">\n<div class=\"wp-block-cf-perfect-workflow-item perfect_workflow_item\">\n<figure class=\"wp-block-image size-full\"><img decoding=\"async\" width=\"96\" height=\"96\" src=\"https:\/\/calfrenzy.com\/wp-content\/uploads\/2025\/06\/Coaches-Consultants.png\" alt=\"Icono que representa herramientas de programaci&#xF3;n para coaches y consultores.\" class=\"wp-image-7399\"\/><\/figure>\n\n\n\n<h3 class=\"wp-block-heading has-text-align-center\" id=\"h-coaches-amp-consultants-nbsp\">Coaches y Consultores <\/h3>\n\n\n\n<p class=\"has-text-align-center\">Comparte tu disponibilidad al instante con clientes potenciales.<\/p>\n<\/div>\n\n\n\n<div class=\"wp-block-cf-perfect-workflow-item perfect_workflow_item\">\n<figure class=\"wp-block-image size-full\"><img decoding=\"async\" width=\"96\" height=\"96\" src=\"https:\/\/calfrenzy.com\/wp-content\/uploads\/2025\/06\/Virtual-Assistants.png\" alt=\"Icono que representa herramientas de programaci&#xF3;n para asistentes virtuales.\" class=\"wp-image-7400\"\/><\/figure>\n\n\n\n<h3 class=\"wp-block-heading has-text-align-center\" id=\"h-virtual-assistants\">Asistentes virtuales<\/h3>\n\n\n\n<p class=\"has-text-align-center\">Gestiona reservas en m\u00faltiples calendarios sin cambiar de pesta\u00f1a.<\/p>\n<\/div>\n\n\n\n<div class=\"wp-block-cf-perfect-workflow-item perfect_workflow_item\">\n<figure class=\"wp-block-image size-full\"><img decoding=\"async\" width=\"96\" height=\"96\" src=\"https:\/\/calfrenzy.com\/wp-content\/uploads\/2025\/06\/Teams-Agencies.png\" alt=\"Icono que representa herramientas de programaci&#xF3;n para equipos y agencias.\" class=\"wp-image-7402\"\/><\/figure>\n\n\n\n<h3 class=\"wp-block-heading has-text-align-center\" id=\"h-recruiters\">Reclutadores<\/h3>\n\n\n\n<p class=\"has-text-align-center\">Env\u00eda horarios de entrevistas directamente desde tu bandeja de entrada.<\/p>\n<\/div>\n\n\n\n<div class=\"wp-block-cf-perfect-workflow-item perfect_workflow_item\">\n<figure class=\"wp-block-image size-full\"><img decoding=\"async\" width=\"96\" height=\"97\" src=\"https:\/\/calfrenzy.com\/wp-content\/uploads\/2025\/08\/icons_colorful.png\" alt=\"Equipos de Ventas\" class=\"wp-image-8154\"\/><\/figure>\n\n\n\n<h3 class=\"wp-block-heading has-text-align-center\" id=\"h-sales-teams\">Equipos de Ventas<\/h3>\n\n\n\n<p class=\"has-text-align-center\">Ofrece horarios para demos en tiempo real mientras chateas en LinkedIn o Gmail.<\/p>\n<\/div>\n<\/div>\n<\/div><\/div>\n\n<div class=\"wp-block-cf-feature-cta wrapper_feature_cta\"><div class=\"feature_cta\"><div class=\"feature_cta__content\">\n<h2 class=\"wp-block-heading\" id=\"h-our-fair-pricing\">Nuestro modelo de precios justo<\/h2>\n\n\n\n<ul class=\"wp-block-list\">\n<li>Gratis para instalar y usar con cualquier plan de Calfrenzy<\/li>\n\n\n\n<li>No necesitas plan de pago para acceder a la extensi\u00f3n<\/li>\n\n\n\n<li>Funciona con todas las cuentas, incluida la programaci\u00f3n para equipos<\/li>\n<\/ul>\n<\/div><div class=\"feature_cta__image\"><img decoding=\"async\" src=\"https:\/\/calfrenzy.com\/wp-content\/uploads\/2025\/08\/cheerful-young-woman-holding-laptop-computer@2x-1.png\" alt=\"\"\/><\/div><\/div><\/div>\n\n<div class=\"wp-block-cf-faq wrapper_faq\" itemscope itemtype=\"https:\/\/schema.org\/FAQPage\"><div class=\"faq\">\n<h2 class=\"wp-block-heading has-text-align-center\" id=\"h-frequently-asked-questions\">Preguntas Frecuentes<\/h2>\n\n\n\n<div class=\"wp-block-cf-faq-item faq_item\" itemscope itemprop=\"mainEntity\" itemtype=\"https:\/\/schema.org\/Question\">\n<div class=\"wp-block-cf-faq-item-question faq_item__title\" onclick=\"$(this).siblings('.faq_item__content').slideToggle().parent().toggleClass('open')\"><div itemprop=\"name\">\n<h3 class=\"wp-block-heading\" id=\"h-what-browsers-does-the-extension-work-on\">\u00bfEn qu\u00e9 navegadores funciona la extensi\u00f3n?<\/h3>\n<\/div><\/div>\n\n\n\n<div class=\"wp-block-cf-faq-item-answer faq_item__content\" itemscope itemprop=\"acceptedAnswer\" itemtype=\"https:\/\/schema.org\/Answer\"><div itemprop=\"text\">\n<p>La extensi\u00f3n de Calfrenzy est\u00e1 disponible para Google Chrome y Microsoft Edge.<\/p>\n<\/div><\/div>\n<\/div>\n\n\n\n<div class=\"wp-block-cf-faq-item faq_item\" itemscope itemprop=\"mainEntity\" itemtype=\"https:\/\/schema.org\/Question\">\n<div class=\"wp-block-cf-faq-item-question faq_item__title\" onclick=\"$(this).siblings('.faq_item__content').slideToggle().parent().toggleClass('open')\"><div itemprop=\"name\">\n<h3 class=\"wp-block-heading\" id=\"h-does-this-replace-the-web-app\">\u00bfReemplaza la app web?<\/h3>\n<\/div><\/div>\n\n\n\n<div class=\"wp-block-cf-faq-item-answer faq_item__content\" itemscope itemprop=\"acceptedAnswer\" itemtype=\"https:\/\/schema.org\/Answer\"><div itemprop=\"text\">\n<p>No \u2014 la complementa. La extensi\u00f3n te ayuda a agendar m\u00e1s r\u00e1pido sin necesidad de cambiar de pesta\u00f1a ni abrir el panel principal. <\/p>\n<\/div><\/div>\n<\/div>\n\n\n\n<div class=\"wp-block-cf-faq-item faq_item\" itemscope itemprop=\"mainEntity\" itemtype=\"https:\/\/schema.org\/Question\">\n<div class=\"wp-block-cf-faq-item-question faq_item__title\" onclick=\"$(this).siblings('.faq_item__content').slideToggle().parent().toggleClass('open')\"><div itemprop=\"name\">\n<h3 class=\"wp-block-heading\" id=\"h-is-the-extension-free-to-use\">\u00bfLa extensi\u00f3n es gratuita?<\/h3>\n<\/div><\/div>\n\n\n\n<div class=\"wp-block-cf-faq-item-answer faq_item__content\" itemscope itemprop=\"acceptedAnswer\" itemtype=\"https:\/\/schema.org\/Answer\"><div itemprop=\"text\">\n<p>S\u00ed. Est\u00e1 incluida en todas las cuentas de Calfrenzy \u2014 sin cargos adicionales. <\/p>\n<\/div><\/div>\n<\/div>\n<\/div><\/div>\n\n<div class=\"wp-block-cf-yellow-cta wrapper_yellow_cta\"><div class=\"yellow_cta\"><div class=\"yellow_cta__content\">\n<h2 class=\"wp-block-heading has-text-align-center\" id=\"h-try-the-calfrenzy-extension-today\">Prueba la extensi\u00f3n de Calfrenzy hoy mismo<\/h2>\n\n\n\n<p class=\"has-text-align-center\">Comparte tu disponibilidad m\u00e1s r\u00e1pido, agenda al instante y mant\u00e9n tu flujo de trabajo. <br\/>A\u00f1ade la extensi\u00f3n ahora \u2014 es gratuita.<\/p>\n\n\n\n<div class=\"wp-block-button\"><a class=\"wp-block-button__link wp-element-button\" href=\"https:\/\/chromewebstore.google.com\/detail\/calfrenzy-free-online-app\/igmlifilbgnlaijamohaakgoacoeoidk\" target=\"_blank\" rel=\"noreferrer noopener\">Instalar Extensi\u00f3n Gratuita<\/a><\/div>\n<\/div><\/div><\/div>\n","protected":false},"excerpt":{"rendered":"","protected":false},"author":1,"featured_media":10386,"parent":3160,"menu_order":0,"comment_status":"closed","ping_status":"closed","template":"","meta":{"inline_featured_image":false,"footnotes":""},"class_list":["post-8366","page","type-page","status-publish","has-post-thumbnail","hentry"],"yoast_head":"<!-- This site is optimized with the Yoast SEO Premium plugin v26.8 (Yoast SEO v26.8) - https:\/\/yoast.com\/product\/yoast-seo-premium-wordpress\/ -->\n<title>Extensi\u00f3n para Programar | Calfrenzy<\/title>\n<meta name=\"description\" content=\"Programa reuniones desde tu navegador con la extensi\u00f3n de Calfrenzy. Inserta franjas horarias, copia enlaces y gestiona tus reservas \u2014 sin necesidad de abrir el panel.\" \/>\n<meta name=\"robots\" content=\"index, follow, max-snippet:-1, max-image-preview:large, max-video-preview:-1\" \/>\n<link rel=\"canonical\" href=\"https:\/\/calfrenzy.com\/es\/funciones\/extension-para-navegador\/\" \/>\n<meta property=\"og:locale\" content=\"es_ES\" \/>\n<meta property=\"og:type\" content=\"article\" \/>\n<meta property=\"og:title\" content=\"Extensi\u00f3n para Navegador\" \/>\n<meta property=\"og:description\" content=\"Programa reuniones desde tu navegador con la extensi\u00f3n de Calfrenzy. Inserta franjas horarias, copia enlaces y gestiona tus reservas \u2014 sin necesidad de abrir el panel.\" \/>\n<meta property=\"og:url\" content=\"https:\/\/calfrenzy.com\/es\/funciones\/extension-para-navegador\/\" \/>\n<meta property=\"og:site_name\" content=\"calfrenzy\" \/>\n<meta property=\"article:publisher\" content=\"https:\/\/www.facebook.com\/calfrenzy\" \/>\n<meta property=\"article:modified_time\" content=\"2025-11-14T14:20:11+00:00\" \/>\n<meta property=\"og:image\" content=\"https:\/\/calfrenzy.com\/wp-content\/uploads\/2025\/11\/Browser-Extension-Spanish.png\" \/>\n\t<meta property=\"og:image:width\" content=\"1200\" \/>\n\t<meta property=\"og:image:height\" content=\"630\" \/>\n\t<meta property=\"og:image:type\" content=\"image\/png\" \/>\n<meta name=\"twitter:card\" content=\"summary_large_image\" \/>\n<meta name=\"twitter:site\" content=\"@calfrenzy53224\" \/>\n<meta name=\"twitter:label1\" content=\"Tiempo de lectura\" \/>\n\t<meta name=\"twitter:data1\" content=\"2 minutos\" \/>\n<script type=\"application\/ld+json\" class=\"yoast-schema-graph\">{\"@context\":\"https:\/\/schema.org\",\"@graph\":[{\"@type\":\"WebPage\",\"@id\":\"https:\/\/calfrenzy.com\/es\/funciones\/extension-para-navegador\/\",\"url\":\"https:\/\/calfrenzy.com\/es\/funciones\/extension-para-navegador\/\",\"name\":\"Extensi\u00f3n para Programar | Calfrenzy\",\"isPartOf\":{\"@id\":\"https:\/\/calfrenzy.com\/es\/#website\"},\"primaryImageOfPage\":{\"@id\":\"https:\/\/calfrenzy.com\/es\/funciones\/extension-para-navegador\/#primaryimage\"},\"image\":{\"@id\":\"https:\/\/calfrenzy.com\/es\/funciones\/extension-para-navegador\/#primaryimage\"},\"thumbnailUrl\":\"https:\/\/calfrenzy.com\/wp-content\/uploads\/2025\/11\/Browser-Extension-Spanish.png\",\"datePublished\":\"2025-08-13T09:40:43+00:00\",\"dateModified\":\"2025-11-14T14:20:11+00:00\",\"description\":\"Programa reuniones desde tu navegador con la extensi\u00f3n de Calfrenzy. Inserta franjas horarias, copia enlaces y gestiona tus reservas \u2014 sin necesidad de abrir el panel.\",\"breadcrumb\":{\"@id\":\"https:\/\/calfrenzy.com\/es\/funciones\/extension-para-navegador\/#breadcrumb\"},\"inLanguage\":\"es\",\"potentialAction\":[{\"@type\":\"ReadAction\",\"target\":[\"https:\/\/calfrenzy.com\/es\/funciones\/extension-para-navegador\/\"]}]},{\"@type\":\"ImageObject\",\"inLanguage\":\"es\",\"@id\":\"https:\/\/calfrenzy.com\/es\/funciones\/extension-para-navegador\/#primaryimage\",\"url\":\"https:\/\/calfrenzy.com\/wp-content\/uploads\/2025\/11\/Browser-Extension-Spanish.png\",\"contentUrl\":\"https:\/\/calfrenzy.com\/wp-content\/uploads\/2025\/11\/Browser-Extension-Spanish.png\",\"width\":1200,\"height\":630},{\"@type\":\"BreadcrumbList\",\"@id\":\"https:\/\/calfrenzy.com\/es\/funciones\/extension-para-navegador\/#breadcrumb\",\"itemListElement\":[{\"@type\":\"ListItem\",\"position\":1,\"name\":\"Home\",\"item\":\"https:\/\/calfrenzy.com\/es\/\"},{\"@type\":\"ListItem\",\"position\":2,\"name\":\"Funciones\",\"item\":\"https:\/\/calfrenzy.com\/es\/funciones\/\"},{\"@type\":\"ListItem\",\"position\":3,\"name\":\"Extensi\u00f3n para Navegador\"}]},{\"@type\":\"WebSite\",\"@id\":\"https:\/\/calfrenzy.com\/es\/#website\",\"url\":\"https:\/\/calfrenzy.com\/es\/\",\"name\":\"Calfrenzy\",\"description\":\"Easy Scheduling Across Time Zones and Organizations\",\"publisher\":{\"@id\":\"https:\/\/calfrenzy.com\/es\/#organization\"},\"alternateName\":\"calfrenzy\",\"potentialAction\":[{\"@type\":\"SearchAction\",\"target\":{\"@type\":\"EntryPoint\",\"urlTemplate\":\"https:\/\/calfrenzy.com\/es\/?s={search_term_string}\"},\"query-input\":{\"@type\":\"PropertyValueSpecification\",\"valueRequired\":true,\"valueName\":\"search_term_string\"}}],\"inLanguage\":\"es\"},{\"@type\":\"Organization\",\"@id\":\"https:\/\/calfrenzy.com\/es\/#organization\",\"name\":\"Calfrenzy\",\"alternateName\":\"calfrenzy\",\"url\":\"https:\/\/calfrenzy.com\/es\/\",\"logo\":{\"@type\":\"ImageObject\",\"inLanguage\":\"es\",\"@id\":\"https:\/\/calfrenzy.com\/es\/#\/schema\/logo\/image\/\",\"url\":\"https:\/\/calfrenzy.com\/wp-content\/uploads\/2024\/06\/float_6_1.svg\",\"contentUrl\":\"https:\/\/calfrenzy.com\/wp-content\/uploads\/2024\/06\/float_6_1.svg\",\"width\":47,\"height\":50,\"caption\":\"Calfrenzy\"},\"image\":{\"@id\":\"https:\/\/calfrenzy.com\/es\/#\/schema\/logo\/image\/\"},\"sameAs\":[\"https:\/\/www.facebook.com\/calfrenzy\",\"https:\/\/x.com\/calfrenzy53224\",\"https:\/\/www.youtube.com\/@Calfrenzy\",\"https:\/\/www.linkedin.com\/company\/calfrenzy\",\"https:\/\/www.capterra.com\/p\/10020993\/CalFrenzy\/\",\"https:\/\/chromewebstore.google.com\/detail\/calfrenzy-free-online-app\/igmlifilbgnlaijamohaakgoacoeoidk?hl=en\",\"https:\/\/workspace.google.com\/marketplace\/app\/calfrenzy\/369573383535\",\"https:\/\/www.trustpilot.com\/review\/calfrenzy.com\",\"https:\/\/www.g2.com\/products\/calfrenzy\/reviews\"]}]}<\/script>\n<!-- \/ Yoast SEO Premium plugin. -->","yoast_head_json":{"title":"Extensi\u00f3n para Programar | Calfrenzy","description":"Programa reuniones desde tu navegador con la extensi\u00f3n de Calfrenzy. Inserta franjas horarias, copia enlaces y gestiona tus reservas \u2014 sin necesidad de abrir el panel.","robots":{"index":"index","follow":"follow","max-snippet":"max-snippet:-1","max-image-preview":"max-image-preview:large","max-video-preview":"max-video-preview:-1"},"canonical":"https:\/\/calfrenzy.com\/es\/funciones\/extension-para-navegador\/","og_locale":"es_ES","og_type":"article","og_title":"Extensi\u00f3n para Navegador","og_description":"Programa reuniones desde tu navegador con la extensi\u00f3n de Calfrenzy. Inserta franjas horarias, copia enlaces y gestiona tus reservas \u2014 sin necesidad de abrir el panel.","og_url":"https:\/\/calfrenzy.com\/es\/funciones\/extension-para-navegador\/","og_site_name":"calfrenzy","article_publisher":"https:\/\/www.facebook.com\/calfrenzy","article_modified_time":"2025-11-14T14:20:11+00:00","og_image":[{"width":1200,"height":630,"url":"https:\/\/calfrenzy.com\/wp-content\/uploads\/2025\/11\/Browser-Extension-Spanish.png","type":"image\/png"}],"twitter_card":"summary_large_image","twitter_site":"@calfrenzy53224","twitter_misc":{"Tiempo de lectura":"2 minutos"},"schema":{"@context":"https:\/\/schema.org","@graph":[{"@type":"WebPage","@id":"https:\/\/calfrenzy.com\/es\/funciones\/extension-para-navegador\/","url":"https:\/\/calfrenzy.com\/es\/funciones\/extension-para-navegador\/","name":"Extensi\u00f3n para Programar | Calfrenzy","isPartOf":{"@id":"https:\/\/calfrenzy.com\/es\/#website"},"primaryImageOfPage":{"@id":"https:\/\/calfrenzy.com\/es\/funciones\/extension-para-navegador\/#primaryimage"},"image":{"@id":"https:\/\/calfrenzy.com\/es\/funciones\/extension-para-navegador\/#primaryimage"},"thumbnailUrl":"https:\/\/calfrenzy.com\/wp-content\/uploads\/2025\/11\/Browser-Extension-Spanish.png","datePublished":"2025-08-13T09:40:43+00:00","dateModified":"2025-11-14T14:20:11+00:00","description":"Programa reuniones desde tu navegador con la extensi\u00f3n de Calfrenzy. Inserta franjas horarias, copia enlaces y gestiona tus reservas \u2014 sin necesidad de abrir el panel.","breadcrumb":{"@id":"https:\/\/calfrenzy.com\/es\/funciones\/extension-para-navegador\/#breadcrumb"},"inLanguage":"es","potentialAction":[{"@type":"ReadAction","target":["https:\/\/calfrenzy.com\/es\/funciones\/extension-para-navegador\/"]}]},{"@type":"ImageObject","inLanguage":"es","@id":"https:\/\/calfrenzy.com\/es\/funciones\/extension-para-navegador\/#primaryimage","url":"https:\/\/calfrenzy.com\/wp-content\/uploads\/2025\/11\/Browser-Extension-Spanish.png","contentUrl":"https:\/\/calfrenzy.com\/wp-content\/uploads\/2025\/11\/Browser-Extension-Spanish.png","width":1200,"height":630},{"@type":"BreadcrumbList","@id":"https:\/\/calfrenzy.com\/es\/funciones\/extension-para-navegador\/#breadcrumb","itemListElement":[{"@type":"ListItem","position":1,"name":"Home","item":"https:\/\/calfrenzy.com\/es\/"},{"@type":"ListItem","position":2,"name":"Funciones","item":"https:\/\/calfrenzy.com\/es\/funciones\/"},{"@type":"ListItem","position":3,"name":"Extensi\u00f3n para Navegador"}]},{"@type":"WebSite","@id":"https:\/\/calfrenzy.com\/es\/#website","url":"https:\/\/calfrenzy.com\/es\/","name":"Calfrenzy","description":"Easy Scheduling Across Time Zones and Organizations","publisher":{"@id":"https:\/\/calfrenzy.com\/es\/#organization"},"alternateName":"calfrenzy","potentialAction":[{"@type":"SearchAction","target":{"@type":"EntryPoint","urlTemplate":"https:\/\/calfrenzy.com\/es\/?s={search_term_string}"},"query-input":{"@type":"PropertyValueSpecification","valueRequired":true,"valueName":"search_term_string"}}],"inLanguage":"es"},{"@type":"Organization","@id":"https:\/\/calfrenzy.com\/es\/#organization","name":"Calfrenzy","alternateName":"calfrenzy","url":"https:\/\/calfrenzy.com\/es\/","logo":{"@type":"ImageObject","inLanguage":"es","@id":"https:\/\/calfrenzy.com\/es\/#\/schema\/logo\/image\/","url":"https:\/\/calfrenzy.com\/wp-content\/uploads\/2024\/06\/float_6_1.svg","contentUrl":"https:\/\/calfrenzy.com\/wp-content\/uploads\/2024\/06\/float_6_1.svg","width":47,"height":50,"caption":"Calfrenzy"},"image":{"@id":"https:\/\/calfrenzy.com\/es\/#\/schema\/logo\/image\/"},"sameAs":["https:\/\/www.facebook.com\/calfrenzy","https:\/\/x.com\/calfrenzy53224","https:\/\/www.youtube.com\/@Calfrenzy","https:\/\/www.linkedin.com\/company\/calfrenzy","https:\/\/www.capterra.com\/p\/10020993\/CalFrenzy\/","https:\/\/chromewebstore.google.com\/detail\/calfrenzy-free-online-app\/igmlifilbgnlaijamohaakgoacoeoidk?hl=en","https:\/\/workspace.google.com\/marketplace\/app\/calfrenzy\/369573383535","https:\/\/www.trustpilot.com\/review\/calfrenzy.com","https:\/\/www.g2.com\/products\/calfrenzy\/reviews"]}]}},"_links":{"self":[{"href":"https:\/\/calfrenzy.com\/es\/wp-json\/wp\/v2\/pages\/8366","targetHints":{"allow":["GET"]}}],"collection":[{"href":"https:\/\/calfrenzy.com\/es\/wp-json\/wp\/v2\/pages"}],"about":[{"href":"https:\/\/calfrenzy.com\/es\/wp-json\/wp\/v2\/types\/page"}],"author":[{"embeddable":true,"href":"https:\/\/calfrenzy.com\/es\/wp-json\/wp\/v2\/users\/1"}],"replies":[{"embeddable":true,"href":"https:\/\/calfrenzy.com\/es\/wp-json\/wp\/v2\/comments?post=8366"}],"version-history":[{"count":3,"href":"https:\/\/calfrenzy.com\/es\/wp-json\/wp\/v2\/pages\/8366\/revisions"}],"predecessor-version":[{"id":10478,"href":"https:\/\/calfrenzy.com\/es\/wp-json\/wp\/v2\/pages\/8366\/revisions\/10478"}],"up":[{"embeddable":true,"href":"https:\/\/calfrenzy.com\/es\/wp-json\/wp\/v2\/pages\/3160"}],"wp:featuredmedia":[{"embeddable":true,"href":"https:\/\/calfrenzy.com\/es\/wp-json\/wp\/v2\/media\/10386"}],"wp:attachment":[{"href":"https:\/\/calfrenzy.com\/es\/wp-json\/wp\/v2\/media?parent=8366"}],"curies":[{"name":"wp","href":"https:\/\/api.w.org\/{rel}","templated":true}]}}