{"id":8584,"date":"2025-08-13T08:59:44","date_gmt":"2025-08-13T08:59:44","guid":{"rendered":"https:\/\/calfrenzy.com\/?page_id=8584"},"modified":"2025-11-18T16:18:53","modified_gmt":"2025-11-18T16:18:53","slug":"reserva-de-citas-con-codigo-qr","status":"publish","type":"page","link":"https:\/\/calfrenzy.com\/es\/funciones\/reserva-de-citas-con-codigo-qr\/","title":{"rendered":"Reserva de Citas con C\u00f3digo QR"},"content":{"rendered":"\n<div class=\"wp-block-cf-features-banner wrapper_features_banner scheduling-software\"><div class=\"features_banner\">\n<div class=\"features_banner__content\">\n<h1 class=\"wp-block-heading\" id=\"h-let-clients-book-instantly-with-a-qr-code\"><mark style=\"background-color:rgba(0, 0, 0, 0)\" class=\"has-inline-color has-base-green-right-color\">Permite<\/mark> que los clientes reserven <mark style=\"background-color:rgba(0, 0, 0, 0)\" class=\"has-inline-color has-primary-yellow-color\">al instante<\/mark> con un <mark style=\"background-color:rgba(0, 0, 0, 0)\" class=\"has-inline-color has-base-green-left-color\">c\u00f3digo<\/mark> QR<\/h1>\n\n\n\n<p>Convierte cualquier cartel, folleto o pantalla en un portal de reservas. Calfrenzy genera un c\u00f3digo QR para tu p\u00e1gina de reservas para que tus clientes puedan escanear y reservar en segundos. <\/p>\n\n\n\n<div class=\"wp-block-button\"><a class=\"wp-block-button__link wp-element-button\" href=\"https:\/\/schedule.calfrenzy.com\/auth\/sign-up\">Genera tu c\u00f3digo QR gratuito<\/a><\/div>\n<\/div>\n\n\n\n<div class=\"features_banner__image\">\n<figure class=\"wp-block-image size-large\"><img decoding=\"async\" width=\"1024\" height=\"936\" src=\"https:\/\/calfrenzy.com\/wp-content\/uploads\/2025\/08\/Generate-Your-QR-Code-Free-1024x936.png\" alt=\"\" class=\"wp-image-8113\" srcset=\"https:\/\/calfrenzy.com\/wp-content\/uploads\/2025\/08\/Generate-Your-QR-Code-Free-1024x936.png 1024w, https:\/\/calfrenzy.com\/wp-content\/uploads\/2025\/08\/Generate-Your-QR-Code-Free-300x274.png 300w, https:\/\/calfrenzy.com\/wp-content\/uploads\/2025\/08\/Generate-Your-QR-Code-Free-768x702.png 768w, https:\/\/calfrenzy.com\/wp-content\/uploads\/2025\/08\/Generate-Your-QR-Code-Free.png 1076w\" sizes=\"(max-width: 1024px) 100vw, 1024px\" \/><\/figure>\n<\/div>\n<\/div><\/div>\n\n<div class=\"wp-block-cf-video wrapper_video_block\"><div class=\"video_block\">\n<h2 class=\"wp-block-heading has-text-align-center\" id=\"h-see-it-in-action\">Desc\u00fabrelo en acci\u00f3n<\/h2>\n\n\n\n<p class=\"has-text-align-center\">Mira lo f\u00e1cil que es generar un c\u00f3digo QR, imprimirlo y transformar interacciones del mundo real en reservas. <br\/>Perfecto para eventos, se\u00f1al\u00e9tica, tarjetas de visita y m\u00e1s.<\/p>\n\n\n\n<figure class=\"wp-block-embed is-type-video is-provider-youtube wp-block-embed-youtube\"><div class=\"wp-block-embed__wrapper\">\n<iframe title=\"Instantly Book Appointments with a Scan | Calfrenzy QR Code Tutorial\" width=\"500\" height=\"281\" src=\"https:\/\/www.youtube.com\/embed\/BI_cyWf4jH4?feature=oembed\" frameborder=\"0\" allow=\"accelerometer; autoplay; clipboard-write; encrypted-media; gyroscope; picture-in-picture; web-share\" referrerpolicy=\"strict-origin-when-cross-origin\" allowfullscreen><\/iframe>\n<\/div><\/figure>\n<\/div><\/div>\n\n<div class=\"wp-block-cf-bg-container-block wrapper_bg_container_block\"><div class=\"bg_container_block\" style=\"background-color:#b5f7d1;background-image:url(https:\/\/calfrenzy.com\/wp-content\/uploads\/2025\/08\/bg_content_block.png)\">\n<div style=\"min-width:min(calc(564\/1440 * 100vw) , 564px)\" class=\"wp-block-cf-bg-container-block-inner bg_container_block__column\">\n<h2 class=\"wp-block-heading\" id=\"h-what-is-qr-code-appointment-booking\">\u00bfQu\u00e9 es la reserva de citas con c\u00f3digo QR?<\/h2>\n<\/div>\n\n\n\n<div style=\"min-width:min(calc(496\/1440 * 100vw) , 496px)\" class=\"wp-block-cf-bg-container-block-inner bg_container_block__column\">\n<p>La reserva con c\u00f3digo QR permite que los clientes accedan a tu p\u00e1gina de programaci\u00f3n simplemente escaneando un c\u00f3digo con su tel\u00e9fono. No hace falta copiar enlaces ni abrir otras apps \u2014 solo escanear y reservar. Es ideal para profesionales presenciales, ferias, folletos o se\u00f1alizaci\u00f3n f\u00edsica que convierte el inter\u00e9s pasivo en reuniones agendadas.  <\/p>\n<\/div>\n<\/div><\/div>\n\n<div class=\"wp-block-cf-tools wrapper_tools no_bg\"><div class=\"tools\">\n<h2 class=\"wp-block-heading has-text-align-center\" id=\"h-share-your-qr-code-anywhere\">Comparte tu c\u00f3digo QR donde quieras<\/h2>\n\n\n\n<div class=\"wp-block-cf-tools-items tools__items tools__items--two\">\n<div class=\"wp-block-cf-tools-item tool_item\">\n<figure class=\"wp-block-image size-full\"><img decoding=\"async\" width=\"120\" height=\"120\" src=\"https:\/\/calfrenzy.com\/wp-content\/uploads\/2025\/08\/in-your-physical-space.png\" alt=\"En tu espacio f&#xED;sico\" class=\"wp-image-8116\"\/><\/figure>\n\n\n\n<h3 class=\"wp-block-heading\" id=\"h-in-your-physical-space\">En tu espacio f\u00edsico<\/h3>\n\n\n\n<ul class=\"wp-block-list\">\n<li>Mu\u00e9stralo en tu oficina, recepci\u00f3n o escaparate<\/li>\n\n\n\n<li>\u00dasalo en ferias, eventos o talleres<\/li>\n<\/ul>\n<\/div>\n\n\n\n<div class=\"wp-block-cf-tools-item tool_item\">\n<figure class=\"wp-block-image size-full\"><img decoding=\"async\" width=\"120\" height=\"120\" src=\"https:\/\/calfrenzy.com\/wp-content\/uploads\/2025\/08\/online-channels.png\" alt=\"Canales online\" class=\"wp-image-8117\"\/><\/figure>\n\n\n\n<h3 class=\"wp-block-heading\" id=\"h-online-channels\">Canales online<\/h3>\n\n\n\n<ul class=\"wp-block-list\">\n<li>Incl\u00fayelo en firmas de correo, perfiles sociales o fondos virtuales<\/li>\n\n\n\n<li>Desc\u00e1rgalo y reutil\u00edzalo en tus campa\u00f1as digitales<\/li>\n<\/ul>\n<\/div>\n\n\n\n<div class=\"wp-block-cf-tools-item tool_item\">\n<figure class=\"wp-block-image size-full\"><img decoding=\"async\" width=\"120\" height=\"120\" src=\"https:\/\/calfrenzy.com\/wp-content\/uploads\/2025\/08\/on-the-go.png\" alt=\"En movimiento\" class=\"wp-image-8118\"\/><\/figure>\n\n\n\n<h3 class=\"wp-block-heading\" id=\"h-on-the-go\">En movimiento<\/h3>\n\n\n\n<ul class=\"wp-block-list\">\n<li>A\u00f1\u00e1delo a tarjetas de presentaci\u00f3n, folletos o se\u00f1al\u00e9tica<\/li>\n\n\n\n<li>Deja que las personas lo escaneen mientras haces networking o viajas<\/li>\n<\/ul>\n<\/div>\n\n\n\n<div class=\"wp-block-cf-tools-item tool_item\">\n<figure class=\"wp-block-image size-full\"><img decoding=\"async\" width=\"120\" height=\"120\" src=\"https:\/\/calfrenzy.com\/wp-content\/uploads\/2025\/08\/Quick-Setup-No-Tech-Needed.png\" alt=\"Configuraci&#xF3;n r&#xE1;pida, sin conocimientos t&#xE9;cnicos\" class=\"wp-image-8119\"\/><\/figure>\n\n\n\n<h3 class=\"wp-block-heading\" id=\"h-quick-setup-no-tech-needed\">Configuraci\u00f3n r\u00e1pida, sin conocimientos t\u00e9cnicos<\/h3>\n\n\n\n<ul class=\"wp-block-list\">\n<li>Genera tu c\u00f3digo QR con un solo clic desde cualquier p\u00e1gina de reserva<\/li>\n\n\n\n<li>Desc\u00e1rgalo y reutil\u00edzalo cuando quieras \u2014 sin necesidad de herramientas de dise\u00f1o<\/li>\n<\/ul>\n<\/div>\n<\/div>\n<\/div><\/div>\n\n<div class=\"wp-block-cf-perfect-workflow wrapper_perfect_workflow\" style=\"background-color:#fff7d9\"><div class=\"perfect_workflow\">\n<h2 class=\"wp-block-heading has-text-align-center\" id=\"h-perfect-for-any-workflow\">Perfecto para cualquier flujo de trabajo<\/h2>\n\n\n\n<div class=\"wp-block-cf-perfect-workflow-items perfect_workflow__items perfect_workflow__items--four\">\n<div class=\"wp-block-cf-perfect-workflow-item perfect_workflow_item\">\n<figure class=\"wp-block-image size-full\"><img decoding=\"async\" width=\"96\" height=\"96\" src=\"https:\/\/calfrenzy.com\/wp-content\/uploads\/2025\/06\/Coaches-Consultants.png\" alt=\"Icono que representa herramientas de programaci&#xF3;n para coaches y consultores.\" class=\"wp-image-7399\"\/><\/figure>\n\n\n\n<h3 class=\"wp-block-heading has-text-align-center\" id=\"h-consultants-amp-coaches\">Consultores y coaches<\/h3>\n\n\n\n<p class=\"has-text-align-center\">en eventos presenciales<\/p>\n<\/div>\n\n\n\n<div class=\"wp-block-cf-perfect-workflow-item perfect_workflow_item\">\n<figure class=\"wp-block-image size-full\"><img decoding=\"async\" width=\"96\" height=\"96\" src=\"https:\/\/calfrenzy.com\/wp-content\/uploads\/2025\/08\/Stylists-Service-Pros.png\" alt=\"Estilistas y profesionales de servicios\" class=\"wp-image-8121\"\/><\/figure>\n\n\n\n<h3 class=\"wp-block-heading has-text-align-center\" id=\"h-stylists-amp-service-pros\">Estilistas y profesionales de servicios<\/h3>\n\n\n\n<p class=\"has-text-align-center\">en estudios o salones<\/p>\n<\/div>\n\n\n\n<div class=\"wp-block-cf-perfect-workflow-item perfect_workflow_item\">\n<figure class=\"wp-block-image size-full\"><img decoding=\"async\" width=\"96\" height=\"96\" src=\"https:\/\/calfrenzy.com\/wp-content\/uploads\/2025\/08\/Photographers-Artists.png\" alt=\"Fot&#xF3;grafos y artistas\" class=\"wp-image-8122\"\/><\/figure>\n\n\n\n<h3 class=\"wp-block-heading has-text-align-center\" id=\"h-photographers-amp-artists\">Fot\u00f3grafos y artistas<\/h3>\n\n\n\n<p class=\"has-text-align-center\">en ferias o stands<\/p>\n<\/div>\n\n\n\n<div class=\"wp-block-cf-perfect-workflow-item perfect_workflow_item\">\n<figure class=\"wp-block-image size-full\"><img decoding=\"async\" width=\"99\" height=\"96\" src=\"https:\/\/calfrenzy.com\/wp-content\/uploads\/2025\/08\/Freelancers-VAs.png\" alt=\"Freelancers y asistentes virtuales\" class=\"wp-image-8123\"\/><\/figure>\n\n\n\n<h3 class=\"wp-block-heading has-text-align-center\" id=\"h-freelancers-amp-vas\">Freelancers y asistentes virtuales<\/h3>\n\n\n\n<p class=\"has-text-align-center\">haciendo networking sobre la marcha<\/p>\n<\/div>\n<\/div>\n<\/div><\/div>\n\n<div class=\"wp-block-cf-faq wrapper_faq\" itemscope itemtype=\"https:\/\/schema.org\/FAQPage\"><div class=\"faq\">\n<h2 class=\"wp-block-heading has-text-align-center\" id=\"h-frequently-asked-questions\">Preguntas Frecuentes<\/h2>\n\n\n\n<div class=\"wp-block-cf-faq-item faq_item\" itemscope itemprop=\"mainEntity\" itemtype=\"https:\/\/schema.org\/Question\">\n<div class=\"wp-block-cf-faq-item-question faq_item__title\" onclick=\"$(this).siblings('.faq_item__content').slideToggle().parent().toggleClass('open')\"><div itemprop=\"name\">\n<h3 class=\"wp-block-heading\" id=\"h-how-do-i-generate-a-qr-code-for-my-booking-page\">\u00bfC\u00f3mo genero un c\u00f3digo QR para mi p\u00e1gina de reservas?<\/h3>\n<\/div><\/div>\n\n\n\n<div class=\"wp-block-cf-faq-item-answer faq_item__content\" itemscope itemprop=\"acceptedAnswer\" itemtype=\"https:\/\/schema.org\/Answer\"><div itemprop=\"text\">\n<p>Solo haz clic en el bot\u00f3n \u201cCompartir\u201d en tu panel de Calfrenzy y selecciona la opci\u00f3n de c\u00f3digo QR. El c\u00f3digo se generar\u00e1 autom\u00e1ticamente y estar\u00e1 listo para descargar. <\/p>\n<\/div><\/div>\n<\/div>\n\n\n\n<div class=\"wp-block-cf-faq-item faq_item\" itemscope itemprop=\"mainEntity\" itemtype=\"https:\/\/schema.org\/Question\">\n<div class=\"wp-block-cf-faq-item-question faq_item__title\" onclick=\"$(this).siblings('.faq_item__content').slideToggle().parent().toggleClass('open')\"><div itemprop=\"name\">\n<h3 class=\"wp-block-heading\" id=\"h-can-i-print-the-qr-code-for-my-business-cards-or-signage\">\u00bfPuedo imprimir el c\u00f3digo QR en mis tarjetas de presentaci\u00f3n o se\u00f1al\u00e9tica?<\/h3>\n<\/div><\/div>\n\n\n\n<div class=\"wp-block-cf-faq-item-answer faq_item__content\" itemscope itemprop=\"acceptedAnswer\" itemtype=\"https:\/\/schema.org\/Answer\"><div itemprop=\"text\">\n<p>\u00a1S\u00ed! El c\u00f3digo QR se puede descargar como una imagen est\u00e1ndar que puedes usar en materiales impresos, p\u00f3steres o pantallas digitales. <\/p>\n<\/div><\/div>\n<\/div>\n\n\n\n<div class=\"wp-block-cf-faq-item faq_item\" itemscope itemprop=\"mainEntity\" itemtype=\"https:\/\/schema.org\/Question\">\n<div class=\"wp-block-cf-faq-item-question faq_item__title\" onclick=\"$(this).siblings('.faq_item__content').slideToggle().parent().toggleClass('open')\"><div itemprop=\"name\">\n<h3 class=\"wp-block-heading\" id=\"h-do-clients-need-an-app-to-scan-the-code\">\u00bfLos clientes necesitan una app para escanear el c\u00f3digo?<\/h3>\n<\/div><\/div>\n\n\n\n<div class=\"wp-block-cf-faq-item-answer faq_item__content\" itemscope itemprop=\"acceptedAnswer\" itemtype=\"https:\/\/schema.org\/Answer\"><div itemprop=\"text\">\n<p>No. El c\u00f3digo QR funciona con cualquier c\u00e1mara de smartphone o app de escaneo \u2014 no requiere configuraci\u00f3n especial. <\/p>\n<\/div><\/div>\n<\/div>\n\n\n\n<div class=\"wp-block-cf-faq-item faq_item\" itemscope itemprop=\"mainEntity\" itemtype=\"https:\/\/schema.org\/Question\">\n<div class=\"wp-block-cf-faq-item-question faq_item__title\" onclick=\"$(this).siblings('.faq_item__content').slideToggle().parent().toggleClass('open')\"><div itemprop=\"name\">\n<h3 class=\"wp-block-heading\" id=\"h-does-each-booking-page-have-its-own-qr-code\">\u00bfCada p\u00e1gina de reservas tiene su propio c\u00f3digo QR?<\/h3>\n<\/div><\/div>\n\n\n\n<div class=\"wp-block-cf-faq-item-answer faq_item__content\" itemscope itemprop=\"acceptedAnswer\" itemtype=\"https:\/\/schema.org\/Answer\"><div itemprop=\"text\">\n<p>S\u00ed. Puedes generar un c\u00f3digo QR \u00fanico para cada p\u00e1gina de reservas que crees en Calfrenzy. <\/p>\n<\/div><\/div>\n<\/div>\n\n\n\n<div class=\"wp-block-cf-faq-item faq_item\" itemscope itemprop=\"mainEntity\" itemtype=\"https:\/\/schema.org\/Question\">\n<div class=\"wp-block-cf-faq-item-question faq_item__title\" onclick=\"$(this).siblings('.faq_item__content').slideToggle().parent().toggleClass('open')\"><div itemprop=\"name\">\n<h3 class=\"wp-block-heading\" id=\"h-can-i-track-who-scanned-my-qr-code\">\u00bfPuedo saber qui\u00e9n escane\u00f3 mi c\u00f3digo QR?<\/h3>\n<\/div><\/div>\n\n\n\n<div class=\"wp-block-cf-faq-item-answer faq_item__content\" itemscope itemprop=\"acceptedAnswer\" itemtype=\"https:\/\/schema.org\/Answer\"><div itemprop=\"text\">\n<p>Aunque Calfrenzy no rastrea los escaneos directamente, puedes usar t\u00edtulos de p\u00e1gina personalizados para hacer seguimiento del tr\u00e1fico desde tu panel de reservas.<\/p>\n<\/div><\/div>\n<\/div>\n<\/div><\/div>\n\n<div class=\"wp-block-cf-yellow-cta wrapper_yellow_cta\"><div class=\"yellow_cta\"><div class=\"yellow_cta__content\">\n<h2 class=\"wp-block-heading has-text-align-center\" id=\"h-your-next-booking-could-be-one-scan-away\">Tu pr\u00f3xima reserva puede estar a un escaneo de distancia<\/h2>\n\n\n\n<p class=\"has-text-align-center\">Genera un c\u00f3digo QR personalizado para tu p\u00e1gina de reservas en Calfrenzy en segundos \u2014 y no pierdas nunca una oportunidad de agendar.<\/p>\n\n\n\n<div class=\"wp-block-button\"><a class=\"wp-block-button__link wp-element-button\" href=\"https:\/\/schedule.calfrenzy.com\/auth\/sign-up\">Crea tu c\u00f3digo QR ahora<\/a><\/div>\n<\/div><\/div><\/div>\n","protected":false},"excerpt":{"rendered":"","protected":false},"author":1,"featured_media":10379,"parent":3160,"menu_order":0,"comment_status":"closed","ping_status":"closed","template":"","meta":{"inline_featured_image":false,"footnotes":""},"class_list":["post-8584","page","type-page","status-publish","has-post-thumbnail","hentry"],"yoast_head":"<!-- This site is optimized with the Yoast SEO Premium plugin v27.3 (Yoast SEO v27.3) - https:\/\/yoast.com\/product\/yoast-seo-premium-wordpress\/ -->\n<title>C\u00f3digo QR para Reservas | Calfrenzy<\/title>\n<meta name=\"description\" content=\"Permite que los clientes escaneen para reservar. Calfrenzy genera c\u00f3digos QR para tu p\u00e1gina de programaci\u00f3n \u2014 perfecto para tarjetas de presentaci\u00f3n, se\u00f1al\u00e9tica y eventos.\" \/>\n<meta name=\"robots\" content=\"index, follow, max-snippet:-1, max-image-preview:large, max-video-preview:-1\" \/>\n<link rel=\"canonical\" href=\"https:\/\/calfrenzy.com\/es\/funciones\/reserva-de-citas-con-codigo-qr\/\" \/>\n<meta property=\"og:locale\" content=\"es_ES\" \/>\n<meta property=\"og:type\" content=\"article\" \/>\n<meta property=\"og:title\" content=\"Reserva de Citas con C\u00f3digo QR\" \/>\n<meta property=\"og:description\" content=\"Permite que los clientes escaneen para reservar. Calfrenzy genera c\u00f3digos QR para tu p\u00e1gina de programaci\u00f3n \u2014 perfecto para tarjetas de presentaci\u00f3n, se\u00f1al\u00e9tica y eventos.\" \/>\n<meta property=\"og:url\" content=\"https:\/\/calfrenzy.com\/es\/funciones\/reserva-de-citas-con-codigo-qr\/\" \/>\n<meta property=\"og:site_name\" content=\"calfrenzy\" \/>\n<meta property=\"article:publisher\" content=\"https:\/\/www.facebook.com\/calfrenzy\" \/>\n<meta property=\"article:modified_time\" content=\"2025-11-18T16:18:53+00:00\" \/>\n<meta property=\"og:image\" content=\"https:\/\/calfrenzy.com\/wp-content\/uploads\/2025\/11\/QR-Code-Spanish.png\" \/>\n\t<meta property=\"og:image:width\" content=\"1200\" \/>\n\t<meta property=\"og:image:height\" content=\"630\" \/>\n\t<meta property=\"og:image:type\" content=\"image\/png\" \/>\n<meta name=\"twitter:card\" content=\"summary_large_image\" \/>\n<meta name=\"twitter:site\" content=\"@calfrenzy53224\" \/>\n<meta name=\"twitter:label1\" content=\"Tiempo de lectura\" \/>\n\t<meta name=\"twitter:data1\" content=\"3 minutos\" \/>\n<script type=\"application\/ld+json\" class=\"yoast-schema-graph\">{\"@context\":\"https:\\\/\\\/schema.org\",\"@graph\":[{\"@type\":\"WebPage\",\"@id\":\"https:\\\/\\\/calfrenzy.com\\\/es\\\/funciones\\\/reserva-de-citas-con-codigo-qr\\\/\",\"url\":\"https:\\\/\\\/calfrenzy.com\\\/es\\\/funciones\\\/reserva-de-citas-con-codigo-qr\\\/\",\"name\":\"C\u00f3digo QR para Reservas | Calfrenzy\",\"isPartOf\":{\"@id\":\"https:\\\/\\\/calfrenzy.com\\\/es\\\/#website\"},\"primaryImageOfPage\":{\"@id\":\"https:\\\/\\\/calfrenzy.com\\\/es\\\/funciones\\\/reserva-de-citas-con-codigo-qr\\\/#primaryimage\"},\"image\":{\"@id\":\"https:\\\/\\\/calfrenzy.com\\\/es\\\/funciones\\\/reserva-de-citas-con-codigo-qr\\\/#primaryimage\"},\"thumbnailUrl\":\"https:\\\/\\\/calfrenzy.com\\\/wp-content\\\/uploads\\\/2025\\\/11\\\/QR-Code-Spanish.png\",\"datePublished\":\"2025-08-13T08:59:44+00:00\",\"dateModified\":\"2025-11-18T16:18:53+00:00\",\"description\":\"Permite que los clientes escaneen para reservar. Calfrenzy genera c\u00f3digos QR para tu p\u00e1gina de programaci\u00f3n \u2014 perfecto para tarjetas de presentaci\u00f3n, se\u00f1al\u00e9tica y eventos.\",\"breadcrumb\":{\"@id\":\"https:\\\/\\\/calfrenzy.com\\\/es\\\/funciones\\\/reserva-de-citas-con-codigo-qr\\\/#breadcrumb\"},\"inLanguage\":\"es\",\"potentialAction\":[{\"@type\":\"ReadAction\",\"target\":[\"https:\\\/\\\/calfrenzy.com\\\/es\\\/funciones\\\/reserva-de-citas-con-codigo-qr\\\/\"]}]},{\"@type\":\"ImageObject\",\"inLanguage\":\"es\",\"@id\":\"https:\\\/\\\/calfrenzy.com\\\/es\\\/funciones\\\/reserva-de-citas-con-codigo-qr\\\/#primaryimage\",\"url\":\"https:\\\/\\\/calfrenzy.com\\\/wp-content\\\/uploads\\\/2025\\\/11\\\/QR-Code-Spanish.png\",\"contentUrl\":\"https:\\\/\\\/calfrenzy.com\\\/wp-content\\\/uploads\\\/2025\\\/11\\\/QR-Code-Spanish.png\",\"width\":1200,\"height\":630},{\"@type\":\"BreadcrumbList\",\"@id\":\"https:\\\/\\\/calfrenzy.com\\\/es\\\/funciones\\\/reserva-de-citas-con-codigo-qr\\\/#breadcrumb\",\"itemListElement\":[{\"@type\":\"ListItem\",\"position\":1,\"name\":\"Home\",\"item\":\"https:\\\/\\\/calfrenzy.com\\\/es\\\/\"},{\"@type\":\"ListItem\",\"position\":2,\"name\":\"Funciones\",\"item\":\"https:\\\/\\\/calfrenzy.com\\\/es\\\/funciones\\\/\"},{\"@type\":\"ListItem\",\"position\":3,\"name\":\"Reserva de Citas con C\u00f3digo QR\"}]},{\"@type\":\"WebSite\",\"@id\":\"https:\\\/\\\/calfrenzy.com\\\/es\\\/#website\",\"url\":\"https:\\\/\\\/calfrenzy.com\\\/es\\\/\",\"name\":\"Calfrenzy\",\"description\":\"Easy Scheduling Across Time Zones and Organizations\",\"publisher\":{\"@id\":\"https:\\\/\\\/calfrenzy.com\\\/es\\\/#organization\"},\"alternateName\":\"calfrenzy\",\"potentialAction\":[{\"@type\":\"SearchAction\",\"target\":{\"@type\":\"EntryPoint\",\"urlTemplate\":\"https:\\\/\\\/calfrenzy.com\\\/es\\\/?s={search_term_string}\"},\"query-input\":{\"@type\":\"PropertyValueSpecification\",\"valueRequired\":true,\"valueName\":\"search_term_string\"}}],\"inLanguage\":\"es\"},{\"@type\":\"Organization\",\"@id\":\"https:\\\/\\\/calfrenzy.com\\\/es\\\/#organization\",\"name\":\"Calfrenzy\",\"alternateName\":\"calfrenzy\",\"url\":\"https:\\\/\\\/calfrenzy.com\\\/es\\\/\",\"logo\":{\"@type\":\"ImageObject\",\"inLanguage\":\"es\",\"@id\":\"https:\\\/\\\/calfrenzy.com\\\/es\\\/#\\\/schema\\\/logo\\\/image\\\/\",\"url\":\"https:\\\/\\\/calfrenzy.com\\\/wp-content\\\/uploads\\\/2024\\\/06\\\/float_6_1.svg\",\"contentUrl\":\"https:\\\/\\\/calfrenzy.com\\\/wp-content\\\/uploads\\\/2024\\\/06\\\/float_6_1.svg\",\"width\":47,\"height\":50,\"caption\":\"Calfrenzy\"},\"image\":{\"@id\":\"https:\\\/\\\/calfrenzy.com\\\/es\\\/#\\\/schema\\\/logo\\\/image\\\/\"},\"sameAs\":[\"https:\\\/\\\/www.facebook.com\\\/calfrenzy\",\"https:\\\/\\\/x.com\\\/calfrenzy53224\",\"https:\\\/\\\/www.youtube.com\\\/@Calfrenzy\",\"https:\\\/\\\/www.linkedin.com\\\/company\\\/calfrenzy\",\"https:\\\/\\\/www.capterra.com\\\/p\\\/10020993\\\/CalFrenzy\\\/\",\"https:\\\/\\\/chromewebstore.google.com\\\/detail\\\/calfrenzy-free-online-app\\\/igmlifilbgnlaijamohaakgoacoeoidk?hl=en\",\"https:\\\/\\\/workspace.google.com\\\/marketplace\\\/app\\\/calfrenzy\\\/369573383535\",\"https:\\\/\\\/www.trustpilot.com\\\/review\\\/calfrenzy.com\",\"https:\\\/\\\/www.g2.com\\\/products\\\/calfrenzy\\\/reviews\"]}]}<\/script>\n<!-- \/ Yoast SEO Premium plugin. -->","yoast_head_json":{"title":"C\u00f3digo QR para Reservas | Calfrenzy","description":"Permite que los clientes escaneen para reservar. Calfrenzy genera c\u00f3digos QR para tu p\u00e1gina de programaci\u00f3n \u2014 perfecto para tarjetas de presentaci\u00f3n, se\u00f1al\u00e9tica y eventos.","robots":{"index":"index","follow":"follow","max-snippet":"max-snippet:-1","max-image-preview":"max-image-preview:large","max-video-preview":"max-video-preview:-1"},"canonical":"https:\/\/calfrenzy.com\/es\/funciones\/reserva-de-citas-con-codigo-qr\/","og_locale":"es_ES","og_type":"article","og_title":"Reserva de Citas con C\u00f3digo QR","og_description":"Permite que los clientes escaneen para reservar. Calfrenzy genera c\u00f3digos QR para tu p\u00e1gina de programaci\u00f3n \u2014 perfecto para tarjetas de presentaci\u00f3n, se\u00f1al\u00e9tica y eventos.","og_url":"https:\/\/calfrenzy.com\/es\/funciones\/reserva-de-citas-con-codigo-qr\/","og_site_name":"calfrenzy","article_publisher":"https:\/\/www.facebook.com\/calfrenzy","article_modified_time":"2025-11-18T16:18:53+00:00","og_image":[{"width":1200,"height":630,"url":"https:\/\/calfrenzy.com\/wp-content\/uploads\/2025\/11\/QR-Code-Spanish.png","type":"image\/png"}],"twitter_card":"summary_large_image","twitter_site":"@calfrenzy53224","twitter_misc":{"Tiempo de lectura":"3 minutos"},"schema":{"@context":"https:\/\/schema.org","@graph":[{"@type":"WebPage","@id":"https:\/\/calfrenzy.com\/es\/funciones\/reserva-de-citas-con-codigo-qr\/","url":"https:\/\/calfrenzy.com\/es\/funciones\/reserva-de-citas-con-codigo-qr\/","name":"C\u00f3digo QR para Reservas | Calfrenzy","isPartOf":{"@id":"https:\/\/calfrenzy.com\/es\/#website"},"primaryImageOfPage":{"@id":"https:\/\/calfrenzy.com\/es\/funciones\/reserva-de-citas-con-codigo-qr\/#primaryimage"},"image":{"@id":"https:\/\/calfrenzy.com\/es\/funciones\/reserva-de-citas-con-codigo-qr\/#primaryimage"},"thumbnailUrl":"https:\/\/calfrenzy.com\/wp-content\/uploads\/2025\/11\/QR-Code-Spanish.png","datePublished":"2025-08-13T08:59:44+00:00","dateModified":"2025-11-18T16:18:53+00:00","description":"Permite que los clientes escaneen para reservar. Calfrenzy genera c\u00f3digos QR para tu p\u00e1gina de programaci\u00f3n \u2014 perfecto para tarjetas de presentaci\u00f3n, se\u00f1al\u00e9tica y eventos.","breadcrumb":{"@id":"https:\/\/calfrenzy.com\/es\/funciones\/reserva-de-citas-con-codigo-qr\/#breadcrumb"},"inLanguage":"es","potentialAction":[{"@type":"ReadAction","target":["https:\/\/calfrenzy.com\/es\/funciones\/reserva-de-citas-con-codigo-qr\/"]}]},{"@type":"ImageObject","inLanguage":"es","@id":"https:\/\/calfrenzy.com\/es\/funciones\/reserva-de-citas-con-codigo-qr\/#primaryimage","url":"https:\/\/calfrenzy.com\/wp-content\/uploads\/2025\/11\/QR-Code-Spanish.png","contentUrl":"https:\/\/calfrenzy.com\/wp-content\/uploads\/2025\/11\/QR-Code-Spanish.png","width":1200,"height":630},{"@type":"BreadcrumbList","@id":"https:\/\/calfrenzy.com\/es\/funciones\/reserva-de-citas-con-codigo-qr\/#breadcrumb","itemListElement":[{"@type":"ListItem","position":1,"name":"Home","item":"https:\/\/calfrenzy.com\/es\/"},{"@type":"ListItem","position":2,"name":"Funciones","item":"https:\/\/calfrenzy.com\/es\/funciones\/"},{"@type":"ListItem","position":3,"name":"Reserva de Citas con C\u00f3digo QR"}]},{"@type":"WebSite","@id":"https:\/\/calfrenzy.com\/es\/#website","url":"https:\/\/calfrenzy.com\/es\/","name":"Calfrenzy","description":"Easy Scheduling Across Time Zones and Organizations","publisher":{"@id":"https:\/\/calfrenzy.com\/es\/#organization"},"alternateName":"calfrenzy","potentialAction":[{"@type":"SearchAction","target":{"@type":"EntryPoint","urlTemplate":"https:\/\/calfrenzy.com\/es\/?s={search_term_string}"},"query-input":{"@type":"PropertyValueSpecification","valueRequired":true,"valueName":"search_term_string"}}],"inLanguage":"es"},{"@type":"Organization","@id":"https:\/\/calfrenzy.com\/es\/#organization","name":"Calfrenzy","alternateName":"calfrenzy","url":"https:\/\/calfrenzy.com\/es\/","logo":{"@type":"ImageObject","inLanguage":"es","@id":"https:\/\/calfrenzy.com\/es\/#\/schema\/logo\/image\/","url":"https:\/\/calfrenzy.com\/wp-content\/uploads\/2024\/06\/float_6_1.svg","contentUrl":"https:\/\/calfrenzy.com\/wp-content\/uploads\/2024\/06\/float_6_1.svg","width":47,"height":50,"caption":"Calfrenzy"},"image":{"@id":"https:\/\/calfrenzy.com\/es\/#\/schema\/logo\/image\/"},"sameAs":["https:\/\/www.facebook.com\/calfrenzy","https:\/\/x.com\/calfrenzy53224","https:\/\/www.youtube.com\/@Calfrenzy","https:\/\/www.linkedin.com\/company\/calfrenzy","https:\/\/www.capterra.com\/p\/10020993\/CalFrenzy\/","https:\/\/chromewebstore.google.com\/detail\/calfrenzy-free-online-app\/igmlifilbgnlaijamohaakgoacoeoidk?hl=en","https:\/\/workspace.google.com\/marketplace\/app\/calfrenzy\/369573383535","https:\/\/www.trustpilot.com\/review\/calfrenzy.com","https:\/\/www.g2.com\/products\/calfrenzy\/reviews"]}]}},"_links":{"self":[{"href":"https:\/\/calfrenzy.com\/es\/wp-json\/wp\/v2\/pages\/8584","targetHints":{"allow":["GET"]}}],"collection":[{"href":"https:\/\/calfrenzy.com\/es\/wp-json\/wp\/v2\/pages"}],"about":[{"href":"https:\/\/calfrenzy.com\/es\/wp-json\/wp\/v2\/types\/page"}],"author":[{"embeddable":true,"href":"https:\/\/calfrenzy.com\/es\/wp-json\/wp\/v2\/users\/1"}],"replies":[{"embeddable":true,"href":"https:\/\/calfrenzy.com\/es\/wp-json\/wp\/v2\/comments?post=8584"}],"version-history":[{"count":2,"href":"https:\/\/calfrenzy.com\/es\/wp-json\/wp\/v2\/pages\/8584\/revisions"}],"predecessor-version":[{"id":10608,"href":"https:\/\/calfrenzy.com\/es\/wp-json\/wp\/v2\/pages\/8584\/revisions\/10608"}],"up":[{"embeddable":true,"href":"https:\/\/calfrenzy.com\/es\/wp-json\/wp\/v2\/pages\/3160"}],"wp:featuredmedia":[{"embeddable":true,"href":"https:\/\/calfrenzy.com\/es\/wp-json\/wp\/v2\/media\/10379"}],"wp:attachment":[{"href":"https:\/\/calfrenzy.com\/es\/wp-json\/wp\/v2\/media?parent=8584"}],"curies":[{"name":"wp","href":"https:\/\/api.w.org\/{rel}","templated":true}]}}