{"id":2513,"date":"2024-10-25T09:52:02","date_gmt":"2024-10-25T09:52:02","guid":{"rendered":"https:\/\/calfrenzy.com\/?page_id=2513"},"modified":"2025-11-14T13:06:58","modified_gmt":"2025-11-14T13:06:58","slug":"a-propos","status":"publish","type":"page","link":"https:\/\/calfrenzy.com\/fr\/a-propos\/","title":{"rendered":"\u00c0 propos"},"content":{"rendered":"\n<div class=\"wp-block-cf-about-banner wrapper_about_banner\"><div class=\"about_banner\">\n<div class=\"about_banner__content\">\n<h1 class=\"wp-block-heading\" id=\"h-about-calfrenzy\">\u00c0 propos de <mark style=\"background-color:rgba(0, 0, 0, 0)\" class=\"has-inline-color has-base-green-right-color\">Calfrenzy<\/mark><\/h1>\n\n\n\n<p>Calfrenzy est l\u2019outil de planification en ligne con\u00e7u pour vous offrir tout ce dont vous avez besoin \u2014 sans le prix \u00e9lev\u00e9. Que vous planifiiez seul ou que vous g\u00e9riez une \u00e9quipe, nous rendons la planification simple, efficace et abordable. <\/p>\n\n\n\n<p><strong>Avec Calfrenzy<\/strong>, vous n\u2019avez plus \u00e0 choisir entre des fonctionnalit\u00e9s puissantes et un tarif \u00e9quitable \u2014 vous obtenez les deux.<\/p>\n<\/div>\n\n\n\n<div class=\"about_banner__image\">\n<figure class=\"wp-block-image size-large\"><img decoding=\"async\" src=\"https:\/\/calfrenzy.com\/wp-content\/uploads\/2025\/04\/about_banner_french-1024x719.png\" alt=\"&#xC0; propos de Calfrenzy\" class=\"wp-image-1711\"\/><\/figure>\n<\/div>\n<\/div><\/div>\n\n<div class=\"wp-block-cf-about-block wrapper_about_block\"><div class=\"about_block left\">\n<div class=\"about_block__content\">\n<p>Con\u00e7u par une \u00e9quipe forte de plus de <strong>25 ans d\u2019exp\u00e9rience<\/strong> dans le d\u00e9veloppement logiciel, Calfrenzy est le fruit de notre passion pour cr\u00e9er des outils qui simplifient la vie des gens.<\/p>\n\n\n\n<p>Nous avons lanc\u00e9 de nombreux produits \u00e0 succ\u00e8s et savons comment cr\u00e9er des solutions <strong>intuitives, fiables<\/strong> et <strong>con\u00e7ues<\/strong> en pensant avant tout \u00e0 l\u2019utilisateur.<\/p>\n<\/div>\n\n\n\n<div class=\"about_block__image\">\n<figure class=\"wp-block-image size-full\"><img decoding=\"async\" width=\"1268\" height=\"844\" src=\"https:\/\/calfrenzy.com\/wp-content\/uploads\/2024\/11\/about_block.png\" alt=\"&#xC0; propos de Calfrenzy\" class=\"wp-image-1712\" srcset=\"https:\/\/calfrenzy.com\/wp-content\/uploads\/2024\/11\/about_block.png 1268w, https:\/\/calfrenzy.com\/wp-content\/uploads\/2024\/11\/about_block-300x200.png 300w, https:\/\/calfrenzy.com\/wp-content\/uploads\/2024\/11\/about_block-1024x682.png 1024w, https:\/\/calfrenzy.com\/wp-content\/uploads\/2024\/11\/about_block-768x511.png 768w\" sizes=\"(max-width: 1268px) 100vw, 1268px\" \/><\/figure>\n<\/div>\n<\/div><\/div>\n\n<div class=\"wp-block-cf-why-different wrapper_why_different\"><div class=\"why_different\">\n<h2 class=\"wp-block-heading has-text-align-center\" id=\"h-what-makes-calfrenzy-different\">Qu\u2019est-ce qui rend Calfrenzy diff\u00e9rent ?<\/h2>\n\n\n\n<div class=\"why_different__list\">\n<div class=\"why_different__list-item\">\n<figure class=\"wp-block-image size-full\"><img decoding=\"async\" width=\"180\" height=\"180\" src=\"https:\/\/calfrenzy.com\/wp-content\/uploads\/2025\/02\/Fair-Pricing.png\" alt=\"Tarification &#xC9;quitable\" class=\"wp-image-5654\" srcset=\"https:\/\/calfrenzy.com\/wp-content\/uploads\/2025\/02\/Fair-Pricing.png 180w, https:\/\/calfrenzy.com\/wp-content\/uploads\/2025\/02\/Fair-Pricing-150x150.png 150w\" sizes=\"(max-width: 180px) 100vw, 180px\" \/><\/figure>\n\n\n\n<h3 class=\"wp-block-heading\" id=\"h-fair-pricing\">Tarification \u00c9quitable<\/h3>\n\n\n\n<p>Chez Calfrenzy, nous croyons en l\u2019importance d\u2019offrir une <strong>valeur exceptionnelle<\/strong>. Vous b\u00e9n\u00e9ficiez d\u2019un ensemble complet d\u2019outils de planification premium \u00e0 un <strong>prix \u00e9quitable et transparent<\/strong>, vous permettant de vous concentrer sur vos r\u00e9unions plut\u00f4t que sur votre budget.<\/p>\n<\/div>\n\n\n\n<div class=\"why_different__list-item\">\n<figure class=\"wp-block-image size-full\"><img decoding=\"async\" width=\"180\" height=\"180\" src=\"https:\/\/calfrenzy.com\/wp-content\/uploads\/2025\/02\/Intuitive-User-Interface.png\" alt=\"Interface Utilisateur Intuitive\" class=\"wp-image-5655\" srcset=\"https:\/\/calfrenzy.com\/wp-content\/uploads\/2025\/02\/Intuitive-User-Interface.png 180w, https:\/\/calfrenzy.com\/wp-content\/uploads\/2025\/02\/Intuitive-User-Interface-150x150.png 150w\" sizes=\"(max-width: 180px) 100vw, 180px\" \/><\/figure>\n\n\n\n<h3 class=\"wp-block-heading\" id=\"h-intuitive-user-interface\">Interface Utilisateur Intuitive<\/h3>\n\n\n\n<p>La planification devrait \u00eatre simple, pas compliqu\u00e9e. Le design de Calfrenzy est \u00e9pur\u00e9, intuitif et con\u00e7u pour l\u2019efficacit\u00e9, afin que vous puissiez vous concentrer sur vos r\u00e9unions \u2014 et non sur la technologie qui les soutient. <\/p>\n<\/div>\n\n\n\n<div class=\"why_different__list-item\">\n<figure class=\"wp-block-image size-full\"><img decoding=\"async\" width=\"180\" height=\"180\" src=\"https:\/\/calfrenzy.com\/wp-content\/uploads\/2025\/02\/Premium-Features.png\" alt=\"Fonctionnalit&#xE9;s Premium\" class=\"wp-image-5656\" srcset=\"https:\/\/calfrenzy.com\/wp-content\/uploads\/2025\/02\/Premium-Features.png 180w, https:\/\/calfrenzy.com\/wp-content\/uploads\/2025\/02\/Premium-Features-150x150.png 150w\" sizes=\"(max-width: 180px) 100vw, 180px\" \/><\/figure>\n\n\n\n<h3 class=\"wp-block-heading\" id=\"h-premium-features\">Fonctionnalit\u00e9s Premium<\/h3>\n\n\n\n<p>Calfrenzy propose une gamme compl\u00e8te de <strong>fonctionnalit\u00e9s avanc\u00e9es de planification<\/strong>, allant de la <strong>planification de groupe<\/strong> et des <strong>int\u00e9grations multiples de calendriers<\/strong> \u00e0 des rappels personnalis\u00e9s, et bien plus encore. Tout ce dont vous avez besoin pour rester efficace est inclus. <\/p>\n<\/div>\n<\/div>\n<\/div><\/div>\n\n<div class=\"wp-block-cf-features-block wrapper_features_block\"><div class=\"features_block right\">\n<div class=\"features_block__content\">\n<h2 class=\"wp-block-heading\" id=\"h-our-mission\">Notre Mission<\/h2>\n\n\n\n<p>Calfrenzy a \u00e9t\u00e9 cr\u00e9\u00e9 avec une mission claire : offrir des <strong>outils de planification premium<\/strong> \u00e0 un <strong>prix \u00e9quitable et transparent<\/strong>. Nous croyons que chaque professionnel et chaque \u00e9quipe m\u00e9rite une <strong>solution de planification puissante<\/strong>, \u00e0 la fois <strong>abordable<\/strong> et <strong>intuitive<\/strong>. <\/p>\n\n\n\n<p>Notre objectif est de <strong>rendre la planification plus simple, plus efficace<\/strong> et <strong>accessible<\/strong> \u00e0 tous.<\/p>\n<\/div>\n\n\n\n<div class=\"features_block__image\">\n<figure class=\"wp-block-image size-full\"><img decoding=\"async\" src=\"https:\/\/calfrenzy.com\/wp-content\/uploads\/2025\/04\/Our-Mission-French.png\" alt=\"Notre Mission\" class=\"wp-image-1716\"\/><\/figure>\n<\/div>\n<\/div><\/div>\n\n<div class=\"wp-block-cf-features-block wrapper_features_block\"><div class=\"features_block left\">\n<div class=\"features_block__content\">\n<h2 class=\"wp-block-heading\" id=\"h-superhuman-customer-service\">Service Client Exceptionnel<\/h2>\n\n\n\n<p>Nous ne proposons pas seulement un excellent service client \u2014 nous offrons un support <strong>exceptionnel<\/strong>. Que vous configuriez votre premi\u00e8re r\u00e9union ou que vous g\u00e9riez les horaires de votre \u00e9quipe, notre \u00e9quipe est toujours pr\u00eate \u00e0 vous aider. <\/p>\n\n\n\n<p>Chez Calfrenzy, nous sommes fiers d\u2019\u00eatre <strong>proactifs, rapides<\/strong> et <strong>chaleureux<\/strong>, afin que vous puissiez vous concentrer sur votre journ\u00e9e en toute s\u00e9r\u00e9nit\u00e9, sachant que nous veillons sur vous.<\/p>\n<\/div>\n\n\n\n<div class=\"features_block__image\">\n<figure class=\"wp-block-image size-full\"><img decoding=\"async\" src=\"https:\/\/calfrenzy.com\/wp-content\/uploads\/2025\/04\/Superhuman-Customer-Service-French.png\" alt=\"Service Client Exceptionnel\" class=\"wp-image-1160\"\/><\/figure>\n<\/div>\n<\/div><\/div>\n\n<div class=\"wp-block-cf-faq wrapper_faq use_bg\" style=\"background-color:#f0f4ff\" itemscope itemtype=\"https:\/\/schema.org\/FAQPage\"><div class=\"faq\">\n<h2 class=\"wp-block-heading has-text-align-center\" id=\"h-frequently-asked-questions\">Foire aux questions<\/h2>\n\n\n\n<div class=\"wp-block-cf-faq-item faq_item\" itemscope itemprop=\"mainEntity\" itemtype=\"https:\/\/schema.org\/Question\">\n<div class=\"wp-block-cf-faq-item-question faq_item__title\" onclick=\"$(this).siblings('.faq_item__content').slideToggle().parent().toggleClass('open')\"><div itemprop=\"name\">\n<h3 class=\"wp-block-heading\" id=\"h-what-is-calfrenzy-scheduling-tool\">Qu\u2019est-ce que l\u2019outil de planification Calfrenzy ?<\/h3>\n<\/div><\/div>\n\n\n\n<div class=\"wp-block-cf-faq-item-answer faq_item__content\" itemscope itemprop=\"acceptedAnswer\" itemtype=\"https:\/\/schema.org\/Answer\"><div itemprop=\"text\">\n<p>Calfrenzy est une plateforme de planification en ligne qui aide les freelances, les consultants et les \u00e9quipes \u00e0 simplifier les r\u00e9servations, les appels clients et les validations. Elle permet de partager vos disponibilit\u00e9s, de cr\u00e9er des pages de r\u00e9servation personnalis\u00e9es \u00e0 votre marque, d\u2019envoyer des rappels automatiques et m\u00eame d\u2019accepter des paiements \u2014 le tout sans \u00e9changes d\u2019e-mails interminables. <\/p>\n<\/div><\/div>\n<\/div>\n\n\n\n<div class=\"wp-block-cf-faq-item faq_item\" itemscope itemprop=\"mainEntity\" itemtype=\"https:\/\/schema.org\/Question\">\n<div class=\"wp-block-cf-faq-item-question faq_item__title\" onclick=\"$(this).siblings('.faq_item__content').slideToggle().parent().toggleClass('open')\"><div itemprop=\"name\">\n<h3 class=\"wp-block-heading\" id=\"h-do-i-need-to-enter-a-credit-card-to-try-calfrenzy\">Dois-je entrer une carte bancaire pour essayer Calfrenzy ?<\/h3>\n<\/div><\/div>\n\n\n\n<div class=\"wp-block-cf-faq-item-answer faq_item__content\" itemscope itemprop=\"acceptedAnswer\" itemtype=\"https:\/\/schema.org\/Answer\"><div itemprop=\"text\">\n<p>Non \u2014 vous pouvez commencer gratuitement avec Calfrenzy, sans carte bancaire. Passez \u00e0 la version payante uniquement lorsque vous avez besoin de fonctionnalit\u00e9s premium. <\/p>\n<\/div><\/div>\n<\/div>\n\n\n\n<div class=\"wp-block-cf-faq-item faq_item\" itemscope itemprop=\"mainEntity\" itemtype=\"https:\/\/schema.org\/Question\">\n<div class=\"wp-block-cf-faq-item-question faq_item__title\" onclick=\"$(this).siblings('.faq_item__content').slideToggle().parent().toggleClass('open')\"><div itemprop=\"name\">\n<h3 class=\"wp-block-heading\" id=\"h-how-does-calfrenzy-handle-scheduling-across-different-time-zones\">Comment Calfrenzy g\u00e8re-t-il la planification entre diff\u00e9rents fuseaux horaires ?<\/h3>\n<\/div><\/div>\n\n\n\n<div class=\"wp-block-cf-faq-item-answer faq_item__content\" itemscope itemprop=\"acceptedAnswer\" itemtype=\"https:\/\/schema.org\/Answer\"><div itemprop=\"text\">\n<p>Calfrenzy d\u00e9tecte automatiquement le fuseau horaire de votre invit\u00e9, ajuste les cr\u00e9neaux disponibles en cons\u00e9quence et les refl\u00e8te sur votre page de r\u00e9servation. Ainsi, vos r\u00e9unions sont programm\u00e9es correctement \u2014 sans ajustements manuels ni allers-retours. <\/p>\n<\/div><\/div>\n<\/div>\n\n\n\n<div class=\"wp-block-cf-faq-item faq_item\" itemscope itemprop=\"mainEntity\" itemtype=\"https:\/\/schema.org\/Question\">\n<div class=\"wp-block-cf-faq-item-question faq_item__title\" onclick=\"$(this).siblings('.faq_item__content').slideToggle().parent().toggleClass('open')\"><div itemprop=\"name\">\n<h3 class=\"wp-block-heading\" id=\"h-can-i-customize-my-booking-page-branding-logo-color-questions\">Puis-je personnaliser ma page de r\u00e9servation (branding, logo, couleurs, questions) ?<\/h3>\n<\/div><\/div>\n\n\n\n<div class=\"wp-block-cf-faq-item-answer faq_item__content\" itemscope itemprop=\"acceptedAnswer\" itemtype=\"https:\/\/schema.org\/Answer\"><div itemprop=\"text\">\n<p>Oui \u2014 Calfrenzy vous offre un contr\u00f4le total pour refl\u00e9ter votre identit\u00e9 visuelle. Vous pouvez ajouter votre logo, choisir vos couleurs, r\u00e9diger des descriptions personnalis\u00e9es et inclure des formulaires ou questions pour recueillir des informations avant chaque rendez-vous. <\/p>\n<\/div><\/div>\n<\/div>\n<\/div><\/div>\n\n<div class=\"wp-block-cf-yellow-cta wrapper_yellow_cta\"><div class=\"yellow_cta\"><div class=\"yellow_cta__content\">\n<h2 class=\"wp-block-heading has-text-align-center\" id=\"h-sign-up-is-easy-90-seconds\">Inscription Facile en <strong>90 Secondes<\/strong><\/h2>\n\n\n\n<p class=\"has-text-align-center\">Pr\u00eat \u00e0 rendre la planification sans stress ?<br\/>Vous pouvez vous <strong>inscrire, connecter votre calendrier et commencer \u00e0 planifier<\/strong> en seulement <strong>90 secondes<\/strong>.<br\/>C\u2019est aussi simple que cela.<\/p>\n\n\n\n<div class=\"wp-block-button\"><a class=\"wp-block-button__link wp-element-button\" href=\"https:\/\/schedule.calfrenzy.com\/auth\/sign-up\">Commencez Gratuitement<\/a><\/div>\n<\/div><\/div><\/div>\n","protected":false},"excerpt":{"rendered":"","protected":false},"author":1,"featured_media":10206,"parent":0,"menu_order":0,"comment_status":"closed","ping_status":"closed","template":"","meta":{"inline_featured_image":false,"footnotes":""},"class_list":["post-2513","page","type-page","status-publish","has-post-thumbnail","hentry"],"yoast_head":"<!-- This site is optimized with the Yoast SEO Premium plugin v26.8 (Yoast SEO v26.8) - https:\/\/yoast.com\/product\/yoast-seo-premium-wordpress\/ -->\n<title>\u00c0 propos Calfrenzy - Logiciel de Planification de Rendez-vous<\/title>\n<meta name=\"description\" content=\"Calfrenzy est un logiciel gratuit de planification de rendez-vous, dot\u00e9 d\u2019un design intuitif et d\u2019un tarif \u00e9quitable, qui simplifie et rend abordable la planification en \u00e9quipe.\" \/>\n<meta name=\"robots\" content=\"index, follow, max-snippet:-1, max-image-preview:large, max-video-preview:-1\" \/>\n<link rel=\"canonical\" href=\"https:\/\/calfrenzy.com\/fr\/a-propos\/\" \/>\n<meta property=\"og:locale\" content=\"fr_FR\" \/>\n<meta property=\"og:type\" content=\"article\" \/>\n<meta property=\"og:title\" content=\"\u00c0 propos\" \/>\n<meta property=\"og:description\" content=\"Calfrenzy est un logiciel gratuit de planification de rendez-vous, dot\u00e9 d\u2019un design intuitif et d\u2019un tarif \u00e9quitable, qui simplifie et rend abordable la planification en \u00e9quipe.\" \/>\n<meta property=\"og:url\" content=\"https:\/\/calfrenzy.com\/fr\/a-propos\/\" \/>\n<meta property=\"og:site_name\" content=\"calfrenzy\" \/>\n<meta property=\"article:publisher\" content=\"https:\/\/www.facebook.com\/calfrenzy\" \/>\n<meta property=\"article:modified_time\" content=\"2025-11-14T13:06:58+00:00\" \/>\n<meta property=\"og:image\" content=\"https:\/\/calfrenzy.com\/wp-content\/uploads\/2025\/11\/About-French.png\" \/>\n\t<meta property=\"og:image:width\" content=\"2400\" \/>\n\t<meta property=\"og:image:height\" content=\"1260\" \/>\n\t<meta property=\"og:image:type\" content=\"image\/png\" \/>\n<meta name=\"twitter:card\" content=\"summary_large_image\" \/>\n<meta name=\"twitter:site\" content=\"@calfrenzy53224\" \/>\n<meta name=\"twitter:label1\" content=\"Dur\u00e9e de lecture estim\u00e9e\" \/>\n\t<meta name=\"twitter:data1\" content=\"3 minute\" \/>\n<script type=\"application\/ld+json\" class=\"yoast-schema-graph\">{\"@context\":\"https:\/\/schema.org\",\"@graph\":[{\"@type\":\"WebPage\",\"@id\":\"https:\/\/calfrenzy.com\/fr\/a-propos\/\",\"url\":\"https:\/\/calfrenzy.com\/fr\/a-propos\/\",\"name\":\"\u00c0 propos Calfrenzy - Logiciel de Planification de Rendez-vous\",\"isPartOf\":{\"@id\":\"https:\/\/calfrenzy.com\/fr\/#website\"},\"primaryImageOfPage\":{\"@id\":\"https:\/\/calfrenzy.com\/fr\/a-propos\/#primaryimage\"},\"image\":{\"@id\":\"https:\/\/calfrenzy.com\/fr\/a-propos\/#primaryimage\"},\"thumbnailUrl\":\"https:\/\/calfrenzy.com\/wp-content\/uploads\/2025\/11\/About-French.png\",\"datePublished\":\"2024-10-25T09:52:02+00:00\",\"dateModified\":\"2025-11-14T13:06:58+00:00\",\"description\":\"Calfrenzy est un logiciel gratuit de planification de rendez-vous, dot\u00e9 d\u2019un design intuitif et d\u2019un tarif \u00e9quitable, qui simplifie et rend abordable la planification en \u00e9quipe.\",\"breadcrumb\":{\"@id\":\"https:\/\/calfrenzy.com\/fr\/a-propos\/#breadcrumb\"},\"inLanguage\":\"fr-FR\",\"potentialAction\":[{\"@type\":\"ReadAction\",\"target\":[\"https:\/\/calfrenzy.com\/fr\/a-propos\/\"]}]},{\"@type\":\"ImageObject\",\"inLanguage\":\"fr-FR\",\"@id\":\"https:\/\/calfrenzy.com\/fr\/a-propos\/#primaryimage\",\"url\":\"https:\/\/calfrenzy.com\/wp-content\/uploads\/2025\/11\/About-French.png\",\"contentUrl\":\"https:\/\/calfrenzy.com\/wp-content\/uploads\/2025\/11\/About-French.png\",\"width\":2400,\"height\":1260},{\"@type\":\"BreadcrumbList\",\"@id\":\"https:\/\/calfrenzy.com\/fr\/a-propos\/#breadcrumb\",\"itemListElement\":[{\"@type\":\"ListItem\",\"position\":1,\"name\":\"Home\",\"item\":\"https:\/\/calfrenzy.com\/fr\/\"},{\"@type\":\"ListItem\",\"position\":2,\"name\":\"\u00c0 propos\"}]},{\"@type\":\"WebSite\",\"@id\":\"https:\/\/calfrenzy.com\/fr\/#website\",\"url\":\"https:\/\/calfrenzy.com\/fr\/\",\"name\":\"Calfrenzy\",\"description\":\"Easy Scheduling Across Time Zones and Organizations\",\"publisher\":{\"@id\":\"https:\/\/calfrenzy.com\/fr\/#organization\"},\"alternateName\":\"calfrenzy\",\"potentialAction\":[{\"@type\":\"SearchAction\",\"target\":{\"@type\":\"EntryPoint\",\"urlTemplate\":\"https:\/\/calfrenzy.com\/fr\/?s={search_term_string}\"},\"query-input\":{\"@type\":\"PropertyValueSpecification\",\"valueRequired\":true,\"valueName\":\"search_term_string\"}}],\"inLanguage\":\"fr-FR\"},{\"@type\":\"Organization\",\"@id\":\"https:\/\/calfrenzy.com\/fr\/#organization\",\"name\":\"Calfrenzy\",\"alternateName\":\"calfrenzy\",\"url\":\"https:\/\/calfrenzy.com\/fr\/\",\"logo\":{\"@type\":\"ImageObject\",\"inLanguage\":\"fr-FR\",\"@id\":\"https:\/\/calfrenzy.com\/fr\/#\/schema\/logo\/image\/\",\"url\":\"https:\/\/calfrenzy.com\/wp-content\/uploads\/2024\/06\/float_6_1.svg\",\"contentUrl\":\"https:\/\/calfrenzy.com\/wp-content\/uploads\/2024\/06\/float_6_1.svg\",\"width\":47,\"height\":50,\"caption\":\"Calfrenzy\"},\"image\":{\"@id\":\"https:\/\/calfrenzy.com\/fr\/#\/schema\/logo\/image\/\"},\"sameAs\":[\"https:\/\/www.facebook.com\/calfrenzy\",\"https:\/\/x.com\/calfrenzy53224\",\"https:\/\/www.youtube.com\/@Calfrenzy\",\"https:\/\/www.linkedin.com\/company\/calfrenzy\",\"https:\/\/www.capterra.com\/p\/10020993\/CalFrenzy\/\",\"https:\/\/chromewebstore.google.com\/detail\/calfrenzy-free-online-app\/igmlifilbgnlaijamohaakgoacoeoidk?hl=en\",\"https:\/\/workspace.google.com\/marketplace\/app\/calfrenzy\/369573383535\",\"https:\/\/www.trustpilot.com\/review\/calfrenzy.com\",\"https:\/\/www.g2.com\/products\/calfrenzy\/reviews\"]}]}<\/script>\n<!-- \/ Yoast SEO Premium plugin. -->","yoast_head_json":{"title":"\u00c0 propos Calfrenzy - Logiciel de Planification de Rendez-vous","description":"Calfrenzy est un logiciel gratuit de planification de rendez-vous, dot\u00e9 d\u2019un design intuitif et d\u2019un tarif \u00e9quitable, qui simplifie et rend abordable la planification en \u00e9quipe.","robots":{"index":"index","follow":"follow","max-snippet":"max-snippet:-1","max-image-preview":"max-image-preview:large","max-video-preview":"max-video-preview:-1"},"canonical":"https:\/\/calfrenzy.com\/fr\/a-propos\/","og_locale":"fr_FR","og_type":"article","og_title":"\u00c0 propos","og_description":"Calfrenzy est un logiciel gratuit de planification de rendez-vous, dot\u00e9 d\u2019un design intuitif et d\u2019un tarif \u00e9quitable, qui simplifie et rend abordable la planification en \u00e9quipe.","og_url":"https:\/\/calfrenzy.com\/fr\/a-propos\/","og_site_name":"calfrenzy","article_publisher":"https:\/\/www.facebook.com\/calfrenzy","article_modified_time":"2025-11-14T13:06:58+00:00","og_image":[{"width":2400,"height":1260,"url":"https:\/\/calfrenzy.com\/wp-content\/uploads\/2025\/11\/About-French.png","type":"image\/png"}],"twitter_card":"summary_large_image","twitter_site":"@calfrenzy53224","twitter_misc":{"Dur\u00e9e de lecture estim\u00e9e":"3 minute"},"schema":{"@context":"https:\/\/schema.org","@graph":[{"@type":"WebPage","@id":"https:\/\/calfrenzy.com\/fr\/a-propos\/","url":"https:\/\/calfrenzy.com\/fr\/a-propos\/","name":"\u00c0 propos Calfrenzy - Logiciel de Planification de Rendez-vous","isPartOf":{"@id":"https:\/\/calfrenzy.com\/fr\/#website"},"primaryImageOfPage":{"@id":"https:\/\/calfrenzy.com\/fr\/a-propos\/#primaryimage"},"image":{"@id":"https:\/\/calfrenzy.com\/fr\/a-propos\/#primaryimage"},"thumbnailUrl":"https:\/\/calfrenzy.com\/wp-content\/uploads\/2025\/11\/About-French.png","datePublished":"2024-10-25T09:52:02+00:00","dateModified":"2025-11-14T13:06:58+00:00","description":"Calfrenzy est un logiciel gratuit de planification de rendez-vous, dot\u00e9 d\u2019un design intuitif et d\u2019un tarif \u00e9quitable, qui simplifie et rend abordable la planification en \u00e9quipe.","breadcrumb":{"@id":"https:\/\/calfrenzy.com\/fr\/a-propos\/#breadcrumb"},"inLanguage":"fr-FR","potentialAction":[{"@type":"ReadAction","target":["https:\/\/calfrenzy.com\/fr\/a-propos\/"]}]},{"@type":"ImageObject","inLanguage":"fr-FR","@id":"https:\/\/calfrenzy.com\/fr\/a-propos\/#primaryimage","url":"https:\/\/calfrenzy.com\/wp-content\/uploads\/2025\/11\/About-French.png","contentUrl":"https:\/\/calfrenzy.com\/wp-content\/uploads\/2025\/11\/About-French.png","width":2400,"height":1260},{"@type":"BreadcrumbList","@id":"https:\/\/calfrenzy.com\/fr\/a-propos\/#breadcrumb","itemListElement":[{"@type":"ListItem","position":1,"name":"Home","item":"https:\/\/calfrenzy.com\/fr\/"},{"@type":"ListItem","position":2,"name":"\u00c0 propos"}]},{"@type":"WebSite","@id":"https:\/\/calfrenzy.com\/fr\/#website","url":"https:\/\/calfrenzy.com\/fr\/","name":"Calfrenzy","description":"Easy Scheduling Across Time Zones and Organizations","publisher":{"@id":"https:\/\/calfrenzy.com\/fr\/#organization"},"alternateName":"calfrenzy","potentialAction":[{"@type":"SearchAction","target":{"@type":"EntryPoint","urlTemplate":"https:\/\/calfrenzy.com\/fr\/?s={search_term_string}"},"query-input":{"@type":"PropertyValueSpecification","valueRequired":true,"valueName":"search_term_string"}}],"inLanguage":"fr-FR"},{"@type":"Organization","@id":"https:\/\/calfrenzy.com\/fr\/#organization","name":"Calfrenzy","alternateName":"calfrenzy","url":"https:\/\/calfrenzy.com\/fr\/","logo":{"@type":"ImageObject","inLanguage":"fr-FR","@id":"https:\/\/calfrenzy.com\/fr\/#\/schema\/logo\/image\/","url":"https:\/\/calfrenzy.com\/wp-content\/uploads\/2024\/06\/float_6_1.svg","contentUrl":"https:\/\/calfrenzy.com\/wp-content\/uploads\/2024\/06\/float_6_1.svg","width":47,"height":50,"caption":"Calfrenzy"},"image":{"@id":"https:\/\/calfrenzy.com\/fr\/#\/schema\/logo\/image\/"},"sameAs":["https:\/\/www.facebook.com\/calfrenzy","https:\/\/x.com\/calfrenzy53224","https:\/\/www.youtube.com\/@Calfrenzy","https:\/\/www.linkedin.com\/company\/calfrenzy","https:\/\/www.capterra.com\/p\/10020993\/CalFrenzy\/","https:\/\/chromewebstore.google.com\/detail\/calfrenzy-free-online-app\/igmlifilbgnlaijamohaakgoacoeoidk?hl=en","https:\/\/workspace.google.com\/marketplace\/app\/calfrenzy\/369573383535","https:\/\/www.trustpilot.com\/review\/calfrenzy.com","https:\/\/www.g2.com\/products\/calfrenzy\/reviews"]}]}},"_links":{"self":[{"href":"https:\/\/calfrenzy.com\/fr\/wp-json\/wp\/v2\/pages\/2513","targetHints":{"allow":["GET"]}}],"collection":[{"href":"https:\/\/calfrenzy.com\/fr\/wp-json\/wp\/v2\/pages"}],"about":[{"href":"https:\/\/calfrenzy.com\/fr\/wp-json\/wp\/v2\/types\/page"}],"author":[{"embeddable":true,"href":"https:\/\/calfrenzy.com\/fr\/wp-json\/wp\/v2\/users\/1"}],"replies":[{"embeddable":true,"href":"https:\/\/calfrenzy.com\/fr\/wp-json\/wp\/v2\/comments?post=2513"}],"version-history":[{"count":10,"href":"https:\/\/calfrenzy.com\/fr\/wp-json\/wp\/v2\/pages\/2513\/revisions"}],"predecessor-version":[{"id":10430,"href":"https:\/\/calfrenzy.com\/fr\/wp-json\/wp\/v2\/pages\/2513\/revisions\/10430"}],"wp:featuredmedia":[{"embeddable":true,"href":"https:\/\/calfrenzy.com\/fr\/wp-json\/wp\/v2\/media\/10206"}],"wp:attachment":[{"href":"https:\/\/calfrenzy.com\/fr\/wp-json\/wp\/v2\/media?parent=2513"}],"curies":[{"name":"wp","href":"https:\/\/api.w.org\/{rel}","templated":true}]}}