{"id":2515,"date":"2023-11-28T14:33:09","date_gmt":"2023-11-28T14:33:09","guid":{"rendered":"https:\/\/calfrenzy.com\/?page_id=2515"},"modified":"2025-02-20T07:27:36","modified_gmt":"2025-02-20T07:27:36","slug":"contactez-lequipe-commerciale","status":"publish","type":"page","link":"https:\/\/calfrenzy.com\/fr\/contactez-lequipe-commerciale\/","title":{"rendered":"Contactez l&rsquo;\u00c9quipe Commerciale"},"content":{"rendered":"\n<div class=\"contact_sales\">\n<div class=\"contact_sales__content\">\n<h1 class=\"wp-block-heading\">Contactez Notre <mark style=\"background-color:rgba(0, 0, 0, 0)\" class=\"has-inline-color has-primary-yellow-color\">\u00c9quipe Commerciale<\/mark><\/h1>\n\n\n\n<h5 class=\"wp-block-heading\"><strong>D\u00e9couvrez pourquoi Calfrenzy est l&rsquo;application de planification \u00e0 la croissance la plus rapide de 2023 !<\/strong><\/h5>\n\n\n\n<ul class=\"wp-block-list\">\n<li><strong>Conversion Instantan\u00e9e des Fuseaux Horaires<\/strong> : Calfrenzy simplifie la coordination des r\u00e9unions internationales. Gr\u00e2ce aux ajustements automatiques aux diff\u00e9rents fuseaux horaires, il n\u2019a jamais \u00e9t\u00e9 aussi facile de se synchroniser avec des coll\u00e8gues partout dans le monde. <\/li>\n\n\n\n<li><strong>Planification Inter-Organisationnelle<\/strong> : Simplifiez la fa\u00e7on dont vous planifiez vos r\u00e9unions et \u00e9v\u00e9nements entre diff\u00e9rentes organisations. Calfrenzy garantit une coordination fluide et efficace, rendant la planification complexe simple comme bonjour. <\/li>\n\n\n\n<li><strong>Configuration Rapide, R\u00e9sultats Imm\u00e9diats<\/strong> : Calfrenzy est con\u00e7u pour permettre aux utilisateurs de d\u00e9marrer rapidement avec une configuration minimale, offrant ainsi la possibilit\u00e9 de voir des r\u00e9sultats sans attendre.<\/li>\n<\/ul>\n<\/div>\n\n\n\n<div class=\"contact_sales__form\">\n<div class=\"wpcf7 no-js\" id=\"wpcf7-f2619-o1\" lang=\"fr-FR\" dir=\"ltr\" data-wpcf7-id=\"2619\">\n<div class=\"screen-reader-response\"><p role=\"status\" aria-live=\"polite\" aria-atomic=\"true\"><\/p> <ul><\/ul><\/div>\n<form action=\"\/fr\/wp-json\/wp\/v2\/pages\/2515#wpcf7-f2619-o1\" method=\"post\" class=\"wpcf7-form init 255c7aad8747 cmatic-conn cmatic-aud-1 cmatic-mapd0-0 cmatic-v0973 cmatic-sent-0 cmatic-total-0\" aria-label=\"Formulaire de contact\" novalidate=\"novalidate\" data-status=\"init\">\n<fieldset class=\"hidden-fields-container\"><input type=\"hidden\" name=\"_wpcf7\" value=\"2619\" \/><input type=\"hidden\" name=\"_wpcf7_version\" value=\"6.1.4\" \/><input type=\"hidden\" name=\"_wpcf7_locale\" value=\"fr_FR\" \/><input type=\"hidden\" name=\"_wpcf7_unit_tag\" value=\"wpcf7-f2619-o1\" \/><input type=\"hidden\" name=\"_wpcf7_container_post\" value=\"0\" \/><input type=\"hidden\" name=\"_wpcf7_posted_data_hash\" value=\"\" \/><input type=\"hidden\" name=\"_wpcf7_recaptcha_response\" value=\"\" \/>\n<\/fieldset>\n<div class=\"cf7\">\n   <p class=\"cf7__heading has-x-large-font-size\"><strong>Parlez-nous de vous, d\u00e9bloquez votre chat personnalis\u00e9 d\u00e8s aujourd&rsquo;hui !<\/strong><\/p>\n   <div class=\"cf7__form\">\n      <div class=\"cf7__form-item\">\n          <label>Pr\u00e9nom*<\/label>\n<span class=\"wpcf7-form-control-wrap\" data-name=\"first-name\"><input size=\"40\" maxlength=\"400\" class=\"wpcf7-form-control wpcf7-text wpcf7-validates-as-required\" aria-required=\"true\" aria-invalid=\"false\" placeholder=\"Entrez votre pr\u00e9nom\" value=\"\" type=\"text\" name=\"first-name\" \/><\/span>\n      <\/div>\n      <div class=\"cf7__form-item\">\n          <label>Nom de famille*<\/label>\n<span class=\"wpcf7-form-control-wrap\" data-name=\"last-name\"><input size=\"40\" maxlength=\"400\" class=\"wpcf7-form-control wpcf7-text wpcf7-validates-as-required\" aria-required=\"true\" aria-invalid=\"false\" placeholder=\"Entrez votre nom de famille\" value=\"\" type=\"text\" name=\"last-name\" \/><\/span>\n      <\/div>\n      <div class=\"cf7__form-item\">\n          <label>E-mail professionnel*<\/label>\n<span class=\"wpcf7-form-control-wrap\" data-name=\"e-mail\"><input size=\"40\" maxlength=\"400\" class=\"wpcf7-form-control wpcf7-text wpcf7-validates-as-required\" aria-required=\"true\" aria-invalid=\"false\" placeholder=\"email@example.com\" value=\"\" type=\"text\" name=\"e-mail\" \/><\/span>\n      <\/div>\n      <div class=\"cf7__form-item\">\n          <label>Commentaire<\/label>\n<span class=\"wpcf7-form-control-wrap\" data-name=\"comment\"><textarea cols=\"40\" rows=\"10\" maxlength=\"2000\" class=\"wpcf7-form-control wpcf7-textarea\" aria-invalid=\"false\" placeholder=\"Votre commentaire\" name=\"comment\"><\/textarea><\/span>\n      <\/div>\n   <\/div>\n   <p class=\"cf7__note has-medium-font-size\">En cliquant sur soumettre, vous confirmez que vous consentez au traitement de vos informations personnelles conform\u00e9ment \u00e0 notre <a href=\"\/privacy-policy\/\">Politique de confidentialit\u00e9.<\/a><\/p>\n<button class=\"wpcf7-submit\" type=\"submit\">Soumettre <i><\/i><\/button>\n<\/div>\n<div class=\"cf7-success\">\n<h3 class=\"wp-block-heading\">Merci d&rsquo;avoir contact\u00e9 l&rsquo;\u00e9quipe commerciale de Calfrenzy !<\/h3>\n<p class=\"has-large-font-size\">L&rsquo;un de nos repr\u00e9sentants commerciaux vous contactera prochainement pour vous fournir une d\u00e9monstration personnalis\u00e9e et r\u00e9pondre \u00e0 toutes les questions que vous pourriez avoir.<\/p>\n<p class=\"has-large-font-size\"><strong>Bienvenue dans le futur de la planification sans tracas avec Calfrenzy !<\/strong><\/p>\n<\/div><p style=\"display: none !important;\" class=\"akismet-fields-container\" data-prefix=\"_wpcf7_ak_\"><label>&#916;<textarea name=\"_wpcf7_ak_hp_textarea\" cols=\"45\" rows=\"8\" maxlength=\"100\"><\/textarea><\/label><input type=\"hidden\" id=\"ak_js_1\" name=\"_wpcf7_ak_js\" value=\"203\"\/><script>document.getElementById( \"ak_js_1\" ).setAttribute( \"value\", ( new Date() ).getTime() );<\/script><\/p><div class=\"wpcf7-response-output\" aria-hidden=\"true\"><\/div>\n<\/form>\n<\/div>\n<\/div>\n<\/div>\n","protected":false},"excerpt":{"rendered":"","protected":false},"author":1,"featured_media":0,"parent":0,"menu_order":0,"comment_status":"closed","ping_status":"closed","template":"new_home.php","meta":{"inline_featured_image":false,"footnotes":""},"class_list":["post-2515","page","type-page","status-publish","hentry"],"yoast_head":"<!-- This site is optimized with the Yoast SEO Premium plugin v26.8 (Yoast SEO v26.8) - https:\/\/yoast.com\/product\/yoast-seo-premium-wordpress\/ -->\n<title>Contactez Notre \u00c9quipe Commerciale | Calfrenzy<\/title>\n<meta name=\"description\" content=\"Contactez Calfrenzy, l\u2019application de planification de premier choix. Synchronisation des fuseaux horaires sans effort, planification inter-organisationnelle simplifi\u00e9e et configuration rapide et efficace.\" \/>\n<meta name=\"robots\" content=\"index, follow, max-snippet:-1, max-image-preview:large, max-video-preview:-1\" \/>\n<link rel=\"canonical\" href=\"https:\/\/calfrenzy.com\/fr\/contactez-lequipe-commerciale\/\" \/>\n<meta property=\"og:locale\" content=\"fr_FR\" \/>\n<meta property=\"og:type\" content=\"article\" \/>\n<meta property=\"og:title\" content=\"Contactez l&#039;\u00c9quipe Commerciale\" \/>\n<meta property=\"og:description\" content=\"Contactez Calfrenzy, l\u2019application de planification de premier choix. Synchronisation des fuseaux horaires sans effort, planification inter-organisationnelle simplifi\u00e9e et configuration rapide et efficace.\" \/>\n<meta property=\"og:url\" content=\"https:\/\/calfrenzy.com\/fr\/contactez-lequipe-commerciale\/\" \/>\n<meta property=\"og:site_name\" content=\"calfrenzy\" \/>\n<meta property=\"article:publisher\" content=\"https:\/\/www.facebook.com\/calfrenzy\" \/>\n<meta property=\"article:modified_time\" content=\"2025-02-20T07:27:36+00:00\" \/>\n<meta property=\"og:image\" content=\"https:\/\/calfrenzy.com\/wp-content\/uploads\/2024\/06\/ease_3.png\" \/>\n\t<meta property=\"og:image:width\" content=\"1620\" \/>\n\t<meta property=\"og:image:height\" content=\"632\" \/>\n\t<meta property=\"og:image:type\" content=\"image\/png\" \/>\n<meta name=\"twitter:card\" content=\"summary_large_image\" \/>\n<meta name=\"twitter:site\" content=\"@calfrenzy53224\" \/>\n<meta name=\"twitter:label1\" content=\"Dur\u00e9e de lecture estim\u00e9e\" \/>\n\t<meta name=\"twitter:data1\" content=\"1 minute\" \/>\n<script type=\"application\/ld+json\" class=\"yoast-schema-graph\">{\"@context\":\"https:\/\/schema.org\",\"@graph\":[{\"@type\":\"WebPage\",\"@id\":\"https:\/\/calfrenzy.com\/fr\/contactez-lequipe-commerciale\/\",\"url\":\"https:\/\/calfrenzy.com\/fr\/contactez-lequipe-commerciale\/\",\"name\":\"Contactez Notre \u00c9quipe Commerciale | Calfrenzy\",\"isPartOf\":{\"@id\":\"https:\/\/calfrenzy.com\/fr\/#website\"},\"datePublished\":\"2023-11-28T14:33:09+00:00\",\"dateModified\":\"2025-02-20T07:27:36+00:00\",\"description\":\"Contactez Calfrenzy, l\u2019application de planification de premier choix. Synchronisation des fuseaux horaires sans effort, planification inter-organisationnelle simplifi\u00e9e et configuration rapide et efficace.\",\"breadcrumb\":{\"@id\":\"https:\/\/calfrenzy.com\/fr\/contactez-lequipe-commerciale\/#breadcrumb\"},\"inLanguage\":\"fr-FR\",\"potentialAction\":[{\"@type\":\"ReadAction\",\"target\":[\"https:\/\/calfrenzy.com\/fr\/contactez-lequipe-commerciale\/\"]}]},{\"@type\":\"BreadcrumbList\",\"@id\":\"https:\/\/calfrenzy.com\/fr\/contactez-lequipe-commerciale\/#breadcrumb\",\"itemListElement\":[{\"@type\":\"ListItem\",\"position\":1,\"name\":\"Home\",\"item\":\"https:\/\/calfrenzy.com\/fr\/\"},{\"@type\":\"ListItem\",\"position\":2,\"name\":\"Contactez l&rsquo;\u00c9quipe Commerciale\"}]},{\"@type\":\"WebSite\",\"@id\":\"https:\/\/calfrenzy.com\/fr\/#website\",\"url\":\"https:\/\/calfrenzy.com\/fr\/\",\"name\":\"Calfrenzy\",\"description\":\"Easy Scheduling Across Time Zones and Organizations\",\"publisher\":{\"@id\":\"https:\/\/calfrenzy.com\/fr\/#organization\"},\"alternateName\":\"calfrenzy\",\"potentialAction\":[{\"@type\":\"SearchAction\",\"target\":{\"@type\":\"EntryPoint\",\"urlTemplate\":\"https:\/\/calfrenzy.com\/fr\/?s={search_term_string}\"},\"query-input\":{\"@type\":\"PropertyValueSpecification\",\"valueRequired\":true,\"valueName\":\"search_term_string\"}}],\"inLanguage\":\"fr-FR\"},{\"@type\":\"Organization\",\"@id\":\"https:\/\/calfrenzy.com\/fr\/#organization\",\"name\":\"Calfrenzy\",\"alternateName\":\"calfrenzy\",\"url\":\"https:\/\/calfrenzy.com\/fr\/\",\"logo\":{\"@type\":\"ImageObject\",\"inLanguage\":\"fr-FR\",\"@id\":\"https:\/\/calfrenzy.com\/fr\/#\/schema\/logo\/image\/\",\"url\":\"https:\/\/calfrenzy.com\/wp-content\/uploads\/2024\/06\/float_6_1.svg\",\"contentUrl\":\"https:\/\/calfrenzy.com\/wp-content\/uploads\/2024\/06\/float_6_1.svg\",\"width\":47,\"height\":50,\"caption\":\"Calfrenzy\"},\"image\":{\"@id\":\"https:\/\/calfrenzy.com\/fr\/#\/schema\/logo\/image\/\"},\"sameAs\":[\"https:\/\/www.facebook.com\/calfrenzy\",\"https:\/\/x.com\/calfrenzy53224\",\"https:\/\/www.youtube.com\/@Calfrenzy\",\"https:\/\/www.linkedin.com\/company\/calfrenzy\",\"https:\/\/www.capterra.com\/p\/10020993\/CalFrenzy\/\",\"https:\/\/chromewebstore.google.com\/detail\/calfrenzy-free-online-app\/igmlifilbgnlaijamohaakgoacoeoidk?hl=en\",\"https:\/\/workspace.google.com\/marketplace\/app\/calfrenzy\/369573383535\",\"https:\/\/www.trustpilot.com\/review\/calfrenzy.com\",\"https:\/\/www.g2.com\/products\/calfrenzy\/reviews\"]}]}<\/script>\n<!-- \/ Yoast SEO Premium plugin. -->","yoast_head_json":{"title":"Contactez Notre \u00c9quipe Commerciale | Calfrenzy","description":"Contactez Calfrenzy, l\u2019application de planification de premier choix. Synchronisation des fuseaux horaires sans effort, planification inter-organisationnelle simplifi\u00e9e et configuration rapide et efficace.","robots":{"index":"index","follow":"follow","max-snippet":"max-snippet:-1","max-image-preview":"max-image-preview:large","max-video-preview":"max-video-preview:-1"},"canonical":"https:\/\/calfrenzy.com\/fr\/contactez-lequipe-commerciale\/","og_locale":"fr_FR","og_type":"article","og_title":"Contactez l'\u00c9quipe Commerciale","og_description":"Contactez Calfrenzy, l\u2019application de planification de premier choix. Synchronisation des fuseaux horaires sans effort, planification inter-organisationnelle simplifi\u00e9e et configuration rapide et efficace.","og_url":"https:\/\/calfrenzy.com\/fr\/contactez-lequipe-commerciale\/","og_site_name":"calfrenzy","article_publisher":"https:\/\/www.facebook.com\/calfrenzy","article_modified_time":"2025-02-20T07:27:36+00:00","og_image":[{"width":1620,"height":632,"url":"https:\/\/calfrenzy.com\/wp-content\/uploads\/2024\/06\/ease_3.png","type":"image\/png"}],"twitter_card":"summary_large_image","twitter_site":"@calfrenzy53224","twitter_misc":{"Dur\u00e9e de lecture estim\u00e9e":"1 minute"},"schema":{"@context":"https:\/\/schema.org","@graph":[{"@type":"WebPage","@id":"https:\/\/calfrenzy.com\/fr\/contactez-lequipe-commerciale\/","url":"https:\/\/calfrenzy.com\/fr\/contactez-lequipe-commerciale\/","name":"Contactez Notre \u00c9quipe Commerciale | Calfrenzy","isPartOf":{"@id":"https:\/\/calfrenzy.com\/fr\/#website"},"datePublished":"2023-11-28T14:33:09+00:00","dateModified":"2025-02-20T07:27:36+00:00","description":"Contactez Calfrenzy, l\u2019application de planification de premier choix. Synchronisation des fuseaux horaires sans effort, planification inter-organisationnelle simplifi\u00e9e et configuration rapide et efficace.","breadcrumb":{"@id":"https:\/\/calfrenzy.com\/fr\/contactez-lequipe-commerciale\/#breadcrumb"},"inLanguage":"fr-FR","potentialAction":[{"@type":"ReadAction","target":["https:\/\/calfrenzy.com\/fr\/contactez-lequipe-commerciale\/"]}]},{"@type":"BreadcrumbList","@id":"https:\/\/calfrenzy.com\/fr\/contactez-lequipe-commerciale\/#breadcrumb","itemListElement":[{"@type":"ListItem","position":1,"name":"Home","item":"https:\/\/calfrenzy.com\/fr\/"},{"@type":"ListItem","position":2,"name":"Contactez l&rsquo;\u00c9quipe Commerciale"}]},{"@type":"WebSite","@id":"https:\/\/calfrenzy.com\/fr\/#website","url":"https:\/\/calfrenzy.com\/fr\/","name":"Calfrenzy","description":"Easy Scheduling Across Time Zones and Organizations","publisher":{"@id":"https:\/\/calfrenzy.com\/fr\/#organization"},"alternateName":"calfrenzy","potentialAction":[{"@type":"SearchAction","target":{"@type":"EntryPoint","urlTemplate":"https:\/\/calfrenzy.com\/fr\/?s={search_term_string}"},"query-input":{"@type":"PropertyValueSpecification","valueRequired":true,"valueName":"search_term_string"}}],"inLanguage":"fr-FR"},{"@type":"Organization","@id":"https:\/\/calfrenzy.com\/fr\/#organization","name":"Calfrenzy","alternateName":"calfrenzy","url":"https:\/\/calfrenzy.com\/fr\/","logo":{"@type":"ImageObject","inLanguage":"fr-FR","@id":"https:\/\/calfrenzy.com\/fr\/#\/schema\/logo\/image\/","url":"https:\/\/calfrenzy.com\/wp-content\/uploads\/2024\/06\/float_6_1.svg","contentUrl":"https:\/\/calfrenzy.com\/wp-content\/uploads\/2024\/06\/float_6_1.svg","width":47,"height":50,"caption":"Calfrenzy"},"image":{"@id":"https:\/\/calfrenzy.com\/fr\/#\/schema\/logo\/image\/"},"sameAs":["https:\/\/www.facebook.com\/calfrenzy","https:\/\/x.com\/calfrenzy53224","https:\/\/www.youtube.com\/@Calfrenzy","https:\/\/www.linkedin.com\/company\/calfrenzy","https:\/\/www.capterra.com\/p\/10020993\/CalFrenzy\/","https:\/\/chromewebstore.google.com\/detail\/calfrenzy-free-online-app\/igmlifilbgnlaijamohaakgoacoeoidk?hl=en","https:\/\/workspace.google.com\/marketplace\/app\/calfrenzy\/369573383535","https:\/\/www.trustpilot.com\/review\/calfrenzy.com","https:\/\/www.g2.com\/products\/calfrenzy\/reviews"]}]}},"_links":{"self":[{"href":"https:\/\/calfrenzy.com\/fr\/wp-json\/wp\/v2\/pages\/2515","targetHints":{"allow":["GET"]}}],"collection":[{"href":"https:\/\/calfrenzy.com\/fr\/wp-json\/wp\/v2\/pages"}],"about":[{"href":"https:\/\/calfrenzy.com\/fr\/wp-json\/wp\/v2\/types\/page"}],"author":[{"embeddable":true,"href":"https:\/\/calfrenzy.com\/fr\/wp-json\/wp\/v2\/users\/1"}],"replies":[{"embeddable":true,"href":"https:\/\/calfrenzy.com\/fr\/wp-json\/wp\/v2\/comments?post=2515"}],"version-history":[{"count":3,"href":"https:\/\/calfrenzy.com\/fr\/wp-json\/wp\/v2\/pages\/2515\/revisions"}],"predecessor-version":[{"id":2979,"href":"https:\/\/calfrenzy.com\/fr\/wp-json\/wp\/v2\/pages\/2515\/revisions\/2979"}],"wp:attachment":[{"href":"https:\/\/calfrenzy.com\/fr\/wp-json\/wp\/v2\/media?parent=2515"}],"curies":[{"name":"wp","href":"https:\/\/api.w.org\/{rel}","templated":true}]}}