{"id":2596,"date":"2024-10-28T10:37:19","date_gmt":"2024-10-28T10:37:19","guid":{"rendered":"https:\/\/calfrenzy.com\/?page_id=2596"},"modified":"2025-07-14T09:10:11","modified_gmt":"2025-07-14T09:10:11","slug":"integrations","status":"publish","type":"page","link":"https:\/\/calfrenzy.com\/fr\/integrations\/","title":{"rendered":"Int\u00e9grations"},"content":{"rendered":"\n<div class=\"wp-block-cf-integrations-banner wrapper_integrations_banner\"><div class=\"integrations_banner\">\n<div class=\"integrations_banner__content\">\n<h1 class=\"wp-block-heading\" id=\"h-calfrenzy-integrations\"><mark style=\"background-color:rgba(0, 0, 0, 0)\" class=\"has-inline-color has-base-green-right-color\">Int\u00e9grations<\/mark> <mark style=\"background-color:rgba(0, 0, 0, 0)\" class=\"has-inline-color has-primary-yellow-color\">Calfrenzy<\/mark><\/h1>\n\n\n\n<p class=\"mobile_align_center\">Exp\u00e9rience client am\u00e9lior\u00e9e et workflow automatis\u00e9. Calfrenzy s&rsquo;int\u00e8gre avec les calendriers, les outils de visioconf\u00e9rence, les outils de traitement des paiements et bien plus encore. <\/p>\n\n\n\n<div class=\"wp-block-button\"><a class=\"wp-block-button__link wp-element-button\" href=\"https:\/\/schedule.calfrenzy.com\/auth\/sign-up?step=1\">Commencez Gratuitement<\/a><\/div>\n<\/div>\n\n\n\n<div class=\"integrations_banner__image\">\n<figure class=\"wp-block-image size-large\"><img decoding=\"async\" width=\"1024\" height=\"763\" src=\"https:\/\/calfrenzy.com\/wp-content\/uploads\/2024\/10\/integrations-banner-1024x763.png\" alt=\"Overview of Calfrenzy's integrations with calendars, video conferencing tools, and payment systems.\" class=\"wp-image-1189\" srcset=\"https:\/\/calfrenzy.com\/wp-content\/uploads\/2024\/10\/integrations-banner-1024x763.png 1024w, https:\/\/calfrenzy.com\/wp-content\/uploads\/2024\/10\/integrations-banner-300x224.png 300w, https:\/\/calfrenzy.com\/wp-content\/uploads\/2024\/10\/integrations-banner-768x572.png 768w, https:\/\/calfrenzy.com\/wp-content\/uploads\/2024\/10\/integrations-banner.png 1406w\" sizes=\"(max-width: 1024px) 100vw, 1024px\" \/><\/figure>\n<\/div>\n<\/div><\/div>\n\n<div class=\"wp-block-cf-integrations-items wrapper_integrations_items\"><div class=\"style_1 integrations_items\">\n<div class=\"integrations_items__text_item\">\n<h2 class=\"wp-block-heading\" id=\"h-calendars\">Calendriers<\/h2>\n\n\n\n<p>\u00c9liminez les doubles r\u00e9servations, synchronisez plusieurs calendriers avec Calfrenzy.<\/p>\n<\/div>\n\n\n\n<div class=\"integrations_items__item\">\n<figure class=\"wp-block-image size-full\"><img decoding=\"async\" width=\"240\" height=\"240\" src=\"https:\/\/calfrenzy.com\/wp-content\/uploads\/2025\/02\/google-calendar.png\" alt=\"Int&#xE9;gration de Calfrenzy avec Google Calendar\" class=\"wp-image-5610\" srcset=\"https:\/\/calfrenzy.com\/wp-content\/uploads\/2025\/02\/google-calendar.png 240w, https:\/\/calfrenzy.com\/wp-content\/uploads\/2025\/02\/google-calendar-150x150.png 150w\" sizes=\"(max-width: 240px) 100vw, 240px\" \/><\/figure>\n\n\n\n<h3 class=\"wp-block-heading\" id=\"h-google-calendar\">Google Agenda<\/h3>\n<\/div>\n\n\n\n<div class=\"integrations_items__item\">\n<figure class=\"wp-block-image size-full\"><img decoding=\"async\" width=\"240\" height=\"240\" src=\"https:\/\/calfrenzy.com\/wp-content\/uploads\/2025\/02\/outlook-calendar.png\" alt=\"Int&#xE9;gration de Calfrenzy avec Outlook Calendar\" class=\"wp-image-5612\" srcset=\"https:\/\/calfrenzy.com\/wp-content\/uploads\/2025\/02\/outlook-calendar.png 240w, https:\/\/calfrenzy.com\/wp-content\/uploads\/2025\/02\/outlook-calendar-150x150.png 150w\" sizes=\"(max-width: 240px) 100vw, 240px\" \/><\/figure>\n\n\n\n<h3 class=\"wp-block-heading\" id=\"h-outlook-calendar\">Outlook Calendar<\/h3>\n<\/div>\n\n\n\n<div class=\"integrations_items__item\">\n<figure class=\"wp-block-image size-full\"><img decoding=\"async\" width=\"240\" height=\"240\" src=\"https:\/\/calfrenzy.com\/wp-content\/uploads\/2025\/02\/microsoft-calendar.png\" alt=\"Int&#xE9;gration de Calfrenzy avec Microsoft 365 Calendar\" class=\"wp-image-5614\" srcset=\"https:\/\/calfrenzy.com\/wp-content\/uploads\/2025\/02\/microsoft-calendar.png 240w, https:\/\/calfrenzy.com\/wp-content\/uploads\/2025\/02\/microsoft-calendar-150x150.png 150w\" sizes=\"(max-width: 240px) 100vw, 240px\" \/><\/figure>\n\n\n\n<h3 class=\"wp-block-heading\" id=\"h-microsoft-365-calendar\">Calendrier Microsoft 365<\/h3>\n<\/div>\n\n\n\n<div class=\"integrations_items__item\">\n<figure class=\"wp-block-image size-full\"><img decoding=\"async\" width=\"240\" height=\"240\" src=\"https:\/\/calfrenzy.com\/wp-content\/uploads\/2025\/02\/cloud-MS-exchange-calendar.png\" alt=\"Int&#xE9;gration de Calfrenzy avec MS Exchange Calendar (Cloud)\" class=\"wp-image-5615\" srcset=\"https:\/\/calfrenzy.com\/wp-content\/uploads\/2025\/02\/cloud-MS-exchange-calendar.png 240w, https:\/\/calfrenzy.com\/wp-content\/uploads\/2025\/02\/cloud-MS-exchange-calendar-150x150.png 150w\" sizes=\"(max-width: 240px) 100vw, 240px\" \/><\/figure>\n\n\n\n<h3 class=\"wp-block-heading\" id=\"h-cloud-ms-exchange-calendar\">Calendrier Exchange MS Cloud<\/h3>\n<\/div>\n\n\n\n<div class=\"integrations_items__item\">\n<figure class=\"wp-block-image size-full\"><img decoding=\"async\" width=\"240\" height=\"240\" src=\"https:\/\/calfrenzy.com\/wp-content\/uploads\/2025\/02\/iCloud-calendar-.png\" alt=\"Int&#xE9;gration de Calfrenzy avec iCloud Calendar\" class=\"wp-image-5616\" srcset=\"https:\/\/calfrenzy.com\/wp-content\/uploads\/2025\/02\/iCloud-calendar-.png 240w, https:\/\/calfrenzy.com\/wp-content\/uploads\/2025\/02\/iCloud-calendar--150x150.png 150w\" sizes=\"(max-width: 240px) 100vw, 240px\" \/><\/figure>\n\n\n\n<h3 class=\"wp-block-heading\" id=\"h-icloud-calendar\">Calendrier iCloud<\/h3>\n<\/div>\n<\/div><\/div>\n\n<div class=\"wp-block-cf-features-block wrapper_features_block\"><div class=\"features_block left\">\n<div class=\"features_block__content\">\n<h2 class=\"wp-block-heading\" id=\"h-video-conferencing\">Visioconf\u00e9rence<\/h2>\n\n\n\n<p>Connectez-vous \u00e0 l&rsquo;\u00e9chelle mondiale, ajoutez-le automatiquement \u00e0 vos r\u00e9unions.<\/p>\n\n\n\n<div class=\"features_block__content-integrations\">\n<div class=\"features_block__content-integrations--item\">\n<figure class=\"wp-block-image size-full\"><img decoding=\"async\" width=\"120\" height=\"120\" src=\"https:\/\/calfrenzy.com\/wp-content\/uploads\/2025\/02\/Google-Meet.png\" alt=\"Google Meet\" class=\"wp-image-5617\"\/><\/figure>\n\n\n\n<h3 class=\"wp-block-heading\" id=\"h-google-meet-integration\">Int\u00e9gration avec Google Meet<\/h3>\n<\/div>\n\n\n\n<div class=\"features_block__content-integrations--item\">\n<figure class=\"wp-block-image size-full\"><img decoding=\"async\" width=\"120\" height=\"120\" src=\"https:\/\/calfrenzy.com\/wp-content\/uploads\/2025\/02\/Microsoft-Teams.png\" alt=\"Microsoft Teams\" class=\"wp-image-5618\"\/><\/figure>\n\n\n\n<h3 class=\"wp-block-heading\" id=\"h-microsoft-teams-integration\">Int\u00e9gration avec Microsoft Teams<\/h3>\n<\/div>\n\n\n\n<div class=\"features_block__content-integrations--item\">\n<figure class=\"wp-block-image size-full\"><img decoding=\"async\" width=\"120\" height=\"120\" src=\"https:\/\/calfrenzy.com\/wp-content\/uploads\/2025\/02\/Zoom.png\" alt=\"Zoom\" class=\"wp-image-5619\"\/><\/figure>\n\n\n\n<h3 class=\"wp-block-heading\" id=\"h-zoom-integration\">Int\u00e9gration avec Zoom<\/h3>\n<\/div>\n<\/div>\n<\/div>\n\n\n\n<div class=\"features_block__image\">\n<figure class=\"wp-block-image size-large\"><img decoding=\"async\" src=\"https:\/\/calfrenzy.com\/wp-content\/uploads\/2025\/04\/Video-Conferencing-French-1024x748.png\" alt=\"Image showing options for video conferencing using Google meet, Microsoft Teams and Zoom. \" class=\"wp-image-1705\"\/><\/figure>\n<\/div>\n<\/div><\/div>\n\n<div class=\"wp-block-cf-features-block wrapper_features_block\"><div class=\"features_block right\">\n<div class=\"features_block__content\">\n<h2 class=\"wp-block-heading\" id=\"h-payments\">Paiements<\/h2>\n\n\n\n<p><a href=\"https:\/\/calfrenzy.com\/fr\/?page_id=7698\">L\u2019int\u00e9gration des paiements<\/a> fluide de Calfrenzy vous permet d\u2019accepter des paiements en toute s\u00e9curit\u00e9 au moment de la r\u00e9servation. <\/p>\n\n\n\n<p>Que vous facturiez \u00e0 l\u2019avance ou demandiez un acompte, vous pouvez automatiser le processus pour r\u00e9duire les absences et offrir une exp\u00e9rience de planification plus fluide et plus professionnelle.<\/p>\n\n\n\n<div class=\"features_block__content-integrations\">\n<div class=\"features_block__content-integrations--item\">\n<figure class=\"wp-block-image size-full\"><img decoding=\"async\" width=\"120\" height=\"120\" src=\"https:\/\/calfrenzy.com\/wp-content\/uploads\/2025\/02\/Integrations-Stripe.png\" alt=\"Stripe\" class=\"wp-image-5620\"\/><\/figure>\n\n\n\n<h3 class=\"wp-block-heading\" id=\"h-stripe-integration\">Int\u00e9gration Stripe<\/h3>\n<\/div>\n<\/div>\n<\/div>\n\n\n\n<div class=\"features_block__image\">\n<figure class=\"wp-block-image size-full\"><img decoding=\"async\" src=\"https:\/\/calfrenzy.com\/wp-content\/uploads\/2025\/04\/Online-Payments-French-1.png\" alt=\"Collect secure payments in advance through Calfrenzy's Stripe integration.\" class=\"wp-image-1727\"\/><\/figure>\n<\/div>\n<\/div><\/div>\n\n<div class=\"wp-block-cf-integrations-items wrapper_integrations_items\"><div class=\"style_2 integrations_items\">\n<div class=\"integrations_items__text_item\">\n<h2 class=\"wp-block-heading\" id=\"h-more-powerful-integrations\">Des int\u00e9grations plus puissantes<\/h2>\n\n\n\n<p>Ces outils utiles permettent d&rsquo;am\u00e9liorer l&rsquo;exp\u00e9rience du service client et le flux de travail productif.<\/p>\n<\/div>\n\n\n\n<div class=\"integrations_items__item\">\n<figure class=\"wp-block-image size-full\"><img decoding=\"async\" width=\"240\" height=\"240\" src=\"https:\/\/calfrenzy.com\/wp-content\/uploads\/2025\/02\/Google-Analytics.png\" alt=\"Google Analytics\" class=\"wp-image-5621\" srcset=\"https:\/\/calfrenzy.com\/wp-content\/uploads\/2025\/02\/Google-Analytics.png 240w, https:\/\/calfrenzy.com\/wp-content\/uploads\/2025\/02\/Google-Analytics-150x150.png 150w\" sizes=\"(max-width: 240px) 100vw, 240px\" \/><\/figure>\n\n\n\n<h3 class=\"wp-block-heading\" id=\"h-google-analytics-coming-soon\">Google Analytics <strong>bient\u00f4t disponible<\/strong><\/h3>\n<\/div>\n\n\n\n<div class=\"integrations_items__item\">\n<figure class=\"wp-block-image size-full\"><img decoding=\"async\" width=\"240\" height=\"240\" src=\"https:\/\/calfrenzy.com\/wp-content\/uploads\/2025\/02\/Google-Chrome.png\" alt=\"Calfrenzy pour Chrome\" class=\"wp-image-5622\" srcset=\"https:\/\/calfrenzy.com\/wp-content\/uploads\/2025\/02\/Google-Chrome.png 240w, https:\/\/calfrenzy.com\/wp-content\/uploads\/2025\/02\/Google-Chrome-150x150.png 150w\" sizes=\"(max-width: 240px) 100vw, 240px\" \/><\/figure>\n\n\n\n<h3 class=\"wp-block-heading\" id=\"h-calfrenzy-for-chrome\"><a href=\"https:\/\/chromewebstore.google.com\/detail\/calfrenzy-free-online-app\/igmlifilbgnlaijamohaakgoacoeoidk\">Calfrenzy pour Chrome<\/a><\/h3>\n<\/div>\n\n\n\n<div class=\"integrations_items__item\">\n<figure class=\"wp-block-image size-full\"><img decoding=\"async\" width=\"240\" height=\"240\" src=\"https:\/\/calfrenzy.com\/wp-content\/uploads\/2025\/02\/Calfrenzy-for-Gmail.png\" alt=\"Calfrenzy pour Gmail\" class=\"wp-image-5623\" srcset=\"https:\/\/calfrenzy.com\/wp-content\/uploads\/2025\/02\/Calfrenzy-for-Gmail.png 240w, https:\/\/calfrenzy.com\/wp-content\/uploads\/2025\/02\/Calfrenzy-for-Gmail-150x150.png 150w\" sizes=\"(max-width: 240px) 100vw, 240px\" \/><\/figure>\n\n\n\n<h3 class=\"wp-block-heading\" id=\"h-calfrenzy-for-gmail\">Calfrenzy pour Gmail<\/h3>\n<\/div>\n\n\n\n<div class=\"integrations_items__item\">\n<figure class=\"wp-block-image size-full\"><img decoding=\"async\" width=\"240\" height=\"240\" src=\"https:\/\/calfrenzy.com\/wp-content\/uploads\/2025\/02\/Calfrenzy-for-LinkedIn.png\" alt=\"Calfrenzy pour LinkedIn\" class=\"wp-image-5624\" srcset=\"https:\/\/calfrenzy.com\/wp-content\/uploads\/2025\/02\/Calfrenzy-for-LinkedIn.png 240w, https:\/\/calfrenzy.com\/wp-content\/uploads\/2025\/02\/Calfrenzy-for-LinkedIn-150x150.png 150w\" sizes=\"(max-width: 240px) 100vw, 240px\" \/><\/figure>\n\n\n\n<h3 class=\"wp-block-heading\" id=\"h-calfrenzy-for-linkedin\">Calfrenzy pour LinkedIn<\/h3>\n<\/div>\n\n\n\n<div class=\"integrations_items__item\">\n<figure class=\"wp-block-image size-full\"><img decoding=\"async\" width=\"240\" height=\"240\" src=\"https:\/\/calfrenzy.com\/wp-content\/uploads\/2025\/02\/Google-Contacts.png\" alt=\"Contacts Google\" class=\"wp-image-5625\" srcset=\"https:\/\/calfrenzy.com\/wp-content\/uploads\/2025\/02\/Google-Contacts.png 240w, https:\/\/calfrenzy.com\/wp-content\/uploads\/2025\/02\/Google-Contacts-150x150.png 150w\" sizes=\"(max-width: 240px) 100vw, 240px\" \/><\/figure>\n\n\n\n<h3 class=\"wp-block-heading\" id=\"h-google-contacts\">Contacts Google<\/h3>\n<\/div>\n<\/div><\/div>\n\n<div class=\"wp-block-cf-features-block wrapper_features_block\"><div class=\"features_block left\">\n<div class=\"features_block__content\">\n<h2 class=\"wp-block-heading\" id=\"h-give-us-a-suggestion\">Faites-nous une suggestion<\/h2>\n\n\n\n<p class=\"mobile_align_center\">Faites-nous savoir quelle int\u00e9gration manque dans votre flux de travail.<\/p>\n\n\n\n<div class=\"link_with_arrow\"><a class=\"link_with_arrow\" href=\"https:\/\/calfrenzy.com\/fr\/support\/\" data-target=\"\"><span>Page d&rsquo;aide<\/span><i class=\"icon icon-arrow-right\"><\/i><\/a><\/div>\n<\/div>\n\n\n\n<div class=\"features_block__image\">\n<figure class=\"wp-block-image size-full\"><img decoding=\"async\" src=\"https:\/\/calfrenzy.com\/wp-content\/uploads\/2025\/04\/Give-Us-a-Suggestion-French.png\" alt=\"Submit suggestions for new integrations to enhance Calfrenzy's functionality.\" class=\"wp-image-1735\"\/><\/figure>\n<\/div>\n<\/div><\/div>\n\n<div class=\"wp-block-cf-yellow-cta wrapper_yellow_cta\"><div class=\"yellow_cta\"><div class=\"yellow_cta__content\">\n<h2 class=\"wp-block-heading has-text-align-center\" id=\"h-sign-up-is-easy-90-seconds\">Inscription Facile en <strong>90 Secondes<\/strong><\/h2>\n\n\n\n<p class=\"has-text-align-center\">Pr\u00eat \u00e0 rendre la planification sans stress ?<br\/>Vous pouvez <strong>vous inscrire, connecter votre calendrier et commencer \u00e0 planifier<\/strong> en seulement <strong>90 secondes.<\/strong><br\/>C\u2019est aussi simple que cela.<\/p>\n\n\n\n<div class=\"wp-block-button\"><a class=\"wp-block-button__link wp-element-button\" href=\"https:\/\/schedule.calfrenzy.com\/auth\/sign-up?step=1\">Commencez Gratuitement<\/a><\/div>\n<\/div><\/div><\/div>\n","protected":false},"excerpt":{"rendered":"","protected":false},"author":1,"featured_media":10242,"parent":0,"menu_order":0,"comment_status":"closed","ping_status":"closed","template":"","meta":{"inline_featured_image":false,"footnotes":""},"class_list":["post-2596","page","type-page","status-publish","has-post-thumbnail","hentry"],"yoast_head":"<!-- This site is optimized with the Yoast SEO Premium plugin v26.8 (Yoast SEO v26.8) - https:\/\/yoast.com\/product\/yoast-seo-premium-wordpress\/ -->\n<title>Int\u00e9grations - Calfrenzy<\/title>\n<meta name=\"description\" content=\"Int\u00e9grez le planificateur de r\u00e9unions Calfrenzy avec vos outils pr\u00e9f\u00e9r\u00e9s : synchronisation avec Google Calendar, Stripe, visioconf\u00e9rence et bien d&#039;autres applications.\" \/>\n<meta name=\"robots\" content=\"index, follow, max-snippet:-1, max-image-preview:large, max-video-preview:-1\" \/>\n<link rel=\"canonical\" href=\"https:\/\/calfrenzy.com\/fr\/integrations\/\" \/>\n<meta property=\"og:locale\" content=\"fr_FR\" \/>\n<meta property=\"og:type\" content=\"article\" \/>\n<meta property=\"og:title\" content=\"Int\u00e9grations\" \/>\n<meta property=\"og:description\" content=\"Int\u00e9grez le planificateur de r\u00e9unions Calfrenzy avec vos outils pr\u00e9f\u00e9r\u00e9s : synchronisation avec Google Calendar, Stripe, visioconf\u00e9rence et bien d&#039;autres applications.\" \/>\n<meta property=\"og:url\" content=\"https:\/\/calfrenzy.com\/fr\/integrations\/\" \/>\n<meta property=\"og:site_name\" content=\"calfrenzy\" \/>\n<meta property=\"article:publisher\" content=\"https:\/\/www.facebook.com\/calfrenzy\" \/>\n<meta property=\"article:modified_time\" content=\"2025-07-14T09:10:11+00:00\" \/>\n<meta property=\"og:image\" content=\"https:\/\/calfrenzy.com\/wp-content\/uploads\/2024\/10\/integrations-banner-1024x763.png\" \/>\n<meta name=\"twitter:card\" content=\"summary_large_image\" \/>\n<meta name=\"twitter:site\" content=\"@calfrenzy53224\" \/>\n<meta name=\"twitter:label1\" content=\"Dur\u00e9e de lecture estim\u00e9e\" \/>\n\t<meta name=\"twitter:data1\" content=\"1 minute\" \/>\n<script type=\"application\/ld+json\" class=\"yoast-schema-graph\">{\"@context\":\"https:\/\/schema.org\",\"@graph\":[{\"@type\":\"WebPage\",\"@id\":\"https:\/\/calfrenzy.com\/fr\/integrations\/\",\"url\":\"https:\/\/calfrenzy.com\/fr\/integrations\/\",\"name\":\"Int\u00e9grations - Calfrenzy\",\"isPartOf\":{\"@id\":\"https:\/\/calfrenzy.com\/fr\/#website\"},\"primaryImageOfPage\":{\"@id\":\"https:\/\/calfrenzy.com\/fr\/integrations\/#primaryimage\"},\"image\":{\"@id\":\"https:\/\/calfrenzy.com\/fr\/integrations\/#primaryimage\"},\"thumbnailUrl\":\"https:\/\/calfrenzy.com\/wp-content\/uploads\/2025\/11\/Integrations-French.png\",\"datePublished\":\"2024-10-28T10:37:19+00:00\",\"dateModified\":\"2025-07-14T09:10:11+00:00\",\"description\":\"Int\u00e9grez le planificateur de r\u00e9unions Calfrenzy avec vos outils pr\u00e9f\u00e9r\u00e9s : synchronisation avec Google Calendar, Stripe, visioconf\u00e9rence et bien d'autres applications.\",\"breadcrumb\":{\"@id\":\"https:\/\/calfrenzy.com\/fr\/integrations\/#breadcrumb\"},\"inLanguage\":\"fr-FR\",\"potentialAction\":[{\"@type\":\"ReadAction\",\"target\":[\"https:\/\/calfrenzy.com\/fr\/integrations\/\"]}]},{\"@type\":\"ImageObject\",\"inLanguage\":\"fr-FR\",\"@id\":\"https:\/\/calfrenzy.com\/fr\/integrations\/#primaryimage\",\"url\":\"https:\/\/calfrenzy.com\/wp-content\/uploads\/2025\/11\/Integrations-French.png\",\"contentUrl\":\"https:\/\/calfrenzy.com\/wp-content\/uploads\/2025\/11\/Integrations-French.png\",\"width\":1200,\"height\":630},{\"@type\":\"BreadcrumbList\",\"@id\":\"https:\/\/calfrenzy.com\/fr\/integrations\/#breadcrumb\",\"itemListElement\":[{\"@type\":\"ListItem\",\"position\":1,\"name\":\"Home\",\"item\":\"https:\/\/calfrenzy.com\/fr\/\"},{\"@type\":\"ListItem\",\"position\":2,\"name\":\"Int\u00e9grations\"}]},{\"@type\":\"WebSite\",\"@id\":\"https:\/\/calfrenzy.com\/fr\/#website\",\"url\":\"https:\/\/calfrenzy.com\/fr\/\",\"name\":\"Calfrenzy\",\"description\":\"Easy Scheduling Across Time Zones and Organizations\",\"publisher\":{\"@id\":\"https:\/\/calfrenzy.com\/fr\/#organization\"},\"alternateName\":\"calfrenzy\",\"potentialAction\":[{\"@type\":\"SearchAction\",\"target\":{\"@type\":\"EntryPoint\",\"urlTemplate\":\"https:\/\/calfrenzy.com\/fr\/?s={search_term_string}\"},\"query-input\":{\"@type\":\"PropertyValueSpecification\",\"valueRequired\":true,\"valueName\":\"search_term_string\"}}],\"inLanguage\":\"fr-FR\"},{\"@type\":\"Organization\",\"@id\":\"https:\/\/calfrenzy.com\/fr\/#organization\",\"name\":\"Calfrenzy\",\"alternateName\":\"calfrenzy\",\"url\":\"https:\/\/calfrenzy.com\/fr\/\",\"logo\":{\"@type\":\"ImageObject\",\"inLanguage\":\"fr-FR\",\"@id\":\"https:\/\/calfrenzy.com\/fr\/#\/schema\/logo\/image\/\",\"url\":\"https:\/\/calfrenzy.com\/wp-content\/uploads\/2024\/06\/float_6_1.svg\",\"contentUrl\":\"https:\/\/calfrenzy.com\/wp-content\/uploads\/2024\/06\/float_6_1.svg\",\"width\":47,\"height\":50,\"caption\":\"Calfrenzy\"},\"image\":{\"@id\":\"https:\/\/calfrenzy.com\/fr\/#\/schema\/logo\/image\/\"},\"sameAs\":[\"https:\/\/www.facebook.com\/calfrenzy\",\"https:\/\/x.com\/calfrenzy53224\",\"https:\/\/www.youtube.com\/@Calfrenzy\",\"https:\/\/www.linkedin.com\/company\/calfrenzy\",\"https:\/\/www.capterra.com\/p\/10020993\/CalFrenzy\/\",\"https:\/\/chromewebstore.google.com\/detail\/calfrenzy-free-online-app\/igmlifilbgnlaijamohaakgoacoeoidk?hl=en\",\"https:\/\/workspace.google.com\/marketplace\/app\/calfrenzy\/369573383535\",\"https:\/\/www.trustpilot.com\/review\/calfrenzy.com\",\"https:\/\/www.g2.com\/products\/calfrenzy\/reviews\"]}]}<\/script>\n<!-- \/ Yoast SEO Premium plugin. -->","yoast_head_json":{"title":"Int\u00e9grations - Calfrenzy","description":"Int\u00e9grez le planificateur de r\u00e9unions Calfrenzy avec vos outils pr\u00e9f\u00e9r\u00e9s : synchronisation avec Google Calendar, Stripe, visioconf\u00e9rence et bien d'autres applications.","robots":{"index":"index","follow":"follow","max-snippet":"max-snippet:-1","max-image-preview":"max-image-preview:large","max-video-preview":"max-video-preview:-1"},"canonical":"https:\/\/calfrenzy.com\/fr\/integrations\/","og_locale":"fr_FR","og_type":"article","og_title":"Int\u00e9grations","og_description":"Int\u00e9grez le planificateur de r\u00e9unions Calfrenzy avec vos outils pr\u00e9f\u00e9r\u00e9s : synchronisation avec Google Calendar, Stripe, visioconf\u00e9rence et bien d'autres applications.","og_url":"https:\/\/calfrenzy.com\/fr\/integrations\/","og_site_name":"calfrenzy","article_publisher":"https:\/\/www.facebook.com\/calfrenzy","article_modified_time":"2025-07-14T09:10:11+00:00","og_image":[{"url":"https:\/\/calfrenzy.com\/wp-content\/uploads\/2024\/10\/integrations-banner-1024x763.png","type":"","width":"","height":""}],"twitter_card":"summary_large_image","twitter_site":"@calfrenzy53224","twitter_misc":{"Dur\u00e9e de lecture estim\u00e9e":"1 minute"},"schema":{"@context":"https:\/\/schema.org","@graph":[{"@type":"WebPage","@id":"https:\/\/calfrenzy.com\/fr\/integrations\/","url":"https:\/\/calfrenzy.com\/fr\/integrations\/","name":"Int\u00e9grations - Calfrenzy","isPartOf":{"@id":"https:\/\/calfrenzy.com\/fr\/#website"},"primaryImageOfPage":{"@id":"https:\/\/calfrenzy.com\/fr\/integrations\/#primaryimage"},"image":{"@id":"https:\/\/calfrenzy.com\/fr\/integrations\/#primaryimage"},"thumbnailUrl":"https:\/\/calfrenzy.com\/wp-content\/uploads\/2025\/11\/Integrations-French.png","datePublished":"2024-10-28T10:37:19+00:00","dateModified":"2025-07-14T09:10:11+00:00","description":"Int\u00e9grez le planificateur de r\u00e9unions Calfrenzy avec vos outils pr\u00e9f\u00e9r\u00e9s : synchronisation avec Google Calendar, Stripe, visioconf\u00e9rence et bien d'autres applications.","breadcrumb":{"@id":"https:\/\/calfrenzy.com\/fr\/integrations\/#breadcrumb"},"inLanguage":"fr-FR","potentialAction":[{"@type":"ReadAction","target":["https:\/\/calfrenzy.com\/fr\/integrations\/"]}]},{"@type":"ImageObject","inLanguage":"fr-FR","@id":"https:\/\/calfrenzy.com\/fr\/integrations\/#primaryimage","url":"https:\/\/calfrenzy.com\/wp-content\/uploads\/2025\/11\/Integrations-French.png","contentUrl":"https:\/\/calfrenzy.com\/wp-content\/uploads\/2025\/11\/Integrations-French.png","width":1200,"height":630},{"@type":"BreadcrumbList","@id":"https:\/\/calfrenzy.com\/fr\/integrations\/#breadcrumb","itemListElement":[{"@type":"ListItem","position":1,"name":"Home","item":"https:\/\/calfrenzy.com\/fr\/"},{"@type":"ListItem","position":2,"name":"Int\u00e9grations"}]},{"@type":"WebSite","@id":"https:\/\/calfrenzy.com\/fr\/#website","url":"https:\/\/calfrenzy.com\/fr\/","name":"Calfrenzy","description":"Easy Scheduling Across Time Zones and Organizations","publisher":{"@id":"https:\/\/calfrenzy.com\/fr\/#organization"},"alternateName":"calfrenzy","potentialAction":[{"@type":"SearchAction","target":{"@type":"EntryPoint","urlTemplate":"https:\/\/calfrenzy.com\/fr\/?s={search_term_string}"},"query-input":{"@type":"PropertyValueSpecification","valueRequired":true,"valueName":"search_term_string"}}],"inLanguage":"fr-FR"},{"@type":"Organization","@id":"https:\/\/calfrenzy.com\/fr\/#organization","name":"Calfrenzy","alternateName":"calfrenzy","url":"https:\/\/calfrenzy.com\/fr\/","logo":{"@type":"ImageObject","inLanguage":"fr-FR","@id":"https:\/\/calfrenzy.com\/fr\/#\/schema\/logo\/image\/","url":"https:\/\/calfrenzy.com\/wp-content\/uploads\/2024\/06\/float_6_1.svg","contentUrl":"https:\/\/calfrenzy.com\/wp-content\/uploads\/2024\/06\/float_6_1.svg","width":47,"height":50,"caption":"Calfrenzy"},"image":{"@id":"https:\/\/calfrenzy.com\/fr\/#\/schema\/logo\/image\/"},"sameAs":["https:\/\/www.facebook.com\/calfrenzy","https:\/\/x.com\/calfrenzy53224","https:\/\/www.youtube.com\/@Calfrenzy","https:\/\/www.linkedin.com\/company\/calfrenzy","https:\/\/www.capterra.com\/p\/10020993\/CalFrenzy\/","https:\/\/chromewebstore.google.com\/detail\/calfrenzy-free-online-app\/igmlifilbgnlaijamohaakgoacoeoidk?hl=en","https:\/\/workspace.google.com\/marketplace\/app\/calfrenzy\/369573383535","https:\/\/www.trustpilot.com\/review\/calfrenzy.com","https:\/\/www.g2.com\/products\/calfrenzy\/reviews"]}]}},"_links":{"self":[{"href":"https:\/\/calfrenzy.com\/fr\/wp-json\/wp\/v2\/pages\/2596","targetHints":{"allow":["GET"]}}],"collection":[{"href":"https:\/\/calfrenzy.com\/fr\/wp-json\/wp\/v2\/pages"}],"about":[{"href":"https:\/\/calfrenzy.com\/fr\/wp-json\/wp\/v2\/types\/page"}],"author":[{"embeddable":true,"href":"https:\/\/calfrenzy.com\/fr\/wp-json\/wp\/v2\/users\/1"}],"replies":[{"embeddable":true,"href":"https:\/\/calfrenzy.com\/fr\/wp-json\/wp\/v2\/comments?post=2596"}],"version-history":[{"count":13,"href":"https:\/\/calfrenzy.com\/fr\/wp-json\/wp\/v2\/pages\/2596\/revisions"}],"predecessor-version":[{"id":7820,"href":"https:\/\/calfrenzy.com\/fr\/wp-json\/wp\/v2\/pages\/2596\/revisions\/7820"}],"wp:featuredmedia":[{"embeddable":true,"href":"https:\/\/calfrenzy.com\/fr\/wp-json\/wp\/v2\/media\/10242"}],"wp:attachment":[{"href":"https:\/\/calfrenzy.com\/fr\/wp-json\/wp\/v2\/media?parent=2596"}],"curies":[{"name":"wp","href":"https:\/\/api.w.org\/{rel}","templated":true}]}}