{"id":2684,"date":"2025-01-07T10:48:56","date_gmt":"2025-01-07T10:48:56","guid":{"rendered":"https:\/\/calfrenzy.com\/?page_id=2684"},"modified":"2025-10-03T14:44:33","modified_gmt":"2025-10-03T14:44:33","slug":"feuille-de-route","status":"publish","type":"page","link":"https:\/\/calfrenzy.com\/fr\/feuille-de-route\/","title":{"rendered":"Feuille de route"},"content":{"rendered":"\n<div class=\"wp-block-cf-blue-banner wrapper_blue_banner\"><div class=\"blue_banner\">\n<h1 class=\"wp-block-heading\" id=\"h-roadmap-calfrenzy\">Feuille de route Calfrenzy<\/h1>\n\n\n\n<div class=\"wp-block-button\"><a class=\"wp-block-button__link wp-element-button\" href=\"https:\/\/calfrenzy.com\/fr\/demandes-de-fonctionnalites\/\">Soumettre une demande de nouvelle fonctionnalit\u00e9<\/a><\/div>\n<\/div><\/div>\n\n<div class=\"wp-block-cf-roadmap wrapper_roadmap\"><div class=\"roadmap\">\n<div class=\"wp-block-cf-roadmap-column roadmap__column\">\n<div class=\"wp-block-cf-roadmap-header-item roadmap_item_header\">\n<p>Pr\u00e9vu<\/p>\n<\/div>\n\n\n\n<div class=\"wp-block-cf-roadmap-item roadmap_item\">\n<p>Planification en rotation<\/p>\n\n\n\n<div class=\"wp-block-cf-roadmap-item-tooltip roadmap_item__tooltip\">\n<p><\/p>\n<\/div>\n<\/div>\n\n\n\n<div class=\"wp-block-cf-roadmap-item roadmap_item\">\n<p>Support des webhooks<\/p>\n\n\n\n<div class=\"wp-block-cf-roadmap-item-tooltip roadmap_item__tooltip\">\n<p><\/p>\n<\/div>\n<\/div>\n\n\n\n<div class=\"wp-block-cf-roadmap-item roadmap_item\">\n<p>Int\u00e9gration avec Zapier<\/p>\n\n\n\n<div class=\"wp-block-cf-roadmap-item-tooltip roadmap_item__tooltip\">\n<p><\/p>\n<\/div>\n<\/div>\n\n\n\n<div class=\"wp-block-cf-roadmap-item roadmap_item\">\n<p>\u00c9v\u00e9nements r\u00e9currents (1 \u00e0 1, Groupe \u00e0 1, Planification de groupe et 1 \u00e0 plusieurs)<\/p>\n\n\n\n<div class=\"wp-block-cf-roadmap-item-tooltip roadmap_item__tooltip\">\n<p><\/p>\n<\/div>\n<\/div>\n\n\n\n<div class=\"wp-block-cf-roadmap-item roadmap_item\">\n<p>Fonctionnalit\u00e9 de r\u00e9servations simultan\u00e9es avec options de paiement<\/p>\n\n\n\n<div class=\"wp-block-cf-roadmap-item-tooltip roadmap_item__tooltip\">\n<p><\/p>\n<\/div>\n<\/div>\n\n\n\n<div class=\"wp-block-cf-roadmap-item roadmap_item\">\n<p>Rappels d&rsquo;\u00e9v\u00e9nements par SMS et WhatsApp<\/p>\n\n\n\n<div class=\"wp-block-cf-roadmap-item-tooltip roadmap_item__tooltip\">\n<p><\/p>\n<\/div>\n<\/div>\n\n\n\n<div class=\"wp-block-cf-roadmap-item roadmap_item\">\n<p>Copier la disponibilit\u00e9 avec des jours personnalis\u00e9s et des notifications d&rsquo;expiration<\/p>\n\n\n\n<div class=\"wp-block-cf-roadmap-item-tooltip roadmap_item__tooltip\">\n<p><\/p>\n<\/div>\n<\/div>\n<\/div>\n\n\n\n<div class=\"wp-block-cf-roadmap-column roadmap__column\">\n<div class=\"wp-block-cf-roadmap-header-item roadmap_item_header\">\n<p>En cours<\/p>\n<\/div>\n\n\n\n<div class=\"wp-block-cf-roadmap-item roadmap_item\">\n<p>R\u00e9unions ponctuelles<\/p>\n\n\n\n<div class=\"wp-block-cf-roadmap-item-tooltip roadmap_item__tooltip\">\n<p><\/p>\n<\/div>\n<\/div>\n\n\n\n<div class=\"wp-block-cf-roadmap-item roadmap_item\">\n<p>Paypal pour recevoir les paiements des clients<\/p>\n\n\n\n<div class=\"wp-block-cf-roadmap-item-tooltip roadmap_item__tooltip\">\n<p><\/p>\n<\/div>\n<\/div>\n\n\n\n<div class=\"wp-block-cf-roadmap-item roadmap_item\">\n<p>Les clients paient les s\u00e9ances \u00e0 l\u2019avance et les r\u00e9servent au fil du temps<\/p>\n\n\n\n<div class=\"wp-block-cf-roadmap-item-tooltip roadmap_item__tooltip\">\n<p><\/p>\n<\/div>\n<\/div>\n\n\n\n<div class=\"wp-block-cf-roadmap-item roadmap_item\">\n<p>Les clients r\u00e9servent et paient plusieurs s\u00e9ances \u00e0 l\u2019avance<\/p>\n\n\n\n<div class=\"wp-block-cf-roadmap-item-tooltip roadmap_item__tooltip\">\n<p><\/p>\n<\/div>\n<\/div>\n\n\n\n<div class=\"wp-block-cf-roadmap-item roadmap_item\">\n<p>Les clients configurent leurs propres forfaits r\u00e9currents<\/p>\n\n\n\n<div class=\"wp-block-cf-roadmap-item-tooltip roadmap_item__tooltip\">\n<p><\/p>\n<\/div>\n<\/div>\n\n\n\n<div class=\"wp-block-cf-roadmap-item roadmap_item\">\n<p>Faites en sorte que vos disponibilit\u00e9s paraissent <em>occup\u00e9es<\/em> aux yeux des clients<\/p>\n\n\n\n<div class=\"wp-block-cf-roadmap-item-tooltip roadmap_item__tooltip\">\n<p><\/p>\n<\/div>\n<\/div>\n<\/div>\n\n\n\n<div class=\"wp-block-cf-roadmap-column roadmap__column\">\n<div class=\"wp-block-cf-roadmap-header-item roadmap_item_header\">\n<p>Termin\u00e9<\/p>\n<\/div>\n\n\n\n<div class=\"wp-block-cf-roadmap-item roadmap_item\">\n<p>Permettre aux r\u00e9servataires de r\u00e9server plusieurs r\u00e9unions en une seule session<\/p>\n\n\n\n<div class=\"wp-block-cf-roadmap-item-tooltip roadmap_item__tooltip\">\n<p><\/p>\n<\/div>\n<\/div>\n\n\n\n<div class=\"wp-block-cf-roadmap-item roadmap_item\">\n<p>Am\u00e9lioration des pages de r\u00e9servation publiques<\/p>\n\n\n\n<div class=\"wp-block-cf-roadmap-item-tooltip roadmap_item__tooltip\">\n<p><\/p>\n<\/div>\n<\/div>\n\n\n\n<div class=\"wp-block-cf-roadmap-item roadmap_item\">\n<p>Support multilingue<\/p>\n\n\n\n<div class=\"wp-block-cf-roadmap-item-tooltip roadmap_item__tooltip\">\n<p><\/p>\n<\/div>\n<\/div>\n\n\n\n<div class=\"wp-block-cf-roadmap-item roadmap_item\">\n<p>Indicateurs de notification inter-organisations pour les activit\u00e9s transversales<\/p>\n\n\n\n<div class=\"wp-block-cf-roadmap-item-tooltip roadmap_item__tooltip\">\n<p><\/p>\n<\/div>\n<\/div>\n\n\n\n<div class=\"wp-block-cf-roadmap-item roadmap_item\">\n<p>Am\u00e9lioration de l\u2019int\u00e9gration des pages de r\u00e9servation<\/p>\n\n\n\n<div class=\"wp-block-cf-roadmap-item-tooltip roadmap_item__tooltip\">\n<p><\/p>\n<\/div>\n<\/div>\n\n\n\n<div class=\"wp-block-cf-roadmap-item roadmap_item\">\n<p>Int\u00e9gration du Calendrier iCloud<\/p>\n\n\n\n<div class=\"wp-block-cf-roadmap-item-tooltip roadmap_item__tooltip\">\n<p><\/p>\n<\/div>\n<\/div>\n\n\n\n<div class=\"wp-block-cf-roadmap-item roadmap_item\">\n<p>Cr\u00e9er une page de r\u00e9servation 1 \u00e0 1 par d\u00e9faut lors de la configuration du compte<\/p>\n\n\n\n<div class=\"wp-block-cf-roadmap-item-tooltip roadmap_item__tooltip\">\n<p><\/p>\n<\/div>\n<\/div>\n\n\n\n<div class=\"wp-block-cf-roadmap-item roadmap_item\">\n<p>Supprimer le branding Calfrenzy<\/p>\n\n\n\n<div class=\"wp-block-cf-roadmap-item-tooltip roadmap_item__tooltip\">\n<p><\/p>\n<\/div>\n<\/div>\n\n\n\n<div class=\"wp-block-cf-roadmap-item roadmap_item\">\n<p>G\u00e9n\u00e9rer automatiquement une page de r\u00e9servation Groupe \u00e0 1 lorsqu&rsquo;un groupe est cr\u00e9\u00e9<\/p>\n\n\n\n<div class=\"wp-block-cf-roadmap-item-tooltip roadmap_item__tooltip\">\n<p><\/p>\n<\/div>\n<\/div>\n\n\n\n<div class=\"wp-block-cf-roadmap-item roadmap_item\">\n<p>Ajouter des questions personnalis\u00e9es au formulaire de r\u00e9servation<\/p>\n\n\n\n<div class=\"wp-block-cf-roadmap-item-tooltip roadmap_item__tooltip\">\n<p><\/p>\n<\/div>\n<\/div>\n\n\n\n<div class=\"wp-block-cf-roadmap-item roadmap_item\">\n<p>Activer la collecte de paiements<\/p>\n\n\n\n<div class=\"wp-block-cf-roadmap-item-tooltip roadmap_item__tooltip\">\n<p><\/p>\n<\/div>\n<\/div>\n\n\n\n<div class=\"wp-block-cf-roadmap-item roadmap_item\">\n<p>D\u00e9finir la dur\u00e9e personnalis\u00e9e des r\u00e9unions<\/p>\n\n\n\n<div class=\"wp-block-cf-roadmap-item-tooltip roadmap_item__tooltip\">\n<p><\/p>\n<\/div>\n<\/div>\n\n\n\n<div class=\"wp-block-cf-roadmap-item roadmap_item\">\n<p>Rappels personnalis\u00e9s par e-mail<\/p>\n\n\n\n<div class=\"wp-block-cf-roadmap-item-tooltip roadmap_item__tooltip\">\n<p><\/p>\n<\/div>\n<\/div>\n\n\n\n<div class=\"wp-block-cf-roadmap-item roadmap_item\">\n<p>Notifications par email personnalis\u00e9es<\/p>\n\n\n\n<div class=\"wp-block-cf-roadmap-item-tooltip roadmap_item__tooltip\">\n<p><\/p>\n<\/div>\n<\/div>\n\n\n\n<div class=\"wp-block-cf-roadmap-item roadmap_item\">\n<p>R\u00e9servations Tentatives<\/p>\n\n\n\n<div class=\"wp-block-cf-roadmap-item-tooltip roadmap_item__tooltip\">\n<p><\/p>\n<\/div>\n<\/div>\n\n\n\n<div class=\"wp-block-cf-roadmap-item roadmap_item\">\n<p>Personnalisation Premium de la Page de R\u00e9servation<\/p>\n\n\n\n<div class=\"wp-block-cf-roadmap-item-tooltip roadmap_item__tooltip\">\n<p><\/p>\n<\/div>\n<\/div>\n\n\n\n<div class=\"wp-block-cf-roadmap-item roadmap_item\">\n<p>Option pour d\u00e9sactiver la page de r\u00e9servation<\/p>\n\n\n\n<div class=\"wp-block-cf-roadmap-item-tooltip roadmap_item__tooltip\">\n<p><\/p>\n<\/div>\n<\/div>\n\n\n\n<div class=\"wp-block-cf-roadmap-item roadmap_item\">\n<p>Aper\u00e7u de la page de r\u00e9servation en plein \u00e9cran<\/p>\n\n\n\n<div class=\"wp-block-cf-roadmap-item-tooltip roadmap_item__tooltip\">\n<p><\/p>\n<\/div>\n<\/div>\n\n\n\n<div class=\"wp-block-cf-roadmap-item roadmap_item\">\n<p>Extension Calfrenzy pour Chrome<\/p>\n\n\n\n<div class=\"wp-block-cf-roadmap-item-tooltip roadmap_item__tooltip\">\n<p><\/p>\n<\/div>\n<\/div>\n\n\n\n<div class=\"wp-block-cf-roadmap-item roadmap_item\">\n<p>Redirection personnalis\u00e9e apr\u00e8s la r\u00e9servation<\/p>\n\n\n\n<div class=\"wp-block-cf-roadmap-item-tooltip roadmap_item__tooltip\">\n<p><\/p>\n<\/div>\n<\/div>\n\n\n\n<div class=\"wp-block-cf-roadmap-item roadmap_item\">\n<p>Limites de r\u00e9servation quotidiennes<\/p>\n\n\n\n<div class=\"wp-block-cf-roadmap-item-tooltip roadmap_item__tooltip\">\n<p><\/p>\n<\/div>\n<\/div>\n\n\n\n<div class=\"wp-block-cf-roadmap-item roadmap_item\">\n<p>Option d&rsquo;ajouter du temps tampon<\/p>\n\n\n\n<div class=\"wp-block-cf-roadmap-item-tooltip roadmap_item__tooltip\">\n<p><\/p>\n<\/div>\n<\/div>\n\n\n\n<div class=\"wp-block-cf-roadmap-item roadmap_item\">\n<p>D\u00e9finir un mot de passe pour prot\u00e9ger la page de r\u00e9servation<\/p>\n\n\n\n<div class=\"wp-block-cf-roadmap-item-tooltip roadmap_item__tooltip\">\n<p><\/p>\n<\/div>\n<\/div>\n\n\n\n<div class=\"wp-block-cf-roadmap-item roadmap_item\">\n<p>Texte de la politique d&rsquo;annulation<\/p>\n\n\n\n<div class=\"wp-block-cf-roadmap-item-tooltip roadmap_item__tooltip\">\n<p><\/p>\n<\/div>\n<\/div>\n\n\n\n<div class=\"wp-block-cf-roadmap-item roadmap_item\">\n<p>Option facile pour annuler ou reprogrammer<\/p>\n\n\n\n<div class=\"wp-block-cf-roadmap-item-tooltip roadmap_item__tooltip\">\n<p><\/p>\n<\/div>\n<\/div>\n\n\n\n<div class=\"wp-block-cf-roadmap-item roadmap_item\">\n<p>S\u00e9lection de la dur\u00e9e par d\u00e9faut lors de la cr\u00e9ation\/modification de la page de r\u00e9servation<\/p>\n\n\n\n<div class=\"wp-block-cf-roadmap-item-tooltip roadmap_item__tooltip\">\n<p><\/p>\n<\/div>\n<\/div>\n\n\n\n<div class=\"wp-block-cf-roadmap-item roadmap_item\">\n<p>Fonctionnalit\u00e9s de gestion d&rsquo;organisation<\/p>\n\n\n\n<div class=\"wp-block-cf-roadmap-item-tooltip roadmap_item__tooltip\">\n<p><\/p>\n<\/div>\n<\/div>\n\n\n\n<div class=\"wp-block-cf-roadmap-item roadmap_item\">\n<p>Param\u00e8tres de calendrier par d\u00e9faut et de planning pour la cr\u00e9ation de groupes<\/p>\n\n\n\n<div class=\"wp-block-cf-roadmap-item-tooltip roadmap_item__tooltip\">\n<p><\/p>\n<\/div>\n<\/div>\n\n\n\n<div class=\"wp-block-cf-roadmap-item roadmap_item\">\n<p>Partager votre page de r\u00e9servation sur plusieurs canaux<\/p>\n\n\n\n<div class=\"wp-block-cf-roadmap-item-tooltip roadmap_item__tooltip\">\n<p><\/p>\n<\/div>\n<\/div>\n\n\n\n<div class=\"wp-block-cf-roadmap-item roadmap_item\">\n<p>Int\u00e9grer les pages de r\u00e9servation sur d&rsquo;autres sites web<\/p>\n\n\n\n<div class=\"wp-block-cf-roadmap-item-tooltip roadmap_item__tooltip\">\n<p><\/p>\n<\/div>\n<\/div>\n\n\n\n<div class=\"wp-block-cf-roadmap-item roadmap_item\">\n<p>D\u00e9tails instantan\u00e9s de l\u2019\u00e9v\u00e9nement \u2014 directement dans la barre lat\u00e9rale<\/p>\n\n\n\n<div class=\"wp-block-cf-roadmap-item-tooltip roadmap_item__tooltip\">\n<p><\/p>\n<\/div>\n<\/div>\n\n\n\n<div class=\"wp-block-cf-roadmap-item roadmap_item\">\n<p>G\u00e9rer les \u00e9v\u00e9nements co-organis\u00e9s via le calendrier natif<\/p>\n\n\n\n<div class=\"wp-block-cf-roadmap-item-tooltip roadmap_item__tooltip\">\n<p><\/p>\n<\/div>\n<\/div>\n\n\n\n<div class=\"wp-block-cf-roadmap-item roadmap_item\">\n<p>Informations sur le propri\u00e9taire visibles sur la page de r\u00e9servation, toutes plateformes confondues<\/p>\n\n\n\n<div class=\"wp-block-cf-roadmap-item-tooltip roadmap_item__tooltip\">\n<p><\/p>\n<\/div>\n<\/div>\n\n\n\n<div class=\"wp-block-cf-roadmap-item roadmap_item\">\n<p>Pages de r\u00e9servation de groupe flexibles<\/p>\n\n\n\n<div class=\"wp-block-cf-roadmap-item-tooltip roadmap_item__tooltip\">\n<p><\/p>\n<\/div>\n<\/div>\n\n\n\n<div class=\"wp-block-cf-roadmap-item roadmap_item\">\n<p>Nouveaux filtres personnels<\/p>\n\n\n\n<div class=\"wp-block-cf-roadmap-item-tooltip roadmap_item__tooltip\">\n<p><\/p>\n<\/div>\n<\/div>\n\n\n\n<div class=\"wp-block-cf-roadmap-item roadmap_item\">\n<p>Gestion des h\u00f4tes par groupe<\/p>\n\n\n\n<div class=\"wp-block-cf-roadmap-item-tooltip roadmap_item__tooltip\">\n<p><\/p>\n<\/div>\n<\/div>\n\n\n\n<div class=\"wp-block-cf-roadmap-item roadmap_item\">\n<p>Gestion des invitations d\u2019h\u00f4tes externes<\/p>\n\n\n\n<div class=\"wp-block-cf-roadmap-item-tooltip roadmap_item__tooltip\">\n<p><\/p>\n<\/div>\n<\/div>\n\n\n\n<div class=\"wp-block-cf-roadmap-item roadmap_item\">\n<p>Planification des \u00e9v\u00e9nements et contexte d\u2019affichage<\/p>\n\n\n\n<div class=\"wp-block-cf-roadmap-item-tooltip roadmap_item__tooltip\">\n<p><\/p>\n<\/div>\n<\/div>\n<\/div>\n<\/div><\/div>\n\n<p><\/p>\n","protected":false},"excerpt":{"rendered":"","protected":false},"author":1,"featured_media":10220,"parent":0,"menu_order":0,"comment_status":"closed","ping_status":"closed","template":"","meta":{"inline_featured_image":false,"footnotes":""},"class_list":["post-2684","page","type-page","status-publish","has-post-thumbnail","hentry"],"yoast_head":"<!-- This site is optimized with the Yoast SEO Premium plugin v26.8 (Yoast SEO v26.8) - https:\/\/yoast.com\/product\/yoast-seo-premium-wordpress\/ -->\n<title>Calfrenzy Feuille de route - Nouvelles Fonctionnalit\u00e9s et Mises \u00e0 Jour<\/title>\n<meta name=\"description\" content=\"Explorez la feuille de route de Calfrenzy pour d\u00e9couvrir les fonctionnalit\u00e9s \u00e0 venir, les am\u00e9liorations et les innovations. Restez inform\u00e9 et contribuez \u00e0 fa\u00e7onner l&#039;avenir de la planification.\" \/>\n<meta name=\"robots\" content=\"index, follow, max-snippet:-1, max-image-preview:large, max-video-preview:-1\" \/>\n<link rel=\"canonical\" href=\"https:\/\/calfrenzy.com\/fr\/feuille-de-route\/\" \/>\n<meta property=\"og:locale\" content=\"fr_FR\" \/>\n<meta property=\"og:type\" content=\"article\" \/>\n<meta property=\"og:title\" content=\"Feuille de route\" \/>\n<meta property=\"og:description\" content=\"Explorez la feuille de route de Calfrenzy pour d\u00e9couvrir les fonctionnalit\u00e9s \u00e0 venir, les am\u00e9liorations et les innovations. Restez inform\u00e9 et contribuez \u00e0 fa\u00e7onner l&#039;avenir de la planification.\" \/>\n<meta property=\"og:url\" content=\"https:\/\/calfrenzy.com\/fr\/feuille-de-route\/\" \/>\n<meta property=\"og:site_name\" content=\"calfrenzy\" \/>\n<meta property=\"article:publisher\" content=\"https:\/\/www.facebook.com\/calfrenzy\" \/>\n<meta property=\"article:modified_time\" content=\"2025-10-03T14:44:33+00:00\" \/>\n<meta property=\"og:image\" content=\"https:\/\/calfrenzy.com\/wp-content\/uploads\/2024\/06\/ease_3.png\" \/>\n\t<meta property=\"og:image:width\" content=\"1620\" \/>\n\t<meta property=\"og:image:height\" content=\"632\" \/>\n\t<meta property=\"og:image:type\" content=\"image\/png\" \/>\n<meta name=\"twitter:card\" content=\"summary_large_image\" \/>\n<meta name=\"twitter:site\" content=\"@calfrenzy53224\" \/>\n<meta name=\"twitter:label1\" content=\"Dur\u00e9e de lecture estim\u00e9e\" \/>\n\t<meta name=\"twitter:data1\" content=\"2 minute\" \/>\n<script type=\"application\/ld+json\" class=\"yoast-schema-graph\">{\"@context\":\"https:\/\/schema.org\",\"@graph\":[{\"@type\":\"WebPage\",\"@id\":\"https:\/\/calfrenzy.com\/fr\/feuille-de-route\/\",\"url\":\"https:\/\/calfrenzy.com\/fr\/feuille-de-route\/\",\"name\":\"Calfrenzy Feuille de route - Nouvelles Fonctionnalit\u00e9s et Mises \u00e0 Jour\",\"isPartOf\":{\"@id\":\"https:\/\/calfrenzy.com\/fr\/#website\"},\"primaryImageOfPage\":{\"@id\":\"https:\/\/calfrenzy.com\/fr\/feuille-de-route\/#primaryimage\"},\"image\":{\"@id\":\"https:\/\/calfrenzy.com\/fr\/feuille-de-route\/#primaryimage\"},\"thumbnailUrl\":\"https:\/\/calfrenzy.com\/wp-content\/uploads\/2025\/11\/Roadmap-French.png\",\"datePublished\":\"2025-01-07T10:48:56+00:00\",\"dateModified\":\"2025-10-03T14:44:33+00:00\",\"description\":\"Explorez la feuille de route de Calfrenzy pour d\u00e9couvrir les fonctionnalit\u00e9s \u00e0 venir, les am\u00e9liorations et les innovations. Restez inform\u00e9 et contribuez \u00e0 fa\u00e7onner l'avenir de la planification.\",\"breadcrumb\":{\"@id\":\"https:\/\/calfrenzy.com\/fr\/feuille-de-route\/#breadcrumb\"},\"inLanguage\":\"fr-FR\",\"potentialAction\":[{\"@type\":\"ReadAction\",\"target\":[\"https:\/\/calfrenzy.com\/fr\/feuille-de-route\/\"]}]},{\"@type\":\"ImageObject\",\"inLanguage\":\"fr-FR\",\"@id\":\"https:\/\/calfrenzy.com\/fr\/feuille-de-route\/#primaryimage\",\"url\":\"https:\/\/calfrenzy.com\/wp-content\/uploads\/2025\/11\/Roadmap-French.png\",\"contentUrl\":\"https:\/\/calfrenzy.com\/wp-content\/uploads\/2025\/11\/Roadmap-French.png\",\"width\":2400,\"height\":1260},{\"@type\":\"BreadcrumbList\",\"@id\":\"https:\/\/calfrenzy.com\/fr\/feuille-de-route\/#breadcrumb\",\"itemListElement\":[{\"@type\":\"ListItem\",\"position\":1,\"name\":\"Home\",\"item\":\"https:\/\/calfrenzy.com\/fr\/\"},{\"@type\":\"ListItem\",\"position\":2,\"name\":\"Feuille de route\"}]},{\"@type\":\"WebSite\",\"@id\":\"https:\/\/calfrenzy.com\/fr\/#website\",\"url\":\"https:\/\/calfrenzy.com\/fr\/\",\"name\":\"Calfrenzy\",\"description\":\"Easy Scheduling Across Time Zones and Organizations\",\"publisher\":{\"@id\":\"https:\/\/calfrenzy.com\/fr\/#organization\"},\"alternateName\":\"calfrenzy\",\"potentialAction\":[{\"@type\":\"SearchAction\",\"target\":{\"@type\":\"EntryPoint\",\"urlTemplate\":\"https:\/\/calfrenzy.com\/fr\/?s={search_term_string}\"},\"query-input\":{\"@type\":\"PropertyValueSpecification\",\"valueRequired\":true,\"valueName\":\"search_term_string\"}}],\"inLanguage\":\"fr-FR\"},{\"@type\":\"Organization\",\"@id\":\"https:\/\/calfrenzy.com\/fr\/#organization\",\"name\":\"Calfrenzy\",\"alternateName\":\"calfrenzy\",\"url\":\"https:\/\/calfrenzy.com\/fr\/\",\"logo\":{\"@type\":\"ImageObject\",\"inLanguage\":\"fr-FR\",\"@id\":\"https:\/\/calfrenzy.com\/fr\/#\/schema\/logo\/image\/\",\"url\":\"https:\/\/calfrenzy.com\/wp-content\/uploads\/2024\/06\/float_6_1.svg\",\"contentUrl\":\"https:\/\/calfrenzy.com\/wp-content\/uploads\/2024\/06\/float_6_1.svg\",\"width\":47,\"height\":50,\"caption\":\"Calfrenzy\"},\"image\":{\"@id\":\"https:\/\/calfrenzy.com\/fr\/#\/schema\/logo\/image\/\"},\"sameAs\":[\"https:\/\/www.facebook.com\/calfrenzy\",\"https:\/\/x.com\/calfrenzy53224\",\"https:\/\/www.youtube.com\/@Calfrenzy\",\"https:\/\/www.linkedin.com\/company\/calfrenzy\",\"https:\/\/www.capterra.com\/p\/10020993\/CalFrenzy\/\",\"https:\/\/chromewebstore.google.com\/detail\/calfrenzy-free-online-app\/igmlifilbgnlaijamohaakgoacoeoidk?hl=en\",\"https:\/\/workspace.google.com\/marketplace\/app\/calfrenzy\/369573383535\",\"https:\/\/www.trustpilot.com\/review\/calfrenzy.com\",\"https:\/\/www.g2.com\/products\/calfrenzy\/reviews\"]}]}<\/script>\n<!-- \/ Yoast SEO Premium plugin. -->","yoast_head_json":{"title":"Calfrenzy Feuille de route - Nouvelles Fonctionnalit\u00e9s et Mises \u00e0 Jour","description":"Explorez la feuille de route de Calfrenzy pour d\u00e9couvrir les fonctionnalit\u00e9s \u00e0 venir, les am\u00e9liorations et les innovations. Restez inform\u00e9 et contribuez \u00e0 fa\u00e7onner l'avenir de la planification.","robots":{"index":"index","follow":"follow","max-snippet":"max-snippet:-1","max-image-preview":"max-image-preview:large","max-video-preview":"max-video-preview:-1"},"canonical":"https:\/\/calfrenzy.com\/fr\/feuille-de-route\/","og_locale":"fr_FR","og_type":"article","og_title":"Feuille de route","og_description":"Explorez la feuille de route de Calfrenzy pour d\u00e9couvrir les fonctionnalit\u00e9s \u00e0 venir, les am\u00e9liorations et les innovations. Restez inform\u00e9 et contribuez \u00e0 fa\u00e7onner l'avenir de la planification.","og_url":"https:\/\/calfrenzy.com\/fr\/feuille-de-route\/","og_site_name":"calfrenzy","article_publisher":"https:\/\/www.facebook.com\/calfrenzy","article_modified_time":"2025-10-03T14:44:33+00:00","og_image":[{"width":1620,"height":632,"url":"https:\/\/calfrenzy.com\/wp-content\/uploads\/2024\/06\/ease_3.png","type":"image\/png"}],"twitter_card":"summary_large_image","twitter_site":"@calfrenzy53224","twitter_misc":{"Dur\u00e9e de lecture estim\u00e9e":"2 minute"},"schema":{"@context":"https:\/\/schema.org","@graph":[{"@type":"WebPage","@id":"https:\/\/calfrenzy.com\/fr\/feuille-de-route\/","url":"https:\/\/calfrenzy.com\/fr\/feuille-de-route\/","name":"Calfrenzy Feuille de route - Nouvelles Fonctionnalit\u00e9s et Mises \u00e0 Jour","isPartOf":{"@id":"https:\/\/calfrenzy.com\/fr\/#website"},"primaryImageOfPage":{"@id":"https:\/\/calfrenzy.com\/fr\/feuille-de-route\/#primaryimage"},"image":{"@id":"https:\/\/calfrenzy.com\/fr\/feuille-de-route\/#primaryimage"},"thumbnailUrl":"https:\/\/calfrenzy.com\/wp-content\/uploads\/2025\/11\/Roadmap-French.png","datePublished":"2025-01-07T10:48:56+00:00","dateModified":"2025-10-03T14:44:33+00:00","description":"Explorez la feuille de route de Calfrenzy pour d\u00e9couvrir les fonctionnalit\u00e9s \u00e0 venir, les am\u00e9liorations et les innovations. Restez inform\u00e9 et contribuez \u00e0 fa\u00e7onner l'avenir de la planification.","breadcrumb":{"@id":"https:\/\/calfrenzy.com\/fr\/feuille-de-route\/#breadcrumb"},"inLanguage":"fr-FR","potentialAction":[{"@type":"ReadAction","target":["https:\/\/calfrenzy.com\/fr\/feuille-de-route\/"]}]},{"@type":"ImageObject","inLanguage":"fr-FR","@id":"https:\/\/calfrenzy.com\/fr\/feuille-de-route\/#primaryimage","url":"https:\/\/calfrenzy.com\/wp-content\/uploads\/2025\/11\/Roadmap-French.png","contentUrl":"https:\/\/calfrenzy.com\/wp-content\/uploads\/2025\/11\/Roadmap-French.png","width":2400,"height":1260},{"@type":"BreadcrumbList","@id":"https:\/\/calfrenzy.com\/fr\/feuille-de-route\/#breadcrumb","itemListElement":[{"@type":"ListItem","position":1,"name":"Home","item":"https:\/\/calfrenzy.com\/fr\/"},{"@type":"ListItem","position":2,"name":"Feuille de route"}]},{"@type":"WebSite","@id":"https:\/\/calfrenzy.com\/fr\/#website","url":"https:\/\/calfrenzy.com\/fr\/","name":"Calfrenzy","description":"Easy Scheduling Across Time Zones and Organizations","publisher":{"@id":"https:\/\/calfrenzy.com\/fr\/#organization"},"alternateName":"calfrenzy","potentialAction":[{"@type":"SearchAction","target":{"@type":"EntryPoint","urlTemplate":"https:\/\/calfrenzy.com\/fr\/?s={search_term_string}"},"query-input":{"@type":"PropertyValueSpecification","valueRequired":true,"valueName":"search_term_string"}}],"inLanguage":"fr-FR"},{"@type":"Organization","@id":"https:\/\/calfrenzy.com\/fr\/#organization","name":"Calfrenzy","alternateName":"calfrenzy","url":"https:\/\/calfrenzy.com\/fr\/","logo":{"@type":"ImageObject","inLanguage":"fr-FR","@id":"https:\/\/calfrenzy.com\/fr\/#\/schema\/logo\/image\/","url":"https:\/\/calfrenzy.com\/wp-content\/uploads\/2024\/06\/float_6_1.svg","contentUrl":"https:\/\/calfrenzy.com\/wp-content\/uploads\/2024\/06\/float_6_1.svg","width":47,"height":50,"caption":"Calfrenzy"},"image":{"@id":"https:\/\/calfrenzy.com\/fr\/#\/schema\/logo\/image\/"},"sameAs":["https:\/\/www.facebook.com\/calfrenzy","https:\/\/x.com\/calfrenzy53224","https:\/\/www.youtube.com\/@Calfrenzy","https:\/\/www.linkedin.com\/company\/calfrenzy","https:\/\/www.capterra.com\/p\/10020993\/CalFrenzy\/","https:\/\/chromewebstore.google.com\/detail\/calfrenzy-free-online-app\/igmlifilbgnlaijamohaakgoacoeoidk?hl=en","https:\/\/workspace.google.com\/marketplace\/app\/calfrenzy\/369573383535","https:\/\/www.trustpilot.com\/review\/calfrenzy.com","https:\/\/www.g2.com\/products\/calfrenzy\/reviews"]}]}},"_links":{"self":[{"href":"https:\/\/calfrenzy.com\/fr\/wp-json\/wp\/v2\/pages\/2684","targetHints":{"allow":["GET"]}}],"collection":[{"href":"https:\/\/calfrenzy.com\/fr\/wp-json\/wp\/v2\/pages"}],"about":[{"href":"https:\/\/calfrenzy.com\/fr\/wp-json\/wp\/v2\/types\/page"}],"author":[{"embeddable":true,"href":"https:\/\/calfrenzy.com\/fr\/wp-json\/wp\/v2\/users\/1"}],"replies":[{"embeddable":true,"href":"https:\/\/calfrenzy.com\/fr\/wp-json\/wp\/v2\/comments?post=2684"}],"version-history":[{"count":11,"href":"https:\/\/calfrenzy.com\/fr\/wp-json\/wp\/v2\/pages\/2684\/revisions"}],"predecessor-version":[{"id":9104,"href":"https:\/\/calfrenzy.com\/fr\/wp-json\/wp\/v2\/pages\/2684\/revisions\/9104"}],"wp:featuredmedia":[{"embeddable":true,"href":"https:\/\/calfrenzy.com\/fr\/wp-json\/wp\/v2\/media\/10220"}],"wp:attachment":[{"href":"https:\/\/calfrenzy.com\/fr\/wp-json\/wp\/v2\/media?parent=2684"}],"curies":[{"name":"wp","href":"https:\/\/api.w.org\/{rel}","templated":true}]}}