{"id":2686,"date":"2024-06-20T11:07:12","date_gmt":"2024-06-20T11:07:12","guid":{"rendered":"https:\/\/calfrenzy.com\/?page_id=2686"},"modified":"2025-02-21T09:35:13","modified_gmt":"2025-02-21T09:35:13","slug":"solutions","status":"publish","type":"page","link":"https:\/\/calfrenzy.com\/fr\/solutions\/","title":{"rendered":"Solutions"},"content":{"rendered":"\n<div class=\"wp-block-cf-solutions-banner wrapper_solutions_banner\"><div class=\"solutions_banner\">\n<div class=\"solutions_banner__content\">\n<h1 class=\"wp-block-heading\"><mark style=\"background-color:rgba(0, 0, 0, 0)\" class=\"has-inline-color has-base-green-right-color\">Logiciel<\/mark> de <mark style=\"background-color:rgba(0, 0, 0, 0)\" class=\"has-inline-color has-primary-yellow-color\">Planification<\/mark> en Ligne Adapt\u00e9 \u00e0 de Nombreux <mark style=\"background-color:rgba(0, 0, 0, 0)\" class=\"has-inline-color has-base-green-left-color\">Secteurs<\/mark><\/h1>\n\n\n\n<p>Calfrenzy est une plateforme polyvalente et facile \u00e0 utiliser, con\u00e7ue pour r\u00e9pondre aux besoins des entreprises de divers secteurs. Elle simplifie le processus, que vous g\u00e9riez des rendez-vous dans le recrutement, l&rsquo;\u00e9ducation ou les services professionnels. <\/p>\n\n\n\n<div class=\"wp-block-button\"><a class=\"wp-block-button__link wp-element-button\" href=\"https:\/\/schedule.calfrenzy.com\/auth\/sign-up\">Commencez Gratuitement<\/a><\/div>\n<\/div>\n\n\n\n<div class=\"solutions_banner__image\">\n<figure class=\"wp-block-image\"><img decoding=\"async\" src=\"\/wp-content\/uploads\/2024\/12\/solutions_banner.jpg\" alt=\"Logiciel de planification en ligne adapt&#xE9; &#xE0; de nombreux secteurs\"\/><\/figure>\n\n\n\n<div class=\"wp-block-group solutions_banner__image-float_left is-layout-flow wp-block-group-is-layout-flow\">\n<figure class=\"wp-block-image\"><img decoding=\"async\" src=\"\/wp-content\/themes\/calfrenzy\/assets\/images\/solution_float_1.png\" alt=\"Coordination de l'&#xC9;quipe de Projet\"\/><\/figure>\n\n\n\n<p class=\"solutions_banner__image-float_left--title\">Coordination de l&rsquo;\u00c9quipe de Projet<\/p>\n\n\n\n<p class=\"solutions_banner__image-float_left--text\">Planification de groupe, 1h.<\/p>\n<\/div>\n\n\n\n<div class=\"wp-block-group solutions_banner__image-float_right is-layout-flow wp-block-group-is-layout-flow\">\n<figure class=\"wp-block-image\"><img decoding=\"async\" src=\"\/wp-content\/themes\/calfrenzy\/assets\/images\/solution_float_2.png\" alt=\"Briefing sur la mise &#xE0; niveau du syst&#xE8;me\"\/><\/figure>\n\n\n\n<p class=\"solutions_banner__image-float_right--title\">Briefing sur la mise \u00e0 niveau du syst\u00e8me<\/p>\n\n\n\n<p class=\"solutions_banner__image-float_right--text\">R\u00e9servation Groupe-\u00e0-1, 1h.<\/p>\n<\/div>\n<\/div>\n<\/div><\/div>\n\n<div class=\"wp-block-cf-solutions-list wrapper_solutions_list\"><div class=\"solutions_list\">\n<h2 class=\"wp-block-heading\" id=\"h-who-can-use-calfrenzy\">Qui peut utiliser Calfrenzy ?<\/h2>\n\n\n\n<a href=\"https:\/\/calfrenzy.com\/fr\/solutions\/recruteurs\/\" data-target=\"\" class=\"solutions_list_item\">\n<h3 class=\"wp-block-heading\" id=\"h-recruiters\">Recruteurs<\/h3>\n\n\n\n<figure class=\"wp-block-image size-full\"><img decoding=\"async\" width=\"300\" height=\"300\" src=\"https:\/\/calfrenzy.com\/wp-content\/uploads\/2025\/02\/recruiters.png\" alt=\"Recruteurs\" class=\"wp-image-5638\" srcset=\"https:\/\/calfrenzy.com\/wp-content\/uploads\/2025\/02\/recruiters.png 300w, https:\/\/calfrenzy.com\/wp-content\/uploads\/2025\/02\/recruiters-150x150.png 150w\" sizes=\"(max-width: 300px) 100vw, 300px\" \/><\/figure>\n\n\n\n<p>Coordonnez efficacement les entretiens de candidats et les r\u00e9unions internes.<\/p>\n<\/a>\n\n\n\n<a href=\"https:\/\/calfrenzy.com\/fr\/solutions\/ventes\/\" data-target=\"\" class=\"solutions_list_item\">\n<h3 class=\"wp-block-heading\" id=\"h-sales-representatives\">Repr\u00e9sentants Commerciaux<\/h3>\n\n\n\n<figure class=\"wp-block-image size-full\"><img decoding=\"async\" width=\"300\" height=\"300\" src=\"https:\/\/calfrenzy.com\/wp-content\/uploads\/2025\/02\/sales-representatives.png\" alt=\"Repr&#xE9;sentants Commerciaux\" class=\"wp-image-5639\" srcset=\"https:\/\/calfrenzy.com\/wp-content\/uploads\/2025\/02\/sales-representatives.png 300w, https:\/\/calfrenzy.com\/wp-content\/uploads\/2025\/02\/sales-representatives-150x150.png 150w\" sizes=\"(max-width: 300px) 100vw, 300px\" \/><\/figure>\n\n\n\n<p>G\u00e9rez les r\u00e9unions avec les clients et les suivis \u00e0 travers diff\u00e9rents fuseaux horaires.<\/p>\n<\/a>\n\n\n\n<a href=\"https:\/\/calfrenzy.com\/fr\/solutions\/marketing\/\" data-target=\"\" class=\"solutions_list_item\">\n<h3 class=\"wp-block-heading\" id=\"h-marketing-managers\">Responsables Marketing<\/h3>\n\n\n\n<figure class=\"wp-block-image size-full\"><img decoding=\"async\" width=\"300\" height=\"300\" src=\"https:\/\/calfrenzy.com\/wp-content\/uploads\/2025\/02\/marketing-managers.png\" alt=\"Responsables Marketing\" class=\"wp-image-5640\" srcset=\"https:\/\/calfrenzy.com\/wp-content\/uploads\/2025\/02\/marketing-managers.png 300w, https:\/\/calfrenzy.com\/wp-content\/uploads\/2025\/02\/marketing-managers-150x150.png 150w\" sizes=\"(max-width: 300px) 100vw, 300px\" \/><\/figure>\n\n\n\n<p>Planifiez les pr\u00e9sentations aux clients et les sessions de brainstorming en \u00e9quipe.<\/p>\n<\/a>\n\n\n\n<a href=\"https:\/\/calfrenzy.com\/fr\/solutions\/equipes-de-support-client\/\" data-target=\"\" class=\"solutions_list_item\">\n<h3 class=\"wp-block-heading\" id=\"h-customer-success-managers\">Responsables de Service Client<\/h3>\n\n\n\n<figure class=\"wp-block-image size-full\"><img decoding=\"async\" width=\"300\" height=\"300\" src=\"https:\/\/calfrenzy.com\/wp-content\/uploads\/2025\/02\/customer-success-managers.png\" alt=\"Responsables de Service Client\" class=\"wp-image-5641\" srcset=\"https:\/\/calfrenzy.com\/wp-content\/uploads\/2025\/02\/customer-success-managers.png 300w, https:\/\/calfrenzy.com\/wp-content\/uploads\/2025\/02\/customer-success-managers-150x150.png 150w\" sizes=\"(max-width: 300px) 100vw, 300px\" \/><\/figure>\n\n\n\n<p>\u00c9quilibrez le support individuel des clients et la coordination de l&rsquo;\u00e9quipe.<\/p>\n<\/a>\n\n\n\n<a href=\"https:\/\/calfrenzy.com\/fr\/solutions\/responsables-de-projets\/\" data-target=\"\" class=\"solutions_list_item\">\n<h3 class=\"wp-block-heading\" id=\"h-project-managers\">Chefs de Projet<\/h3>\n\n\n\n<figure class=\"wp-block-image size-full\"><img decoding=\"async\" width=\"300\" height=\"300\" src=\"https:\/\/calfrenzy.com\/wp-content\/uploads\/2025\/02\/project-managers.png\" alt=\"Chefs de Projet\" class=\"wp-image-5643\" srcset=\"https:\/\/calfrenzy.com\/wp-content\/uploads\/2025\/02\/project-managers.png 300w, https:\/\/calfrenzy.com\/wp-content\/uploads\/2025\/02\/project-managers-150x150.png 150w\" sizes=\"(max-width: 300px) 100vw, 300px\" \/><\/figure>\n\n\n\n<p>Organisez des r\u00e9unions de projet avec des \u00e9quipes et des parties prenantes diversifi\u00e9es.<\/p>\n<\/a>\n\n\n\n<a href=\"https:\/\/calfrenzy.com\/fr\/solutions\/responsables-de-projets-it\/\" data-target=\"\" class=\"solutions_list_item\">\n<h3 class=\"wp-block-heading\" id=\"h-it-managers\">Responsables IT<\/h3>\n\n\n\n<figure class=\"wp-block-image size-full\"><img decoding=\"async\" width=\"300\" height=\"300\" src=\"https:\/\/calfrenzy.com\/wp-content\/uploads\/2025\/02\/IT-Managers.png\" alt=\"Responsables IT\" class=\"wp-image-5644\" srcset=\"https:\/\/calfrenzy.com\/wp-content\/uploads\/2025\/02\/IT-Managers.png 300w, https:\/\/calfrenzy.com\/wp-content\/uploads\/2025\/02\/IT-Managers-150x150.png 150w\" sizes=\"(max-width: 300px) 100vw, 300px\" \/><\/figure>\n\n\n\n<p>Planifiez des sessions de support technique et des r\u00e9unions d&rsquo;\u00e9quipe.<\/p>\n<\/a>\n\n\n\n<a href=\"https:\/\/calfrenzy.com\/fr\/solutions\/educateurs\/\" data-target=\"\" class=\"solutions_list_item\">\n<h3 class=\"wp-block-heading\" id=\"h-educators\">\u00c9ducateurs<\/h3>\n\n\n\n<figure class=\"wp-block-image size-full\"><img decoding=\"async\" width=\"300\" height=\"300\" src=\"https:\/\/calfrenzy.com\/wp-content\/uploads\/2025\/02\/Educators.png\" alt=\"&#xC9;ducateurs\" class=\"wp-image-5645\" srcset=\"https:\/\/calfrenzy.com\/wp-content\/uploads\/2025\/02\/Educators.png 300w, https:\/\/calfrenzy.com\/wp-content\/uploads\/2025\/02\/Educators-150x150.png 150w\" sizes=\"(max-width: 300px) 100vw, 300px\" \/><\/figure>\n\n\n\n<p>Simplifiez la planification des r\u00e9unions parents-professeurs et des r\u00e9unions du personnel.<\/p>\n<\/a>\n\n\n\n<a href=\"https:\/\/calfrenzy.com\/fr\/solutions\/avocats\/\" data-target=\"\" class=\"solutions_list_item\">\n<h3 class=\"wp-block-heading\" id=\"h-lawyers\">Avocats<\/h3>\n\n\n\n<figure class=\"wp-block-image size-full\"><img decoding=\"async\" width=\"300\" height=\"300\" src=\"https:\/\/calfrenzy.com\/wp-content\/uploads\/2025\/02\/Lawyers.png\" alt=\"Avocats\" class=\"wp-image-5646\" srcset=\"https:\/\/calfrenzy.com\/wp-content\/uploads\/2025\/02\/Lawyers.png 300w, https:\/\/calfrenzy.com\/wp-content\/uploads\/2025\/02\/Lawyers-150x150.png 150w\" sizes=\"(max-width: 300px) 100vw, 300px\" \/><\/figure>\n\n\n\n<p>\u00c9quilibrez les consultations clients et la coordination de l&rsquo;\u00e9quipe juridique.<\/p>\n<\/a>\n\n\n\n<a href=\"https:\/\/calfrenzy.com\/fr\/solutions\/assistants-de-direction\/\" data-target=\"\" class=\"solutions_list_item\">\n<h3 class=\"wp-block-heading\" id=\"h-executive-assistants\">Assistants de direction<\/h3>\n\n\n\n<figure class=\"wp-block-image size-full\"><img decoding=\"async\" width=\"300\" height=\"300\" src=\"https:\/\/calfrenzy.com\/wp-content\/uploads\/2025\/02\/Executive-Assistants.png\" alt=\"Assistants de direction\" class=\"wp-image-5647\" srcset=\"https:\/\/calfrenzy.com\/wp-content\/uploads\/2025\/02\/Executive-Assistants.png 300w, https:\/\/calfrenzy.com\/wp-content\/uploads\/2025\/02\/Executive-Assistants-150x150.png 150w\" sizes=\"(max-width: 300px) 100vw, 300px\" \/><\/figure>\n\n\n\n<p>G\u00e9rez efficacement les emplois du temps des dirigeants.<\/p>\n<\/a>\n<\/div><\/div>\n\n<div class=\"wp-block-cf-yellow-cta wrapper_yellow_cta\"><div class=\"yellow_cta\"><div class=\"yellow_cta__content\">\n<h2 class=\"wp-block-heading has-text-align-center\" id=\"h-ready-to-start-scheduling\">Pr\u00eat \u00e0 commencer \u00e0 planifier ?<\/h2>\n\n\n\n<p class=\"has-text-align-center\">Inscrivez-vous d\u00e8s aujourd&rsquo;hui pour un essai gratuit et d\u00e9couvrez comment simplifier votre planification, augmenter l&rsquo;efficacit\u00e9 et simplifier votre flux de travail dans tous les secteurs. Commencez maintenant et voyez la diff\u00e9rence ! <\/p>\n\n\n\n<div class=\"wp-block-button\"><a class=\"wp-block-button__link has-text-align-left wp-element-button\" href=\"https:\/\/schedule.calfrenzy.com\/auth\/sign-up\">Commencez Gratuitement<\/a><\/div>\n<\/div><\/div><\/div>\n","protected":false},"excerpt":{"rendered":"","protected":false},"author":1,"featured_media":0,"parent":0,"menu_order":0,"comment_status":"closed","ping_status":"closed","template":"","meta":{"inline_featured_image":false,"footnotes":""},"class_list":["post-2686","page","type-page","status-publish","hentry"],"yoast_head":"<!-- This site is optimized with the Yoast SEO Premium plugin v26.8 (Yoast SEO v26.8) - https:\/\/yoast.com\/product\/yoast-seo-premium-wordpress\/ -->\n<title>Secteur Solutions - Calfrenzy<\/title>\n<meta name=\"description\" content=\"Calfrenzy est un outil de planification de r\u00e9unions avec des fonctionnalit\u00e9s premium. Il simplifie la planification en ligne pour les professionnels de nombreux secteurs.\" \/>\n<meta name=\"robots\" content=\"index, follow, max-snippet:-1, max-image-preview:large, max-video-preview:-1\" \/>\n<link rel=\"canonical\" href=\"https:\/\/calfrenzy.com\/fr\/solutions\/\" \/>\n<meta property=\"og:locale\" content=\"fr_FR\" \/>\n<meta property=\"og:type\" content=\"article\" \/>\n<meta property=\"og:title\" content=\"Solutions\" \/>\n<meta property=\"og:description\" content=\"Calfrenzy est un outil de planification de r\u00e9unions avec des fonctionnalit\u00e9s premium. Il simplifie la planification en ligne pour les professionnels de nombreux secteurs.\" \/>\n<meta property=\"og:url\" content=\"https:\/\/calfrenzy.com\/fr\/solutions\/\" \/>\n<meta property=\"og:site_name\" content=\"calfrenzy\" \/>\n<meta property=\"article:publisher\" content=\"https:\/\/www.facebook.com\/calfrenzy\" \/>\n<meta property=\"article:modified_time\" content=\"2025-02-21T09:35:13+00:00\" \/>\n<meta property=\"og:image\" content=\"https:\/\/calfrenzy.com\/wp-content\/uploads\/2025\/02\/recruiters.png\" \/>\n<meta name=\"twitter:card\" content=\"summary_large_image\" \/>\n<meta name=\"twitter:site\" content=\"@calfrenzy53224\" \/>\n<meta name=\"twitter:label1\" content=\"Dur\u00e9e de lecture estim\u00e9e\" \/>\n\t<meta name=\"twitter:data1\" content=\"1 minute\" \/>\n<script type=\"application\/ld+json\" class=\"yoast-schema-graph\">{\"@context\":\"https:\/\/schema.org\",\"@graph\":[{\"@type\":\"WebPage\",\"@id\":\"https:\/\/calfrenzy.com\/fr\/solutions\/\",\"url\":\"https:\/\/calfrenzy.com\/fr\/solutions\/\",\"name\":\"Secteur Solutions - Calfrenzy\",\"isPartOf\":{\"@id\":\"https:\/\/calfrenzy.com\/fr\/#website\"},\"primaryImageOfPage\":{\"@id\":\"https:\/\/calfrenzy.com\/fr\/solutions\/#primaryimage\"},\"image\":{\"@id\":\"https:\/\/calfrenzy.com\/fr\/solutions\/#primaryimage\"},\"thumbnailUrl\":\"https:\/\/calfrenzy.com\/wp-content\/uploads\/2025\/02\/recruiters.png\",\"datePublished\":\"2024-06-20T11:07:12+00:00\",\"dateModified\":\"2025-02-21T09:35:13+00:00\",\"description\":\"Calfrenzy est un outil de planification de r\u00e9unions avec des fonctionnalit\u00e9s premium. Il simplifie la planification en ligne pour les professionnels de nombreux secteurs.\",\"breadcrumb\":{\"@id\":\"https:\/\/calfrenzy.com\/fr\/solutions\/#breadcrumb\"},\"inLanguage\":\"fr-FR\",\"potentialAction\":[{\"@type\":\"ReadAction\",\"target\":[\"https:\/\/calfrenzy.com\/fr\/solutions\/\"]}]},{\"@type\":\"ImageObject\",\"inLanguage\":\"fr-FR\",\"@id\":\"https:\/\/calfrenzy.com\/fr\/solutions\/#primaryimage\",\"url\":\"https:\/\/calfrenzy.com\/wp-content\/uploads\/2025\/02\/recruiters.png\",\"contentUrl\":\"https:\/\/calfrenzy.com\/wp-content\/uploads\/2025\/02\/recruiters.png\"},{\"@type\":\"BreadcrumbList\",\"@id\":\"https:\/\/calfrenzy.com\/fr\/solutions\/#breadcrumb\",\"itemListElement\":[{\"@type\":\"ListItem\",\"position\":1,\"name\":\"Home\",\"item\":\"https:\/\/calfrenzy.com\/fr\/\"},{\"@type\":\"ListItem\",\"position\":2,\"name\":\"Solutions\"}]},{\"@type\":\"WebSite\",\"@id\":\"https:\/\/calfrenzy.com\/fr\/#website\",\"url\":\"https:\/\/calfrenzy.com\/fr\/\",\"name\":\"Calfrenzy\",\"description\":\"Easy Scheduling Across Time Zones and Organizations\",\"publisher\":{\"@id\":\"https:\/\/calfrenzy.com\/fr\/#organization\"},\"alternateName\":\"calfrenzy\",\"potentialAction\":[{\"@type\":\"SearchAction\",\"target\":{\"@type\":\"EntryPoint\",\"urlTemplate\":\"https:\/\/calfrenzy.com\/fr\/?s={search_term_string}\"},\"query-input\":{\"@type\":\"PropertyValueSpecification\",\"valueRequired\":true,\"valueName\":\"search_term_string\"}}],\"inLanguage\":\"fr-FR\"},{\"@type\":\"Organization\",\"@id\":\"https:\/\/calfrenzy.com\/fr\/#organization\",\"name\":\"Calfrenzy\",\"alternateName\":\"calfrenzy\",\"url\":\"https:\/\/calfrenzy.com\/fr\/\",\"logo\":{\"@type\":\"ImageObject\",\"inLanguage\":\"fr-FR\",\"@id\":\"https:\/\/calfrenzy.com\/fr\/#\/schema\/logo\/image\/\",\"url\":\"https:\/\/calfrenzy.com\/wp-content\/uploads\/2024\/06\/float_6_1.svg\",\"contentUrl\":\"https:\/\/calfrenzy.com\/wp-content\/uploads\/2024\/06\/float_6_1.svg\",\"width\":47,\"height\":50,\"caption\":\"Calfrenzy\"},\"image\":{\"@id\":\"https:\/\/calfrenzy.com\/fr\/#\/schema\/logo\/image\/\"},\"sameAs\":[\"https:\/\/www.facebook.com\/calfrenzy\",\"https:\/\/x.com\/calfrenzy53224\",\"https:\/\/www.youtube.com\/@Calfrenzy\",\"https:\/\/www.linkedin.com\/company\/calfrenzy\",\"https:\/\/www.capterra.com\/p\/10020993\/CalFrenzy\/\",\"https:\/\/chromewebstore.google.com\/detail\/calfrenzy-free-online-app\/igmlifilbgnlaijamohaakgoacoeoidk?hl=en\",\"https:\/\/workspace.google.com\/marketplace\/app\/calfrenzy\/369573383535\",\"https:\/\/www.trustpilot.com\/review\/calfrenzy.com\",\"https:\/\/www.g2.com\/products\/calfrenzy\/reviews\"]}]}<\/script>\n<!-- \/ Yoast SEO Premium plugin. -->","yoast_head_json":{"title":"Secteur Solutions - Calfrenzy","description":"Calfrenzy est un outil de planification de r\u00e9unions avec des fonctionnalit\u00e9s premium. Il simplifie la planification en ligne pour les professionnels de nombreux secteurs.","robots":{"index":"index","follow":"follow","max-snippet":"max-snippet:-1","max-image-preview":"max-image-preview:large","max-video-preview":"max-video-preview:-1"},"canonical":"https:\/\/calfrenzy.com\/fr\/solutions\/","og_locale":"fr_FR","og_type":"article","og_title":"Solutions","og_description":"Calfrenzy est un outil de planification de r\u00e9unions avec des fonctionnalit\u00e9s premium. Il simplifie la planification en ligne pour les professionnels de nombreux secteurs.","og_url":"https:\/\/calfrenzy.com\/fr\/solutions\/","og_site_name":"calfrenzy","article_publisher":"https:\/\/www.facebook.com\/calfrenzy","article_modified_time":"2025-02-21T09:35:13+00:00","og_image":[{"url":"https:\/\/calfrenzy.com\/wp-content\/uploads\/2025\/02\/recruiters.png","type":"","width":"","height":""}],"twitter_card":"summary_large_image","twitter_site":"@calfrenzy53224","twitter_misc":{"Dur\u00e9e de lecture estim\u00e9e":"1 minute"},"schema":{"@context":"https:\/\/schema.org","@graph":[{"@type":"WebPage","@id":"https:\/\/calfrenzy.com\/fr\/solutions\/","url":"https:\/\/calfrenzy.com\/fr\/solutions\/","name":"Secteur Solutions - Calfrenzy","isPartOf":{"@id":"https:\/\/calfrenzy.com\/fr\/#website"},"primaryImageOfPage":{"@id":"https:\/\/calfrenzy.com\/fr\/solutions\/#primaryimage"},"image":{"@id":"https:\/\/calfrenzy.com\/fr\/solutions\/#primaryimage"},"thumbnailUrl":"https:\/\/calfrenzy.com\/wp-content\/uploads\/2025\/02\/recruiters.png","datePublished":"2024-06-20T11:07:12+00:00","dateModified":"2025-02-21T09:35:13+00:00","description":"Calfrenzy est un outil de planification de r\u00e9unions avec des fonctionnalit\u00e9s premium. Il simplifie la planification en ligne pour les professionnels de nombreux secteurs.","breadcrumb":{"@id":"https:\/\/calfrenzy.com\/fr\/solutions\/#breadcrumb"},"inLanguage":"fr-FR","potentialAction":[{"@type":"ReadAction","target":["https:\/\/calfrenzy.com\/fr\/solutions\/"]}]},{"@type":"ImageObject","inLanguage":"fr-FR","@id":"https:\/\/calfrenzy.com\/fr\/solutions\/#primaryimage","url":"https:\/\/calfrenzy.com\/wp-content\/uploads\/2025\/02\/recruiters.png","contentUrl":"https:\/\/calfrenzy.com\/wp-content\/uploads\/2025\/02\/recruiters.png"},{"@type":"BreadcrumbList","@id":"https:\/\/calfrenzy.com\/fr\/solutions\/#breadcrumb","itemListElement":[{"@type":"ListItem","position":1,"name":"Home","item":"https:\/\/calfrenzy.com\/fr\/"},{"@type":"ListItem","position":2,"name":"Solutions"}]},{"@type":"WebSite","@id":"https:\/\/calfrenzy.com\/fr\/#website","url":"https:\/\/calfrenzy.com\/fr\/","name":"Calfrenzy","description":"Easy Scheduling Across Time Zones and Organizations","publisher":{"@id":"https:\/\/calfrenzy.com\/fr\/#organization"},"alternateName":"calfrenzy","potentialAction":[{"@type":"SearchAction","target":{"@type":"EntryPoint","urlTemplate":"https:\/\/calfrenzy.com\/fr\/?s={search_term_string}"},"query-input":{"@type":"PropertyValueSpecification","valueRequired":true,"valueName":"search_term_string"}}],"inLanguage":"fr-FR"},{"@type":"Organization","@id":"https:\/\/calfrenzy.com\/fr\/#organization","name":"Calfrenzy","alternateName":"calfrenzy","url":"https:\/\/calfrenzy.com\/fr\/","logo":{"@type":"ImageObject","inLanguage":"fr-FR","@id":"https:\/\/calfrenzy.com\/fr\/#\/schema\/logo\/image\/","url":"https:\/\/calfrenzy.com\/wp-content\/uploads\/2024\/06\/float_6_1.svg","contentUrl":"https:\/\/calfrenzy.com\/wp-content\/uploads\/2024\/06\/float_6_1.svg","width":47,"height":50,"caption":"Calfrenzy"},"image":{"@id":"https:\/\/calfrenzy.com\/fr\/#\/schema\/logo\/image\/"},"sameAs":["https:\/\/www.facebook.com\/calfrenzy","https:\/\/x.com\/calfrenzy53224","https:\/\/www.youtube.com\/@Calfrenzy","https:\/\/www.linkedin.com\/company\/calfrenzy","https:\/\/www.capterra.com\/p\/10020993\/CalFrenzy\/","https:\/\/chromewebstore.google.com\/detail\/calfrenzy-free-online-app\/igmlifilbgnlaijamohaakgoacoeoidk?hl=en","https:\/\/workspace.google.com\/marketplace\/app\/calfrenzy\/369573383535","https:\/\/www.trustpilot.com\/review\/calfrenzy.com","https:\/\/www.g2.com\/products\/calfrenzy\/reviews"]}]}},"_links":{"self":[{"href":"https:\/\/calfrenzy.com\/fr\/wp-json\/wp\/v2\/pages\/2686","targetHints":{"allow":["GET"]}}],"collection":[{"href":"https:\/\/calfrenzy.com\/fr\/wp-json\/wp\/v2\/pages"}],"about":[{"href":"https:\/\/calfrenzy.com\/fr\/wp-json\/wp\/v2\/types\/page"}],"author":[{"embeddable":true,"href":"https:\/\/calfrenzy.com\/fr\/wp-json\/wp\/v2\/users\/1"}],"replies":[{"embeddable":true,"href":"https:\/\/calfrenzy.com\/fr\/wp-json\/wp\/v2\/comments?post=2686"}],"version-history":[{"count":12,"href":"https:\/\/calfrenzy.com\/fr\/wp-json\/wp\/v2\/pages\/2686\/revisions"}],"predecessor-version":[{"id":5820,"href":"https:\/\/calfrenzy.com\/fr\/wp-json\/wp\/v2\/pages\/2686\/revisions\/5820"}],"wp:attachment":[{"href":"https:\/\/calfrenzy.com\/fr\/wp-json\/wp\/v2\/media?parent=2686"}],"curies":[{"name":"wp","href":"https:\/\/api.w.org\/{rel}","templated":true}]}}