{"id":2688,"date":"2024-06-19T09:47:41","date_gmt":"2024-06-19T09:47:41","guid":{"rendered":"https:\/\/calfrenzy.com\/?page_id=2688"},"modified":"2025-02-20T07:27:51","modified_gmt":"2025-02-20T07:27:51","slug":"support","status":"publish","type":"page","link":"https:\/\/calfrenzy.com\/fr\/support\/","title":{"rendered":"Support"},"content":{"rendered":"\n<div class=\"contact_sales\">\n<div class=\"contact_sales__content\">\n<h1 class=\"wp-block-heading\">Centre d&rsquo;Aide Calfrenzy<\/h1>\n\n\n\n<h5 class=\"wp-block-heading\"><strong>Votre Ressource de R\u00e9f\u00e9rence pour les Solutions de Planification<\/strong><\/h5>\n\n\n\n<ul class=\"wp-block-list\">\n<li>Bienvenue dans le Centre d&rsquo;Aide Calfrenzy ! Notre objectif est de vous fournir tous les outils et informations n\u00e9cessaires pour maximiser votre exp\u00e9rience avec la plateforme de planification Calfrenzy. Que vous commenciez tout juste ou que vous souhaitiez exploiter des fonctionnalit\u00e9s avanc\u00e9es.  <\/li>\n\n\n\n<li>Bien que nos articles et tutoriels ne soient pas encore disponibles, nous nous engageons \u00e0 fournir bient\u00f4t du contenu utile. En attendant, si vous avez des questions ou besoin d\u2019assistance, notre \u00e9quipe de service client est l\u00e0 pour vous aider. Restez \u00e0 l\u2019\u00e9coute pour des mises \u00e0 jour alors que nous construisons une biblioth\u00e8que compl\u00e8te de ressources adapt\u00e9es \u00e0 vos besoins en planification.  <\/li>\n<\/ul>\n<\/div>\n\n\n\n<div class=\"contact_sales__form\">\n<div class=\"wpcf7 no-js\" id=\"wpcf7-f2625-o1\" lang=\"fr-FR\" dir=\"ltr\" data-wpcf7-id=\"2625\">\n<div class=\"screen-reader-response\"><p role=\"status\" aria-live=\"polite\" aria-atomic=\"true\"><\/p> <ul><\/ul><\/div>\n<form action=\"\/fr\/wp-json\/wp\/v2\/pages\/2688#wpcf7-f2625-o1\" method=\"post\" class=\"wpcf7-form init 255c7aad8747 cmatic-conn cmatic-aud-1 cmatic-mapd0-0 cmatic-v0973 cmatic-sent-0 cmatic-total-0\" aria-label=\"Formulaire de contact\" enctype=\"multipart\/form-data\" novalidate=\"novalidate\" data-status=\"init\">\n<fieldset class=\"hidden-fields-container\"><input type=\"hidden\" name=\"_wpcf7\" value=\"2625\" \/><input type=\"hidden\" name=\"_wpcf7_version\" value=\"6.1.4\" \/><input type=\"hidden\" name=\"_wpcf7_locale\" value=\"fr_FR\" \/><input type=\"hidden\" name=\"_wpcf7_unit_tag\" value=\"wpcf7-f2625-o1\" \/><input type=\"hidden\" name=\"_wpcf7_container_post\" value=\"0\" \/><input type=\"hidden\" name=\"_wpcf7_posted_data_hash\" value=\"\" \/><input type=\"hidden\" name=\"_wpcf7_recaptcha_response\" value=\"\" \/>\n<\/fieldset>\n<div class=\"cf7\">\n   <p class=\"cf7__heading has-x-large-font-size\"><strong>Veuillez remplir le formulaire ci-dessous, et nous vous contacterons dans un d\u00e9lai d&rsquo;un jour ouvrable.<\/strong><\/p>\n   <div class=\"cf7__form\">\n      <div class=\"cf7__form-item\">\n          <label>Votre nom*<\/label>\n<span class=\"wpcf7-form-control-wrap\" data-name=\"your-name\"><input size=\"40\" maxlength=\"400\" class=\"wpcf7-form-control wpcf7-text wpcf7-validates-as-required\" aria-required=\"true\" aria-invalid=\"false\" placeholder=\"Entrez votre nom\" value=\"\" type=\"text\" name=\"your-name\" \/><\/span>\n      <\/div>\n      <div class=\"cf7__form-item\">\n          <label>E-mail*<\/label>\n<span class=\"wpcf7-form-control-wrap\" data-name=\"e-mail\"><input size=\"40\" maxlength=\"400\" class=\"wpcf7-form-control wpcf7-text wpcf7-validates-as-required\" aria-required=\"true\" aria-invalid=\"false\" placeholder=\"email@example.com\" value=\"\" type=\"text\" name=\"e-mail\" \/><\/span>\n      <\/div>\n      <div class=\"cf7__form-item\">\n          <label>T\u00e9l\u00e9phone*<\/label>\n<span class=\"wpcf7-form-control-wrap\" data-name=\"phone\"><input size=\"40\" maxlength=\"400\" class=\"wpcf7-form-control wpcf7-tel wpcf7-text wpcf7-validates-as-tel\" aria-invalid=\"false\" placeholder=\"Votre t\u00e9l\u00e9phone\" value=\"\" type=\"tel\" name=\"phone\" \/><\/span>\n      <\/div>\n      <div class=\"cf7__form-item\">\n          <label>Message<\/label>\n<span class=\"wpcf7-form-control-wrap\" data-name=\"message\"><textarea cols=\"40\" rows=\"10\" maxlength=\"2000\" class=\"wpcf7-form-control wpcf7-textarea\" aria-invalid=\"false\" placeholder=\"Votre message\" name=\"message\"><\/textarea><\/span>\n      <\/div>\n      <div class=\"cf7__form-item\">\n          <label for=\"file_for_support\" id=\"label_file\">Fichier<\/label>\n          <span class=\"wpcf7-form-control-wrap\" data-name=\"file\"><input size=\"40\" class=\"wpcf7-form-control wpcf7-file\" id=\"file_for_support\" accept=\"audio\/*,video\/*,image\/*\" aria-invalid=\"false\" type=\"file\" name=\"file\" \/><\/span>\n<span id=\"checked_file_name\"><\/span>\n      <\/div>\n   <\/div>\n   <p class=\"cf7__note has-medium-font-size\">En cliquant sur soumettre, vous confirmez que vous consentez au traitement de vos informations personnelles conform\u00e9ment \u00e0 notre <a href=\"\/privacy-policy\/\">Politique de confidentialit\u00e9.<\/a><\/p>\n<button class=\"wpcf7-submit\" type=\"submit\">Soumettre <i><\/i><\/button>\n<\/div>\n<div class=\"cf7-success\">\n<h3 class=\"wp-block-heading\">Merci pour votre soumission !<\/h3>\n<p class=\"has-large-font-size\">Nous avons bien re\u00e7u votre demande.<\/p>\n<p class=\"has-large-font-size\">Notre \u00e9quipe de support est en train de examiner votre ticket, et vous pouvez attendre une r\u00e9ponse dans les 24 heures.<\/p>\n<\/div><p style=\"display: none !important;\" class=\"akismet-fields-container\" data-prefix=\"_wpcf7_ak_\"><label>&#916;<textarea name=\"_wpcf7_ak_hp_textarea\" cols=\"45\" rows=\"8\" maxlength=\"100\"><\/textarea><\/label><input type=\"hidden\" id=\"ak_js_1\" name=\"_wpcf7_ak_js\" value=\"148\"\/><script>document.getElementById( \"ak_js_1\" ).setAttribute( \"value\", ( new Date() ).getTime() );<\/script><\/p><div class=\"wpcf7-response-output\" aria-hidden=\"true\"><\/div>\n<\/form>\n<\/div>\n<\/div>\n<\/div>\n","protected":false},"excerpt":{"rendered":"","protected":false},"author":1,"featured_media":0,"parent":0,"menu_order":0,"comment_status":"closed","ping_status":"closed","template":"new_home.php","meta":{"inline_featured_image":false,"footnotes":""},"class_list":["post-2688","page","type-page","status-publish","hentry"],"yoast_head":"<!-- This site is optimized with the Yoast SEO Premium plugin v26.8 (Yoast SEO v26.8) - https:\/\/yoast.com\/product\/yoast-seo-premium-wordpress\/ -->\n<title>Centre d&#039;Aide et Support Calfrenzy<\/title>\n<meta name=\"description\" content=\"Obtenez tous les outils et informations pour maximiser l&#039;utilisation de la plateforme de planification Calfrenzy. Des questions ? Notre \u00e9quipe de support est pr\u00eate \u00e0 vous aider pendant que nous construisons notre biblioth\u00e8que de ressources.\" \/>\n<meta name=\"robots\" content=\"index, follow, max-snippet:-1, max-image-preview:large, max-video-preview:-1\" \/>\n<link rel=\"canonical\" href=\"https:\/\/calfrenzy.com\/fr\/support\/\" \/>\n<meta property=\"og:locale\" content=\"fr_FR\" \/>\n<meta property=\"og:type\" content=\"article\" \/>\n<meta property=\"og:title\" content=\"Support\" \/>\n<meta property=\"og:description\" content=\"Obtenez tous les outils et informations pour maximiser l&#039;utilisation de la plateforme de planification Calfrenzy. Des questions ? Notre \u00e9quipe de support est pr\u00eate \u00e0 vous aider pendant que nous construisons notre biblioth\u00e8que de ressources.\" \/>\n<meta property=\"og:url\" content=\"https:\/\/calfrenzy.com\/fr\/support\/\" \/>\n<meta property=\"og:site_name\" content=\"calfrenzy\" \/>\n<meta property=\"article:publisher\" content=\"https:\/\/www.facebook.com\/calfrenzy\" \/>\n<meta property=\"article:modified_time\" content=\"2025-02-20T07:27:51+00:00\" \/>\n<meta property=\"og:image\" content=\"https:\/\/calfrenzy.com\/wp-content\/uploads\/2024\/06\/ease_3.png\" \/>\n\t<meta property=\"og:image:width\" content=\"1620\" \/>\n\t<meta property=\"og:image:height\" content=\"632\" \/>\n\t<meta property=\"og:image:type\" content=\"image\/png\" \/>\n<meta name=\"twitter:card\" content=\"summary_large_image\" \/>\n<meta name=\"twitter:site\" content=\"@calfrenzy53224\" \/>\n<meta name=\"twitter:label1\" content=\"Dur\u00e9e de lecture estim\u00e9e\" \/>\n\t<meta name=\"twitter:data1\" content=\"1 minute\" \/>\n<script type=\"application\/ld+json\" class=\"yoast-schema-graph\">{\"@context\":\"https:\/\/schema.org\",\"@graph\":[{\"@type\":\"WebPage\",\"@id\":\"https:\/\/calfrenzy.com\/fr\/support\/\",\"url\":\"https:\/\/calfrenzy.com\/fr\/support\/\",\"name\":\"Centre d'Aide et Support Calfrenzy\",\"isPartOf\":{\"@id\":\"https:\/\/calfrenzy.com\/fr\/#website\"},\"datePublished\":\"2024-06-19T09:47:41+00:00\",\"dateModified\":\"2025-02-20T07:27:51+00:00\",\"description\":\"Obtenez tous les outils et informations pour maximiser l'utilisation de la plateforme de planification Calfrenzy. Des questions ? Notre \u00e9quipe de support est pr\u00eate \u00e0 vous aider pendant que nous construisons notre biblioth\u00e8que de ressources.\",\"breadcrumb\":{\"@id\":\"https:\/\/calfrenzy.com\/fr\/support\/#breadcrumb\"},\"inLanguage\":\"fr-FR\",\"potentialAction\":[{\"@type\":\"ReadAction\",\"target\":[\"https:\/\/calfrenzy.com\/fr\/support\/\"]}]},{\"@type\":\"BreadcrumbList\",\"@id\":\"https:\/\/calfrenzy.com\/fr\/support\/#breadcrumb\",\"itemListElement\":[{\"@type\":\"ListItem\",\"position\":1,\"name\":\"Home\",\"item\":\"https:\/\/calfrenzy.com\/fr\/\"},{\"@type\":\"ListItem\",\"position\":2,\"name\":\"Support\"}]},{\"@type\":\"WebSite\",\"@id\":\"https:\/\/calfrenzy.com\/fr\/#website\",\"url\":\"https:\/\/calfrenzy.com\/fr\/\",\"name\":\"Calfrenzy\",\"description\":\"Easy Scheduling Across Time Zones and Organizations\",\"publisher\":{\"@id\":\"https:\/\/calfrenzy.com\/fr\/#organization\"},\"alternateName\":\"calfrenzy\",\"potentialAction\":[{\"@type\":\"SearchAction\",\"target\":{\"@type\":\"EntryPoint\",\"urlTemplate\":\"https:\/\/calfrenzy.com\/fr\/?s={search_term_string}\"},\"query-input\":{\"@type\":\"PropertyValueSpecification\",\"valueRequired\":true,\"valueName\":\"search_term_string\"}}],\"inLanguage\":\"fr-FR\"},{\"@type\":\"Organization\",\"@id\":\"https:\/\/calfrenzy.com\/fr\/#organization\",\"name\":\"Calfrenzy\",\"alternateName\":\"calfrenzy\",\"url\":\"https:\/\/calfrenzy.com\/fr\/\",\"logo\":{\"@type\":\"ImageObject\",\"inLanguage\":\"fr-FR\",\"@id\":\"https:\/\/calfrenzy.com\/fr\/#\/schema\/logo\/image\/\",\"url\":\"https:\/\/calfrenzy.com\/wp-content\/uploads\/2024\/06\/float_6_1.svg\",\"contentUrl\":\"https:\/\/calfrenzy.com\/wp-content\/uploads\/2024\/06\/float_6_1.svg\",\"width\":47,\"height\":50,\"caption\":\"Calfrenzy\"},\"image\":{\"@id\":\"https:\/\/calfrenzy.com\/fr\/#\/schema\/logo\/image\/\"},\"sameAs\":[\"https:\/\/www.facebook.com\/calfrenzy\",\"https:\/\/x.com\/calfrenzy53224\",\"https:\/\/www.youtube.com\/@Calfrenzy\",\"https:\/\/www.linkedin.com\/company\/calfrenzy\",\"https:\/\/www.capterra.com\/p\/10020993\/CalFrenzy\/\",\"https:\/\/chromewebstore.google.com\/detail\/calfrenzy-free-online-app\/igmlifilbgnlaijamohaakgoacoeoidk?hl=en\",\"https:\/\/workspace.google.com\/marketplace\/app\/calfrenzy\/369573383535\",\"https:\/\/www.trustpilot.com\/review\/calfrenzy.com\",\"https:\/\/www.g2.com\/products\/calfrenzy\/reviews\"]}]}<\/script>\n<!-- \/ Yoast SEO Premium plugin. -->","yoast_head_json":{"title":"Centre d'Aide et Support Calfrenzy","description":"Obtenez tous les outils et informations pour maximiser l'utilisation de la plateforme de planification Calfrenzy. Des questions ? Notre \u00e9quipe de support est pr\u00eate \u00e0 vous aider pendant que nous construisons notre biblioth\u00e8que de ressources.","robots":{"index":"index","follow":"follow","max-snippet":"max-snippet:-1","max-image-preview":"max-image-preview:large","max-video-preview":"max-video-preview:-1"},"canonical":"https:\/\/calfrenzy.com\/fr\/support\/","og_locale":"fr_FR","og_type":"article","og_title":"Support","og_description":"Obtenez tous les outils et informations pour maximiser l'utilisation de la plateforme de planification Calfrenzy. Des questions ? Notre \u00e9quipe de support est pr\u00eate \u00e0 vous aider pendant que nous construisons notre biblioth\u00e8que de ressources.","og_url":"https:\/\/calfrenzy.com\/fr\/support\/","og_site_name":"calfrenzy","article_publisher":"https:\/\/www.facebook.com\/calfrenzy","article_modified_time":"2025-02-20T07:27:51+00:00","og_image":[{"width":1620,"height":632,"url":"https:\/\/calfrenzy.com\/wp-content\/uploads\/2024\/06\/ease_3.png","type":"image\/png"}],"twitter_card":"summary_large_image","twitter_site":"@calfrenzy53224","twitter_misc":{"Dur\u00e9e de lecture estim\u00e9e":"1 minute"},"schema":{"@context":"https:\/\/schema.org","@graph":[{"@type":"WebPage","@id":"https:\/\/calfrenzy.com\/fr\/support\/","url":"https:\/\/calfrenzy.com\/fr\/support\/","name":"Centre d'Aide et Support Calfrenzy","isPartOf":{"@id":"https:\/\/calfrenzy.com\/fr\/#website"},"datePublished":"2024-06-19T09:47:41+00:00","dateModified":"2025-02-20T07:27:51+00:00","description":"Obtenez tous les outils et informations pour maximiser l'utilisation de la plateforme de planification Calfrenzy. Des questions ? Notre \u00e9quipe de support est pr\u00eate \u00e0 vous aider pendant que nous construisons notre biblioth\u00e8que de ressources.","breadcrumb":{"@id":"https:\/\/calfrenzy.com\/fr\/support\/#breadcrumb"},"inLanguage":"fr-FR","potentialAction":[{"@type":"ReadAction","target":["https:\/\/calfrenzy.com\/fr\/support\/"]}]},{"@type":"BreadcrumbList","@id":"https:\/\/calfrenzy.com\/fr\/support\/#breadcrumb","itemListElement":[{"@type":"ListItem","position":1,"name":"Home","item":"https:\/\/calfrenzy.com\/fr\/"},{"@type":"ListItem","position":2,"name":"Support"}]},{"@type":"WebSite","@id":"https:\/\/calfrenzy.com\/fr\/#website","url":"https:\/\/calfrenzy.com\/fr\/","name":"Calfrenzy","description":"Easy Scheduling Across Time Zones and Organizations","publisher":{"@id":"https:\/\/calfrenzy.com\/fr\/#organization"},"alternateName":"calfrenzy","potentialAction":[{"@type":"SearchAction","target":{"@type":"EntryPoint","urlTemplate":"https:\/\/calfrenzy.com\/fr\/?s={search_term_string}"},"query-input":{"@type":"PropertyValueSpecification","valueRequired":true,"valueName":"search_term_string"}}],"inLanguage":"fr-FR"},{"@type":"Organization","@id":"https:\/\/calfrenzy.com\/fr\/#organization","name":"Calfrenzy","alternateName":"calfrenzy","url":"https:\/\/calfrenzy.com\/fr\/","logo":{"@type":"ImageObject","inLanguage":"fr-FR","@id":"https:\/\/calfrenzy.com\/fr\/#\/schema\/logo\/image\/","url":"https:\/\/calfrenzy.com\/wp-content\/uploads\/2024\/06\/float_6_1.svg","contentUrl":"https:\/\/calfrenzy.com\/wp-content\/uploads\/2024\/06\/float_6_1.svg","width":47,"height":50,"caption":"Calfrenzy"},"image":{"@id":"https:\/\/calfrenzy.com\/fr\/#\/schema\/logo\/image\/"},"sameAs":["https:\/\/www.facebook.com\/calfrenzy","https:\/\/x.com\/calfrenzy53224","https:\/\/www.youtube.com\/@Calfrenzy","https:\/\/www.linkedin.com\/company\/calfrenzy","https:\/\/www.capterra.com\/p\/10020993\/CalFrenzy\/","https:\/\/chromewebstore.google.com\/detail\/calfrenzy-free-online-app\/igmlifilbgnlaijamohaakgoacoeoidk?hl=en","https:\/\/workspace.google.com\/marketplace\/app\/calfrenzy\/369573383535","https:\/\/www.trustpilot.com\/review\/calfrenzy.com","https:\/\/www.g2.com\/products\/calfrenzy\/reviews"]}]}},"_links":{"self":[{"href":"https:\/\/calfrenzy.com\/fr\/wp-json\/wp\/v2\/pages\/2688","targetHints":{"allow":["GET"]}}],"collection":[{"href":"https:\/\/calfrenzy.com\/fr\/wp-json\/wp\/v2\/pages"}],"about":[{"href":"https:\/\/calfrenzy.com\/fr\/wp-json\/wp\/v2\/types\/page"}],"author":[{"embeddable":true,"href":"https:\/\/calfrenzy.com\/fr\/wp-json\/wp\/v2\/users\/1"}],"replies":[{"embeddable":true,"href":"https:\/\/calfrenzy.com\/fr\/wp-json\/wp\/v2\/comments?post=2688"}],"version-history":[{"count":3,"href":"https:\/\/calfrenzy.com\/fr\/wp-json\/wp\/v2\/pages\/2688\/revisions"}],"predecessor-version":[{"id":2998,"href":"https:\/\/calfrenzy.com\/fr\/wp-json\/wp\/v2\/pages\/2688\/revisions\/2998"}],"wp:attachment":[{"href":"https:\/\/calfrenzy.com\/fr\/wp-json\/wp\/v2\/media?parent=2688"}],"curies":[{"name":"wp","href":"https:\/\/api.w.org\/{rel}","templated":true}]}}