{"id":7440,"date":"2025-06-11T18:30:43","date_gmt":"2025-06-11T18:30:43","guid":{"rendered":"https:\/\/calfrenzy.com\/?page_id=7440"},"modified":"2025-11-07T20:08:21","modified_gmt":"2025-11-07T20:08:21","slug":"blog","status":"publish","type":"page","link":"https:\/\/calfrenzy.com\/fr\/blog\/","title":{"rendered":"Blog"},"content":{"rendered":"\n<div class=\"wp-block-cf-yellow-banner wrapper_yellow_banner\"><div class=\"yellow_banner\">\n<h1 class=\"wp-block-heading has-text-align-center\" id=\"h-calfrenzy-blog\">Blog Calfrenzy<\/h1>\n\n\n\n<p class=\"has-text-align-center\">Vous trouverez ici des ressources pour rendre votre planification en ligne simple et efficace.<\/p>\n<\/div><\/div>\n    <div class=\"wrapper_blog_list\">\n        <div class=\"blog_list\">\n\n            <div class=\"blog_list__info\">\n                <div class=\"blog_list__info-tags\">\n                    <a class=\"\" href=\"https:\/\/calfrenzy.com\/fr\/blog\/category\/productivite-gestion-du-temps\/\">Productivit\u00e9 &amp; gestion du temps<\/a>                <\/div>\n                <div class=\"blog_list__info-search\">\n                    <form action=\"\/\" method=\"get\">\n    <input type=\"text\" name=\"s\" id=\"search\" value=\"\" placeholder=\"Rechercher...\" \/>\n    <button type=\"submit\"><i class=\"icon icon-search\"><\/i><\/button>\n<\/form>                <\/div>\n            <\/div>\n\n            <div class=\"blog_list__items\">\n<div class=\"single_post_card\">\n    <div class=\"single_post_card__image\"><img decoding=\"async\" width=\"2400\" height=\"1350\" src=\"https:\/\/calfrenzy.com\/wp-content\/uploads\/2025\/08\/System-at-Workplace-Graph-French.png\" class=\"attachment-post-thumbnail size-post-thumbnail wp-post-image\" alt=\"Visual guide titled &#039;5 Steps to Build a Support System at the Workplace&#039; featuring pastel modern design and tips for fostering collaboration and employee support.\" srcset=\"https:\/\/calfrenzy.com\/wp-content\/uploads\/2025\/08\/System-at-Workplace-Graph-French.png 2400w, https:\/\/calfrenzy.com\/wp-content\/uploads\/2025\/08\/System-at-Workplace-Graph-French-300x169.png 300w, https:\/\/calfrenzy.com\/wp-content\/uploads\/2025\/08\/System-at-Workplace-Graph-French-1024x576.png 1024w, https:\/\/calfrenzy.com\/wp-content\/uploads\/2025\/08\/System-at-Workplace-Graph-French-768x432.png 768w, https:\/\/calfrenzy.com\/wp-content\/uploads\/2025\/08\/System-at-Workplace-Graph-French-1536x864.png 1536w, https:\/\/calfrenzy.com\/wp-content\/uploads\/2025\/08\/System-at-Workplace-Graph-French-2048x1152.png 2048w\" sizes=\"(max-width: 2400px) 100vw, 2400px\" \/><\/div>\n    <div class=\"single_post_card__info\">\n        <div class=\"single_post_card__info-tag\">\n            <a href=\"https:\/\/calfrenzy.com\/fr\/blog\/category\/productivite-gestion-du-temps\/\">Productivit\u00e9 &amp; gestion du temps<\/a>        <\/div>\n        <div class=\"single_post_card__info-info\">\n            <div class=\"reading_time\">\n                <i class=\"icon icon-reading-time\"><\/i>\n                <span>12min.<\/span>\n            <\/div>\n            <div class=\"date\">\n                <i class=\"icon icon-date\"><\/i>\n                11 Juin, 2025            <\/div>\n        <\/div>\n    <\/div>\n    <h3 class=\"single_post_card__title\">Comment cr\u00e9er un planning et s\u2019y tenir<\/h3>\n    <div class=\"single_post_card__excerpt\">Apprenez \u00e0 construire un planning r\u00e9aliste qui s\u2019adapte \u00e0 votre vie. Adoptez des strat\u00e9gies intelligentes et une organisation flexible pour rester concentr\u00e9, r\u00e9duire le stress et avancer chaque jour. <\/div>\n    <div class=\"single_post_card__author\">\n        <div class=\"single_post_card__author-avatar\"><img decoding=\"async\" src=\"\/wp-content\/themes\/calfrenzy\/assets\/images\/logos\/calfrenzy logo.png\" alt=\"Calfrenzy\"><\/div>\n        <div class=\"single_post_card__author-name\">\n            <span>Calfrenzy<\/span>\n            <span>author<\/span>\n        <\/div>\n    <\/div>\n    <a class=\"single_post_card__link\" href=\"https:\/\/calfrenzy.com\/fr\/blog\/comment-creer-un-planning-et-sy-tenir\/\">Lien Lire la suite<\/a>\n<\/div><\/div>\n        <\/div>\n    <\/div>\n    ","protected":false},"excerpt":{"rendered":"","protected":false},"author":1,"featured_media":10211,"parent":0,"menu_order":0,"comment_status":"closed","ping_status":"closed","template":"","meta":{"inline_featured_image":false,"footnotes":""},"class_list":["post-7440","page","type-page","status-publish","has-post-thumbnail","hentry"],"yoast_head":"<!-- This site is optimized with the Yoast SEO Premium plugin v26.8 (Yoast SEO v26.8) - https:\/\/yoast.com\/product\/yoast-seo-premium-wordpress\/ -->\n<title>Astuces de planification et nouveaut\u00e9s produit | Blog Calfrenzy<\/title>\n<meta name=\"description\" content=\"D\u00e9couvrez des conseils d\u2019experts, des mises \u00e0 jour de fonctionnalit\u00e9s et des t\u00e9moignages de r\u00e9ussite sur le blog Calfrenzy. Apprenez comment les recruteurs, les marketeurs, les cadres et les \u00e9quipes de tous secteurs simplifient la planification \u00e0 l\u2019\u00e9chelle mondiale \u2014 \u00e0 un prix \u00e9quitable et avec un design soign\u00e9.\" \/>\n<meta name=\"robots\" content=\"index, follow, max-snippet:-1, max-image-preview:large, max-video-preview:-1\" \/>\n<link rel=\"canonical\" href=\"https:\/\/calfrenzy.com\/fr\/blog\/\" \/>\n<meta property=\"og:locale\" content=\"fr_FR\" \/>\n<meta property=\"og:type\" content=\"article\" \/>\n<meta property=\"og:title\" content=\"Blog\" \/>\n<meta property=\"og:description\" content=\"D\u00e9couvrez des conseils d\u2019experts, des mises \u00e0 jour de fonctionnalit\u00e9s et des t\u00e9moignages de r\u00e9ussite sur le blog Calfrenzy. Apprenez comment les recruteurs, les marketeurs, les cadres et les \u00e9quipes de tous secteurs simplifient la planification \u00e0 l\u2019\u00e9chelle mondiale \u2014 \u00e0 un prix \u00e9quitable et avec un design soign\u00e9.\" \/>\n<meta property=\"og:url\" content=\"https:\/\/calfrenzy.com\/fr\/blog\/\" \/>\n<meta property=\"og:site_name\" content=\"calfrenzy\" \/>\n<meta property=\"article:publisher\" content=\"https:\/\/www.facebook.com\/calfrenzy\" \/>\n<meta property=\"article:modified_time\" content=\"2025-11-07T20:08:21+00:00\" \/>\n<meta property=\"og:image\" content=\"https:\/\/calfrenzy.com\/wp-content\/uploads\/2025\/11\/Blog-English.png\" \/>\n\t<meta property=\"og:image:width\" content=\"2400\" \/>\n\t<meta property=\"og:image:height\" content=\"1260\" \/>\n\t<meta property=\"og:image:type\" content=\"image\/png\" \/>\n<meta name=\"twitter:card\" content=\"summary_large_image\" \/>\n<meta name=\"twitter:site\" content=\"@calfrenzy53224\" \/>\n<script type=\"application\/ld+json\" class=\"yoast-schema-graph\">{\"@context\":\"https:\/\/schema.org\",\"@graph\":[{\"@type\":\"WebPage\",\"@id\":\"https:\/\/calfrenzy.com\/fr\/blog\/\",\"url\":\"https:\/\/calfrenzy.com\/fr\/blog\/\",\"name\":\"Astuces de planification et nouveaut\u00e9s produit | Blog Calfrenzy\",\"isPartOf\":{\"@id\":\"https:\/\/calfrenzy.com\/fr\/#website\"},\"primaryImageOfPage\":{\"@id\":\"https:\/\/calfrenzy.com\/fr\/blog\/#primaryimage\"},\"image\":{\"@id\":\"https:\/\/calfrenzy.com\/fr\/blog\/#primaryimage\"},\"thumbnailUrl\":\"https:\/\/calfrenzy.com\/wp-content\/uploads\/2025\/11\/Blog-French.png\",\"datePublished\":\"2025-06-11T18:30:43+00:00\",\"dateModified\":\"2025-11-07T20:08:21+00:00\",\"description\":\"D\u00e9couvrez des conseils d\u2019experts, des mises \u00e0 jour de fonctionnalit\u00e9s et des t\u00e9moignages de r\u00e9ussite sur le blog Calfrenzy. Apprenez comment les recruteurs, les marketeurs, les cadres et les \u00e9quipes de tous secteurs simplifient la planification \u00e0 l\u2019\u00e9chelle mondiale \u2014 \u00e0 un prix \u00e9quitable et avec un design soign\u00e9.\",\"breadcrumb\":{\"@id\":\"https:\/\/calfrenzy.com\/fr\/blog\/#breadcrumb\"},\"inLanguage\":\"fr-FR\",\"potentialAction\":[{\"@type\":\"ReadAction\",\"target\":[\"https:\/\/calfrenzy.com\/fr\/blog\/\"]}]},{\"@type\":\"ImageObject\",\"inLanguage\":\"fr-FR\",\"@id\":\"https:\/\/calfrenzy.com\/fr\/blog\/#primaryimage\",\"url\":\"https:\/\/calfrenzy.com\/wp-content\/uploads\/2025\/11\/Blog-French.png\",\"contentUrl\":\"https:\/\/calfrenzy.com\/wp-content\/uploads\/2025\/11\/Blog-French.png\",\"width\":2400,\"height\":1260},{\"@type\":\"BreadcrumbList\",\"@id\":\"https:\/\/calfrenzy.com\/fr\/blog\/#breadcrumb\",\"itemListElement\":[{\"@type\":\"ListItem\",\"position\":1,\"name\":\"Home\",\"item\":\"https:\/\/calfrenzy.com\/fr\/\"},{\"@type\":\"ListItem\",\"position\":2,\"name\":\"Blog\"}]},{\"@type\":\"WebSite\",\"@id\":\"https:\/\/calfrenzy.com\/fr\/#website\",\"url\":\"https:\/\/calfrenzy.com\/fr\/\",\"name\":\"Calfrenzy\",\"description\":\"Easy Scheduling Across Time Zones and Organizations\",\"publisher\":{\"@id\":\"https:\/\/calfrenzy.com\/fr\/#organization\"},\"alternateName\":\"calfrenzy\",\"potentialAction\":[{\"@type\":\"SearchAction\",\"target\":{\"@type\":\"EntryPoint\",\"urlTemplate\":\"https:\/\/calfrenzy.com\/fr\/?s={search_term_string}\"},\"query-input\":{\"@type\":\"PropertyValueSpecification\",\"valueRequired\":true,\"valueName\":\"search_term_string\"}}],\"inLanguage\":\"fr-FR\"},{\"@type\":\"Organization\",\"@id\":\"https:\/\/calfrenzy.com\/fr\/#organization\",\"name\":\"Calfrenzy\",\"alternateName\":\"calfrenzy\",\"url\":\"https:\/\/calfrenzy.com\/fr\/\",\"logo\":{\"@type\":\"ImageObject\",\"inLanguage\":\"fr-FR\",\"@id\":\"https:\/\/calfrenzy.com\/fr\/#\/schema\/logo\/image\/\",\"url\":\"https:\/\/calfrenzy.com\/wp-content\/uploads\/2024\/06\/float_6_1.svg\",\"contentUrl\":\"https:\/\/calfrenzy.com\/wp-content\/uploads\/2024\/06\/float_6_1.svg\",\"width\":47,\"height\":50,\"caption\":\"Calfrenzy\"},\"image\":{\"@id\":\"https:\/\/calfrenzy.com\/fr\/#\/schema\/logo\/image\/\"},\"sameAs\":[\"https:\/\/www.facebook.com\/calfrenzy\",\"https:\/\/x.com\/calfrenzy53224\",\"https:\/\/www.youtube.com\/@Calfrenzy\",\"https:\/\/www.linkedin.com\/company\/calfrenzy\",\"https:\/\/www.capterra.com\/p\/10020993\/CalFrenzy\/\",\"https:\/\/chromewebstore.google.com\/detail\/calfrenzy-free-online-app\/igmlifilbgnlaijamohaakgoacoeoidk?hl=en\",\"https:\/\/workspace.google.com\/marketplace\/app\/calfrenzy\/369573383535\",\"https:\/\/www.trustpilot.com\/review\/calfrenzy.com\",\"https:\/\/www.g2.com\/products\/calfrenzy\/reviews\"]}]}<\/script>\n<!-- \/ Yoast SEO Premium plugin. -->","yoast_head_json":{"title":"Astuces de planification et nouveaut\u00e9s produit | Blog Calfrenzy","description":"D\u00e9couvrez des conseils d\u2019experts, des mises \u00e0 jour de fonctionnalit\u00e9s et des t\u00e9moignages de r\u00e9ussite sur le blog Calfrenzy. Apprenez comment les recruteurs, les marketeurs, les cadres et les \u00e9quipes de tous secteurs simplifient la planification \u00e0 l\u2019\u00e9chelle mondiale \u2014 \u00e0 un prix \u00e9quitable et avec un design soign\u00e9.","robots":{"index":"index","follow":"follow","max-snippet":"max-snippet:-1","max-image-preview":"max-image-preview:large","max-video-preview":"max-video-preview:-1"},"canonical":"https:\/\/calfrenzy.com\/fr\/blog\/","og_locale":"fr_FR","og_type":"article","og_title":"Blog","og_description":"D\u00e9couvrez des conseils d\u2019experts, des mises \u00e0 jour de fonctionnalit\u00e9s et des t\u00e9moignages de r\u00e9ussite sur le blog Calfrenzy. Apprenez comment les recruteurs, les marketeurs, les cadres et les \u00e9quipes de tous secteurs simplifient la planification \u00e0 l\u2019\u00e9chelle mondiale \u2014 \u00e0 un prix \u00e9quitable et avec un design soign\u00e9.","og_url":"https:\/\/calfrenzy.com\/fr\/blog\/","og_site_name":"calfrenzy","article_publisher":"https:\/\/www.facebook.com\/calfrenzy","article_modified_time":"2025-11-07T20:08:21+00:00","og_image":[{"width":2400,"height":1260,"url":"https:\/\/calfrenzy.com\/wp-content\/uploads\/2025\/11\/Blog-English.png","type":"image\/png"}],"twitter_card":"summary_large_image","twitter_site":"@calfrenzy53224","schema":{"@context":"https:\/\/schema.org","@graph":[{"@type":"WebPage","@id":"https:\/\/calfrenzy.com\/fr\/blog\/","url":"https:\/\/calfrenzy.com\/fr\/blog\/","name":"Astuces de planification et nouveaut\u00e9s produit | Blog Calfrenzy","isPartOf":{"@id":"https:\/\/calfrenzy.com\/fr\/#website"},"primaryImageOfPage":{"@id":"https:\/\/calfrenzy.com\/fr\/blog\/#primaryimage"},"image":{"@id":"https:\/\/calfrenzy.com\/fr\/blog\/#primaryimage"},"thumbnailUrl":"https:\/\/calfrenzy.com\/wp-content\/uploads\/2025\/11\/Blog-French.png","datePublished":"2025-06-11T18:30:43+00:00","dateModified":"2025-11-07T20:08:21+00:00","description":"D\u00e9couvrez des conseils d\u2019experts, des mises \u00e0 jour de fonctionnalit\u00e9s et des t\u00e9moignages de r\u00e9ussite sur le blog Calfrenzy. Apprenez comment les recruteurs, les marketeurs, les cadres et les \u00e9quipes de tous secteurs simplifient la planification \u00e0 l\u2019\u00e9chelle mondiale \u2014 \u00e0 un prix \u00e9quitable et avec un design soign\u00e9.","breadcrumb":{"@id":"https:\/\/calfrenzy.com\/fr\/blog\/#breadcrumb"},"inLanguage":"fr-FR","potentialAction":[{"@type":"ReadAction","target":["https:\/\/calfrenzy.com\/fr\/blog\/"]}]},{"@type":"ImageObject","inLanguage":"fr-FR","@id":"https:\/\/calfrenzy.com\/fr\/blog\/#primaryimage","url":"https:\/\/calfrenzy.com\/wp-content\/uploads\/2025\/11\/Blog-French.png","contentUrl":"https:\/\/calfrenzy.com\/wp-content\/uploads\/2025\/11\/Blog-French.png","width":2400,"height":1260},{"@type":"BreadcrumbList","@id":"https:\/\/calfrenzy.com\/fr\/blog\/#breadcrumb","itemListElement":[{"@type":"ListItem","position":1,"name":"Home","item":"https:\/\/calfrenzy.com\/fr\/"},{"@type":"ListItem","position":2,"name":"Blog"}]},{"@type":"WebSite","@id":"https:\/\/calfrenzy.com\/fr\/#website","url":"https:\/\/calfrenzy.com\/fr\/","name":"Calfrenzy","description":"Easy Scheduling Across Time Zones and Organizations","publisher":{"@id":"https:\/\/calfrenzy.com\/fr\/#organization"},"alternateName":"calfrenzy","potentialAction":[{"@type":"SearchAction","target":{"@type":"EntryPoint","urlTemplate":"https:\/\/calfrenzy.com\/fr\/?s={search_term_string}"},"query-input":{"@type":"PropertyValueSpecification","valueRequired":true,"valueName":"search_term_string"}}],"inLanguage":"fr-FR"},{"@type":"Organization","@id":"https:\/\/calfrenzy.com\/fr\/#organization","name":"Calfrenzy","alternateName":"calfrenzy","url":"https:\/\/calfrenzy.com\/fr\/","logo":{"@type":"ImageObject","inLanguage":"fr-FR","@id":"https:\/\/calfrenzy.com\/fr\/#\/schema\/logo\/image\/","url":"https:\/\/calfrenzy.com\/wp-content\/uploads\/2024\/06\/float_6_1.svg","contentUrl":"https:\/\/calfrenzy.com\/wp-content\/uploads\/2024\/06\/float_6_1.svg","width":47,"height":50,"caption":"Calfrenzy"},"image":{"@id":"https:\/\/calfrenzy.com\/fr\/#\/schema\/logo\/image\/"},"sameAs":["https:\/\/www.facebook.com\/calfrenzy","https:\/\/x.com\/calfrenzy53224","https:\/\/www.youtube.com\/@Calfrenzy","https:\/\/www.linkedin.com\/company\/calfrenzy","https:\/\/www.capterra.com\/p\/10020993\/CalFrenzy\/","https:\/\/chromewebstore.google.com\/detail\/calfrenzy-free-online-app\/igmlifilbgnlaijamohaakgoacoeoidk?hl=en","https:\/\/workspace.google.com\/marketplace\/app\/calfrenzy\/369573383535","https:\/\/www.trustpilot.com\/review\/calfrenzy.com","https:\/\/www.g2.com\/products\/calfrenzy\/reviews"]}]}},"_links":{"self":[{"href":"https:\/\/calfrenzy.com\/fr\/wp-json\/wp\/v2\/pages\/7440","targetHints":{"allow":["GET"]}}],"collection":[{"href":"https:\/\/calfrenzy.com\/fr\/wp-json\/wp\/v2\/pages"}],"about":[{"href":"https:\/\/calfrenzy.com\/fr\/wp-json\/wp\/v2\/types\/page"}],"author":[{"embeddable":true,"href":"https:\/\/calfrenzy.com\/fr\/wp-json\/wp\/v2\/users\/1"}],"replies":[{"embeddable":true,"href":"https:\/\/calfrenzy.com\/fr\/wp-json\/wp\/v2\/comments?post=7440"}],"version-history":[{"count":1,"href":"https:\/\/calfrenzy.com\/fr\/wp-json\/wp\/v2\/pages\/7440\/revisions"}],"predecessor-version":[{"id":7441,"href":"https:\/\/calfrenzy.com\/fr\/wp-json\/wp\/v2\/pages\/7440\/revisions\/7441"}],"wp:featuredmedia":[{"embeddable":true,"href":"https:\/\/calfrenzy.com\/fr\/wp-json\/wp\/v2\/media\/10211"}],"wp:attachment":[{"href":"https:\/\/calfrenzy.com\/fr\/wp-json\/wp\/v2\/media?parent=7440"}],"curies":[{"name":"wp","href":"https:\/\/api.w.org\/{rel}","templated":true}]}}