{"id":7606,"date":"2025-06-26T12:03:17","date_gmt":"2025-06-26T12:03:17","guid":{"rendered":"https:\/\/calfrenzy.com\/?page_id=7606"},"modified":"2025-11-18T16:12:14","modified_gmt":"2025-11-18T16:12:14","slug":"planificateur-de-fuseaux-horaires-pour-les-reunions","status":"publish","type":"page","link":"https:\/\/calfrenzy.com\/fr\/fonctionnalites\/planificateur-de-fuseaux-horaires-pour-les-reunions\/","title":{"rendered":"Planificateur de fuseaux horaires pour les r\u00e9unions"},"content":{"rendered":"\n<div class=\"wp-block-cf-features-banner wrapper_features_banner\"><div class=\"features_banner\">\n<div class=\"features_banner__content\">\n<h1 class=\"wp-block-heading\" id=\"h-plan-meetings-across-time-zones-without-confusion\"><mark style=\"background-color:rgba(0, 0, 0, 0)\" class=\"has-inline-color has-base-green-right-color\">Planifiez<\/mark> vos r\u00e9unions \u00e0 travers les fuseaux <mark style=\"background-color:rgba(0, 0, 0, 0)\" class=\"has-inline-color has-primary-yellow-color\">horaires<\/mark> \u2014 sans aucune <mark style=\"background-color:rgba(0, 0, 0, 0)\" class=\"has-inline-color has-base-green-left-color\">confusion<\/mark><\/h1>\n\n\n\n<p>D\u00e9tectez et convertissez automatiquement les fuseaux horaires pour que vous et vos clients soyez toujours \u00e0 l\u2019heure. Calfrenzy rend la planification mondiale simple et fluide. <\/p>\n\n\n\n<div class=\"wp-block-button\"><a class=\"wp-block-button__link wp-element-button\" href=\"https:\/\/schedule.calfrenzy.com\/auth\/sign-up\">Essayez gratuitement \u2013 Sans carte bancaire<\/a><\/div>\n<\/div>\n\n\n\n<div class=\"features_banner__image\">\n<figure class=\"wp-block-image size-full zone_planner\"><img decoding=\"async\" src=\"https:\/\/calfrenzy.com\/wp-content\/uploads\/2025\/08\/Meeting-Time-Zone-Planner-French.png\" alt=\"Planifiez vos r&#xE9;unions &#xE0; travers les fuseaux horaires &#x2014; sans aucune confusion\" class=\"wp-image-7393\"\/><\/figure>\n<\/div>\n<\/div><\/div>\n\n<div class=\"wp-block-cf-bg-container-block wrapper_bg_container_block\"><div class=\"bg_container_block\">\n<div style=\"min-width:min(calc(421\/1440 * 100vw) , 421px)\" class=\"wp-block-cf-bg-container-block-inner bg_container_block__column\">\n<h2 class=\"wp-block-heading\" id=\"h-why-time-zone-planning-matters\">Pourquoi la planification par fuseau horaire est essentielle<\/h2>\n<\/div>\n\n\n\n<div class=\"wp-block-cf-bg-container-block-inner bg_container_block__column\">\n<p>Planifier \u00e0 travers diff\u00e9rents fuseaux horaires ne devrait pas \u00eatre un casse-t\u00eate ni n\u00e9cessiter une s\u00e9rie d\u2019e-mails. Calfrenzy d\u00e9tecte automatiquement le fuseau horaire de chaque utilisateur, d\u00e8s la cr\u00e9ation de votre page de r\u00e9servation jusqu\u2019\u00e0 la confirmation du cr\u00e9neau par votre client. Votre agenda reste dans votre fuseau horaire. Le leur s\u2019affiche dans le leur. Aucune confusion, aucun report.    <\/p>\n<\/div>\n<\/div><\/div>\n\n<div class=\"wp-block-cf-tools wrapper_tools no_bg\"><div class=\"tools\">\n<h2 class=\"wp-block-heading has-text-align-center\" id=\"h-built-in-time-zone-intelligence\">Intelligence int\u00e9gr\u00e9e pour les fuseaux horaires<\/h2>\n\n\n\n<div class=\"wp-block-cf-tools-items tools__items tools__items--two\">\n<div class=\"wp-block-cf-tools-item tool_item\">\n<figure class=\"wp-block-image size-full\"><img decoding=\"async\" width=\"120\" height=\"120\" src=\"https:\/\/calfrenzy.com\/wp-content\/uploads\/2025\/06\/Automatic-Time-Zone-Detection.png\" alt=\"D&#xE9;tection automatique du fuseau horaire\" class=\"wp-image-7389\"\/><\/figure>\n\n\n\n<h3 class=\"wp-block-heading\" id=\"h-automatic-time-zone-detection\">D\u00e9tection automatique du fuseau horaire<\/h3>\n\n\n\n<ul class=\"wp-block-list\">\n<li>D\u00e9tecte votre fuseau horaire via votre appareil ou votre profil<\/li>\n\n\n\n<li>Aucune saisie manuelle n\u00e9cessaire<\/li>\n\n\n\n<li>Les \u00e9v\u00e9nements s\u2019affichent \u00e0 l\u2019heure locale sur toutes les pages de r\u00e9servation<\/li>\n<\/ul>\n<\/div>\n\n\n\n<div class=\"wp-block-cf-tools-item tool_item\">\n<figure class=\"wp-block-image size-full\"><img decoding=\"async\" width=\"120\" height=\"120\" src=\"https:\/\/calfrenzy.com\/wp-content\/uploads\/2025\/06\/Time-Zone-Lock-for-Hosts.png\" alt=\"Verrouillage du fuseau horaire pour l&#x2019;h&#xF4;te\" class=\"wp-image-7390\"\/><\/figure>\n\n\n\n<h3 class=\"wp-block-heading\" id=\"h-time-zone-lock-for-hosts\">Verrouillage du fuseau horaire pour l\u2019h\u00f4te<\/h3>\n\n\n\n<ul class=\"wp-block-list\">\n<li>Verrouillez votre agenda sur le fuseau horaire de votre choix<\/li>\n\n\n\n<li>Restez coh\u00e9rent m\u00eame en d\u00e9placement<\/li>\n\n\n\n<li>Particuli\u00e8rement utile pour les coachs ou freelances internationaux<\/li>\n<\/ul>\n<\/div>\n\n\n\n<div class=\"wp-block-cf-tools-item tool_item\">\n<figure class=\"wp-block-image size-full\"><img decoding=\"async\" width=\"120\" height=\"120\" src=\"https:\/\/calfrenzy.com\/wp-content\/uploads\/2025\/06\/Localized-Booking-Times.png\" alt=\"Heures localis&#xE9;es pour les r&#xE9;servants\" class=\"wp-image-7391\"\/><\/figure>\n\n\n\n<h3 class=\"wp-block-heading\" id=\"h-localized-booking-times\">Heures localis\u00e9es pour les r\u00e9servants<\/h3>\n\n\n\n<ul class=\"wp-block-list\">\n<li>Les clients voient les cr\u00e9neaux disponibles dans leur propre heure locale<\/li>\n\n\n\n<li>L\u2019\u00e9cran de confirmation refl\u00e8te le bon fuseau horaire<\/li>\n\n\n\n<li>R\u00e9duit les erreurs, les rendez-vous manqu\u00e9s et la confusion<\/li>\n<\/ul>\n<\/div>\n\n\n\n<div class=\"wp-block-cf-tools-item tool_item\">\n<figure class=\"wp-block-image size-full\"><img decoding=\"async\" width=\"120\" height=\"120\" src=\"https:\/\/calfrenzy.com\/wp-content\/uploads\/2025\/06\/No-Apps-or-Accounts-Needed.png\" alt=\"Aucune application ni compte requis\" class=\"wp-image-7392\"\/><\/figure>\n\n\n\n<h3 class=\"wp-block-heading\" id=\"h-no-apps-or-accounts-needed\">Aucune application ni compte requis<\/h3>\n\n\n\n<ul class=\"wp-block-list\">\n<li>Vos clients n\u2019ont rien \u00e0 t\u00e9l\u00e9charger ou cr\u00e9er<\/li>\n\n\n\n<li>Il leur suffit de cliquer sur un lien et de r\u00e9server dans leur fuseau horaire<\/li>\n\n\n\n<li>Une exp\u00e9rience fluide, gage de confiance et de professionnalisme<\/li>\n<\/ul>\n<\/div>\n<\/div>\n<\/div><\/div>\n\n<div class=\"wp-block-cf-feature-yellow-cta wrapper_feature_yellow_cta\"><div class=\"feature_yellow_cta\"><div class=\"feature_yellow_cta__content\">\n<h2 class=\"wp-block-heading\">Parfait pour les \u00e9quipes mondiales et le travail \u00e0 distance<\/h2>\n\n\n\n<ul class=\"wp-block-list\">\n<li><strong>Freelances et agences<\/strong> travaillant avec des clients internationaux<\/li>\n\n\n\n<li><strong>Coachs et consultants<\/strong> avec des audiences r\u00e9parties sur plusieurs continents<\/li>\n\n\n\n<li><strong>Assistants virtuels et responsables des op\u00e9rations<\/strong> g\u00e9rant des \u00e9quipes distribu\u00e9es<\/li>\n\n\n\n<li><strong>Planificateurs d\u2019entretiens<\/strong> ou processus d\u2019int\u00e9gration pour des candidats internationaux<\/li>\n<\/ul>\n<\/div><div class=\"feature_yellow_cta__image\"><img decoding=\"async\" src=\"\/wp-content\/themes\/calfrenzy\/assets\/images\/feature_yellow_cta_image.png\" alt=\"Girl with laptop\"\/><\/div><\/div><\/div>\n\n<div class=\"wp-block-cf-faq wrapper_faq\" itemscope itemtype=\"https:\/\/schema.org\/FAQPage\"><div class=\"faq\">\n<h2 class=\"wp-block-heading has-text-align-center\" id=\"h-frequently-asked-questions\">Foire aux questions<\/h2>\n\n\n\n<div class=\"wp-block-cf-faq-item faq_item\" itemscope itemprop=\"mainEntity\" itemtype=\"https:\/\/schema.org\/Question\">\n<div class=\"wp-block-cf-faq-item-question faq_item__title\" onclick=\"$(this).siblings('.faq_item__content').slideToggle().parent().toggleClass('open')\"><div itemprop=\"name\">\n<h3 class=\"wp-block-heading\" id=\"h-how-does-calfrenzy-detect-my-client-s-time-zone\">Comment Calfrenzy d\u00e9tecte-t-il le fuseau horaire de mon client ?<\/h3>\n<\/div><\/div>\n\n\n\n<div class=\"wp-block-cf-faq-item-answer faq_item__content\" itemscope itemprop=\"acceptedAnswer\" itemtype=\"https:\/\/schema.org\/Answer\"><div itemprop=\"text\">\n<p>Nous utilisons les donn\u00e9es de l\u2019appareil pour localiser instantan\u00e9ment la page de r\u00e9servation. Aucune configuration ou action requise de la part du client. <\/p>\n<\/div><\/div>\n<\/div>\n\n\n\n<div class=\"wp-block-cf-faq-item faq_item\" itemscope itemprop=\"mainEntity\" itemtype=\"https:\/\/schema.org\/Question\">\n<div class=\"wp-block-cf-faq-item-question faq_item__title\" onclick=\"$(this).siblings('.faq_item__content').slideToggle().parent().toggleClass('open')\"><div itemprop=\"name\">\n<h3 class=\"wp-block-heading\" id=\"h-what-happens-if-i-travel-to-another-time-zone\">Que se passe-t-il si je voyage dans un autre fuseau horaire ?<\/h3>\n<\/div><\/div>\n\n\n\n<div class=\"wp-block-cf-faq-item-answer faq_item__content\" itemscope itemprop=\"acceptedAnswer\" itemtype=\"https:\/\/schema.org\/Answer\"><div itemprop=\"text\">\n<p>Votre fuseau horaire par d\u00e9faut reste verrouill\u00e9, sauf si vous le modifiez dans votre profil \u2014 votre disponibilit\u00e9 reste donc coh\u00e9rente.<\/p>\n<\/div><\/div>\n<\/div>\n\n\n\n<div class=\"wp-block-cf-faq-item faq_item\" itemscope itemprop=\"mainEntity\" itemtype=\"https:\/\/schema.org\/Question\">\n<div class=\"wp-block-cf-faq-item-question faq_item__title\" onclick=\"$(this).siblings('.faq_item__content').slideToggle().parent().toggleClass('open')\"><div itemprop=\"name\">\n<h3 class=\"wp-block-heading\" id=\"h-can-i-lock-all-bookings-to-my-home-time-zone\">Puis-je verrouiller tous les rendez-vous sur mon fuseau horaire d\u2019origine ?<\/h3>\n<\/div><\/div>\n\n\n\n<div class=\"wp-block-cf-faq-item-answer faq_item__content\" itemscope itemprop=\"acceptedAnswer\" itemtype=\"https:\/\/schema.org\/Answer\"><div itemprop=\"text\">\n<p>Oui. Vous pouvez d\u00e9finir et verrouiller votre fuseau horaire pr\u00e9f\u00e9r\u00e9 dans votre profil ou dans un mod\u00e8le de planification, pour garder le contr\u00f4le o\u00f9 que vous soyez. <\/p>\n<\/div><\/div>\n<\/div>\n\n\n\n<div class=\"wp-block-cf-faq-item faq_item\" itemscope itemprop=\"mainEntity\" itemtype=\"https:\/\/schema.org\/Question\">\n<div class=\"wp-block-cf-faq-item-question faq_item__title\" onclick=\"$(this).siblings('.faq_item__content').slideToggle().parent().toggleClass('open')\"><div itemprop=\"name\">\n<h3 class=\"wp-block-heading\" id=\"h-will-clients-see-the-time-in-their-local-zone\">Les clients verront-ils les heures dans leur fuseau local ?<\/h3>\n<\/div><\/div>\n\n\n\n<div class=\"wp-block-cf-faq-item-answer faq_item__content\" itemscope itemprop=\"acceptedAnswer\" itemtype=\"https:\/\/schema.org\/Answer\"><div itemprop=\"text\">\n<p>Absolument. Les clients voient toujours vos disponibilit\u00e9s dans leur propre fuseau horaire, confirm\u00e9 \u00e0 nouveau avant la r\u00e9servation. <\/p>\n<\/div><\/div>\n<\/div>\n\n\n\n<div class=\"wp-block-cf-faq-item faq_item\" itemscope itemprop=\"mainEntity\" itemtype=\"https:\/\/schema.org\/Question\">\n<div class=\"wp-block-cf-faq-item-question faq_item__title\" onclick=\"$(this).siblings('.faq_item__content').slideToggle().parent().toggleClass('open')\"><div itemprop=\"name\">\n<h3 class=\"wp-block-heading\" id=\"h-is-any-app-or-account-required-to-use-this-feature\">Faut-il une application ou un compte pour utiliser cette fonctionnalit\u00e9 ?<\/h3>\n<\/div><\/div>\n\n\n\n<div class=\"wp-block-cf-faq-item-answer faq_item__content\" itemscope itemprop=\"acceptedAnswer\" itemtype=\"https:\/\/schema.org\/Answer\"><div itemprop=\"text\">\n<p>Non. La gestion des fuseaux horaires chez Calfrenzy est automatique \u2014 vos clients n\u2019ont qu\u2019\u00e0 cliquer et r\u00e9server. <\/p>\n<\/div><\/div>\n<\/div>\n<\/div><\/div>\n\n<div class=\"wp-block-cf-yellow-cta wrapper_yellow_cta\"><div class=\"yellow_cta\"><div class=\"yellow_cta__content\">\n<h2 class=\"wp-block-heading\" id=\"h-plan-meetings-with-zero-time-zone-stress\">Planifiez vos r\u00e9unions sans stress li\u00e9 aux fuseaux horaires<\/h2>\n\n\n\n<p class=\"has-text-align-center\">Calfrenzy g\u00e8re la logique des fuseaux horaires \u00e0 votre place. Restez professionnel, r\u00e9duisez les absences, et facilitez la r\u00e9servation partout, pour tous. <\/p>\n\n\n\n<div class=\"wp-block-button\"><a class=\"wp-block-button__link wp-element-button\" href=\"https:\/\/schedule.calfrenzy.com\/auth\/sign-up\">Essayez gratuitement le planificateur de fuseaux horaires<\/a><\/div>\n<\/div><\/div><\/div>\n","protected":false},"excerpt":{"rendered":"","protected":false},"author":1,"featured_media":10345,"parent":2519,"menu_order":0,"comment_status":"closed","ping_status":"closed","template":"","meta":{"inline_featured_image":false,"footnotes":""},"class_list":["post-7606","page","type-page","status-publish","has-post-thumbnail","hentry"],"yoast_head":"<!-- This site is optimized with the Yoast SEO Premium plugin v26.8 (Yoast SEO v26.8) - https:\/\/yoast.com\/product\/yoast-seo-premium-wordpress\/ -->\n<title>Planificateur de r\u00e9unions multi-fuseaux \u2013 R\u00e9servez \u00e0 travers les fuseaux horaires<\/title>\n<meta name=\"description\" content=\"Planifiez des r\u00e9unions entre fuseaux horaires sans confusion. Calfrenzy d\u00e9tecte automatiquement l\u2019heure locale et affiche la disponibilit\u00e9 exacte pour chaque client.\" \/>\n<meta name=\"robots\" content=\"index, follow, max-snippet:-1, max-image-preview:large, max-video-preview:-1\" \/>\n<link rel=\"canonical\" href=\"https:\/\/calfrenzy.com\/fr\/fonctionnalites\/planificateur-de-fuseaux-horaires-pour-les-reunions\/\" \/>\n<meta property=\"og:locale\" content=\"fr_FR\" \/>\n<meta property=\"og:type\" content=\"article\" \/>\n<meta property=\"og:title\" content=\"Planificateur de fuseaux horaires pour les r\u00e9unions\" \/>\n<meta property=\"og:description\" content=\"Planifiez des r\u00e9unions entre fuseaux horaires sans confusion. Calfrenzy d\u00e9tecte automatiquement l\u2019heure locale et affiche la disponibilit\u00e9 exacte pour chaque client.\" \/>\n<meta property=\"og:url\" content=\"https:\/\/calfrenzy.com\/fr\/fonctionnalites\/planificateur-de-fuseaux-horaires-pour-les-reunions\/\" \/>\n<meta property=\"og:site_name\" content=\"calfrenzy\" \/>\n<meta property=\"article:publisher\" content=\"https:\/\/www.facebook.com\/calfrenzy\" \/>\n<meta property=\"article:modified_time\" content=\"2025-11-18T16:12:14+00:00\" \/>\n<meta property=\"og:image\" content=\"https:\/\/calfrenzy.com\/wp-content\/uploads\/2025\/11\/Time-Zone-French.png\" \/>\n\t<meta property=\"og:image:width\" content=\"1200\" \/>\n\t<meta property=\"og:image:height\" content=\"630\" \/>\n\t<meta property=\"og:image:type\" content=\"image\/png\" \/>\n<meta name=\"twitter:card\" content=\"summary_large_image\" \/>\n<meta name=\"twitter:site\" content=\"@calfrenzy53224\" \/>\n<meta name=\"twitter:label1\" content=\"Dur\u00e9e de lecture estim\u00e9e\" \/>\n\t<meta name=\"twitter:data1\" content=\"3 minute\" \/>\n<script type=\"application\/ld+json\" class=\"yoast-schema-graph\">{\"@context\":\"https:\/\/schema.org\",\"@graph\":[{\"@type\":\"WebPage\",\"@id\":\"https:\/\/calfrenzy.com\/fr\/fonctionnalites\/planificateur-de-fuseaux-horaires-pour-les-reunions\/\",\"url\":\"https:\/\/calfrenzy.com\/fr\/fonctionnalites\/planificateur-de-fuseaux-horaires-pour-les-reunions\/\",\"name\":\"Planificateur de r\u00e9unions multi-fuseaux \u2013 R\u00e9servez \u00e0 travers les fuseaux horaires\",\"isPartOf\":{\"@id\":\"https:\/\/calfrenzy.com\/fr\/#website\"},\"primaryImageOfPage\":{\"@id\":\"https:\/\/calfrenzy.com\/fr\/fonctionnalites\/planificateur-de-fuseaux-horaires-pour-les-reunions\/#primaryimage\"},\"image\":{\"@id\":\"https:\/\/calfrenzy.com\/fr\/fonctionnalites\/planificateur-de-fuseaux-horaires-pour-les-reunions\/#primaryimage\"},\"thumbnailUrl\":\"https:\/\/calfrenzy.com\/wp-content\/uploads\/2025\/11\/Time-Zone-French.png\",\"datePublished\":\"2025-06-26T12:03:17+00:00\",\"dateModified\":\"2025-11-18T16:12:14+00:00\",\"description\":\"Planifiez des r\u00e9unions entre fuseaux horaires sans confusion. Calfrenzy d\u00e9tecte automatiquement l\u2019heure locale et affiche la disponibilit\u00e9 exacte pour chaque client.\",\"breadcrumb\":{\"@id\":\"https:\/\/calfrenzy.com\/fr\/fonctionnalites\/planificateur-de-fuseaux-horaires-pour-les-reunions\/#breadcrumb\"},\"inLanguage\":\"fr-FR\",\"potentialAction\":[{\"@type\":\"ReadAction\",\"target\":[\"https:\/\/calfrenzy.com\/fr\/fonctionnalites\/planificateur-de-fuseaux-horaires-pour-les-reunions\/\"]}]},{\"@type\":\"ImageObject\",\"inLanguage\":\"fr-FR\",\"@id\":\"https:\/\/calfrenzy.com\/fr\/fonctionnalites\/planificateur-de-fuseaux-horaires-pour-les-reunions\/#primaryimage\",\"url\":\"https:\/\/calfrenzy.com\/wp-content\/uploads\/2025\/11\/Time-Zone-French.png\",\"contentUrl\":\"https:\/\/calfrenzy.com\/wp-content\/uploads\/2025\/11\/Time-Zone-French.png\",\"width\":1200,\"height\":630},{\"@type\":\"BreadcrumbList\",\"@id\":\"https:\/\/calfrenzy.com\/fr\/fonctionnalites\/planificateur-de-fuseaux-horaires-pour-les-reunions\/#breadcrumb\",\"itemListElement\":[{\"@type\":\"ListItem\",\"position\":1,\"name\":\"Home\",\"item\":\"https:\/\/calfrenzy.com\/fr\/\"},{\"@type\":\"ListItem\",\"position\":2,\"name\":\"Fonctionnalit\u00e9s\",\"item\":\"https:\/\/calfrenzy.com\/fr\/fonctionnalites\/\"},{\"@type\":\"ListItem\",\"position\":3,\"name\":\"Planificateur de fuseaux horaires pour les r\u00e9unions\"}]},{\"@type\":\"WebSite\",\"@id\":\"https:\/\/calfrenzy.com\/fr\/#website\",\"url\":\"https:\/\/calfrenzy.com\/fr\/\",\"name\":\"Calfrenzy\",\"description\":\"Easy Scheduling Across Time Zones and Organizations\",\"publisher\":{\"@id\":\"https:\/\/calfrenzy.com\/fr\/#organization\"},\"alternateName\":\"calfrenzy\",\"potentialAction\":[{\"@type\":\"SearchAction\",\"target\":{\"@type\":\"EntryPoint\",\"urlTemplate\":\"https:\/\/calfrenzy.com\/fr\/?s={search_term_string}\"},\"query-input\":{\"@type\":\"PropertyValueSpecification\",\"valueRequired\":true,\"valueName\":\"search_term_string\"}}],\"inLanguage\":\"fr-FR\"},{\"@type\":\"Organization\",\"@id\":\"https:\/\/calfrenzy.com\/fr\/#organization\",\"name\":\"Calfrenzy\",\"alternateName\":\"calfrenzy\",\"url\":\"https:\/\/calfrenzy.com\/fr\/\",\"logo\":{\"@type\":\"ImageObject\",\"inLanguage\":\"fr-FR\",\"@id\":\"https:\/\/calfrenzy.com\/fr\/#\/schema\/logo\/image\/\",\"url\":\"https:\/\/calfrenzy.com\/wp-content\/uploads\/2024\/06\/float_6_1.svg\",\"contentUrl\":\"https:\/\/calfrenzy.com\/wp-content\/uploads\/2024\/06\/float_6_1.svg\",\"width\":47,\"height\":50,\"caption\":\"Calfrenzy\"},\"image\":{\"@id\":\"https:\/\/calfrenzy.com\/fr\/#\/schema\/logo\/image\/\"},\"sameAs\":[\"https:\/\/www.facebook.com\/calfrenzy\",\"https:\/\/x.com\/calfrenzy53224\",\"https:\/\/www.youtube.com\/@Calfrenzy\",\"https:\/\/www.linkedin.com\/company\/calfrenzy\",\"https:\/\/www.capterra.com\/p\/10020993\/CalFrenzy\/\",\"https:\/\/chromewebstore.google.com\/detail\/calfrenzy-free-online-app\/igmlifilbgnlaijamohaakgoacoeoidk?hl=en\",\"https:\/\/workspace.google.com\/marketplace\/app\/calfrenzy\/369573383535\",\"https:\/\/www.trustpilot.com\/review\/calfrenzy.com\",\"https:\/\/www.g2.com\/products\/calfrenzy\/reviews\"]}]}<\/script>\n<!-- \/ Yoast SEO Premium plugin. -->","yoast_head_json":{"title":"Planificateur de r\u00e9unions multi-fuseaux \u2013 R\u00e9servez \u00e0 travers les fuseaux horaires","description":"Planifiez des r\u00e9unions entre fuseaux horaires sans confusion. Calfrenzy d\u00e9tecte automatiquement l\u2019heure locale et affiche la disponibilit\u00e9 exacte pour chaque client.","robots":{"index":"index","follow":"follow","max-snippet":"max-snippet:-1","max-image-preview":"max-image-preview:large","max-video-preview":"max-video-preview:-1"},"canonical":"https:\/\/calfrenzy.com\/fr\/fonctionnalites\/planificateur-de-fuseaux-horaires-pour-les-reunions\/","og_locale":"fr_FR","og_type":"article","og_title":"Planificateur de fuseaux horaires pour les r\u00e9unions","og_description":"Planifiez des r\u00e9unions entre fuseaux horaires sans confusion. Calfrenzy d\u00e9tecte automatiquement l\u2019heure locale et affiche la disponibilit\u00e9 exacte pour chaque client.","og_url":"https:\/\/calfrenzy.com\/fr\/fonctionnalites\/planificateur-de-fuseaux-horaires-pour-les-reunions\/","og_site_name":"calfrenzy","article_publisher":"https:\/\/www.facebook.com\/calfrenzy","article_modified_time":"2025-11-18T16:12:14+00:00","og_image":[{"width":1200,"height":630,"url":"https:\/\/calfrenzy.com\/wp-content\/uploads\/2025\/11\/Time-Zone-French.png","type":"image\/png"}],"twitter_card":"summary_large_image","twitter_site":"@calfrenzy53224","twitter_misc":{"Dur\u00e9e de lecture estim\u00e9e":"3 minute"},"schema":{"@context":"https:\/\/schema.org","@graph":[{"@type":"WebPage","@id":"https:\/\/calfrenzy.com\/fr\/fonctionnalites\/planificateur-de-fuseaux-horaires-pour-les-reunions\/","url":"https:\/\/calfrenzy.com\/fr\/fonctionnalites\/planificateur-de-fuseaux-horaires-pour-les-reunions\/","name":"Planificateur de r\u00e9unions multi-fuseaux \u2013 R\u00e9servez \u00e0 travers les fuseaux horaires","isPartOf":{"@id":"https:\/\/calfrenzy.com\/fr\/#website"},"primaryImageOfPage":{"@id":"https:\/\/calfrenzy.com\/fr\/fonctionnalites\/planificateur-de-fuseaux-horaires-pour-les-reunions\/#primaryimage"},"image":{"@id":"https:\/\/calfrenzy.com\/fr\/fonctionnalites\/planificateur-de-fuseaux-horaires-pour-les-reunions\/#primaryimage"},"thumbnailUrl":"https:\/\/calfrenzy.com\/wp-content\/uploads\/2025\/11\/Time-Zone-French.png","datePublished":"2025-06-26T12:03:17+00:00","dateModified":"2025-11-18T16:12:14+00:00","description":"Planifiez des r\u00e9unions entre fuseaux horaires sans confusion. Calfrenzy d\u00e9tecte automatiquement l\u2019heure locale et affiche la disponibilit\u00e9 exacte pour chaque client.","breadcrumb":{"@id":"https:\/\/calfrenzy.com\/fr\/fonctionnalites\/planificateur-de-fuseaux-horaires-pour-les-reunions\/#breadcrumb"},"inLanguage":"fr-FR","potentialAction":[{"@type":"ReadAction","target":["https:\/\/calfrenzy.com\/fr\/fonctionnalites\/planificateur-de-fuseaux-horaires-pour-les-reunions\/"]}]},{"@type":"ImageObject","inLanguage":"fr-FR","@id":"https:\/\/calfrenzy.com\/fr\/fonctionnalites\/planificateur-de-fuseaux-horaires-pour-les-reunions\/#primaryimage","url":"https:\/\/calfrenzy.com\/wp-content\/uploads\/2025\/11\/Time-Zone-French.png","contentUrl":"https:\/\/calfrenzy.com\/wp-content\/uploads\/2025\/11\/Time-Zone-French.png","width":1200,"height":630},{"@type":"BreadcrumbList","@id":"https:\/\/calfrenzy.com\/fr\/fonctionnalites\/planificateur-de-fuseaux-horaires-pour-les-reunions\/#breadcrumb","itemListElement":[{"@type":"ListItem","position":1,"name":"Home","item":"https:\/\/calfrenzy.com\/fr\/"},{"@type":"ListItem","position":2,"name":"Fonctionnalit\u00e9s","item":"https:\/\/calfrenzy.com\/fr\/fonctionnalites\/"},{"@type":"ListItem","position":3,"name":"Planificateur de fuseaux horaires pour les r\u00e9unions"}]},{"@type":"WebSite","@id":"https:\/\/calfrenzy.com\/fr\/#website","url":"https:\/\/calfrenzy.com\/fr\/","name":"Calfrenzy","description":"Easy Scheduling Across Time Zones and Organizations","publisher":{"@id":"https:\/\/calfrenzy.com\/fr\/#organization"},"alternateName":"calfrenzy","potentialAction":[{"@type":"SearchAction","target":{"@type":"EntryPoint","urlTemplate":"https:\/\/calfrenzy.com\/fr\/?s={search_term_string}"},"query-input":{"@type":"PropertyValueSpecification","valueRequired":true,"valueName":"search_term_string"}}],"inLanguage":"fr-FR"},{"@type":"Organization","@id":"https:\/\/calfrenzy.com\/fr\/#organization","name":"Calfrenzy","alternateName":"calfrenzy","url":"https:\/\/calfrenzy.com\/fr\/","logo":{"@type":"ImageObject","inLanguage":"fr-FR","@id":"https:\/\/calfrenzy.com\/fr\/#\/schema\/logo\/image\/","url":"https:\/\/calfrenzy.com\/wp-content\/uploads\/2024\/06\/float_6_1.svg","contentUrl":"https:\/\/calfrenzy.com\/wp-content\/uploads\/2024\/06\/float_6_1.svg","width":47,"height":50,"caption":"Calfrenzy"},"image":{"@id":"https:\/\/calfrenzy.com\/fr\/#\/schema\/logo\/image\/"},"sameAs":["https:\/\/www.facebook.com\/calfrenzy","https:\/\/x.com\/calfrenzy53224","https:\/\/www.youtube.com\/@Calfrenzy","https:\/\/www.linkedin.com\/company\/calfrenzy","https:\/\/www.capterra.com\/p\/10020993\/CalFrenzy\/","https:\/\/chromewebstore.google.com\/detail\/calfrenzy-free-online-app\/igmlifilbgnlaijamohaakgoacoeoidk?hl=en","https:\/\/workspace.google.com\/marketplace\/app\/calfrenzy\/369573383535","https:\/\/www.trustpilot.com\/review\/calfrenzy.com","https:\/\/www.g2.com\/products\/calfrenzy\/reviews"]}]}},"_links":{"self":[{"href":"https:\/\/calfrenzy.com\/fr\/wp-json\/wp\/v2\/pages\/7606","targetHints":{"allow":["GET"]}}],"collection":[{"href":"https:\/\/calfrenzy.com\/fr\/wp-json\/wp\/v2\/pages"}],"about":[{"href":"https:\/\/calfrenzy.com\/fr\/wp-json\/wp\/v2\/types\/page"}],"author":[{"embeddable":true,"href":"https:\/\/calfrenzy.com\/fr\/wp-json\/wp\/v2\/users\/1"}],"replies":[{"embeddable":true,"href":"https:\/\/calfrenzy.com\/fr\/wp-json\/wp\/v2\/comments?post=7606"}],"version-history":[{"count":5,"href":"https:\/\/calfrenzy.com\/fr\/wp-json\/wp\/v2\/pages\/7606\/revisions"}],"predecessor-version":[{"id":10597,"href":"https:\/\/calfrenzy.com\/fr\/wp-json\/wp\/v2\/pages\/7606\/revisions\/10597"}],"up":[{"embeddable":true,"href":"https:\/\/calfrenzy.com\/fr\/wp-json\/wp\/v2\/pages\/2519"}],"wp:featuredmedia":[{"embeddable":true,"href":"https:\/\/calfrenzy.com\/fr\/wp-json\/wp\/v2\/media\/10345"}],"wp:attachment":[{"href":"https:\/\/calfrenzy.com\/fr\/wp-json\/wp\/v2\/media?parent=7606"}],"curies":[{"name":"wp","href":"https:\/\/api.w.org\/{rel}","templated":true}]}}