{"id":7698,"date":"2025-06-26T11:33:41","date_gmt":"2025-06-26T11:33:41","guid":{"rendered":"https:\/\/calfrenzy.com\/?page_id=7698"},"modified":"2025-11-28T12:25:52","modified_gmt":"2025-11-28T12:25:52","slug":"encaissez-des-paiements","status":"publish","type":"page","link":"https:\/\/calfrenzy.com\/fr\/fonctionnalites\/encaissez-des-paiements\/","title":{"rendered":"Encaissez des paiements"},"content":{"rendered":"\n<div class=\"wp-block-cf-features-banner wrapper_features_banner\"><div class=\"features_banner\">\n<div class=\"features_banner__content\">\n<h1 class=\"wp-block-heading\" id=\"h-get-paid-when-clients-book-online\">Recevez votre <mark style=\"background-color:rgba(0, 0, 0, 0)\" class=\"has-inline-color has-base-green-right-color\">paiement<\/mark><br\/>lorsque les clients <mark style=\"background-color:rgba(0, 0, 0, 0)\" class=\"has-inline-color has-primary-yellow-color\">r\u00e9servent<\/mark> <mark style=\"background-color:rgba(0, 0, 0, 0)\" class=\"has-inline-color has-base-green-left-color\">en ligne<\/mark><\/h1>\n\n\n\n<p>Transformez vos r\u00e9servations en revenus gr\u00e2ce \u00e0 l\u2019int\u00e9gration des paiements. Calfrenzy vous permet de facturer facilement votre temps, vos services ou vos sessions \u2014 sans relances, sans outils suppl\u00e9mentaires. <\/p>\n\n\n\n<div class=\"wp-block-button\"><a class=\"wp-block-button__link wp-element-button\" href=\"https:\/\/schedule.calfrenzy.com\/auth\/sign-up\">Commencez \u00e0 accepter les paiements<\/a><\/div>\n<\/div>\n\n\n\n<div class=\"features_banner__image\">\n<figure class=\"wp-block-image size-full take_payments\"><img decoding=\"async\" src=\"https:\/\/calfrenzy.com\/wp-content\/uploads\/2025\/08\/take_payments_banner-2-French.png\" alt=\"Recevez votre paiement lorsque les clients r&#xE9;servent en ligne &#x2014; Calfrenzy prend en charge Google Pay, Apple Pay et les paiements s&#xE9;curis&#xE9;s par carte.\" class=\"wp-image-7602\"\/><\/figure>\n<\/div>\n<\/div><\/div>\n\n<div class=\"wp-block-cf-video wrapper_video_block\"><div class=\"video_block\">\n<h2 class=\"wp-block-heading has-text-align-center\" id=\"h-see-it-in-action\">D\u00e9couvrez-le en action<\/h2>\n\n\n\n<p class=\"has-text-align-center\">Regardez comment Calfrenzy simplifie le processus de paiement. Dans cette courte vid\u00e9o, vous verrez \u00e0 quel point l\u2019int\u00e9gration du paiement dans le processus de r\u00e9servation est fluide \u2014 offrant de la clart\u00e9 \u00e0 vos clients et de la tranquillit\u00e9 d\u2019esprit pour vous. <\/p>\n\n\n\n<figure class=\"wp-block-embed is-type-video is-provider-youtube wp-block-embed-youtube\"><div class=\"wp-block-embed__wrapper\">\n<iframe title=\"How to Get Paid for Your Bookings with Calfrenzy | Payments Tutorial\" width=\"500\" height=\"281\" src=\"https:\/\/www.youtube.com\/embed\/70nFYRx6c-A?feature=oembed\" frameborder=\"0\" allow=\"accelerometer; autoplay; clipboard-write; encrypted-media; gyroscope; picture-in-picture; web-share\" referrerpolicy=\"strict-origin-when-cross-origin\" allowfullscreen><\/iframe>\n<\/div><\/figure>\n<\/div><\/div>\n\n<div class=\"wp-block-cf-green-section-block wrapper_green_section_block\"><div class=\"green_section_block\">\n<h2 class=\"wp-block-heading has-text-align-center\">Pourquoi encaisser vos paiements via Calfrenzy<\/h2>\n\n\n\n<p class=\"has-text-align-center\">Gr\u00e2ce \u00e0 des mod\u00e8les tarifaires flexibles et au paiement s\u00e9curis\u00e9 via Stripe, Calfrenzy vous aide \u00e0 \u00eatre pay\u00e9 \u00e0 l\u2019avance \u2014 fini la course aux factures, concentrez-vous sur votre travail.<\/p>\n\n\n\n<ul class=\"wp-block-list\">\n<li>Acceptez les cartes bancaires, Apple Pay, Google Pay<\/li>\n\n\n\n<li>Prise en charge de toutes les grandes devises<\/li>\n\n\n\n<li>Activez les paiements par \u00e9v\u00e9nement, par heure ou par participant<\/li>\n\n\n\n<li>Affichez les tarifs clairement avant la r\u00e9servation du client<\/li>\n<\/ul>\n<\/div><\/div>\n\n<div class=\"wp-block-cf-perfect-workflow wrapper_perfect_workflow no_bg\"><div class=\"perfect_workflow\">\n<h2 class=\"wp-block-heading has-text-align-center\" id=\"h-payment-built-into-your-booking-page\">Paiement int\u00e9gr\u00e9 \u00e0 votre page de r\u00e9servation<\/h2>\n\n\n\n<div class=\"wp-block-cf-perfect-workflow-items perfect_workflow__items perfect_workflow__items--three\">\n<div class=\"wp-block-cf-perfect-workflow-item perfect_workflow_item\">\n<figure class=\"wp-block-image alignleft size-full\"><img decoding=\"async\" width=\"96\" height=\"96\" src=\"https:\/\/calfrenzy.com\/wp-content\/uploads\/2025\/06\/Enable-Per-Page-Payments.png\" alt=\"Paiements activ&#xE9;s par page\" class=\"wp-image-7578\"\/><\/figure>\n\n\n\n<h3 class=\"wp-block-heading\" id=\"h-enable-per-page-payments\">Paiements activ\u00e9s par page<\/h3>\n\n\n\n<ul class=\"wp-block-list\">\n<li>Choisissez quels \u00e9v\u00e9nements n\u00e9cessitent un paiement<\/li>\n\n\n\n<li>Affichez les tarifs sur votre page de r\u00e9servation publique<\/li>\n<\/ul>\n<\/div>\n\n\n\n<div class=\"wp-block-cf-perfect-workflow-item perfect_workflow_item\">\n<figure class=\"wp-block-image alignleft size-full\"><img decoding=\"async\" width=\"96\" height=\"96\" src=\"https:\/\/calfrenzy.com\/wp-content\/uploads\/2025\/06\/Choose-Pricing-Model.png\" alt=\"Choisissez un mod&#xE8;le tarifaire\" class=\"wp-image-7577\"\/><\/figure>\n\n\n\n<h3 class=\"wp-block-heading\" id=\"h-choose-a-pricing-model\">Choisissez un mod\u00e8le tarifaire<\/h3>\n\n\n\n<ul class=\"wp-block-list\">\n<li>Frais fixes, tarifs horaires ou prix par participant<\/li>\n\n\n\n<li>Calcul automatique du total en temps r\u00e9el<\/li>\n<\/ul>\n<\/div>\n\n\n\n<div class=\"wp-block-cf-perfect-workflow-item perfect_workflow_item\">\n<figure class=\"wp-block-image alignleft size-full is-resized\"><img decoding=\"async\" width=\"96\" height=\"96\" src=\"https:\/\/calfrenzy.com\/wp-content\/uploads\/2025\/06\/Global-Currency-Support.png\" alt=\"Prise en charge des devises internationales\" class=\"wp-image-7579\" style=\"width:32px;height:auto\"\/><\/figure>\n\n\n\n<h3 class=\"wp-block-heading\" id=\"h-global-currency-support\">Prise en charge des devises internationales<\/h3>\n\n\n\n<ul class=\"wp-block-list\">\n<li>Facturez vos clients dans leur devise locale<\/li>\n\n\n\n<li>Stripe garantit le respect des r\u00e8gles locales<\/li>\n<\/ul>\n<\/div>\n<\/div>\n<\/div><\/div>\n\n<div class=\"wp-block-cf-example-pricing wrapper_example_pricing\"><div class=\"example_pricing\">\n<div class=\"wp-block-cf-example-pricing-content example_pricing__content\">\n<h2 class=\"wp-block-heading\">Tarification transparente pour vos clients<\/h2>\n\n\n\n<p>D\u00e8s qu\u2019un client s\u00e9lectionne un cr\u00e9neau, il voit le prix total affich\u00e9 clairement \u2014 sans surprise.<\/p>\n<\/div>\n\n\n\n<div class=\"wp-block-cf-example-pricing-table example_pricing__table\">\n<h3 class=\"wp-block-heading\">Exemples<\/h3>\n\n\n\n<figure class=\"wp-block-table\"><table class=\"has-fixed-layout\"><thead><tr><th scope=\"col\">Fixe :<\/th><th scope=\"col\">Horaire :<\/th><th scope=\"col\">Par participant :<\/th><\/tr><\/thead><tbody><tr><td>50\u202f$ forfaitaire<\/td><td>75\u202f$\/h \u00d7 1,5\u202fh = 112,50\u202f$<\/td><td>20\u202f$ \u00d7 3 invit\u00e9s = 60\u202f$<\/td><\/tr><\/tbody><\/table><\/figure>\n<\/div>\n<\/div><\/div>\n\n<div class=\"wp-block-cf-feature-yellow-cta wrapper_feature_yellow_cta\"><div class=\"feature_yellow_cta\">\n<div class=\"wp-block-cf-feature-yellow-cta-content feature_yellow_cta__content\">\n<h2 class=\"wp-block-heading\" id=\"h-perfect-for-professionals-who-charge-for-time\">Parfait pour les professionnels qui facturent leur temps<\/h2>\n\n\n\n<ul class=\"wp-block-list\">\n<li><strong>Coachs et consultants<\/strong> proposant des sessions payantes<\/li>\n\n\n\n<li><strong>Freelances<\/strong> vendant des forfaits horaires<\/li>\n\n\n\n<li><strong>Organisateurs d\u2019\u00e9v\u00e9nements<\/strong> vendant des places en groupe<\/li>\n\n\n\n<li><strong>\u00c9quipes<\/strong> facturant les appels d\u2019accueil ou de d\u00e9couverte<\/li>\n<\/ul>\n<\/div>\n\n\n\n<div class=\"wp-block-cf-feature-yellow-cta-image feature_yellow_cta__image\">\n<figure class=\"wp-block-image size-large\"><img decoding=\"async\" src=\"https:\/\/calfrenzy.com\/wp-content\/uploads\/2025\/09\/featured_image_cta_phone-French.png\" alt=\"Smartphone affichant un &#xE9;cran de confirmation de r&#xE9;servation avec le logo Calfrenzy, mettant en avant une planification compatible mobile.\" class=\"wp-image-7599\"\/><\/figure>\n<\/div>\n<\/div><\/div>\n\n<div class=\"wp-block-cf-faq wrapper_faq\" itemscope itemtype=\"https:\/\/schema.org\/FAQPage\"><div class=\"faq\">\n<h2 class=\"wp-block-heading has-text-align-center\" id=\"h-frequently-asked-questions\">Foire aux questions<\/h2>\n\n\n\n<div class=\"wp-block-cf-faq-item faq_item\" itemscope itemprop=\"mainEntity\" itemtype=\"https:\/\/schema.org\/Question\">\n<div class=\"wp-block-cf-faq-item-question faq_item__title\" onclick=\"$(this).siblings('.faq_item__content').slideToggle().parent().toggleClass('open')\"><div itemprop=\"name\">\n<h3 class=\"wp-block-heading\" id=\"h-can-i-require-payment-when-a-client-books\">Puis-je exiger un paiement lors de la r\u00e9servation par un client ?<\/h3>\n<\/div><\/div>\n\n\n\n<div class=\"wp-block-cf-faq-item-answer faq_item__content\" itemscope itemprop=\"acceptedAnswer\" itemtype=\"https:\/\/schema.org\/Answer\"><div itemprop=\"text\">\n<p>Oui. Ajoutez une obligation de paiement \u00e0 n\u2019importe quelle page de r\u00e9servation \u2014 les clients doivent payer avant de confirmer. <\/p>\n<\/div><\/div>\n<\/div>\n\n\n\n<div class=\"wp-block-cf-faq-item faq_item\" itemscope itemprop=\"mainEntity\" itemtype=\"https:\/\/schema.org\/Question\">\n<div class=\"wp-block-cf-faq-item-question faq_item__title\" onclick=\"$(this).siblings('.faq_item__content').slideToggle().parent().toggleClass('open')\"><div itemprop=\"name\">\n<h3 class=\"wp-block-heading\" id=\"h-what-payment-methods-can-clients-use\">Quels moyens de paiement les clients peuvent-ils utiliser ?<\/h3>\n<\/div><\/div>\n\n\n\n<div class=\"wp-block-cf-faq-item-answer faq_item__content\" itemscope itemprop=\"acceptedAnswer\" itemtype=\"https:\/\/schema.org\/Answer\"><div itemprop=\"text\">\n<p>Stripe prend en charge les cartes bancaires, Apple Pay et Google Pay, selon votre pays et vos param\u00e8tres.<\/p>\n<\/div><\/div>\n<\/div>\n\n\n\n<div class=\"wp-block-cf-faq-item faq_item\" itemscope itemprop=\"mainEntity\" itemtype=\"https:\/\/schema.org\/Question\">\n<div class=\"wp-block-cf-faq-item-question faq_item__title\" onclick=\"$(this).siblings('.faq_item__content').slideToggle().parent().toggleClass('open')\"><div itemprop=\"name\">\n<h3 class=\"wp-block-heading\" id=\"h-can-i-accept-partial-payments-or-deposits\">Puis-je accepter des paiements partiels ou des acomptes ?<\/h3>\n<\/div><\/div>\n\n\n\n<div class=\"wp-block-cf-faq-item-answer faq_item__content\" itemscope itemprop=\"acceptedAnswer\" itemtype=\"https:\/\/schema.org\/Answer\"><div itemprop=\"text\">\n<p>Vous pouvez simuler des acomptes en proposant des cr\u00e9neaux plus courts ou \u00e0 tarif r\u00e9duit \u2014 id\u00e9al pour des essais payants ou des sessions sans engagement.<\/p>\n<\/div><\/div>\n<\/div>\n\n\n\n<div class=\"wp-block-cf-faq-item faq_item\" itemscope itemprop=\"mainEntity\" itemtype=\"https:\/\/schema.org\/Question\">\n<div class=\"wp-block-cf-faq-item-question faq_item__title\" onclick=\"$(this).siblings('.faq_item__content').slideToggle().parent().toggleClass('open')\"><div itemprop=\"name\">\n<h3 class=\"wp-block-heading\" id=\"h-are-payments-secure\">Les paiements sont-ils s\u00e9curis\u00e9s ?<\/h3>\n<\/div><\/div>\n\n\n\n<div class=\"wp-block-cf-faq-item-answer faq_item__content\" itemscope itemprop=\"acceptedAnswer\" itemtype=\"https:\/\/schema.org\/Answer\"><div itemprop=\"text\">\n<p>Oui. Calfrenzy utilise l\u2019infrastructure Stripe conforme \u00e0 la norme PCI, avec chiffrement complet et protection contre la fraude. <\/p>\n<\/div><\/div>\n<\/div>\n\n\n\n<div class=\"wp-block-cf-faq-item faq_item\" itemscope itemprop=\"mainEntity\" itemtype=\"https:\/\/schema.org\/Question\">\n<div class=\"wp-block-cf-faq-item-question faq_item__title\" onclick=\"$(this).siblings('.faq_item__content').slideToggle().parent().toggleClass('open')\"><div itemprop=\"name\">\n<h3 class=\"wp-block-heading\" id=\"h-who-can-manage-payment-settings\">Qui peut g\u00e9rer les param\u00e8tres de paiement ?<\/h3>\n<\/div><\/div>\n\n\n\n<div class=\"wp-block-cf-faq-item-answer faq_item__content\" itemscope itemprop=\"acceptedAnswer\" itemtype=\"https:\/\/schema.org\/Answer\"><div itemprop=\"text\">\n<p>Seuls les propri\u00e9taires et administrateurs de l\u2019organisation ont acc\u00e8s aux r\u00e9glages de paiement et \u00e0 Stripe.<\/p>\n<\/div><\/div>\n<\/div>\n<\/div><\/div>\n\n<div class=\"wp-block-cf-yellow-cta wrapper_yellow_cta\"><div class=\"yellow_cta\"><div class=\"yellow_cta__content\">\n<h2 class=\"wp-block-heading\" id=\"h-get-paid-automatically-with-calfrenzy\">Recevez vos paiements automatiquement<br\/>avec Calfrenzy<\/h2>\n\n\n\n<p class=\"has-text-align-center\">Fini les liens de paiement ou les relances par e-mail. <br\/>Commencez \u00e0 encaisser d\u00e8s la r\u00e9servation avec Calfrenzy.<\/p>\n\n\n\n<div class=\"wp-block-button\"><a class=\"wp-block-button__link wp-element-button\" href=\"https:\/\/schedule.calfrenzy.com\/auth\/sign-up\">Essayez gratuitement \u2013 Encaissez instantan\u00e9ment<\/a><\/div>\n<\/div><\/div><\/div>\n","protected":false},"excerpt":{"rendered":"","protected":false},"author":1,"featured_media":10357,"parent":2519,"menu_order":0,"comment_status":"closed","ping_status":"closed","template":"","meta":{"inline_featured_image":false,"footnotes":""},"class_list":["post-7698","page","type-page","status-publish","has-post-thumbnail","hentry"],"yoast_head":"<!-- This site is optimized with the Yoast SEO Premium plugin v26.8 (Yoast SEO v26.8) - https:\/\/yoast.com\/product\/yoast-seo-premium-wordpress\/ -->\n<title>Int\u00e9gration des paiements pour les r\u00e9servations en ligne | Calfrenzy<\/title>\n<meta name=\"description\" content=\"Connectez facilement des solutions de paiement avec Calfrenzy. Encaissez les paiements d\u00e8s que les clients r\u00e9servent. Aucun outil suppl\u00e9mentaire requis.\" \/>\n<meta name=\"robots\" content=\"index, follow, max-snippet:-1, max-image-preview:large, max-video-preview:-1\" \/>\n<link rel=\"canonical\" href=\"https:\/\/calfrenzy.com\/fr\/fonctionnalites\/encaissez-des-paiements\/\" \/>\n<meta property=\"og:locale\" content=\"fr_FR\" \/>\n<meta property=\"og:type\" content=\"article\" \/>\n<meta property=\"og:title\" content=\"Encaissez des paiements\" \/>\n<meta property=\"og:description\" content=\"Connectez facilement des solutions de paiement avec Calfrenzy. Encaissez les paiements d\u00e8s que les clients r\u00e9servent. Aucun outil suppl\u00e9mentaire requis.\" \/>\n<meta property=\"og:url\" content=\"https:\/\/calfrenzy.com\/fr\/fonctionnalites\/encaissez-des-paiements\/\" \/>\n<meta property=\"og:site_name\" content=\"calfrenzy\" \/>\n<meta property=\"article:publisher\" content=\"https:\/\/www.facebook.com\/calfrenzy\" \/>\n<meta property=\"article:modified_time\" content=\"2025-11-28T12:25:52+00:00\" \/>\n<meta property=\"og:image\" content=\"https:\/\/calfrenzy.com\/wp-content\/uploads\/2025\/11\/Take-Payments-French.png\" \/>\n\t<meta property=\"og:image:width\" content=\"1200\" \/>\n\t<meta property=\"og:image:height\" content=\"630\" \/>\n\t<meta property=\"og:image:type\" content=\"image\/png\" \/>\n<meta name=\"twitter:card\" content=\"summary_large_image\" \/>\n<meta name=\"twitter:site\" content=\"@calfrenzy53224\" \/>\n<meta name=\"twitter:label1\" content=\"Dur\u00e9e de lecture estim\u00e9e\" \/>\n\t<meta name=\"twitter:data1\" content=\"3 minute\" \/>\n<script type=\"application\/ld+json\" class=\"yoast-schema-graph\">{\"@context\":\"https:\/\/schema.org\",\"@graph\":[{\"@type\":\"WebPage\",\"@id\":\"https:\/\/calfrenzy.com\/fr\/fonctionnalites\/encaissez-des-paiements\/\",\"url\":\"https:\/\/calfrenzy.com\/fr\/fonctionnalites\/encaissez-des-paiements\/\",\"name\":\"Int\u00e9gration des paiements pour les r\u00e9servations en ligne | Calfrenzy\",\"isPartOf\":{\"@id\":\"https:\/\/calfrenzy.com\/fr\/#website\"},\"primaryImageOfPage\":{\"@id\":\"https:\/\/calfrenzy.com\/fr\/fonctionnalites\/encaissez-des-paiements\/#primaryimage\"},\"image\":{\"@id\":\"https:\/\/calfrenzy.com\/fr\/fonctionnalites\/encaissez-des-paiements\/#primaryimage\"},\"thumbnailUrl\":\"https:\/\/calfrenzy.com\/wp-content\/uploads\/2025\/11\/Take-Payments-French.png\",\"datePublished\":\"2025-06-26T11:33:41+00:00\",\"dateModified\":\"2025-11-28T12:25:52+00:00\",\"description\":\"Connectez facilement des solutions de paiement avec Calfrenzy. Encaissez les paiements d\u00e8s que les clients r\u00e9servent. Aucun outil suppl\u00e9mentaire requis.\",\"breadcrumb\":{\"@id\":\"https:\/\/calfrenzy.com\/fr\/fonctionnalites\/encaissez-des-paiements\/#breadcrumb\"},\"inLanguage\":\"fr-FR\",\"potentialAction\":[{\"@type\":\"ReadAction\",\"target\":[\"https:\/\/calfrenzy.com\/fr\/fonctionnalites\/encaissez-des-paiements\/\"]}]},{\"@type\":\"ImageObject\",\"inLanguage\":\"fr-FR\",\"@id\":\"https:\/\/calfrenzy.com\/fr\/fonctionnalites\/encaissez-des-paiements\/#primaryimage\",\"url\":\"https:\/\/calfrenzy.com\/wp-content\/uploads\/2025\/11\/Take-Payments-French.png\",\"contentUrl\":\"https:\/\/calfrenzy.com\/wp-content\/uploads\/2025\/11\/Take-Payments-French.png\",\"width\":1200,\"height\":630},{\"@type\":\"BreadcrumbList\",\"@id\":\"https:\/\/calfrenzy.com\/fr\/fonctionnalites\/encaissez-des-paiements\/#breadcrumb\",\"itemListElement\":[{\"@type\":\"ListItem\",\"position\":1,\"name\":\"Home\",\"item\":\"https:\/\/calfrenzy.com\/fr\/\"},{\"@type\":\"ListItem\",\"position\":2,\"name\":\"Fonctionnalit\u00e9s\",\"item\":\"https:\/\/calfrenzy.com\/fr\/fonctionnalites\/\"},{\"@type\":\"ListItem\",\"position\":3,\"name\":\"Encaissez des paiements\"}]},{\"@type\":\"WebSite\",\"@id\":\"https:\/\/calfrenzy.com\/fr\/#website\",\"url\":\"https:\/\/calfrenzy.com\/fr\/\",\"name\":\"Calfrenzy\",\"description\":\"Easy Scheduling Across Time Zones and Organizations\",\"publisher\":{\"@id\":\"https:\/\/calfrenzy.com\/fr\/#organization\"},\"alternateName\":\"calfrenzy\",\"potentialAction\":[{\"@type\":\"SearchAction\",\"target\":{\"@type\":\"EntryPoint\",\"urlTemplate\":\"https:\/\/calfrenzy.com\/fr\/?s={search_term_string}\"},\"query-input\":{\"@type\":\"PropertyValueSpecification\",\"valueRequired\":true,\"valueName\":\"search_term_string\"}}],\"inLanguage\":\"fr-FR\"},{\"@type\":\"Organization\",\"@id\":\"https:\/\/calfrenzy.com\/fr\/#organization\",\"name\":\"Calfrenzy\",\"alternateName\":\"calfrenzy\",\"url\":\"https:\/\/calfrenzy.com\/fr\/\",\"logo\":{\"@type\":\"ImageObject\",\"inLanguage\":\"fr-FR\",\"@id\":\"https:\/\/calfrenzy.com\/fr\/#\/schema\/logo\/image\/\",\"url\":\"https:\/\/calfrenzy.com\/wp-content\/uploads\/2024\/06\/float_6_1.svg\",\"contentUrl\":\"https:\/\/calfrenzy.com\/wp-content\/uploads\/2024\/06\/float_6_1.svg\",\"width\":47,\"height\":50,\"caption\":\"Calfrenzy\"},\"image\":{\"@id\":\"https:\/\/calfrenzy.com\/fr\/#\/schema\/logo\/image\/\"},\"sameAs\":[\"https:\/\/www.facebook.com\/calfrenzy\",\"https:\/\/x.com\/calfrenzy53224\",\"https:\/\/www.youtube.com\/@Calfrenzy\",\"https:\/\/www.linkedin.com\/company\/calfrenzy\",\"https:\/\/www.capterra.com\/p\/10020993\/CalFrenzy\/\",\"https:\/\/chromewebstore.google.com\/detail\/calfrenzy-free-online-app\/igmlifilbgnlaijamohaakgoacoeoidk?hl=en\",\"https:\/\/workspace.google.com\/marketplace\/app\/calfrenzy\/369573383535\",\"https:\/\/www.trustpilot.com\/review\/calfrenzy.com\",\"https:\/\/www.g2.com\/products\/calfrenzy\/reviews\"]}]}<\/script>\n<!-- \/ Yoast SEO Premium plugin. -->","yoast_head_json":{"title":"Int\u00e9gration des paiements pour les r\u00e9servations en ligne | Calfrenzy","description":"Connectez facilement des solutions de paiement avec Calfrenzy. Encaissez les paiements d\u00e8s que les clients r\u00e9servent. Aucun outil suppl\u00e9mentaire requis.","robots":{"index":"index","follow":"follow","max-snippet":"max-snippet:-1","max-image-preview":"max-image-preview:large","max-video-preview":"max-video-preview:-1"},"canonical":"https:\/\/calfrenzy.com\/fr\/fonctionnalites\/encaissez-des-paiements\/","og_locale":"fr_FR","og_type":"article","og_title":"Encaissez des paiements","og_description":"Connectez facilement des solutions de paiement avec Calfrenzy. Encaissez les paiements d\u00e8s que les clients r\u00e9servent. Aucun outil suppl\u00e9mentaire requis.","og_url":"https:\/\/calfrenzy.com\/fr\/fonctionnalites\/encaissez-des-paiements\/","og_site_name":"calfrenzy","article_publisher":"https:\/\/www.facebook.com\/calfrenzy","article_modified_time":"2025-11-28T12:25:52+00:00","og_image":[{"width":1200,"height":630,"url":"https:\/\/calfrenzy.com\/wp-content\/uploads\/2025\/11\/Take-Payments-French.png","type":"image\/png"}],"twitter_card":"summary_large_image","twitter_site":"@calfrenzy53224","twitter_misc":{"Dur\u00e9e de lecture estim\u00e9e":"3 minute"},"schema":{"@context":"https:\/\/schema.org","@graph":[{"@type":"WebPage","@id":"https:\/\/calfrenzy.com\/fr\/fonctionnalites\/encaissez-des-paiements\/","url":"https:\/\/calfrenzy.com\/fr\/fonctionnalites\/encaissez-des-paiements\/","name":"Int\u00e9gration des paiements pour les r\u00e9servations en ligne | Calfrenzy","isPartOf":{"@id":"https:\/\/calfrenzy.com\/fr\/#website"},"primaryImageOfPage":{"@id":"https:\/\/calfrenzy.com\/fr\/fonctionnalites\/encaissez-des-paiements\/#primaryimage"},"image":{"@id":"https:\/\/calfrenzy.com\/fr\/fonctionnalites\/encaissez-des-paiements\/#primaryimage"},"thumbnailUrl":"https:\/\/calfrenzy.com\/wp-content\/uploads\/2025\/11\/Take-Payments-French.png","datePublished":"2025-06-26T11:33:41+00:00","dateModified":"2025-11-28T12:25:52+00:00","description":"Connectez facilement des solutions de paiement avec Calfrenzy. Encaissez les paiements d\u00e8s que les clients r\u00e9servent. Aucun outil suppl\u00e9mentaire requis.","breadcrumb":{"@id":"https:\/\/calfrenzy.com\/fr\/fonctionnalites\/encaissez-des-paiements\/#breadcrumb"},"inLanguage":"fr-FR","potentialAction":[{"@type":"ReadAction","target":["https:\/\/calfrenzy.com\/fr\/fonctionnalites\/encaissez-des-paiements\/"]}]},{"@type":"ImageObject","inLanguage":"fr-FR","@id":"https:\/\/calfrenzy.com\/fr\/fonctionnalites\/encaissez-des-paiements\/#primaryimage","url":"https:\/\/calfrenzy.com\/wp-content\/uploads\/2025\/11\/Take-Payments-French.png","contentUrl":"https:\/\/calfrenzy.com\/wp-content\/uploads\/2025\/11\/Take-Payments-French.png","width":1200,"height":630},{"@type":"BreadcrumbList","@id":"https:\/\/calfrenzy.com\/fr\/fonctionnalites\/encaissez-des-paiements\/#breadcrumb","itemListElement":[{"@type":"ListItem","position":1,"name":"Home","item":"https:\/\/calfrenzy.com\/fr\/"},{"@type":"ListItem","position":2,"name":"Fonctionnalit\u00e9s","item":"https:\/\/calfrenzy.com\/fr\/fonctionnalites\/"},{"@type":"ListItem","position":3,"name":"Encaissez des paiements"}]},{"@type":"WebSite","@id":"https:\/\/calfrenzy.com\/fr\/#website","url":"https:\/\/calfrenzy.com\/fr\/","name":"Calfrenzy","description":"Easy Scheduling Across Time Zones and Organizations","publisher":{"@id":"https:\/\/calfrenzy.com\/fr\/#organization"},"alternateName":"calfrenzy","potentialAction":[{"@type":"SearchAction","target":{"@type":"EntryPoint","urlTemplate":"https:\/\/calfrenzy.com\/fr\/?s={search_term_string}"},"query-input":{"@type":"PropertyValueSpecification","valueRequired":true,"valueName":"search_term_string"}}],"inLanguage":"fr-FR"},{"@type":"Organization","@id":"https:\/\/calfrenzy.com\/fr\/#organization","name":"Calfrenzy","alternateName":"calfrenzy","url":"https:\/\/calfrenzy.com\/fr\/","logo":{"@type":"ImageObject","inLanguage":"fr-FR","@id":"https:\/\/calfrenzy.com\/fr\/#\/schema\/logo\/image\/","url":"https:\/\/calfrenzy.com\/wp-content\/uploads\/2024\/06\/float_6_1.svg","contentUrl":"https:\/\/calfrenzy.com\/wp-content\/uploads\/2024\/06\/float_6_1.svg","width":47,"height":50,"caption":"Calfrenzy"},"image":{"@id":"https:\/\/calfrenzy.com\/fr\/#\/schema\/logo\/image\/"},"sameAs":["https:\/\/www.facebook.com\/calfrenzy","https:\/\/x.com\/calfrenzy53224","https:\/\/www.youtube.com\/@Calfrenzy","https:\/\/www.linkedin.com\/company\/calfrenzy","https:\/\/www.capterra.com\/p\/10020993\/CalFrenzy\/","https:\/\/chromewebstore.google.com\/detail\/calfrenzy-free-online-app\/igmlifilbgnlaijamohaakgoacoeoidk?hl=en","https:\/\/workspace.google.com\/marketplace\/app\/calfrenzy\/369573383535","https:\/\/www.trustpilot.com\/review\/calfrenzy.com","https:\/\/www.g2.com\/products\/calfrenzy\/reviews"]}]}},"_links":{"self":[{"href":"https:\/\/calfrenzy.com\/fr\/wp-json\/wp\/v2\/pages\/7698","targetHints":{"allow":["GET"]}}],"collection":[{"href":"https:\/\/calfrenzy.com\/fr\/wp-json\/wp\/v2\/pages"}],"about":[{"href":"https:\/\/calfrenzy.com\/fr\/wp-json\/wp\/v2\/types\/page"}],"author":[{"embeddable":true,"href":"https:\/\/calfrenzy.com\/fr\/wp-json\/wp\/v2\/users\/1"}],"replies":[{"embeddable":true,"href":"https:\/\/calfrenzy.com\/fr\/wp-json\/wp\/v2\/comments?post=7698"}],"version-history":[{"count":4,"href":"https:\/\/calfrenzy.com\/fr\/wp-json\/wp\/v2\/pages\/7698\/revisions"}],"predecessor-version":[{"id":10976,"href":"https:\/\/calfrenzy.com\/fr\/wp-json\/wp\/v2\/pages\/7698\/revisions\/10976"}],"up":[{"embeddable":true,"href":"https:\/\/calfrenzy.com\/fr\/wp-json\/wp\/v2\/pages\/2519"}],"wp:featuredmedia":[{"embeddable":true,"href":"https:\/\/calfrenzy.com\/fr\/wp-json\/wp\/v2\/media\/10357"}],"wp:attachment":[{"href":"https:\/\/calfrenzy.com\/fr\/wp-json\/wp\/v2\/media?parent=7698"}],"curies":[{"name":"wp","href":"https:\/\/api.w.org\/{rel}","templated":true}]}}