{"id":8343,"date":"2025-08-13T09:40:43","date_gmt":"2025-08-13T09:40:43","guid":{"rendered":"https:\/\/calfrenzy.com\/?page_id=8343"},"modified":"2025-11-14T14:14:43","modified_gmt":"2025-11-14T14:14:43","slug":"extension-de-navigateur","status":"publish","type":"page","link":"https:\/\/calfrenzy.com\/fr\/fonctionnalites\/extension-de-navigateur\/","title":{"rendered":"Extension de navigateur"},"content":{"rendered":"\n<div class=\"wp-block-cf-features-banner wrapper_features_banner\"><div class=\"features_banner\">\n<div class=\"features_banner__content\">\n<h1 class=\"wp-block-heading\" id=\"h-schedule-faster-with-calfrenzy-browser-extension\"><mark style=\"background-color:rgba(0, 0, 0, 0)\" class=\"has-inline-color has-base-green-right-color\">Planifiez<\/mark> plus vite avec <mark style=\"background-color:rgba(0, 0, 0, 0)\" class=\"has-inline-color has-primary-yellow-color\">l\u2019extension<\/mark> Calfrenzy pour <mark style=\"background-color:rgba(0, 0, 0, 0)\" class=\"has-inline-color has-base-green-left-color\">navigateur<\/mark><\/h1>\n\n\n\n<p>Ajoutez l\u2019extension Calfrenzy \u00e0 Chrome ou Edge pour planifier vos rendez-vous sans changer d\u2019onglet \u2014 directement depuis Gmail, LinkedIn ou les outils que vous utilisez d\u00e9j\u00e0. Ins\u00e9rez vos disponibilit\u00e9s, copiez vos liens et g\u00e9rez vos r\u00e9servations \u2014 tout cela depuis votre bo\u00eete de r\u00e9ception ou votre calendrier. <\/p>\n\n\n\n<div class=\"wp-block-button\"><a class=\"wp-block-button__link wp-element-button\" href=\"https:\/\/chromewebstore.google.com\/detail\/calfrenzy-free-online-app\/igmlifilbgnlaijamohaakgoacoeoidk\" target=\"_blank\" rel=\"noreferrer noopener\">Installer l\u2019extension \u2013 C\u2019est gratuit<\/a><\/div>\n<\/div>\n\n\n\n<div class=\"features_banner__image\">\n<figure class=\"wp-block-image size-large\"><img decoding=\"async\" src=\"https:\/\/calfrenzy.com\/wp-content\/uploads\/2025\/08\/Install-Extension-French-1-1024x934.png\" alt=\"L&#x2019;extension Calfrenzy injecte des liens de r&#xE9;servation dans la fen&#xEA;tre de r&#xE9;daction Gmail\" class=\"wp-image-8149\"\/><\/figure>\n<\/div>\n<\/div><\/div>\n\n<div class=\"wp-block-cf-video wrapper_video_block\"><div class=\"video_block\">\n<h2 class=\"wp-block-heading has-text-align-center\" id=\"h-see-it-in-action\">D\u00e9couvrez-le en action<\/h2>\n\n\n\n<p class=\"has-text-align-center\">D\u00e9couvrez comment l\u2019extension Calfrenzy vous aide \u00e0 planifier pendant que vous travaillez \u2014 que vous r\u00e9pondiez \u00e0 un email dans Gmail ou que vous discutiez sur LinkedIn.<\/p>\n\n\n\n<figure class=\"wp-block-embed is-type-video is-provider-youtube wp-block-embed-youtube\"><div class=\"wp-block-embed__wrapper\">\n<iframe title=\"Calfrenzy Browser Extension Tutorial | Schedule Instantly from Gmail, LinkedIn &amp; More!\" width=\"500\" height=\"281\" src=\"https:\/\/www.youtube.com\/embed\/Tm-nKjxpuGQ?feature=oembed\" frameborder=\"0\" allow=\"accelerometer; autoplay; clipboard-write; encrypted-media; gyroscope; picture-in-picture; web-share\" referrerpolicy=\"strict-origin-when-cross-origin\" allowfullscreen><\/iframe>\n<\/div><\/figure>\n<\/div><\/div>\n\n<div class=\"wp-block-cf-tools wrapper_tools no_bg\"><div class=\"tools\">\n<h2 class=\"wp-block-heading has-text-align-center\" id=\"h-what-you-can-do-with-the-calfrenzy-extension\">Ce que vous pouvez faire avec l\u2019extension Calfrenzy<\/h2>\n\n\n\n<div class=\"wp-block-cf-tools-items tools__items tools__items--two\">\n<div class=\"wp-block-cf-tools-item tool_item\">\n<figure class=\"wp-block-image size-full\"><img decoding=\"async\" width=\"120\" height=\"120\" src=\"https:\/\/calfrenzy.com\/wp-content\/uploads\/2025\/06\/No-Apps-or-Accounts-Needed.png\" alt=\"Partagez vos disponibilit&#xE9;s en 2 clics\" class=\"wp-image-7392\"\/><\/figure>\n\n\n\n<h3 class=\"wp-block-heading\" id=\"h-share-availability-in-2-clicks\">Partagez vos disponibilit\u00e9s en 2 clics<\/h3>\n\n\n\n<ul class=\"wp-block-list\">\n<li>Collez un lien de r\u00e9servation directement dans votre email<\/li>\n\n\n\n<li>Parfait pour Gmail, Outlook Web et autres outils dans le navigateur<\/li>\n<\/ul>\n<\/div>\n\n\n\n<div class=\"wp-block-cf-tools-item tool_item\">\n<figure class=\"wp-block-image size-full\"><img decoding=\"async\" width=\"120\" height=\"120\" src=\"https:\/\/calfrenzy.com\/wp-content\/uploads\/2025\/08\/online-channels.png\" alt=\"Utilisez-la dans Google Workspace\" class=\"wp-image-8117\"\/><\/figure>\n\n\n\n<h3 class=\"wp-block-heading\" id=\"h-use-it-across-google-workspace\">Utilisez-la dans Google Workspace<\/h3>\n\n\n\n<ul class=\"wp-block-list\">\n<li>Acc\u00e9dez \u00e0 Calfrenzy depuis la barre d\u2019outils de r\u00e9daction Gmail pour ins\u00e9rer un lien ou vos disponibilit\u00e9s<\/li>\n\n\n\n<li>Fonctionne sur ordinateur<\/li>\n<\/ul>\n<\/div>\n\n\n\n<div class=\"wp-block-cf-tools-item tool_item\">\n<figure class=\"wp-block-image size-full\"><img decoding=\"async\" width=\"120\" height=\"120\" src=\"https:\/\/calfrenzy.com\/wp-content\/uploads\/2025\/08\/Insert-Booking-Links-Instantly.png\" alt=\"Ins&#xE9;rez des liens de r&#xE9;servation instantan&#xE9;ment\" class=\"wp-image-8151\"\/><\/figure>\n\n\n\n<h3 class=\"wp-block-heading\" id=\"h-insert-booking-links-instantly\">Ins\u00e9rez des liens de r\u00e9servation instantan\u00e9ment<\/h3>\n\n\n\n<ul class=\"wp-block-list\">\n<li>Ajoutez le lien vers votre page de r\u00e9servation personnelle ou d\u2019\u00e9quipe en un clic<\/li>\n\n\n\n<li>Copiez des liens sans ouvrir le tableau de bord complet<\/li>\n<\/ul>\n<\/div>\n\n\n\n<div class=\"wp-block-cf-tools-item tool_item\">\n<figure class=\"wp-block-image size-full\"><img decoding=\"async\" width=\"120\" height=\"120\" src=\"https:\/\/calfrenzy.com\/wp-content\/uploads\/2025\/08\/Manage-Meetings-Without-Switching-Tabs.png\" alt=\"G&#xE9;rez vos r&#xE9;unions sans changer d&#x2019;onglet\" class=\"wp-image-8152\"\/><\/figure>\n\n\n\n<h3 class=\"wp-block-heading\" id=\"h-manage-meetings-without-switching-tabs\">G\u00e9rez vos r\u00e9unions sans changer d\u2019onglet<\/h3>\n\n\n\n<ul class=\"wp-block-list\">\n<li>Consultez vos \u00e9v\u00e9nements \u00e0 venir dans la barre lat\u00e9rale du navigateur<\/li>\n\n\n\n<li>Acc\u00e9dez au tableau de bord directement depuis le bouton de l\u2019extension<\/li>\n<\/ul>\n<\/div>\n<\/div>\n<\/div><\/div>\n\n<div class=\"wp-block-cf-bg-container-block wrapper_bg_container_block\"><div class=\"bg_container_block\" style=\"background-color:#FEEA9A\">\n<div style=\"min-width:min(calc(564\/1440 * 100vw) , 564px)\" class=\"wp-block-cf-bg-container-block-inner bg_container_block__column\">\n<h2 class=\"wp-block-heading\" id=\"h-why-use-a-scheduling-extension\">Pourquoi utiliser une extension de planification ?<\/h2>\n<\/div>\n\n\n\n<div style=\"min-width:min(calc(496\/1440 * 100vw) , 496px)\" class=\"wp-block-cf-bg-container-block-inner bg_container_block__column\">\n<p>Arr\u00eatez de jongler entre les onglets pour g\u00e9rer votre calendrier. L\u2019<g id=\"gid_0\">extension Calfrenzy<\/g> vous aide \u00e0 r\u00e9pondre plus rapidement, \u00e0 garder un aspect professionnel et \u00e0 garder le contr\u00f4le \u2014 sans perturber votre flux de travail. Id\u00e9al pour les pros en contact avec des clients qui doivent agir vite.  <\/p>\n<\/div>\n<\/div><\/div>\n\n<div class=\"wp-block-cf-perfect-workflow wrapper_perfect_workflow no_bg\"><div class=\"perfect_workflow\">\n<h2 class=\"wp-block-heading has-text-align-center\" id=\"h-perfect-for-any-workflow\">Parfait pour tous les flux de travail<\/h2>\n\n\n\n<div class=\"wp-block-cf-perfect-workflow-items perfect_workflow__items perfect_workflow__items--four\">\n<div class=\"wp-block-cf-perfect-workflow-item perfect_workflow_item\">\n<figure class=\"wp-block-image size-full\"><img decoding=\"async\" width=\"96\" height=\"96\" src=\"https:\/\/calfrenzy.com\/wp-content\/uploads\/2025\/06\/Coaches-Consultants.png\" alt=\"Ic&#xF4;ne repr&#xE9;sentant les outils de planification pour coachs et consultants.\" class=\"wp-image-7399\"\/><\/figure>\n\n\n\n<h3 class=\"wp-block-heading has-text-align-center\" id=\"h-coaches-amp-consultants-nbsp\">Coachs &amp; consultants <\/h3>\n\n\n\n<p class=\"has-text-align-center\">Partagez instantan\u00e9ment vos disponibilit\u00e9s avec des prospects et clients.<\/p>\n<\/div>\n\n\n\n<div class=\"wp-block-cf-perfect-workflow-item perfect_workflow_item\">\n<figure class=\"wp-block-image size-full\"><img decoding=\"async\" width=\"96\" height=\"96\" src=\"https:\/\/calfrenzy.com\/wp-content\/uploads\/2025\/06\/Virtual-Assistants.png\" alt=\"Ic&#xF4;ne repr&#xE9;sentant les outils de planification pour les assistants virtuels.\" class=\"wp-image-7400\"\/><\/figure>\n\n\n\n<h3 class=\"wp-block-heading has-text-align-center\" id=\"h-virtual-assistants\">Assistants virtuels<\/h3>\n\n\n\n<p class=\"has-text-align-center\">G\u00e9rez plusieurs calendriers sans changer d\u2019onglet.<\/p>\n<\/div>\n\n\n\n<div class=\"wp-block-cf-perfect-workflow-item perfect_workflow_item\">\n<figure class=\"wp-block-image size-full\"><img decoding=\"async\" width=\"96\" height=\"96\" src=\"https:\/\/calfrenzy.com\/wp-content\/uploads\/2025\/06\/Teams-Agencies.png\" alt=\"Ic&#xF4;ne repr&#xE9;sentant les outils de planification pour les &#xE9;quipes et agences.\" class=\"wp-image-7402\"\/><\/figure>\n\n\n\n<h3 class=\"wp-block-heading has-text-align-center\" id=\"h-recruiters\">Recruteurs<\/h3>\n\n\n\n<p class=\"has-text-align-center\">Envoyez des cr\u00e9neaux d\u2019entretien rapidement depuis votre bo\u00eete mail.<\/p>\n<\/div>\n\n\n\n<div class=\"wp-block-cf-perfect-workflow-item perfect_workflow_item\">\n<figure class=\"wp-block-image size-full\"><img decoding=\"async\" width=\"96\" height=\"97\" src=\"https:\/\/calfrenzy.com\/wp-content\/uploads\/2025\/08\/icons_colorful.png\" alt=\"&#xC9;quipes de Vente\" class=\"wp-image-8154\"\/><\/figure>\n\n\n\n<h3 class=\"wp-block-heading has-text-align-center\" id=\"h-sales-teams\">\u00c9quipes de Vente<\/h3>\n\n\n\n<p class=\"has-text-align-center\">Proposez des cr\u00e9neaux de d\u00e9mo en temps r\u00e9el tout en discutant dans LinkedIn ou Gmail.<\/p>\n<\/div>\n<\/div>\n<\/div><\/div>\n\n<div class=\"wp-block-cf-feature-cta wrapper_feature_cta\"><div class=\"feature_cta\"><div class=\"feature_cta__content\">\n<h2 class=\"wp-block-heading\" id=\"h-our-fair-pricing\">Notre tarification \u00e9quitable<\/h2>\n\n\n\n<ul class=\"wp-block-list\">\n<li>Gratuit \u00e0 installer et \u00e0 utiliser avec n\u2019importe quel forfait Calfrenzy<\/li>\n\n\n\n<li>Aucun abonnement payant requis pour acc\u00e9der \u00e0 l\u2019extension<\/li>\n\n\n\n<li>Fonctionne avec tous les comptes, y compris pour la planification en \u00e9quipe<\/li>\n<\/ul>\n<\/div><div class=\"feature_cta__image\"><img decoding=\"async\" src=\"https:\/\/calfrenzy.com\/wp-content\/uploads\/2025\/08\/cheerful-young-woman-holding-laptop-computer@2x-1.png\" alt=\"\"\/><\/div><\/div><\/div>\n\n<div class=\"wp-block-cf-faq wrapper_faq\" itemscope itemtype=\"https:\/\/schema.org\/FAQPage\"><div class=\"faq\">\n<h2 class=\"wp-block-heading has-text-align-center\" id=\"h-frequently-asked-questions\">Foire aux questions<\/h2>\n\n\n\n<div class=\"wp-block-cf-faq-item faq_item\" itemscope itemprop=\"mainEntity\" itemtype=\"https:\/\/schema.org\/Question\">\n<div class=\"wp-block-cf-faq-item-question faq_item__title\" onclick=\"$(this).siblings('.faq_item__content').slideToggle().parent().toggleClass('open')\"><div itemprop=\"name\">\n<h3 class=\"wp-block-heading\" id=\"h-what-browsers-does-the-extension-work-on\">Sur quels navigateurs l\u2019extension fonctionne-t-elle ?<\/h3>\n<\/div><\/div>\n\n\n\n<div class=\"wp-block-cf-faq-item-answer faq_item__content\" itemscope itemprop=\"acceptedAnswer\" itemtype=\"https:\/\/schema.org\/Answer\"><div itemprop=\"text\">\n<p>L\u2019extension Calfrenzy est disponible pour Google Chrome et Microsoft Edge.<\/p>\n<\/div><\/div>\n<\/div>\n\n\n\n<div class=\"wp-block-cf-faq-item faq_item\" itemscope itemprop=\"mainEntity\" itemtype=\"https:\/\/schema.org\/Question\">\n<div class=\"wp-block-cf-faq-item-question faq_item__title\" onclick=\"$(this).siblings('.faq_item__content').slideToggle().parent().toggleClass('open')\"><div itemprop=\"name\">\n<h3 class=\"wp-block-heading\" id=\"h-does-this-replace-the-web-app\">Est-ce que cela remplace l\u2019application web ?<\/h3>\n<\/div><\/div>\n\n\n\n<div class=\"wp-block-cf-faq-item-answer faq_item__content\" itemscope itemprop=\"acceptedAnswer\" itemtype=\"https:\/\/schema.org\/Answer\"><div itemprop=\"text\">\n<p>Non \u2014 cela la compl\u00e8te. L\u2019extension vous aide \u00e0 planifier plus rapidement, sans avoir \u00e0 changer d\u2019onglet ou ouvrir le tableau de bord. <\/p>\n<\/div><\/div>\n<\/div>\n\n\n\n<div class=\"wp-block-cf-faq-item faq_item\" itemscope itemprop=\"mainEntity\" itemtype=\"https:\/\/schema.org\/Question\">\n<div class=\"wp-block-cf-faq-item-question faq_item__title\" onclick=\"$(this).siblings('.faq_item__content').slideToggle().parent().toggleClass('open')\"><div itemprop=\"name\">\n<h3 class=\"wp-block-heading\" id=\"h-is-the-extension-free-to-use\">L\u2019extension est-elle gratuite ?<\/h3>\n<\/div><\/div>\n\n\n\n<div class=\"wp-block-cf-faq-item-answer faq_item__content\" itemscope itemprop=\"acceptedAnswer\" itemtype=\"https:\/\/schema.org\/Answer\"><div itemprop=\"text\">\n<p>Oui. Elle est incluse avec tous les comptes Calfrenzy \u2014 aucun frais suppl\u00e9mentaire. <\/p>\n<\/div><\/div>\n<\/div>\n<\/div><\/div>\n\n<div class=\"wp-block-cf-yellow-cta wrapper_yellow_cta\"><div class=\"yellow_cta\"><div class=\"yellow_cta__content\">\n<h2 class=\"wp-block-heading has-text-align-center\" id=\"h-try-the-calfrenzy-extension-today\">Essayez l\u2019extension Calfrenzy d\u00e8s aujourd\u2019hui<\/h2>\n\n\n\n<p class=\"has-text-align-center\">Partagez vos disponibilit\u00e9s plus vite, r\u00e9servez instantan\u00e9ment et restez concentr\u00e9. <br\/>Ajoutez l\u2019extension maintenant \u2014 c\u2019est gratuit.<\/p>\n\n\n\n<div class=\"wp-block-button\"><a class=\"wp-block-button__link wp-element-button\" href=\"https:\/\/chromewebstore.google.com\/detail\/calfrenzy-free-online-app\/igmlifilbgnlaijamohaakgoacoeoidk\" target=\"_blank\" rel=\"noreferrer noopener\">Installer l\u2019extension gratuite<\/a><\/div>\n<\/div><\/div><\/div>\n","protected":false},"excerpt":{"rendered":"","protected":false},"author":1,"featured_media":10382,"parent":2519,"menu_order":0,"comment_status":"closed","ping_status":"closed","template":"","meta":{"inline_featured_image":false,"footnotes":""},"class_list":["post-8343","page","type-page","status-publish","has-post-thumbnail","hentry"],"yoast_head":"<!-- This site is optimized with the Yoast SEO Premium plugin v26.8 (Yoast SEO v26.8) - https:\/\/yoast.com\/product\/yoast-seo-premium-wordpress\/ -->\n<title>Extension pour la planification | Calfrenzy<\/title>\n<meta name=\"description\" content=\"Planifiez vos r\u00e9unions directement depuis votre navigateur avec l\u2019extension Calfrenzy. Ins\u00e9rez des cr\u00e9neaux, copiez des liens, et g\u00e9rez vos r\u00e9servations \u2014 sans passer par le tableau de bord.\" \/>\n<meta name=\"robots\" content=\"index, follow, max-snippet:-1, max-image-preview:large, max-video-preview:-1\" \/>\n<link rel=\"canonical\" href=\"https:\/\/calfrenzy.com\/fr\/fonctionnalites\/extension-de-navigateur\/\" \/>\n<meta property=\"og:locale\" content=\"fr_FR\" \/>\n<meta property=\"og:type\" content=\"article\" \/>\n<meta property=\"og:title\" content=\"Extension de navigateur\" \/>\n<meta property=\"og:description\" content=\"Planifiez vos r\u00e9unions directement depuis votre navigateur avec l\u2019extension Calfrenzy. Ins\u00e9rez des cr\u00e9neaux, copiez des liens, et g\u00e9rez vos r\u00e9servations \u2014 sans passer par le tableau de bord.\" \/>\n<meta property=\"og:url\" content=\"https:\/\/calfrenzy.com\/fr\/fonctionnalites\/extension-de-navigateur\/\" \/>\n<meta property=\"og:site_name\" content=\"calfrenzy\" \/>\n<meta property=\"article:publisher\" content=\"https:\/\/www.facebook.com\/calfrenzy\" \/>\n<meta property=\"article:modified_time\" content=\"2025-11-14T14:14:43+00:00\" \/>\n<meta property=\"og:image\" content=\"https:\/\/calfrenzy.com\/wp-content\/uploads\/2025\/11\/Browser-Extension-French.png\" \/>\n\t<meta property=\"og:image:width\" content=\"1200\" \/>\n\t<meta property=\"og:image:height\" content=\"630\" \/>\n\t<meta property=\"og:image:type\" content=\"image\/png\" \/>\n<meta name=\"twitter:card\" content=\"summary_large_image\" \/>\n<meta name=\"twitter:site\" content=\"@calfrenzy53224\" \/>\n<meta name=\"twitter:label1\" content=\"Dur\u00e9e de lecture estim\u00e9e\" \/>\n\t<meta name=\"twitter:data1\" content=\"2 minute\" \/>\n<script type=\"application\/ld+json\" class=\"yoast-schema-graph\">{\"@context\":\"https:\/\/schema.org\",\"@graph\":[{\"@type\":\"WebPage\",\"@id\":\"https:\/\/calfrenzy.com\/fr\/fonctionnalites\/extension-de-navigateur\/\",\"url\":\"https:\/\/calfrenzy.com\/fr\/fonctionnalites\/extension-de-navigateur\/\",\"name\":\"Extension pour la planification | Calfrenzy\",\"isPartOf\":{\"@id\":\"https:\/\/calfrenzy.com\/fr\/#website\"},\"primaryImageOfPage\":{\"@id\":\"https:\/\/calfrenzy.com\/fr\/fonctionnalites\/extension-de-navigateur\/#primaryimage\"},\"image\":{\"@id\":\"https:\/\/calfrenzy.com\/fr\/fonctionnalites\/extension-de-navigateur\/#primaryimage\"},\"thumbnailUrl\":\"https:\/\/calfrenzy.com\/wp-content\/uploads\/2025\/11\/Browser-Extension-French.png\",\"datePublished\":\"2025-08-13T09:40:43+00:00\",\"dateModified\":\"2025-11-14T14:14:43+00:00\",\"description\":\"Planifiez vos r\u00e9unions directement depuis votre navigateur avec l\u2019extension Calfrenzy. Ins\u00e9rez des cr\u00e9neaux, copiez des liens, et g\u00e9rez vos r\u00e9servations \u2014 sans passer par le tableau de bord.\",\"breadcrumb\":{\"@id\":\"https:\/\/calfrenzy.com\/fr\/fonctionnalites\/extension-de-navigateur\/#breadcrumb\"},\"inLanguage\":\"fr-FR\",\"potentialAction\":[{\"@type\":\"ReadAction\",\"target\":[\"https:\/\/calfrenzy.com\/fr\/fonctionnalites\/extension-de-navigateur\/\"]}]},{\"@type\":\"ImageObject\",\"inLanguage\":\"fr-FR\",\"@id\":\"https:\/\/calfrenzy.com\/fr\/fonctionnalites\/extension-de-navigateur\/#primaryimage\",\"url\":\"https:\/\/calfrenzy.com\/wp-content\/uploads\/2025\/11\/Browser-Extension-French.png\",\"contentUrl\":\"https:\/\/calfrenzy.com\/wp-content\/uploads\/2025\/11\/Browser-Extension-French.png\",\"width\":1200,\"height\":630},{\"@type\":\"BreadcrumbList\",\"@id\":\"https:\/\/calfrenzy.com\/fr\/fonctionnalites\/extension-de-navigateur\/#breadcrumb\",\"itemListElement\":[{\"@type\":\"ListItem\",\"position\":1,\"name\":\"Home\",\"item\":\"https:\/\/calfrenzy.com\/fr\/\"},{\"@type\":\"ListItem\",\"position\":2,\"name\":\"Fonctionnalit\u00e9s\",\"item\":\"https:\/\/calfrenzy.com\/fr\/fonctionnalites\/\"},{\"@type\":\"ListItem\",\"position\":3,\"name\":\"Extension de navigateur\"}]},{\"@type\":\"WebSite\",\"@id\":\"https:\/\/calfrenzy.com\/fr\/#website\",\"url\":\"https:\/\/calfrenzy.com\/fr\/\",\"name\":\"Calfrenzy\",\"description\":\"Easy Scheduling Across Time Zones and Organizations\",\"publisher\":{\"@id\":\"https:\/\/calfrenzy.com\/fr\/#organization\"},\"alternateName\":\"calfrenzy\",\"potentialAction\":[{\"@type\":\"SearchAction\",\"target\":{\"@type\":\"EntryPoint\",\"urlTemplate\":\"https:\/\/calfrenzy.com\/fr\/?s={search_term_string}\"},\"query-input\":{\"@type\":\"PropertyValueSpecification\",\"valueRequired\":true,\"valueName\":\"search_term_string\"}}],\"inLanguage\":\"fr-FR\"},{\"@type\":\"Organization\",\"@id\":\"https:\/\/calfrenzy.com\/fr\/#organization\",\"name\":\"Calfrenzy\",\"alternateName\":\"calfrenzy\",\"url\":\"https:\/\/calfrenzy.com\/fr\/\",\"logo\":{\"@type\":\"ImageObject\",\"inLanguage\":\"fr-FR\",\"@id\":\"https:\/\/calfrenzy.com\/fr\/#\/schema\/logo\/image\/\",\"url\":\"https:\/\/calfrenzy.com\/wp-content\/uploads\/2024\/06\/float_6_1.svg\",\"contentUrl\":\"https:\/\/calfrenzy.com\/wp-content\/uploads\/2024\/06\/float_6_1.svg\",\"width\":47,\"height\":50,\"caption\":\"Calfrenzy\"},\"image\":{\"@id\":\"https:\/\/calfrenzy.com\/fr\/#\/schema\/logo\/image\/\"},\"sameAs\":[\"https:\/\/www.facebook.com\/calfrenzy\",\"https:\/\/x.com\/calfrenzy53224\",\"https:\/\/www.youtube.com\/@Calfrenzy\",\"https:\/\/www.linkedin.com\/company\/calfrenzy\",\"https:\/\/www.capterra.com\/p\/10020993\/CalFrenzy\/\",\"https:\/\/chromewebstore.google.com\/detail\/calfrenzy-free-online-app\/igmlifilbgnlaijamohaakgoacoeoidk?hl=en\",\"https:\/\/workspace.google.com\/marketplace\/app\/calfrenzy\/369573383535\",\"https:\/\/www.trustpilot.com\/review\/calfrenzy.com\",\"https:\/\/www.g2.com\/products\/calfrenzy\/reviews\"]}]}<\/script>\n<!-- \/ Yoast SEO Premium plugin. -->","yoast_head_json":{"title":"Extension pour la planification | Calfrenzy","description":"Planifiez vos r\u00e9unions directement depuis votre navigateur avec l\u2019extension Calfrenzy. Ins\u00e9rez des cr\u00e9neaux, copiez des liens, et g\u00e9rez vos r\u00e9servations \u2014 sans passer par le tableau de bord.","robots":{"index":"index","follow":"follow","max-snippet":"max-snippet:-1","max-image-preview":"max-image-preview:large","max-video-preview":"max-video-preview:-1"},"canonical":"https:\/\/calfrenzy.com\/fr\/fonctionnalites\/extension-de-navigateur\/","og_locale":"fr_FR","og_type":"article","og_title":"Extension de navigateur","og_description":"Planifiez vos r\u00e9unions directement depuis votre navigateur avec l\u2019extension Calfrenzy. Ins\u00e9rez des cr\u00e9neaux, copiez des liens, et g\u00e9rez vos r\u00e9servations \u2014 sans passer par le tableau de bord.","og_url":"https:\/\/calfrenzy.com\/fr\/fonctionnalites\/extension-de-navigateur\/","og_site_name":"calfrenzy","article_publisher":"https:\/\/www.facebook.com\/calfrenzy","article_modified_time":"2025-11-14T14:14:43+00:00","og_image":[{"width":1200,"height":630,"url":"https:\/\/calfrenzy.com\/wp-content\/uploads\/2025\/11\/Browser-Extension-French.png","type":"image\/png"}],"twitter_card":"summary_large_image","twitter_site":"@calfrenzy53224","twitter_misc":{"Dur\u00e9e de lecture estim\u00e9e":"2 minute"},"schema":{"@context":"https:\/\/schema.org","@graph":[{"@type":"WebPage","@id":"https:\/\/calfrenzy.com\/fr\/fonctionnalites\/extension-de-navigateur\/","url":"https:\/\/calfrenzy.com\/fr\/fonctionnalites\/extension-de-navigateur\/","name":"Extension pour la planification | Calfrenzy","isPartOf":{"@id":"https:\/\/calfrenzy.com\/fr\/#website"},"primaryImageOfPage":{"@id":"https:\/\/calfrenzy.com\/fr\/fonctionnalites\/extension-de-navigateur\/#primaryimage"},"image":{"@id":"https:\/\/calfrenzy.com\/fr\/fonctionnalites\/extension-de-navigateur\/#primaryimage"},"thumbnailUrl":"https:\/\/calfrenzy.com\/wp-content\/uploads\/2025\/11\/Browser-Extension-French.png","datePublished":"2025-08-13T09:40:43+00:00","dateModified":"2025-11-14T14:14:43+00:00","description":"Planifiez vos r\u00e9unions directement depuis votre navigateur avec l\u2019extension Calfrenzy. Ins\u00e9rez des cr\u00e9neaux, copiez des liens, et g\u00e9rez vos r\u00e9servations \u2014 sans passer par le tableau de bord.","breadcrumb":{"@id":"https:\/\/calfrenzy.com\/fr\/fonctionnalites\/extension-de-navigateur\/#breadcrumb"},"inLanguage":"fr-FR","potentialAction":[{"@type":"ReadAction","target":["https:\/\/calfrenzy.com\/fr\/fonctionnalites\/extension-de-navigateur\/"]}]},{"@type":"ImageObject","inLanguage":"fr-FR","@id":"https:\/\/calfrenzy.com\/fr\/fonctionnalites\/extension-de-navigateur\/#primaryimage","url":"https:\/\/calfrenzy.com\/wp-content\/uploads\/2025\/11\/Browser-Extension-French.png","contentUrl":"https:\/\/calfrenzy.com\/wp-content\/uploads\/2025\/11\/Browser-Extension-French.png","width":1200,"height":630},{"@type":"BreadcrumbList","@id":"https:\/\/calfrenzy.com\/fr\/fonctionnalites\/extension-de-navigateur\/#breadcrumb","itemListElement":[{"@type":"ListItem","position":1,"name":"Home","item":"https:\/\/calfrenzy.com\/fr\/"},{"@type":"ListItem","position":2,"name":"Fonctionnalit\u00e9s","item":"https:\/\/calfrenzy.com\/fr\/fonctionnalites\/"},{"@type":"ListItem","position":3,"name":"Extension de navigateur"}]},{"@type":"WebSite","@id":"https:\/\/calfrenzy.com\/fr\/#website","url":"https:\/\/calfrenzy.com\/fr\/","name":"Calfrenzy","description":"Easy Scheduling Across Time Zones and Organizations","publisher":{"@id":"https:\/\/calfrenzy.com\/fr\/#organization"},"alternateName":"calfrenzy","potentialAction":[{"@type":"SearchAction","target":{"@type":"EntryPoint","urlTemplate":"https:\/\/calfrenzy.com\/fr\/?s={search_term_string}"},"query-input":{"@type":"PropertyValueSpecification","valueRequired":true,"valueName":"search_term_string"}}],"inLanguage":"fr-FR"},{"@type":"Organization","@id":"https:\/\/calfrenzy.com\/fr\/#organization","name":"Calfrenzy","alternateName":"calfrenzy","url":"https:\/\/calfrenzy.com\/fr\/","logo":{"@type":"ImageObject","inLanguage":"fr-FR","@id":"https:\/\/calfrenzy.com\/fr\/#\/schema\/logo\/image\/","url":"https:\/\/calfrenzy.com\/wp-content\/uploads\/2024\/06\/float_6_1.svg","contentUrl":"https:\/\/calfrenzy.com\/wp-content\/uploads\/2024\/06\/float_6_1.svg","width":47,"height":50,"caption":"Calfrenzy"},"image":{"@id":"https:\/\/calfrenzy.com\/fr\/#\/schema\/logo\/image\/"},"sameAs":["https:\/\/www.facebook.com\/calfrenzy","https:\/\/x.com\/calfrenzy53224","https:\/\/www.youtube.com\/@Calfrenzy","https:\/\/www.linkedin.com\/company\/calfrenzy","https:\/\/www.capterra.com\/p\/10020993\/CalFrenzy\/","https:\/\/chromewebstore.google.com\/detail\/calfrenzy-free-online-app\/igmlifilbgnlaijamohaakgoacoeoidk?hl=en","https:\/\/workspace.google.com\/marketplace\/app\/calfrenzy\/369573383535","https:\/\/www.trustpilot.com\/review\/calfrenzy.com","https:\/\/www.g2.com\/products\/calfrenzy\/reviews"]}]}},"_links":{"self":[{"href":"https:\/\/calfrenzy.com\/fr\/wp-json\/wp\/v2\/pages\/8343","targetHints":{"allow":["GET"]}}],"collection":[{"href":"https:\/\/calfrenzy.com\/fr\/wp-json\/wp\/v2\/pages"}],"about":[{"href":"https:\/\/calfrenzy.com\/fr\/wp-json\/wp\/v2\/types\/page"}],"author":[{"embeddable":true,"href":"https:\/\/calfrenzy.com\/fr\/wp-json\/wp\/v2\/users\/1"}],"replies":[{"embeddable":true,"href":"https:\/\/calfrenzy.com\/fr\/wp-json\/wp\/v2\/comments?post=8343"}],"version-history":[{"count":5,"href":"https:\/\/calfrenzy.com\/fr\/wp-json\/wp\/v2\/pages\/8343\/revisions"}],"predecessor-version":[{"id":10470,"href":"https:\/\/calfrenzy.com\/fr\/wp-json\/wp\/v2\/pages\/8343\/revisions\/10470"}],"up":[{"embeddable":true,"href":"https:\/\/calfrenzy.com\/fr\/wp-json\/wp\/v2\/pages\/2519"}],"wp:featuredmedia":[{"embeddable":true,"href":"https:\/\/calfrenzy.com\/fr\/wp-json\/wp\/v2\/media\/10382"}],"wp:attachment":[{"href":"https:\/\/calfrenzy.com\/fr\/wp-json\/wp\/v2\/media?parent=8343"}],"curies":[{"name":"wp","href":"https:\/\/api.w.org\/{rel}","templated":true}]}}