{"id":2834,"date":"2024-10-25T09:52:02","date_gmt":"2024-10-25T09:52:02","guid":{"rendered":"https:\/\/calfrenzy.com\/?page_id=2834"},"modified":"2025-11-14T13:15:11","modified_gmt":"2025-11-14T13:15:11","slug":"sobre","status":"publish","type":"page","link":"https:\/\/calfrenzy.com\/pt-br\/sobre\/","title":{"rendered":"Sobre"},"content":{"rendered":"\n<div class=\"wp-block-cf-about-banner wrapper_about_banner\"><div class=\"about_banner\">\n<div class=\"about_banner__content\">\n<h1 class=\"wp-block-heading\" id=\"h-about-calfrenzy\">Sobre o <mark style=\"background-color:rgba(0, 0, 0, 0)\" class=\"has-inline-color has-base-green-right-color\">Calfrenzy<\/mark><\/h1>\n\n\n\n<p>O Calfrenzy \u00e9 uma ferramenta de agendamento online que oferece tudo o que voc\u00ea precisa, sem cobran\u00e7as abusivas. Seja para gerenciar sua pr\u00f3pria agenda ou coordenar uma equipe, tornamos o agendamento simples, eficiente e acess\u00edvel. <\/p>\n\n\n\n<p><strong>Com o Calfrenzy<\/strong>, voc\u00ea tem acesso a recursos avan\u00e7ados por um pre\u00e7o justo.<\/p>\n<\/div>\n\n\n\n<div class=\"about_banner__image\">\n<figure class=\"wp-block-image size-large\"><img decoding=\"async\" src=\"https:\/\/calfrenzy.com\/wp-content\/uploads\/2025\/04\/about_banner_portuguese-1024x719.png\" alt=\"Sobre o Calfrenzy\" class=\"wp-image-1711\"\/><\/figure>\n<\/div>\n<\/div><\/div>\n\n<div class=\"wp-block-cf-about-block wrapper_about_block\"><div class=\"about_block left\">\n<div class=\"about_block__content\">\n<p>Com mais de<strong> 25 anos<\/strong> de experi\u00eancia em desenvolvimento de software, criamos o Calfrenzy para tornar sua rotina mais pr\u00e1tica e produtiva.<\/p>\n\n\n\n<p>J\u00e1 desenvolvemos diversos produtos de sucesso e sabemos como criar solu\u00e7\u00f5es <strong>intuitivas<\/strong> e <strong>eficientes<\/strong>.<\/p>\n<\/div>\n\n\n\n<div class=\"about_block__image\">\n<figure class=\"wp-block-image size-full\"><img decoding=\"async\" width=\"1268\" height=\"844\" src=\"https:\/\/calfrenzy.com\/wp-content\/uploads\/2024\/11\/about_block.png\" alt=\"Sobre o Calfrenzy\" class=\"wp-image-1712\" srcset=\"https:\/\/calfrenzy.com\/wp-content\/uploads\/2024\/11\/about_block.png 1268w, https:\/\/calfrenzy.com\/wp-content\/uploads\/2024\/11\/about_block-300x200.png 300w, https:\/\/calfrenzy.com\/wp-content\/uploads\/2024\/11\/about_block-1024x682.png 1024w, https:\/\/calfrenzy.com\/wp-content\/uploads\/2024\/11\/about_block-768x511.png 768w\" sizes=\"(max-width: 1268px) 100vw, 1268px\" \/><\/figure>\n<\/div>\n<\/div><\/div>\n\n<div class=\"wp-block-cf-why-different wrapper_why_different\"><div class=\"why_different\">\n<h2 class=\"wp-block-heading has-text-align-center\" id=\"h-what-makes-calfrenzy-different\">O que faz o Calfrenzy diferente?<\/h2>\n\n\n\n<div class=\"why_different__list\">\n<div class=\"why_different__list-item\">\n<figure class=\"wp-block-image size-full\"><img decoding=\"async\" width=\"180\" height=\"180\" src=\"https:\/\/calfrenzy.com\/wp-content\/uploads\/2025\/02\/Fair-Pricing.png\" alt=\"Pre&#xE7;o Acess&#xED;vel\" class=\"wp-image-5654\" srcset=\"https:\/\/calfrenzy.com\/wp-content\/uploads\/2025\/02\/Fair-Pricing.png 180w, https:\/\/calfrenzy.com\/wp-content\/uploads\/2025\/02\/Fair-Pricing-150x150.png 150w\" sizes=\"(max-width: 180px) 100vw, 180px\" \/><\/figure>\n\n\n\n<h3 class=\"wp-block-heading\" id=\"h-fair-pricing\">Pre\u00e7o Acess\u00edvel<\/h3>\n\n\n\n<p>No Calfrenzy, garantimos um excelente <strong>custo-benef\u00edcio<\/strong>. Oferecemos um conjunto completo de ferramentas avan\u00e7adas <strong>por um pre\u00e7o transparente<\/strong>, permitindo que voc\u00ea se concentre no que realmente importa.<\/p>\n<\/div>\n\n\n\n<div class=\"why_different__list-item\">\n<figure class=\"wp-block-image size-full\"><img decoding=\"async\" width=\"180\" height=\"180\" src=\"https:\/\/calfrenzy.com\/wp-content\/uploads\/2025\/02\/Intuitive-User-Interface.png\" alt=\"Interface Intuitiva\" class=\"wp-image-5655\" srcset=\"https:\/\/calfrenzy.com\/wp-content\/uploads\/2025\/02\/Intuitive-User-Interface.png 180w, https:\/\/calfrenzy.com\/wp-content\/uploads\/2025\/02\/Intuitive-User-Interface-150x150.png 150w\" sizes=\"(max-width: 180px) 100vw, 180px\" \/><\/figure>\n\n\n\n<h3 class=\"wp-block-heading\" id=\"h-intuitive-user-interface\">Interface Intuitiva<\/h3>\n\n\n\n<p>Agendar compromissos deve ser f\u00e1cil e intuitivo. O Calfrenzy tem um design moderno e intuitivo, pensado para otimizar seu tempo e facilitar o agendamento. <\/p>\n<\/div>\n\n\n\n<div class=\"why_different__list-item\">\n<figure class=\"wp-block-image size-full\"><img decoding=\"async\" width=\"180\" height=\"180\" src=\"https:\/\/calfrenzy.com\/wp-content\/uploads\/2025\/02\/Premium-Features.png\" alt=\"Funcionalidades Avan&#xE7;adas\" class=\"wp-image-5656\" srcset=\"https:\/\/calfrenzy.com\/wp-content\/uploads\/2025\/02\/Premium-Features.png 180w, https:\/\/calfrenzy.com\/wp-content\/uploads\/2025\/02\/Premium-Features-150x150.png 150w\" sizes=\"(max-width: 180px) 100vw, 180px\" \/><\/figure>\n\n\n\n<h3 class=\"wp-block-heading\" id=\"h-premium-features\">Funcionalidades Avan\u00e7adas<\/h3>\n\n\n\n<p>O Calfrenzy <strong>re\u00fane funcionalidades avan\u00e7adas<\/strong>, como <strong>agendamento em grupo<\/strong>, <strong>integra\u00e7\u00e3o com m\u00faltiplos calend\u00e1rios<\/strong> e lembretes autom\u00e1ticos. Tudo o que voc\u00ea precisa para otimizar sua rotina de agendamentos. <\/p>\n<\/div>\n<\/div>\n<\/div><\/div>\n\n<div class=\"wp-block-cf-features-block wrapper_features_block\"><div class=\"features_block right\">\n<div class=\"features_block__content\">\n<h2 class=\"wp-block-heading\" id=\"h-our-mission\">Nosso Prop\u00f3sito<\/h2>\n\n\n\n<p>Criamos o Calfrenzy com um prop\u00f3sito claro: oferecer <strong>ferramentas de agendamento<\/strong> acess\u00edveis e <strong>eficientes<\/strong>. Acreditamos que todo profissional e equipe merece <strong>uma solu\u00e7\u00e3o de agendamento poderosa<\/strong> que seja <strong>acess\u00edvel<\/strong> e <strong>intuitiva<\/strong>. <\/p>\n\n\n\n<p>Nosso objetivo \u00e9 <strong>tornar o agendamento mais f\u00e1cil, eficiente<\/strong> e <strong>acess\u00edvel<\/strong> para todos.<\/p>\n<\/div>\n\n\n\n<div class=\"features_block__image\">\n<figure class=\"wp-block-image size-full\"><img decoding=\"async\" src=\"https:\/\/calfrenzy.com\/wp-content\/uploads\/2025\/04\/Our-Mission-Portuguese.png\" alt=\"Nosso Prop&#xF3;sito\" class=\"wp-image-1716\"\/><\/figure>\n<\/div>\n<\/div><\/div>\n\n<div class=\"wp-block-cf-features-block wrapper_features_block\"><div class=\"features_block left\">\n<div class=\"features_block__content\">\n<h2 class=\"wp-block-heading\" id=\"h-superhuman-customer-service\">Super Atendimento ao Cliente<\/h2>\n\n\n\n<p>N\u00e3o oferecemos apenas um \u00f3timo atendimento ao cliente \u2014 oferecemos <strong>super suporte<\/strong> ao cliente. Desde o primeiro agendamento at\u00e9 a gest\u00e3o de equipes, nossa equipe est\u00e1 sempre dispon\u00edvel para ajudar. <\/p>\n\n\n\n<p>No Calfrenzy, garantimos um suporte r\u00e1pido, <strong>proativo<\/strong> e <strong>humanizado<\/strong>, para que voc\u00ea possa se concentrar no que realmente importa.<\/p>\n<\/div>\n\n\n\n<div class=\"features_block__image\">\n<figure class=\"wp-block-image size-full\"><img decoding=\"async\" src=\"https:\/\/calfrenzy.com\/wp-content\/uploads\/2025\/04\/Superhuman-Customer-Service-Portuguese.png\" alt=\"Super Atendimento ao Cliente\" class=\"wp-image-1160\"\/><\/figure>\n<\/div>\n<\/div><\/div>\n\n<div class=\"wp-block-cf-faq wrapper_faq use_bg\" style=\"background-color:#f0f4ff\" itemscope itemtype=\"https:\/\/schema.org\/FAQPage\"><div class=\"faq\">\n<h2 class=\"wp-block-heading has-text-align-center\" id=\"h-frequently-asked-questions\">Perguntas Frequentes<\/h2>\n\n\n\n<div class=\"wp-block-cf-faq-item faq_item\" itemscope itemprop=\"mainEntity\" itemtype=\"https:\/\/schema.org\/Question\">\n<div class=\"wp-block-cf-faq-item-question faq_item__title\" onclick=\"$(this).siblings('.faq_item__content').slideToggle().parent().toggleClass('open')\"><div itemprop=\"name\">\n<h3 class=\"wp-block-heading\" id=\"h-what-is-calfrenzy-scheduling-tool\">O que \u00e9 a ferramenta de agendamento Calfrenzy?<\/h3>\n<\/div><\/div>\n\n\n\n<div class=\"wp-block-cf-faq-item-answer faq_item__content\" itemscope itemprop=\"acceptedAnswer\" itemtype=\"https:\/\/schema.org\/Answer\"><div itemprop=\"text\">\n<p>O Calfrenzy \u00e9 uma plataforma de agendamento online que ajuda freelancers, consultores e equipes a simplificarem reservas, chamadas com clientes e aprova\u00e7\u00f5es. Ele permite compartilhar disponibilidade, criar p\u00e1ginas de agendamento personalizadas, enviar lembretes autom\u00e1ticos e at\u00e9 aceitar pagamentos \u2014 tudo isso sem intermin\u00e1veis trocas de e-mails. <\/p>\n<\/div><\/div>\n<\/div>\n\n\n\n<div class=\"wp-block-cf-faq-item faq_item\" itemscope itemprop=\"mainEntity\" itemtype=\"https:\/\/schema.org\/Question\">\n<div class=\"wp-block-cf-faq-item-question faq_item__title\" onclick=\"$(this).siblings('.faq_item__content').slideToggle().parent().toggleClass('open')\"><div itemprop=\"name\">\n<h3 class=\"wp-block-heading\" id=\"h-do-i-need-to-enter-a-credit-card-to-try-calfrenzy\">Preciso informar um cart\u00e3o de cr\u00e9dito para testar o Calfrenzy?<\/h3>\n<\/div><\/div>\n\n\n\n<div class=\"wp-block-cf-faq-item-answer faq_item__content\" itemscope itemprop=\"acceptedAnswer\" itemtype=\"https:\/\/schema.org\/Answer\"><div itemprop=\"text\">\n<p>N\u00e3o \u2014 voc\u00ea pode come\u00e7ar a usar o Calfrenzy gratuitamente, sem precisar de cart\u00e3o de cr\u00e9dito. S\u00f3 fa\u00e7a o upgrade quando precisar de recursos premium. <\/p>\n<\/div><\/div>\n<\/div>\n\n\n\n<div class=\"wp-block-cf-faq-item faq_item\" itemscope itemprop=\"mainEntity\" itemtype=\"https:\/\/schema.org\/Question\">\n<div class=\"wp-block-cf-faq-item-question faq_item__title\" onclick=\"$(this).siblings('.faq_item__content').slideToggle().parent().toggleClass('open')\"><div itemprop=\"name\">\n<h3 class=\"wp-block-heading\" id=\"h-how-does-calfrenzy-handle-scheduling-across-different-time-zones\">Como o Calfrenzy lida com agendamentos em diferentes fusos hor\u00e1rios?<\/h3>\n<\/div><\/div>\n\n\n\n<div class=\"wp-block-cf-faq-item-answer faq_item__content\" itemscope itemprop=\"acceptedAnswer\" itemtype=\"https:\/\/schema.org\/Answer\"><div itemprop=\"text\">\n<p>O Calfrenzy detecta automaticamente o fuso hor\u00e1rio do convidado, converte os hor\u00e1rios dispon\u00edveis de acordo e os exibe na sua p\u00e1gina de agendamento. Assim, as reuni\u00f5es s\u00e3o marcadas corretamente \u2014 sem ajustes manuais ou trocas de mensagens. <\/p>\n<\/div><\/div>\n<\/div>\n\n\n\n<div class=\"wp-block-cf-faq-item faq_item\" itemscope itemprop=\"mainEntity\" itemtype=\"https:\/\/schema.org\/Question\">\n<div class=\"wp-block-cf-faq-item-question faq_item__title\" onclick=\"$(this).siblings('.faq_item__content').slideToggle().parent().toggleClass('open')\"><div itemprop=\"name\">\n<h3 class=\"wp-block-heading\" id=\"h-can-i-customize-my-booking-page-branding-logo-color-questions\">Posso personalizar minha p\u00e1gina de agendamento (marca, logo, cores, perguntas)?<\/h3>\n<\/div><\/div>\n\n\n\n<div class=\"wp-block-cf-faq-item-answer faq_item__content\" itemscope itemprop=\"acceptedAnswer\" itemtype=\"https:\/\/schema.org\/Answer\"><div itemprop=\"text\">\n<p>Sim \u2014 o Calfrenzy oferece controle total para combinar com a sua marca. Voc\u00ea pode adicionar seu logotipo, escolher cores, escrever descri\u00e7\u00f5es personalizadas e incluir formul\u00e1rios ou perguntas para coletar informa\u00e7\u00f5es antes de cada reuni\u00e3o. <\/p>\n<\/div><\/div>\n<\/div>\n<\/div><\/div>\n\n<div class=\"wp-block-cf-yellow-cta wrapper_yellow_cta\"><div class=\"yellow_cta\"><div class=\"yellow_cta__content\">\n<h2 class=\"wp-block-heading has-text-align-center\" id=\"h-sign-up-is-easy-90-seconds\">Cadastrar-se \u00e9 F\u00e1cil <strong>90 Segundos<\/strong><\/h2>\n\n\n\n<p class=\"has-text-align-center\">Quer agendar sem complica\u00e7\u00e3o?<br\/>Cadastre-se, <strong>conecte seu calend\u00e1rio e comece a agendar <\/strong>em apenas <strong>90 segundos<\/strong>.<br\/>Simples assim!<\/p>\n\n\n\n<div class=\"wp-block-button\"><a class=\"wp-block-button__link wp-element-button\" href=\"https:\/\/schedule.calfrenzy.com\/auth\/sign-up\">Comece Gr\u00e1tis<\/a><\/div>\n<\/div><\/div><\/div>\n","protected":false},"excerpt":{"rendered":"","protected":false},"author":1,"featured_media":10207,"parent":0,"menu_order":0,"comment_status":"closed","ping_status":"closed","template":"","meta":{"inline_featured_image":false,"footnotes":""},"class_list":["post-2834","page","type-page","status-publish","has-post-thumbnail","hentry"],"yoast_head":"<!-- This site is optimized with the Yoast SEO Premium plugin v26.8 (Yoast SEO v26.8) - https:\/\/yoast.com\/product\/yoast-seo-premium-wordpress\/ -->\n<title>Sobre Calfrenzy - Software de Agendamento de Compromissos<\/title>\n<meta name=\"description\" content=\"O Calfrenzy \u00e9 um software de agendamento de compromissos gratuito, com design intuitivo e pre\u00e7o justo, tornando o agendamento de equipes simples e acess\u00edvel.\" \/>\n<meta name=\"robots\" content=\"index, follow, max-snippet:-1, max-image-preview:large, max-video-preview:-1\" \/>\n<link rel=\"canonical\" href=\"https:\/\/calfrenzy.com\/pt-br\/sobre\/\" \/>\n<meta property=\"og:locale\" content=\"pt_BR\" \/>\n<meta property=\"og:type\" content=\"article\" \/>\n<meta property=\"og:title\" content=\"Sobre\" \/>\n<meta property=\"og:description\" content=\"O Calfrenzy \u00e9 um software de agendamento de compromissos gratuito, com design intuitivo e pre\u00e7o justo, tornando o agendamento de equipes simples e acess\u00edvel.\" \/>\n<meta property=\"og:url\" content=\"https:\/\/calfrenzy.com\/pt-br\/sobre\/\" \/>\n<meta property=\"og:site_name\" content=\"calfrenzy\" \/>\n<meta property=\"article:publisher\" content=\"https:\/\/www.facebook.com\/calfrenzy\" \/>\n<meta property=\"article:modified_time\" content=\"2025-11-14T13:15:11+00:00\" \/>\n<meta property=\"og:image\" content=\"https:\/\/calfrenzy.com\/wp-content\/uploads\/2025\/11\/About-Portuguese.png\" \/>\n\t<meta property=\"og:image:width\" content=\"2400\" \/>\n\t<meta property=\"og:image:height\" content=\"1260\" \/>\n\t<meta property=\"og:image:type\" content=\"image\/png\" \/>\n<meta name=\"twitter:card\" content=\"summary_large_image\" \/>\n<meta name=\"twitter:site\" content=\"@calfrenzy53224\" \/>\n<meta name=\"twitter:label1\" content=\"Tempo estimado de leitura\" \/>\n\t<meta name=\"twitter:data1\" content=\"3 minutos\" \/>\n<script type=\"application\/ld+json\" class=\"yoast-schema-graph\">{\"@context\":\"https:\/\/schema.org\",\"@graph\":[{\"@type\":\"WebPage\",\"@id\":\"https:\/\/calfrenzy.com\/pt-br\/sobre\/\",\"url\":\"https:\/\/calfrenzy.com\/pt-br\/sobre\/\",\"name\":\"Sobre Calfrenzy - Software de Agendamento de Compromissos\",\"isPartOf\":{\"@id\":\"https:\/\/calfrenzy.com\/pt-br\/#website\"},\"primaryImageOfPage\":{\"@id\":\"https:\/\/calfrenzy.com\/pt-br\/sobre\/#primaryimage\"},\"image\":{\"@id\":\"https:\/\/calfrenzy.com\/pt-br\/sobre\/#primaryimage\"},\"thumbnailUrl\":\"https:\/\/calfrenzy.com\/wp-content\/uploads\/2025\/11\/About-Portuguese.png\",\"datePublished\":\"2024-10-25T09:52:02+00:00\",\"dateModified\":\"2025-11-14T13:15:11+00:00\",\"description\":\"O Calfrenzy \u00e9 um software de agendamento de compromissos gratuito, com design intuitivo e pre\u00e7o justo, tornando o agendamento de equipes simples e acess\u00edvel.\",\"breadcrumb\":{\"@id\":\"https:\/\/calfrenzy.com\/pt-br\/sobre\/#breadcrumb\"},\"inLanguage\":\"pt-BR\",\"potentialAction\":[{\"@type\":\"ReadAction\",\"target\":[\"https:\/\/calfrenzy.com\/pt-br\/sobre\/\"]}]},{\"@type\":\"ImageObject\",\"inLanguage\":\"pt-BR\",\"@id\":\"https:\/\/calfrenzy.com\/pt-br\/sobre\/#primaryimage\",\"url\":\"https:\/\/calfrenzy.com\/wp-content\/uploads\/2025\/11\/About-Portuguese.png\",\"contentUrl\":\"https:\/\/calfrenzy.com\/wp-content\/uploads\/2025\/11\/About-Portuguese.png\",\"width\":2400,\"height\":1260},{\"@type\":\"BreadcrumbList\",\"@id\":\"https:\/\/calfrenzy.com\/pt-br\/sobre\/#breadcrumb\",\"itemListElement\":[{\"@type\":\"ListItem\",\"position\":1,\"name\":\"Home\",\"item\":\"https:\/\/calfrenzy.com\/pt-br\/\"},{\"@type\":\"ListItem\",\"position\":2,\"name\":\"Sobre\"}]},{\"@type\":\"WebSite\",\"@id\":\"https:\/\/calfrenzy.com\/pt-br\/#website\",\"url\":\"https:\/\/calfrenzy.com\/pt-br\/\",\"name\":\"Calfrenzy\",\"description\":\"Easy Scheduling Across Time Zones and Organizations\",\"publisher\":{\"@id\":\"https:\/\/calfrenzy.com\/pt-br\/#organization\"},\"alternateName\":\"calfrenzy\",\"potentialAction\":[{\"@type\":\"SearchAction\",\"target\":{\"@type\":\"EntryPoint\",\"urlTemplate\":\"https:\/\/calfrenzy.com\/pt-br\/?s={search_term_string}\"},\"query-input\":{\"@type\":\"PropertyValueSpecification\",\"valueRequired\":true,\"valueName\":\"search_term_string\"}}],\"inLanguage\":\"pt-BR\"},{\"@type\":\"Organization\",\"@id\":\"https:\/\/calfrenzy.com\/pt-br\/#organization\",\"name\":\"Calfrenzy\",\"alternateName\":\"calfrenzy\",\"url\":\"https:\/\/calfrenzy.com\/pt-br\/\",\"logo\":{\"@type\":\"ImageObject\",\"inLanguage\":\"pt-BR\",\"@id\":\"https:\/\/calfrenzy.com\/pt-br\/#\/schema\/logo\/image\/\",\"url\":\"https:\/\/calfrenzy.com\/wp-content\/uploads\/2024\/06\/float_6_1.svg\",\"contentUrl\":\"https:\/\/calfrenzy.com\/wp-content\/uploads\/2024\/06\/float_6_1.svg\",\"width\":47,\"height\":50,\"caption\":\"Calfrenzy\"},\"image\":{\"@id\":\"https:\/\/calfrenzy.com\/pt-br\/#\/schema\/logo\/image\/\"},\"sameAs\":[\"https:\/\/www.facebook.com\/calfrenzy\",\"https:\/\/x.com\/calfrenzy53224\",\"https:\/\/www.youtube.com\/@Calfrenzy\",\"https:\/\/www.linkedin.com\/company\/calfrenzy\",\"https:\/\/www.capterra.com\/p\/10020993\/CalFrenzy\/\",\"https:\/\/chromewebstore.google.com\/detail\/calfrenzy-free-online-app\/igmlifilbgnlaijamohaakgoacoeoidk?hl=en\",\"https:\/\/workspace.google.com\/marketplace\/app\/calfrenzy\/369573383535\",\"https:\/\/www.trustpilot.com\/review\/calfrenzy.com\",\"https:\/\/www.g2.com\/products\/calfrenzy\/reviews\"]}]}<\/script>\n<!-- \/ Yoast SEO Premium plugin. -->","yoast_head_json":{"title":"Sobre Calfrenzy - Software de Agendamento de Compromissos","description":"O Calfrenzy \u00e9 um software de agendamento de compromissos gratuito, com design intuitivo e pre\u00e7o justo, tornando o agendamento de equipes simples e acess\u00edvel.","robots":{"index":"index","follow":"follow","max-snippet":"max-snippet:-1","max-image-preview":"max-image-preview:large","max-video-preview":"max-video-preview:-1"},"canonical":"https:\/\/calfrenzy.com\/pt-br\/sobre\/","og_locale":"pt_BR","og_type":"article","og_title":"Sobre","og_description":"O Calfrenzy \u00e9 um software de agendamento de compromissos gratuito, com design intuitivo e pre\u00e7o justo, tornando o agendamento de equipes simples e acess\u00edvel.","og_url":"https:\/\/calfrenzy.com\/pt-br\/sobre\/","og_site_name":"calfrenzy","article_publisher":"https:\/\/www.facebook.com\/calfrenzy","article_modified_time":"2025-11-14T13:15:11+00:00","og_image":[{"width":2400,"height":1260,"url":"https:\/\/calfrenzy.com\/wp-content\/uploads\/2025\/11\/About-Portuguese.png","type":"image\/png"}],"twitter_card":"summary_large_image","twitter_site":"@calfrenzy53224","twitter_misc":{"Tempo estimado de leitura":"3 minutos"},"schema":{"@context":"https:\/\/schema.org","@graph":[{"@type":"WebPage","@id":"https:\/\/calfrenzy.com\/pt-br\/sobre\/","url":"https:\/\/calfrenzy.com\/pt-br\/sobre\/","name":"Sobre Calfrenzy - Software de Agendamento de Compromissos","isPartOf":{"@id":"https:\/\/calfrenzy.com\/pt-br\/#website"},"primaryImageOfPage":{"@id":"https:\/\/calfrenzy.com\/pt-br\/sobre\/#primaryimage"},"image":{"@id":"https:\/\/calfrenzy.com\/pt-br\/sobre\/#primaryimage"},"thumbnailUrl":"https:\/\/calfrenzy.com\/wp-content\/uploads\/2025\/11\/About-Portuguese.png","datePublished":"2024-10-25T09:52:02+00:00","dateModified":"2025-11-14T13:15:11+00:00","description":"O Calfrenzy \u00e9 um software de agendamento de compromissos gratuito, com design intuitivo e pre\u00e7o justo, tornando o agendamento de equipes simples e acess\u00edvel.","breadcrumb":{"@id":"https:\/\/calfrenzy.com\/pt-br\/sobre\/#breadcrumb"},"inLanguage":"pt-BR","potentialAction":[{"@type":"ReadAction","target":["https:\/\/calfrenzy.com\/pt-br\/sobre\/"]}]},{"@type":"ImageObject","inLanguage":"pt-BR","@id":"https:\/\/calfrenzy.com\/pt-br\/sobre\/#primaryimage","url":"https:\/\/calfrenzy.com\/wp-content\/uploads\/2025\/11\/About-Portuguese.png","contentUrl":"https:\/\/calfrenzy.com\/wp-content\/uploads\/2025\/11\/About-Portuguese.png","width":2400,"height":1260},{"@type":"BreadcrumbList","@id":"https:\/\/calfrenzy.com\/pt-br\/sobre\/#breadcrumb","itemListElement":[{"@type":"ListItem","position":1,"name":"Home","item":"https:\/\/calfrenzy.com\/pt-br\/"},{"@type":"ListItem","position":2,"name":"Sobre"}]},{"@type":"WebSite","@id":"https:\/\/calfrenzy.com\/pt-br\/#website","url":"https:\/\/calfrenzy.com\/pt-br\/","name":"Calfrenzy","description":"Easy Scheduling Across Time Zones and Organizations","publisher":{"@id":"https:\/\/calfrenzy.com\/pt-br\/#organization"},"alternateName":"calfrenzy","potentialAction":[{"@type":"SearchAction","target":{"@type":"EntryPoint","urlTemplate":"https:\/\/calfrenzy.com\/pt-br\/?s={search_term_string}"},"query-input":{"@type":"PropertyValueSpecification","valueRequired":true,"valueName":"search_term_string"}}],"inLanguage":"pt-BR"},{"@type":"Organization","@id":"https:\/\/calfrenzy.com\/pt-br\/#organization","name":"Calfrenzy","alternateName":"calfrenzy","url":"https:\/\/calfrenzy.com\/pt-br\/","logo":{"@type":"ImageObject","inLanguage":"pt-BR","@id":"https:\/\/calfrenzy.com\/pt-br\/#\/schema\/logo\/image\/","url":"https:\/\/calfrenzy.com\/wp-content\/uploads\/2024\/06\/float_6_1.svg","contentUrl":"https:\/\/calfrenzy.com\/wp-content\/uploads\/2024\/06\/float_6_1.svg","width":47,"height":50,"caption":"Calfrenzy"},"image":{"@id":"https:\/\/calfrenzy.com\/pt-br\/#\/schema\/logo\/image\/"},"sameAs":["https:\/\/www.facebook.com\/calfrenzy","https:\/\/x.com\/calfrenzy53224","https:\/\/www.youtube.com\/@Calfrenzy","https:\/\/www.linkedin.com\/company\/calfrenzy","https:\/\/www.capterra.com\/p\/10020993\/CalFrenzy\/","https:\/\/chromewebstore.google.com\/detail\/calfrenzy-free-online-app\/igmlifilbgnlaijamohaakgoacoeoidk?hl=en","https:\/\/workspace.google.com\/marketplace\/app\/calfrenzy\/369573383535","https:\/\/www.trustpilot.com\/review\/calfrenzy.com","https:\/\/www.g2.com\/products\/calfrenzy\/reviews"]}]}},"_links":{"self":[{"href":"https:\/\/calfrenzy.com\/pt-br\/wp-json\/wp\/v2\/pages\/2834","targetHints":{"allow":["GET"]}}],"collection":[{"href":"https:\/\/calfrenzy.com\/pt-br\/wp-json\/wp\/v2\/pages"}],"about":[{"href":"https:\/\/calfrenzy.com\/pt-br\/wp-json\/wp\/v2\/types\/page"}],"author":[{"embeddable":true,"href":"https:\/\/calfrenzy.com\/pt-br\/wp-json\/wp\/v2\/users\/1"}],"replies":[{"embeddable":true,"href":"https:\/\/calfrenzy.com\/pt-br\/wp-json\/wp\/v2\/comments?post=2834"}],"version-history":[{"count":14,"href":"https:\/\/calfrenzy.com\/pt-br\/wp-json\/wp\/v2\/pages\/2834\/revisions"}],"predecessor-version":[{"id":10434,"href":"https:\/\/calfrenzy.com\/pt-br\/wp-json\/wp\/v2\/pages\/2834\/revisions\/10434"}],"wp:featuredmedia":[{"embeddable":true,"href":"https:\/\/calfrenzy.com\/pt-br\/wp-json\/wp\/v2\/media\/10207"}],"wp:attachment":[{"href":"https:\/\/calfrenzy.com\/pt-br\/wp-json\/wp\/v2\/media?parent=2834"}],"curies":[{"name":"wp","href":"https:\/\/api.w.org\/{rel}","templated":true}]}}