{"id":2838,"date":"2023-11-28T14:33:09","date_gmt":"2023-11-28T14:33:09","guid":{"rendered":"https:\/\/calfrenzy.com\/?page_id=2838"},"modified":"2025-02-20T07:28:37","modified_gmt":"2025-02-20T07:28:37","slug":"entre-em-contato-com-vendas","status":"publish","type":"page","link":"https:\/\/calfrenzy.com\/pt-br\/entre-em-contato-com-vendas\/","title":{"rendered":"Entre em Contato com Vendas"},"content":{"rendered":"\n<div class=\"contact_sales\">\n<div class=\"contact_sales__content\">\n<h1 class=\"wp-block-heading\">Fale com Nossa <mark style=\"background-color:rgba(0, 0, 0, 0)\" class=\"has-inline-color has-primary-yellow-color\">Equipe de Vendas<\/mark><\/h1>\n\n\n\n<h5 class=\"wp-block-heading\"><strong>Descubra por que o Calfrenzy foi o software de agendamento que mais cresceu em 2023!<\/strong><\/h5>\n\n\n\n<ul class=\"wp-block-list\">\n<li><strong>Ajuste Autom\u00e1tico de Fuso Hor\u00e1rio:<\/strong> O Calfrenzy elimina a dificuldade de agendar reuni\u00f5es internacionais. O Calfrenzy ajusta automaticamente os fusos hor\u00e1rios, permitindo que voc\u00ea se conecte facilmente com colegas de qualquer lugar do mundo. <\/li>\n\n\n\n<li><strong>Coordena\u00e7\u00e3o de Agendamentos entre Empresas:<\/strong> Torne a gest\u00e3o de compromissos entre empresas mais simples e eficiente. Com o Calfrenzy, agendar compromissos entre empresas fica mais r\u00e1pido e sem complica\u00e7\u00e3o. <\/li>\n\n\n\n<li><strong>F\u00e1cil de Configurar, R\u00e1pido para Usar:<\/strong> Com o Calfrenzy, voc\u00ea pode come\u00e7ar a agendar em minutos e ver resultados imediatos.<\/li>\n<\/ul>\n<\/div>\n\n\n\n<div class=\"contact_sales__form\">\n<div class=\"wpcf7 no-js\" id=\"wpcf7-f2620-o1\" lang=\"pt-BR\" dir=\"ltr\" data-wpcf7-id=\"2620\">\n<div class=\"screen-reader-response\"><p role=\"status\" aria-live=\"polite\" aria-atomic=\"true\"><\/p> <ul><\/ul><\/div>\n<form action=\"\/pt-br\/wp-json\/wp\/v2\/pages\/2838#wpcf7-f2620-o1\" method=\"post\" class=\"wpcf7-form init 255c7aad8747 cmatic-conn cmatic-aud-1 cmatic-mapd0-0 cmatic-v0973 cmatic-sent-0 cmatic-total-0\" aria-label=\"Formul\u00e1rio de contato\" novalidate=\"novalidate\" data-status=\"init\">\n<fieldset class=\"hidden-fields-container\"><input type=\"hidden\" name=\"_wpcf7\" value=\"2620\" \/><input type=\"hidden\" name=\"_wpcf7_version\" value=\"6.1.4\" \/><input type=\"hidden\" name=\"_wpcf7_locale\" value=\"pt_BR\" \/><input type=\"hidden\" name=\"_wpcf7_unit_tag\" value=\"wpcf7-f2620-o1\" \/><input type=\"hidden\" name=\"_wpcf7_container_post\" value=\"0\" \/><input type=\"hidden\" name=\"_wpcf7_posted_data_hash\" value=\"\" \/><input type=\"hidden\" name=\"_wpcf7_recaptcha_response\" value=\"\" \/>\n<\/fieldset>\n<div class=\"cf7\">\n   <p class=\"cf7__heading has-x-large-font-size\"><strong>Nos conte sobre voc\u00ea e desbloqueie seu chat personalizado hoje mesmo!<\/strong><\/p>\n   <div class=\"cf7__form\">\n      <div class=\"cf7__form-item\">\n          <label>Primeiro Nome*<\/label>\n<span class=\"wpcf7-form-control-wrap\" data-name=\"first-name\"><input size=\"40\" maxlength=\"400\" class=\"wpcf7-form-control wpcf7-text wpcf7-validates-as-required\" aria-required=\"true\" aria-invalid=\"false\" placeholder=\"Insira seu primeiro nome\" value=\"\" type=\"text\" name=\"first-name\" \/><\/span>\n      <\/div>\n      <div class=\"cf7__form-item\">\n          <label>Sobrenome*<\/label>\n<span class=\"wpcf7-form-control-wrap\" data-name=\"last-name\"><input size=\"40\" maxlength=\"400\" class=\"wpcf7-form-control wpcf7-text wpcf7-validates-as-required\" aria-required=\"true\" aria-invalid=\"false\" placeholder=\"Insira seu sobrenome\" value=\"\" type=\"text\" name=\"last-name\" \/><\/span>\n      <\/div>\n      <div class=\"cf7__form-item\">\n          <label>E-mail Corporativo*<\/label>\n<span class=\"wpcf7-form-control-wrap\" data-name=\"e-mail\"><input size=\"40\" maxlength=\"400\" class=\"wpcf7-form-control wpcf7-text wpcf7-validates-as-required\" aria-required=\"true\" aria-invalid=\"false\" placeholder=\"email@exemplo.com\" value=\"\" type=\"text\" name=\"e-mail\" \/><\/span>\n      <\/div>\n      <div class=\"cf7__form-item\">\n          <label>Coment\u00e1rio<\/label>\n<span class=\"wpcf7-form-control-wrap\" data-name=\"comment\"><textarea cols=\"40\" rows=\"10\" maxlength=\"2000\" class=\"wpcf7-form-control wpcf7-textarea\" aria-invalid=\"false\" placeholder=\"Seu coment\u00e1rio\" name=\"comment\"><\/textarea><\/span>\n      <\/div>\n   <\/div>\n   <p class=\"cf7__note has-medium-font-size\">Ao clicar em enviar, voc\u00ea confirma que concorda com o processamento das suas informa\u00e7\u00f5es pessoais de acordo com nossa <a href=\"\/privacy-policy\/\">Pol\u00edtica de Privacidade<\/a>.<\/p>\n<button class=\"wpcf7-submit\" type=\"submit\">Enviar <i><\/i><\/button>\n<\/div>\n<div class=\"cf7-success\">\n<h3 class=\"wp-block-heading\">Obrigado por entrar em contato com a equipe de vendas da Calfrenzy!<\/h3>\n<p class=\"has-large-font-size\">Um de nossos representantes de vendas entrar\u00e1 em contato com voc\u00ea em breve para oferecer uma demonstra\u00e7\u00e3o personalizada e responder a quaisquer d\u00favidas que voc\u00ea possa ter.<\/p>\n<p class=\"has-large-font-size\"><strong>Bem-vindo ao futuro do agendamento sem complica\u00e7\u00f5es com a Calfrenzy!<\/strong><\/p>\n<\/div><p style=\"display: none !important;\" class=\"akismet-fields-container\" data-prefix=\"_wpcf7_ak_\"><label>&#916;<textarea name=\"_wpcf7_ak_hp_textarea\" cols=\"45\" rows=\"8\" maxlength=\"100\"><\/textarea><\/label><input type=\"hidden\" id=\"ak_js_1\" name=\"_wpcf7_ak_js\" value=\"76\"\/><script>document.getElementById( \"ak_js_1\" ).setAttribute( \"value\", ( new Date() ).getTime() );<\/script><\/p><div class=\"wpcf7-response-output\" aria-hidden=\"true\"><\/div>\n<\/form>\n<\/div>\n<\/div>\n<\/div>\n","protected":false},"excerpt":{"rendered":"","protected":false},"author":1,"featured_media":0,"parent":0,"menu_order":0,"comment_status":"closed","ping_status":"closed","template":"new_home.php","meta":{"inline_featured_image":false,"footnotes":""},"class_list":["post-2838","page","type-page","status-publish","hentry"],"yoast_head":"<!-- This site is optimized with the Yoast SEO Premium plugin v26.8 (Yoast SEO v26.8) - https:\/\/yoast.com\/product\/yoast-seo-premium-wordpress\/ -->\n<title>Fale com Nossa Equipe de Vendas | Calfrenzy<\/title>\n<meta name=\"description\" content=\"Entre em Contato com o Calfrenzy, o melhor aplicativo de agendamento. Sincroniza\u00e7\u00e3o de fusos hor\u00e1rios sem esfor\u00e7o, planejamento f\u00e1cil entre organiza\u00e7\u00f5es e configura\u00e7\u00e3o r\u00e1pida e eficaz.\" \/>\n<meta name=\"robots\" content=\"index, follow, max-snippet:-1, max-image-preview:large, max-video-preview:-1\" \/>\n<link rel=\"canonical\" href=\"https:\/\/calfrenzy.com\/pt-br\/entre-em-contato-com-vendas\/\" \/>\n<meta property=\"og:locale\" content=\"pt_BR\" \/>\n<meta property=\"og:type\" content=\"article\" \/>\n<meta property=\"og:title\" content=\"Entre em Contato com Vendas\" \/>\n<meta property=\"og:description\" content=\"Entre em Contato com o Calfrenzy, o melhor aplicativo de agendamento. Sincroniza\u00e7\u00e3o de fusos hor\u00e1rios sem esfor\u00e7o, planejamento f\u00e1cil entre organiza\u00e7\u00f5es e configura\u00e7\u00e3o r\u00e1pida e eficaz.\" \/>\n<meta property=\"og:url\" content=\"https:\/\/calfrenzy.com\/pt-br\/entre-em-contato-com-vendas\/\" \/>\n<meta property=\"og:site_name\" content=\"calfrenzy\" \/>\n<meta property=\"article:publisher\" content=\"https:\/\/www.facebook.com\/calfrenzy\" \/>\n<meta property=\"article:modified_time\" content=\"2025-02-20T07:28:37+00:00\" \/>\n<meta property=\"og:image\" content=\"https:\/\/calfrenzy.com\/wp-content\/uploads\/2024\/06\/ease_3.png\" \/>\n\t<meta property=\"og:image:width\" content=\"1620\" \/>\n\t<meta property=\"og:image:height\" content=\"632\" \/>\n\t<meta property=\"og:image:type\" content=\"image\/png\" \/>\n<meta name=\"twitter:card\" content=\"summary_large_image\" \/>\n<meta name=\"twitter:site\" content=\"@calfrenzy53224\" \/>\n<meta name=\"twitter:label1\" content=\"Tempo estimado de leitura\" \/>\n\t<meta name=\"twitter:data1\" content=\"1 minuto\" \/>\n<script type=\"application\/ld+json\" class=\"yoast-schema-graph\">{\"@context\":\"https:\/\/schema.org\",\"@graph\":[{\"@type\":\"WebPage\",\"@id\":\"https:\/\/calfrenzy.com\/pt-br\/entre-em-contato-com-vendas\/\",\"url\":\"https:\/\/calfrenzy.com\/pt-br\/entre-em-contato-com-vendas\/\",\"name\":\"Fale com Nossa Equipe de Vendas | Calfrenzy\",\"isPartOf\":{\"@id\":\"https:\/\/calfrenzy.com\/pt-br\/#website\"},\"datePublished\":\"2023-11-28T14:33:09+00:00\",\"dateModified\":\"2025-02-20T07:28:37+00:00\",\"description\":\"Entre em Contato com o Calfrenzy, o melhor aplicativo de agendamento. Sincroniza\u00e7\u00e3o de fusos hor\u00e1rios sem esfor\u00e7o, planejamento f\u00e1cil entre organiza\u00e7\u00f5es e configura\u00e7\u00e3o r\u00e1pida e eficaz.\",\"breadcrumb\":{\"@id\":\"https:\/\/calfrenzy.com\/pt-br\/entre-em-contato-com-vendas\/#breadcrumb\"},\"inLanguage\":\"pt-BR\",\"potentialAction\":[{\"@type\":\"ReadAction\",\"target\":[\"https:\/\/calfrenzy.com\/pt-br\/entre-em-contato-com-vendas\/\"]}]},{\"@type\":\"BreadcrumbList\",\"@id\":\"https:\/\/calfrenzy.com\/pt-br\/entre-em-contato-com-vendas\/#breadcrumb\",\"itemListElement\":[{\"@type\":\"ListItem\",\"position\":1,\"name\":\"Home\",\"item\":\"https:\/\/calfrenzy.com\/pt-br\/\"},{\"@type\":\"ListItem\",\"position\":2,\"name\":\"Entre em Contato com Vendas\"}]},{\"@type\":\"WebSite\",\"@id\":\"https:\/\/calfrenzy.com\/pt-br\/#website\",\"url\":\"https:\/\/calfrenzy.com\/pt-br\/\",\"name\":\"Calfrenzy\",\"description\":\"Easy Scheduling Across Time Zones and Organizations\",\"publisher\":{\"@id\":\"https:\/\/calfrenzy.com\/pt-br\/#organization\"},\"alternateName\":\"calfrenzy\",\"potentialAction\":[{\"@type\":\"SearchAction\",\"target\":{\"@type\":\"EntryPoint\",\"urlTemplate\":\"https:\/\/calfrenzy.com\/pt-br\/?s={search_term_string}\"},\"query-input\":{\"@type\":\"PropertyValueSpecification\",\"valueRequired\":true,\"valueName\":\"search_term_string\"}}],\"inLanguage\":\"pt-BR\"},{\"@type\":\"Organization\",\"@id\":\"https:\/\/calfrenzy.com\/pt-br\/#organization\",\"name\":\"Calfrenzy\",\"alternateName\":\"calfrenzy\",\"url\":\"https:\/\/calfrenzy.com\/pt-br\/\",\"logo\":{\"@type\":\"ImageObject\",\"inLanguage\":\"pt-BR\",\"@id\":\"https:\/\/calfrenzy.com\/pt-br\/#\/schema\/logo\/image\/\",\"url\":\"https:\/\/calfrenzy.com\/wp-content\/uploads\/2024\/06\/float_6_1.svg\",\"contentUrl\":\"https:\/\/calfrenzy.com\/wp-content\/uploads\/2024\/06\/float_6_1.svg\",\"width\":47,\"height\":50,\"caption\":\"Calfrenzy\"},\"image\":{\"@id\":\"https:\/\/calfrenzy.com\/pt-br\/#\/schema\/logo\/image\/\"},\"sameAs\":[\"https:\/\/www.facebook.com\/calfrenzy\",\"https:\/\/x.com\/calfrenzy53224\",\"https:\/\/www.youtube.com\/@Calfrenzy\",\"https:\/\/www.linkedin.com\/company\/calfrenzy\",\"https:\/\/www.capterra.com\/p\/10020993\/CalFrenzy\/\",\"https:\/\/chromewebstore.google.com\/detail\/calfrenzy-free-online-app\/igmlifilbgnlaijamohaakgoacoeoidk?hl=en\",\"https:\/\/workspace.google.com\/marketplace\/app\/calfrenzy\/369573383535\",\"https:\/\/www.trustpilot.com\/review\/calfrenzy.com\",\"https:\/\/www.g2.com\/products\/calfrenzy\/reviews\"]}]}<\/script>\n<!-- \/ Yoast SEO Premium plugin. -->","yoast_head_json":{"title":"Fale com Nossa Equipe de Vendas | Calfrenzy","description":"Entre em Contato com o Calfrenzy, o melhor aplicativo de agendamento. Sincroniza\u00e7\u00e3o de fusos hor\u00e1rios sem esfor\u00e7o, planejamento f\u00e1cil entre organiza\u00e7\u00f5es e configura\u00e7\u00e3o r\u00e1pida e eficaz.","robots":{"index":"index","follow":"follow","max-snippet":"max-snippet:-1","max-image-preview":"max-image-preview:large","max-video-preview":"max-video-preview:-1"},"canonical":"https:\/\/calfrenzy.com\/pt-br\/entre-em-contato-com-vendas\/","og_locale":"pt_BR","og_type":"article","og_title":"Entre em Contato com Vendas","og_description":"Entre em Contato com o Calfrenzy, o melhor aplicativo de agendamento. Sincroniza\u00e7\u00e3o de fusos hor\u00e1rios sem esfor\u00e7o, planejamento f\u00e1cil entre organiza\u00e7\u00f5es e configura\u00e7\u00e3o r\u00e1pida e eficaz.","og_url":"https:\/\/calfrenzy.com\/pt-br\/entre-em-contato-com-vendas\/","og_site_name":"calfrenzy","article_publisher":"https:\/\/www.facebook.com\/calfrenzy","article_modified_time":"2025-02-20T07:28:37+00:00","og_image":[{"width":1620,"height":632,"url":"https:\/\/calfrenzy.com\/wp-content\/uploads\/2024\/06\/ease_3.png","type":"image\/png"}],"twitter_card":"summary_large_image","twitter_site":"@calfrenzy53224","twitter_misc":{"Tempo estimado de leitura":"1 minuto"},"schema":{"@context":"https:\/\/schema.org","@graph":[{"@type":"WebPage","@id":"https:\/\/calfrenzy.com\/pt-br\/entre-em-contato-com-vendas\/","url":"https:\/\/calfrenzy.com\/pt-br\/entre-em-contato-com-vendas\/","name":"Fale com Nossa Equipe de Vendas | Calfrenzy","isPartOf":{"@id":"https:\/\/calfrenzy.com\/pt-br\/#website"},"datePublished":"2023-11-28T14:33:09+00:00","dateModified":"2025-02-20T07:28:37+00:00","description":"Entre em Contato com o Calfrenzy, o melhor aplicativo de agendamento. Sincroniza\u00e7\u00e3o de fusos hor\u00e1rios sem esfor\u00e7o, planejamento f\u00e1cil entre organiza\u00e7\u00f5es e configura\u00e7\u00e3o r\u00e1pida e eficaz.","breadcrumb":{"@id":"https:\/\/calfrenzy.com\/pt-br\/entre-em-contato-com-vendas\/#breadcrumb"},"inLanguage":"pt-BR","potentialAction":[{"@type":"ReadAction","target":["https:\/\/calfrenzy.com\/pt-br\/entre-em-contato-com-vendas\/"]}]},{"@type":"BreadcrumbList","@id":"https:\/\/calfrenzy.com\/pt-br\/entre-em-contato-com-vendas\/#breadcrumb","itemListElement":[{"@type":"ListItem","position":1,"name":"Home","item":"https:\/\/calfrenzy.com\/pt-br\/"},{"@type":"ListItem","position":2,"name":"Entre em Contato com Vendas"}]},{"@type":"WebSite","@id":"https:\/\/calfrenzy.com\/pt-br\/#website","url":"https:\/\/calfrenzy.com\/pt-br\/","name":"Calfrenzy","description":"Easy Scheduling Across Time Zones and Organizations","publisher":{"@id":"https:\/\/calfrenzy.com\/pt-br\/#organization"},"alternateName":"calfrenzy","potentialAction":[{"@type":"SearchAction","target":{"@type":"EntryPoint","urlTemplate":"https:\/\/calfrenzy.com\/pt-br\/?s={search_term_string}"},"query-input":{"@type":"PropertyValueSpecification","valueRequired":true,"valueName":"search_term_string"}}],"inLanguage":"pt-BR"},{"@type":"Organization","@id":"https:\/\/calfrenzy.com\/pt-br\/#organization","name":"Calfrenzy","alternateName":"calfrenzy","url":"https:\/\/calfrenzy.com\/pt-br\/","logo":{"@type":"ImageObject","inLanguage":"pt-BR","@id":"https:\/\/calfrenzy.com\/pt-br\/#\/schema\/logo\/image\/","url":"https:\/\/calfrenzy.com\/wp-content\/uploads\/2024\/06\/float_6_1.svg","contentUrl":"https:\/\/calfrenzy.com\/wp-content\/uploads\/2024\/06\/float_6_1.svg","width":47,"height":50,"caption":"Calfrenzy"},"image":{"@id":"https:\/\/calfrenzy.com\/pt-br\/#\/schema\/logo\/image\/"},"sameAs":["https:\/\/www.facebook.com\/calfrenzy","https:\/\/x.com\/calfrenzy53224","https:\/\/www.youtube.com\/@Calfrenzy","https:\/\/www.linkedin.com\/company\/calfrenzy","https:\/\/www.capterra.com\/p\/10020993\/CalFrenzy\/","https:\/\/chromewebstore.google.com\/detail\/calfrenzy-free-online-app\/igmlifilbgnlaijamohaakgoacoeoidk?hl=en","https:\/\/workspace.google.com\/marketplace\/app\/calfrenzy\/369573383535","https:\/\/www.trustpilot.com\/review\/calfrenzy.com","https:\/\/www.g2.com\/products\/calfrenzy\/reviews"]}]}},"_links":{"self":[{"href":"https:\/\/calfrenzy.com\/pt-br\/wp-json\/wp\/v2\/pages\/2838","targetHints":{"allow":["GET"]}}],"collection":[{"href":"https:\/\/calfrenzy.com\/pt-br\/wp-json\/wp\/v2\/pages"}],"about":[{"href":"https:\/\/calfrenzy.com\/pt-br\/wp-json\/wp\/v2\/types\/page"}],"author":[{"embeddable":true,"href":"https:\/\/calfrenzy.com\/pt-br\/wp-json\/wp\/v2\/users\/1"}],"replies":[{"embeddable":true,"href":"https:\/\/calfrenzy.com\/pt-br\/wp-json\/wp\/v2\/comments?post=2838"}],"version-history":[{"count":5,"href":"https:\/\/calfrenzy.com\/pt-br\/wp-json\/wp\/v2\/pages\/2838\/revisions"}],"predecessor-version":[{"id":5547,"href":"https:\/\/calfrenzy.com\/pt-br\/wp-json\/wp\/v2\/pages\/2838\/revisions\/5547"}],"wp:attachment":[{"href":"https:\/\/calfrenzy.com\/pt-br\/wp-json\/wp\/v2\/media?parent=2838"}],"curies":[{"name":"wp","href":"https:\/\/api.w.org\/{rel}","templated":true}]}}