{"id":2936,"date":"2024-10-28T10:37:19","date_gmt":"2024-10-28T10:37:19","guid":{"rendered":"https:\/\/calfrenzy.com\/?page_id=2936"},"modified":"2025-07-14T09:14:32","modified_gmt":"2025-07-14T09:14:32","slug":"integracoes","status":"publish","type":"page","link":"https:\/\/calfrenzy.com\/pt-br\/integracoes\/","title":{"rendered":"Integra\u00e7\u00f5es"},"content":{"rendered":"\n<div class=\"wp-block-cf-integrations-banner wrapper_integrations_banner\"><div class=\"integrations_banner\">\n<div class=\"integrations_banner__content\">\n<h1 class=\"wp-block-heading\" id=\"h-calfrenzy-integrations\"><mark style=\"background-color:rgba(0, 0, 0, 0)\" class=\"has-inline-color has-base-green-right-color\">Integra\u00e7\u00f5es<\/mark> do <mark style=\"background-color:rgba(0, 0, 0, 0)\" class=\"has-inline-color has-primary-yellow-color\">Calfrenzy<\/mark><\/h1>\n\n\n\n<p class=\"mobile_align_center\">Aprimore a experi\u00eancia do cliente e automatize seu fluxo de trabalho. O Calfrenzy se integra a calend\u00e1rios, ferramentas de videoconfer\u00eancia, sistemas de pagamento e muito mais. <\/p>\n\n\n\n<div class=\"wp-block-button\"><a class=\"wp-block-button__link wp-element-button\" href=\"https:\/\/schedule.calfrenzy.com\/auth\/sign-up?step=1\">Comece Gr\u00e1tis<\/a><\/div>\n<\/div>\n\n\n\n<div class=\"integrations_banner__image\">\n<figure class=\"wp-block-image size-large\"><img decoding=\"async\" width=\"1024\" height=\"763\" src=\"https:\/\/calfrenzy.com\/wp-content\/uploads\/2024\/10\/integrations-banner-1024x763.png\" alt=\"Overview of Calfrenzy's integrations with calendars, video conferencing tools, and payment systems.\" class=\"wp-image-1189\" srcset=\"https:\/\/calfrenzy.com\/wp-content\/uploads\/2024\/10\/integrations-banner-1024x763.png 1024w, https:\/\/calfrenzy.com\/wp-content\/uploads\/2024\/10\/integrations-banner-300x224.png 300w, https:\/\/calfrenzy.com\/wp-content\/uploads\/2024\/10\/integrations-banner-768x572.png 768w, https:\/\/calfrenzy.com\/wp-content\/uploads\/2024\/10\/integrations-banner.png 1406w\" sizes=\"(max-width: 1024px) 100vw, 1024px\" \/><\/figure>\n<\/div>\n<\/div><\/div>\n\n<div class=\"wp-block-cf-integrations-items wrapper_integrations_items\"><div class=\"style_1 integrations_items\">\n<div class=\"integrations_items__text_item\">\n<h2 class=\"wp-block-heading\" id=\"h-calendars\">Calend\u00e1rios Compat\u00edveis<br\/><\/h2>\n\n\n\n<p>Evite agendamentos duplicados e mantenha seus compromissos sincronizados com o Calfrenzy.<\/p>\n<\/div>\n\n\n\n<div class=\"integrations_items__item\">\n<figure class=\"wp-block-image size-full\"><img decoding=\"async\" width=\"240\" height=\"240\" src=\"https:\/\/calfrenzy.com\/wp-content\/uploads\/2025\/02\/google-calendar.png\" alt=\"Integra&#xE7;&#xE3;o da Calfrenzy com o Google Calendar\" class=\"wp-image-5610\" srcset=\"https:\/\/calfrenzy.com\/wp-content\/uploads\/2025\/02\/google-calendar.png 240w, https:\/\/calfrenzy.com\/wp-content\/uploads\/2025\/02\/google-calendar-150x150.png 150w\" sizes=\"(max-width: 240px) 100vw, 240px\" \/><\/figure>\n\n\n\n<h3 class=\"wp-block-heading\" id=\"h-google-calendar\">Google Agenda<\/h3>\n<\/div>\n\n\n\n<div class=\"integrations_items__item\">\n<figure class=\"wp-block-image size-full\"><img decoding=\"async\" width=\"240\" height=\"240\" src=\"https:\/\/calfrenzy.com\/wp-content\/uploads\/2025\/02\/outlook-calendar.png\" alt=\"Integra&#xE7;&#xE3;o da Calfrenzy com o Outlook Calendar\" class=\"wp-image-5612\" srcset=\"https:\/\/calfrenzy.com\/wp-content\/uploads\/2025\/02\/outlook-calendar.png 240w, https:\/\/calfrenzy.com\/wp-content\/uploads\/2025\/02\/outlook-calendar-150x150.png 150w\" sizes=\"(max-width: 240px) 100vw, 240px\" \/><\/figure>\n\n\n\n<h3 class=\"wp-block-heading\" id=\"h-outlook-calendar\">Calend\u00e1rio do Outlook<\/h3>\n<\/div>\n\n\n\n<div class=\"integrations_items__item\">\n<figure class=\"wp-block-image size-full\"><img decoding=\"async\" width=\"240\" height=\"240\" src=\"https:\/\/calfrenzy.com\/wp-content\/uploads\/2025\/02\/microsoft-calendar.png\" alt=\"Integra&#xE7;&#xE3;o da Calfrenzy com o Microsoft 365 Calendar\" class=\"wp-image-5614\" srcset=\"https:\/\/calfrenzy.com\/wp-content\/uploads\/2025\/02\/microsoft-calendar.png 240w, https:\/\/calfrenzy.com\/wp-content\/uploads\/2025\/02\/microsoft-calendar-150x150.png 150w\" sizes=\"(max-width: 240px) 100vw, 240px\" \/><\/figure>\n\n\n\n<h3 class=\"wp-block-heading\" id=\"h-microsoft-365-calendar\">Microsoft 365 Calendar<\/h3>\n<\/div>\n\n\n\n<div class=\"integrations_items__item\">\n<figure class=\"wp-block-image size-full\"><img decoding=\"async\" width=\"240\" height=\"240\" src=\"https:\/\/calfrenzy.com\/wp-content\/uploads\/2025\/02\/cloud-MS-exchange-calendar.png\" alt=\"Integra&#xE7;&#xE3;o da Calfrenzy com o MS Exchange Calendar (Cloud)\" class=\"wp-image-5615\" srcset=\"https:\/\/calfrenzy.com\/wp-content\/uploads\/2025\/02\/cloud-MS-exchange-calendar.png 240w, https:\/\/calfrenzy.com\/wp-content\/uploads\/2025\/02\/cloud-MS-exchange-calendar-150x150.png 150w\" sizes=\"(max-width: 240px) 100vw, 240px\" \/><\/figure>\n\n\n\n<h3 class=\"wp-block-heading\" id=\"h-cloud-ms-exchange-calendar\">Calend\u00e1rio do Microsoft Exchange na Nuvem<\/h3>\n<\/div>\n\n\n\n<div class=\"integrations_items__item\">\n<figure class=\"wp-block-image size-full\"><img decoding=\"async\" width=\"240\" height=\"240\" src=\"https:\/\/calfrenzy.com\/wp-content\/uploads\/2025\/02\/iCloud-calendar-.png\" alt=\"Integra&#xE7;&#xE3;o da Calfrenzy com o iCloud Calendar\" class=\"wp-image-5616\" srcset=\"https:\/\/calfrenzy.com\/wp-content\/uploads\/2025\/02\/iCloud-calendar-.png 240w, https:\/\/calfrenzy.com\/wp-content\/uploads\/2025\/02\/iCloud-calendar--150x150.png 150w\" sizes=\"(max-width: 240px) 100vw, 240px\" \/><\/figure>\n\n\n\n<h3 class=\"wp-block-heading\" id=\"h-icloud-calendar\">Calend\u00e1rio do iCloud<\/h3>\n<\/div>\n<\/div><\/div>\n\n<div class=\"wp-block-cf-features-block wrapper_features_block\"><div class=\"features_block left\">\n<div class=\"features_block__content\">\n<h2 class=\"wp-block-heading\" id=\"h-video-conferencing\">Videoconfer\u00eancia<\/h2>\n\n\n\n<p>Conecte-se facilmente com qualquer pessoa no mundo e adicione reuni\u00f5es automaticamente \u00e0 sua agenda.<\/p>\n\n\n\n<div class=\"features_block__content-integrations\">\n<div class=\"features_block__content-integrations--item\">\n<figure class=\"wp-block-image size-full\"><img decoding=\"async\" width=\"120\" height=\"120\" src=\"https:\/\/calfrenzy.com\/wp-content\/uploads\/2025\/02\/Google-Meet.png\" alt=\"Google Meet\" class=\"wp-image-5617\"\/><\/figure>\n\n\n\n<h3 class=\"wp-block-heading\" id=\"h-google-meet-integration\">Integra\u00e7\u00e3o com o Google Meet<\/h3>\n<\/div>\n\n\n\n<div class=\"features_block__content-integrations--item\">\n<figure class=\"wp-block-image size-full\"><img decoding=\"async\" width=\"120\" height=\"120\" src=\"https:\/\/calfrenzy.com\/wp-content\/uploads\/2025\/02\/Microsoft-Teams.png\" alt=\"Microsoft Teams\" class=\"wp-image-5618\"\/><\/figure>\n\n\n\n<h3 class=\"wp-block-heading\" id=\"h-microsoft-teams-integration\">Integra\u00e7\u00e3o com o Microsoft Teams<\/h3>\n<\/div>\n\n\n\n<div class=\"features_block__content-integrations--item\">\n<figure class=\"wp-block-image size-full\"><img decoding=\"async\" width=\"120\" height=\"120\" src=\"https:\/\/calfrenzy.com\/wp-content\/uploads\/2025\/02\/Zoom.png\" alt=\"Zoom\" class=\"wp-image-5619\"\/><\/figure>\n\n\n\n<h3 class=\"wp-block-heading\" id=\"h-zoom-integration\">Integra\u00e7\u00e3o com o Zoom<\/h3>\n<\/div>\n<\/div>\n<\/div>\n\n\n\n<div class=\"features_block__image\">\n<figure class=\"wp-block-image size-large\"><img decoding=\"async\" src=\"https:\/\/calfrenzy.com\/wp-content\/uploads\/2025\/04\/Video-Conferencing-Portuguese-1024x748.png\" alt=\"Image showing options for video conferencing using Google meet, Microsoft Teams and Zoom. \" class=\"wp-image-1705\"\/><\/figure>\n<\/div>\n<\/div><\/div>\n\n<div class=\"wp-block-cf-features-block wrapper_features_block\"><div class=\"features_block right\">\n<div class=\"features_block__content\">\n<h2 class=\"wp-block-heading\" id=\"h-payments\">Pagamentos Seguros<\/h2>\n\n\n\n<p>A <a href=\"https:\/\/calfrenzy.com\/pt-br\/?page_id=7702\">integra\u00e7\u00e3o com pagamentos<\/a> da Calfrenzy permite que voc\u00ea receba de forma segura no momento do agendamento. <\/p>\n\n\n\n<p>Seja cobrando antecipadamente ou exigindo um dep\u00f3sito, voc\u00ea pode automatizar o processo para reduzir faltas e oferecer uma experi\u00eancia de agendamento mais fluida e profissional.<\/p>\n\n\n\n<div class=\"features_block__content-integrations\">\n<div class=\"features_block__content-integrations--item\">\n<figure class=\"wp-block-image size-full\"><img decoding=\"async\" width=\"120\" height=\"120\" src=\"https:\/\/calfrenzy.com\/wp-content\/uploads\/2025\/02\/Integrations-Stripe.png\" alt=\"Stripe\" class=\"wp-image-5620\"\/><\/figure>\n\n\n\n<h3 class=\"wp-block-heading\" id=\"h-stripe-integration\">Integra\u00e7\u00e3o com Stripe<\/h3>\n<\/div>\n<\/div>\n<\/div>\n\n\n\n<div class=\"features_block__image\">\n<figure class=\"wp-block-image size-full\"><img decoding=\"async\" src=\"https:\/\/calfrenzy.com\/wp-content\/uploads\/2025\/04\/Online-Payments-Portuguese.png\" alt=\"Collect secure payments in advance through Calfrenzy's Stripe integration.\" class=\"wp-image-1727\"\/><\/figure>\n<\/div>\n<\/div><\/div>\n\n<div class=\"wp-block-cf-integrations-items wrapper_integrations_items\"><div class=\"style_2 integrations_items\">\n<div class=\"integrations_items__text_item\">\n<h2 class=\"wp-block-heading\" id=\"h-more-powerful-integrations\">Mais Integra\u00e7\u00f5es Poderosas<br\/><\/h2>\n\n\n\n<p>Ferramentas adicionais para otimizar o atendimento ao cliente e aumentar a produtividade.<br\/><\/p>\n<\/div>\n\n\n\n<div class=\"integrations_items__item\">\n<figure class=\"wp-block-image size-full\"><img decoding=\"async\" width=\"240\" height=\"240\" src=\"https:\/\/calfrenzy.com\/wp-content\/uploads\/2025\/02\/Google-Analytics.png\" alt=\"Google Analytics\" class=\"wp-image-5621\" srcset=\"https:\/\/calfrenzy.com\/wp-content\/uploads\/2025\/02\/Google-Analytics.png 240w, https:\/\/calfrenzy.com\/wp-content\/uploads\/2025\/02\/Google-Analytics-150x150.png 150w\" sizes=\"(max-width: 240px) 100vw, 240px\" \/><\/figure>\n\n\n\n<h3 class=\"wp-block-heading\" id=\"h-google-analytics-coming-soon\">Google Analytics <strong>(em breve)<\/strong><\/h3>\n<\/div>\n\n\n\n<div class=\"integrations_items__item\">\n<figure class=\"wp-block-image size-full\"><img decoding=\"async\" width=\"240\" height=\"240\" src=\"https:\/\/calfrenzy.com\/wp-content\/uploads\/2025\/02\/Google-Chrome.png\" alt=\"Extens&#xE3;o do Calfrenzy para Chrome\" class=\"wp-image-5622\" srcset=\"https:\/\/calfrenzy.com\/wp-content\/uploads\/2025\/02\/Google-Chrome.png 240w, https:\/\/calfrenzy.com\/wp-content\/uploads\/2025\/02\/Google-Chrome-150x150.png 150w\" sizes=\"(max-width: 240px) 100vw, 240px\" \/><\/figure>\n\n\n\n<h3 class=\"wp-block-heading\" id=\"h-calfrenzy-for-chrome\"><a href=\"https:\/\/chromewebstore.google.com\/detail\/calfrenzy-free-online-app\/igmlifilbgnlaijamohaakgoacoeoidk\">Extens\u00e3o do Calfrenzy para Chrome<\/a><\/h3>\n<\/div>\n\n\n\n<div class=\"integrations_items__item\">\n<figure class=\"wp-block-image size-full\"><img decoding=\"async\" width=\"240\" height=\"240\" src=\"https:\/\/calfrenzy.com\/wp-content\/uploads\/2025\/02\/Calfrenzy-for-Gmail.png\" alt=\"Extens&#xE3;o do Calfrenzy para Gmail\" class=\"wp-image-5623\" srcset=\"https:\/\/calfrenzy.com\/wp-content\/uploads\/2025\/02\/Calfrenzy-for-Gmail.png 240w, https:\/\/calfrenzy.com\/wp-content\/uploads\/2025\/02\/Calfrenzy-for-Gmail-150x150.png 150w\" sizes=\"(max-width: 240px) 100vw, 240px\" \/><\/figure>\n\n\n\n<h3 class=\"wp-block-heading\" id=\"h-calfrenzy-for-gmail\">Extens\u00e3o do Calfrenzy para Gmail<\/h3>\n<\/div>\n\n\n\n<div class=\"integrations_items__item\">\n<figure class=\"wp-block-image size-full\"><img decoding=\"async\" width=\"240\" height=\"240\" src=\"https:\/\/calfrenzy.com\/wp-content\/uploads\/2025\/02\/Calfrenzy-for-LinkedIn.png\" alt=\"Extens&#xE3;o do Calfrenzy para LinkedIn\" class=\"wp-image-5624\" srcset=\"https:\/\/calfrenzy.com\/wp-content\/uploads\/2025\/02\/Calfrenzy-for-LinkedIn.png 240w, https:\/\/calfrenzy.com\/wp-content\/uploads\/2025\/02\/Calfrenzy-for-LinkedIn-150x150.png 150w\" sizes=\"(max-width: 240px) 100vw, 240px\" \/><\/figure>\n\n\n\n<h3 class=\"wp-block-heading\" id=\"h-calfrenzy-for-linkedin\">Extens\u00e3o do Calfrenzy para LinkedIn<\/h3>\n<\/div>\n\n\n\n<div class=\"integrations_items__item\">\n<figure class=\"wp-block-image size-full\"><img decoding=\"async\" width=\"240\" height=\"240\" src=\"https:\/\/calfrenzy.com\/wp-content\/uploads\/2025\/02\/Google-Contacts.png\" alt=\"Sincroniza&#xE7;&#xE3;o com Contatos do Google\" class=\"wp-image-5625\" srcset=\"https:\/\/calfrenzy.com\/wp-content\/uploads\/2025\/02\/Google-Contacts.png 240w, https:\/\/calfrenzy.com\/wp-content\/uploads\/2025\/02\/Google-Contacts-150x150.png 150w\" sizes=\"(max-width: 240px) 100vw, 240px\" \/><\/figure>\n\n\n\n<h3 class=\"wp-block-heading\" id=\"h-google-contacts\">Sincroniza\u00e7\u00e3o com Contatos do Google<\/h3>\n<\/div>\n<\/div><\/div>\n\n<div class=\"wp-block-cf-features-block wrapper_features_block\"><div class=\"features_block left\">\n<div class=\"features_block__content\">\n<h2 class=\"wp-block-heading\" id=\"h-give-us-a-suggestion\">Sugira uma Integra\u00e7\u00e3o<br\/><\/h2>\n\n\n\n<p class=\"mobile_align_center\">Diga-nos quais integra\u00e7\u00f5es voc\u00ea gostaria de ver no Calfrenzy.<\/p>\n\n\n\n<div class=\"link_with_arrow\"><a class=\"link_with_arrow\" href=\"https:\/\/calfrenzy.com\/pt-br\/suporte\/\" data-target=\"\"><span>Acesse Nossa Central de Suporte<br><\/span><i class=\"icon icon-arrow-right\"><\/i><\/a><\/div>\n<\/div>\n\n\n\n<div class=\"features_block__image\">\n<figure class=\"wp-block-image size-full\"><img decoding=\"async\" src=\"https:\/\/calfrenzy.com\/wp-content\/uploads\/2025\/04\/Give-Us-a-Suggestion-Portuguese.png\" alt=\"Submit suggestions for new integrations to enhance Calfrenzy's functionality.\" class=\"wp-image-1735\"\/><\/figure>\n<\/div>\n<\/div><\/div>\n\n<div class=\"wp-block-cf-yellow-cta wrapper_yellow_cta\"><div class=\"yellow_cta\"><div class=\"yellow_cta__content\">\n<h2 class=\"wp-block-heading has-text-align-center\" id=\"h-sign-up-is-easy-90-seconds\">Cadastrar-se \u00e9 F\u00e1cil <strong>90 Segundos<\/strong><\/h2>\n\n\n\n<p class=\"has-text-align-center\">Quer agendar sem complica\u00e7\u00e3o?<br\/>Voc\u00ea pode se <strong>registrar, conectar seu calend\u00e1rio e come\u00e7ar a agendar<\/strong> em apenas <strong>90 segundos<\/strong>.<br\/>\u00c9 simples assim.<\/p>\n\n\n\n<div class=\"wp-block-button\"><a class=\"wp-block-button__link wp-element-button\" href=\"https:\/\/schedule.calfrenzy.com\/auth\/sign-up?step=1\">Comece Gr\u00e1tis<\/a><\/div>\n<\/div><\/div><\/div>\n","protected":false},"excerpt":{"rendered":"","protected":false},"author":1,"featured_media":10243,"parent":0,"menu_order":0,"comment_status":"closed","ping_status":"closed","template":"","meta":{"inline_featured_image":false,"footnotes":""},"class_list":["post-2936","page","type-page","status-publish","has-post-thumbnail","hentry"],"yoast_head":"<!-- This site is optimized with the Yoast SEO Premium plugin v26.8 (Yoast SEO v26.8) - https:\/\/yoast.com\/product\/yoast-seo-premium-wordpress\/ -->\n<title>Integra\u00e7\u00f5es - Calfrenzy<\/title>\n<meta name=\"description\" content=\"Integre o agendador de reuni\u00f5es Calfrenzy com suas ferramentas favoritas: sincroniza\u00e7\u00e3o com o Google Calendar, Stripe, videoconfer\u00eancia e muitos outros aplicativos.\" \/>\n<meta name=\"robots\" content=\"index, follow, max-snippet:-1, max-image-preview:large, max-video-preview:-1\" \/>\n<link rel=\"canonical\" href=\"https:\/\/calfrenzy.com\/pt-br\/integracoes\/\" \/>\n<meta property=\"og:locale\" content=\"pt_BR\" \/>\n<meta property=\"og:type\" content=\"article\" \/>\n<meta property=\"og:title\" content=\"Integra\u00e7\u00f5es\" \/>\n<meta property=\"og:description\" content=\"Integre o agendador de reuni\u00f5es Calfrenzy com suas ferramentas favoritas: sincroniza\u00e7\u00e3o com o Google Calendar, Stripe, videoconfer\u00eancia e muitos outros aplicativos.\" \/>\n<meta property=\"og:url\" content=\"https:\/\/calfrenzy.com\/pt-br\/integracoes\/\" \/>\n<meta property=\"og:site_name\" content=\"calfrenzy\" \/>\n<meta property=\"article:publisher\" content=\"https:\/\/www.facebook.com\/calfrenzy\" \/>\n<meta property=\"article:modified_time\" content=\"2025-07-14T09:14:32+00:00\" \/>\n<meta property=\"og:image\" content=\"https:\/\/calfrenzy.com\/wp-content\/uploads\/2024\/10\/integrations-banner-1024x763.png\" \/>\n<meta name=\"twitter:card\" content=\"summary_large_image\" \/>\n<meta name=\"twitter:site\" content=\"@calfrenzy53224\" \/>\n<meta name=\"twitter:label1\" content=\"Tempo estimado de leitura\" \/>\n\t<meta name=\"twitter:data1\" content=\"1 minuto\" \/>\n<script type=\"application\/ld+json\" class=\"yoast-schema-graph\">{\"@context\":\"https:\/\/schema.org\",\"@graph\":[{\"@type\":\"WebPage\",\"@id\":\"https:\/\/calfrenzy.com\/pt-br\/integracoes\/\",\"url\":\"https:\/\/calfrenzy.com\/pt-br\/integracoes\/\",\"name\":\"Integra\u00e7\u00f5es - Calfrenzy\",\"isPartOf\":{\"@id\":\"https:\/\/calfrenzy.com\/pt-br\/#website\"},\"primaryImageOfPage\":{\"@id\":\"https:\/\/calfrenzy.com\/pt-br\/integracoes\/#primaryimage\"},\"image\":{\"@id\":\"https:\/\/calfrenzy.com\/pt-br\/integracoes\/#primaryimage\"},\"thumbnailUrl\":\"https:\/\/calfrenzy.com\/wp-content\/uploads\/2025\/11\/Integrations-Portuguese.png\",\"datePublished\":\"2024-10-28T10:37:19+00:00\",\"dateModified\":\"2025-07-14T09:14:32+00:00\",\"description\":\"Integre o agendador de reuni\u00f5es Calfrenzy com suas ferramentas favoritas: sincroniza\u00e7\u00e3o com o Google Calendar, Stripe, videoconfer\u00eancia e muitos outros aplicativos.\",\"breadcrumb\":{\"@id\":\"https:\/\/calfrenzy.com\/pt-br\/integracoes\/#breadcrumb\"},\"inLanguage\":\"pt-BR\",\"potentialAction\":[{\"@type\":\"ReadAction\",\"target\":[\"https:\/\/calfrenzy.com\/pt-br\/integracoes\/\"]}]},{\"@type\":\"ImageObject\",\"inLanguage\":\"pt-BR\",\"@id\":\"https:\/\/calfrenzy.com\/pt-br\/integracoes\/#primaryimage\",\"url\":\"https:\/\/calfrenzy.com\/wp-content\/uploads\/2025\/11\/Integrations-Portuguese.png\",\"contentUrl\":\"https:\/\/calfrenzy.com\/wp-content\/uploads\/2025\/11\/Integrations-Portuguese.png\",\"width\":1200,\"height\":630},{\"@type\":\"BreadcrumbList\",\"@id\":\"https:\/\/calfrenzy.com\/pt-br\/integracoes\/#breadcrumb\",\"itemListElement\":[{\"@type\":\"ListItem\",\"position\":1,\"name\":\"Home\",\"item\":\"https:\/\/calfrenzy.com\/pt-br\/\"},{\"@type\":\"ListItem\",\"position\":2,\"name\":\"Integra\u00e7\u00f5es\"}]},{\"@type\":\"WebSite\",\"@id\":\"https:\/\/calfrenzy.com\/pt-br\/#website\",\"url\":\"https:\/\/calfrenzy.com\/pt-br\/\",\"name\":\"Calfrenzy\",\"description\":\"Easy Scheduling Across Time Zones and Organizations\",\"publisher\":{\"@id\":\"https:\/\/calfrenzy.com\/pt-br\/#organization\"},\"alternateName\":\"calfrenzy\",\"potentialAction\":[{\"@type\":\"SearchAction\",\"target\":{\"@type\":\"EntryPoint\",\"urlTemplate\":\"https:\/\/calfrenzy.com\/pt-br\/?s={search_term_string}\"},\"query-input\":{\"@type\":\"PropertyValueSpecification\",\"valueRequired\":true,\"valueName\":\"search_term_string\"}}],\"inLanguage\":\"pt-BR\"},{\"@type\":\"Organization\",\"@id\":\"https:\/\/calfrenzy.com\/pt-br\/#organization\",\"name\":\"Calfrenzy\",\"alternateName\":\"calfrenzy\",\"url\":\"https:\/\/calfrenzy.com\/pt-br\/\",\"logo\":{\"@type\":\"ImageObject\",\"inLanguage\":\"pt-BR\",\"@id\":\"https:\/\/calfrenzy.com\/pt-br\/#\/schema\/logo\/image\/\",\"url\":\"https:\/\/calfrenzy.com\/wp-content\/uploads\/2024\/06\/float_6_1.svg\",\"contentUrl\":\"https:\/\/calfrenzy.com\/wp-content\/uploads\/2024\/06\/float_6_1.svg\",\"width\":47,\"height\":50,\"caption\":\"Calfrenzy\"},\"image\":{\"@id\":\"https:\/\/calfrenzy.com\/pt-br\/#\/schema\/logo\/image\/\"},\"sameAs\":[\"https:\/\/www.facebook.com\/calfrenzy\",\"https:\/\/x.com\/calfrenzy53224\",\"https:\/\/www.youtube.com\/@Calfrenzy\",\"https:\/\/www.linkedin.com\/company\/calfrenzy\",\"https:\/\/www.capterra.com\/p\/10020993\/CalFrenzy\/\",\"https:\/\/chromewebstore.google.com\/detail\/calfrenzy-free-online-app\/igmlifilbgnlaijamohaakgoacoeoidk?hl=en\",\"https:\/\/workspace.google.com\/marketplace\/app\/calfrenzy\/369573383535\",\"https:\/\/www.trustpilot.com\/review\/calfrenzy.com\",\"https:\/\/www.g2.com\/products\/calfrenzy\/reviews\"]}]}<\/script>\n<!-- \/ Yoast SEO Premium plugin. -->","yoast_head_json":{"title":"Integra\u00e7\u00f5es - Calfrenzy","description":"Integre o agendador de reuni\u00f5es Calfrenzy com suas ferramentas favoritas: sincroniza\u00e7\u00e3o com o Google Calendar, Stripe, videoconfer\u00eancia e muitos outros aplicativos.","robots":{"index":"index","follow":"follow","max-snippet":"max-snippet:-1","max-image-preview":"max-image-preview:large","max-video-preview":"max-video-preview:-1"},"canonical":"https:\/\/calfrenzy.com\/pt-br\/integracoes\/","og_locale":"pt_BR","og_type":"article","og_title":"Integra\u00e7\u00f5es","og_description":"Integre o agendador de reuni\u00f5es Calfrenzy com suas ferramentas favoritas: sincroniza\u00e7\u00e3o com o Google Calendar, Stripe, videoconfer\u00eancia e muitos outros aplicativos.","og_url":"https:\/\/calfrenzy.com\/pt-br\/integracoes\/","og_site_name":"calfrenzy","article_publisher":"https:\/\/www.facebook.com\/calfrenzy","article_modified_time":"2025-07-14T09:14:32+00:00","og_image":[{"url":"https:\/\/calfrenzy.com\/wp-content\/uploads\/2024\/10\/integrations-banner-1024x763.png","type":"","width":"","height":""}],"twitter_card":"summary_large_image","twitter_site":"@calfrenzy53224","twitter_misc":{"Tempo estimado de leitura":"1 minuto"},"schema":{"@context":"https:\/\/schema.org","@graph":[{"@type":"WebPage","@id":"https:\/\/calfrenzy.com\/pt-br\/integracoes\/","url":"https:\/\/calfrenzy.com\/pt-br\/integracoes\/","name":"Integra\u00e7\u00f5es - Calfrenzy","isPartOf":{"@id":"https:\/\/calfrenzy.com\/pt-br\/#website"},"primaryImageOfPage":{"@id":"https:\/\/calfrenzy.com\/pt-br\/integracoes\/#primaryimage"},"image":{"@id":"https:\/\/calfrenzy.com\/pt-br\/integracoes\/#primaryimage"},"thumbnailUrl":"https:\/\/calfrenzy.com\/wp-content\/uploads\/2025\/11\/Integrations-Portuguese.png","datePublished":"2024-10-28T10:37:19+00:00","dateModified":"2025-07-14T09:14:32+00:00","description":"Integre o agendador de reuni\u00f5es Calfrenzy com suas ferramentas favoritas: sincroniza\u00e7\u00e3o com o Google Calendar, Stripe, videoconfer\u00eancia e muitos outros aplicativos.","breadcrumb":{"@id":"https:\/\/calfrenzy.com\/pt-br\/integracoes\/#breadcrumb"},"inLanguage":"pt-BR","potentialAction":[{"@type":"ReadAction","target":["https:\/\/calfrenzy.com\/pt-br\/integracoes\/"]}]},{"@type":"ImageObject","inLanguage":"pt-BR","@id":"https:\/\/calfrenzy.com\/pt-br\/integracoes\/#primaryimage","url":"https:\/\/calfrenzy.com\/wp-content\/uploads\/2025\/11\/Integrations-Portuguese.png","contentUrl":"https:\/\/calfrenzy.com\/wp-content\/uploads\/2025\/11\/Integrations-Portuguese.png","width":1200,"height":630},{"@type":"BreadcrumbList","@id":"https:\/\/calfrenzy.com\/pt-br\/integracoes\/#breadcrumb","itemListElement":[{"@type":"ListItem","position":1,"name":"Home","item":"https:\/\/calfrenzy.com\/pt-br\/"},{"@type":"ListItem","position":2,"name":"Integra\u00e7\u00f5es"}]},{"@type":"WebSite","@id":"https:\/\/calfrenzy.com\/pt-br\/#website","url":"https:\/\/calfrenzy.com\/pt-br\/","name":"Calfrenzy","description":"Easy Scheduling Across Time Zones and Organizations","publisher":{"@id":"https:\/\/calfrenzy.com\/pt-br\/#organization"},"alternateName":"calfrenzy","potentialAction":[{"@type":"SearchAction","target":{"@type":"EntryPoint","urlTemplate":"https:\/\/calfrenzy.com\/pt-br\/?s={search_term_string}"},"query-input":{"@type":"PropertyValueSpecification","valueRequired":true,"valueName":"search_term_string"}}],"inLanguage":"pt-BR"},{"@type":"Organization","@id":"https:\/\/calfrenzy.com\/pt-br\/#organization","name":"Calfrenzy","alternateName":"calfrenzy","url":"https:\/\/calfrenzy.com\/pt-br\/","logo":{"@type":"ImageObject","inLanguage":"pt-BR","@id":"https:\/\/calfrenzy.com\/pt-br\/#\/schema\/logo\/image\/","url":"https:\/\/calfrenzy.com\/wp-content\/uploads\/2024\/06\/float_6_1.svg","contentUrl":"https:\/\/calfrenzy.com\/wp-content\/uploads\/2024\/06\/float_6_1.svg","width":47,"height":50,"caption":"Calfrenzy"},"image":{"@id":"https:\/\/calfrenzy.com\/pt-br\/#\/schema\/logo\/image\/"},"sameAs":["https:\/\/www.facebook.com\/calfrenzy","https:\/\/x.com\/calfrenzy53224","https:\/\/www.youtube.com\/@Calfrenzy","https:\/\/www.linkedin.com\/company\/calfrenzy","https:\/\/www.capterra.com\/p\/10020993\/CalFrenzy\/","https:\/\/chromewebstore.google.com\/detail\/calfrenzy-free-online-app\/igmlifilbgnlaijamohaakgoacoeoidk?hl=en","https:\/\/workspace.google.com\/marketplace\/app\/calfrenzy\/369573383535","https:\/\/www.trustpilot.com\/review\/calfrenzy.com","https:\/\/www.g2.com\/products\/calfrenzy\/reviews"]}]}},"_links":{"self":[{"href":"https:\/\/calfrenzy.com\/pt-br\/wp-json\/wp\/v2\/pages\/2936","targetHints":{"allow":["GET"]}}],"collection":[{"href":"https:\/\/calfrenzy.com\/pt-br\/wp-json\/wp\/v2\/pages"}],"about":[{"href":"https:\/\/calfrenzy.com\/pt-br\/wp-json\/wp\/v2\/types\/page"}],"author":[{"embeddable":true,"href":"https:\/\/calfrenzy.com\/pt-br\/wp-json\/wp\/v2\/users\/1"}],"replies":[{"embeddable":true,"href":"https:\/\/calfrenzy.com\/pt-br\/wp-json\/wp\/v2\/comments?post=2936"}],"version-history":[{"count":20,"href":"https:\/\/calfrenzy.com\/pt-br\/wp-json\/wp\/v2\/pages\/2936\/revisions"}],"predecessor-version":[{"id":7824,"href":"https:\/\/calfrenzy.com\/pt-br\/wp-json\/wp\/v2\/pages\/2936\/revisions\/7824"}],"wp:featuredmedia":[{"embeddable":true,"href":"https:\/\/calfrenzy.com\/pt-br\/wp-json\/wp\/v2\/media\/10243"}],"wp:attachment":[{"href":"https:\/\/calfrenzy.com\/pt-br\/wp-json\/wp\/v2\/media?parent=2936"}],"curies":[{"name":"wp","href":"https:\/\/api.w.org\/{rel}","templated":true}]}}