{"id":2958,"date":"2024-06-20T11:07:12","date_gmt":"2024-06-20T11:07:12","guid":{"rendered":"https:\/\/calfrenzy.com\/?page_id=2958"},"modified":"2025-02-21T09:35:45","modified_gmt":"2025-02-21T09:35:45","slug":"solucoes","status":"publish","type":"page","link":"https:\/\/calfrenzy.com\/pt-br\/solucoes\/","title":{"rendered":"Solu\u00e7\u00f5es"},"content":{"rendered":"\n<div class=\"wp-block-cf-solutions-banner wrapper_solutions_banner\"><div class=\"solutions_banner\">\n<div class=\"solutions_banner__content\">\n<h1 class=\"wp-block-heading\"><mark style=\"background-color:rgba(0, 0, 0, 0)\" class=\"has-inline-color has-base-green-right-color\">Software<\/mark> de <mark style=\"background-color:rgba(0, 0, 0, 0)\" class=\"has-inline-color has-primary-yellow-color\">Agendamento<\/mark> Online para Diferentes <mark style=\"background-color:rgba(0, 0, 0, 0)\" class=\"has-inline-color has-base-green-left-color\">Setores<\/mark><\/h1>\n\n\n\n<p>A Calfrenzy \u00e9 uma plataforma vers\u00e1til e intuitiva, projetada para atender \u00e0s necessidades de empresas em diversos setores. Simplifique sua rotina de agendamentos, seja no recrutamento, educa\u00e7\u00e3o ou servi\u00e7os profissionais. <\/p>\n\n\n\n<div class=\"wp-block-button\"><a class=\"wp-block-button__link wp-element-button\" href=\"https:\/\/schedule.calfrenzy.com\/auth\/sign-up\">Comece Gr\u00e1tis<\/a><\/div>\n<\/div>\n\n\n\n<div class=\"solutions_banner__image\">\n<figure class=\"wp-block-image\"><img decoding=\"async\" src=\"\/wp-content\/uploads\/2024\/12\/solutions_banner.jpg\" alt=\"Software de Agendamento Online para Diferentes Setores\"\/><\/figure>\n\n\n\n<div class=\"wp-block-group solutions_banner__image-float_left is-layout-flow wp-block-group-is-layout-flow\">\n<figure class=\"wp-block-image\"><img decoding=\"async\" src=\"\/wp-content\/themes\/calfrenzy\/assets\/images\/solution_float_1.png\" alt=\"Coordena&#xE7;&#xE3;o de Equipes e Projetos\"\/><\/figure>\n\n\n\n<p class=\"solutions_banner__image-float_left--title\">Coordena\u00e7\u00e3o de Equipes e Projetos<\/p>\n\n\n\n<p class=\"solutions_banner__image-float_left--text\">Agendamento em Grupo, 1h.<\/p>\n<\/div>\n\n\n\n<div class=\"wp-block-group solutions_banner__image-float_right is-layout-flow wp-block-group-is-layout-flow\">\n<figure class=\"wp-block-image\"><img decoding=\"async\" src=\"\/wp-content\/themes\/calfrenzy\/assets\/images\/solution_float_2.png\" alt=\"Revis&#xE3;o e Atualiza&#xE7;&#xE3;o de Sistema\"\/><\/figure>\n\n\n\n<p class=\"solutions_banner__image-float_right--title\">Revis\u00e3o e Atualiza\u00e7\u00e3o de Sistema<\/p>\n\n\n\n<p class=\"solutions_banner__image-float_right--text\">Agendamento de Grupo para 1, 1h.<\/p>\n<\/div>\n<\/div>\n<\/div><\/div>\n\n<div class=\"wp-block-cf-solutions-list wrapper_solutions_list\"><div class=\"solutions_list\">\n<h2 class=\"wp-block-heading\" id=\"h-who-can-use-calfrenzy\">Quem pode usar a Calfrenzy?<\/h2>\n\n\n\n<a href=\"https:\/\/calfrenzy.com\/pt-br\/solucoes\/recrutadores\/\" data-target=\"\" class=\"solutions_list_item\">\n<h3 class=\"wp-block-heading\" id=\"h-recruiters\">Recrutadores<\/h3>\n\n\n\n<figure class=\"wp-block-image size-full\"><img decoding=\"async\" width=\"300\" height=\"300\" src=\"https:\/\/calfrenzy.com\/wp-content\/uploads\/2025\/02\/recruiters.png\" alt=\"Recrutadores\" class=\"wp-image-5638\" srcset=\"https:\/\/calfrenzy.com\/wp-content\/uploads\/2025\/02\/recruiters.png 300w, https:\/\/calfrenzy.com\/wp-content\/uploads\/2025\/02\/recruiters-150x150.png 150w\" sizes=\"(max-width: 300px) 100vw, 300px\" \/><\/figure>\n\n\n\n<p>Gerencie entrevistas e reuni\u00f5es com candidatos e equipes com mais efici\u00eancia.<\/p>\n<\/a>\n\n\n\n<a href=\"https:\/\/calfrenzy.com\/pt-br\/solucoes\/vendas\/\" data-target=\"\" class=\"solutions_list_item\">\n<h3 class=\"wp-block-heading\" id=\"h-sales-representatives\">Representantes de Vendas<\/h3>\n\n\n\n<figure class=\"wp-block-image size-full\"><img decoding=\"async\" width=\"300\" height=\"300\" src=\"https:\/\/calfrenzy.com\/wp-content\/uploads\/2025\/02\/sales-representatives.png\" alt=\"Representantes de Vendas\" class=\"wp-image-5639\" srcset=\"https:\/\/calfrenzy.com\/wp-content\/uploads\/2025\/02\/sales-representatives.png 300w, https:\/\/calfrenzy.com\/wp-content\/uploads\/2025\/02\/sales-representatives-150x150.png 150w\" sizes=\"(max-width: 300px) 100vw, 300px\" \/><\/figure>\n\n\n\n<p>Organize reuni\u00f5es com clientes e acompanhe negocia\u00e7\u00f5es, sem complica\u00e7\u00f5es de fuso hor\u00e1rio.<\/p>\n<\/a>\n\n\n\n<a href=\"https:\/\/calfrenzy.com\/pt-br\/solucoes\/marketing\/\" data-target=\"\" class=\"solutions_list_item\">\n<h3 class=\"wp-block-heading\" id=\"h-marketing-managers\">Gerentes de Marketing<\/h3>\n\n\n\n<figure class=\"wp-block-image size-full\"><img decoding=\"async\" width=\"300\" height=\"300\" src=\"https:\/\/calfrenzy.com\/wp-content\/uploads\/2025\/02\/marketing-managers.png\" alt=\"Gerentes de Marketing\" class=\"wp-image-5640\" srcset=\"https:\/\/calfrenzy.com\/wp-content\/uploads\/2025\/02\/marketing-managers.png 300w, https:\/\/calfrenzy.com\/wp-content\/uploads\/2025\/02\/marketing-managers-150x150.png 150w\" sizes=\"(max-width: 300px) 100vw, 300px\" \/><\/figure>\n\n\n\n<p>Programe apresenta\u00e7\u00f5es para clientes e sess\u00f5es estrat\u00e9gicas de brainstorming.<\/p>\n<\/a>\n\n\n\n<a href=\"https:\/\/calfrenzy.com\/pt-br\/solucoes\/equipes-de-suporte-ao-cliente\/\" data-target=\"\" class=\"solutions_list_item\">\n<h3 class=\"wp-block-heading\" id=\"h-customer-success-managers\">Gerentes de Sucesso do Cliente<\/h3>\n\n\n\n<figure class=\"wp-block-image size-full\"><img decoding=\"async\" width=\"300\" height=\"300\" src=\"https:\/\/calfrenzy.com\/wp-content\/uploads\/2025\/02\/customer-success-managers.png\" alt=\"Gerentes de Sucesso do Cliente\" class=\"wp-image-5641\" srcset=\"https:\/\/calfrenzy.com\/wp-content\/uploads\/2025\/02\/customer-success-managers.png 300w, https:\/\/calfrenzy.com\/wp-content\/uploads\/2025\/02\/customer-success-managers-150x150.png 150w\" sizes=\"(max-width: 300px) 100vw, 300px\" \/><\/figure>\n\n\n\n<p>Ofere\u00e7a suporte eficiente ao cliente, enquanto mant\u00e9m a equipe bem organizada.<\/p>\n<\/a>\n\n\n\n<a href=\"https:\/\/calfrenzy.com\/pt-br\/solucoes\/gerentes-de-projetos\/\" data-target=\"\" class=\"solutions_list_item\">\n<h3 class=\"wp-block-heading\" id=\"h-project-managers\">Gerentes de Projetos<\/h3>\n\n\n\n<figure class=\"wp-block-image size-full\"><img decoding=\"async\" width=\"300\" height=\"300\" src=\"https:\/\/calfrenzy.com\/wp-content\/uploads\/2025\/02\/project-managers.png\" alt=\"Gerentes de Projetos\" class=\"wp-image-5643\" srcset=\"https:\/\/calfrenzy.com\/wp-content\/uploads\/2025\/02\/project-managers.png 300w, https:\/\/calfrenzy.com\/wp-content\/uploads\/2025\/02\/project-managers-150x150.png 150w\" sizes=\"(max-width: 300px) 100vw, 300px\" \/><\/figure>\n\n\n\n<p>Gerencie reuni\u00f5es de projeto com equipes e stakeholders sem esfor\u00e7o.<\/p>\n<\/a>\n\n\n\n<a href=\"https:\/\/calfrenzy.com\/pt-br\/solucoes\/gerentes-de-projetos-de-ti\/\" data-target=\"\" class=\"solutions_list_item\">\n<h3 class=\"wp-block-heading\" id=\"h-it-managers\">Gerentes de TI<\/h3>\n\n\n\n<figure class=\"wp-block-image size-full\"><img decoding=\"async\" width=\"300\" height=\"300\" src=\"https:\/\/calfrenzy.com\/wp-content\/uploads\/2025\/02\/IT-Managers.png\" alt=\"Gerentes de TI\" class=\"wp-image-5644\" srcset=\"https:\/\/calfrenzy.com\/wp-content\/uploads\/2025\/02\/IT-Managers.png 300w, https:\/\/calfrenzy.com\/wp-content\/uploads\/2025\/02\/IT-Managers-150x150.png 150w\" sizes=\"(max-width: 300px) 100vw, 300px\" \/><\/figure>\n\n\n\n<p>Agende sess\u00f5es de suporte t\u00e9cnico e reuni\u00f5es de equipe.<\/p>\n<\/a>\n\n\n\n<a href=\"https:\/\/calfrenzy.com\/pt-br\/solucoes\/educadores\/\" data-target=\"\" class=\"solutions_list_item\">\n<h3 class=\"wp-block-heading\" id=\"h-educators\">Educadores<\/h3>\n\n\n\n<figure class=\"wp-block-image size-full\"><img decoding=\"async\" width=\"300\" height=\"300\" src=\"https:\/\/calfrenzy.com\/wp-content\/uploads\/2025\/02\/Educators.png\" alt=\"Educadores\" class=\"wp-image-5645\" srcset=\"https:\/\/calfrenzy.com\/wp-content\/uploads\/2025\/02\/Educators.png 300w, https:\/\/calfrenzy.com\/wp-content\/uploads\/2025\/02\/Educators-150x150.png 150w\" sizes=\"(max-width: 300px) 100vw, 300px\" \/><\/figure>\n\n\n\n<p>Facilite o agendamento de reuni\u00f5es entre pais, professores e equipe escolar.<\/p>\n<\/a>\n\n\n\n<a href=\"https:\/\/calfrenzy.com\/pt-br\/solucoes\/advogados\/\" data-target=\"\" class=\"solutions_list_item\">\n<h3 class=\"wp-block-heading\" id=\"h-lawyers\">Advogados<\/h3>\n\n\n\n<figure class=\"wp-block-image size-full\"><img decoding=\"async\" width=\"300\" height=\"300\" src=\"https:\/\/calfrenzy.com\/wp-content\/uploads\/2025\/02\/Lawyers.png\" alt=\"Advogados\" class=\"wp-image-5646\" srcset=\"https:\/\/calfrenzy.com\/wp-content\/uploads\/2025\/02\/Lawyers.png 300w, https:\/\/calfrenzy.com\/wp-content\/uploads\/2025\/02\/Lawyers-150x150.png 150w\" sizes=\"(max-width: 300px) 100vw, 300px\" \/><\/figure>\n\n\n\n<p>Organize consultas jur\u00eddicas e coordene reuni\u00f5es com a equipe com facilidade.<\/p>\n<\/a>\n\n\n\n<a href=\"https:\/\/calfrenzy.com\/pt-br\/solucoes\/assistentes-executivos\/\" data-target=\"\" class=\"solutions_list_item\">\n<h3 class=\"wp-block-heading\" id=\"h-executive-assistants\">Assistentes Executivos<\/h3>\n\n\n\n<figure class=\"wp-block-image size-full\"><img decoding=\"async\" width=\"300\" height=\"300\" src=\"https:\/\/calfrenzy.com\/wp-content\/uploads\/2025\/02\/Executive-Assistants.png\" alt=\"Assistentes Executivos\" class=\"wp-image-5647\" srcset=\"https:\/\/calfrenzy.com\/wp-content\/uploads\/2025\/02\/Executive-Assistants.png 300w, https:\/\/calfrenzy.com\/wp-content\/uploads\/2025\/02\/Executive-Assistants-150x150.png 150w\" sizes=\"(max-width: 300px) 100vw, 300px\" \/><\/figure>\n\n\n\n<p>Administre agendas executivas com efici\u00eancia e precis\u00e3o.<\/p>\n<\/a>\n<\/div><\/div>\n\n<div class=\"wp-block-cf-yellow-cta wrapper_yellow_cta\"><div class=\"yellow_cta\"><div class=\"yellow_cta__content\">\n<h2 class=\"wp-block-heading has-text-align-center\" id=\"h-ready-to-start-scheduling\">Pronto para Come\u00e7ar a Agendar?<\/h2>\n\n\n\n<p class=\"has-text-align-center\">Cadastre-se gratuitamente hoje mesmo e descubra como otimizar seu fluxo de trabalho, simplificar agendamentos e aumentar sua produtividade em qualquer setor. Comece agora e veja a diferen\u00e7a! <\/p>\n\n\n\n<div class=\"wp-block-button\"><a class=\"wp-block-button__link has-text-align-left wp-element-button\" href=\"https:\/\/schedule.calfrenzy.com\/auth\/sign-up\">Comece Gr\u00e1tis<\/a><\/div>\n<\/div><\/div><\/div>\n","protected":false},"excerpt":{"rendered":"","protected":false},"author":1,"featured_media":0,"parent":0,"menu_order":0,"comment_status":"closed","ping_status":"closed","template":"","meta":{"inline_featured_image":false,"footnotes":""},"class_list":["post-2958","page","type-page","status-publish","hentry"],"yoast_head":"<!-- This site is optimized with the Yoast SEO Premium plugin v26.8 (Yoast SEO v26.8) - https:\/\/yoast.com\/product\/yoast-seo-premium-wordpress\/ -->\n<title>Ind\u00fastriaSolu\u00e7\u00f5es - Calfrenzy<\/title>\n<meta name=\"description\" content=\"A Calfrenzy \u00e9 uma ferramenta de agendamento de reuni\u00f5es com recursos premium. Ela simplifica o agendamento online para profissionais de diversas ind\u00fastrias.\" \/>\n<meta name=\"robots\" content=\"index, follow, max-snippet:-1, max-image-preview:large, max-video-preview:-1\" \/>\n<link rel=\"canonical\" href=\"https:\/\/calfrenzy.com\/pt-br\/solucoes\/\" \/>\n<meta property=\"og:locale\" content=\"pt_BR\" \/>\n<meta property=\"og:type\" content=\"article\" \/>\n<meta property=\"og:title\" content=\"Solu\u00e7\u00f5es\" \/>\n<meta property=\"og:description\" content=\"A Calfrenzy \u00e9 uma ferramenta de agendamento de reuni\u00f5es com recursos premium. Ela simplifica o agendamento online para profissionais de diversas ind\u00fastrias.\" \/>\n<meta property=\"og:url\" content=\"https:\/\/calfrenzy.com\/pt-br\/solucoes\/\" \/>\n<meta property=\"og:site_name\" content=\"calfrenzy\" \/>\n<meta property=\"article:publisher\" content=\"https:\/\/www.facebook.com\/calfrenzy\" \/>\n<meta property=\"article:modified_time\" content=\"2025-02-21T09:35:45+00:00\" \/>\n<meta property=\"og:image\" content=\"https:\/\/calfrenzy.com\/wp-content\/uploads\/2025\/02\/recruiters.png\" \/>\n<meta name=\"twitter:card\" content=\"summary_large_image\" \/>\n<meta name=\"twitter:site\" content=\"@calfrenzy53224\" \/>\n<meta name=\"twitter:label1\" content=\"Tempo estimado de leitura\" \/>\n\t<meta name=\"twitter:data1\" content=\"1 minuto\" \/>\n<script type=\"application\/ld+json\" class=\"yoast-schema-graph\">{\"@context\":\"https:\/\/schema.org\",\"@graph\":[{\"@type\":\"WebPage\",\"@id\":\"https:\/\/calfrenzy.com\/pt-br\/solucoes\/\",\"url\":\"https:\/\/calfrenzy.com\/pt-br\/solucoes\/\",\"name\":\"Ind\u00fastriaSolu\u00e7\u00f5es - Calfrenzy\",\"isPartOf\":{\"@id\":\"https:\/\/calfrenzy.com\/pt-br\/#website\"},\"primaryImageOfPage\":{\"@id\":\"https:\/\/calfrenzy.com\/pt-br\/solucoes\/#primaryimage\"},\"image\":{\"@id\":\"https:\/\/calfrenzy.com\/pt-br\/solucoes\/#primaryimage\"},\"thumbnailUrl\":\"https:\/\/calfrenzy.com\/wp-content\/uploads\/2025\/02\/recruiters.png\",\"datePublished\":\"2024-06-20T11:07:12+00:00\",\"dateModified\":\"2025-02-21T09:35:45+00:00\",\"description\":\"A Calfrenzy \u00e9 uma ferramenta de agendamento de reuni\u00f5es com recursos premium. Ela simplifica o agendamento online para profissionais de diversas ind\u00fastrias.\",\"breadcrumb\":{\"@id\":\"https:\/\/calfrenzy.com\/pt-br\/solucoes\/#breadcrumb\"},\"inLanguage\":\"pt-BR\",\"potentialAction\":[{\"@type\":\"ReadAction\",\"target\":[\"https:\/\/calfrenzy.com\/pt-br\/solucoes\/\"]}]},{\"@type\":\"ImageObject\",\"inLanguage\":\"pt-BR\",\"@id\":\"https:\/\/calfrenzy.com\/pt-br\/solucoes\/#primaryimage\",\"url\":\"https:\/\/calfrenzy.com\/wp-content\/uploads\/2025\/02\/recruiters.png\",\"contentUrl\":\"https:\/\/calfrenzy.com\/wp-content\/uploads\/2025\/02\/recruiters.png\"},{\"@type\":\"BreadcrumbList\",\"@id\":\"https:\/\/calfrenzy.com\/pt-br\/solucoes\/#breadcrumb\",\"itemListElement\":[{\"@type\":\"ListItem\",\"position\":1,\"name\":\"Home\",\"item\":\"https:\/\/calfrenzy.com\/pt-br\/\"},{\"@type\":\"ListItem\",\"position\":2,\"name\":\"Solu\u00e7\u00f5es\"}]},{\"@type\":\"WebSite\",\"@id\":\"https:\/\/calfrenzy.com\/pt-br\/#website\",\"url\":\"https:\/\/calfrenzy.com\/pt-br\/\",\"name\":\"Calfrenzy\",\"description\":\"Easy Scheduling Across Time Zones and Organizations\",\"publisher\":{\"@id\":\"https:\/\/calfrenzy.com\/pt-br\/#organization\"},\"alternateName\":\"calfrenzy\",\"potentialAction\":[{\"@type\":\"SearchAction\",\"target\":{\"@type\":\"EntryPoint\",\"urlTemplate\":\"https:\/\/calfrenzy.com\/pt-br\/?s={search_term_string}\"},\"query-input\":{\"@type\":\"PropertyValueSpecification\",\"valueRequired\":true,\"valueName\":\"search_term_string\"}}],\"inLanguage\":\"pt-BR\"},{\"@type\":\"Organization\",\"@id\":\"https:\/\/calfrenzy.com\/pt-br\/#organization\",\"name\":\"Calfrenzy\",\"alternateName\":\"calfrenzy\",\"url\":\"https:\/\/calfrenzy.com\/pt-br\/\",\"logo\":{\"@type\":\"ImageObject\",\"inLanguage\":\"pt-BR\",\"@id\":\"https:\/\/calfrenzy.com\/pt-br\/#\/schema\/logo\/image\/\",\"url\":\"https:\/\/calfrenzy.com\/wp-content\/uploads\/2024\/06\/float_6_1.svg\",\"contentUrl\":\"https:\/\/calfrenzy.com\/wp-content\/uploads\/2024\/06\/float_6_1.svg\",\"width\":47,\"height\":50,\"caption\":\"Calfrenzy\"},\"image\":{\"@id\":\"https:\/\/calfrenzy.com\/pt-br\/#\/schema\/logo\/image\/\"},\"sameAs\":[\"https:\/\/www.facebook.com\/calfrenzy\",\"https:\/\/x.com\/calfrenzy53224\",\"https:\/\/www.youtube.com\/@Calfrenzy\",\"https:\/\/www.linkedin.com\/company\/calfrenzy\",\"https:\/\/www.capterra.com\/p\/10020993\/CalFrenzy\/\",\"https:\/\/chromewebstore.google.com\/detail\/calfrenzy-free-online-app\/igmlifilbgnlaijamohaakgoacoeoidk?hl=en\",\"https:\/\/workspace.google.com\/marketplace\/app\/calfrenzy\/369573383535\",\"https:\/\/www.trustpilot.com\/review\/calfrenzy.com\",\"https:\/\/www.g2.com\/products\/calfrenzy\/reviews\"]}]}<\/script>\n<!-- \/ Yoast SEO Premium plugin. -->","yoast_head_json":{"title":"Ind\u00fastriaSolu\u00e7\u00f5es - Calfrenzy","description":"A Calfrenzy \u00e9 uma ferramenta de agendamento de reuni\u00f5es com recursos premium. Ela simplifica o agendamento online para profissionais de diversas ind\u00fastrias.","robots":{"index":"index","follow":"follow","max-snippet":"max-snippet:-1","max-image-preview":"max-image-preview:large","max-video-preview":"max-video-preview:-1"},"canonical":"https:\/\/calfrenzy.com\/pt-br\/solucoes\/","og_locale":"pt_BR","og_type":"article","og_title":"Solu\u00e7\u00f5es","og_description":"A Calfrenzy \u00e9 uma ferramenta de agendamento de reuni\u00f5es com recursos premium. Ela simplifica o agendamento online para profissionais de diversas ind\u00fastrias.","og_url":"https:\/\/calfrenzy.com\/pt-br\/solucoes\/","og_site_name":"calfrenzy","article_publisher":"https:\/\/www.facebook.com\/calfrenzy","article_modified_time":"2025-02-21T09:35:45+00:00","og_image":[{"url":"https:\/\/calfrenzy.com\/wp-content\/uploads\/2025\/02\/recruiters.png","type":"","width":"","height":""}],"twitter_card":"summary_large_image","twitter_site":"@calfrenzy53224","twitter_misc":{"Tempo estimado de leitura":"1 minuto"},"schema":{"@context":"https:\/\/schema.org","@graph":[{"@type":"WebPage","@id":"https:\/\/calfrenzy.com\/pt-br\/solucoes\/","url":"https:\/\/calfrenzy.com\/pt-br\/solucoes\/","name":"Ind\u00fastriaSolu\u00e7\u00f5es - Calfrenzy","isPartOf":{"@id":"https:\/\/calfrenzy.com\/pt-br\/#website"},"primaryImageOfPage":{"@id":"https:\/\/calfrenzy.com\/pt-br\/solucoes\/#primaryimage"},"image":{"@id":"https:\/\/calfrenzy.com\/pt-br\/solucoes\/#primaryimage"},"thumbnailUrl":"https:\/\/calfrenzy.com\/wp-content\/uploads\/2025\/02\/recruiters.png","datePublished":"2024-06-20T11:07:12+00:00","dateModified":"2025-02-21T09:35:45+00:00","description":"A Calfrenzy \u00e9 uma ferramenta de agendamento de reuni\u00f5es com recursos premium. Ela simplifica o agendamento online para profissionais de diversas ind\u00fastrias.","breadcrumb":{"@id":"https:\/\/calfrenzy.com\/pt-br\/solucoes\/#breadcrumb"},"inLanguage":"pt-BR","potentialAction":[{"@type":"ReadAction","target":["https:\/\/calfrenzy.com\/pt-br\/solucoes\/"]}]},{"@type":"ImageObject","inLanguage":"pt-BR","@id":"https:\/\/calfrenzy.com\/pt-br\/solucoes\/#primaryimage","url":"https:\/\/calfrenzy.com\/wp-content\/uploads\/2025\/02\/recruiters.png","contentUrl":"https:\/\/calfrenzy.com\/wp-content\/uploads\/2025\/02\/recruiters.png"},{"@type":"BreadcrumbList","@id":"https:\/\/calfrenzy.com\/pt-br\/solucoes\/#breadcrumb","itemListElement":[{"@type":"ListItem","position":1,"name":"Home","item":"https:\/\/calfrenzy.com\/pt-br\/"},{"@type":"ListItem","position":2,"name":"Solu\u00e7\u00f5es"}]},{"@type":"WebSite","@id":"https:\/\/calfrenzy.com\/pt-br\/#website","url":"https:\/\/calfrenzy.com\/pt-br\/","name":"Calfrenzy","description":"Easy Scheduling Across Time Zones and Organizations","publisher":{"@id":"https:\/\/calfrenzy.com\/pt-br\/#organization"},"alternateName":"calfrenzy","potentialAction":[{"@type":"SearchAction","target":{"@type":"EntryPoint","urlTemplate":"https:\/\/calfrenzy.com\/pt-br\/?s={search_term_string}"},"query-input":{"@type":"PropertyValueSpecification","valueRequired":true,"valueName":"search_term_string"}}],"inLanguage":"pt-BR"},{"@type":"Organization","@id":"https:\/\/calfrenzy.com\/pt-br\/#organization","name":"Calfrenzy","alternateName":"calfrenzy","url":"https:\/\/calfrenzy.com\/pt-br\/","logo":{"@type":"ImageObject","inLanguage":"pt-BR","@id":"https:\/\/calfrenzy.com\/pt-br\/#\/schema\/logo\/image\/","url":"https:\/\/calfrenzy.com\/wp-content\/uploads\/2024\/06\/float_6_1.svg","contentUrl":"https:\/\/calfrenzy.com\/wp-content\/uploads\/2024\/06\/float_6_1.svg","width":47,"height":50,"caption":"Calfrenzy"},"image":{"@id":"https:\/\/calfrenzy.com\/pt-br\/#\/schema\/logo\/image\/"},"sameAs":["https:\/\/www.facebook.com\/calfrenzy","https:\/\/x.com\/calfrenzy53224","https:\/\/www.youtube.com\/@Calfrenzy","https:\/\/www.linkedin.com\/company\/calfrenzy","https:\/\/www.capterra.com\/p\/10020993\/CalFrenzy\/","https:\/\/chromewebstore.google.com\/detail\/calfrenzy-free-online-app\/igmlifilbgnlaijamohaakgoacoeoidk?hl=en","https:\/\/workspace.google.com\/marketplace\/app\/calfrenzy\/369573383535","https:\/\/www.trustpilot.com\/review\/calfrenzy.com","https:\/\/www.g2.com\/products\/calfrenzy\/reviews"]}]}},"_links":{"self":[{"href":"https:\/\/calfrenzy.com\/pt-br\/wp-json\/wp\/v2\/pages\/2958","targetHints":{"allow":["GET"]}}],"collection":[{"href":"https:\/\/calfrenzy.com\/pt-br\/wp-json\/wp\/v2\/pages"}],"about":[{"href":"https:\/\/calfrenzy.com\/pt-br\/wp-json\/wp\/v2\/types\/page"}],"author":[{"embeddable":true,"href":"https:\/\/calfrenzy.com\/pt-br\/wp-json\/wp\/v2\/users\/1"}],"replies":[{"embeddable":true,"href":"https:\/\/calfrenzy.com\/pt-br\/wp-json\/wp\/v2\/comments?post=2958"}],"version-history":[{"count":13,"href":"https:\/\/calfrenzy.com\/pt-br\/wp-json\/wp\/v2\/pages\/2958\/revisions"}],"predecessor-version":[{"id":5652,"href":"https:\/\/calfrenzy.com\/pt-br\/wp-json\/wp\/v2\/pages\/2958\/revisions\/5652"}],"wp:attachment":[{"href":"https:\/\/calfrenzy.com\/pt-br\/wp-json\/wp\/v2\/media?parent=2958"}],"curies":[{"name":"wp","href":"https:\/\/api.w.org\/{rel}","templated":true}]}}