{"id":2963,"date":"2025-01-07T10:48:56","date_gmt":"2025-01-07T10:48:56","guid":{"rendered":"https:\/\/calfrenzy.com\/?page_id=2963"},"modified":"2025-10-03T14:44:33","modified_gmt":"2025-10-03T14:44:33","slug":"mapa-de-recursos","status":"publish","type":"page","link":"https:\/\/calfrenzy.com\/pt-br\/mapa-de-recursos\/","title":{"rendered":"Mapa de Recursos"},"content":{"rendered":"\n<div class=\"wp-block-cf-blue-banner wrapper_blue_banner\"><div class=\"blue_banner\">\n<h1 class=\"wp-block-heading\" id=\"h-roadmap-calfrenzy\">Roadmap da Calfrenzy<\/h1>\n\n\n\n<div class=\"wp-block-button\"><a class=\"wp-block-button__link wp-element-button\" href=\"https:\/\/calfrenzy.com\/pt-br\/sugestoes-de-funcionalidades\/\">Envie uma solicita\u00e7\u00e3o para um novo recurso<\/a><\/div>\n<\/div><\/div>\n\n<div class=\"wp-block-cf-roadmap wrapper_roadmap\"><div class=\"roadmap\">\n<div class=\"wp-block-cf-roadmap-column roadmap__column\">\n<div class=\"wp-block-cf-roadmap-header-item roadmap_item_header\">\n<p>Planejado<\/p>\n<\/div>\n\n\n\n<div class=\"wp-block-cf-roadmap-item roadmap_item\">\n<p>Agendamento em rod\u00edzio<\/p>\n\n\n\n<div class=\"wp-block-cf-roadmap-item-tooltip roadmap_item__tooltip\">\n<p><\/p>\n<\/div>\n<\/div>\n\n\n\n<div class=\"wp-block-cf-roadmap-item roadmap_item\">\n<p>Suporte a webhooks<\/p>\n\n\n\n<div class=\"wp-block-cf-roadmap-item-tooltip roadmap_item__tooltip\">\n<p><\/p>\n<\/div>\n<\/div>\n\n\n\n<div class=\"wp-block-cf-roadmap-item roadmap_item\">\n<p>Integra\u00e7\u00e3o com o Zapier<\/p>\n\n\n\n<div class=\"wp-block-cf-roadmap-item-tooltip roadmap_item__tooltip\">\n<p><\/p>\n<\/div>\n<\/div>\n\n\n\n<div class=\"wp-block-cf-roadmap-item roadmap_item\">\n<p>Eventos Recorrentes (1 a 1, Grupo para 1, Agendamento em Grupo e 1 para Muitos)<\/p>\n\n\n\n<div class=\"wp-block-cf-roadmap-item-tooltip roadmap_item__tooltip\">\n<p><\/p>\n<\/div>\n<\/div>\n\n\n\n<div class=\"wp-block-cf-roadmap-item roadmap_item\">\n<p>Recurso de Agendamentos Simult\u00e2neos com Op\u00e7\u00f5es de Pagamento<\/p>\n\n\n\n<div class=\"wp-block-cf-roadmap-item-tooltip roadmap_item__tooltip\">\n<p><\/p>\n<\/div>\n<\/div>\n\n\n\n<div class=\"wp-block-cf-roadmap-item roadmap_item\">\n<p>Lembretes de Eventos por Texto &amp; WhatsApp<\/p>\n\n\n\n<div class=\"wp-block-cf-roadmap-item-tooltip roadmap_item__tooltip\">\n<p><\/p>\n<\/div>\n<\/div>\n\n\n\n<div class=\"wp-block-cf-roadmap-item roadmap_item\">\n<p>Copiar Disponibilidade com Dias Personalizados e Notifica\u00e7\u00f5es de Expira\u00e7\u00e3o<\/p>\n\n\n\n<div class=\"wp-block-cf-roadmap-item-tooltip roadmap_item__tooltip\">\n<p><\/p>\n<\/div>\n<\/div>\n<\/div>\n\n\n\n<div class=\"wp-block-cf-roadmap-column roadmap__column\">\n<div class=\"wp-block-cf-roadmap-header-item roadmap_item_header\">\n<p>Em Andamento<\/p>\n<\/div>\n\n\n\n<div class=\"wp-block-cf-roadmap-item roadmap_item\">\n<p>Reuni\u00f5es \u00danicas<\/p>\n\n\n\n<div class=\"wp-block-cf-roadmap-item-tooltip roadmap_item__tooltip\">\n<p><\/p>\n<\/div>\n<\/div>\n\n\n\n<div class=\"wp-block-cf-roadmap-item roadmap_item\">\n<p>PayPal para receber pagamentos de clientes<\/p>\n\n\n\n<div class=\"wp-block-cf-roadmap-item-tooltip roadmap_item__tooltip\">\n<p><\/p>\n<\/div>\n<\/div>\n\n\n\n<div class=\"wp-block-cf-roadmap-item roadmap_item\">\n<p>Clientes pagam antecipadamente pelas sess\u00f5es e as agendam ao longo do tempo<\/p>\n\n\n\n<div class=\"wp-block-cf-roadmap-item-tooltip roadmap_item__tooltip\">\n<p><\/p>\n<\/div>\n<\/div>\n\n\n\n<div class=\"wp-block-cf-roadmap-item roadmap_item\">\n<p>Clientes reservam e pagam v\u00e1rias sess\u00f5es antecipadamente<\/p>\n\n\n\n<div class=\"wp-block-cf-roadmap-item-tooltip roadmap_item__tooltip\">\n<p><\/p>\n<\/div>\n<\/div>\n\n\n\n<div class=\"wp-block-cf-roadmap-item roadmap_item\">\n<p>Clientes configuram seus pr\u00f3prios pacotes recorrentes<\/p>\n\n\n\n<div class=\"wp-block-cf-roadmap-item-tooltip roadmap_item__tooltip\">\n<p><\/p>\n<\/div>\n<\/div>\n\n\n\n<div class=\"wp-block-cf-roadmap-item roadmap_item\">\n<p>Fa\u00e7a sua disponibilidade parecer <em>Ocupada<\/em> para os clientes<\/p>\n\n\n\n<div class=\"wp-block-cf-roadmap-item-tooltip roadmap_item__tooltip\">\n<p><\/p>\n<\/div>\n<\/div>\n<\/div>\n\n\n\n<div class=\"wp-block-cf-roadmap-column roadmap__column\">\n<div class=\"wp-block-cf-roadmap-header-item roadmap_item_header\">\n<p>Conclu\u00eddo<\/p>\n<\/div>\n\n\n\n<div class=\"wp-block-cf-roadmap-item roadmap_item\">\n<p>Permitir que os Agendadores Marquem V\u00e1rias Reuni\u00f5es em Uma Sess\u00e3o<\/p>\n\n\n\n<div class=\"wp-block-cf-roadmap-item-tooltip roadmap_item__tooltip\">\n<p><\/p>\n<\/div>\n<\/div>\n\n\n\n<div class=\"wp-block-cf-roadmap-item roadmap_item\">\n<p>P\u00e1ginas p\u00fablicas de agendamento aprimoradas<\/p>\n\n\n\n<div class=\"wp-block-cf-roadmap-item-tooltip roadmap_item__tooltip\">\n<p><\/p>\n<\/div>\n<\/div>\n\n\n\n<div class=\"wp-block-cf-roadmap-item roadmap_item\">\n<p>Suporte a V\u00e1rios Idiomas<\/p>\n\n\n\n<div class=\"wp-block-cf-roadmap-item-tooltip roadmap_item__tooltip\">\n<p><\/p>\n<\/div>\n<\/div>\n\n\n\n<div class=\"wp-block-cf-roadmap-item roadmap_item\">\n<p>Indicadores de Notifica\u00e7\u00e3o entre Organiza\u00e7\u00f5es para Atividades Interorganizacionais<\/p>\n\n\n\n<div class=\"wp-block-cf-roadmap-item-tooltip roadmap_item__tooltip\">\n<p><\/p>\n<\/div>\n<\/div>\n\n\n\n<div class=\"wp-block-cf-roadmap-item roadmap_item\">\n<p>Incorpora\u00e7\u00e3o da p\u00e1gina de agendamento aprimorada<\/p>\n\n\n\n<div class=\"wp-block-cf-roadmap-item-tooltip roadmap_item__tooltip\">\n<p><\/p>\n<\/div>\n<\/div>\n\n\n\n<div class=\"wp-block-cf-roadmap-item roadmap_item\">\n<p>Integra\u00e7\u00e3o com Calend\u00e1rio iCloud<\/p>\n\n\n\n<div class=\"wp-block-cf-roadmap-item-tooltip roadmap_item__tooltip\">\n<p><\/p>\n<\/div>\n<\/div>\n\n\n\n<div class=\"wp-block-cf-roadmap-item roadmap_item\">\n<p>Criar P\u00e1gina de Agendamento 1 a 1 Padr\u00e3o ao Configurar a Conta<\/p>\n\n\n\n<div class=\"wp-block-cf-roadmap-item-tooltip roadmap_item__tooltip\">\n<p><\/p>\n<\/div>\n<\/div>\n\n\n\n<div class=\"wp-block-cf-roadmap-item roadmap_item\">\n<p>Remover a Marca Calfrenzy<\/p>\n\n\n\n<div class=\"wp-block-cf-roadmap-item-tooltip roadmap_item__tooltip\">\n<p><\/p>\n<\/div>\n<\/div>\n\n\n\n<div class=\"wp-block-cf-roadmap-item roadmap_item\">\n<p>Gerar Automaticamente uma P\u00e1gina de Agendamento Grupo para 1 Quando um Grupo for Criado<\/p>\n\n\n\n<div class=\"wp-block-cf-roadmap-item-tooltip roadmap_item__tooltip\">\n<p><\/p>\n<\/div>\n<\/div>\n\n\n\n<div class=\"wp-block-cf-roadmap-item roadmap_item\">\n<p>Adicionar Perguntas Personalizadas ao Formul\u00e1rio de Agendamento<\/p>\n\n\n\n<div class=\"wp-block-cf-roadmap-item-tooltip roadmap_item__tooltip\">\n<p><\/p>\n<\/div>\n<\/div>\n\n\n\n<div class=\"wp-block-cf-roadmap-item roadmap_item\">\n<p>Habilitar Coleta de Pagamentos<\/p>\n\n\n\n<div class=\"wp-block-cf-roadmap-item-tooltip roadmap_item__tooltip\">\n<p><\/p>\n<\/div>\n<\/div>\n\n\n\n<div class=\"wp-block-cf-roadmap-item roadmap_item\">\n<p>Definir Dura\u00e7\u00e3o Personalizada para Reuni\u00f5es<\/p>\n\n\n\n<div class=\"wp-block-cf-roadmap-item-tooltip roadmap_item__tooltip\">\n<p><\/p>\n<\/div>\n<\/div>\n\n\n\n<div class=\"wp-block-cf-roadmap-item roadmap_item\">\n<p>Lembretes Personalizados por E-mail<\/p>\n\n\n\n<div class=\"wp-block-cf-roadmap-item-tooltip roadmap_item__tooltip\">\n<p><\/p>\n<\/div>\n<\/div>\n\n\n\n<div class=\"wp-block-cf-roadmap-item roadmap_item\">\n<p>Notifica\u00e7\u00f5es Personalizadas por E-mail<\/p>\n\n\n\n<div class=\"wp-block-cf-roadmap-item-tooltip roadmap_item__tooltip\">\n<p><\/p>\n<\/div>\n<\/div>\n\n\n\n<div class=\"wp-block-cf-roadmap-item roadmap_item\">\n<p>Agendamentos Provis\u00f3rios<\/p>\n\n\n\n<div class=\"wp-block-cf-roadmap-item-tooltip roadmap_item__tooltip\">\n<p><\/p>\n<\/div>\n<\/div>\n\n\n\n<div class=\"wp-block-cf-roadmap-item roadmap_item\">\n<p>Personaliza\u00e7\u00e3o Premium da P\u00e1gina de Agendamento<\/p>\n\n\n\n<div class=\"wp-block-cf-roadmap-item-tooltip roadmap_item__tooltip\">\n<p><\/p>\n<\/div>\n<\/div>\n\n\n\n<div class=\"wp-block-cf-roadmap-item roadmap_item\">\n<p>Op\u00e7\u00e3o de Desativar a P\u00e1gina de Agendamento<\/p>\n\n\n\n<div class=\"wp-block-cf-roadmap-item-tooltip roadmap_item__tooltip\">\n<p><\/p>\n<\/div>\n<\/div>\n\n\n\n<div class=\"wp-block-cf-roadmap-item roadmap_item\">\n<p>Visualiza\u00e7\u00e3o da P\u00e1gina de Agendamento em Tela Cheia<\/p>\n\n\n\n<div class=\"wp-block-cf-roadmap-item-tooltip roadmap_item__tooltip\">\n<p><\/p>\n<\/div>\n<\/div>\n\n\n\n<div class=\"wp-block-cf-roadmap-item roadmap_item\">\n<p>Extens\u00e3o da Calfrenzy para o Chrome<\/p>\n\n\n\n<div class=\"wp-block-cf-roadmap-item-tooltip roadmap_item__tooltip\">\n<p><\/p>\n<\/div>\n<\/div>\n\n\n\n<div class=\"wp-block-cf-roadmap-item roadmap_item\">\n<p>Redirecionamento Personalizado Ap\u00f3s Agendamento<\/p>\n\n\n\n<div class=\"wp-block-cf-roadmap-item-tooltip roadmap_item__tooltip\">\n<p><\/p>\n<\/div>\n<\/div>\n\n\n\n<div class=\"wp-block-cf-roadmap-item roadmap_item\">\n<p>Limites Di\u00e1rios de Agendamento<\/p>\n\n\n\n<div class=\"wp-block-cf-roadmap-item-tooltip roadmap_item__tooltip\">\n<p><\/p>\n<\/div>\n<\/div>\n\n\n\n<div class=\"wp-block-cf-roadmap-item roadmap_item\">\n<p>Op\u00e7\u00e3o de Adicionar Tempo de Intervalo<\/p>\n\n\n\n<div class=\"wp-block-cf-roadmap-item-tooltip roadmap_item__tooltip\">\n<p><\/p>\n<\/div>\n<\/div>\n\n\n\n<div class=\"wp-block-cf-roadmap-item roadmap_item\">\n<p>Definir uma Senha para Proteger a P\u00e1gina de Agendamento<\/p>\n\n\n\n<div class=\"wp-block-cf-roadmap-item-tooltip roadmap_item__tooltip\">\n<p><\/p>\n<\/div>\n<\/div>\n\n\n\n<div class=\"wp-block-cf-roadmap-item roadmap_item\">\n<p>Texto da Pol\u00edtica de Cancelamento<\/p>\n\n\n\n<div class=\"wp-block-cf-roadmap-item-tooltip roadmap_item__tooltip\">\n<p><\/p>\n<\/div>\n<\/div>\n\n\n\n<div class=\"wp-block-cf-roadmap-item roadmap_item\">\n<p>Op\u00e7\u00e3o F\u00e1cil de Cancelar ou Reagendar<\/p>\n\n\n\n<div class=\"wp-block-cf-roadmap-item-tooltip roadmap_item__tooltip\">\n<p><\/p>\n<\/div>\n<\/div>\n\n\n\n<div class=\"wp-block-cf-roadmap-item roadmap_item\">\n<p>Sele\u00e7\u00e3o de Dura\u00e7\u00e3o Padr\u00e3o na P\u00e1gina de Cria\u00e7\u00e3o\/ Edi\u00e7\u00e3o de Agendamentos<\/p>\n\n\n\n<div class=\"wp-block-cf-roadmap-item-tooltip roadmap_item__tooltip\">\n<p><\/p>\n<\/div>\n<\/div>\n\n\n\n<div class=\"wp-block-cf-roadmap-item roadmap_item\">\n<p>Recursos de Gest\u00e3o de Organiza\u00e7\u00e3o<\/p>\n\n\n\n<div class=\"wp-block-cf-roadmap-item-tooltip roadmap_item__tooltip\">\n<p><\/p>\n<\/div>\n<\/div>\n\n\n\n<div class=\"wp-block-cf-roadmap-item roadmap_item\">\n<p>Configura\u00e7\u00f5es Padr\u00e3o de Calend\u00e1rio e Agenda para Cria\u00e7\u00e3o de Grupos<\/p>\n\n\n\n<div class=\"wp-block-cf-roadmap-item-tooltip roadmap_item__tooltip\">\n<p><\/p>\n<\/div>\n<\/div>\n\n\n\n<div class=\"wp-block-cf-roadmap-item roadmap_item\">\n<p>Compartilhe Sua P\u00e1gina de Agendamento em V\u00e1rios Canais<\/p>\n\n\n\n<div class=\"wp-block-cf-roadmap-item-tooltip roadmap_item__tooltip\">\n<p><\/p>\n<\/div>\n<\/div>\n\n\n\n<div class=\"wp-block-cf-roadmap-item roadmap_item\">\n<p>Incorporar P\u00e1ginas de Agendamento em Outros Sites<\/p>\n\n\n\n<div class=\"wp-block-cf-roadmap-item-tooltip roadmap_item__tooltip\">\n<p><\/p>\n<\/div>\n<\/div>\n\n\n\n<div class=\"wp-block-cf-roadmap-item roadmap_item\">\n<p>Detalhes do Evento Instant\u00e2neos \u2014 Diretamente na Barra Lateral<\/p>\n\n\n\n<div class=\"wp-block-cf-roadmap-item-tooltip roadmap_item__tooltip\">\n<p><\/p>\n<\/div>\n<\/div>\n\n\n\n<div class=\"wp-block-cf-roadmap-item roadmap_item\">\n<p>Gerenciar eventos com coanfitri\u00f5es via calend\u00e1rio nativo<\/p>\n\n\n\n<div class=\"wp-block-cf-roadmap-item-tooltip roadmap_item__tooltip\">\n<p><\/p>\n<\/div>\n<\/div>\n\n\n\n<div class=\"wp-block-cf-roadmap-item roadmap_item\">\n<p>Informa\u00e7\u00f5es do propriet\u00e1rio na p\u00e1gina de agendamento em todas as plataformas<\/p>\n\n\n\n<div class=\"wp-block-cf-roadmap-item-tooltip roadmap_item__tooltip\">\n<p><\/p>\n<\/div>\n<\/div>\n\n\n\n<div class=\"wp-block-cf-roadmap-item roadmap_item\">\n<p>P\u00e1ginas de agendamento em grupo flex\u00edveis<\/p>\n\n\n\n<div class=\"wp-block-cf-roadmap-item-tooltip roadmap_item__tooltip\">\n<p><\/p>\n<\/div>\n<\/div>\n\n\n\n<div class=\"wp-block-cf-roadmap-item roadmap_item\">\n<p>Novos filtros pessoais<\/p>\n\n\n\n<div class=\"wp-block-cf-roadmap-item-tooltip roadmap_item__tooltip\">\n<p><\/p>\n<\/div>\n<\/div>\n\n\n\n<div class=\"wp-block-cf-roadmap-item roadmap_item\">\n<p>Gerenciamento de anfitri\u00f5es baseado em grupos<\/p>\n\n\n\n<div class=\"wp-block-cf-roadmap-item-tooltip roadmap_item__tooltip\">\n<p><\/p>\n<\/div>\n<\/div>\n\n\n\n<div class=\"wp-block-cf-roadmap-item roadmap_item\">\n<p>Gerenciamento de convites para anfitri\u00f5es externos<\/p>\n\n\n\n<div class=\"wp-block-cf-roadmap-item-tooltip roadmap_item__tooltip\">\n<p><\/p>\n<\/div>\n<\/div>\n\n\n\n<div class=\"wp-block-cf-roadmap-item roadmap_item\">\n<p>Agendamento de eventos e contexto de exibi\u00e7\u00e3o<\/p>\n\n\n\n<div class=\"wp-block-cf-roadmap-item-tooltip roadmap_item__tooltip\">\n<p><\/p>\n<\/div>\n<\/div>\n<\/div>\n<\/div><\/div>\n\n<p><\/p>\n","protected":false},"excerpt":{"rendered":"","protected":false},"author":1,"featured_media":10221,"parent":0,"menu_order":0,"comment_status":"closed","ping_status":"closed","template":"","meta":{"inline_featured_image":false,"footnotes":""},"class_list":["post-2963","page","type-page","status-publish","has-post-thumbnail","hentry"],"yoast_head":"<!-- This site is optimized with the Yoast SEO Premium plugin v26.8 (Yoast SEO v26.8) - https:\/\/yoast.com\/product\/yoast-seo-premium-wordpress\/ -->\n<title>Calfrenzy Mapa de Recursos - Recursos e Atualiza\u00e7\u00f5es Futuras<\/title>\n<meta name=\"description\" content=\"Explore o roadmap da Calfrenzy para ver os recursos, melhorias e inova\u00e7\u00f5es futuras. Fique por dentro e ajude a moldar o futuro do agendamento.\" \/>\n<meta name=\"robots\" content=\"index, follow, max-snippet:-1, max-image-preview:large, max-video-preview:-1\" \/>\n<link rel=\"canonical\" href=\"https:\/\/calfrenzy.com\/pt-br\/mapa-de-recursos\/\" \/>\n<meta property=\"og:locale\" content=\"pt_BR\" \/>\n<meta property=\"og:type\" content=\"article\" \/>\n<meta property=\"og:title\" content=\"Mapa de Recursos\" \/>\n<meta property=\"og:description\" content=\"Explore o roadmap da Calfrenzy para ver os recursos, melhorias e inova\u00e7\u00f5es futuras. Fique por dentro e ajude a moldar o futuro do agendamento.\" \/>\n<meta property=\"og:url\" content=\"https:\/\/calfrenzy.com\/pt-br\/mapa-de-recursos\/\" \/>\n<meta property=\"og:site_name\" content=\"calfrenzy\" \/>\n<meta property=\"article:publisher\" content=\"https:\/\/www.facebook.com\/calfrenzy\" \/>\n<meta property=\"article:modified_time\" content=\"2025-10-03T14:44:33+00:00\" \/>\n<meta property=\"og:image\" content=\"https:\/\/calfrenzy.com\/wp-content\/uploads\/2024\/06\/ease_3.png\" \/>\n\t<meta property=\"og:image:width\" content=\"1620\" \/>\n\t<meta property=\"og:image:height\" content=\"632\" \/>\n\t<meta property=\"og:image:type\" content=\"image\/png\" \/>\n<meta name=\"twitter:card\" content=\"summary_large_image\" \/>\n<meta name=\"twitter:site\" content=\"@calfrenzy53224\" \/>\n<meta name=\"twitter:label1\" content=\"Tempo estimado de leitura\" \/>\n\t<meta name=\"twitter:data1\" content=\"2 minutos\" \/>\n<script type=\"application\/ld+json\" class=\"yoast-schema-graph\">{\"@context\":\"https:\/\/schema.org\",\"@graph\":[{\"@type\":\"WebPage\",\"@id\":\"https:\/\/calfrenzy.com\/pt-br\/mapa-de-recursos\/\",\"url\":\"https:\/\/calfrenzy.com\/pt-br\/mapa-de-recursos\/\",\"name\":\"Calfrenzy Mapa de Recursos - Recursos e Atualiza\u00e7\u00f5es Futuras\",\"isPartOf\":{\"@id\":\"https:\/\/calfrenzy.com\/pt-br\/#website\"},\"primaryImageOfPage\":{\"@id\":\"https:\/\/calfrenzy.com\/pt-br\/mapa-de-recursos\/#primaryimage\"},\"image\":{\"@id\":\"https:\/\/calfrenzy.com\/pt-br\/mapa-de-recursos\/#primaryimage\"},\"thumbnailUrl\":\"https:\/\/calfrenzy.com\/wp-content\/uploads\/2025\/11\/Roadmap-Portuguese.png\",\"datePublished\":\"2025-01-07T10:48:56+00:00\",\"dateModified\":\"2025-10-03T14:44:33+00:00\",\"description\":\"Explore o roadmap da Calfrenzy para ver os recursos, melhorias e inova\u00e7\u00f5es futuras. Fique por dentro e ajude a moldar o futuro do agendamento.\",\"breadcrumb\":{\"@id\":\"https:\/\/calfrenzy.com\/pt-br\/mapa-de-recursos\/#breadcrumb\"},\"inLanguage\":\"pt-BR\",\"potentialAction\":[{\"@type\":\"ReadAction\",\"target\":[\"https:\/\/calfrenzy.com\/pt-br\/mapa-de-recursos\/\"]}]},{\"@type\":\"ImageObject\",\"inLanguage\":\"pt-BR\",\"@id\":\"https:\/\/calfrenzy.com\/pt-br\/mapa-de-recursos\/#primaryimage\",\"url\":\"https:\/\/calfrenzy.com\/wp-content\/uploads\/2025\/11\/Roadmap-Portuguese.png\",\"contentUrl\":\"https:\/\/calfrenzy.com\/wp-content\/uploads\/2025\/11\/Roadmap-Portuguese.png\",\"width\":2400,\"height\":1260},{\"@type\":\"BreadcrumbList\",\"@id\":\"https:\/\/calfrenzy.com\/pt-br\/mapa-de-recursos\/#breadcrumb\",\"itemListElement\":[{\"@type\":\"ListItem\",\"position\":1,\"name\":\"Home\",\"item\":\"https:\/\/calfrenzy.com\/pt-br\/\"},{\"@type\":\"ListItem\",\"position\":2,\"name\":\"Mapa de Recursos\"}]},{\"@type\":\"WebSite\",\"@id\":\"https:\/\/calfrenzy.com\/pt-br\/#website\",\"url\":\"https:\/\/calfrenzy.com\/pt-br\/\",\"name\":\"Calfrenzy\",\"description\":\"Easy Scheduling Across Time Zones and Organizations\",\"publisher\":{\"@id\":\"https:\/\/calfrenzy.com\/pt-br\/#organization\"},\"alternateName\":\"calfrenzy\",\"potentialAction\":[{\"@type\":\"SearchAction\",\"target\":{\"@type\":\"EntryPoint\",\"urlTemplate\":\"https:\/\/calfrenzy.com\/pt-br\/?s={search_term_string}\"},\"query-input\":{\"@type\":\"PropertyValueSpecification\",\"valueRequired\":true,\"valueName\":\"search_term_string\"}}],\"inLanguage\":\"pt-BR\"},{\"@type\":\"Organization\",\"@id\":\"https:\/\/calfrenzy.com\/pt-br\/#organization\",\"name\":\"Calfrenzy\",\"alternateName\":\"calfrenzy\",\"url\":\"https:\/\/calfrenzy.com\/pt-br\/\",\"logo\":{\"@type\":\"ImageObject\",\"inLanguage\":\"pt-BR\",\"@id\":\"https:\/\/calfrenzy.com\/pt-br\/#\/schema\/logo\/image\/\",\"url\":\"https:\/\/calfrenzy.com\/wp-content\/uploads\/2024\/06\/float_6_1.svg\",\"contentUrl\":\"https:\/\/calfrenzy.com\/wp-content\/uploads\/2024\/06\/float_6_1.svg\",\"width\":47,\"height\":50,\"caption\":\"Calfrenzy\"},\"image\":{\"@id\":\"https:\/\/calfrenzy.com\/pt-br\/#\/schema\/logo\/image\/\"},\"sameAs\":[\"https:\/\/www.facebook.com\/calfrenzy\",\"https:\/\/x.com\/calfrenzy53224\",\"https:\/\/www.youtube.com\/@Calfrenzy\",\"https:\/\/www.linkedin.com\/company\/calfrenzy\",\"https:\/\/www.capterra.com\/p\/10020993\/CalFrenzy\/\",\"https:\/\/chromewebstore.google.com\/detail\/calfrenzy-free-online-app\/igmlifilbgnlaijamohaakgoacoeoidk?hl=en\",\"https:\/\/workspace.google.com\/marketplace\/app\/calfrenzy\/369573383535\",\"https:\/\/www.trustpilot.com\/review\/calfrenzy.com\",\"https:\/\/www.g2.com\/products\/calfrenzy\/reviews\"]}]}<\/script>\n<!-- \/ Yoast SEO Premium plugin. -->","yoast_head_json":{"title":"Calfrenzy Mapa de Recursos - Recursos e Atualiza\u00e7\u00f5es Futuras","description":"Explore o roadmap da Calfrenzy para ver os recursos, melhorias e inova\u00e7\u00f5es futuras. Fique por dentro e ajude a moldar o futuro do agendamento.","robots":{"index":"index","follow":"follow","max-snippet":"max-snippet:-1","max-image-preview":"max-image-preview:large","max-video-preview":"max-video-preview:-1"},"canonical":"https:\/\/calfrenzy.com\/pt-br\/mapa-de-recursos\/","og_locale":"pt_BR","og_type":"article","og_title":"Mapa de Recursos","og_description":"Explore o roadmap da Calfrenzy para ver os recursos, melhorias e inova\u00e7\u00f5es futuras. Fique por dentro e ajude a moldar o futuro do agendamento.","og_url":"https:\/\/calfrenzy.com\/pt-br\/mapa-de-recursos\/","og_site_name":"calfrenzy","article_publisher":"https:\/\/www.facebook.com\/calfrenzy","article_modified_time":"2025-10-03T14:44:33+00:00","og_image":[{"width":1620,"height":632,"url":"https:\/\/calfrenzy.com\/wp-content\/uploads\/2024\/06\/ease_3.png","type":"image\/png"}],"twitter_card":"summary_large_image","twitter_site":"@calfrenzy53224","twitter_misc":{"Tempo estimado de leitura":"2 minutos"},"schema":{"@context":"https:\/\/schema.org","@graph":[{"@type":"WebPage","@id":"https:\/\/calfrenzy.com\/pt-br\/mapa-de-recursos\/","url":"https:\/\/calfrenzy.com\/pt-br\/mapa-de-recursos\/","name":"Calfrenzy Mapa de Recursos - Recursos e Atualiza\u00e7\u00f5es Futuras","isPartOf":{"@id":"https:\/\/calfrenzy.com\/pt-br\/#website"},"primaryImageOfPage":{"@id":"https:\/\/calfrenzy.com\/pt-br\/mapa-de-recursos\/#primaryimage"},"image":{"@id":"https:\/\/calfrenzy.com\/pt-br\/mapa-de-recursos\/#primaryimage"},"thumbnailUrl":"https:\/\/calfrenzy.com\/wp-content\/uploads\/2025\/11\/Roadmap-Portuguese.png","datePublished":"2025-01-07T10:48:56+00:00","dateModified":"2025-10-03T14:44:33+00:00","description":"Explore o roadmap da Calfrenzy para ver os recursos, melhorias e inova\u00e7\u00f5es futuras. Fique por dentro e ajude a moldar o futuro do agendamento.","breadcrumb":{"@id":"https:\/\/calfrenzy.com\/pt-br\/mapa-de-recursos\/#breadcrumb"},"inLanguage":"pt-BR","potentialAction":[{"@type":"ReadAction","target":["https:\/\/calfrenzy.com\/pt-br\/mapa-de-recursos\/"]}]},{"@type":"ImageObject","inLanguage":"pt-BR","@id":"https:\/\/calfrenzy.com\/pt-br\/mapa-de-recursos\/#primaryimage","url":"https:\/\/calfrenzy.com\/wp-content\/uploads\/2025\/11\/Roadmap-Portuguese.png","contentUrl":"https:\/\/calfrenzy.com\/wp-content\/uploads\/2025\/11\/Roadmap-Portuguese.png","width":2400,"height":1260},{"@type":"BreadcrumbList","@id":"https:\/\/calfrenzy.com\/pt-br\/mapa-de-recursos\/#breadcrumb","itemListElement":[{"@type":"ListItem","position":1,"name":"Home","item":"https:\/\/calfrenzy.com\/pt-br\/"},{"@type":"ListItem","position":2,"name":"Mapa de Recursos"}]},{"@type":"WebSite","@id":"https:\/\/calfrenzy.com\/pt-br\/#website","url":"https:\/\/calfrenzy.com\/pt-br\/","name":"Calfrenzy","description":"Easy Scheduling Across Time Zones and Organizations","publisher":{"@id":"https:\/\/calfrenzy.com\/pt-br\/#organization"},"alternateName":"calfrenzy","potentialAction":[{"@type":"SearchAction","target":{"@type":"EntryPoint","urlTemplate":"https:\/\/calfrenzy.com\/pt-br\/?s={search_term_string}"},"query-input":{"@type":"PropertyValueSpecification","valueRequired":true,"valueName":"search_term_string"}}],"inLanguage":"pt-BR"},{"@type":"Organization","@id":"https:\/\/calfrenzy.com\/pt-br\/#organization","name":"Calfrenzy","alternateName":"calfrenzy","url":"https:\/\/calfrenzy.com\/pt-br\/","logo":{"@type":"ImageObject","inLanguage":"pt-BR","@id":"https:\/\/calfrenzy.com\/pt-br\/#\/schema\/logo\/image\/","url":"https:\/\/calfrenzy.com\/wp-content\/uploads\/2024\/06\/float_6_1.svg","contentUrl":"https:\/\/calfrenzy.com\/wp-content\/uploads\/2024\/06\/float_6_1.svg","width":47,"height":50,"caption":"Calfrenzy"},"image":{"@id":"https:\/\/calfrenzy.com\/pt-br\/#\/schema\/logo\/image\/"},"sameAs":["https:\/\/www.facebook.com\/calfrenzy","https:\/\/x.com\/calfrenzy53224","https:\/\/www.youtube.com\/@Calfrenzy","https:\/\/www.linkedin.com\/company\/calfrenzy","https:\/\/www.capterra.com\/p\/10020993\/CalFrenzy\/","https:\/\/chromewebstore.google.com\/detail\/calfrenzy-free-online-app\/igmlifilbgnlaijamohaakgoacoeoidk?hl=en","https:\/\/workspace.google.com\/marketplace\/app\/calfrenzy\/369573383535","https:\/\/www.trustpilot.com\/review\/calfrenzy.com","https:\/\/www.g2.com\/products\/calfrenzy\/reviews"]}]}},"_links":{"self":[{"href":"https:\/\/calfrenzy.com\/pt-br\/wp-json\/wp\/v2\/pages\/2963","targetHints":{"allow":["GET"]}}],"collection":[{"href":"https:\/\/calfrenzy.com\/pt-br\/wp-json\/wp\/v2\/pages"}],"about":[{"href":"https:\/\/calfrenzy.com\/pt-br\/wp-json\/wp\/v2\/types\/page"}],"author":[{"embeddable":true,"href":"https:\/\/calfrenzy.com\/pt-br\/wp-json\/wp\/v2\/users\/1"}],"replies":[{"embeddable":true,"href":"https:\/\/calfrenzy.com\/pt-br\/wp-json\/wp\/v2\/comments?post=2963"}],"version-history":[{"count":10,"href":"https:\/\/calfrenzy.com\/pt-br\/wp-json\/wp\/v2\/pages\/2963\/revisions"}],"predecessor-version":[{"id":9111,"href":"https:\/\/calfrenzy.com\/pt-br\/wp-json\/wp\/v2\/pages\/2963\/revisions\/9111"}],"wp:featuredmedia":[{"embeddable":true,"href":"https:\/\/calfrenzy.com\/pt-br\/wp-json\/wp\/v2\/media\/10221"}],"wp:attachment":[{"href":"https:\/\/calfrenzy.com\/pt-br\/wp-json\/wp\/v2\/media?parent=2963"}],"curies":[{"name":"wp","href":"https:\/\/api.w.org\/{rel}","templated":true}]}}