{"id":2965,"date":"2024-06-19T09:47:41","date_gmt":"2024-06-19T09:47:41","guid":{"rendered":"https:\/\/calfrenzy.com\/?page_id=2965"},"modified":"2025-02-20T07:28:55","modified_gmt":"2025-02-20T07:28:55","slug":"suporte","status":"publish","type":"page","link":"https:\/\/calfrenzy.com\/pt-br\/suporte\/","title":{"rendered":"Suporte"},"content":{"rendered":"\n<div class=\"contact_sales\">\n<div class=\"contact_sales__content\">\n<h1 class=\"wp-block-heading\">Central de Ajuda da Calfrenzy<\/h1>\n\n\n\n<h5 class=\"wp-block-heading\"><strong>O melhor suporte para suas necessidades de agendamento<\/strong><\/h5>\n\n\n\n<ul class=\"wp-block-list\">\n<li>Bem-vindo ao Suporte da Calfrenzy! Estamos aqui para garantir que voc\u00ea aproveite ao m\u00e1ximo nossa plataforma de agendamento, seja voc\u00ea um iniciante ou um usu\u00e1rio avan\u00e7ado.  <\/li>\n\n\n\n<li>Embora nossos artigos e tutoriais ainda n\u00e3o estejam dispon\u00edveis, estamos comprometidos em fornecer conte\u00fado valioso em breve. Enquanto isso, se voc\u00ea tiver alguma d\u00favida ou precisar de assist\u00eancia, nossa equipe de suporte est\u00e1 aqui para ajudar. Acompanhe nossas atualiza\u00e7\u00f5es enquanto criamos uma base de conhecimento completa para otimizar seu agendamento.  <\/li>\n<\/ul>\n<\/div>\n\n\n\n<div class=\"contact_sales__form\">\n<div class=\"wpcf7 no-js\" id=\"wpcf7-f2624-o1\" lang=\"pt-BR\" dir=\"ltr\" data-wpcf7-id=\"2624\">\n<div class=\"screen-reader-response\"><p role=\"status\" aria-live=\"polite\" aria-atomic=\"true\"><\/p> <ul><\/ul><\/div>\n<form action=\"\/pt-br\/wp-json\/wp\/v2\/pages\/2965#wpcf7-f2624-o1\" method=\"post\" class=\"wpcf7-form init 255c7aad8747 cmatic-conn cmatic-aud-1 cmatic-mapd0-0 cmatic-v0973 cmatic-sent-0 cmatic-total-0\" aria-label=\"Formul\u00e1rio de contato\" enctype=\"multipart\/form-data\" novalidate=\"novalidate\" data-status=\"init\">\n<fieldset class=\"hidden-fields-container\"><input type=\"hidden\" name=\"_wpcf7\" value=\"2624\" \/><input type=\"hidden\" name=\"_wpcf7_version\" value=\"6.1.4\" \/><input type=\"hidden\" name=\"_wpcf7_locale\" value=\"pt_BR\" \/><input type=\"hidden\" name=\"_wpcf7_unit_tag\" value=\"wpcf7-f2624-o1\" \/><input type=\"hidden\" name=\"_wpcf7_container_post\" value=\"0\" \/><input type=\"hidden\" name=\"_wpcf7_posted_data_hash\" value=\"\" \/><input type=\"hidden\" name=\"_wpcf7_recaptcha_response\" value=\"\" \/>\n<\/fieldset>\n<div class=\"cf7\">\n   <p class=\"cf7__heading has-x-large-font-size\"><strong>Por favor, preencha o formul\u00e1rio abaixo e entraremos em contato com voc\u00ea dentro de um dia \u00fatil.<\/strong><\/p>\n   <div class=\"cf7__form\">\n      <div class=\"cf7__form-item\">\n          <label>Seu Nome*<\/label>\n<span class=\"wpcf7-form-control-wrap\" data-name=\"your-name\"><input size=\"40\" maxlength=\"400\" class=\"wpcf7-form-control wpcf7-text wpcf7-validates-as-required\" aria-required=\"true\" aria-invalid=\"false\" placeholder=\"Insira seu nome\" value=\"\" type=\"text\" name=\"your-name\" \/><\/span>\n      <\/div>\n      <div class=\"cf7__form-item\">\n          <label> E-mail*<\/label>\n<span class=\"wpcf7-form-control-wrap\" data-name=\"e-mail\"><input size=\"40\" maxlength=\"400\" class=\"wpcf7-form-control wpcf7-text wpcf7-validates-as-required\" aria-required=\"true\" aria-invalid=\"false\" placeholder=\"email@exemplo.com\" value=\"\" type=\"text\" name=\"e-mail\" \/><\/span>\n      <\/div>\n      <div class=\"cf7__form-item\">\n          <label>Telefone*<\/label>\n<span class=\"wpcf7-form-control-wrap\" data-name=\"phone\"><input size=\"40\" maxlength=\"400\" class=\"wpcf7-form-control wpcf7-tel wpcf7-text wpcf7-validates-as-tel\" aria-invalid=\"false\" placeholder=\"Seu telefone\" value=\"\" type=\"tel\" name=\"phone\" \/><\/span>\n      <\/div>\n      <div class=\"cf7__form-item\">\n          <label>Mensagem<\/label>\n<span class=\"wpcf7-form-control-wrap\" data-name=\"message\"><textarea cols=\"40\" rows=\"10\" maxlength=\"2000\" class=\"wpcf7-form-control wpcf7-textarea\" aria-invalid=\"false\" placeholder=\"Sua mensagem\" name=\"message\"><\/textarea><\/span>\n      <\/div>\n      <div class=\"cf7__form-item\">\n          <label for=\"file_for_support\" id=\"label_file\">Arquivo<\/label>\n          <span class=\"wpcf7-form-control-wrap\" data-name=\"file\"><input size=\"40\" class=\"wpcf7-form-control wpcf7-file\" id=\"file_for_support\" accept=\"audio\/*,video\/*,image\/*\" aria-invalid=\"false\" type=\"file\" name=\"file\" \/><\/span>\n<span id=\"checked_file_name\"><\/span>\n      <\/div>\n   <\/div>\n   <p class=\"cf7__note has-medium-font-size\">Ao clicar em enviar, voc\u00ea confirma que consente com o processamento de suas informa\u00e7\u00f5es pessoais de acordo com a nossa <a href=\"\/privacy-policy\/\">Pol\u00edtica de Privacidade<\/a>.<\/p>\n<button class=\"wpcf7-submit\" type=\"submit\">Enviar <i><\/i><\/button>\n<\/div>\n<div class=\"cf7-success\">\n<h3 class=\"wp-block-heading\">Obrigado pelo seu envio!<\/h3>\n<p class=\"has-large-font-size\">Recebemos sua solicita\u00e7\u00e3o com sucesso.<\/p>\n<p class=\"has-large-font-size\">Nossa equipe de suporte est\u00e1 analisando seu ticket e voc\u00ea pode esperar uma resposta dentro de 24 horas.<\/p>\n<\/div><p style=\"display: none !important;\" class=\"akismet-fields-container\" data-prefix=\"_wpcf7_ak_\"><label>&#916;<textarea name=\"_wpcf7_ak_hp_textarea\" cols=\"45\" rows=\"8\" maxlength=\"100\"><\/textarea><\/label><input type=\"hidden\" id=\"ak_js_1\" name=\"_wpcf7_ak_js\" value=\"174\"\/><script>document.getElementById( \"ak_js_1\" ).setAttribute( \"value\", ( new Date() ).getTime() );<\/script><\/p><div class=\"wpcf7-response-output\" aria-hidden=\"true\"><\/div>\n<\/form>\n<\/div>\n<\/div>\n<\/div>\n","protected":false},"excerpt":{"rendered":"","protected":false},"author":1,"featured_media":0,"parent":0,"menu_order":0,"comment_status":"closed","ping_status":"closed","template":"new_home.php","meta":{"inline_featured_image":false,"footnotes":""},"class_list":["post-2965","page","type-page","status-publish","hentry"],"yoast_head":"<!-- This site is optimized with the Yoast SEO Premium plugin v26.8 (Yoast SEO v26.8) - https:\/\/yoast.com\/product\/yoast-seo-premium-wordpress\/ -->\n<title>Central de Ajuda e Suporte da Calfrenzy<\/title>\n<meta name=\"description\" content=\"Obtenha todas as ferramentas e informa\u00e7\u00f5es para maximizar a plataforma de agendamento da Calfrenzy. Tem d\u00favidas? Nossa equipe de suporte est\u00e1 pronta para ajudar enquanto constru\u00edmos nossa biblioteca de recursos.\" \/>\n<meta name=\"robots\" content=\"index, follow, max-snippet:-1, max-image-preview:large, max-video-preview:-1\" \/>\n<link rel=\"canonical\" href=\"https:\/\/calfrenzy.com\/pt-br\/suporte\/\" \/>\n<meta property=\"og:locale\" content=\"pt_BR\" \/>\n<meta property=\"og:type\" content=\"article\" \/>\n<meta property=\"og:title\" content=\"Suporte\" \/>\n<meta property=\"og:description\" content=\"Obtenha todas as ferramentas e informa\u00e7\u00f5es para maximizar a plataforma de agendamento da Calfrenzy. Tem d\u00favidas? Nossa equipe de suporte est\u00e1 pronta para ajudar enquanto constru\u00edmos nossa biblioteca de recursos.\" \/>\n<meta property=\"og:url\" content=\"https:\/\/calfrenzy.com\/pt-br\/suporte\/\" \/>\n<meta property=\"og:site_name\" content=\"calfrenzy\" \/>\n<meta property=\"article:publisher\" content=\"https:\/\/www.facebook.com\/calfrenzy\" \/>\n<meta property=\"article:modified_time\" content=\"2025-02-20T07:28:55+00:00\" \/>\n<meta property=\"og:image\" content=\"https:\/\/calfrenzy.com\/wp-content\/uploads\/2024\/06\/ease_3.png\" \/>\n\t<meta property=\"og:image:width\" content=\"1620\" \/>\n\t<meta property=\"og:image:height\" content=\"632\" \/>\n\t<meta property=\"og:image:type\" content=\"image\/png\" \/>\n<meta name=\"twitter:card\" content=\"summary_large_image\" \/>\n<meta name=\"twitter:site\" content=\"@calfrenzy53224\" \/>\n<script type=\"application\/ld+json\" class=\"yoast-schema-graph\">{\"@context\":\"https:\/\/schema.org\",\"@graph\":[{\"@type\":\"WebPage\",\"@id\":\"https:\/\/calfrenzy.com\/pt-br\/suporte\/\",\"url\":\"https:\/\/calfrenzy.com\/pt-br\/suporte\/\",\"name\":\"Central de Ajuda e Suporte da Calfrenzy\",\"isPartOf\":{\"@id\":\"https:\/\/calfrenzy.com\/pt-br\/#website\"},\"datePublished\":\"2024-06-19T09:47:41+00:00\",\"dateModified\":\"2025-02-20T07:28:55+00:00\",\"description\":\"Obtenha todas as ferramentas e informa\u00e7\u00f5es para maximizar a plataforma de agendamento da Calfrenzy. Tem d\u00favidas? Nossa equipe de suporte est\u00e1 pronta para ajudar enquanto constru\u00edmos nossa biblioteca de recursos.\",\"breadcrumb\":{\"@id\":\"https:\/\/calfrenzy.com\/pt-br\/suporte\/#breadcrumb\"},\"inLanguage\":\"pt-BR\",\"potentialAction\":[{\"@type\":\"ReadAction\",\"target\":[\"https:\/\/calfrenzy.com\/pt-br\/suporte\/\"]}]},{\"@type\":\"BreadcrumbList\",\"@id\":\"https:\/\/calfrenzy.com\/pt-br\/suporte\/#breadcrumb\",\"itemListElement\":[{\"@type\":\"ListItem\",\"position\":1,\"name\":\"Home\",\"item\":\"https:\/\/calfrenzy.com\/pt-br\/\"},{\"@type\":\"ListItem\",\"position\":2,\"name\":\"Suporte\"}]},{\"@type\":\"WebSite\",\"@id\":\"https:\/\/calfrenzy.com\/pt-br\/#website\",\"url\":\"https:\/\/calfrenzy.com\/pt-br\/\",\"name\":\"Calfrenzy\",\"description\":\"Easy Scheduling Across Time Zones and Organizations\",\"publisher\":{\"@id\":\"https:\/\/calfrenzy.com\/pt-br\/#organization\"},\"alternateName\":\"calfrenzy\",\"potentialAction\":[{\"@type\":\"SearchAction\",\"target\":{\"@type\":\"EntryPoint\",\"urlTemplate\":\"https:\/\/calfrenzy.com\/pt-br\/?s={search_term_string}\"},\"query-input\":{\"@type\":\"PropertyValueSpecification\",\"valueRequired\":true,\"valueName\":\"search_term_string\"}}],\"inLanguage\":\"pt-BR\"},{\"@type\":\"Organization\",\"@id\":\"https:\/\/calfrenzy.com\/pt-br\/#organization\",\"name\":\"Calfrenzy\",\"alternateName\":\"calfrenzy\",\"url\":\"https:\/\/calfrenzy.com\/pt-br\/\",\"logo\":{\"@type\":\"ImageObject\",\"inLanguage\":\"pt-BR\",\"@id\":\"https:\/\/calfrenzy.com\/pt-br\/#\/schema\/logo\/image\/\",\"url\":\"https:\/\/calfrenzy.com\/wp-content\/uploads\/2024\/06\/float_6_1.svg\",\"contentUrl\":\"https:\/\/calfrenzy.com\/wp-content\/uploads\/2024\/06\/float_6_1.svg\",\"width\":47,\"height\":50,\"caption\":\"Calfrenzy\"},\"image\":{\"@id\":\"https:\/\/calfrenzy.com\/pt-br\/#\/schema\/logo\/image\/\"},\"sameAs\":[\"https:\/\/www.facebook.com\/calfrenzy\",\"https:\/\/x.com\/calfrenzy53224\",\"https:\/\/www.youtube.com\/@Calfrenzy\",\"https:\/\/www.linkedin.com\/company\/calfrenzy\",\"https:\/\/www.capterra.com\/p\/10020993\/CalFrenzy\/\",\"https:\/\/chromewebstore.google.com\/detail\/calfrenzy-free-online-app\/igmlifilbgnlaijamohaakgoacoeoidk?hl=en\",\"https:\/\/workspace.google.com\/marketplace\/app\/calfrenzy\/369573383535\",\"https:\/\/www.trustpilot.com\/review\/calfrenzy.com\",\"https:\/\/www.g2.com\/products\/calfrenzy\/reviews\"]}]}<\/script>\n<!-- \/ Yoast SEO Premium plugin. -->","yoast_head_json":{"title":"Central de Ajuda e Suporte da Calfrenzy","description":"Obtenha todas as ferramentas e informa\u00e7\u00f5es para maximizar a plataforma de agendamento da Calfrenzy. Tem d\u00favidas? Nossa equipe de suporte est\u00e1 pronta para ajudar enquanto constru\u00edmos nossa biblioteca de recursos.","robots":{"index":"index","follow":"follow","max-snippet":"max-snippet:-1","max-image-preview":"max-image-preview:large","max-video-preview":"max-video-preview:-1"},"canonical":"https:\/\/calfrenzy.com\/pt-br\/suporte\/","og_locale":"pt_BR","og_type":"article","og_title":"Suporte","og_description":"Obtenha todas as ferramentas e informa\u00e7\u00f5es para maximizar a plataforma de agendamento da Calfrenzy. Tem d\u00favidas? Nossa equipe de suporte est\u00e1 pronta para ajudar enquanto constru\u00edmos nossa biblioteca de recursos.","og_url":"https:\/\/calfrenzy.com\/pt-br\/suporte\/","og_site_name":"calfrenzy","article_publisher":"https:\/\/www.facebook.com\/calfrenzy","article_modified_time":"2025-02-20T07:28:55+00:00","og_image":[{"width":1620,"height":632,"url":"https:\/\/calfrenzy.com\/wp-content\/uploads\/2024\/06\/ease_3.png","type":"image\/png"}],"twitter_card":"summary_large_image","twitter_site":"@calfrenzy53224","schema":{"@context":"https:\/\/schema.org","@graph":[{"@type":"WebPage","@id":"https:\/\/calfrenzy.com\/pt-br\/suporte\/","url":"https:\/\/calfrenzy.com\/pt-br\/suporte\/","name":"Central de Ajuda e Suporte da Calfrenzy","isPartOf":{"@id":"https:\/\/calfrenzy.com\/pt-br\/#website"},"datePublished":"2024-06-19T09:47:41+00:00","dateModified":"2025-02-20T07:28:55+00:00","description":"Obtenha todas as ferramentas e informa\u00e7\u00f5es para maximizar a plataforma de agendamento da Calfrenzy. Tem d\u00favidas? Nossa equipe de suporte est\u00e1 pronta para ajudar enquanto constru\u00edmos nossa biblioteca de recursos.","breadcrumb":{"@id":"https:\/\/calfrenzy.com\/pt-br\/suporte\/#breadcrumb"},"inLanguage":"pt-BR","potentialAction":[{"@type":"ReadAction","target":["https:\/\/calfrenzy.com\/pt-br\/suporte\/"]}]},{"@type":"BreadcrumbList","@id":"https:\/\/calfrenzy.com\/pt-br\/suporte\/#breadcrumb","itemListElement":[{"@type":"ListItem","position":1,"name":"Home","item":"https:\/\/calfrenzy.com\/pt-br\/"},{"@type":"ListItem","position":2,"name":"Suporte"}]},{"@type":"WebSite","@id":"https:\/\/calfrenzy.com\/pt-br\/#website","url":"https:\/\/calfrenzy.com\/pt-br\/","name":"Calfrenzy","description":"Easy Scheduling Across Time Zones and Organizations","publisher":{"@id":"https:\/\/calfrenzy.com\/pt-br\/#organization"},"alternateName":"calfrenzy","potentialAction":[{"@type":"SearchAction","target":{"@type":"EntryPoint","urlTemplate":"https:\/\/calfrenzy.com\/pt-br\/?s={search_term_string}"},"query-input":{"@type":"PropertyValueSpecification","valueRequired":true,"valueName":"search_term_string"}}],"inLanguage":"pt-BR"},{"@type":"Organization","@id":"https:\/\/calfrenzy.com\/pt-br\/#organization","name":"Calfrenzy","alternateName":"calfrenzy","url":"https:\/\/calfrenzy.com\/pt-br\/","logo":{"@type":"ImageObject","inLanguage":"pt-BR","@id":"https:\/\/calfrenzy.com\/pt-br\/#\/schema\/logo\/image\/","url":"https:\/\/calfrenzy.com\/wp-content\/uploads\/2024\/06\/float_6_1.svg","contentUrl":"https:\/\/calfrenzy.com\/wp-content\/uploads\/2024\/06\/float_6_1.svg","width":47,"height":50,"caption":"Calfrenzy"},"image":{"@id":"https:\/\/calfrenzy.com\/pt-br\/#\/schema\/logo\/image\/"},"sameAs":["https:\/\/www.facebook.com\/calfrenzy","https:\/\/x.com\/calfrenzy53224","https:\/\/www.youtube.com\/@Calfrenzy","https:\/\/www.linkedin.com\/company\/calfrenzy","https:\/\/www.capterra.com\/p\/10020993\/CalFrenzy\/","https:\/\/chromewebstore.google.com\/detail\/calfrenzy-free-online-app\/igmlifilbgnlaijamohaakgoacoeoidk?hl=en","https:\/\/workspace.google.com\/marketplace\/app\/calfrenzy\/369573383535","https:\/\/www.trustpilot.com\/review\/calfrenzy.com","https:\/\/www.g2.com\/products\/calfrenzy\/reviews"]}]}},"_links":{"self":[{"href":"https:\/\/calfrenzy.com\/pt-br\/wp-json\/wp\/v2\/pages\/2965","targetHints":{"allow":["GET"]}}],"collection":[{"href":"https:\/\/calfrenzy.com\/pt-br\/wp-json\/wp\/v2\/pages"}],"about":[{"href":"https:\/\/calfrenzy.com\/pt-br\/wp-json\/wp\/v2\/types\/page"}],"author":[{"embeddable":true,"href":"https:\/\/calfrenzy.com\/pt-br\/wp-json\/wp\/v2\/users\/1"}],"replies":[{"embeddable":true,"href":"https:\/\/calfrenzy.com\/pt-br\/wp-json\/wp\/v2\/comments?post=2965"}],"version-history":[{"count":9,"href":"https:\/\/calfrenzy.com\/pt-br\/wp-json\/wp\/v2\/pages\/2965\/revisions"}],"predecessor-version":[{"id":5563,"href":"https:\/\/calfrenzy.com\/pt-br\/wp-json\/wp\/v2\/pages\/2965\/revisions\/5563"}],"wp:attachment":[{"href":"https:\/\/calfrenzy.com\/pt-br\/wp-json\/wp\/v2\/media?parent=2965"}],"curies":[{"name":"wp","href":"https:\/\/api.w.org\/{rel}","templated":true}]}}