{"id":7444,"date":"2025-06-11T18:30:43","date_gmt":"2025-06-11T18:30:43","guid":{"rendered":"https:\/\/calfrenzy.com\/?page_id=7444"},"modified":"2025-11-07T20:08:21","modified_gmt":"2025-11-07T20:08:21","slug":"blog","status":"publish","type":"page","link":"https:\/\/calfrenzy.com\/pt-br\/blog\/","title":{"rendered":"Blog"},"content":{"rendered":"\n<div class=\"wp-block-cf-yellow-banner wrapper_yellow_banner\"><div class=\"yellow_banner\">\n<h1 class=\"wp-block-heading has-text-align-center\" id=\"h-calfrenzy-blog\">Blog da Calfrenzy<\/h1>\n\n\n\n<p class=\"has-text-align-center\">Aqui voc\u00ea encontra conte\u00fados para tornar seu agendamento online mais f\u00e1cil do que nunca.<\/p>\n<\/div><\/div>\n    <div class=\"wrapper_blog_list\">\n        <div class=\"blog_list\">\n\n            <div class=\"blog_list__info\">\n                <div class=\"blog_list__info-tags\">\n                    <a class=\"\" href=\"https:\/\/calfrenzy.com\/pt-br\/blog\/category\/produtividade-gestao-do-tempo\/\">Produtividade &amp; Gest\u00e3o do Tempo<\/a>                <\/div>\n                <div class=\"blog_list__info-search\">\n                    <form action=\"\/\" method=\"get\">\n    <input type=\"text\" name=\"s\" id=\"search\" value=\"\" placeholder=\"Pesquisar...\" \/>\n    <button type=\"submit\"><i class=\"icon icon-search\"><\/i><\/button>\n<\/form>                <\/div>\n            <\/div>\n\n            <div class=\"blog_list__items\">\n<div class=\"single_post_card\">\n    <div class=\"single_post_card__image\"><img decoding=\"async\" width=\"2400\" height=\"1350\" src=\"https:\/\/calfrenzy.com\/wp-content\/uploads\/2025\/08\/System-at-Workplace-Graph-Portuguese.png\" class=\"attachment-post-thumbnail size-post-thumbnail wp-post-image\" alt=\"Visual guide titled &#039;5 Steps to Build a Support System at the Workplace&#039; featuring pastel modern design and tips for fostering collaboration and employee support.\" srcset=\"https:\/\/calfrenzy.com\/wp-content\/uploads\/2025\/08\/System-at-Workplace-Graph-Portuguese.png 2400w, https:\/\/calfrenzy.com\/wp-content\/uploads\/2025\/08\/System-at-Workplace-Graph-Portuguese-300x169.png 300w, https:\/\/calfrenzy.com\/wp-content\/uploads\/2025\/08\/System-at-Workplace-Graph-Portuguese-1024x576.png 1024w, https:\/\/calfrenzy.com\/wp-content\/uploads\/2025\/08\/System-at-Workplace-Graph-Portuguese-768x432.png 768w, https:\/\/calfrenzy.com\/wp-content\/uploads\/2025\/08\/System-at-Workplace-Graph-Portuguese-1536x864.png 1536w, https:\/\/calfrenzy.com\/wp-content\/uploads\/2025\/08\/System-at-Workplace-Graph-Portuguese-2048x1152.png 2048w\" sizes=\"(max-width: 2400px) 100vw, 2400px\" \/><\/div>\n    <div class=\"single_post_card__info\">\n        <div class=\"single_post_card__info-tag\">\n            <a href=\"https:\/\/calfrenzy.com\/pt-br\/blog\/category\/produtividade-gestao-do-tempo\/\">Produtividade &amp; Gest\u00e3o do Tempo<\/a>        <\/div>\n        <div class=\"single_post_card__info-info\">\n            <div class=\"reading_time\">\n                <i class=\"icon icon-reading-time\"><\/i>\n                <span>11m\u00edn.<\/span>\n            <\/div>\n            <div class=\"date\">\n                <i class=\"icon icon-date\"><\/i>\n                11 jun, 2025            <\/div>\n        <\/div>\n    <\/div>\n    <h3 class=\"single_post_card__title\">Como Criar um Cronograma e Cumpri-lo<\/h3>\n    <div class=\"single_post_card__excerpt\">Aprenda a criar um cronograma realista que se encaixe na sua rotina. Use estrat\u00e9gias inteligentes e um planejamento flex\u00edvel para manter o foco, reduzir o estresse e avan\u00e7ar de forma consistente todos os dias. <\/div>\n    <div class=\"single_post_card__author\">\n        <div class=\"single_post_card__author-avatar\"><img decoding=\"async\" src=\"\/wp-content\/themes\/calfrenzy\/assets\/images\/logos\/calfrenzy logo.png\" alt=\"Calfrenzy\"><\/div>\n        <div class=\"single_post_card__author-name\">\n            <span>Calfrenzy<\/span>\n            <span>author<\/span>\n        <\/div>\n    <\/div>\n    <a class=\"single_post_card__link\" href=\"https:\/\/calfrenzy.com\/pt-br\/blog\/como-criar-um-cronograma-e-cumpri-lo\/\">Read More<\/a>\n<\/div><\/div>\n        <\/div>\n    <\/div>\n    ","protected":false},"excerpt":{"rendered":"","protected":false},"author":1,"featured_media":10213,"parent":0,"menu_order":0,"comment_status":"closed","ping_status":"closed","template":"","meta":{"inline_featured_image":false,"footnotes":""},"class_list":["post-7444","page","type-page","status-publish","has-post-thumbnail","hentry"],"yoast_head":"<!-- This site is optimized with the Yoast SEO Premium plugin v26.8 (Yoast SEO v26.8) - https:\/\/yoast.com\/product\/yoast-seo-premium-wordpress\/ -->\n<title>Dicas de Agendamento e Novidades do Produto | Blog da Calfrenzy<\/title>\n<meta name=\"description\" content=\"Explore dicas de especialistas, atualiza\u00e7\u00f5es de recursos e hist\u00f3rias de sucesso no Blog da Calfrenzy. Descubra como recrutadores, profissionais de marketing, executivos e equipes de diferentes setores simplificam o agendamento global \u2014 com pre\u00e7o justo e design inteligente.\" \/>\n<meta name=\"robots\" content=\"index, follow, max-snippet:-1, max-image-preview:large, max-video-preview:-1\" \/>\n<link rel=\"canonical\" href=\"https:\/\/calfrenzy.com\/pt-br\/blog\/\" \/>\n<meta property=\"og:locale\" content=\"pt_BR\" \/>\n<meta property=\"og:type\" content=\"article\" \/>\n<meta property=\"og:title\" content=\"Blog\" \/>\n<meta property=\"og:description\" content=\"Explore dicas de especialistas, atualiza\u00e7\u00f5es de recursos e hist\u00f3rias de sucesso no Blog da Calfrenzy. Descubra como recrutadores, profissionais de marketing, executivos e equipes de diferentes setores simplificam o agendamento global \u2014 com pre\u00e7o justo e design inteligente.\" \/>\n<meta property=\"og:url\" content=\"https:\/\/calfrenzy.com\/pt-br\/blog\/\" \/>\n<meta property=\"og:site_name\" content=\"calfrenzy\" \/>\n<meta property=\"article:publisher\" content=\"https:\/\/www.facebook.com\/calfrenzy\" \/>\n<meta property=\"article:modified_time\" content=\"2025-11-07T20:08:21+00:00\" \/>\n<meta property=\"og:image\" content=\"https:\/\/calfrenzy.com\/wp-content\/uploads\/2025\/11\/Blog-English.png\" \/>\n\t<meta property=\"og:image:width\" content=\"2400\" \/>\n\t<meta property=\"og:image:height\" content=\"1260\" \/>\n\t<meta property=\"og:image:type\" content=\"image\/png\" \/>\n<meta name=\"twitter:card\" content=\"summary_large_image\" \/>\n<meta name=\"twitter:site\" content=\"@calfrenzy53224\" \/>\n<script type=\"application\/ld+json\" class=\"yoast-schema-graph\">{\"@context\":\"https:\/\/schema.org\",\"@graph\":[{\"@type\":\"WebPage\",\"@id\":\"https:\/\/calfrenzy.com\/pt-br\/blog\/\",\"url\":\"https:\/\/calfrenzy.com\/pt-br\/blog\/\",\"name\":\"Dicas de Agendamento e Novidades do Produto | Blog da Calfrenzy\",\"isPartOf\":{\"@id\":\"https:\/\/calfrenzy.com\/pt-br\/#website\"},\"primaryImageOfPage\":{\"@id\":\"https:\/\/calfrenzy.com\/pt-br\/blog\/#primaryimage\"},\"image\":{\"@id\":\"https:\/\/calfrenzy.com\/pt-br\/blog\/#primaryimage\"},\"thumbnailUrl\":\"https:\/\/calfrenzy.com\/wp-content\/uploads\/2025\/11\/Blog-Portuguese.png\",\"datePublished\":\"2025-06-11T18:30:43+00:00\",\"dateModified\":\"2025-11-07T20:08:21+00:00\",\"description\":\"Explore dicas de especialistas, atualiza\u00e7\u00f5es de recursos e hist\u00f3rias de sucesso no Blog da Calfrenzy. Descubra como recrutadores, profissionais de marketing, executivos e equipes de diferentes setores simplificam o agendamento global \u2014 com pre\u00e7o justo e design inteligente.\",\"breadcrumb\":{\"@id\":\"https:\/\/calfrenzy.com\/pt-br\/blog\/#breadcrumb\"},\"inLanguage\":\"pt-BR\",\"potentialAction\":[{\"@type\":\"ReadAction\",\"target\":[\"https:\/\/calfrenzy.com\/pt-br\/blog\/\"]}]},{\"@type\":\"ImageObject\",\"inLanguage\":\"pt-BR\",\"@id\":\"https:\/\/calfrenzy.com\/pt-br\/blog\/#primaryimage\",\"url\":\"https:\/\/calfrenzy.com\/wp-content\/uploads\/2025\/11\/Blog-Portuguese.png\",\"contentUrl\":\"https:\/\/calfrenzy.com\/wp-content\/uploads\/2025\/11\/Blog-Portuguese.png\",\"width\":2400,\"height\":1260},{\"@type\":\"BreadcrumbList\",\"@id\":\"https:\/\/calfrenzy.com\/pt-br\/blog\/#breadcrumb\",\"itemListElement\":[{\"@type\":\"ListItem\",\"position\":1,\"name\":\"Home\",\"item\":\"https:\/\/calfrenzy.com\/pt-br\/\"},{\"@type\":\"ListItem\",\"position\":2,\"name\":\"Blog\"}]},{\"@type\":\"WebSite\",\"@id\":\"https:\/\/calfrenzy.com\/pt-br\/#website\",\"url\":\"https:\/\/calfrenzy.com\/pt-br\/\",\"name\":\"Calfrenzy\",\"description\":\"Easy Scheduling Across Time Zones and Organizations\",\"publisher\":{\"@id\":\"https:\/\/calfrenzy.com\/pt-br\/#organization\"},\"alternateName\":\"calfrenzy\",\"potentialAction\":[{\"@type\":\"SearchAction\",\"target\":{\"@type\":\"EntryPoint\",\"urlTemplate\":\"https:\/\/calfrenzy.com\/pt-br\/?s={search_term_string}\"},\"query-input\":{\"@type\":\"PropertyValueSpecification\",\"valueRequired\":true,\"valueName\":\"search_term_string\"}}],\"inLanguage\":\"pt-BR\"},{\"@type\":\"Organization\",\"@id\":\"https:\/\/calfrenzy.com\/pt-br\/#organization\",\"name\":\"Calfrenzy\",\"alternateName\":\"calfrenzy\",\"url\":\"https:\/\/calfrenzy.com\/pt-br\/\",\"logo\":{\"@type\":\"ImageObject\",\"inLanguage\":\"pt-BR\",\"@id\":\"https:\/\/calfrenzy.com\/pt-br\/#\/schema\/logo\/image\/\",\"url\":\"https:\/\/calfrenzy.com\/wp-content\/uploads\/2024\/06\/float_6_1.svg\",\"contentUrl\":\"https:\/\/calfrenzy.com\/wp-content\/uploads\/2024\/06\/float_6_1.svg\",\"width\":47,\"height\":50,\"caption\":\"Calfrenzy\"},\"image\":{\"@id\":\"https:\/\/calfrenzy.com\/pt-br\/#\/schema\/logo\/image\/\"},\"sameAs\":[\"https:\/\/www.facebook.com\/calfrenzy\",\"https:\/\/x.com\/calfrenzy53224\",\"https:\/\/www.youtube.com\/@Calfrenzy\",\"https:\/\/www.linkedin.com\/company\/calfrenzy\",\"https:\/\/www.capterra.com\/p\/10020993\/CalFrenzy\/\",\"https:\/\/chromewebstore.google.com\/detail\/calfrenzy-free-online-app\/igmlifilbgnlaijamohaakgoacoeoidk?hl=en\",\"https:\/\/workspace.google.com\/marketplace\/app\/calfrenzy\/369573383535\",\"https:\/\/www.trustpilot.com\/review\/calfrenzy.com\",\"https:\/\/www.g2.com\/products\/calfrenzy\/reviews\"]}]}<\/script>\n<!-- \/ Yoast SEO Premium plugin. -->","yoast_head_json":{"title":"Dicas de Agendamento e Novidades do Produto | Blog da Calfrenzy","description":"Explore dicas de especialistas, atualiza\u00e7\u00f5es de recursos e hist\u00f3rias de sucesso no Blog da Calfrenzy. Descubra como recrutadores, profissionais de marketing, executivos e equipes de diferentes setores simplificam o agendamento global \u2014 com pre\u00e7o justo e design inteligente.","robots":{"index":"index","follow":"follow","max-snippet":"max-snippet:-1","max-image-preview":"max-image-preview:large","max-video-preview":"max-video-preview:-1"},"canonical":"https:\/\/calfrenzy.com\/pt-br\/blog\/","og_locale":"pt_BR","og_type":"article","og_title":"Blog","og_description":"Explore dicas de especialistas, atualiza\u00e7\u00f5es de recursos e hist\u00f3rias de sucesso no Blog da Calfrenzy. Descubra como recrutadores, profissionais de marketing, executivos e equipes de diferentes setores simplificam o agendamento global \u2014 com pre\u00e7o justo e design inteligente.","og_url":"https:\/\/calfrenzy.com\/pt-br\/blog\/","og_site_name":"calfrenzy","article_publisher":"https:\/\/www.facebook.com\/calfrenzy","article_modified_time":"2025-11-07T20:08:21+00:00","og_image":[{"width":2400,"height":1260,"url":"https:\/\/calfrenzy.com\/wp-content\/uploads\/2025\/11\/Blog-English.png","type":"image\/png"}],"twitter_card":"summary_large_image","twitter_site":"@calfrenzy53224","schema":{"@context":"https:\/\/schema.org","@graph":[{"@type":"WebPage","@id":"https:\/\/calfrenzy.com\/pt-br\/blog\/","url":"https:\/\/calfrenzy.com\/pt-br\/blog\/","name":"Dicas de Agendamento e Novidades do Produto | Blog da Calfrenzy","isPartOf":{"@id":"https:\/\/calfrenzy.com\/pt-br\/#website"},"primaryImageOfPage":{"@id":"https:\/\/calfrenzy.com\/pt-br\/blog\/#primaryimage"},"image":{"@id":"https:\/\/calfrenzy.com\/pt-br\/blog\/#primaryimage"},"thumbnailUrl":"https:\/\/calfrenzy.com\/wp-content\/uploads\/2025\/11\/Blog-Portuguese.png","datePublished":"2025-06-11T18:30:43+00:00","dateModified":"2025-11-07T20:08:21+00:00","description":"Explore dicas de especialistas, atualiza\u00e7\u00f5es de recursos e hist\u00f3rias de sucesso no Blog da Calfrenzy. Descubra como recrutadores, profissionais de marketing, executivos e equipes de diferentes setores simplificam o agendamento global \u2014 com pre\u00e7o justo e design inteligente.","breadcrumb":{"@id":"https:\/\/calfrenzy.com\/pt-br\/blog\/#breadcrumb"},"inLanguage":"pt-BR","potentialAction":[{"@type":"ReadAction","target":["https:\/\/calfrenzy.com\/pt-br\/blog\/"]}]},{"@type":"ImageObject","inLanguage":"pt-BR","@id":"https:\/\/calfrenzy.com\/pt-br\/blog\/#primaryimage","url":"https:\/\/calfrenzy.com\/wp-content\/uploads\/2025\/11\/Blog-Portuguese.png","contentUrl":"https:\/\/calfrenzy.com\/wp-content\/uploads\/2025\/11\/Blog-Portuguese.png","width":2400,"height":1260},{"@type":"BreadcrumbList","@id":"https:\/\/calfrenzy.com\/pt-br\/blog\/#breadcrumb","itemListElement":[{"@type":"ListItem","position":1,"name":"Home","item":"https:\/\/calfrenzy.com\/pt-br\/"},{"@type":"ListItem","position":2,"name":"Blog"}]},{"@type":"WebSite","@id":"https:\/\/calfrenzy.com\/pt-br\/#website","url":"https:\/\/calfrenzy.com\/pt-br\/","name":"Calfrenzy","description":"Easy Scheduling Across Time Zones and Organizations","publisher":{"@id":"https:\/\/calfrenzy.com\/pt-br\/#organization"},"alternateName":"calfrenzy","potentialAction":[{"@type":"SearchAction","target":{"@type":"EntryPoint","urlTemplate":"https:\/\/calfrenzy.com\/pt-br\/?s={search_term_string}"},"query-input":{"@type":"PropertyValueSpecification","valueRequired":true,"valueName":"search_term_string"}}],"inLanguage":"pt-BR"},{"@type":"Organization","@id":"https:\/\/calfrenzy.com\/pt-br\/#organization","name":"Calfrenzy","alternateName":"calfrenzy","url":"https:\/\/calfrenzy.com\/pt-br\/","logo":{"@type":"ImageObject","inLanguage":"pt-BR","@id":"https:\/\/calfrenzy.com\/pt-br\/#\/schema\/logo\/image\/","url":"https:\/\/calfrenzy.com\/wp-content\/uploads\/2024\/06\/float_6_1.svg","contentUrl":"https:\/\/calfrenzy.com\/wp-content\/uploads\/2024\/06\/float_6_1.svg","width":47,"height":50,"caption":"Calfrenzy"},"image":{"@id":"https:\/\/calfrenzy.com\/pt-br\/#\/schema\/logo\/image\/"},"sameAs":["https:\/\/www.facebook.com\/calfrenzy","https:\/\/x.com\/calfrenzy53224","https:\/\/www.youtube.com\/@Calfrenzy","https:\/\/www.linkedin.com\/company\/calfrenzy","https:\/\/www.capterra.com\/p\/10020993\/CalFrenzy\/","https:\/\/chromewebstore.google.com\/detail\/calfrenzy-free-online-app\/igmlifilbgnlaijamohaakgoacoeoidk?hl=en","https:\/\/workspace.google.com\/marketplace\/app\/calfrenzy\/369573383535","https:\/\/www.trustpilot.com\/review\/calfrenzy.com","https:\/\/www.g2.com\/products\/calfrenzy\/reviews"]}]}},"_links":{"self":[{"href":"https:\/\/calfrenzy.com\/pt-br\/wp-json\/wp\/v2\/pages\/7444","targetHints":{"allow":["GET"]}}],"collection":[{"href":"https:\/\/calfrenzy.com\/pt-br\/wp-json\/wp\/v2\/pages"}],"about":[{"href":"https:\/\/calfrenzy.com\/pt-br\/wp-json\/wp\/v2\/types\/page"}],"author":[{"embeddable":true,"href":"https:\/\/calfrenzy.com\/pt-br\/wp-json\/wp\/v2\/users\/1"}],"replies":[{"embeddable":true,"href":"https:\/\/calfrenzy.com\/pt-br\/wp-json\/wp\/v2\/comments?post=7444"}],"version-history":[{"count":1,"href":"https:\/\/calfrenzy.com\/pt-br\/wp-json\/wp\/v2\/pages\/7444\/revisions"}],"predecessor-version":[{"id":7445,"href":"https:\/\/calfrenzy.com\/pt-br\/wp-json\/wp\/v2\/pages\/7444\/revisions\/7445"}],"wp:featuredmedia":[{"embeddable":true,"href":"https:\/\/calfrenzy.com\/pt-br\/wp-json\/wp\/v2\/media\/10213"}],"wp:attachment":[{"href":"https:\/\/calfrenzy.com\/pt-br\/wp-json\/wp\/v2\/media?parent=7444"}],"curies":[{"name":"wp","href":"https:\/\/api.w.org\/{rel}","templated":true}]}}