{"id":7610,"date":"2025-06-26T12:03:17","date_gmt":"2025-06-26T12:03:17","guid":{"rendered":"https:\/\/calfrenzy.com\/?page_id=7610"},"modified":"2025-11-18T16:14:28","modified_gmt":"2025-11-18T16:14:28","slug":"planejador-de-fuso-horario-para-reunioes","status":"publish","type":"page","link":"https:\/\/calfrenzy.com\/pt-br\/recursos\/planejador-de-fuso-horario-para-reunioes\/","title":{"rendered":"Planejador de Fuso Hor\u00e1rio para Reuni\u00f5es"},"content":{"rendered":"\n<div class=\"wp-block-cf-features-banner wrapper_features_banner\"><div class=\"features_banner\">\n<div class=\"features_banner__content\">\n<h1 class=\"wp-block-heading\" id=\"h-plan-meetings-across-time-zones-without-confusion\"><mark style=\"background-color:rgba(0, 0, 0, 0)\" class=\"has-inline-color has-base-green-right-color\">Planeje<\/mark> Reuni\u00f5es Entre Fusos <mark style=\"background-color:rgba(0, 0, 0, 0)\" class=\"has-inline-color has-primary-yellow-color\">Hor\u00e1rios<\/mark> \u2014 Sem <mark style=\"background-color:rgba(0, 0, 0, 0)\" class=\"has-inline-color has-base-green-left-color\">Confus\u00e3o<\/mark><\/h1>\n\n\n\n<p>Detecte e converta fusos hor\u00e1rios automaticamente para que voc\u00ea e seus clientes sempre se encontrem no hor\u00e1rio certo. A Calfrenzy torna o agendamento global simples e sem esfor\u00e7o. <\/p>\n\n\n\n<div class=\"wp-block-button\"><a class=\"wp-block-button__link wp-element-button\" href=\"https:\/\/schedule.calfrenzy.com\/auth\/sign-up\">Experimente Gr\u00e1tis \u2013 N\u00e3o \u00e9 Preciso Cart\u00e3o de Cr\u00e9dito<\/a><\/div>\n<\/div>\n\n\n\n<div class=\"features_banner__image\">\n<figure class=\"wp-block-image size-full zone_planner\"><img decoding=\"async\" src=\"https:\/\/calfrenzy.com\/wp-content\/uploads\/2025\/08\/Meeting-Time-Zone-Planner-Portuguese.png\" alt=\"Planeje Reuni&#xF5;es Entre Fusos Hor&#xE1;rios &#x2014; Sem Confus&#xE3;o\" class=\"wp-image-7393\"\/><\/figure>\n<\/div>\n<\/div><\/div>\n\n<div class=\"wp-block-cf-bg-container-block wrapper_bg_container_block\"><div class=\"bg_container_block\">\n<div style=\"min-width:min(calc(421\/1440 * 100vw) , 421px)\" class=\"wp-block-cf-bg-container-block-inner bg_container_block__column\">\n<h2 class=\"wp-block-heading\" id=\"h-why-time-zone-planning-matters\">Por Que o Planejamento de Fuso Hor\u00e1rio \u00c9 Importante<\/h2>\n<\/div>\n\n\n\n<div class=\"wp-block-cf-bg-container-block-inner bg_container_block__column\">\n<p>Agendar entre fusos n\u00e3o deveria exigir c\u00e1lculos mentais nem trocas intermin\u00e1veis de e-mails. A Calfrenzy detecta automaticamente o fuso hor\u00e1rio de cada pessoa \u2014 desde a cria\u00e7\u00e3o da p\u00e1gina de agendamento at\u00e9 a confirma\u00e7\u00e3o do cliente. Seu calend\u00e1rio mostra no seu fuso. O deles, no deles. Sem confus\u00e3o. Sem reagendamentos.    <\/p>\n<\/div>\n<\/div><\/div>\n\n<div class=\"wp-block-cf-tools wrapper_tools no_bg\"><div class=\"tools\">\n<h2 class=\"wp-block-heading has-text-align-center\" id=\"h-built-in-time-zone-intelligence\">Intelig\u00eancia de Fuso Hor\u00e1rio Integrada<\/h2>\n\n\n\n<div class=\"wp-block-cf-tools-items tools__items tools__items--two\">\n<div class=\"wp-block-cf-tools-item tool_item\">\n<figure class=\"wp-block-image size-full\"><img decoding=\"async\" width=\"120\" height=\"120\" src=\"https:\/\/calfrenzy.com\/wp-content\/uploads\/2025\/06\/Automatic-Time-Zone-Detection.png\" alt=\"Detec&#xE7;&#xE3;o Autom&#xE1;tica de Fuso Hor&#xE1;rio\" class=\"wp-image-7389\"\/><\/figure>\n\n\n\n<h3 class=\"wp-block-heading\" id=\"h-automatic-time-zone-detection\">Detec\u00e7\u00e3o Autom\u00e1tica de Fuso Hor\u00e1rio<\/h3>\n\n\n\n<ul class=\"wp-block-list\">\n<li>Detecta seu fuso a partir do dispositivo ou perfil<\/li>\n\n\n\n<li>Sem necessidade de preenchimento manual<\/li>\n\n\n\n<li>Os eventos aparecem sempre no hor\u00e1rio local nas p\u00e1ginas de agendamento<\/li>\n<\/ul>\n<\/div>\n\n\n\n<div class=\"wp-block-cf-tools-item tool_item\">\n<figure class=\"wp-block-image size-full\"><img decoding=\"async\" width=\"120\" height=\"120\" src=\"https:\/\/calfrenzy.com\/wp-content\/uploads\/2025\/06\/Time-Zone-Lock-for-Hosts.png\" alt=\"Bloqueio de Fuso Hor&#xE1;rio para o Host\" class=\"wp-image-7390\"\/><\/figure>\n\n\n\n<h3 class=\"wp-block-heading\" id=\"h-time-zone-lock-for-hosts\">Bloqueio de Fuso Hor\u00e1rio para o Host<\/h3>\n\n\n\n<ul class=\"wp-block-list\">\n<li>Fixe sua agenda no seu fuso hor\u00e1rio preferido<\/li>\n\n\n\n<li>Mantenha consist\u00eancia mesmo viajando<\/li>\n\n\n\n<li>Perfeito para coaches ou freelancers globais<\/li>\n<\/ul>\n<\/div>\n\n\n\n<div class=\"wp-block-cf-tools-item tool_item\">\n<figure class=\"wp-block-image size-full\"><img decoding=\"async\" width=\"120\" height=\"120\" src=\"https:\/\/calfrenzy.com\/wp-content\/uploads\/2025\/06\/Localized-Booking-Times.png\" alt=\"Hor&#xE1;rios Localizados para o Cliente\" class=\"wp-image-7391\"\/><\/figure>\n\n\n\n<h3 class=\"wp-block-heading\" id=\"h-localized-booking-times\">Hor\u00e1rios Localizados para o Cliente<\/h3>\n\n\n\n<ul class=\"wp-block-list\">\n<li>Os clientes veem os hor\u00e1rios no pr\u00f3prio fuso local<\/li>\n\n\n\n<li>Telas de confirma\u00e7\u00e3o refletem o hor\u00e1rio correto<\/li>\n\n\n\n<li>Menos erros, menos falhas, menos confus\u00e3o<\/li>\n<\/ul>\n<\/div>\n\n\n\n<div class=\"wp-block-cf-tools-item tool_item\">\n<figure class=\"wp-block-image size-full\"><img decoding=\"async\" width=\"120\" height=\"120\" src=\"https:\/\/calfrenzy.com\/wp-content\/uploads\/2025\/06\/No-Apps-or-Accounts-Needed.png\" alt=\"Sem Apps Nem Contas\" class=\"wp-image-7392\"\/><\/figure>\n\n\n\n<h3 class=\"wp-block-heading\" id=\"h-no-apps-or-accounts-needed\">Sem Apps Nem Contas<\/h3>\n\n\n\n<ul class=\"wp-block-list\">\n<li>Seus clientes n\u00e3o precisam fazer login nem baixar nada<\/li>\n\n\n\n<li>Basta clicar no link e agendar no pr\u00f3prio fuso hor\u00e1rio<\/li>\n\n\n\n<li>Experi\u00eancia fluida que transmite confian\u00e7a e profissionalismo<\/li>\n<\/ul>\n<\/div>\n<\/div>\n<\/div><\/div>\n\n<div class=\"wp-block-cf-feature-yellow-cta wrapper_feature_yellow_cta\"><div class=\"feature_yellow_cta\"><div class=\"feature_yellow_cta__content\">\n<h2 class=\"wp-block-heading\">Perfeito para Equipes Globais e Trabalho Remoto<\/h2>\n\n\n\n<ul class=\"wp-block-list\">\n<li><strong>Freelancers e ag\u00eancias<\/strong> que atendem clientes internacionais<\/li>\n\n\n\n<li><strong>Coaches e consultores<\/strong> com audi\u00eancia em v\u00e1rios continentes<\/li>\n\n\n\n<li><strong>Assistentes virtuais e profissionais de opera\u00e7\u00f5es<\/strong> que coordenam equipes distribu\u00eddas<\/li>\n\n\n\n<li><strong>Respons\u00e1veis por entrevistas<\/strong> ou fluxos de onboarding com candidatos ao redor do mundo<\/li>\n<\/ul>\n<\/div><div class=\"feature_yellow_cta__image\"><img decoding=\"async\" src=\"\/wp-content\/themes\/calfrenzy\/assets\/images\/feature_yellow_cta_image.png\" alt=\"Girl with laptop\"\/><\/div><\/div><\/div>\n\n<div class=\"wp-block-cf-faq wrapper_faq\" itemscope itemtype=\"https:\/\/schema.org\/FAQPage\"><div class=\"faq\">\n<h2 class=\"wp-block-heading has-text-align-center\" id=\"h-frequently-asked-questions\">Perguntas Frequentes<\/h2>\n\n\n\n<div class=\"wp-block-cf-faq-item faq_item\" itemscope itemprop=\"mainEntity\" itemtype=\"https:\/\/schema.org\/Question\">\n<div class=\"wp-block-cf-faq-item-question faq_item__title\" onclick=\"$(this).siblings('.faq_item__content').slideToggle().parent().toggleClass('open')\"><div itemprop=\"name\">\n<h3 class=\"wp-block-heading\" id=\"h-how-does-calfrenzy-detect-my-client-s-time-zone\">Como a Calfrenzy detecta o fuso hor\u00e1rio do cliente?<\/h3>\n<\/div><\/div>\n\n\n\n<div class=\"wp-block-cf-faq-item-answer faq_item__content\" itemscope itemprop=\"acceptedAnswer\" itemtype=\"https:\/\/schema.org\/Answer\"><div itemprop=\"text\">\n<p>Usamos os dados do dispositivo do cliente para ajustar a p\u00e1gina de agendamento automaticamente. Sem configura\u00e7\u00f5es nem preenchimento manual. <\/p>\n<\/div><\/div>\n<\/div>\n\n\n\n<div class=\"wp-block-cf-faq-item faq_item\" itemscope itemprop=\"mainEntity\" itemtype=\"https:\/\/schema.org\/Question\">\n<div class=\"wp-block-cf-faq-item-question faq_item__title\" onclick=\"$(this).siblings('.faq_item__content').slideToggle().parent().toggleClass('open')\"><div itemprop=\"name\">\n<h3 class=\"wp-block-heading\" id=\"h-what-happens-if-i-travel-to-another-time-zone\">O que acontece se eu viajar para outro fuso hor\u00e1rio?<\/h3>\n<\/div><\/div>\n\n\n\n<div class=\"wp-block-cf-faq-item-answer faq_item__content\" itemscope itemprop=\"acceptedAnswer\" itemtype=\"https:\/\/schema.org\/Answer\"><div itemprop=\"text\">\n<p>Seu fuso padr\u00e3o continua bloqueado at\u00e9 que voc\u00ea altere manualmente no perfil \u2014 garantindo consist\u00eancia na sua disponibilidade.<\/p>\n<\/div><\/div>\n<\/div>\n\n\n\n<div class=\"wp-block-cf-faq-item faq_item\" itemscope itemprop=\"mainEntity\" itemtype=\"https:\/\/schema.org\/Question\">\n<div class=\"wp-block-cf-faq-item-question faq_item__title\" onclick=\"$(this).siblings('.faq_item__content').slideToggle().parent().toggleClass('open')\"><div itemprop=\"name\">\n<h3 class=\"wp-block-heading\" id=\"h-can-i-lock-all-bookings-to-my-home-time-zone\">Posso manter todos os agendamentos no meu fuso de origem?<\/h3>\n<\/div><\/div>\n\n\n\n<div class=\"wp-block-cf-faq-item-answer faq_item__content\" itemscope itemprop=\"acceptedAnswer\" itemtype=\"https:\/\/schema.org\/Answer\"><div itemprop=\"text\">\n<p>Sim. Voc\u00ea pode definir e bloquear seu fuso hor\u00e1rio preferido no perfil ou no modelo de agendamento \u2014 mantendo o controle onde quer que esteja. <\/p>\n<\/div><\/div>\n<\/div>\n\n\n\n<div class=\"wp-block-cf-faq-item faq_item\" itemscope itemprop=\"mainEntity\" itemtype=\"https:\/\/schema.org\/Question\">\n<div class=\"wp-block-cf-faq-item-question faq_item__title\" onclick=\"$(this).siblings('.faq_item__content').slideToggle().parent().toggleClass('open')\"><div itemprop=\"name\">\n<h3 class=\"wp-block-heading\" id=\"h-will-clients-see-the-time-in-their-local-zone\">Os clientes ver\u00e3o os hor\u00e1rios no fuso local deles?<\/h3>\n<\/div><\/div>\n\n\n\n<div class=\"wp-block-cf-faq-item-answer faq_item__content\" itemscope itemprop=\"acceptedAnswer\" itemtype=\"https:\/\/schema.org\/Answer\"><div itemprop=\"text\">\n<p>Com certeza. A disponibilidade sempre aparece no fuso hor\u00e1rio do cliente \u2014 e ainda \u00e9 confirmada antes do agendamento. <\/p>\n<\/div><\/div>\n<\/div>\n\n\n\n<div class=\"wp-block-cf-faq-item faq_item\" itemscope itemprop=\"mainEntity\" itemtype=\"https:\/\/schema.org\/Question\">\n<div class=\"wp-block-cf-faq-item-question faq_item__title\" onclick=\"$(this).siblings('.faq_item__content').slideToggle().parent().toggleClass('open')\"><div itemprop=\"name\">\n<h3 class=\"wp-block-heading\" id=\"h-is-any-app-or-account-required-to-use-this-feature\">\u00c9 necess\u00e1rio algum app ou conta para usar esse recurso?<\/h3>\n<\/div><\/div>\n\n\n\n<div class=\"wp-block-cf-faq-item-answer faq_item__content\" itemscope itemprop=\"acceptedAnswer\" itemtype=\"https:\/\/schema.org\/Answer\"><div itemprop=\"text\">\n<p>Nada disso. O planejamento de fuso hor\u00e1rio da Calfrenzy funciona automaticamente \u2014 o cliente s\u00f3 precisa clicar e agendar. <\/p>\n<\/div><\/div>\n<\/div>\n<\/div><\/div>\n\n<div class=\"wp-block-cf-yellow-cta wrapper_yellow_cta\"><div class=\"yellow_cta\"><div class=\"yellow_cta__content\">\n<h2 class=\"wp-block-heading\" id=\"h-plan-meetings-with-zero-time-zone-stress\">Planeje Reuni\u00f5es Sem Estresse com Fusos Hor\u00e1rios<\/h2>\n\n\n\n<p class=\"has-text-align-center\">A Calfrenzy cuida da l\u00f3gica de fuso hor\u00e1rio para que voc\u00ea n\u00e3o precise. Mantenha o profissionalismo, reduza faltas e facilite o agendamento \u2014 para qualquer pessoa, em qualquer lugar. <\/p>\n\n\n\n<div class=\"wp-block-button\"><a class=\"wp-block-button__link wp-element-button\" href=\"https:\/\/schedule.calfrenzy.com\/auth\/sign-up\">Experimente o Planejador de Fuso Hor\u00e1rio Gratuitamente<\/a><\/div>\n<\/div><\/div><\/div>\n","protected":false},"excerpt":{"rendered":"","protected":false},"author":1,"featured_media":10347,"parent":2850,"menu_order":0,"comment_status":"closed","ping_status":"closed","template":"","meta":{"inline_featured_image":false,"footnotes":""},"class_list":["post-7610","page","type-page","status-publish","has-post-thumbnail","hentry"],"yoast_head":"<!-- This site is optimized with the Yoast SEO Premium plugin v26.8 (Yoast SEO v26.8) - https:\/\/yoast.com\/product\/yoast-seo-premium-wordpress\/ -->\n<title>Planejador de Reuni\u00f5es por Fuso Hor\u00e1rio \u2013 Agende Entre Fusos Hor\u00e1rios<\/title>\n<meta name=\"description\" content=\"Planeje reuni\u00f5es entre diferentes fusos hor\u00e1rios sem confus\u00e3o. A Calfrenzy detecta automaticamente o hor\u00e1rio local e exibe a disponibilidade correta para cada cliente.\" \/>\n<meta name=\"robots\" content=\"index, follow, max-snippet:-1, max-image-preview:large, max-video-preview:-1\" \/>\n<link rel=\"canonical\" href=\"https:\/\/calfrenzy.com\/pt-br\/recursos\/planejador-de-fuso-horario-para-reunioes\/\" \/>\n<meta property=\"og:locale\" content=\"pt_BR\" \/>\n<meta property=\"og:type\" content=\"article\" \/>\n<meta property=\"og:title\" content=\"Planejador de Fuso Hor\u00e1rio para Reuni\u00f5es\" \/>\n<meta property=\"og:description\" content=\"Planeje reuni\u00f5es entre diferentes fusos hor\u00e1rios sem confus\u00e3o. A Calfrenzy detecta automaticamente o hor\u00e1rio local e exibe a disponibilidade correta para cada cliente.\" \/>\n<meta property=\"og:url\" content=\"https:\/\/calfrenzy.com\/pt-br\/recursos\/planejador-de-fuso-horario-para-reunioes\/\" \/>\n<meta property=\"og:site_name\" content=\"calfrenzy\" \/>\n<meta property=\"article:publisher\" content=\"https:\/\/www.facebook.com\/calfrenzy\" \/>\n<meta property=\"article:modified_time\" content=\"2025-11-18T16:14:28+00:00\" \/>\n<meta property=\"og:image\" content=\"https:\/\/calfrenzy.com\/wp-content\/uploads\/2025\/11\/Time-Zone-Portuguese.png\" \/>\n\t<meta property=\"og:image:width\" content=\"1200\" \/>\n\t<meta property=\"og:image:height\" content=\"630\" \/>\n\t<meta property=\"og:image:type\" content=\"image\/png\" \/>\n<meta name=\"twitter:card\" content=\"summary_large_image\" \/>\n<meta name=\"twitter:site\" content=\"@calfrenzy53224\" \/>\n<meta name=\"twitter:label1\" content=\"Tempo estimado de leitura\" \/>\n\t<meta name=\"twitter:data1\" content=\"3 minutos\" \/>\n<script type=\"application\/ld+json\" class=\"yoast-schema-graph\">{\"@context\":\"https:\/\/schema.org\",\"@graph\":[{\"@type\":\"WebPage\",\"@id\":\"https:\/\/calfrenzy.com\/pt-br\/recursos\/planejador-de-fuso-horario-para-reunioes\/\",\"url\":\"https:\/\/calfrenzy.com\/pt-br\/recursos\/planejador-de-fuso-horario-para-reunioes\/\",\"name\":\"Planejador de Reuni\u00f5es por Fuso Hor\u00e1rio \u2013 Agende Entre Fusos Hor\u00e1rios\",\"isPartOf\":{\"@id\":\"https:\/\/calfrenzy.com\/pt-br\/#website\"},\"primaryImageOfPage\":{\"@id\":\"https:\/\/calfrenzy.com\/pt-br\/recursos\/planejador-de-fuso-horario-para-reunioes\/#primaryimage\"},\"image\":{\"@id\":\"https:\/\/calfrenzy.com\/pt-br\/recursos\/planejador-de-fuso-horario-para-reunioes\/#primaryimage\"},\"thumbnailUrl\":\"https:\/\/calfrenzy.com\/wp-content\/uploads\/2025\/11\/Time-Zone-Portuguese.png\",\"datePublished\":\"2025-06-26T12:03:17+00:00\",\"dateModified\":\"2025-11-18T16:14:28+00:00\",\"description\":\"Planeje reuni\u00f5es entre diferentes fusos hor\u00e1rios sem confus\u00e3o. A Calfrenzy detecta automaticamente o hor\u00e1rio local e exibe a disponibilidade correta para cada cliente.\",\"breadcrumb\":{\"@id\":\"https:\/\/calfrenzy.com\/pt-br\/recursos\/planejador-de-fuso-horario-para-reunioes\/#breadcrumb\"},\"inLanguage\":\"pt-BR\",\"potentialAction\":[{\"@type\":\"ReadAction\",\"target\":[\"https:\/\/calfrenzy.com\/pt-br\/recursos\/planejador-de-fuso-horario-para-reunioes\/\"]}]},{\"@type\":\"ImageObject\",\"inLanguage\":\"pt-BR\",\"@id\":\"https:\/\/calfrenzy.com\/pt-br\/recursos\/planejador-de-fuso-horario-para-reunioes\/#primaryimage\",\"url\":\"https:\/\/calfrenzy.com\/wp-content\/uploads\/2025\/11\/Time-Zone-Portuguese.png\",\"contentUrl\":\"https:\/\/calfrenzy.com\/wp-content\/uploads\/2025\/11\/Time-Zone-Portuguese.png\",\"width\":1200,\"height\":630},{\"@type\":\"BreadcrumbList\",\"@id\":\"https:\/\/calfrenzy.com\/pt-br\/recursos\/planejador-de-fuso-horario-para-reunioes\/#breadcrumb\",\"itemListElement\":[{\"@type\":\"ListItem\",\"position\":1,\"name\":\"Home\",\"item\":\"https:\/\/calfrenzy.com\/pt-br\/\"},{\"@type\":\"ListItem\",\"position\":2,\"name\":\"Recursos\",\"item\":\"https:\/\/calfrenzy.com\/pt-br\/recursos\/\"},{\"@type\":\"ListItem\",\"position\":3,\"name\":\"Planejador de Fuso Hor\u00e1rio para Reuni\u00f5es\"}]},{\"@type\":\"WebSite\",\"@id\":\"https:\/\/calfrenzy.com\/pt-br\/#website\",\"url\":\"https:\/\/calfrenzy.com\/pt-br\/\",\"name\":\"Calfrenzy\",\"description\":\"Easy Scheduling Across Time Zones and Organizations\",\"publisher\":{\"@id\":\"https:\/\/calfrenzy.com\/pt-br\/#organization\"},\"alternateName\":\"calfrenzy\",\"potentialAction\":[{\"@type\":\"SearchAction\",\"target\":{\"@type\":\"EntryPoint\",\"urlTemplate\":\"https:\/\/calfrenzy.com\/pt-br\/?s={search_term_string}\"},\"query-input\":{\"@type\":\"PropertyValueSpecification\",\"valueRequired\":true,\"valueName\":\"search_term_string\"}}],\"inLanguage\":\"pt-BR\"},{\"@type\":\"Organization\",\"@id\":\"https:\/\/calfrenzy.com\/pt-br\/#organization\",\"name\":\"Calfrenzy\",\"alternateName\":\"calfrenzy\",\"url\":\"https:\/\/calfrenzy.com\/pt-br\/\",\"logo\":{\"@type\":\"ImageObject\",\"inLanguage\":\"pt-BR\",\"@id\":\"https:\/\/calfrenzy.com\/pt-br\/#\/schema\/logo\/image\/\",\"url\":\"https:\/\/calfrenzy.com\/wp-content\/uploads\/2024\/06\/float_6_1.svg\",\"contentUrl\":\"https:\/\/calfrenzy.com\/wp-content\/uploads\/2024\/06\/float_6_1.svg\",\"width\":47,\"height\":50,\"caption\":\"Calfrenzy\"},\"image\":{\"@id\":\"https:\/\/calfrenzy.com\/pt-br\/#\/schema\/logo\/image\/\"},\"sameAs\":[\"https:\/\/www.facebook.com\/calfrenzy\",\"https:\/\/x.com\/calfrenzy53224\",\"https:\/\/www.youtube.com\/@Calfrenzy\",\"https:\/\/www.linkedin.com\/company\/calfrenzy\",\"https:\/\/www.capterra.com\/p\/10020993\/CalFrenzy\/\",\"https:\/\/chromewebstore.google.com\/detail\/calfrenzy-free-online-app\/igmlifilbgnlaijamohaakgoacoeoidk?hl=en\",\"https:\/\/workspace.google.com\/marketplace\/app\/calfrenzy\/369573383535\",\"https:\/\/www.trustpilot.com\/review\/calfrenzy.com\",\"https:\/\/www.g2.com\/products\/calfrenzy\/reviews\"]}]}<\/script>\n<!-- \/ Yoast SEO Premium plugin. -->","yoast_head_json":{"title":"Planejador de Reuni\u00f5es por Fuso Hor\u00e1rio \u2013 Agende Entre Fusos Hor\u00e1rios","description":"Planeje reuni\u00f5es entre diferentes fusos hor\u00e1rios sem confus\u00e3o. A Calfrenzy detecta automaticamente o hor\u00e1rio local e exibe a disponibilidade correta para cada cliente.","robots":{"index":"index","follow":"follow","max-snippet":"max-snippet:-1","max-image-preview":"max-image-preview:large","max-video-preview":"max-video-preview:-1"},"canonical":"https:\/\/calfrenzy.com\/pt-br\/recursos\/planejador-de-fuso-horario-para-reunioes\/","og_locale":"pt_BR","og_type":"article","og_title":"Planejador de Fuso Hor\u00e1rio para Reuni\u00f5es","og_description":"Planeje reuni\u00f5es entre diferentes fusos hor\u00e1rios sem confus\u00e3o. A Calfrenzy detecta automaticamente o hor\u00e1rio local e exibe a disponibilidade correta para cada cliente.","og_url":"https:\/\/calfrenzy.com\/pt-br\/recursos\/planejador-de-fuso-horario-para-reunioes\/","og_site_name":"calfrenzy","article_publisher":"https:\/\/www.facebook.com\/calfrenzy","article_modified_time":"2025-11-18T16:14:28+00:00","og_image":[{"width":1200,"height":630,"url":"https:\/\/calfrenzy.com\/wp-content\/uploads\/2025\/11\/Time-Zone-Portuguese.png","type":"image\/png"}],"twitter_card":"summary_large_image","twitter_site":"@calfrenzy53224","twitter_misc":{"Tempo estimado de leitura":"3 minutos"},"schema":{"@context":"https:\/\/schema.org","@graph":[{"@type":"WebPage","@id":"https:\/\/calfrenzy.com\/pt-br\/recursos\/planejador-de-fuso-horario-para-reunioes\/","url":"https:\/\/calfrenzy.com\/pt-br\/recursos\/planejador-de-fuso-horario-para-reunioes\/","name":"Planejador de Reuni\u00f5es por Fuso Hor\u00e1rio \u2013 Agende Entre Fusos Hor\u00e1rios","isPartOf":{"@id":"https:\/\/calfrenzy.com\/pt-br\/#website"},"primaryImageOfPage":{"@id":"https:\/\/calfrenzy.com\/pt-br\/recursos\/planejador-de-fuso-horario-para-reunioes\/#primaryimage"},"image":{"@id":"https:\/\/calfrenzy.com\/pt-br\/recursos\/planejador-de-fuso-horario-para-reunioes\/#primaryimage"},"thumbnailUrl":"https:\/\/calfrenzy.com\/wp-content\/uploads\/2025\/11\/Time-Zone-Portuguese.png","datePublished":"2025-06-26T12:03:17+00:00","dateModified":"2025-11-18T16:14:28+00:00","description":"Planeje reuni\u00f5es entre diferentes fusos hor\u00e1rios sem confus\u00e3o. A Calfrenzy detecta automaticamente o hor\u00e1rio local e exibe a disponibilidade correta para cada cliente.","breadcrumb":{"@id":"https:\/\/calfrenzy.com\/pt-br\/recursos\/planejador-de-fuso-horario-para-reunioes\/#breadcrumb"},"inLanguage":"pt-BR","potentialAction":[{"@type":"ReadAction","target":["https:\/\/calfrenzy.com\/pt-br\/recursos\/planejador-de-fuso-horario-para-reunioes\/"]}]},{"@type":"ImageObject","inLanguage":"pt-BR","@id":"https:\/\/calfrenzy.com\/pt-br\/recursos\/planejador-de-fuso-horario-para-reunioes\/#primaryimage","url":"https:\/\/calfrenzy.com\/wp-content\/uploads\/2025\/11\/Time-Zone-Portuguese.png","contentUrl":"https:\/\/calfrenzy.com\/wp-content\/uploads\/2025\/11\/Time-Zone-Portuguese.png","width":1200,"height":630},{"@type":"BreadcrumbList","@id":"https:\/\/calfrenzy.com\/pt-br\/recursos\/planejador-de-fuso-horario-para-reunioes\/#breadcrumb","itemListElement":[{"@type":"ListItem","position":1,"name":"Home","item":"https:\/\/calfrenzy.com\/pt-br\/"},{"@type":"ListItem","position":2,"name":"Recursos","item":"https:\/\/calfrenzy.com\/pt-br\/recursos\/"},{"@type":"ListItem","position":3,"name":"Planejador de Fuso Hor\u00e1rio para Reuni\u00f5es"}]},{"@type":"WebSite","@id":"https:\/\/calfrenzy.com\/pt-br\/#website","url":"https:\/\/calfrenzy.com\/pt-br\/","name":"Calfrenzy","description":"Easy Scheduling Across Time Zones and Organizations","publisher":{"@id":"https:\/\/calfrenzy.com\/pt-br\/#organization"},"alternateName":"calfrenzy","potentialAction":[{"@type":"SearchAction","target":{"@type":"EntryPoint","urlTemplate":"https:\/\/calfrenzy.com\/pt-br\/?s={search_term_string}"},"query-input":{"@type":"PropertyValueSpecification","valueRequired":true,"valueName":"search_term_string"}}],"inLanguage":"pt-BR"},{"@type":"Organization","@id":"https:\/\/calfrenzy.com\/pt-br\/#organization","name":"Calfrenzy","alternateName":"calfrenzy","url":"https:\/\/calfrenzy.com\/pt-br\/","logo":{"@type":"ImageObject","inLanguage":"pt-BR","@id":"https:\/\/calfrenzy.com\/pt-br\/#\/schema\/logo\/image\/","url":"https:\/\/calfrenzy.com\/wp-content\/uploads\/2024\/06\/float_6_1.svg","contentUrl":"https:\/\/calfrenzy.com\/wp-content\/uploads\/2024\/06\/float_6_1.svg","width":47,"height":50,"caption":"Calfrenzy"},"image":{"@id":"https:\/\/calfrenzy.com\/pt-br\/#\/schema\/logo\/image\/"},"sameAs":["https:\/\/www.facebook.com\/calfrenzy","https:\/\/x.com\/calfrenzy53224","https:\/\/www.youtube.com\/@Calfrenzy","https:\/\/www.linkedin.com\/company\/calfrenzy","https:\/\/www.capterra.com\/p\/10020993\/CalFrenzy\/","https:\/\/chromewebstore.google.com\/detail\/calfrenzy-free-online-app\/igmlifilbgnlaijamohaakgoacoeoidk?hl=en","https:\/\/workspace.google.com\/marketplace\/app\/calfrenzy\/369573383535","https:\/\/www.trustpilot.com\/review\/calfrenzy.com","https:\/\/www.g2.com\/products\/calfrenzy\/reviews"]}]}},"_links":{"self":[{"href":"https:\/\/calfrenzy.com\/pt-br\/wp-json\/wp\/v2\/pages\/7610","targetHints":{"allow":["GET"]}}],"collection":[{"href":"https:\/\/calfrenzy.com\/pt-br\/wp-json\/wp\/v2\/pages"}],"about":[{"href":"https:\/\/calfrenzy.com\/pt-br\/wp-json\/wp\/v2\/types\/page"}],"author":[{"embeddable":true,"href":"https:\/\/calfrenzy.com\/pt-br\/wp-json\/wp\/v2\/users\/1"}],"replies":[{"embeddable":true,"href":"https:\/\/calfrenzy.com\/pt-br\/wp-json\/wp\/v2\/comments?post=7610"}],"version-history":[{"count":7,"href":"https:\/\/calfrenzy.com\/pt-br\/wp-json\/wp\/v2\/pages\/7610\/revisions"}],"predecessor-version":[{"id":10603,"href":"https:\/\/calfrenzy.com\/pt-br\/wp-json\/wp\/v2\/pages\/7610\/revisions\/10603"}],"up":[{"embeddable":true,"href":"https:\/\/calfrenzy.com\/pt-br\/wp-json\/wp\/v2\/pages\/2850"}],"wp:featuredmedia":[{"embeddable":true,"href":"https:\/\/calfrenzy.com\/pt-br\/wp-json\/wp\/v2\/media\/10347"}],"wp:attachment":[{"href":"https:\/\/calfrenzy.com\/pt-br\/wp-json\/wp\/v2\/media?parent=7610"}],"curies":[{"name":"wp","href":"https:\/\/api.w.org\/{rel}","templated":true}]}}