{"id":7702,"date":"2025-06-26T11:33:41","date_gmt":"2025-06-26T11:33:41","guid":{"rendered":"https:\/\/calfrenzy.com\/?page_id=7702"},"modified":"2025-11-28T12:22:31","modified_gmt":"2025-11-28T12:22:31","slug":"receba-pagamentos","status":"publish","type":"page","link":"https:\/\/calfrenzy.com\/pt-br\/recursos\/receba-pagamentos\/","title":{"rendered":"Receba Pagamentos"},"content":{"rendered":"\n<div class=\"wp-block-cf-features-banner wrapper_features_banner\"><div class=\"features_banner\">\n<div class=\"features_banner__content\">\n<h1 class=\"wp-block-heading\" id=\"h-get-paid-when-clients-book-online\"><mark style=\"background-color:rgba(0, 0, 0, 0)\" class=\"has-inline-color has-base-green-right-color\">Receba<\/mark> Quando Clientes <mark style=\"background-color:rgba(0, 0, 0, 0)\" class=\"has-inline-color has-primary-yellow-color\">Agendam<\/mark> <mark style=\"background-color:rgba(0, 0, 0, 0)\" class=\"has-inline-color has-base-green-left-color\">Online<\/mark><\/h1>\n\n\n\n<p>Transforme agendamentos em receita com a integra\u00e7\u00e3o com pagamentos. A Calfrenzy facilita a cobran\u00e7a pelo seu tempo, servi\u00e7os ou sess\u00f5es \u2014 sem follow-ups e sem ferramentas extras. <\/p>\n\n\n\n<div class=\"wp-block-button\"><a class=\"wp-block-button__link wp-element-button\" href=\"https:\/\/schedule.calfrenzy.com\/auth\/sign-up\">Comece a Aceitar Pagamentos<\/a><\/div>\n<\/div>\n\n\n\n<div class=\"features_banner__image\">\n<figure class=\"wp-block-image size-full take_payments\"><img decoding=\"async\" src=\"https:\/\/calfrenzy.com\/wp-content\/uploads\/2025\/08\/take_payments_banner-2-Portuguese-1.png\" alt=\"Receba quando os clientes agendarem online &#x2014; a Calfrenzy &#xE9; compat&#xED;vel com Google Pay, Apple Pay e pagamentos seguros com cart&#xE3;o.\" class=\"wp-image-7602\"\/><\/figure>\n<\/div>\n<\/div><\/div>\n\n<div class=\"wp-block-cf-video wrapper_video_block\"><div class=\"video_block\">\n<h2 class=\"wp-block-heading has-text-align-center\" id=\"h-see-it-in-action\">Veja na Pr\u00e1tica<\/h2>\n\n\n\n<p class=\"has-text-align-center\">Assista como a Calfrenzy simplifica o processo de pagamento. Neste v\u00eddeo curto, voc\u00ea ver\u00e1 como o pagamento se integra perfeitamente ao fluxo de agendamento \u2014 oferecendo clareza aos seus clientes e tranquilidade para voc\u00ea. <\/p>\n\n\n\n<figure class=\"wp-block-embed is-type-video is-provider-youtube wp-block-embed-youtube\"><div class=\"wp-block-embed__wrapper\">\n<iframe title=\"How to Get Paid for Your Bookings with Calfrenzy | Payments Tutorial\" width=\"500\" height=\"281\" src=\"https:\/\/www.youtube.com\/embed\/70nFYRx6c-A?feature=oembed\" frameborder=\"0\" allow=\"accelerometer; autoplay; clipboard-write; encrypted-media; gyroscope; picture-in-picture; web-share\" referrerpolicy=\"strict-origin-when-cross-origin\" allowfullscreen><\/iframe>\n<\/div><\/figure>\n<\/div><\/div>\n\n<div class=\"wp-block-cf-green-section-block wrapper_green_section_block\"><div class=\"green_section_block\">\n<h2 class=\"wp-block-heading has-text-align-center\">Por Que Receber Pagamentos com a Calfrenzy<\/h2>\n\n\n\n<p class=\"has-text-align-center\">Com modelos de precifica\u00e7\u00e3o flex\u00edveis e checkout seguro via Stripe, a Calfrenzy ajuda voc\u00ea a receber antecipadamente \u2014 para parar de correr atr\u00e1s de faturas e focar no seu trabalho.<\/p>\n\n\n\n<ul class=\"wp-block-list\">\n<li>Aceite cart\u00f5es de cr\u00e9dito\/d\u00e9bito, Apple Pay, Google Pay<\/li>\n\n\n\n<li>Compat\u00edvel com todas as principais moedas<\/li>\n\n\n\n<li>Compat\u00edvel com todas as principais moedas<\/li>\n\n\n\n<li>Compat\u00edvel com todas as principais moedas<\/li>\n<\/ul>\n<\/div><\/div>\n\n<div class=\"wp-block-cf-perfect-workflow wrapper_perfect_workflow no_bg\"><div class=\"perfect_workflow\">\n<h2 class=\"wp-block-heading has-text-align-center\" id=\"h-payment-built-into-your-booking-page\">Pagamento Integrado \u00e0 Sua P\u00e1gina de Agendamento<\/h2>\n\n\n\n<div class=\"wp-block-cf-perfect-workflow-items perfect_workflow__items perfect_workflow__items--three\">\n<div class=\"wp-block-cf-perfect-workflow-item perfect_workflow_item\">\n<figure class=\"wp-block-image alignleft size-full\"><img decoding=\"async\" width=\"96\" height=\"96\" src=\"https:\/\/calfrenzy.com\/wp-content\/uploads\/2025\/06\/Enable-Per-Page-Payments.png\" alt=\"Pagamentos por P&#xE1;gina\" class=\"wp-image-7578\"\/><\/figure>\n\n\n\n<h3 class=\"wp-block-heading\" id=\"h-enable-per-page-payments\">Pagamentos por P\u00e1gina<\/h3>\n\n\n\n<ul class=\"wp-block-list\">\n<li>Escolha quais eventos exigem pagamento<\/li>\n\n\n\n<li>Exiba o valor diretamente na sua p\u00e1gina p\u00fablica de agendamento<\/li>\n<\/ul>\n<\/div>\n\n\n\n<div class=\"wp-block-cf-perfect-workflow-item perfect_workflow_item\">\n<figure class=\"wp-block-image alignleft size-full\"><img decoding=\"async\" width=\"96\" height=\"96\" src=\"https:\/\/calfrenzy.com\/wp-content\/uploads\/2025\/06\/Choose-Pricing-Model.png\" alt=\"Escolha o Modelo de Pre&#xE7;o\" class=\"wp-image-7577\"\/><\/figure>\n\n\n\n<h3 class=\"wp-block-heading\" id=\"h-choose-a-pricing-model\">Escolha o Modelo de Pre\u00e7o<\/h3>\n\n\n\n<ul class=\"wp-block-list\">\n<li>Valor fixo, tarifa por hora ou pre\u00e7o por participante<\/li>\n\n\n\n<li>Totais calculados automaticamente em tempo real<\/li>\n<\/ul>\n<\/div>\n\n\n\n<div class=\"wp-block-cf-perfect-workflow-item perfect_workflow_item\">\n<figure class=\"wp-block-image alignleft size-full is-resized\"><img decoding=\"async\" width=\"96\" height=\"96\" src=\"https:\/\/calfrenzy.com\/wp-content\/uploads\/2025\/06\/Global-Currency-Support.png\" alt=\"Suporte a Moedas Globais\" class=\"wp-image-7579\" style=\"width:32px;height:auto\"\/><\/figure>\n\n\n\n<h3 class=\"wp-block-heading\" id=\"h-global-currency-support\">Suporte a Moedas Globais<\/h3>\n\n\n\n<ul class=\"wp-block-list\">\n<li>Cobre seus clientes na moeda local deles<\/li>\n\n\n\n<li>Stripe garante conformidade com as regras de cada pa\u00eds<\/li>\n<\/ul>\n<\/div>\n<\/div>\n<\/div><\/div>\n\n<div class=\"wp-block-cf-example-pricing wrapper_example_pricing\"><div class=\"example_pricing\">\n<div class=\"wp-block-cf-example-pricing-content example_pricing__content\">\n<h2 class=\"wp-block-heading\">Precifica\u00e7\u00e3o Transparente para Seus Clientes<\/h2>\n\n\n\n<p>Assim que o cliente escolher um hor\u00e1rio, ver\u00e1 o valor total com clareza \u2014 sem surpresas.<\/p>\n<\/div>\n\n\n\n<div class=\"wp-block-cf-example-pricing-table example_pricing__table\">\n<h3 class=\"wp-block-heading\">Exemplos<\/h3>\n\n\n\n<figure class=\"wp-block-table\"><table class=\"has-fixed-layout\"><thead><tr><th scope=\"col\">Fixo:<\/th><th scope=\"col\">Por Hora:<\/th><th scope=\"col\">Por Participante:<\/th><\/tr><\/thead><tbody><tr><td>R$250 por sess\u00e3o<\/td><td>$75\/hr x 1.5 hours = $112.50<\/td><td>$20 x 3 participantes = $60<\/td><\/tr><\/tbody><\/table><\/figure>\n<\/div>\n<\/div><\/div>\n\n<div class=\"wp-block-cf-feature-yellow-cta wrapper_feature_yellow_cta\"><div class=\"feature_yellow_cta\">\n<div class=\"wp-block-cf-feature-yellow-cta-content feature_yellow_cta__content\">\n<h2 class=\"wp-block-heading\" id=\"h-perfect-for-professionals-who-charge-for-time\">Perfeito para Profissionais que Cobram por Tempo<\/h2>\n\n\n\n<ul class=\"wp-block-list\">\n<li><strong>Coaches e consultores<\/strong> que oferecem sess\u00f5es pagas<\/li>\n\n\n\n<li><strong>Freelancers<\/strong> que vendem pacotes por hora<\/li>\n\n\n\n<li><strong>Organizadores de eventos<\/strong> que vendem lugares em grupo<\/li>\n\n\n\n<li><strong>Equipes<\/strong> que cobram por onboarding ou reuni\u00f5es de descoberta<\/li>\n<\/ul>\n<\/div>\n\n\n\n<div class=\"wp-block-cf-feature-yellow-cta-image feature_yellow_cta__image\">\n<figure class=\"wp-block-image size-large\"><img decoding=\"async\" src=\"https:\/\/calfrenzy.com\/wp-content\/uploads\/2025\/09\/featured_image_cta_phone-Portuguese.png\" alt=\"Smartphone exibindo uma tela de confirma&#xE7;&#xE3;o de agendamento com o logo da Calfrenzy, destacando a compatibilidade com dispositivos m&#xF3;veis.\" class=\"wp-image-7599\"\/><\/figure>\n<\/div>\n<\/div><\/div>\n\n<div class=\"wp-block-cf-faq wrapper_faq\" itemscope itemtype=\"https:\/\/schema.org\/FAQPage\"><div class=\"faq\">\n<h2 class=\"wp-block-heading has-text-align-center\" id=\"h-frequently-asked-questions\">Perguntas Frequentes<\/h2>\n\n\n\n<div class=\"wp-block-cf-faq-item faq_item\" itemscope itemprop=\"mainEntity\" itemtype=\"https:\/\/schema.org\/Question\">\n<div class=\"wp-block-cf-faq-item-question faq_item__title\" onclick=\"$(this).siblings('.faq_item__content').slideToggle().parent().toggleClass('open')\"><div itemprop=\"name\">\n<h3 class=\"wp-block-heading\" id=\"h-can-i-require-payment-when-a-client-books\">Posso exigir pagamento quando o cliente agenda?<\/h3>\n<\/div><\/div>\n\n\n\n<div class=\"wp-block-cf-faq-item-answer faq_item__content\" itemscope itemprop=\"acceptedAnswer\" itemtype=\"https:\/\/schema.org\/Answer\"><div itemprop=\"text\">\n<p>Sim. Adicione a exig\u00eancia de pagamento em qualquer p\u00e1gina de agendamento \u2014 o cliente precisa pagar antes de confirmar. <\/p>\n<\/div><\/div>\n<\/div>\n\n\n\n<div class=\"wp-block-cf-faq-item faq_item\" itemscope itemprop=\"mainEntity\" itemtype=\"https:\/\/schema.org\/Question\">\n<div class=\"wp-block-cf-faq-item-question faq_item__title\" onclick=\"$(this).siblings('.faq_item__content').slideToggle().parent().toggleClass('open')\"><div itemprop=\"name\">\n<h3 class=\"wp-block-heading\" id=\"h-what-payment-methods-can-clients-use\">Quais m\u00e9todos de pagamento os clientes podem usar?<\/h3>\n<\/div><\/div>\n\n\n\n<div class=\"wp-block-cf-faq-item-answer faq_item__content\" itemscope itemprop=\"acceptedAnswer\" itemtype=\"https:\/\/schema.org\/Answer\"><div itemprop=\"text\">\n<p>O Stripe oferece suporte a cart\u00f5es de cr\u00e9dito\/d\u00e9bito, Apple Pay e Google Pay, dependendo da sua localiza\u00e7\u00e3o e configura\u00e7\u00f5es.<\/p>\n<\/div><\/div>\n<\/div>\n\n\n\n<div class=\"wp-block-cf-faq-item faq_item\" itemscope itemprop=\"mainEntity\" itemtype=\"https:\/\/schema.org\/Question\">\n<div class=\"wp-block-cf-faq-item-question faq_item__title\" onclick=\"$(this).siblings('.faq_item__content').slideToggle().parent().toggleClass('open')\"><div itemprop=\"name\">\n<h3 class=\"wp-block-heading\" id=\"h-can-i-accept-partial-payments-or-deposits\">Posso aceitar pagamentos parciais ou dep\u00f3sitos?<\/h3>\n<\/div><\/div>\n\n\n\n<div class=\"wp-block-cf-faq-item-answer faq_item__content\" itemscope itemprop=\"acceptedAnswer\" itemtype=\"https:\/\/schema.org\/Answer\"><div itemprop=\"text\">\n<p>Voc\u00ea pode simular dep\u00f3sitos oferecendo hor\u00e1rios reduzidos ou com desconto \u2014 ideal para testes pagos ou sess\u00f5es com baixo compromisso.<\/p>\n<\/div><\/div>\n<\/div>\n\n\n\n<div class=\"wp-block-cf-faq-item faq_item\" itemscope itemprop=\"mainEntity\" itemtype=\"https:\/\/schema.org\/Question\">\n<div class=\"wp-block-cf-faq-item-question faq_item__title\" onclick=\"$(this).siblings('.faq_item__content').slideToggle().parent().toggleClass('open')\"><div itemprop=\"name\">\n<h3 class=\"wp-block-heading\" id=\"h-are-payments-secure\">Os pagamentos s\u00e3o seguros?<\/h3>\n<\/div><\/div>\n\n\n\n<div class=\"wp-block-cf-faq-item-answer faq_item__content\" itemscope itemprop=\"acceptedAnswer\" itemtype=\"https:\/\/schema.org\/Answer\"><div itemprop=\"text\">\n<p>Sim. A Calfrenzy usa a infraestrutura do Stripe com conformidade PCI, criptografia completa e prote\u00e7\u00e3o contra fraudes. <\/p>\n<\/div><\/div>\n<\/div>\n\n\n\n<div class=\"wp-block-cf-faq-item faq_item\" itemscope itemprop=\"mainEntity\" itemtype=\"https:\/\/schema.org\/Question\">\n<div class=\"wp-block-cf-faq-item-question faq_item__title\" onclick=\"$(this).siblings('.faq_item__content').slideToggle().parent().toggleClass('open')\"><div itemprop=\"name\">\n<h3 class=\"wp-block-heading\" id=\"h-who-can-manage-payment-settings\">Quem pode gerenciar as configura\u00e7\u00f5es de pagamento?<\/h3>\n<\/div><\/div>\n\n\n\n<div class=\"wp-block-cf-faq-item-answer faq_item__content\" itemscope itemprop=\"acceptedAnswer\" itemtype=\"https:\/\/schema.org\/Answer\"><div itemprop=\"text\">\n<p>Somente propriet\u00e1rios e administradores da organiza\u00e7\u00e3o t\u00eam acesso aos controles de pagamento e Stripe.<\/p>\n<\/div><\/div>\n<\/div>\n<\/div><\/div>\n\n<div class=\"wp-block-cf-yellow-cta wrapper_yellow_cta\"><div class=\"yellow_cta\"><div class=\"yellow_cta__content\">\n<h2 class=\"wp-block-heading\" id=\"h-get-paid-automatically-with-calfrenzy\">Receba Automaticamente com a Calfrenzy<\/h2>\n\n\n\n<p class=\"has-text-align-center\">Chega de links de pagamento ou e-mails de cobran\u00e7a. <br\/>Comece a receber pagamentos no momento do agendamento com a Calfrenzy.<\/p>\n\n\n\n<div class=\"wp-block-button\"><a class=\"wp-block-button__link wp-element-button\" href=\"https:\/\/schedule.calfrenzy.com\/auth\/sign-up\">Comece Gr\u00e1tis \u2013 Aceite Pagamentos na Hora<\/a><\/div>\n<\/div><\/div><\/div>\n","protected":false},"excerpt":{"rendered":"","protected":false},"author":1,"featured_media":10359,"parent":2850,"menu_order":0,"comment_status":"closed","ping_status":"closed","template":"","meta":{"inline_featured_image":false,"footnotes":""},"class_list":["post-7702","page","type-page","status-publish","has-post-thumbnail","hentry"],"yoast_head":"<!-- This site is optimized with the Yoast SEO Premium plugin v26.8 (Yoast SEO v26.8) - https:\/\/yoast.com\/product\/yoast-seo-premium-wordpress\/ -->\n<title>Integra\u00e7\u00e3o com Pagamentos para Agendamentos Online | Calfrenzy<\/title>\n<meta name=\"description\" content=\"Conecte facilmente a integra\u00e7\u00e3o com pagamentos na Calfrenzy. Receba pagamentos no momento em que os clientes agendam. Nenhuma ferramenta adicional necess\u00e1ria.\" \/>\n<meta name=\"robots\" content=\"index, follow, max-snippet:-1, max-image-preview:large, max-video-preview:-1\" \/>\n<link rel=\"canonical\" href=\"https:\/\/calfrenzy.com\/pt-br\/recursos\/receba-pagamentos\/\" \/>\n<meta property=\"og:locale\" content=\"pt_BR\" \/>\n<meta property=\"og:type\" content=\"article\" \/>\n<meta property=\"og:title\" content=\"Receba Pagamentos\" \/>\n<meta property=\"og:description\" content=\"Conecte facilmente a integra\u00e7\u00e3o com pagamentos na Calfrenzy. Receba pagamentos no momento em que os clientes agendam. Nenhuma ferramenta adicional necess\u00e1ria.\" \/>\n<meta property=\"og:url\" content=\"https:\/\/calfrenzy.com\/pt-br\/recursos\/receba-pagamentos\/\" \/>\n<meta property=\"og:site_name\" content=\"calfrenzy\" \/>\n<meta property=\"article:publisher\" content=\"https:\/\/www.facebook.com\/calfrenzy\" \/>\n<meta property=\"article:modified_time\" content=\"2025-11-28T12:22:31+00:00\" \/>\n<meta property=\"og:image\" content=\"https:\/\/calfrenzy.com\/wp-content\/uploads\/2025\/11\/Take-Payments-Portuguese.png\" \/>\n\t<meta property=\"og:image:width\" content=\"1200\" \/>\n\t<meta property=\"og:image:height\" content=\"630\" \/>\n\t<meta property=\"og:image:type\" content=\"image\/png\" \/>\n<meta name=\"twitter:card\" content=\"summary_large_image\" \/>\n<meta name=\"twitter:site\" content=\"@calfrenzy53224\" \/>\n<meta name=\"twitter:label1\" content=\"Tempo estimado de leitura\" \/>\n\t<meta name=\"twitter:data1\" content=\"2 minutos\" \/>\n<script type=\"application\/ld+json\" class=\"yoast-schema-graph\">{\"@context\":\"https:\/\/schema.org\",\"@graph\":[{\"@type\":\"WebPage\",\"@id\":\"https:\/\/calfrenzy.com\/pt-br\/recursos\/receba-pagamentos\/\",\"url\":\"https:\/\/calfrenzy.com\/pt-br\/recursos\/receba-pagamentos\/\",\"name\":\"Integra\u00e7\u00e3o com Pagamentos para Agendamentos Online | Calfrenzy\",\"isPartOf\":{\"@id\":\"https:\/\/calfrenzy.com\/pt-br\/#website\"},\"primaryImageOfPage\":{\"@id\":\"https:\/\/calfrenzy.com\/pt-br\/recursos\/receba-pagamentos\/#primaryimage\"},\"image\":{\"@id\":\"https:\/\/calfrenzy.com\/pt-br\/recursos\/receba-pagamentos\/#primaryimage\"},\"thumbnailUrl\":\"https:\/\/calfrenzy.com\/wp-content\/uploads\/2025\/11\/Take-Payments-Portuguese.png\",\"datePublished\":\"2025-06-26T11:33:41+00:00\",\"dateModified\":\"2025-11-28T12:22:31+00:00\",\"description\":\"Conecte facilmente a integra\u00e7\u00e3o com pagamentos na Calfrenzy. Receba pagamentos no momento em que os clientes agendam. Nenhuma ferramenta adicional necess\u00e1ria.\",\"breadcrumb\":{\"@id\":\"https:\/\/calfrenzy.com\/pt-br\/recursos\/receba-pagamentos\/#breadcrumb\"},\"inLanguage\":\"pt-BR\",\"potentialAction\":[{\"@type\":\"ReadAction\",\"target\":[\"https:\/\/calfrenzy.com\/pt-br\/recursos\/receba-pagamentos\/\"]}]},{\"@type\":\"ImageObject\",\"inLanguage\":\"pt-BR\",\"@id\":\"https:\/\/calfrenzy.com\/pt-br\/recursos\/receba-pagamentos\/#primaryimage\",\"url\":\"https:\/\/calfrenzy.com\/wp-content\/uploads\/2025\/11\/Take-Payments-Portuguese.png\",\"contentUrl\":\"https:\/\/calfrenzy.com\/wp-content\/uploads\/2025\/11\/Take-Payments-Portuguese.png\",\"width\":1200,\"height\":630},{\"@type\":\"BreadcrumbList\",\"@id\":\"https:\/\/calfrenzy.com\/pt-br\/recursos\/receba-pagamentos\/#breadcrumb\",\"itemListElement\":[{\"@type\":\"ListItem\",\"position\":1,\"name\":\"Home\",\"item\":\"https:\/\/calfrenzy.com\/pt-br\/\"},{\"@type\":\"ListItem\",\"position\":2,\"name\":\"Recursos\",\"item\":\"https:\/\/calfrenzy.com\/pt-br\/recursos\/\"},{\"@type\":\"ListItem\",\"position\":3,\"name\":\"Receba Pagamentos\"}]},{\"@type\":\"WebSite\",\"@id\":\"https:\/\/calfrenzy.com\/pt-br\/#website\",\"url\":\"https:\/\/calfrenzy.com\/pt-br\/\",\"name\":\"Calfrenzy\",\"description\":\"Easy Scheduling Across Time Zones and Organizations\",\"publisher\":{\"@id\":\"https:\/\/calfrenzy.com\/pt-br\/#organization\"},\"alternateName\":\"calfrenzy\",\"potentialAction\":[{\"@type\":\"SearchAction\",\"target\":{\"@type\":\"EntryPoint\",\"urlTemplate\":\"https:\/\/calfrenzy.com\/pt-br\/?s={search_term_string}\"},\"query-input\":{\"@type\":\"PropertyValueSpecification\",\"valueRequired\":true,\"valueName\":\"search_term_string\"}}],\"inLanguage\":\"pt-BR\"},{\"@type\":\"Organization\",\"@id\":\"https:\/\/calfrenzy.com\/pt-br\/#organization\",\"name\":\"Calfrenzy\",\"alternateName\":\"calfrenzy\",\"url\":\"https:\/\/calfrenzy.com\/pt-br\/\",\"logo\":{\"@type\":\"ImageObject\",\"inLanguage\":\"pt-BR\",\"@id\":\"https:\/\/calfrenzy.com\/pt-br\/#\/schema\/logo\/image\/\",\"url\":\"https:\/\/calfrenzy.com\/wp-content\/uploads\/2024\/06\/float_6_1.svg\",\"contentUrl\":\"https:\/\/calfrenzy.com\/wp-content\/uploads\/2024\/06\/float_6_1.svg\",\"width\":47,\"height\":50,\"caption\":\"Calfrenzy\"},\"image\":{\"@id\":\"https:\/\/calfrenzy.com\/pt-br\/#\/schema\/logo\/image\/\"},\"sameAs\":[\"https:\/\/www.facebook.com\/calfrenzy\",\"https:\/\/x.com\/calfrenzy53224\",\"https:\/\/www.youtube.com\/@Calfrenzy\",\"https:\/\/www.linkedin.com\/company\/calfrenzy\",\"https:\/\/www.capterra.com\/p\/10020993\/CalFrenzy\/\",\"https:\/\/chromewebstore.google.com\/detail\/calfrenzy-free-online-app\/igmlifilbgnlaijamohaakgoacoeoidk?hl=en\",\"https:\/\/workspace.google.com\/marketplace\/app\/calfrenzy\/369573383535\",\"https:\/\/www.trustpilot.com\/review\/calfrenzy.com\",\"https:\/\/www.g2.com\/products\/calfrenzy\/reviews\"]}]}<\/script>\n<!-- \/ Yoast SEO Premium plugin. -->","yoast_head_json":{"title":"Integra\u00e7\u00e3o com Pagamentos para Agendamentos Online | Calfrenzy","description":"Conecte facilmente a integra\u00e7\u00e3o com pagamentos na Calfrenzy. Receba pagamentos no momento em que os clientes agendam. Nenhuma ferramenta adicional necess\u00e1ria.","robots":{"index":"index","follow":"follow","max-snippet":"max-snippet:-1","max-image-preview":"max-image-preview:large","max-video-preview":"max-video-preview:-1"},"canonical":"https:\/\/calfrenzy.com\/pt-br\/recursos\/receba-pagamentos\/","og_locale":"pt_BR","og_type":"article","og_title":"Receba Pagamentos","og_description":"Conecte facilmente a integra\u00e7\u00e3o com pagamentos na Calfrenzy. Receba pagamentos no momento em que os clientes agendam. Nenhuma ferramenta adicional necess\u00e1ria.","og_url":"https:\/\/calfrenzy.com\/pt-br\/recursos\/receba-pagamentos\/","og_site_name":"calfrenzy","article_publisher":"https:\/\/www.facebook.com\/calfrenzy","article_modified_time":"2025-11-28T12:22:31+00:00","og_image":[{"width":1200,"height":630,"url":"https:\/\/calfrenzy.com\/wp-content\/uploads\/2025\/11\/Take-Payments-Portuguese.png","type":"image\/png"}],"twitter_card":"summary_large_image","twitter_site":"@calfrenzy53224","twitter_misc":{"Tempo estimado de leitura":"2 minutos"},"schema":{"@context":"https:\/\/schema.org","@graph":[{"@type":"WebPage","@id":"https:\/\/calfrenzy.com\/pt-br\/recursos\/receba-pagamentos\/","url":"https:\/\/calfrenzy.com\/pt-br\/recursos\/receba-pagamentos\/","name":"Integra\u00e7\u00e3o com Pagamentos para Agendamentos Online | Calfrenzy","isPartOf":{"@id":"https:\/\/calfrenzy.com\/pt-br\/#website"},"primaryImageOfPage":{"@id":"https:\/\/calfrenzy.com\/pt-br\/recursos\/receba-pagamentos\/#primaryimage"},"image":{"@id":"https:\/\/calfrenzy.com\/pt-br\/recursos\/receba-pagamentos\/#primaryimage"},"thumbnailUrl":"https:\/\/calfrenzy.com\/wp-content\/uploads\/2025\/11\/Take-Payments-Portuguese.png","datePublished":"2025-06-26T11:33:41+00:00","dateModified":"2025-11-28T12:22:31+00:00","description":"Conecte facilmente a integra\u00e7\u00e3o com pagamentos na Calfrenzy. Receba pagamentos no momento em que os clientes agendam. Nenhuma ferramenta adicional necess\u00e1ria.","breadcrumb":{"@id":"https:\/\/calfrenzy.com\/pt-br\/recursos\/receba-pagamentos\/#breadcrumb"},"inLanguage":"pt-BR","potentialAction":[{"@type":"ReadAction","target":["https:\/\/calfrenzy.com\/pt-br\/recursos\/receba-pagamentos\/"]}]},{"@type":"ImageObject","inLanguage":"pt-BR","@id":"https:\/\/calfrenzy.com\/pt-br\/recursos\/receba-pagamentos\/#primaryimage","url":"https:\/\/calfrenzy.com\/wp-content\/uploads\/2025\/11\/Take-Payments-Portuguese.png","contentUrl":"https:\/\/calfrenzy.com\/wp-content\/uploads\/2025\/11\/Take-Payments-Portuguese.png","width":1200,"height":630},{"@type":"BreadcrumbList","@id":"https:\/\/calfrenzy.com\/pt-br\/recursos\/receba-pagamentos\/#breadcrumb","itemListElement":[{"@type":"ListItem","position":1,"name":"Home","item":"https:\/\/calfrenzy.com\/pt-br\/"},{"@type":"ListItem","position":2,"name":"Recursos","item":"https:\/\/calfrenzy.com\/pt-br\/recursos\/"},{"@type":"ListItem","position":3,"name":"Receba Pagamentos"}]},{"@type":"WebSite","@id":"https:\/\/calfrenzy.com\/pt-br\/#website","url":"https:\/\/calfrenzy.com\/pt-br\/","name":"Calfrenzy","description":"Easy Scheduling Across Time Zones and Organizations","publisher":{"@id":"https:\/\/calfrenzy.com\/pt-br\/#organization"},"alternateName":"calfrenzy","potentialAction":[{"@type":"SearchAction","target":{"@type":"EntryPoint","urlTemplate":"https:\/\/calfrenzy.com\/pt-br\/?s={search_term_string}"},"query-input":{"@type":"PropertyValueSpecification","valueRequired":true,"valueName":"search_term_string"}}],"inLanguage":"pt-BR"},{"@type":"Organization","@id":"https:\/\/calfrenzy.com\/pt-br\/#organization","name":"Calfrenzy","alternateName":"calfrenzy","url":"https:\/\/calfrenzy.com\/pt-br\/","logo":{"@type":"ImageObject","inLanguage":"pt-BR","@id":"https:\/\/calfrenzy.com\/pt-br\/#\/schema\/logo\/image\/","url":"https:\/\/calfrenzy.com\/wp-content\/uploads\/2024\/06\/float_6_1.svg","contentUrl":"https:\/\/calfrenzy.com\/wp-content\/uploads\/2024\/06\/float_6_1.svg","width":47,"height":50,"caption":"Calfrenzy"},"image":{"@id":"https:\/\/calfrenzy.com\/pt-br\/#\/schema\/logo\/image\/"},"sameAs":["https:\/\/www.facebook.com\/calfrenzy","https:\/\/x.com\/calfrenzy53224","https:\/\/www.youtube.com\/@Calfrenzy","https:\/\/www.linkedin.com\/company\/calfrenzy","https:\/\/www.capterra.com\/p\/10020993\/CalFrenzy\/","https:\/\/chromewebstore.google.com\/detail\/calfrenzy-free-online-app\/igmlifilbgnlaijamohaakgoacoeoidk?hl=en","https:\/\/workspace.google.com\/marketplace\/app\/calfrenzy\/369573383535","https:\/\/www.trustpilot.com\/review\/calfrenzy.com","https:\/\/www.g2.com\/products\/calfrenzy\/reviews"]}]}},"_links":{"self":[{"href":"https:\/\/calfrenzy.com\/pt-br\/wp-json\/wp\/v2\/pages\/7702","targetHints":{"allow":["GET"]}}],"collection":[{"href":"https:\/\/calfrenzy.com\/pt-br\/wp-json\/wp\/v2\/pages"}],"about":[{"href":"https:\/\/calfrenzy.com\/pt-br\/wp-json\/wp\/v2\/types\/page"}],"author":[{"embeddable":true,"href":"https:\/\/calfrenzy.com\/pt-br\/wp-json\/wp\/v2\/users\/1"}],"replies":[{"embeddable":true,"href":"https:\/\/calfrenzy.com\/pt-br\/wp-json\/wp\/v2\/comments?post=7702"}],"version-history":[{"count":4,"href":"https:\/\/calfrenzy.com\/pt-br\/wp-json\/wp\/v2\/pages\/7702\/revisions"}],"predecessor-version":[{"id":10972,"href":"https:\/\/calfrenzy.com\/pt-br\/wp-json\/wp\/v2\/pages\/7702\/revisions\/10972"}],"up":[{"embeddable":true,"href":"https:\/\/calfrenzy.com\/pt-br\/wp-json\/wp\/v2\/pages\/2850"}],"wp:featuredmedia":[{"embeddable":true,"href":"https:\/\/calfrenzy.com\/pt-br\/wp-json\/wp\/v2\/media\/10359"}],"wp:attachment":[{"href":"https:\/\/calfrenzy.com\/pt-br\/wp-json\/wp\/v2\/media?parent=7702"}],"curies":[{"name":"wp","href":"https:\/\/api.w.org\/{rel}","templated":true}]}}