{"id":8347,"date":"2025-08-13T09:40:43","date_gmt":"2025-08-13T09:40:43","guid":{"rendered":"https:\/\/calfrenzy.com\/?page_id=8347"},"modified":"2025-11-14T14:18:01","modified_gmt":"2025-11-14T14:18:01","slug":"extensao-para-navegador","status":"publish","type":"page","link":"https:\/\/calfrenzy.com\/pt-br\/recursos\/extensao-para-navegador\/","title":{"rendered":"Extens\u00e3o para Navegador"},"content":{"rendered":"\n<div class=\"wp-block-cf-features-banner wrapper_features_banner\"><div class=\"features_banner\">\n<div class=\"features_banner__content\">\n<h1 class=\"wp-block-heading\" id=\"h-schedule-faster-with-calfrenzy-browser-extension\"><mark style=\"background-color:rgba(0, 0, 0, 0)\" class=\"has-inline-color has-base-green-right-color\">Agende<\/mark> mais r\u00e1pido com a <mark style=\"background-color:rgba(0, 0, 0, 0)\" class=\"has-inline-color has-primary-yellow-color\">Extens\u00e3o<\/mark> para <mark style=\"background-color:rgba(0, 0, 0, 0)\" class=\"has-inline-color has-base-green-left-color\">Navegador<\/mark> Calfrenzy<\/h1>\n\n\n\n<p>Adicione a extens\u00e3o Calfrenzy para agendamento no Chrome ou Edge e marque reuni\u00f5es sem trocar de aba \u2014 diretamente do Gmail, LinkedIn e outras ferramentas que voc\u00ea j\u00e1 usa. Insira sua disponibilidade, copie links e gerencie agendamentos \u2014 tudo a partir da sua caixa de entrada ou calend\u00e1rio. <\/p>\n\n\n\n<div class=\"wp-block-button\"><a class=\"wp-block-button__link wp-element-button\" href=\"https:\/\/chromewebstore.google.com\/detail\/calfrenzy-free-online-app\/igmlifilbgnlaijamohaakgoacoeoidk\" target=\"_blank\" rel=\"noreferrer noopener\">Instalar Extens\u00e3o \u2013 \u00c9 Gr\u00e1tis<\/a><\/div>\n<\/div>\n\n\n\n<div class=\"features_banner__image\">\n<figure class=\"wp-block-image size-large\"><img decoding=\"async\" src=\"https:\/\/calfrenzy.com\/wp-content\/uploads\/2025\/08\/Install-Extension-Portuguese-1-1024x934.png\" alt=\"Extens&#xE3;o Calfrenzy inserindo links de agendamento na composi&#xE7;&#xE3;o do Gmail\" class=\"wp-image-8149\"\/><\/figure>\n<\/div>\n<\/div><\/div>\n\n<div class=\"wp-block-cf-video wrapper_video_block\"><div class=\"video_block\">\n<h2 class=\"wp-block-heading has-text-align-center\" id=\"h-see-it-in-action\">Veja na Pr\u00e1tica<\/h2>\n\n\n\n<p class=\"has-text-align-center\">Veja como a extens\u00e3o Calfrenzy ajuda voc\u00ea a agendar enquanto trabalha \u2014 seja respondendo a um e-mail no Gmail ou conversando no LinkedIn.<\/p>\n\n\n\n<figure class=\"wp-block-embed is-type-video is-provider-youtube wp-block-embed-youtube\"><div class=\"wp-block-embed__wrapper\">\n<iframe title=\"Calfrenzy Browser Extension Tutorial | Schedule Instantly from Gmail, LinkedIn &amp; More!\" width=\"500\" height=\"281\" src=\"https:\/\/www.youtube.com\/embed\/Tm-nKjxpuGQ?feature=oembed\" frameborder=\"0\" allow=\"accelerometer; autoplay; clipboard-write; encrypted-media; gyroscope; picture-in-picture; web-share\" referrerpolicy=\"strict-origin-when-cross-origin\" allowfullscreen><\/iframe>\n<\/div><\/figure>\n<\/div><\/div>\n\n<div class=\"wp-block-cf-tools wrapper_tools no_bg\"><div class=\"tools\">\n<h2 class=\"wp-block-heading has-text-align-center\" id=\"h-what-you-can-do-with-the-calfrenzy-extension\">O que voc\u00ea pode fazer com a Extens\u00e3o Calfrenzy<\/h2>\n\n\n\n<div class=\"wp-block-cf-tools-items tools__items tools__items--two\">\n<div class=\"wp-block-cf-tools-item tool_item\">\n<figure class=\"wp-block-image size-full\"><img decoding=\"async\" width=\"120\" height=\"120\" src=\"https:\/\/calfrenzy.com\/wp-content\/uploads\/2025\/06\/No-Apps-or-Accounts-Needed.png\" alt=\"Compartilhe disponibilidade em 2 cliques\" class=\"wp-image-7392\"\/><\/figure>\n\n\n\n<h3 class=\"wp-block-heading\" id=\"h-share-availability-in-2-clicks\">Compartilhe disponibilidade em 2 cliques<\/h3>\n\n\n\n<ul class=\"wp-block-list\">\n<li>Cole o link de agendamento diretamente no e-mail<\/li>\n\n\n\n<li>Perfeito para Gmail, Outlook Web e outras ferramentas baseadas no navegador<\/li>\n<\/ul>\n<\/div>\n\n\n\n<div class=\"wp-block-cf-tools-item tool_item\">\n<figure class=\"wp-block-image size-full\"><img decoding=\"async\" width=\"120\" height=\"120\" src=\"https:\/\/calfrenzy.com\/wp-content\/uploads\/2025\/08\/online-channels.png\" alt=\"Use em todo o Google Workspace\" class=\"wp-image-8117\"\/><\/figure>\n\n\n\n<h3 class=\"wp-block-heading\" id=\"h-use-it-across-google-workspace\">Use em todo o Google Workspace<\/h3>\n\n\n\n<ul class=\"wp-block-list\">\n<li>Acesse o Calfrenzy na barra de ferramentas do Gmail para inserir links ou disponibilidade<\/li>\n\n\n\n<li>Funciona no desktop<\/li>\n<\/ul>\n<\/div>\n\n\n\n<div class=\"wp-block-cf-tools-item tool_item\">\n<figure class=\"wp-block-image size-full\"><img decoding=\"async\" width=\"120\" height=\"120\" src=\"https:\/\/calfrenzy.com\/wp-content\/uploads\/2025\/08\/Insert-Booking-Links-Instantly.png\" alt=\"Insira links de agendamento instantaneamente\" class=\"wp-image-8151\"\/><\/figure>\n\n\n\n<h3 class=\"wp-block-heading\" id=\"h-insert-booking-links-instantly\">Insira links de agendamento instantaneamente<\/h3>\n\n\n\n<ul class=\"wp-block-list\">\n<li>Adicione o link da sua p\u00e1gina de agendamento pessoal ou de equipe com um clique<\/li>\n\n\n\n<li>Copie links sem abrir o painel completo<\/li>\n<\/ul>\n<\/div>\n\n\n\n<div class=\"wp-block-cf-tools-item tool_item\">\n<figure class=\"wp-block-image size-full\"><img decoding=\"async\" width=\"120\" height=\"120\" src=\"https:\/\/calfrenzy.com\/wp-content\/uploads\/2025\/08\/Manage-Meetings-Without-Switching-Tabs.png\" alt=\"Gerencie reuni&#xF5;es sem trocar de aba\" class=\"wp-image-8152\"\/><\/figure>\n\n\n\n<h3 class=\"wp-block-heading\" id=\"h-manage-meetings-without-switching-tabs\">Gerencie reuni\u00f5es sem trocar de aba<\/h3>\n\n\n\n<ul class=\"wp-block-list\">\n<li>Veja os pr\u00f3ximos eventos na barra lateral do navegador<\/li>\n\n\n\n<li>Abra o painel diretamente pelo bot\u00e3o da extens\u00e3o<\/li>\n<\/ul>\n<\/div>\n<\/div>\n<\/div><\/div>\n\n<div class=\"wp-block-cf-bg-container-block wrapper_bg_container_block\"><div class=\"bg_container_block\" style=\"background-color:#FEEA9A\">\n<div style=\"min-width:min(calc(564\/1440 * 100vw) , 564px)\" class=\"wp-block-cf-bg-container-block-inner bg_container_block__column\">\n<h2 class=\"wp-block-heading\" id=\"h-why-use-a-scheduling-extension\">Por que usar uma extens\u00e3o de agendamento?<\/h2>\n<\/div>\n\n\n\n<div style=\"min-width:min(calc(496\/1440 * 100vw) , 496px)\" class=\"wp-block-cf-bg-container-block-inner bg_container_block__column\">\n<p>Pare de trocar de abas para gerenciar seu calend\u00e1rio. A <strong>extens\u00e3o Calfrenzy<\/strong> ajuda voc\u00ea a responder mais r\u00e1pido, manter uma apar\u00eancia profissional e ter controle total \u2014 sem interromper seu fluxo de trabalho. Ideal para profissionais que lidam diretamente com clientes e precisam agir r\u00e1pido.  <\/p>\n<\/div>\n<\/div><\/div>\n\n<div class=\"wp-block-cf-perfect-workflow wrapper_perfect_workflow no_bg\"><div class=\"perfect_workflow\">\n<h2 class=\"wp-block-heading has-text-align-center\" id=\"h-perfect-for-any-workflow\">Perfeito para Qualquer Fluxo de Trabalho<\/h2>\n\n\n\n<div class=\"wp-block-cf-perfect-workflow-items perfect_workflow__items perfect_workflow__items--four\">\n<div class=\"wp-block-cf-perfect-workflow-item perfect_workflow_item\">\n<figure class=\"wp-block-image size-full\"><img decoding=\"async\" width=\"96\" height=\"96\" src=\"https:\/\/calfrenzy.com\/wp-content\/uploads\/2025\/06\/Coaches-Consultants.png\" alt=\"&#xCD;cone representando ferramentas de agendamento para coaches e consultores.\" class=\"wp-image-7399\"\/><\/figure>\n\n\n\n<h3 class=\"wp-block-heading has-text-align-center\" id=\"h-coaches-amp-consultants-nbsp\">Coaches e Consultores <\/h3>\n\n\n\n<p class=\"has-text-align-center\">Compartilhe disponibilidade instantaneamente com prospects e clientes.<\/p>\n<\/div>\n\n\n\n<div class=\"wp-block-cf-perfect-workflow-item perfect_workflow_item\">\n<figure class=\"wp-block-image size-full\"><img decoding=\"async\" width=\"96\" height=\"96\" src=\"https:\/\/calfrenzy.com\/wp-content\/uploads\/2025\/06\/Virtual-Assistants.png\" alt=\"&#xCD;cone representando ferramentas de agendamento para coaches e consultores.\" class=\"wp-image-7400\"\/><\/figure>\n\n\n\n<h3 class=\"wp-block-heading has-text-align-center\" id=\"h-virtual-assistants\">Assistentes Virtuais<\/h3>\n\n\n\n<p class=\"has-text-align-center\">Gerencie agendamentos para v\u00e1rios calend\u00e1rios sem trocar de abas.<\/p>\n<\/div>\n\n\n\n<div class=\"wp-block-cf-perfect-workflow-item perfect_workflow_item\">\n<figure class=\"wp-block-image size-full\"><img decoding=\"async\" width=\"96\" height=\"96\" src=\"https:\/\/calfrenzy.com\/wp-content\/uploads\/2025\/06\/Teams-Agencies.png\" alt=\"&#xCD;cone representando ferramentas de agendamento para equipes e ag&#xEA;ncias.\" class=\"wp-image-7402\"\/><\/figure>\n\n\n\n<h3 class=\"wp-block-heading has-text-align-center\" id=\"h-recruiters\">Recrutadores<\/h3>\n\n\n\n<p class=\"has-text-align-center\">Envie hor\u00e1rios de entrevistas rapidamente para candidatos direto da sua caixa de entrada.<\/p>\n<\/div>\n\n\n\n<div class=\"wp-block-cf-perfect-workflow-item perfect_workflow_item\">\n<figure class=\"wp-block-image size-full\"><img decoding=\"async\" width=\"96\" height=\"97\" src=\"https:\/\/calfrenzy.com\/wp-content\/uploads\/2025\/08\/icons_colorful.png\" alt=\"Equipes de Vendas\" class=\"wp-image-8154\"\/><\/figure>\n\n\n\n<h3 class=\"wp-block-heading has-text-align-center\" id=\"h-sales-teams\">Equipes de Vendas<\/h3>\n\n\n\n<p class=\"has-text-align-center\">Ofere\u00e7a hor\u00e1rios de demonstra\u00e7\u00e3o em tempo real enquanto conversa no LinkedIn ou Gmail.<\/p>\n<\/div>\n<\/div>\n<\/div><\/div>\n\n<div class=\"wp-block-cf-feature-cta wrapper_feature_cta\"><div class=\"feature_cta\"><div class=\"feature_cta__content\">\n<h2 class=\"wp-block-heading\" id=\"h-our-fair-pricing\">Nossa Pol\u00edtica de Pre\u00e7os<\/h2>\n\n\n\n<ul class=\"wp-block-list\">\n<li>Gr\u00e1tis para instalar e usar com qualquer plano Calfrenzy<\/li>\n\n\n\n<li>Nenhum plano pago \u00e9 necess\u00e1rio para acessar a extens\u00e3o<\/li>\n\n\n\n<li>Funciona em todas as contas, incluindo agendamento de equipes<\/li>\n<\/ul>\n<\/div><div class=\"feature_cta__image\"><img decoding=\"async\" src=\"https:\/\/calfrenzy.com\/wp-content\/uploads\/2025\/08\/cheerful-young-woman-holding-laptop-computer@2x-1.png\" alt=\"\"\/><\/div><\/div><\/div>\n\n<div class=\"wp-block-cf-faq wrapper_faq\" itemscope itemtype=\"https:\/\/schema.org\/FAQPage\"><div class=\"faq\">\n<h2 class=\"wp-block-heading has-text-align-center\" id=\"h-frequently-asked-questions\">Perguntas Frequentes<\/h2>\n\n\n\n<div class=\"wp-block-cf-faq-item faq_item\" itemscope itemprop=\"mainEntity\" itemtype=\"https:\/\/schema.org\/Question\">\n<div class=\"wp-block-cf-faq-item-question faq_item__title\" onclick=\"$(this).siblings('.faq_item__content').slideToggle().parent().toggleClass('open')\"><div itemprop=\"name\">\n<h3 class=\"wp-block-heading\" id=\"h-what-browsers-does-the-extension-work-on\">Em quais navegadores a extens\u00e3o funciona?<\/h3>\n<\/div><\/div>\n\n\n\n<div class=\"wp-block-cf-faq-item-answer faq_item__content\" itemscope itemprop=\"acceptedAnswer\" itemtype=\"https:\/\/schema.org\/Answer\"><div itemprop=\"text\">\n<p>A extens\u00e3o do Calfrenzy est\u00e1 dispon\u00edvel para o Google Chrome e o Microsoft Edge.<\/p>\n<\/div><\/div>\n<\/div>\n\n\n\n<div class=\"wp-block-cf-faq-item faq_item\" itemscope itemprop=\"mainEntity\" itemtype=\"https:\/\/schema.org\/Question\">\n<div class=\"wp-block-cf-faq-item-question faq_item__title\" onclick=\"$(this).siblings('.faq_item__content').slideToggle().parent().toggleClass('open')\"><div itemprop=\"name\">\n<h3 class=\"wp-block-heading\" id=\"h-does-this-replace-the-web-app\">Isso substitui o aplicativo web?<\/h3>\n<\/div><\/div>\n\n\n\n<div class=\"wp-block-cf-faq-item-answer faq_item__content\" itemscope itemprop=\"acceptedAnswer\" itemtype=\"https:\/\/schema.org\/Answer\"><div itemprop=\"text\">\n<p>N\u00e3o \u2014 \u00e9 um complemento. A extens\u00e3o ajuda voc\u00ea a agendar mais r\u00e1pido, sem precisar trocar de aba ou abrir o painel. <\/p>\n<\/div><\/div>\n<\/div>\n\n\n\n<div class=\"wp-block-cf-faq-item faq_item\" itemscope itemprop=\"mainEntity\" itemtype=\"https:\/\/schema.org\/Question\">\n<div class=\"wp-block-cf-faq-item-question faq_item__title\" onclick=\"$(this).siblings('.faq_item__content').slideToggle().parent().toggleClass('open')\"><div itemprop=\"name\">\n<h3 class=\"wp-block-heading\" id=\"h-is-the-extension-free-to-use\">A extens\u00e3o \u00e9 gratuita?<\/h3>\n<\/div><\/div>\n\n\n\n<div class=\"wp-block-cf-faq-item-answer faq_item__content\" itemscope itemprop=\"acceptedAnswer\" itemtype=\"https:\/\/schema.org\/Answer\"><div itemprop=\"text\">\n<p>Sim. Est\u00e1 inclu\u00edda em todas as contas Calfrenzy \u2014 sem custo adicional. <\/p>\n<\/div><\/div>\n<\/div>\n<\/div><\/div>\n\n<div class=\"wp-block-cf-yellow-cta wrapper_yellow_cta\"><div class=\"yellow_cta\"><div class=\"yellow_cta__content\">\n<h2 class=\"wp-block-heading has-text-align-center\" id=\"h-try-the-calfrenzy-extension-today\">Experimente a Extens\u00e3o Calfrenzy Hoje<\/h2>\n\n\n\n<p class=\"has-text-align-center\">Compartilhe disponibilidade mais r\u00e1pido, agende instantaneamente e mantenha o fluxo de trabalho. <br\/>Adicione a extens\u00e3o agora \u2014 \u00e9 gr\u00e1tis.<\/p>\n\n\n\n<div class=\"wp-block-button\"><a class=\"wp-block-button__link wp-element-button\" href=\"https:\/\/chromewebstore.google.com\/detail\/calfrenzy-free-online-app\/igmlifilbgnlaijamohaakgoacoeoidk\" target=\"_blank\" rel=\"noreferrer noopener\">Instalar Extens\u00e3o Gratuita<\/a><\/div>\n<\/div><\/div><\/div>\n","protected":false},"excerpt":{"rendered":"","protected":false},"author":1,"featured_media":10384,"parent":2850,"menu_order":0,"comment_status":"closed","ping_status":"closed","template":"","meta":{"inline_featured_image":false,"footnotes":""},"class_list":["post-8347","page","type-page","status-publish","has-post-thumbnail","hentry"],"yoast_head":"<!-- This site is optimized with the Yoast SEO Premium plugin v26.8 (Yoast SEO v26.8) - https:\/\/yoast.com\/product\/yoast-seo-premium-wordpress\/ -->\n<title>Extens\u00e3o para Agendamento | Calfrenzy<\/title>\n<meta name=\"description\" content=\"Agende reuni\u00f5es diretamente do seu navegador com a extens\u00e3o Calfrenzy. Insira hor\u00e1rios, copie links e gerencie agendamentos \u2014 sem precisar abrir o painel.\" \/>\n<meta name=\"robots\" content=\"index, follow, max-snippet:-1, max-image-preview:large, max-video-preview:-1\" \/>\n<link rel=\"canonical\" href=\"https:\/\/calfrenzy.com\/pt-br\/recursos\/extensao-para-navegador\/\" \/>\n<meta property=\"og:locale\" content=\"pt_BR\" \/>\n<meta property=\"og:type\" content=\"article\" \/>\n<meta property=\"og:title\" content=\"Extens\u00e3o para Navegador\" \/>\n<meta property=\"og:description\" content=\"Agende reuni\u00f5es diretamente do seu navegador com a extens\u00e3o Calfrenzy. Insira hor\u00e1rios, copie links e gerencie agendamentos \u2014 sem precisar abrir o painel.\" \/>\n<meta property=\"og:url\" content=\"https:\/\/calfrenzy.com\/pt-br\/recursos\/extensao-para-navegador\/\" \/>\n<meta property=\"og:site_name\" content=\"calfrenzy\" \/>\n<meta property=\"article:publisher\" content=\"https:\/\/www.facebook.com\/calfrenzy\" \/>\n<meta property=\"article:modified_time\" content=\"2025-11-14T14:18:01+00:00\" \/>\n<meta property=\"og:image\" content=\"https:\/\/calfrenzy.com\/wp-content\/uploads\/2025\/11\/Browser-Extension-Portuguese.png\" \/>\n\t<meta property=\"og:image:width\" content=\"1200\" \/>\n\t<meta property=\"og:image:height\" content=\"630\" \/>\n\t<meta property=\"og:image:type\" content=\"image\/png\" \/>\n<meta name=\"twitter:card\" content=\"summary_large_image\" \/>\n<meta name=\"twitter:site\" content=\"@calfrenzy53224\" \/>\n<meta name=\"twitter:label1\" content=\"Tempo estimado de leitura\" \/>\n\t<meta name=\"twitter:data1\" content=\"2 minutos\" \/>\n<script type=\"application\/ld+json\" class=\"yoast-schema-graph\">{\"@context\":\"https:\/\/schema.org\",\"@graph\":[{\"@type\":\"WebPage\",\"@id\":\"https:\/\/calfrenzy.com\/pt-br\/recursos\/extensao-para-navegador\/\",\"url\":\"https:\/\/calfrenzy.com\/pt-br\/recursos\/extensao-para-navegador\/\",\"name\":\"Extens\u00e3o para Agendamento | Calfrenzy\",\"isPartOf\":{\"@id\":\"https:\/\/calfrenzy.com\/pt-br\/#website\"},\"primaryImageOfPage\":{\"@id\":\"https:\/\/calfrenzy.com\/pt-br\/recursos\/extensao-para-navegador\/#primaryimage\"},\"image\":{\"@id\":\"https:\/\/calfrenzy.com\/pt-br\/recursos\/extensao-para-navegador\/#primaryimage\"},\"thumbnailUrl\":\"https:\/\/calfrenzy.com\/wp-content\/uploads\/2025\/11\/Browser-Extension-Portuguese.png\",\"datePublished\":\"2025-08-13T09:40:43+00:00\",\"dateModified\":\"2025-11-14T14:18:01+00:00\",\"description\":\"Agende reuni\u00f5es diretamente do seu navegador com a extens\u00e3o Calfrenzy. Insira hor\u00e1rios, copie links e gerencie agendamentos \u2014 sem precisar abrir o painel.\",\"breadcrumb\":{\"@id\":\"https:\/\/calfrenzy.com\/pt-br\/recursos\/extensao-para-navegador\/#breadcrumb\"},\"inLanguage\":\"pt-BR\",\"potentialAction\":[{\"@type\":\"ReadAction\",\"target\":[\"https:\/\/calfrenzy.com\/pt-br\/recursos\/extensao-para-navegador\/\"]}]},{\"@type\":\"ImageObject\",\"inLanguage\":\"pt-BR\",\"@id\":\"https:\/\/calfrenzy.com\/pt-br\/recursos\/extensao-para-navegador\/#primaryimage\",\"url\":\"https:\/\/calfrenzy.com\/wp-content\/uploads\/2025\/11\/Browser-Extension-Portuguese.png\",\"contentUrl\":\"https:\/\/calfrenzy.com\/wp-content\/uploads\/2025\/11\/Browser-Extension-Portuguese.png\",\"width\":1200,\"height\":630},{\"@type\":\"BreadcrumbList\",\"@id\":\"https:\/\/calfrenzy.com\/pt-br\/recursos\/extensao-para-navegador\/#breadcrumb\",\"itemListElement\":[{\"@type\":\"ListItem\",\"position\":1,\"name\":\"Home\",\"item\":\"https:\/\/calfrenzy.com\/pt-br\/\"},{\"@type\":\"ListItem\",\"position\":2,\"name\":\"Recursos\",\"item\":\"https:\/\/calfrenzy.com\/pt-br\/recursos\/\"},{\"@type\":\"ListItem\",\"position\":3,\"name\":\"Extens\u00e3o para Navegador\"}]},{\"@type\":\"WebSite\",\"@id\":\"https:\/\/calfrenzy.com\/pt-br\/#website\",\"url\":\"https:\/\/calfrenzy.com\/pt-br\/\",\"name\":\"Calfrenzy\",\"description\":\"Easy Scheduling Across Time Zones and Organizations\",\"publisher\":{\"@id\":\"https:\/\/calfrenzy.com\/pt-br\/#organization\"},\"alternateName\":\"calfrenzy\",\"potentialAction\":[{\"@type\":\"SearchAction\",\"target\":{\"@type\":\"EntryPoint\",\"urlTemplate\":\"https:\/\/calfrenzy.com\/pt-br\/?s={search_term_string}\"},\"query-input\":{\"@type\":\"PropertyValueSpecification\",\"valueRequired\":true,\"valueName\":\"search_term_string\"}}],\"inLanguage\":\"pt-BR\"},{\"@type\":\"Organization\",\"@id\":\"https:\/\/calfrenzy.com\/pt-br\/#organization\",\"name\":\"Calfrenzy\",\"alternateName\":\"calfrenzy\",\"url\":\"https:\/\/calfrenzy.com\/pt-br\/\",\"logo\":{\"@type\":\"ImageObject\",\"inLanguage\":\"pt-BR\",\"@id\":\"https:\/\/calfrenzy.com\/pt-br\/#\/schema\/logo\/image\/\",\"url\":\"https:\/\/calfrenzy.com\/wp-content\/uploads\/2024\/06\/float_6_1.svg\",\"contentUrl\":\"https:\/\/calfrenzy.com\/wp-content\/uploads\/2024\/06\/float_6_1.svg\",\"width\":47,\"height\":50,\"caption\":\"Calfrenzy\"},\"image\":{\"@id\":\"https:\/\/calfrenzy.com\/pt-br\/#\/schema\/logo\/image\/\"},\"sameAs\":[\"https:\/\/www.facebook.com\/calfrenzy\",\"https:\/\/x.com\/calfrenzy53224\",\"https:\/\/www.youtube.com\/@Calfrenzy\",\"https:\/\/www.linkedin.com\/company\/calfrenzy\",\"https:\/\/www.capterra.com\/p\/10020993\/CalFrenzy\/\",\"https:\/\/chromewebstore.google.com\/detail\/calfrenzy-free-online-app\/igmlifilbgnlaijamohaakgoacoeoidk?hl=en\",\"https:\/\/workspace.google.com\/marketplace\/app\/calfrenzy\/369573383535\",\"https:\/\/www.trustpilot.com\/review\/calfrenzy.com\",\"https:\/\/www.g2.com\/products\/calfrenzy\/reviews\"]}]}<\/script>\n<!-- \/ Yoast SEO Premium plugin. -->","yoast_head_json":{"title":"Extens\u00e3o para Agendamento | Calfrenzy","description":"Agende reuni\u00f5es diretamente do seu navegador com a extens\u00e3o Calfrenzy. Insira hor\u00e1rios, copie links e gerencie agendamentos \u2014 sem precisar abrir o painel.","robots":{"index":"index","follow":"follow","max-snippet":"max-snippet:-1","max-image-preview":"max-image-preview:large","max-video-preview":"max-video-preview:-1"},"canonical":"https:\/\/calfrenzy.com\/pt-br\/recursos\/extensao-para-navegador\/","og_locale":"pt_BR","og_type":"article","og_title":"Extens\u00e3o para Navegador","og_description":"Agende reuni\u00f5es diretamente do seu navegador com a extens\u00e3o Calfrenzy. Insira hor\u00e1rios, copie links e gerencie agendamentos \u2014 sem precisar abrir o painel.","og_url":"https:\/\/calfrenzy.com\/pt-br\/recursos\/extensao-para-navegador\/","og_site_name":"calfrenzy","article_publisher":"https:\/\/www.facebook.com\/calfrenzy","article_modified_time":"2025-11-14T14:18:01+00:00","og_image":[{"width":1200,"height":630,"url":"https:\/\/calfrenzy.com\/wp-content\/uploads\/2025\/11\/Browser-Extension-Portuguese.png","type":"image\/png"}],"twitter_card":"summary_large_image","twitter_site":"@calfrenzy53224","twitter_misc":{"Tempo estimado de leitura":"2 minutos"},"schema":{"@context":"https:\/\/schema.org","@graph":[{"@type":"WebPage","@id":"https:\/\/calfrenzy.com\/pt-br\/recursos\/extensao-para-navegador\/","url":"https:\/\/calfrenzy.com\/pt-br\/recursos\/extensao-para-navegador\/","name":"Extens\u00e3o para Agendamento | Calfrenzy","isPartOf":{"@id":"https:\/\/calfrenzy.com\/pt-br\/#website"},"primaryImageOfPage":{"@id":"https:\/\/calfrenzy.com\/pt-br\/recursos\/extensao-para-navegador\/#primaryimage"},"image":{"@id":"https:\/\/calfrenzy.com\/pt-br\/recursos\/extensao-para-navegador\/#primaryimage"},"thumbnailUrl":"https:\/\/calfrenzy.com\/wp-content\/uploads\/2025\/11\/Browser-Extension-Portuguese.png","datePublished":"2025-08-13T09:40:43+00:00","dateModified":"2025-11-14T14:18:01+00:00","description":"Agende reuni\u00f5es diretamente do seu navegador com a extens\u00e3o Calfrenzy. Insira hor\u00e1rios, copie links e gerencie agendamentos \u2014 sem precisar abrir o painel.","breadcrumb":{"@id":"https:\/\/calfrenzy.com\/pt-br\/recursos\/extensao-para-navegador\/#breadcrumb"},"inLanguage":"pt-BR","potentialAction":[{"@type":"ReadAction","target":["https:\/\/calfrenzy.com\/pt-br\/recursos\/extensao-para-navegador\/"]}]},{"@type":"ImageObject","inLanguage":"pt-BR","@id":"https:\/\/calfrenzy.com\/pt-br\/recursos\/extensao-para-navegador\/#primaryimage","url":"https:\/\/calfrenzy.com\/wp-content\/uploads\/2025\/11\/Browser-Extension-Portuguese.png","contentUrl":"https:\/\/calfrenzy.com\/wp-content\/uploads\/2025\/11\/Browser-Extension-Portuguese.png","width":1200,"height":630},{"@type":"BreadcrumbList","@id":"https:\/\/calfrenzy.com\/pt-br\/recursos\/extensao-para-navegador\/#breadcrumb","itemListElement":[{"@type":"ListItem","position":1,"name":"Home","item":"https:\/\/calfrenzy.com\/pt-br\/"},{"@type":"ListItem","position":2,"name":"Recursos","item":"https:\/\/calfrenzy.com\/pt-br\/recursos\/"},{"@type":"ListItem","position":3,"name":"Extens\u00e3o para Navegador"}]},{"@type":"WebSite","@id":"https:\/\/calfrenzy.com\/pt-br\/#website","url":"https:\/\/calfrenzy.com\/pt-br\/","name":"Calfrenzy","description":"Easy Scheduling Across Time Zones and Organizations","publisher":{"@id":"https:\/\/calfrenzy.com\/pt-br\/#organization"},"alternateName":"calfrenzy","potentialAction":[{"@type":"SearchAction","target":{"@type":"EntryPoint","urlTemplate":"https:\/\/calfrenzy.com\/pt-br\/?s={search_term_string}"},"query-input":{"@type":"PropertyValueSpecification","valueRequired":true,"valueName":"search_term_string"}}],"inLanguage":"pt-BR"},{"@type":"Organization","@id":"https:\/\/calfrenzy.com\/pt-br\/#organization","name":"Calfrenzy","alternateName":"calfrenzy","url":"https:\/\/calfrenzy.com\/pt-br\/","logo":{"@type":"ImageObject","inLanguage":"pt-BR","@id":"https:\/\/calfrenzy.com\/pt-br\/#\/schema\/logo\/image\/","url":"https:\/\/calfrenzy.com\/wp-content\/uploads\/2024\/06\/float_6_1.svg","contentUrl":"https:\/\/calfrenzy.com\/wp-content\/uploads\/2024\/06\/float_6_1.svg","width":47,"height":50,"caption":"Calfrenzy"},"image":{"@id":"https:\/\/calfrenzy.com\/pt-br\/#\/schema\/logo\/image\/"},"sameAs":["https:\/\/www.facebook.com\/calfrenzy","https:\/\/x.com\/calfrenzy53224","https:\/\/www.youtube.com\/@Calfrenzy","https:\/\/www.linkedin.com\/company\/calfrenzy","https:\/\/www.capterra.com\/p\/10020993\/CalFrenzy\/","https:\/\/chromewebstore.google.com\/detail\/calfrenzy-free-online-app\/igmlifilbgnlaijamohaakgoacoeoidk?hl=en","https:\/\/workspace.google.com\/marketplace\/app\/calfrenzy\/369573383535","https:\/\/www.trustpilot.com\/review\/calfrenzy.com","https:\/\/www.g2.com\/products\/calfrenzy\/reviews"]}]}},"_links":{"self":[{"href":"https:\/\/calfrenzy.com\/pt-br\/wp-json\/wp\/v2\/pages\/8347","targetHints":{"allow":["GET"]}}],"collection":[{"href":"https:\/\/calfrenzy.com\/pt-br\/wp-json\/wp\/v2\/pages"}],"about":[{"href":"https:\/\/calfrenzy.com\/pt-br\/wp-json\/wp\/v2\/types\/page"}],"author":[{"embeddable":true,"href":"https:\/\/calfrenzy.com\/pt-br\/wp-json\/wp\/v2\/users\/1"}],"replies":[{"embeddable":true,"href":"https:\/\/calfrenzy.com\/pt-br\/wp-json\/wp\/v2\/comments?post=8347"}],"version-history":[{"count":7,"href":"https:\/\/calfrenzy.com\/pt-br\/wp-json\/wp\/v2\/pages\/8347\/revisions"}],"predecessor-version":[{"id":10474,"href":"https:\/\/calfrenzy.com\/pt-br\/wp-json\/wp\/v2\/pages\/8347\/revisions\/10474"}],"up":[{"embeddable":true,"href":"https:\/\/calfrenzy.com\/pt-br\/wp-json\/wp\/v2\/pages\/2850"}],"wp:featuredmedia":[{"embeddable":true,"href":"https:\/\/calfrenzy.com\/pt-br\/wp-json\/wp\/v2\/media\/10384"}],"wp:attachment":[{"href":"https:\/\/calfrenzy.com\/pt-br\/wp-json\/wp\/v2\/media?parent=8347"}],"curies":[{"name":"wp","href":"https:\/\/api.w.org\/{rel}","templated":true}]}}