{"id":8529,"date":"2025-08-13T08:59:44","date_gmt":"2025-08-13T08:59:44","guid":{"rendered":"https:\/\/calfrenzy.com\/?page_id=8529"},"modified":"2025-11-18T16:23:00","modified_gmt":"2025-11-18T16:23:00","slug":"agendamento-por-qr-code","status":"publish","type":"page","link":"https:\/\/calfrenzy.com\/pt-br\/recursos\/agendamento-por-qr-code\/","title":{"rendered":"Agendamento por QR Code"},"content":{"rendered":"\n<div class=\"wp-block-cf-features-banner wrapper_features_banner scheduling-software\"><div class=\"features_banner\">\n<div class=\"features_banner__content\">\n<h1 class=\"wp-block-heading\" id=\"h-let-clients-book-instantly-with-a-qr-code\"><mark style=\"background-color:rgba(0, 0, 0, 0)\" class=\"has-inline-color has-base-green-right-color\">Permita<\/mark> que os clientes agendem <mark style=\"background-color:rgba(0, 0, 0, 0)\" class=\"has-inline-color has-primary-yellow-color\">instantaneamente<\/mark> com um QR <mark style=\"background-color:rgba(0, 0, 0, 0)\" class=\"has-inline-color has-base-green-left-color\">Code<\/mark><\/h1>\n\n\n\n<p>Transforme qualquer panfleto, placa ou tela em um portal de agendamento. O Calfrenzy gera um QR Code para a sua p\u00e1gina de agendamento, para que os clientes possam escanear e agendar em segundos. <\/p>\n\n\n\n<div class=\"wp-block-button\"><a class=\"wp-block-button__link wp-element-button\" href=\"https:\/\/schedule.calfrenzy.com\/auth\/sign-up\">Gere seu QR Code gratuito<\/a><\/div>\n<\/div>\n\n\n\n<div class=\"features_banner__image\">\n<figure class=\"wp-block-image size-large\"><img decoding=\"async\" width=\"1024\" height=\"936\" src=\"https:\/\/calfrenzy.com\/wp-content\/uploads\/2025\/08\/Generate-Your-QR-Code-Free-1024x936.png\" alt=\"\" class=\"wp-image-8113\" srcset=\"https:\/\/calfrenzy.com\/wp-content\/uploads\/2025\/08\/Generate-Your-QR-Code-Free-1024x936.png 1024w, https:\/\/calfrenzy.com\/wp-content\/uploads\/2025\/08\/Generate-Your-QR-Code-Free-300x274.png 300w, https:\/\/calfrenzy.com\/wp-content\/uploads\/2025\/08\/Generate-Your-QR-Code-Free-768x702.png 768w, https:\/\/calfrenzy.com\/wp-content\/uploads\/2025\/08\/Generate-Your-QR-Code-Free.png 1076w\" sizes=\"(max-width: 1024px) 100vw, 1024px\" \/><\/figure>\n<\/div>\n<\/div><\/div>\n\n<div class=\"wp-block-cf-video wrapper_video_block\"><div class=\"video_block\">\n<h2 class=\"wp-block-heading has-text-align-center\" id=\"h-see-it-in-action\">Veja na Pr\u00e1tica<\/h2>\n\n\n\n<p class=\"has-text-align-center\">Veja como \u00e9 f\u00e1cil gerar um QR Code, imprimi-lo e transformar intera\u00e7\u00f5es do mundo real em agendamentos. <br\/>Perfeito para eventos, sinaliza\u00e7\u00f5es, cart\u00f5es de visita e muito mais.<\/p>\n\n\n\n<figure class=\"wp-block-embed is-type-video is-provider-youtube wp-block-embed-youtube\"><div class=\"wp-block-embed__wrapper\">\n<iframe title=\"Instantly Book Appointments with a Scan | Calfrenzy QR Code Tutorial\" width=\"500\" height=\"281\" src=\"https:\/\/www.youtube.com\/embed\/BI_cyWf4jH4?feature=oembed\" frameborder=\"0\" allow=\"accelerometer; autoplay; clipboard-write; encrypted-media; gyroscope; picture-in-picture; web-share\" referrerpolicy=\"strict-origin-when-cross-origin\" allowfullscreen><\/iframe>\n<\/div><\/figure>\n<\/div><\/div>\n\n<div class=\"wp-block-cf-bg-container-block wrapper_bg_container_block\"><div class=\"bg_container_block\" style=\"background-color:#b5f7d1;background-image:url(https:\/\/calfrenzy.com\/wp-content\/uploads\/2025\/08\/bg_content_block.png)\">\n<div style=\"min-width:min(calc(564\/1440 * 100vw) , 564px)\" class=\"wp-block-cf-bg-container-block-inner bg_container_block__column\">\n<h2 class=\"wp-block-heading\" id=\"h-what-is-qr-code-appointment-booking\">O que \u00e9 o Agendamento por QR Code?<\/h2>\n<\/div>\n\n\n\n<div style=\"min-width:min(calc(496\/1440 * 100vw) , 496px)\" class=\"wp-block-cf-bg-container-block-inner bg_container_block__column\">\n<p>O agendamento por QR Code permite que os clientes acessem sua p\u00e1gina de agendamento simplesmente escaneando um c\u00f3digo com o celular. N\u00e3o \u00e9 necess\u00e1rio copiar links ou abrir aplicativos extras \u2014 basta escanear e agendar. \u00c9 ideal para profissionais presenciais, feiras, panfletos ou sinaliza\u00e7\u00f5es f\u00edsicas que transformam interesse em reuni\u00f5es agendadas.  <\/p>\n<\/div>\n<\/div><\/div>\n\n<div class=\"wp-block-cf-tools wrapper_tools no_bg\"><div class=\"tools\">\n<h2 class=\"wp-block-heading has-text-align-center\" id=\"h-share-your-qr-code-anywhere\">Compartilhe seu QR Code em qualquer lugar<\/h2>\n\n\n\n<div class=\"wp-block-cf-tools-items tools__items tools__items--two\">\n<div class=\"wp-block-cf-tools-item tool_item\">\n<figure class=\"wp-block-image size-full\"><img decoding=\"async\" width=\"120\" height=\"120\" src=\"https:\/\/calfrenzy.com\/wp-content\/uploads\/2025\/08\/in-your-physical-space.png\" alt=\"No seu espa&#xE7;o f&#xED;sico\" class=\"wp-image-8116\"\/><\/figure>\n\n\n\n<h3 class=\"wp-block-heading\" id=\"h-in-your-physical-space\">No seu espa\u00e7o f\u00edsico<\/h3>\n\n\n\n<ul class=\"wp-block-list\">\n<li>Exiba em seu escrit\u00f3rio, balc\u00e3o de recep\u00e7\u00e3o ou vitrine<\/li>\n\n\n\n<li>Use em feiras, eventos ou workshops<\/li>\n<\/ul>\n<\/div>\n\n\n\n<div class=\"wp-block-cf-tools-item tool_item\">\n<figure class=\"wp-block-image size-full\"><img decoding=\"async\" width=\"120\" height=\"120\" src=\"https:\/\/calfrenzy.com\/wp-content\/uploads\/2025\/08\/online-channels.png\" alt=\"Canais online\" class=\"wp-image-8117\"\/><\/figure>\n\n\n\n<h3 class=\"wp-block-heading\" id=\"h-online-channels\">Canais online<\/h3>\n\n\n\n<ul class=\"wp-block-list\">\n<li>Inclua em rodap\u00e9s de e-mail, bios sociais ou fundos virtuais<\/li>\n\n\n\n<li>Baixe e reutilize em suas campanhas de marketing digital<\/li>\n<\/ul>\n<\/div>\n\n\n\n<div class=\"wp-block-cf-tools-item tool_item\">\n<figure class=\"wp-block-image size-full\"><img decoding=\"async\" width=\"120\" height=\"120\" src=\"https:\/\/calfrenzy.com\/wp-content\/uploads\/2025\/08\/on-the-go.png\" alt=\"Em movimento\" class=\"wp-image-8118\"\/><\/figure>\n\n\n\n<h3 class=\"wp-block-heading\" id=\"h-on-the-go\">Em movimento<\/h3>\n\n\n\n<ul class=\"wp-block-list\">\n<li>Adicione a cart\u00f5es de visita, brochuras ou sinaliza\u00e7\u00f5es<\/li>\n\n\n\n<li>Permita que as pessoas escaneiem durante networking ou viagens<\/li>\n<\/ul>\n<\/div>\n\n\n\n<div class=\"wp-block-cf-tools-item tool_item\">\n<figure class=\"wp-block-image size-full\"><img decoding=\"async\" width=\"120\" height=\"120\" src=\"https:\/\/calfrenzy.com\/wp-content\/uploads\/2025\/08\/Quick-Setup-No-Tech-Needed.png\" alt=\"Configura&#xE7;&#xE3;o r&#xE1;pida, sem necessidade de tecnologia\" class=\"wp-image-8119\"\/><\/figure>\n\n\n\n<h3 class=\"wp-block-heading\" id=\"h-quick-setup-no-tech-needed\">Configura\u00e7\u00e3o r\u00e1pida, sem necessidade de tecnologia<\/h3>\n\n\n\n<ul class=\"wp-block-list\">\n<li>Gere seu QR Code com um clique a partir de qualquer p\u00e1gina de agendamento<\/li>\n\n\n\n<li>Baixe e reutilize a qualquer momento \u2014 sem precisar de ferramentas de design<\/li>\n<\/ul>\n<\/div>\n<\/div>\n<\/div><\/div>\n\n<div class=\"wp-block-cf-perfect-workflow wrapper_perfect_workflow\" style=\"background-color:#fff7d9\"><div class=\"perfect_workflow\">\n<h2 class=\"wp-block-heading has-text-align-center\" id=\"h-perfect-for-any-workflow\">Perfeito para Qualquer Fluxo de Trabalho<\/h2>\n\n\n\n<div class=\"wp-block-cf-perfect-workflow-items perfect_workflow__items perfect_workflow__items--four\">\n<div class=\"wp-block-cf-perfect-workflow-item perfect_workflow_item\">\n<figure class=\"wp-block-image size-full\"><img decoding=\"async\" width=\"96\" height=\"96\" src=\"https:\/\/calfrenzy.com\/wp-content\/uploads\/2025\/06\/Coaches-Consultants.png\" alt=\"&#xCD;cone representando ferramentas de agendamento para coaches e consultores.\" class=\"wp-image-7399\"\/><\/figure>\n\n\n\n<h3 class=\"wp-block-heading has-text-align-center\" id=\"h-consultants-amp-coaches\">Consultores e Coaches<\/h3>\n\n\n\n<p class=\"has-text-align-center\">em eventos ao vivo<\/p>\n<\/div>\n\n\n\n<div class=\"wp-block-cf-perfect-workflow-item perfect_workflow_item\">\n<figure class=\"wp-block-image size-full\"><img decoding=\"async\" width=\"96\" height=\"96\" src=\"https:\/\/calfrenzy.com\/wp-content\/uploads\/2025\/08\/Stylists-Service-Pros.png\" alt=\"Profissionais de beleza e servi&#xE7;os\" class=\"wp-image-8121\"\/><\/figure>\n\n\n\n<h3 class=\"wp-block-heading has-text-align-center\" id=\"h-stylists-amp-service-pros\">Profissionais de beleza e servi\u00e7os<\/h3>\n\n\n\n<p class=\"has-text-align-center\">em est\u00fadios ou sal\u00f5es<\/p>\n<\/div>\n\n\n\n<div class=\"wp-block-cf-perfect-workflow-item perfect_workflow_item\">\n<figure class=\"wp-block-image size-full\"><img decoding=\"async\" width=\"96\" height=\"96\" src=\"https:\/\/calfrenzy.com\/wp-content\/uploads\/2025\/08\/Photographers-Artists.png\" alt=\"Fot&#xF3;grafos e Artistas\" class=\"wp-image-8122\"\/><\/figure>\n\n\n\n<h3 class=\"wp-block-heading has-text-align-center\" id=\"h-photographers-amp-artists\">Fot\u00f3grafos e Artistas<\/h3>\n\n\n\n<p class=\"has-text-align-center\">em exposi\u00e7\u00f5es ou estandes<\/p>\n<\/div>\n\n\n\n<div class=\"wp-block-cf-perfect-workflow-item perfect_workflow_item\">\n<figure class=\"wp-block-image size-full\"><img decoding=\"async\" width=\"99\" height=\"96\" src=\"https:\/\/calfrenzy.com\/wp-content\/uploads\/2025\/08\/Freelancers-VAs.png\" alt=\"Freelancers e Assistentes Virtuais\" class=\"wp-image-8123\"\/><\/figure>\n\n\n\n<h3 class=\"wp-block-heading has-text-align-center\" id=\"h-freelancers-amp-vas\">Freelancers e Assistentes Virtuais<\/h3>\n\n\n\n<p class=\"has-text-align-center\">fazendo networking em movimento<\/p>\n<\/div>\n<\/div>\n<\/div><\/div>\n\n<div class=\"wp-block-cf-faq wrapper_faq\" itemscope itemtype=\"https:\/\/schema.org\/FAQPage\"><div class=\"faq\">\n<h2 class=\"wp-block-heading has-text-align-center\" id=\"h-frequently-asked-questions\">Perguntas Frequentes<\/h2>\n\n\n\n<div class=\"wp-block-cf-faq-item faq_item\" itemscope itemprop=\"mainEntity\" itemtype=\"https:\/\/schema.org\/Question\">\n<div class=\"wp-block-cf-faq-item-question faq_item__title\" onclick=\"$(this).siblings('.faq_item__content').slideToggle().parent().toggleClass('open')\"><div itemprop=\"name\">\n<h3 class=\"wp-block-heading\" id=\"h-how-do-i-generate-a-qr-code-for-my-booking-page\">Como gero um QR Code para minha p\u00e1gina de agendamento?<\/h3>\n<\/div><\/div>\n\n\n\n<div class=\"wp-block-cf-faq-item-answer faq_item__content\" itemscope itemprop=\"acceptedAnswer\" itemtype=\"https:\/\/schema.org\/Answer\"><div itemprop=\"text\">\n<p>Basta clicar no bot\u00e3o \u201cCompartilhar\u201d no seu painel do Calfrenzy e selecionar a op\u00e7\u00e3o de QR Code. O c\u00f3digo ser\u00e1 gerado automaticamente e estar\u00e1 pronto para download. <\/p>\n<\/div><\/div>\n<\/div>\n\n\n\n<div class=\"wp-block-cf-faq-item faq_item\" itemscope itemprop=\"mainEntity\" itemtype=\"https:\/\/schema.org\/Question\">\n<div class=\"wp-block-cf-faq-item-question faq_item__title\" onclick=\"$(this).siblings('.faq_item__content').slideToggle().parent().toggleClass('open')\"><div itemprop=\"name\">\n<h3 class=\"wp-block-heading\" id=\"h-can-i-print-the-qr-code-for-my-business-cards-or-signage\">Posso imprimir o QR Code em cart\u00f5es de visita ou sinaliza\u00e7\u00f5es?<\/h3>\n<\/div><\/div>\n\n\n\n<div class=\"wp-block-cf-faq-item-answer faq_item__content\" itemscope itemprop=\"acceptedAnswer\" itemtype=\"https:\/\/schema.org\/Answer\"><div itemprop=\"text\">\n<p>Sim! O QR Code pode ser baixado como um arquivo de imagem padr\u00e3o que voc\u00ea pode usar em materiais impressos, p\u00f4steres ou telas digitais. <\/p>\n<\/div><\/div>\n<\/div>\n\n\n\n<div class=\"wp-block-cf-faq-item faq_item\" itemscope itemprop=\"mainEntity\" itemtype=\"https:\/\/schema.org\/Question\">\n<div class=\"wp-block-cf-faq-item-question faq_item__title\" onclick=\"$(this).siblings('.faq_item__content').slideToggle().parent().toggleClass('open')\"><div itemprop=\"name\">\n<h3 class=\"wp-block-heading\" id=\"h-do-clients-need-an-app-to-scan-the-code\">Os clientes precisam de um aplicativo para escanear o c\u00f3digo?<\/h3>\n<\/div><\/div>\n\n\n\n<div class=\"wp-block-cf-faq-item-answer faq_item__content\" itemscope itemprop=\"acceptedAnswer\" itemtype=\"https:\/\/schema.org\/Answer\"><div itemprop=\"text\">\n<p>N\u00e3o. O QR Code funciona com qualquer c\u00e2mera de smartphone ou aplicativo de leitura de QR Code integrado \u2014 sem necessidade de configura\u00e7\u00e3o especial. <\/p>\n<\/div><\/div>\n<\/div>\n\n\n\n<div class=\"wp-block-cf-faq-item faq_item\" itemscope itemprop=\"mainEntity\" itemtype=\"https:\/\/schema.org\/Question\">\n<div class=\"wp-block-cf-faq-item-question faq_item__title\" onclick=\"$(this).siblings('.faq_item__content').slideToggle().parent().toggleClass('open')\"><div itemprop=\"name\">\n<h3 class=\"wp-block-heading\" id=\"h-does-each-booking-page-have-its-own-qr-code\">Cada p\u00e1gina de agendamento tem seu pr\u00f3prio QR Code?<\/h3>\n<\/div><\/div>\n\n\n\n<div class=\"wp-block-cf-faq-item-answer faq_item__content\" itemscope itemprop=\"acceptedAnswer\" itemtype=\"https:\/\/schema.org\/Answer\"><div itemprop=\"text\">\n<p>Sim. Voc\u00ea pode gerar um QR Code exclusivo para cada p\u00e1gina de agendamento criada no Calfrenzy. <\/p>\n<\/div><\/div>\n<\/div>\n\n\n\n<div class=\"wp-block-cf-faq-item faq_item\" itemscope itemprop=\"mainEntity\" itemtype=\"https:\/\/schema.org\/Question\">\n<div class=\"wp-block-cf-faq-item-question faq_item__title\" onclick=\"$(this).siblings('.faq_item__content').slideToggle().parent().toggleClass('open')\"><div itemprop=\"name\">\n<h3 class=\"wp-block-heading\" id=\"h-can-i-track-who-scanned-my-qr-code\">Posso acompanhar quem escaneou meu QR Code?<\/h3>\n<\/div><\/div>\n\n\n\n<div class=\"wp-block-cf-faq-item-answer faq_item__content\" itemscope itemprop=\"acceptedAnswer\" itemtype=\"https:\/\/schema.org\/Answer\"><div itemprop=\"text\">\n<p>Embora o Calfrenzy n\u00e3o rastreie os escaneamentos diretamente, voc\u00ea pode usar marca\u00e7\u00e3o de t\u00edtulos de p\u00e1gina para acompanhar o tr\u00e1fego pelo seu painel de agendamentos.<\/p>\n<\/div><\/div>\n<\/div>\n<\/div><\/div>\n\n<div class=\"wp-block-cf-yellow-cta wrapper_yellow_cta\"><div class=\"yellow_cta\"><div class=\"yellow_cta__content\">\n<h2 class=\"wp-block-heading has-text-align-center\" id=\"h-your-next-booking-could-be-one-scan-away\">Sua pr\u00f3xima reuni\u00e3o pode estar a apenas um escaneamento de dist\u00e2ncia<\/h2>\n\n\n\n<p class=\"has-text-align-center\">Gere um QR Code personalizado para sua p\u00e1gina de agendamento no Calfrenzy em segundos e nunca mais perca uma oportunidade de agendamento.<\/p>\n\n\n\n<div class=\"wp-block-button\"><a class=\"wp-block-button__link wp-element-button\" href=\"https:\/\/schedule.calfrenzy.com\/auth\/sign-up\">Crie seu QR Code agora<\/a><\/div>\n<\/div><\/div><\/div>\n","protected":false},"excerpt":{"rendered":"","protected":false},"author":1,"featured_media":10377,"parent":2850,"menu_order":0,"comment_status":"closed","ping_status":"closed","template":"","meta":{"inline_featured_image":false,"footnotes":""},"class_list":["post-8529","page","type-page","status-publish","has-post-thumbnail","hentry"],"yoast_head":"<!-- This site is optimized with the Yoast SEO Premium plugin v26.8 (Yoast SEO v26.8) - https:\/\/yoast.com\/product\/yoast-seo-premium-wordpress\/ -->\n<title>QR Code para Agendamento de Compromissos | Calfrenzy<\/title>\n<meta name=\"description\" content=\"Permita que os clientes escaneiem para agendar. O Calfrenzy gera QR Codes para sua p\u00e1gina de agendamento \u2014 perfeito para cart\u00f5es de visita, sinaliza\u00e7\u00f5es e eventos.\" \/>\n<meta name=\"robots\" content=\"index, follow, max-snippet:-1, max-image-preview:large, max-video-preview:-1\" \/>\n<link rel=\"canonical\" href=\"https:\/\/calfrenzy.com\/pt-br\/recursos\/agendamento-por-qr-code\/\" \/>\n<meta property=\"og:locale\" content=\"pt_BR\" \/>\n<meta property=\"og:type\" content=\"article\" \/>\n<meta property=\"og:title\" content=\"Agendamento por QR Code\" \/>\n<meta property=\"og:description\" content=\"Permita que os clientes escaneiem para agendar. O Calfrenzy gera QR Codes para sua p\u00e1gina de agendamento \u2014 perfeito para cart\u00f5es de visita, sinaliza\u00e7\u00f5es e eventos.\" \/>\n<meta property=\"og:url\" content=\"https:\/\/calfrenzy.com\/pt-br\/recursos\/agendamento-por-qr-code\/\" \/>\n<meta property=\"og:site_name\" content=\"calfrenzy\" \/>\n<meta property=\"article:publisher\" content=\"https:\/\/www.facebook.com\/calfrenzy\" \/>\n<meta property=\"article:modified_time\" content=\"2025-11-18T16:23:00+00:00\" \/>\n<meta property=\"og:image\" content=\"https:\/\/calfrenzy.com\/wp-content\/uploads\/2025\/11\/QR-Code-Portuguese.png\" \/>\n\t<meta property=\"og:image:width\" content=\"1200\" \/>\n\t<meta property=\"og:image:height\" content=\"630\" \/>\n\t<meta property=\"og:image:type\" content=\"image\/png\" \/>\n<meta name=\"twitter:card\" content=\"summary_large_image\" \/>\n<meta name=\"twitter:site\" content=\"@calfrenzy53224\" \/>\n<meta name=\"twitter:label1\" content=\"Tempo estimado de leitura\" \/>\n\t<meta name=\"twitter:data1\" content=\"3 minutos\" \/>\n<script type=\"application\/ld+json\" class=\"yoast-schema-graph\">{\"@context\":\"https:\/\/schema.org\",\"@graph\":[{\"@type\":\"WebPage\",\"@id\":\"https:\/\/calfrenzy.com\/pt-br\/recursos\/agendamento-por-qr-code\/\",\"url\":\"https:\/\/calfrenzy.com\/pt-br\/recursos\/agendamento-por-qr-code\/\",\"name\":\"QR Code para Agendamento de Compromissos | Calfrenzy\",\"isPartOf\":{\"@id\":\"https:\/\/calfrenzy.com\/pt-br\/#website\"},\"primaryImageOfPage\":{\"@id\":\"https:\/\/calfrenzy.com\/pt-br\/recursos\/agendamento-por-qr-code\/#primaryimage\"},\"image\":{\"@id\":\"https:\/\/calfrenzy.com\/pt-br\/recursos\/agendamento-por-qr-code\/#primaryimage\"},\"thumbnailUrl\":\"https:\/\/calfrenzy.com\/wp-content\/uploads\/2025\/11\/QR-Code-Portuguese.png\",\"datePublished\":\"2025-08-13T08:59:44+00:00\",\"dateModified\":\"2025-11-18T16:23:00+00:00\",\"description\":\"Permita que os clientes escaneiem para agendar. O Calfrenzy gera QR Codes para sua p\u00e1gina de agendamento \u2014 perfeito para cart\u00f5es de visita, sinaliza\u00e7\u00f5es e eventos.\",\"breadcrumb\":{\"@id\":\"https:\/\/calfrenzy.com\/pt-br\/recursos\/agendamento-por-qr-code\/#breadcrumb\"},\"inLanguage\":\"pt-BR\",\"potentialAction\":[{\"@type\":\"ReadAction\",\"target\":[\"https:\/\/calfrenzy.com\/pt-br\/recursos\/agendamento-por-qr-code\/\"]}]},{\"@type\":\"ImageObject\",\"inLanguage\":\"pt-BR\",\"@id\":\"https:\/\/calfrenzy.com\/pt-br\/recursos\/agendamento-por-qr-code\/#primaryimage\",\"url\":\"https:\/\/calfrenzy.com\/wp-content\/uploads\/2025\/11\/QR-Code-Portuguese.png\",\"contentUrl\":\"https:\/\/calfrenzy.com\/wp-content\/uploads\/2025\/11\/QR-Code-Portuguese.png\",\"width\":1200,\"height\":630},{\"@type\":\"BreadcrumbList\",\"@id\":\"https:\/\/calfrenzy.com\/pt-br\/recursos\/agendamento-por-qr-code\/#breadcrumb\",\"itemListElement\":[{\"@type\":\"ListItem\",\"position\":1,\"name\":\"Home\",\"item\":\"https:\/\/calfrenzy.com\/pt-br\/\"},{\"@type\":\"ListItem\",\"position\":2,\"name\":\"Recursos\",\"item\":\"https:\/\/calfrenzy.com\/pt-br\/recursos\/\"},{\"@type\":\"ListItem\",\"position\":3,\"name\":\"Agendamento por QR Code\"}]},{\"@type\":\"WebSite\",\"@id\":\"https:\/\/calfrenzy.com\/pt-br\/#website\",\"url\":\"https:\/\/calfrenzy.com\/pt-br\/\",\"name\":\"Calfrenzy\",\"description\":\"Easy Scheduling Across Time Zones and Organizations\",\"publisher\":{\"@id\":\"https:\/\/calfrenzy.com\/pt-br\/#organization\"},\"alternateName\":\"calfrenzy\",\"potentialAction\":[{\"@type\":\"SearchAction\",\"target\":{\"@type\":\"EntryPoint\",\"urlTemplate\":\"https:\/\/calfrenzy.com\/pt-br\/?s={search_term_string}\"},\"query-input\":{\"@type\":\"PropertyValueSpecification\",\"valueRequired\":true,\"valueName\":\"search_term_string\"}}],\"inLanguage\":\"pt-BR\"},{\"@type\":\"Organization\",\"@id\":\"https:\/\/calfrenzy.com\/pt-br\/#organization\",\"name\":\"Calfrenzy\",\"alternateName\":\"calfrenzy\",\"url\":\"https:\/\/calfrenzy.com\/pt-br\/\",\"logo\":{\"@type\":\"ImageObject\",\"inLanguage\":\"pt-BR\",\"@id\":\"https:\/\/calfrenzy.com\/pt-br\/#\/schema\/logo\/image\/\",\"url\":\"https:\/\/calfrenzy.com\/wp-content\/uploads\/2024\/06\/float_6_1.svg\",\"contentUrl\":\"https:\/\/calfrenzy.com\/wp-content\/uploads\/2024\/06\/float_6_1.svg\",\"width\":47,\"height\":50,\"caption\":\"Calfrenzy\"},\"image\":{\"@id\":\"https:\/\/calfrenzy.com\/pt-br\/#\/schema\/logo\/image\/\"},\"sameAs\":[\"https:\/\/www.facebook.com\/calfrenzy\",\"https:\/\/x.com\/calfrenzy53224\",\"https:\/\/www.youtube.com\/@Calfrenzy\",\"https:\/\/www.linkedin.com\/company\/calfrenzy\",\"https:\/\/www.capterra.com\/p\/10020993\/CalFrenzy\/\",\"https:\/\/chromewebstore.google.com\/detail\/calfrenzy-free-online-app\/igmlifilbgnlaijamohaakgoacoeoidk?hl=en\",\"https:\/\/workspace.google.com\/marketplace\/app\/calfrenzy\/369573383535\",\"https:\/\/www.trustpilot.com\/review\/calfrenzy.com\",\"https:\/\/www.g2.com\/products\/calfrenzy\/reviews\"]}]}<\/script>\n<!-- \/ Yoast SEO Premium plugin. -->","yoast_head_json":{"title":"QR Code para Agendamento de Compromissos | Calfrenzy","description":"Permita que os clientes escaneiem para agendar. O Calfrenzy gera QR Codes para sua p\u00e1gina de agendamento \u2014 perfeito para cart\u00f5es de visita, sinaliza\u00e7\u00f5es e eventos.","robots":{"index":"index","follow":"follow","max-snippet":"max-snippet:-1","max-image-preview":"max-image-preview:large","max-video-preview":"max-video-preview:-1"},"canonical":"https:\/\/calfrenzy.com\/pt-br\/recursos\/agendamento-por-qr-code\/","og_locale":"pt_BR","og_type":"article","og_title":"Agendamento por QR Code","og_description":"Permita que os clientes escaneiem para agendar. O Calfrenzy gera QR Codes para sua p\u00e1gina de agendamento \u2014 perfeito para cart\u00f5es de visita, sinaliza\u00e7\u00f5es e eventos.","og_url":"https:\/\/calfrenzy.com\/pt-br\/recursos\/agendamento-por-qr-code\/","og_site_name":"calfrenzy","article_publisher":"https:\/\/www.facebook.com\/calfrenzy","article_modified_time":"2025-11-18T16:23:00+00:00","og_image":[{"width":1200,"height":630,"url":"https:\/\/calfrenzy.com\/wp-content\/uploads\/2025\/11\/QR-Code-Portuguese.png","type":"image\/png"}],"twitter_card":"summary_large_image","twitter_site":"@calfrenzy53224","twitter_misc":{"Tempo estimado de leitura":"3 minutos"},"schema":{"@context":"https:\/\/schema.org","@graph":[{"@type":"WebPage","@id":"https:\/\/calfrenzy.com\/pt-br\/recursos\/agendamento-por-qr-code\/","url":"https:\/\/calfrenzy.com\/pt-br\/recursos\/agendamento-por-qr-code\/","name":"QR Code para Agendamento de Compromissos | Calfrenzy","isPartOf":{"@id":"https:\/\/calfrenzy.com\/pt-br\/#website"},"primaryImageOfPage":{"@id":"https:\/\/calfrenzy.com\/pt-br\/recursos\/agendamento-por-qr-code\/#primaryimage"},"image":{"@id":"https:\/\/calfrenzy.com\/pt-br\/recursos\/agendamento-por-qr-code\/#primaryimage"},"thumbnailUrl":"https:\/\/calfrenzy.com\/wp-content\/uploads\/2025\/11\/QR-Code-Portuguese.png","datePublished":"2025-08-13T08:59:44+00:00","dateModified":"2025-11-18T16:23:00+00:00","description":"Permita que os clientes escaneiem para agendar. O Calfrenzy gera QR Codes para sua p\u00e1gina de agendamento \u2014 perfeito para cart\u00f5es de visita, sinaliza\u00e7\u00f5es e eventos.","breadcrumb":{"@id":"https:\/\/calfrenzy.com\/pt-br\/recursos\/agendamento-por-qr-code\/#breadcrumb"},"inLanguage":"pt-BR","potentialAction":[{"@type":"ReadAction","target":["https:\/\/calfrenzy.com\/pt-br\/recursos\/agendamento-por-qr-code\/"]}]},{"@type":"ImageObject","inLanguage":"pt-BR","@id":"https:\/\/calfrenzy.com\/pt-br\/recursos\/agendamento-por-qr-code\/#primaryimage","url":"https:\/\/calfrenzy.com\/wp-content\/uploads\/2025\/11\/QR-Code-Portuguese.png","contentUrl":"https:\/\/calfrenzy.com\/wp-content\/uploads\/2025\/11\/QR-Code-Portuguese.png","width":1200,"height":630},{"@type":"BreadcrumbList","@id":"https:\/\/calfrenzy.com\/pt-br\/recursos\/agendamento-por-qr-code\/#breadcrumb","itemListElement":[{"@type":"ListItem","position":1,"name":"Home","item":"https:\/\/calfrenzy.com\/pt-br\/"},{"@type":"ListItem","position":2,"name":"Recursos","item":"https:\/\/calfrenzy.com\/pt-br\/recursos\/"},{"@type":"ListItem","position":3,"name":"Agendamento por QR Code"}]},{"@type":"WebSite","@id":"https:\/\/calfrenzy.com\/pt-br\/#website","url":"https:\/\/calfrenzy.com\/pt-br\/","name":"Calfrenzy","description":"Easy Scheduling Across Time Zones and Organizations","publisher":{"@id":"https:\/\/calfrenzy.com\/pt-br\/#organization"},"alternateName":"calfrenzy","potentialAction":[{"@type":"SearchAction","target":{"@type":"EntryPoint","urlTemplate":"https:\/\/calfrenzy.com\/pt-br\/?s={search_term_string}"},"query-input":{"@type":"PropertyValueSpecification","valueRequired":true,"valueName":"search_term_string"}}],"inLanguage":"pt-BR"},{"@type":"Organization","@id":"https:\/\/calfrenzy.com\/pt-br\/#organization","name":"Calfrenzy","alternateName":"calfrenzy","url":"https:\/\/calfrenzy.com\/pt-br\/","logo":{"@type":"ImageObject","inLanguage":"pt-BR","@id":"https:\/\/calfrenzy.com\/pt-br\/#\/schema\/logo\/image\/","url":"https:\/\/calfrenzy.com\/wp-content\/uploads\/2024\/06\/float_6_1.svg","contentUrl":"https:\/\/calfrenzy.com\/wp-content\/uploads\/2024\/06\/float_6_1.svg","width":47,"height":50,"caption":"Calfrenzy"},"image":{"@id":"https:\/\/calfrenzy.com\/pt-br\/#\/schema\/logo\/image\/"},"sameAs":["https:\/\/www.facebook.com\/calfrenzy","https:\/\/x.com\/calfrenzy53224","https:\/\/www.youtube.com\/@Calfrenzy","https:\/\/www.linkedin.com\/company\/calfrenzy","https:\/\/www.capterra.com\/p\/10020993\/CalFrenzy\/","https:\/\/chromewebstore.google.com\/detail\/calfrenzy-free-online-app\/igmlifilbgnlaijamohaakgoacoeoidk?hl=en","https:\/\/workspace.google.com\/marketplace\/app\/calfrenzy\/369573383535","https:\/\/www.trustpilot.com\/review\/calfrenzy.com","https:\/\/www.g2.com\/products\/calfrenzy\/reviews"]}]}},"_links":{"self":[{"href":"https:\/\/calfrenzy.com\/pt-br\/wp-json\/wp\/v2\/pages\/8529","targetHints":{"allow":["GET"]}}],"collection":[{"href":"https:\/\/calfrenzy.com\/pt-br\/wp-json\/wp\/v2\/pages"}],"about":[{"href":"https:\/\/calfrenzy.com\/pt-br\/wp-json\/wp\/v2\/types\/page"}],"author":[{"embeddable":true,"href":"https:\/\/calfrenzy.com\/pt-br\/wp-json\/wp\/v2\/users\/1"}],"replies":[{"embeddable":true,"href":"https:\/\/calfrenzy.com\/pt-br\/wp-json\/wp\/v2\/comments?post=8529"}],"version-history":[{"count":2,"href":"https:\/\/calfrenzy.com\/pt-br\/wp-json\/wp\/v2\/pages\/8529\/revisions"}],"predecessor-version":[{"id":10614,"href":"https:\/\/calfrenzy.com\/pt-br\/wp-json\/wp\/v2\/pages\/8529\/revisions\/10614"}],"up":[{"embeddable":true,"href":"https:\/\/calfrenzy.com\/pt-br\/wp-json\/wp\/v2\/pages\/2850"}],"wp:featuredmedia":[{"embeddable":true,"href":"https:\/\/calfrenzy.com\/pt-br\/wp-json\/wp\/v2\/media\/10377"}],"wp:attachment":[{"href":"https:\/\/calfrenzy.com\/pt-br\/wp-json\/wp\/v2\/media?parent=8529"}],"curies":[{"name":"wp","href":"https:\/\/api.w.org\/{rel}","templated":true}]}}